{"id":33127,"date":"2025-09-08T10:46:02","date_gmt":"2025-09-08T10:46:02","guid":{"rendered":"https:\/\/monti.lt\/?post_type=product&#038;p=33127"},"modified":"2025-12-07T09:47:54","modified_gmt":"2025-12-07T09:47:54","slug":"woopie-mazojo-tyrinetojo-rinkinys-xxl","status":"publish","type":"product","link":"https:\/\/monti.lt\/en\/product\/woopie-mazojo-tyrinetojo-rinkinys-xxl\/","title":{"rendered":"WOOPIE ma\u017eojo stovyklautojo rinkinys"},"content":{"rendered":"<p><strong>\u201eWoopie\u201c<\/strong>&nbsp;stovyklavimo rinkinys&nbsp;&nbsp;puikiai tinka ma\u017eiesiems tyrin\u0117tojams, kurie m\u0117gsta k\u016brybi\u0161kus \u017eaidimus ir nuotykius tiek lauke, tiek viduje. D\u0117l tikrovi\u0161k\u0173 pried\u0173, lengvo dizaino ir paprasto surinkimo kiekvienas vaikas gali pasijusti tikru nuotyki\u0173 ie\u0161kotoju ir patirti nepamir\u0161tam\u0173 akimirk\u0173 stovyklaudamas.<\/p>\n\n\n\n<p><strong>Rinkinys skirtas tik \u017eaidimui ir netinka naudoti stovyklaujant.<\/strong><\/p>\n\n\n\n<p><strong>B\u016bdingas:<\/strong><\/p>\n\n\n\n<ul class=\"wp-block-list\">\n<li>&#8211; Vaikams nuo\u00a0<strong>3 met\u0173<\/strong>\u00a0am\u017eiaus<\/li>\n\n\n\n<li>&#8211; Pagaminta i\u0161 auk\u0161tos kokyb\u0117s med\u017eiag\u0173<\/li>\n\n\n\n<li>&#8211; Lengvas surinkimas ir i\u0161ardymas be \u012franki\u0173<\/li>\n\n\n\n<li>&#8211; Lengva konstrukcija, patogus ne\u0161iojimo krep\u0161ys<\/li>\n\n\n\n<li>&#8211; Interaktyv\u016bs \u017eaislai su \u0161viesos efektais suteikia \u017eaidimui realizmo\u00a0<\/li>\n<\/ul>\n\n\n\n<p><strong>\u012e rinkin\u012f \u012feina:<\/strong><\/p>\n\n\n\n<ul class=\"wp-block-list\">\n<li>&#8211; Kuprin\u0117s krep\u0161ys<\/li>\n\n\n\n<li>&#8211; Sulankstoma palapin\u0117<\/li>\n\n\n\n<li>&#8211; Dujin\u0117 virykl\u0117<\/li>\n\n\n\n<li>&#8211; \u017dibintuv\u0117lis su kompasu ir \u0161vilpuku<\/li>\n\n\n\n<li>&#8211; \u017di\u016br\u0117ti<\/li>\n\n\n\n<li>&#8211; \u017di\u016bronai<\/li>\n\n\n\n<li>&#8211; Sulankstomas ki\u0161eninis peilis<\/li>\n\n\n\n<li>&#8211; Kastuvas<\/li>\n\n\n\n<li>&#8211; Dujin\u0117 lempa<\/li>\n\n\n\n<li>&#8211; Valgykla<\/li>\n\n\n\n<li>&#8211; Puodas<\/li>\n\n\n\n<li>&#8211; Pirmosios pagalbos vaistin\u0117l\u0117<\/li>\n\n\n\n<li>&#8211; 2 l\u0117k\u0161t\u0117s<\/li>\n\n\n\n<li>&#8211; 2 paprikos<\/li>\n\n\n\n<li>&#8211; 2 de\u0161rel\u0117s<\/li>\n\n\n\n<li>&#8211; 2 \u017eaidimai<\/li>\n\n\n\n<li>&#8211; Trumpas pakabukas<\/li>\n\n\n\n<li>&#8211; Ilgas pakabukas<\/li>\n\n\n\n<li>&#8211; 4 pakabinimo \u017eiedai<\/li>\n<\/ul>\n\n\n\n<p><strong>\u017daislas vystosi:<\/strong><\/p>\n\n\n\n<ul class=\"wp-block-list\">\n<li>&#8211; Motoriniai \u012fg\u016bd\u017eiai<\/li>\n\n\n\n<li>&#8211; Logika<\/li>\n\n\n\n<li>&#8211; Vaizduot\u0117<\/li>\n\n\n\n<li>&#8211; K\u016brybi\u0161kumas<\/li>\n\n\n\n<li>&#8211; Nepriklausomyb\u0117<\/li>\n<\/ul>","protected":false},"excerpt":{"rendered":"<p>\u201eWoopie\u201c&nbsp;stovyklavimo rinkinys&nbsp;&nbsp;puikiai tinka ma\u017eiesiems tyrin\u0117tojams, kurie m\u0117gsta k\u016brybi\u0161kus \u017eaidimus ir nuotykius tiek lauke, tiek viduje. D\u0117l tikrovi\u0161k\u0173 pried\u0173, lengvo dizaino ir paprasto surinkimo kiekvienas vaikas gali pasijusti tikru nuotyki\u0173 ie\u0161kotoju ir patirti nepamir\u0161tam\u0173 akimirk\u0173 stovyklaudamas. Rinkinys skirtas tik \u017eaidimui ir netinka naudoti stovyklaujant. B\u016bdingas: \u012e rinkin\u012f \u012feina: \u017daislas vystosi:<\/p>","protected":false},"featured_media":33128,"template":"","meta":{"_acf_changed":false,"iawp_total_views":106},"product_cat":[195,216,217,238,84,242,90,49,39],"product_tag":[97,98,99],"class_list":{"0":"post-33127","1":"product","2":"type-product","3":"status-publish","4":"has-post-thumbnail","6":"product_cat-dovanos-vaikams-3-4-metu","7":"product_cat-dovanos-4-5-metu-vaikams","8":"product_cat-dovanos-5-7-metu-vaikams","9":"product_cat-lauko-zaidimai","10":"product_cat-lavinamieji-zaislai","11":"product_cat-pagal-gamintoja","12":"product_cat-pasaulio-pazinimas","13":"product_cat-visi-zaislai","14":"product_cat-zaislai","15":"product_tag-3-m-4-m","16":"product_tag-5-m-7-m","17":"product_tag-8-m-11-m","19":"first","20":"outofstock","21":"sale","22":"taxable","23":"shipping-taxable","24":"purchasable","25":"product-type-simple"},"acf":[],"yoast_head":"<!-- This site is optimized with the Yoast SEO plugin v23.3 - https:\/\/yoast.com\/wordpress\/plugins\/seo\/ -->\n<title>WOOPIE ma\u017eojo stovyklautojo rinkinys - Montessori \u017eaislai<\/title>\n<meta name=\"robots\" content=\"index, follow, max-snippet:-1, max-image-preview:large, max-video-preview:-1\" \/>\n<link rel=\"canonical\" href=\"https:\/\/monti.lt\/en\/product\/woopie-mazojo-tyrinetojo-rinkinys-xxl\/\" \/>\n<meta property=\"og:locale\" content=\"en_US\" \/>\n<meta property=\"og:type\" content=\"article\" \/>\n<meta property=\"og:title\" content=\"WOOPIE ma\u017eojo stovyklautojo rinkinys - Montessori \u017eaislai\" \/>\n<meta property=\"og:description\" content=\"\u201eWoopie\u201c&nbsp;stovyklavimo rinkinys&nbsp;&nbsp;puikiai tinka ma\u017eiesiems tyrin\u0117tojams, kurie m\u0117gsta k\u016brybi\u0161kus \u017eaidimus ir nuotykius tiek lauke, tiek viduje. D\u0117l tikrovi\u0161k\u0173 pried\u0173, lengvo dizaino ir paprasto surinkimo kiekvienas vaikas gali pasijusti tikru nuotyki\u0173 ie\u0161kotoju ir patirti nepamir\u0161tam\u0173 akimirk\u0173 stovyklaudamas. Rinkinys skirtas tik \u017eaidimui ir netinka naudoti stovyklaujant. B\u016bdingas: \u012e rinkin\u012f \u012feina: \u017daislas vystosi:\" \/>\n<meta property=\"og:url\" content=\"https:\/\/monti.lt\/en\/product\/woopie-mazojo-tyrinetojo-rinkinys-xxl\/\" \/>\n<meta property=\"og:site_name\" content=\"Montessori \u017eaislai\" \/>\n<meta property=\"article:modified_time\" content=\"2025-12-07T09:47:54+00:00\" \/>\n<meta property=\"og:image\" content=\"https:\/\/monti.lt\/wp-content\/uploads\/2025\/09\/woopie-discovery-zestaw-malego-odkrywcy-namiot-kempingowy-xxl-na-biwak-15-el.jpg\" \/>\n\t<meta property=\"og:image:width\" content=\"800\" \/>\n\t<meta property=\"og:image:height\" content=\"800\" \/>\n\t<meta property=\"og:image:type\" content=\"image\/jpeg\" \/>\n<meta name=\"twitter:card\" content=\"summary_large_image\" \/>\n<meta name=\"twitter:label1\" content=\"Est. reading time\" \/>\n\t<meta name=\"twitter:data1\" content=\"1 minute\" \/>\n<script type=\"application\/ld+json\" class=\"yoast-schema-graph\">{\"@context\":\"https:\/\/schema.org\",\"@graph\":[{\"@type\":\"WebPage\",\"@id\":\"https:\/\/monti.lt\/product\/woopie-mazojo-tyrinetojo-rinkinys-xxl\/\",\"url\":\"https:\/\/monti.lt\/product\/woopie-mazojo-tyrinetojo-rinkinys-xxl\/\",\"name\":\"WOOPIE ma\u017eojo stovyklautojo rinkinys - Montessori \u017eaislai\",\"isPartOf\":{\"@id\":\"https:\/\/monti.lt\/#website\"},\"primaryImageOfPage\":{\"@id\":\"https:\/\/monti.lt\/product\/woopie-mazojo-tyrinetojo-rinkinys-xxl\/#primaryimage\"},\"image\":{\"@id\":\"https:\/\/monti.lt\/product\/woopie-mazojo-tyrinetojo-rinkinys-xxl\/#primaryimage\"},\"thumbnailUrl\":\"https:\/\/monti.lt\/wp-content\/uploads\/2025\/09\/woopie-discovery-zestaw-malego-odkrywcy-namiot-kempingowy-xxl-na-biwak-15-el.jpg\",\"datePublished\":\"2025-09-08T10:46:02+00:00\",\"dateModified\":\"2025-12-07T09:47:54+00:00\",\"breadcrumb\":{\"@id\":\"https:\/\/monti.lt\/product\/woopie-mazojo-tyrinetojo-rinkinys-xxl\/#breadcrumb\"},\"inLanguage\":\"en-US\",\"potentialAction\":[{\"@type\":\"ReadAction\",\"target\":[\"https:\/\/monti.lt\/product\/woopie-mazojo-tyrinetojo-rinkinys-xxl\/\"]}]},{\"@type\":\"ImageObject\",\"inLanguage\":\"en-US\",\"@id\":\"https:\/\/monti.lt\/product\/woopie-mazojo-tyrinetojo-rinkinys-xxl\/#primaryimage\",\"url\":\"https:\/\/monti.lt\/wp-content\/uploads\/2025\/09\/woopie-discovery-zestaw-malego-odkrywcy-namiot-kempingowy-xxl-na-biwak-15-el.jpg\",\"contentUrl\":\"https:\/\/monti.lt\/wp-content\/uploads\/2025\/09\/woopie-discovery-zestaw-malego-odkrywcy-namiot-kempingowy-xxl-na-biwak-15-el.jpg\",\"width\":800,\"height\":800,\"caption\":\"tyrinetojo rinkinys\"},{\"@type\":\"BreadcrumbList\",\"@id\":\"https:\/\/monti.lt\/product\/woopie-mazojo-tyrinetojo-rinkinys-xxl\/#breadcrumb\",\"itemListElement\":[{\"@type\":\"ListItem\",\"position\":1,\"name\":\"Home\",\"item\":\"https:\/\/monti.lt\/\"},{\"@type\":\"ListItem\",\"position\":2,\"name\":\"Parduotuv\u0117\",\"item\":\"https:\/\/monti.lt\/shop\/\"},{\"@type\":\"ListItem\",\"position\":3,\"name\":\"WOOPIE ma\u017eojo stovyklautojo rinkinys\"}]},{\"@type\":\"WebSite\",\"@id\":\"https:\/\/monti.lt\/#website\",\"url\":\"https:\/\/monti.lt\/\",\"name\":\"Montessori \u017eaislai\",\"description\":\"\",\"publisher\":{\"@id\":\"https:\/\/monti.lt\/#organization\"},\"potentialAction\":[{\"@type\":\"SearchAction\",\"target\":{\"@type\":\"EntryPoint\",\"urlTemplate\":\"https:\/\/monti.lt\/?s={search_term_string}\"},\"query-input\":\"required name=search_term_string\"}],\"inLanguage\":\"en-US\"},{\"@type\":\"Organization\",\"@id\":\"https:\/\/monti.lt\/#organization\",\"name\":\"Montessori \u017eaislai\",\"url\":\"https:\/\/monti.lt\/\",\"logo\":{\"@type\":\"ImageObject\",\"inLanguage\":\"en-US\",\"@id\":\"https:\/\/monti.lt\/#\/schema\/logo\/image\/\",\"url\":\"https:\/\/monti.lt\/wp-content\/uploads\/2022\/03\/montilogo-1.png\",\"contentUrl\":\"https:\/\/monti.lt\/wp-content\/uploads\/2022\/03\/montilogo-1.png\",\"width\":512,\"height\":512,\"caption\":\"Montessori \u017eaislai\"},\"image\":{\"@id\":\"https:\/\/monti.lt\/#\/schema\/logo\/image\/\"}}]}<\/script>\n<!-- \/ Yoast SEO plugin. -->","yoast_head_json":{"title":"WOOPIE ma\u017eojo stovyklautojo rinkinys - Montessori \u017eaislai","robots":{"index":"index","follow":"follow","max-snippet":"max-snippet:-1","max-image-preview":"max-image-preview:large","max-video-preview":"max-video-preview:-1"},"canonical":"https:\/\/monti.lt\/en\/product\/woopie-mazojo-tyrinetojo-rinkinys-xxl\/","og_locale":"en_US","og_type":"article","og_title":"WOOPIE ma\u017eojo stovyklautojo rinkinys - Montessori \u017eaislai","og_description":"\u201eWoopie\u201c&nbsp;stovyklavimo rinkinys&nbsp;&nbsp;puikiai tinka ma\u017eiesiems tyrin\u0117tojams, kurie m\u0117gsta k\u016brybi\u0161kus \u017eaidimus ir nuotykius tiek lauke, tiek viduje. D\u0117l tikrovi\u0161k\u0173 pried\u0173, lengvo dizaino ir paprasto surinkimo kiekvienas vaikas gali pasijusti tikru nuotyki\u0173 ie\u0161kotoju ir patirti nepamir\u0161tam\u0173 akimirk\u0173 stovyklaudamas. Rinkinys skirtas tik \u017eaidimui ir netinka naudoti stovyklaujant. B\u016bdingas: \u012e rinkin\u012f \u012feina: \u017daislas vystosi:","og_url":"https:\/\/monti.lt\/en\/product\/woopie-mazojo-tyrinetojo-rinkinys-xxl\/","og_site_name":"Montessori \u017eaislai","article_modified_time":"2025-12-07T09:47:54+00:00","og_image":[{"width":800,"height":800,"url":"https:\/\/monti.lt\/wp-content\/uploads\/2025\/09\/woopie-discovery-zestaw-malego-odkrywcy-namiot-kempingowy-xxl-na-biwak-15-el.jpg","type":"image\/jpeg"}],"twitter_card":"summary_large_image","twitter_misc":{"Est. reading time":"1 minute"},"schema":{"@context":"https:\/\/schema.org","@graph":[{"@type":"WebPage","@id":"https:\/\/monti.lt\/product\/woopie-mazojo-tyrinetojo-rinkinys-xxl\/","url":"https:\/\/monti.lt\/product\/woopie-mazojo-tyrinetojo-rinkinys-xxl\/","name":"WOOPIE ma\u017eojo stovyklautojo rinkinys - Montessori \u017eaislai","isPartOf":{"@id":"https:\/\/monti.lt\/#website"},"primaryImageOfPage":{"@id":"https:\/\/monti.lt\/product\/woopie-mazojo-tyrinetojo-rinkinys-xxl\/#primaryimage"},"image":{"@id":"https:\/\/monti.lt\/product\/woopie-mazojo-tyrinetojo-rinkinys-xxl\/#primaryimage"},"thumbnailUrl":"https:\/\/monti.lt\/wp-content\/uploads\/2025\/09\/woopie-discovery-zestaw-malego-odkrywcy-namiot-kempingowy-xxl-na-biwak-15-el.jpg","datePublished":"2025-09-08T10:46:02+00:00","dateModified":"2025-12-07T09:47:54+00:00","breadcrumb":{"@id":"https:\/\/monti.lt\/product\/woopie-mazojo-tyrinetojo-rinkinys-xxl\/#breadcrumb"},"inLanguage":"en-US","potentialAction":[{"@type":"ReadAction","target":["https:\/\/monti.lt\/product\/woopie-mazojo-tyrinetojo-rinkinys-xxl\/"]}]},{"@type":"ImageObject","inLanguage":"en-US","@id":"https:\/\/monti.lt\/product\/woopie-mazojo-tyrinetojo-rinkinys-xxl\/#primaryimage","url":"https:\/\/monti.lt\/wp-content\/uploads\/2025\/09\/woopie-discovery-zestaw-malego-odkrywcy-namiot-kempingowy-xxl-na-biwak-15-el.jpg","contentUrl":"https:\/\/monti.lt\/wp-content\/uploads\/2025\/09\/woopie-discovery-zestaw-malego-odkrywcy-namiot-kempingowy-xxl-na-biwak-15-el.jpg","width":800,"height":800,"caption":"tyrinetojo rinkinys"},{"@type":"BreadcrumbList","@id":"https:\/\/monti.lt\/product\/woopie-mazojo-tyrinetojo-rinkinys-xxl\/#breadcrumb","itemListElement":[{"@type":"ListItem","position":1,"name":"Home","item":"https:\/\/monti.lt\/"},{"@type":"ListItem","position":2,"name":"Parduotuv\u0117","item":"https:\/\/monti.lt\/shop\/"},{"@type":"ListItem","position":3,"name":"WOOPIE ma\u017eojo stovyklautojo rinkinys"}]},{"@type":"WebSite","@id":"https:\/\/monti.lt\/#website","url":"https:\/\/monti.lt\/","name":"Montessori \u017eaislai","description":"","publisher":{"@id":"https:\/\/monti.lt\/#organization"},"potentialAction":[{"@type":"SearchAction","target":{"@type":"EntryPoint","urlTemplate":"https:\/\/monti.lt\/?s={search_term_string}"},"query-input":"required name=search_term_string"}],"inLanguage":"en-US"},{"@type":"Organization","@id":"https:\/\/monti.lt\/#organization","name":"Montessori \u017eaislai","url":"https:\/\/monti.lt\/","logo":{"@type":"ImageObject","inLanguage":"en-US","@id":"https:\/\/monti.lt\/#\/schema\/logo\/image\/","url":"https:\/\/monti.lt\/wp-content\/uploads\/2022\/03\/montilogo-1.png","contentUrl":"https:\/\/monti.lt\/wp-content\/uploads\/2022\/03\/montilogo-1.png","width":512,"height":512,"caption":"Montessori \u017eaislai"},"image":{"@id":"https:\/\/monti.lt\/#\/schema\/logo\/image\/"}}]}},"_links":{"self":[{"href":"https:\/\/monti.lt\/en\/wp-json\/wp\/v2\/product\/33127"}],"collection":[{"href":"https:\/\/monti.lt\/en\/wp-json\/wp\/v2\/product"}],"about":[{"href":"https:\/\/monti.lt\/en\/wp-json\/wp\/v2\/types\/product"}],"version-history":[{"count":2,"href":"https:\/\/monti.lt\/en\/wp-json\/wp\/v2\/product\/33127\/revisions"}],"predecessor-version":[{"id":33141,"href":"https:\/\/monti.lt\/en\/wp-json\/wp\/v2\/product\/33127\/revisions\/33141"}],"wp:featuredmedia":[{"embeddable":true,"href":"https:\/\/monti.lt\/en\/wp-json\/wp\/v2\/media\/33128"}],"wp:attachment":[{"href":"https:\/\/monti.lt\/en\/wp-json\/wp\/v2\/media?parent=33127"}],"wp:term":[{"taxonomy":"product_cat","embeddable":true,"href":"https:\/\/monti.lt\/en\/wp-json\/wp\/v2\/product_cat?post=33127"},{"taxonomy":"product_tag","embeddable":true,"href":"https:\/\/monti.lt\/en\/wp-json\/wp\/v2\/product_tag?post=33127"}],"curies":[{"name":"wp","href":"https:\/\/api.w.org\/{rel}","templated":true}]}}