{"id":33142,"date":"2025-09-08T10:55:10","date_gmt":"2025-09-08T10:55:10","guid":{"rendered":"https:\/\/monti.lt\/?post_type=product&#038;p=33142"},"modified":"2026-03-20T10:55:26","modified_gmt":"2026-03-20T10:55:26","slug":"woopie-mazojo-tyrinetojo-rinkinys","status":"publish","type":"product","link":"https:\/\/monti.lt\/en\/product\/woopie-mazojo-tyrinetojo-rinkinys\/","title":{"rendered":"WOOPIE ma\u017eojo tyrin\u0117tojo rinkinys"},"content":{"rendered":"<p>Pasiruo\u0161kite nepamir\u0161tamai kelionei \u012f gamtos pasaul\u012f su fantasti\u0161ku \u201eWoopie\u201c&nbsp;<strong>ma\u017eojo tyrin\u0117tojo<\/strong>&nbsp;rinkiniu&nbsp;<strong>!<\/strong>&nbsp;\u0160is i\u0161samus rinkinys yra&nbsp;<strong>puiki dovana<\/strong>&nbsp;bet kuriam nuotyki\u0173 ie\u0161kan\u010diam ma\u017eyliui, svajojan\u010diam tyrin\u0117ti sodo, mi\u0161ko ar net savo kiemo paslaptis. Jis pad\u0117s j\u016bs\u0173 vaikui tapti tikru tyrin\u0117toju, ugdyti smalsum\u0105 apie pasaul\u012f ir praleisti valandas aktyvi\u0173 bei lavinam\u0173j\u0173 \u017eaidim\u0173 lauke. Nuo&nbsp;<strong>\u017ei\u016bron\u0173 ir tinklelio nuo vabzd\u017ei\u0173 iki liemen\u0117s ir kepur\u0117s<\/strong>&nbsp;\u2013 viskas, ko reikia \u012fdomiai ekspedicijai!<\/p>\n\n\n\n<p><strong>B\u016bdingas<\/strong><\/p>\n\n\n\n<ul class=\"wp-block-list\">\n<li><strong>&#8211; Vaiko am\u017eius:<\/strong>\u00a03+<\/li>\n\n\n\n<li><strong>&#8211;<\/strong><strong>\u00a0Pilnas<\/strong>\u00a0gamtos tyrin\u0117jimo<\/li>\n\n\n\n<li><strong>&#8211;<\/strong>\u00a0Patrauklios \u017ealios ir sm\u0117lio spalvos bei<strong>\u00a0gyv\u016bn\u0173 motyvai<\/strong><\/li>\n\n\n\n<li><strong>&#8211;<\/strong>\u00a0Pagaminta i\u0161<strong>\u00a0saugi\u0173 ir patvari\u0173 med\u017eiag\u0173<\/strong><\/li>\n\n\n\n<li><strong>&#8211;<\/strong><strong>\u00a0Skatina pa\u017einti<\/strong>\u00a0vabzd\u017ei\u0173 ir augal\u0173 pasaul\u012f<\/li>\n<\/ul>\n\n\n\n<p><strong>\u012e rinkin\u012f \u012feina:<\/strong><\/p>\n\n\n\n<ul class=\"wp-block-list\">\n<li>&#8211; Tyrin\u0117tojo liemen\u0117 su keliomis ki\u0161en\u0117mis<\/li>\n\n\n\n<li>&#8211; Pla\u010diakra\u0161t\u0117 skryb\u0117l\u0117<\/li>\n\n\n\n<li>&#8211; Kuprin\u0117s krep\u0161ys<\/li>\n\n\n\n<li>&#8211; \u017di\u016bronai<\/li>\n\n\n\n<li>&#8211; \u017dibintuv\u0117lis su kompasu ir \u0161vilpuku<\/li>\n\n\n\n<li>&#8211; \u017dibintuv\u0117lis<\/li>\n\n\n\n<li>&#8211; Tinklelis nuo vabzd\u017ei\u0173<\/li>\n\n\n\n<li>&#8211; Vabzd\u017ei\u0173 konteineris su rankena ir steb\u0117jimo sistema<\/li>\n\n\n\n<li>&#8211; Didinamasis stiklas<\/li>\n\n\n\n<li>&#8211; Vabzd\u017ei\u0173 pincetas<\/li>\n\n\n\n<li>&#8211; Vabzd\u017ei\u0173 gaudymo \u017enypl\u0117s<\/li>\n\n\n\n<li>&#8211; Apsauginiai akiniai<\/li>\n\n\n\n<li>&#8211; 8 steb\u0117jimo kortel\u0117s su vabzd\u017ei\u0173 apra\u0161ymo kortel\u0117mis<\/li>\n\n\n\n<li>&#8211; Periskopas<\/li>\n\n\n\n<li>&#8211; Trumpas pakabukas<\/li>\n\n\n\n<li>&#8211; Ilgas pakabukas<\/li>\n\n\n\n<li>&#8211; 4 pakabinimo \u017eiedai<\/li>\n<\/ul>\n\n\n\n<p><strong>\u017daislas vystosi:<\/strong><\/p>\n\n\n\n<ul class=\"wp-block-list\">\n<li><strong>&#8211;<\/strong>\u00a0Stambiosios ir smulkiosios motorikos \u012fg\u016bd\u017eiai<\/li>\n\n\n\n<li><strong>&#8211;<\/strong>\u00a0Aki\u0173 ir rank\u0173 koordinacija<\/li>\n\n\n\n<li><strong>&#8211;<\/strong>\u00a0Smalsumas pa\u017einti pasaul\u012f ir dom\u0117jimasis gamta.<\/li>\n\n\n\n<li><strong>&#8211;<\/strong>\u00a0Steb\u0117jimo ir analitinio m\u0105stymo \u012fg\u016bd\u017eiai<\/li>\n\n\n\n<li><strong>&#8211;<\/strong>\u00a0Vaizduot\u0117 ir k\u016brybi\u0161kumas<\/li>\n\n\n\n<li><strong>&#8211;<\/strong>\u00a0Rankiniai \u012fg\u016bd\u017eiai<\/li>\n\n\n\n<li><strong>&#8211;<\/strong>\u00a0Savaranki\u0161kumas ir atsakomyb\u0117<\/li>\n\n\n\n<li><strong>&#8211;<\/strong>\u00a0Socialiniai \u012fg\u016bd\u017eiai (\u017eaid\u017eiant kartu)<\/li>\n<\/ul>\n\n\n\n<p><strong>Gaminio matmenys (apytiksliai, atskir\u0173 element\u0173):<\/strong><\/p>\n\n\n\n<ul class=\"wp-block-list\">\n<li><strong>&#8211;<\/strong>\u00a0Liemen\u0117: apie 48 cm (ilgis), apie 34\u201338 cm (plotis)<\/li>\n\n\n\n<li><strong>&#8211;<\/strong>\u00a0Tinklelis nuo vabzd\u017ei\u0173: apie 76,8 cm (bendras ilgis), tinklas apie 20,5 cm (skersmuo)<\/li>\n\n\n\n<li><strong>&#8211;<\/strong>\u00a0\u017di\u016bronai: apytiksliai 11 cm x 9 cm x 5,5 cm<\/li>\n\n\n\n<li><strong>&#8211;<\/strong>\u00a0Vabzd\u017ei\u0173 konteineris: apie 15,5 cm x 10 cm x 10 cm<\/li>\n\n\n\n<li><strong>&#8211;<\/strong>\u00a0Didinamasis stiklas: apie 2,7 cm (stiklo skersmuo), apie 13 cm (ilgis)<\/li>\n\n\n\n<li><strong>&#8211;<\/strong>\u00a0\u017dibintuv\u0117lis: apie 9 cm x 3 cm<\/li>\n\n\n\n<li><strong>&#8211;<\/strong>\u00a0Kompasas: ma\u017edaug 10 cm x 8 cm<\/li>\n\n\n\n<li><strong>&#8211;<\/strong>\u00a0Krep\u0161ys: apytiksliai 41 cm x 19 cm (matuojamas plok\u0161\u010diai)<\/li>\n<\/ul>","protected":false},"excerpt":{"rendered":"<p>Pasiruo\u0161kite nepamir\u0161tamai kelionei \u012f gamtos pasaul\u012f su fantasti\u0161ku \u201eWoopie\u201c&nbsp;ma\u017eojo tyrin\u0117tojo&nbsp;rinkiniu&nbsp;!&nbsp;\u0160is i\u0161samus rinkinys yra&nbsp;puiki dovana&nbsp;bet kuriam nuotyki\u0173 ie\u0161kan\u010diam ma\u017eyliui, svajojan\u010diam tyrin\u0117ti sodo, mi\u0161ko ar net savo kiemo paslaptis. Jis pad\u0117s j\u016bs\u0173 vaikui tapti tikru tyrin\u0117toju, ugdyti smalsum\u0105 apie pasaul\u012f ir praleisti valandas aktyvi\u0173 bei lavinam\u0173j\u0173 \u017eaidim\u0173 lauke. Nuo&nbsp;\u017ei\u016bron\u0173 ir tinklelio nuo vabzd\u017ei\u0173 iki liemen\u0117s ir kepur\u0117s&nbsp;\u2013 [&hellip;]<\/p>","protected":false},"featured_media":33143,"template":"","meta":{"_acf_changed":false,"iawp_total_views":230},"product_cat":[216,217,191,238,84,90,50,93,49,39],"product_tag":[97,98,99],"class_list":{"0":"post-33142","1":"product","2":"type-product","3":"status-publish","4":"has-post-thumbnail","6":"product_cat-dovanos-4-5-metu-vaikams","7":"product_cat-dovanos-5-7-metu-vaikams","8":"product_cat-dovanos-vaikams","9":"product_cat-lauko-zaidimai","10":"product_cat-lavinamieji-zaislai","11":"product_cat-pasaulio-pazinimas","12":"product_cat-top-dovanos","13":"product_cat-vaidmenu-zaidimai","14":"product_cat-visi-zaislai","15":"product_cat-zaislai","16":"product_tag-3-m-4-m","17":"product_tag-5-m-7-m","18":"product_tag-8-m-11-m","20":"first","21":"outofstock","22":"taxable","23":"shipping-taxable","24":"purchasable","25":"product-type-simple"},"acf":[],"yoast_head":"<!-- This site is optimized with the Yoast SEO plugin v23.3 - https:\/\/yoast.com\/wordpress\/plugins\/seo\/ -->\n<title>WOOPIE ma\u017eojo tyrin\u0117tojo rinkinys - Montessori \u017eaislai<\/title>\n<meta name=\"robots\" content=\"index, follow, max-snippet:-1, max-image-preview:large, max-video-preview:-1\" \/>\n<link rel=\"canonical\" href=\"https:\/\/monti.lt\/en\/product\/woopie-mazojo-tyrinetojo-rinkinys\/\" \/>\n<meta property=\"og:locale\" content=\"en_US\" \/>\n<meta property=\"og:type\" content=\"article\" \/>\n<meta property=\"og:title\" content=\"WOOPIE ma\u017eojo tyrin\u0117tojo rinkinys - Montessori \u017eaislai\" \/>\n<meta property=\"og:description\" content=\"Pasiruo\u0161kite nepamir\u0161tamai kelionei \u012f gamtos pasaul\u012f su fantasti\u0161ku \u201eWoopie\u201c&nbsp;ma\u017eojo tyrin\u0117tojo&nbsp;rinkiniu&nbsp;!&nbsp;\u0160is i\u0161samus rinkinys yra&nbsp;puiki dovana&nbsp;bet kuriam nuotyki\u0173 ie\u0161kan\u010diam ma\u017eyliui, svajojan\u010diam tyrin\u0117ti sodo, mi\u0161ko ar net savo kiemo paslaptis. Jis pad\u0117s j\u016bs\u0173 vaikui tapti tikru tyrin\u0117toju, ugdyti smalsum\u0105 apie pasaul\u012f ir praleisti valandas aktyvi\u0173 bei lavinam\u0173j\u0173 \u017eaidim\u0173 lauke. Nuo&nbsp;\u017ei\u016bron\u0173 ir tinklelio nuo vabzd\u017ei\u0173 iki liemen\u0117s ir kepur\u0117s&nbsp;\u2013 [&hellip;]\" \/>\n<meta property=\"og:url\" content=\"https:\/\/monti.lt\/en\/product\/woopie-mazojo-tyrinetojo-rinkinys\/\" \/>\n<meta property=\"og:site_name\" content=\"Montessori \u017eaislai\" \/>\n<meta property=\"article:modified_time\" content=\"2026-03-20T10:55:26+00:00\" \/>\n<meta property=\"og:image\" content=\"https:\/\/monti.lt\/wp-content\/uploads\/2025\/09\/woopie-discovery-zestaw-malego-odkrywcy-lornetka-kompas-siatka-na-owady-motyle-latarka.jpg\" \/>\n\t<meta property=\"og:image:width\" content=\"800\" \/>\n\t<meta property=\"og:image:height\" content=\"800\" \/>\n\t<meta property=\"og:image:type\" content=\"image\/jpeg\" \/>\n<meta name=\"twitter:card\" content=\"summary_large_image\" \/>\n<meta name=\"twitter:label1\" content=\"Est. reading time\" \/>\n\t<meta name=\"twitter:data1\" content=\"2 minutes\" \/>\n<script type=\"application\/ld+json\" class=\"yoast-schema-graph\">{\"@context\":\"https:\/\/schema.org\",\"@graph\":[{\"@type\":\"WebPage\",\"@id\":\"https:\/\/monti.lt\/product\/woopie-mazojo-tyrinetojo-rinkinys\/\",\"url\":\"https:\/\/monti.lt\/product\/woopie-mazojo-tyrinetojo-rinkinys\/\",\"name\":\"WOOPIE ma\u017eojo tyrin\u0117tojo rinkinys - Montessori \u017eaislai\",\"isPartOf\":{\"@id\":\"https:\/\/monti.lt\/#website\"},\"primaryImageOfPage\":{\"@id\":\"https:\/\/monti.lt\/product\/woopie-mazojo-tyrinetojo-rinkinys\/#primaryimage\"},\"image\":{\"@id\":\"https:\/\/monti.lt\/product\/woopie-mazojo-tyrinetojo-rinkinys\/#primaryimage\"},\"thumbnailUrl\":\"https:\/\/monti.lt\/wp-content\/uploads\/2025\/09\/woopie-discovery-zestaw-malego-odkrywcy-lornetka-kompas-siatka-na-owady-motyle-latarka.jpg\",\"datePublished\":\"2025-09-08T10:55:10+00:00\",\"dateModified\":\"2026-03-20T10:55:26+00:00\",\"breadcrumb\":{\"@id\":\"https:\/\/monti.lt\/product\/woopie-mazojo-tyrinetojo-rinkinys\/#breadcrumb\"},\"inLanguage\":\"en-US\",\"potentialAction\":[{\"@type\":\"ReadAction\",\"target\":[\"https:\/\/monti.lt\/product\/woopie-mazojo-tyrinetojo-rinkinys\/\"]}]},{\"@type\":\"ImageObject\",\"inLanguage\":\"en-US\",\"@id\":\"https:\/\/monti.lt\/product\/woopie-mazojo-tyrinetojo-rinkinys\/#primaryimage\",\"url\":\"https:\/\/monti.lt\/wp-content\/uploads\/2025\/09\/woopie-discovery-zestaw-malego-odkrywcy-lornetka-kompas-siatka-na-owady-motyle-latarka.jpg\",\"contentUrl\":\"https:\/\/monti.lt\/wp-content\/uploads\/2025\/09\/woopie-discovery-zestaw-malego-odkrywcy-lornetka-kompas-siatka-na-owady-motyle-latarka.jpg\",\"width\":800,\"height\":800,\"caption\":\"tyrinetojo rinkinys vaikams\"},{\"@type\":\"BreadcrumbList\",\"@id\":\"https:\/\/monti.lt\/product\/woopie-mazojo-tyrinetojo-rinkinys\/#breadcrumb\",\"itemListElement\":[{\"@type\":\"ListItem\",\"position\":1,\"name\":\"Home\",\"item\":\"https:\/\/monti.lt\/\"},{\"@type\":\"ListItem\",\"position\":2,\"name\":\"Parduotuv\u0117\",\"item\":\"https:\/\/monti.lt\/shop\/\"},{\"@type\":\"ListItem\",\"position\":3,\"name\":\"WOOPIE ma\u017eojo tyrin\u0117tojo rinkinys\"}]},{\"@type\":\"WebSite\",\"@id\":\"https:\/\/monti.lt\/#website\",\"url\":\"https:\/\/monti.lt\/\",\"name\":\"Montessori \u017eaislai\",\"description\":\"\",\"publisher\":{\"@id\":\"https:\/\/monti.lt\/#organization\"},\"potentialAction\":[{\"@type\":\"SearchAction\",\"target\":{\"@type\":\"EntryPoint\",\"urlTemplate\":\"https:\/\/monti.lt\/?s={search_term_string}\"},\"query-input\":\"required name=search_term_string\"}],\"inLanguage\":\"en-US\"},{\"@type\":\"Organization\",\"@id\":\"https:\/\/monti.lt\/#organization\",\"name\":\"Montessori \u017eaislai\",\"url\":\"https:\/\/monti.lt\/\",\"logo\":{\"@type\":\"ImageObject\",\"inLanguage\":\"en-US\",\"@id\":\"https:\/\/monti.lt\/#\/schema\/logo\/image\/\",\"url\":\"https:\/\/monti.lt\/wp-content\/uploads\/2022\/03\/montilogo-1.png\",\"contentUrl\":\"https:\/\/monti.lt\/wp-content\/uploads\/2022\/03\/montilogo-1.png\",\"width\":512,\"height\":512,\"caption\":\"Montessori \u017eaislai\"},\"image\":{\"@id\":\"https:\/\/monti.lt\/#\/schema\/logo\/image\/\"}}]}<\/script>\n<!-- \/ Yoast SEO plugin. -->","yoast_head_json":{"title":"WOOPIE ma\u017eojo tyrin\u0117tojo rinkinys - Montessori \u017eaislai","robots":{"index":"index","follow":"follow","max-snippet":"max-snippet:-1","max-image-preview":"max-image-preview:large","max-video-preview":"max-video-preview:-1"},"canonical":"https:\/\/monti.lt\/en\/product\/woopie-mazojo-tyrinetojo-rinkinys\/","og_locale":"en_US","og_type":"article","og_title":"WOOPIE ma\u017eojo tyrin\u0117tojo rinkinys - Montessori \u017eaislai","og_description":"Pasiruo\u0161kite nepamir\u0161tamai kelionei \u012f gamtos pasaul\u012f su fantasti\u0161ku \u201eWoopie\u201c&nbsp;ma\u017eojo tyrin\u0117tojo&nbsp;rinkiniu&nbsp;!&nbsp;\u0160is i\u0161samus rinkinys yra&nbsp;puiki dovana&nbsp;bet kuriam nuotyki\u0173 ie\u0161kan\u010diam ma\u017eyliui, svajojan\u010diam tyrin\u0117ti sodo, mi\u0161ko ar net savo kiemo paslaptis. Jis pad\u0117s j\u016bs\u0173 vaikui tapti tikru tyrin\u0117toju, ugdyti smalsum\u0105 apie pasaul\u012f ir praleisti valandas aktyvi\u0173 bei lavinam\u0173j\u0173 \u017eaidim\u0173 lauke. Nuo&nbsp;\u017ei\u016bron\u0173 ir tinklelio nuo vabzd\u017ei\u0173 iki liemen\u0117s ir kepur\u0117s&nbsp;\u2013 [&hellip;]","og_url":"https:\/\/monti.lt\/en\/product\/woopie-mazojo-tyrinetojo-rinkinys\/","og_site_name":"Montessori \u017eaislai","article_modified_time":"2026-03-20T10:55:26+00:00","og_image":[{"width":800,"height":800,"url":"https:\/\/monti.lt\/wp-content\/uploads\/2025\/09\/woopie-discovery-zestaw-malego-odkrywcy-lornetka-kompas-siatka-na-owady-motyle-latarka.jpg","type":"image\/jpeg"}],"twitter_card":"summary_large_image","twitter_misc":{"Est. reading time":"2 minutes"},"schema":{"@context":"https:\/\/schema.org","@graph":[{"@type":"WebPage","@id":"https:\/\/monti.lt\/product\/woopie-mazojo-tyrinetojo-rinkinys\/","url":"https:\/\/monti.lt\/product\/woopie-mazojo-tyrinetojo-rinkinys\/","name":"WOOPIE ma\u017eojo tyrin\u0117tojo rinkinys - Montessori \u017eaislai","isPartOf":{"@id":"https:\/\/monti.lt\/#website"},"primaryImageOfPage":{"@id":"https:\/\/monti.lt\/product\/woopie-mazojo-tyrinetojo-rinkinys\/#primaryimage"},"image":{"@id":"https:\/\/monti.lt\/product\/woopie-mazojo-tyrinetojo-rinkinys\/#primaryimage"},"thumbnailUrl":"https:\/\/monti.lt\/wp-content\/uploads\/2025\/09\/woopie-discovery-zestaw-malego-odkrywcy-lornetka-kompas-siatka-na-owady-motyle-latarka.jpg","datePublished":"2025-09-08T10:55:10+00:00","dateModified":"2026-03-20T10:55:26+00:00","breadcrumb":{"@id":"https:\/\/monti.lt\/product\/woopie-mazojo-tyrinetojo-rinkinys\/#breadcrumb"},"inLanguage":"en-US","potentialAction":[{"@type":"ReadAction","target":["https:\/\/monti.lt\/product\/woopie-mazojo-tyrinetojo-rinkinys\/"]}]},{"@type":"ImageObject","inLanguage":"en-US","@id":"https:\/\/monti.lt\/product\/woopie-mazojo-tyrinetojo-rinkinys\/#primaryimage","url":"https:\/\/monti.lt\/wp-content\/uploads\/2025\/09\/woopie-discovery-zestaw-malego-odkrywcy-lornetka-kompas-siatka-na-owady-motyle-latarka.jpg","contentUrl":"https:\/\/monti.lt\/wp-content\/uploads\/2025\/09\/woopie-discovery-zestaw-malego-odkrywcy-lornetka-kompas-siatka-na-owady-motyle-latarka.jpg","width":800,"height":800,"caption":"tyrinetojo rinkinys vaikams"},{"@type":"BreadcrumbList","@id":"https:\/\/monti.lt\/product\/woopie-mazojo-tyrinetojo-rinkinys\/#breadcrumb","itemListElement":[{"@type":"ListItem","position":1,"name":"Home","item":"https:\/\/monti.lt\/"},{"@type":"ListItem","position":2,"name":"Parduotuv\u0117","item":"https:\/\/monti.lt\/shop\/"},{"@type":"ListItem","position":3,"name":"WOOPIE ma\u017eojo tyrin\u0117tojo rinkinys"}]},{"@type":"WebSite","@id":"https:\/\/monti.lt\/#website","url":"https:\/\/monti.lt\/","name":"Montessori \u017eaislai","description":"","publisher":{"@id":"https:\/\/monti.lt\/#organization"},"potentialAction":[{"@type":"SearchAction","target":{"@type":"EntryPoint","urlTemplate":"https:\/\/monti.lt\/?s={search_term_string}"},"query-input":"required name=search_term_string"}],"inLanguage":"en-US"},{"@type":"Organization","@id":"https:\/\/monti.lt\/#organization","name":"Montessori \u017eaislai","url":"https:\/\/monti.lt\/","logo":{"@type":"ImageObject","inLanguage":"en-US","@id":"https:\/\/monti.lt\/#\/schema\/logo\/image\/","url":"https:\/\/monti.lt\/wp-content\/uploads\/2022\/03\/montilogo-1.png","contentUrl":"https:\/\/monti.lt\/wp-content\/uploads\/2022\/03\/montilogo-1.png","width":512,"height":512,"caption":"Montessori \u017eaislai"},"image":{"@id":"https:\/\/monti.lt\/#\/schema\/logo\/image\/"}}]}},"_links":{"self":[{"href":"https:\/\/monti.lt\/en\/wp-json\/wp\/v2\/product\/33142"}],"collection":[{"href":"https:\/\/monti.lt\/en\/wp-json\/wp\/v2\/product"}],"about":[{"href":"https:\/\/monti.lt\/en\/wp-json\/wp\/v2\/types\/product"}],"version-history":[{"count":1,"href":"https:\/\/monti.lt\/en\/wp-json\/wp\/v2\/product\/33142\/revisions"}],"predecessor-version":[{"id":33144,"href":"https:\/\/monti.lt\/en\/wp-json\/wp\/v2\/product\/33142\/revisions\/33144"}],"wp:featuredmedia":[{"embeddable":true,"href":"https:\/\/monti.lt\/en\/wp-json\/wp\/v2\/media\/33143"}],"wp:attachment":[{"href":"https:\/\/monti.lt\/en\/wp-json\/wp\/v2\/media?parent=33142"}],"wp:term":[{"taxonomy":"product_cat","embeddable":true,"href":"https:\/\/monti.lt\/en\/wp-json\/wp\/v2\/product_cat?post=33142"},{"taxonomy":"product_tag","embeddable":true,"href":"https:\/\/monti.lt\/en\/wp-json\/wp\/v2\/product_tag?post=33142"}],"curies":[{"name":"wp","href":"https:\/\/api.w.org\/{rel}","templated":true}]}}