{"id":33154,"date":"2025-09-08T11:04:46","date_gmt":"2025-09-08T11:04:46","guid":{"rendered":"https:\/\/monti.lt\/?post_type=product&#038;p=33154"},"modified":"2026-03-02T06:26:02","modified_gmt":"2026-03-02T06:26:02","slug":"kortu-zaidimas-bata-miaou","status":"publish","type":"product","link":"https:\/\/monti.lt\/en\/product\/kortu-zaidimas-bata-miaou\/","title":{"rendered":"Kort\u0173 \u017eaidimas &#8211; Bata-Miaou"},"content":{"rendered":"<p>Lengvas ir juokingas \u017eaidimas, kuriame laimi did\u017eiausia kat\u0117! Ir jei dvi kat\u0117s yra vienodo dyd\u017eio, saugokit\u0117s, kova prasideda! Vienas \u017eaid\u0117jas i\u0161dalina visas kortas. Kiekvienas pasideda savo kr\u016bvel\u0119 u\u017everst\u0105 prie\u0161ais save ir toliau atvertin\u0117ja po vien\u0105 kort\u0105. Kortas laimi tas \u017eaid\u0117jas, kurio kort\u0173 vert\u0117 didesn\u0117.Rinkinyje 36 patvarios auk\u0161tos kokyb\u0117s kortos. Rekomenduojamas am\u017eius: nuo 3 iki 6 met\u0173. D\u0117mesio! Netinka vaikams iki 3 met\u0173, d\u0117l smulki\u0173 detali\u0173 yra pavojus u\u017espringti. Kilm\u0117s \u0161alis: Lenkija. Pagaminta pagal Pranc\u016bzijos dizain\u0105 ir u\u017esakym\u0105.<\/p>\n\n\n\n<p><\/p>\n\n\n\n<p>Am\u017eius: tinka nuo 3 iki 6 met\u0173<\/p>\n\n\n\n<p>\u017daid\u0117j\u0173 skai\u010dius: nuo 2 iki 4 \u017eaid\u0117j\u0173<\/p>\n\n\n\n<p>Sud\u0117tis: 36 kortos.<\/p>\n\n\n\n<p>\u0160is \u017eaidimas sukurtas ma\u017eiems vaikams.<\/p>\n\n\n\n<p>\u017daidimo tikslas: Susirinkti visas \u017eaidimo kortas.<\/p>\n\n\n\n<p>\u017daidimo taisykl\u0117s: Po lygiai i\u0161dalinkite visiems \u017eaid\u0117jams kortas. Kiekvienas<\/p>\n\n\n\n<p>\u017eaid\u0117jas pasideda kortas \u012f kalad\u0119 prie\u0161ais save paveiksl\u0117liu \u012f apa\u010di\u0105.<\/p>\n\n\n\n<p>Tuo pa\u010diu metu abu \u017eaid\u0117jai paima ir atver\u010dia pirm\u0105 savo kalad\u0117s kort\u0105. Laimi<\/p>\n\n\n\n<p>tas, kuris pad\u0117jo kort\u0105 su didesne kate. Laim\u0117tojas pasiima kit\u0173 \u017eaid\u0117j\u0173 kortas<\/p>\n\n\n\n<p>ir pasideda jas savo kalad\u0117s apa\u010di\u0105.<\/p>\n\n\n\n<p>Kartais abu \u017eaid\u0117jai atver\u010dia kort\u0105 su vienodo dyd\u017eio kat\u0117mis. Tokiu atveju<\/p>\n\n\n\n<p>\u017eaid\u0117jai turi pasakyti \u201eBata-Miaou\u201c, ant savo atverst\u0173 kort\u0173 pad\u0117ti po dar<\/p>\n\n\n\n<p>vien\u0105 u\u017everst\u0105 kort\u0105 ir po to dar vien\u0105 atverst\u0105. \u0116jim\u0105 laimi tas, kas padeda<\/p>\n\n\n\n<p>paskutin\u0119 kort\u0105 su did\u017eiausia kate ir susirenka visas kortas.<\/p>\n\n\n\n<p>Vaikai, kurie dar nemoka skai\u010diuoti, \u017eaisti lygindami gyv\u016bn\u0173 dyd\u012f<\/p>\n\n\n\n<p>paveiksl\u0117liuose.<\/p>\n\n\n\n<p>\u017daidimo pabaiga: laimi \u017eaid\u0117jas, kuris surenka visas \u017eaid\u0117j\u0173 kortas.<\/p>","protected":false},"excerpt":{"rendered":"<p>Lengvas ir juokingas \u017eaidimas, kuriame laimi did\u017eiausia kat\u0117! Ir jei dvi kat\u0117s yra vienodo dyd\u017eio, saugokit\u0117s, kova prasideda! Vienas \u017eaid\u0117jas i\u0161dalina visas kortas. Kiekvienas pasideda savo kr\u016bvel\u0119 u\u017everst\u0105 prie\u0161ais save ir toliau atvertin\u0117ja po vien\u0105 kort\u0105. Kortas laimi tas \u017eaid\u0117jas, kurio kort\u0173 vert\u0117 didesn\u0117.Rinkinyje 36 patvarios auk\u0161tos kokyb\u0117s kortos. Rekomenduojamas am\u017eius: nuo 3 iki 6 [&hellip;]<\/p>","protected":false},"featured_media":33155,"template":"","meta":{"_acf_changed":false,"iawp_total_views":141},"product_cat":[252,84,88,49,39,201],"product_tag":[97,98],"class_list":{"0":"post-33154","1":"product","2":"type-product","3":"status-publish","4":"has-post-thumbnail","6":"product_cat-djeco","7":"product_cat-lavinamieji-zaislai","8":"product_cat-mokausi-zaisti","9":"product_cat-visi-zaislai","10":"product_cat-zaislai","11":"product_cat-zaislai-kelioneje","12":"product_tag-3-m-4-m","13":"product_tag-5-m-7-m","15":"first","16":"instock","17":"taxable","18":"shipping-taxable","19":"purchasable","20":"product-type-simple"},"acf":[],"yoast_head":"<!-- This site is optimized with the Yoast SEO plugin v23.3 - https:\/\/yoast.com\/wordpress\/plugins\/seo\/ -->\n<title>Kort\u0173 \u017eaidimas - Bata-Miaou - Montessori \u017eaislai<\/title>\n<meta name=\"robots\" content=\"index, follow, max-snippet:-1, max-image-preview:large, max-video-preview:-1\" \/>\n<link rel=\"canonical\" href=\"https:\/\/monti.lt\/en\/product\/kortu-zaidimas-bata-miaou\/\" \/>\n<meta property=\"og:locale\" content=\"en_US\" \/>\n<meta property=\"og:type\" content=\"article\" \/>\n<meta property=\"og:title\" content=\"Kort\u0173 \u017eaidimas - Bata-Miaou - Montessori \u017eaislai\" \/>\n<meta property=\"og:description\" content=\"Lengvas ir juokingas \u017eaidimas, kuriame laimi did\u017eiausia kat\u0117! Ir jei dvi kat\u0117s yra vienodo dyd\u017eio, saugokit\u0117s, kova prasideda! Vienas \u017eaid\u0117jas i\u0161dalina visas kortas. Kiekvienas pasideda savo kr\u016bvel\u0119 u\u017everst\u0105 prie\u0161ais save ir toliau atvertin\u0117ja po vien\u0105 kort\u0105. Kortas laimi tas \u017eaid\u0117jas, kurio kort\u0173 vert\u0117 didesn\u0117.Rinkinyje 36 patvarios auk\u0161tos kokyb\u0117s kortos. Rekomenduojamas am\u017eius: nuo 3 iki 6 [&hellip;]\" \/>\n<meta property=\"og:url\" content=\"https:\/\/monti.lt\/en\/product\/kortu-zaidimas-bata-miaou\/\" \/>\n<meta property=\"og:site_name\" content=\"Montessori \u017eaislai\" \/>\n<meta property=\"article:modified_time\" content=\"2026-03-02T06:26:02+00:00\" \/>\n<meta property=\"og:image\" content=\"https:\/\/monti.lt\/wp-content\/uploads\/2025\/09\/8279-DJ05139-kort-zaidimas-bata-miaou.jpg\" \/>\n\t<meta property=\"og:image:width\" content=\"800\" \/>\n\t<meta property=\"og:image:height\" content=\"800\" \/>\n\t<meta property=\"og:image:type\" content=\"image\/jpeg\" \/>\n<meta name=\"twitter:card\" content=\"summary_large_image\" \/>\n<meta name=\"twitter:label1\" content=\"Est. reading time\" \/>\n\t<meta name=\"twitter:data1\" content=\"2 minutes\" \/>\n<script type=\"application\/ld+json\" class=\"yoast-schema-graph\">{\"@context\":\"https:\/\/schema.org\",\"@graph\":[{\"@type\":\"WebPage\",\"@id\":\"https:\/\/monti.lt\/product\/kortu-zaidimas-bata-miaou\/\",\"url\":\"https:\/\/monti.lt\/product\/kortu-zaidimas-bata-miaou\/\",\"name\":\"Kort\u0173 \u017eaidimas - Bata-Miaou - Montessori \u017eaislai\",\"isPartOf\":{\"@id\":\"https:\/\/monti.lt\/#website\"},\"primaryImageOfPage\":{\"@id\":\"https:\/\/monti.lt\/product\/kortu-zaidimas-bata-miaou\/#primaryimage\"},\"image\":{\"@id\":\"https:\/\/monti.lt\/product\/kortu-zaidimas-bata-miaou\/#primaryimage\"},\"thumbnailUrl\":\"https:\/\/monti.lt\/wp-content\/uploads\/2025\/09\/8279-DJ05139-kort-zaidimas-bata-miaou.jpg\",\"datePublished\":\"2025-09-08T11:04:46+00:00\",\"dateModified\":\"2026-03-02T06:26:02+00:00\",\"breadcrumb\":{\"@id\":\"https:\/\/monti.lt\/product\/kortu-zaidimas-bata-miaou\/#breadcrumb\"},\"inLanguage\":\"en-US\",\"potentialAction\":[{\"@type\":\"ReadAction\",\"target\":[\"https:\/\/monti.lt\/product\/kortu-zaidimas-bata-miaou\/\"]}]},{\"@type\":\"ImageObject\",\"inLanguage\":\"en-US\",\"@id\":\"https:\/\/monti.lt\/product\/kortu-zaidimas-bata-miaou\/#primaryimage\",\"url\":\"https:\/\/monti.lt\/wp-content\/uploads\/2025\/09\/8279-DJ05139-kort-zaidimas-bata-miaou.jpg\",\"contentUrl\":\"https:\/\/monti.lt\/wp-content\/uploads\/2025\/09\/8279-DJ05139-kort-zaidimas-bata-miaou.jpg\",\"width\":800,\"height\":800,\"caption\":\"djeco kortu zaidimas\"},{\"@type\":\"BreadcrumbList\",\"@id\":\"https:\/\/monti.lt\/product\/kortu-zaidimas-bata-miaou\/#breadcrumb\",\"itemListElement\":[{\"@type\":\"ListItem\",\"position\":1,\"name\":\"Home\",\"item\":\"https:\/\/monti.lt\/\"},{\"@type\":\"ListItem\",\"position\":2,\"name\":\"Parduotuv\u0117\",\"item\":\"https:\/\/monti.lt\/shop\/\"},{\"@type\":\"ListItem\",\"position\":3,\"name\":\"Kort\u0173 \u017eaidimas &#8211; Bata-Miaou\"}]},{\"@type\":\"WebSite\",\"@id\":\"https:\/\/monti.lt\/#website\",\"url\":\"https:\/\/monti.lt\/\",\"name\":\"Montessori \u017eaislai\",\"description\":\"\",\"publisher\":{\"@id\":\"https:\/\/monti.lt\/#organization\"},\"potentialAction\":[{\"@type\":\"SearchAction\",\"target\":{\"@type\":\"EntryPoint\",\"urlTemplate\":\"https:\/\/monti.lt\/?s={search_term_string}\"},\"query-input\":\"required name=search_term_string\"}],\"inLanguage\":\"en-US\"},{\"@type\":\"Organization\",\"@id\":\"https:\/\/monti.lt\/#organization\",\"name\":\"Montessori \u017eaislai\",\"url\":\"https:\/\/monti.lt\/\",\"logo\":{\"@type\":\"ImageObject\",\"inLanguage\":\"en-US\",\"@id\":\"https:\/\/monti.lt\/#\/schema\/logo\/image\/\",\"url\":\"https:\/\/monti.lt\/wp-content\/uploads\/2022\/03\/montilogo-1.png\",\"contentUrl\":\"https:\/\/monti.lt\/wp-content\/uploads\/2022\/03\/montilogo-1.png\",\"width\":512,\"height\":512,\"caption\":\"Montessori \u017eaislai\"},\"image\":{\"@id\":\"https:\/\/monti.lt\/#\/schema\/logo\/image\/\"}}]}<\/script>\n<!-- \/ Yoast SEO plugin. -->","yoast_head_json":{"title":"Kort\u0173 \u017eaidimas - Bata-Miaou - Montessori \u017eaislai","robots":{"index":"index","follow":"follow","max-snippet":"max-snippet:-1","max-image-preview":"max-image-preview:large","max-video-preview":"max-video-preview:-1"},"canonical":"https:\/\/monti.lt\/en\/product\/kortu-zaidimas-bata-miaou\/","og_locale":"en_US","og_type":"article","og_title":"Kort\u0173 \u017eaidimas - Bata-Miaou - Montessori \u017eaislai","og_description":"Lengvas ir juokingas \u017eaidimas, kuriame laimi did\u017eiausia kat\u0117! Ir jei dvi kat\u0117s yra vienodo dyd\u017eio, saugokit\u0117s, kova prasideda! Vienas \u017eaid\u0117jas i\u0161dalina visas kortas. Kiekvienas pasideda savo kr\u016bvel\u0119 u\u017everst\u0105 prie\u0161ais save ir toliau atvertin\u0117ja po vien\u0105 kort\u0105. Kortas laimi tas \u017eaid\u0117jas, kurio kort\u0173 vert\u0117 didesn\u0117.Rinkinyje 36 patvarios auk\u0161tos kokyb\u0117s kortos. Rekomenduojamas am\u017eius: nuo 3 iki 6 [&hellip;]","og_url":"https:\/\/monti.lt\/en\/product\/kortu-zaidimas-bata-miaou\/","og_site_name":"Montessori \u017eaislai","article_modified_time":"2026-03-02T06:26:02+00:00","og_image":[{"width":800,"height":800,"url":"https:\/\/monti.lt\/wp-content\/uploads\/2025\/09\/8279-DJ05139-kort-zaidimas-bata-miaou.jpg","type":"image\/jpeg"}],"twitter_card":"summary_large_image","twitter_misc":{"Est. reading time":"2 minutes"},"schema":{"@context":"https:\/\/schema.org","@graph":[{"@type":"WebPage","@id":"https:\/\/monti.lt\/product\/kortu-zaidimas-bata-miaou\/","url":"https:\/\/monti.lt\/product\/kortu-zaidimas-bata-miaou\/","name":"Kort\u0173 \u017eaidimas - Bata-Miaou - Montessori \u017eaislai","isPartOf":{"@id":"https:\/\/monti.lt\/#website"},"primaryImageOfPage":{"@id":"https:\/\/monti.lt\/product\/kortu-zaidimas-bata-miaou\/#primaryimage"},"image":{"@id":"https:\/\/monti.lt\/product\/kortu-zaidimas-bata-miaou\/#primaryimage"},"thumbnailUrl":"https:\/\/monti.lt\/wp-content\/uploads\/2025\/09\/8279-DJ05139-kort-zaidimas-bata-miaou.jpg","datePublished":"2025-09-08T11:04:46+00:00","dateModified":"2026-03-02T06:26:02+00:00","breadcrumb":{"@id":"https:\/\/monti.lt\/product\/kortu-zaidimas-bata-miaou\/#breadcrumb"},"inLanguage":"en-US","potentialAction":[{"@type":"ReadAction","target":["https:\/\/monti.lt\/product\/kortu-zaidimas-bata-miaou\/"]}]},{"@type":"ImageObject","inLanguage":"en-US","@id":"https:\/\/monti.lt\/product\/kortu-zaidimas-bata-miaou\/#primaryimage","url":"https:\/\/monti.lt\/wp-content\/uploads\/2025\/09\/8279-DJ05139-kort-zaidimas-bata-miaou.jpg","contentUrl":"https:\/\/monti.lt\/wp-content\/uploads\/2025\/09\/8279-DJ05139-kort-zaidimas-bata-miaou.jpg","width":800,"height":800,"caption":"djeco kortu zaidimas"},{"@type":"BreadcrumbList","@id":"https:\/\/monti.lt\/product\/kortu-zaidimas-bata-miaou\/#breadcrumb","itemListElement":[{"@type":"ListItem","position":1,"name":"Home","item":"https:\/\/monti.lt\/"},{"@type":"ListItem","position":2,"name":"Parduotuv\u0117","item":"https:\/\/monti.lt\/shop\/"},{"@type":"ListItem","position":3,"name":"Kort\u0173 \u017eaidimas &#8211; Bata-Miaou"}]},{"@type":"WebSite","@id":"https:\/\/monti.lt\/#website","url":"https:\/\/monti.lt\/","name":"Montessori \u017eaislai","description":"","publisher":{"@id":"https:\/\/monti.lt\/#organization"},"potentialAction":[{"@type":"SearchAction","target":{"@type":"EntryPoint","urlTemplate":"https:\/\/monti.lt\/?s={search_term_string}"},"query-input":"required name=search_term_string"}],"inLanguage":"en-US"},{"@type":"Organization","@id":"https:\/\/monti.lt\/#organization","name":"Montessori \u017eaislai","url":"https:\/\/monti.lt\/","logo":{"@type":"ImageObject","inLanguage":"en-US","@id":"https:\/\/monti.lt\/#\/schema\/logo\/image\/","url":"https:\/\/monti.lt\/wp-content\/uploads\/2022\/03\/montilogo-1.png","contentUrl":"https:\/\/monti.lt\/wp-content\/uploads\/2022\/03\/montilogo-1.png","width":512,"height":512,"caption":"Montessori \u017eaislai"},"image":{"@id":"https:\/\/monti.lt\/#\/schema\/logo\/image\/"}}]}},"_links":{"self":[{"href":"https:\/\/monti.lt\/en\/wp-json\/wp\/v2\/product\/33154"}],"collection":[{"href":"https:\/\/monti.lt\/en\/wp-json\/wp\/v2\/product"}],"about":[{"href":"https:\/\/monti.lt\/en\/wp-json\/wp\/v2\/types\/product"}],"version-history":[{"count":1,"href":"https:\/\/monti.lt\/en\/wp-json\/wp\/v2\/product\/33154\/revisions"}],"predecessor-version":[{"id":33157,"href":"https:\/\/monti.lt\/en\/wp-json\/wp\/v2\/product\/33154\/revisions\/33157"}],"wp:featuredmedia":[{"embeddable":true,"href":"https:\/\/monti.lt\/en\/wp-json\/wp\/v2\/media\/33155"}],"wp:attachment":[{"href":"https:\/\/monti.lt\/en\/wp-json\/wp\/v2\/media?parent=33154"}],"wp:term":[{"taxonomy":"product_cat","embeddable":true,"href":"https:\/\/monti.lt\/en\/wp-json\/wp\/v2\/product_cat?post=33154"},{"taxonomy":"product_tag","embeddable":true,"href":"https:\/\/monti.lt\/en\/wp-json\/wp\/v2\/product_tag?post=33154"}],"curies":[{"name":"wp","href":"https:\/\/api.w.org\/{rel}","templated":true}]}}