{"id":33158,"date":"2025-09-08T11:08:21","date_gmt":"2025-09-08T11:08:21","guid":{"rendered":"https:\/\/monti.lt\/?post_type=product&#038;p=33158"},"modified":"2025-11-26T10:02:09","modified_gmt":"2025-11-26T10:02:09","slug":"pasidaryk-pats-mozaiku-tiaros-kaip-princese","status":"publish","type":"product","link":"https:\/\/monti.lt\/en\/product\/pasidaryk-pats-mozaiku-tiaros-kaip-princese\/","title":{"rendered":"Pasidaryk pats &#8211; Mozaik\u0173 Tiaros &#8211; Kaip princes\u0117"},"content":{"rendered":"<p>Sukurkite sau gra\u017eias diademas (26 x 12 cm), prid\u0117dami ant j\u0173 blizgius mozaikos lipdukus ir brangakmenius. Komplekt\u0105 sudaro 4 diademos, 4 juostel\u0117s, 3 lipdukai ir 4 brangakmeni\u0173 lapai, ir gamybos instrukcij\u0173 knygel\u0117. Rekomenduojamas am\u017eius: nuo 5 met\u0173. D\u0117mesio! Netinka vaikams iki 3 met\u0173, d\u0117l smulki\u0173 detali\u0173 yra pavojus u\u017espringti. Kilm\u0117s \u0161alis: K.L.R. Pagaminta pagal Pranc\u016bzijos dizain\u0105 ir u\u017esakym\u0105.<\/p>","protected":false},"excerpt":{"rendered":"<p>Sukurkite sau gra\u017eias diademas (26 x 12 cm), prid\u0117dami ant j\u0173 blizgius mozaikos lipdukus ir brangakmenius. Komplekt\u0105 sudaro 4 diademos, 4 juostel\u0117s, 3 lipdukai ir 4 brangakmeni\u0173 lapai, ir gamybos instrukcij\u0173 knygel\u0117. Rekomenduojamas am\u017eius: nuo 5 met\u0173. D\u0117mesio! Netinka vaikams iki 3 met\u0173, d\u0117l smulki\u0173 detali\u0173 yra pavojus u\u017espringti. Kilm\u0117s \u0161alis: K.L.R. Pagaminta pagal Pranc\u016bzijos [&hellip;]<\/p>","protected":false},"featured_media":33159,"template":"","meta":{"_acf_changed":false,"iawp_total_views":61},"product_cat":[252,196,87,84,242,86,49,39,214],"product_tag":[98,99],"class_list":{"0":"post-33158","1":"product","2":"type-product","3":"status-publish","4":"has-post-thumbnail","6":"product_cat-djeco","7":"product_cat-dovanos-mergaitems","8":"product_cat-kurybiniai-rinkiniai","9":"product_cat-lavinamieji-zaislai","10":"product_cat-pagal-gamintoja","11":"product_cat-smulkioji-motorika","12":"product_cat-visi-zaislai","13":"product_cat-zaislai","14":"product_cat-zaislai-mergaitems","15":"product_tag-5-m-7-m","16":"product_tag-8-m-11-m","18":"first","19":"outofstock","20":"sale","21":"taxable","22":"shipping-taxable","23":"purchasable","24":"product-type-simple"},"acf":[],"yoast_head":"<!-- This site is optimized with the Yoast SEO plugin v23.3 - https:\/\/yoast.com\/wordpress\/plugins\/seo\/ -->\n<title>Pasidaryk pats - Mozaik\u0173 Tiaros - Kaip princes\u0117 - Montessori \u017eaislai<\/title>\n<meta name=\"robots\" content=\"index, follow, max-snippet:-1, max-image-preview:large, max-video-preview:-1\" \/>\n<link rel=\"canonical\" href=\"https:\/\/monti.lt\/en\/product\/pasidaryk-pats-mozaiku-tiaros-kaip-princese\/\" \/>\n<meta property=\"og:locale\" content=\"en_US\" \/>\n<meta property=\"og:type\" content=\"article\" \/>\n<meta property=\"og:title\" content=\"Pasidaryk pats - Mozaik\u0173 Tiaros - Kaip princes\u0117 - Montessori \u017eaislai\" \/>\n<meta property=\"og:description\" content=\"Sukurkite sau gra\u017eias diademas (26 x 12 cm), prid\u0117dami ant j\u0173 blizgius mozaikos lipdukus ir brangakmenius. Komplekt\u0105 sudaro 4 diademos, 4 juostel\u0117s, 3 lipdukai ir 4 brangakmeni\u0173 lapai, ir gamybos instrukcij\u0173 knygel\u0117. Rekomenduojamas am\u017eius: nuo 5 met\u0173. D\u0117mesio! Netinka vaikams iki 3 met\u0173, d\u0117l smulki\u0173 detali\u0173 yra pavojus u\u017espringti. Kilm\u0117s \u0161alis: K.L.R. Pagaminta pagal Pranc\u016bzijos [&hellip;]\" \/>\n<meta property=\"og:url\" content=\"https:\/\/monti.lt\/en\/product\/pasidaryk-pats-mozaiku-tiaros-kaip-princese\/\" \/>\n<meta property=\"og:site_name\" content=\"Montessori \u017eaislai\" \/>\n<meta property=\"article:modified_time\" content=\"2025-11-26T10:02:09+00:00\" \/>\n<meta property=\"og:image\" content=\"https:\/\/monti.lt\/wp-content\/uploads\/2025\/09\/8406-DJ07901-pasidaryk-pats-mozaik-tiaros-kaip-princese.jpg\" \/>\n\t<meta property=\"og:image:width\" content=\"600\" \/>\n\t<meta property=\"og:image:height\" content=\"600\" \/>\n\t<meta property=\"og:image:type\" content=\"image\/jpeg\" \/>\n<meta name=\"twitter:card\" content=\"summary_large_image\" \/>\n<meta name=\"twitter:label1\" content=\"Est. reading time\" \/>\n\t<meta name=\"twitter:data1\" content=\"1 minute\" \/>\n<script type=\"application\/ld+json\" class=\"yoast-schema-graph\">{\"@context\":\"https:\/\/schema.org\",\"@graph\":[{\"@type\":\"WebPage\",\"@id\":\"https:\/\/monti.lt\/product\/pasidaryk-pats-mozaiku-tiaros-kaip-princese\/\",\"url\":\"https:\/\/monti.lt\/product\/pasidaryk-pats-mozaiku-tiaros-kaip-princese\/\",\"name\":\"Pasidaryk pats - Mozaik\u0173 Tiaros - Kaip princes\u0117 - Montessori \u017eaislai\",\"isPartOf\":{\"@id\":\"https:\/\/monti.lt\/#website\"},\"primaryImageOfPage\":{\"@id\":\"https:\/\/monti.lt\/product\/pasidaryk-pats-mozaiku-tiaros-kaip-princese\/#primaryimage\"},\"image\":{\"@id\":\"https:\/\/monti.lt\/product\/pasidaryk-pats-mozaiku-tiaros-kaip-princese\/#primaryimage\"},\"thumbnailUrl\":\"https:\/\/monti.lt\/wp-content\/uploads\/2025\/09\/8406-DJ07901-pasidaryk-pats-mozaik-tiaros-kaip-princese.jpg\",\"datePublished\":\"2025-09-08T11:08:21+00:00\",\"dateModified\":\"2025-11-26T10:02:09+00:00\",\"breadcrumb\":{\"@id\":\"https:\/\/monti.lt\/product\/pasidaryk-pats-mozaiku-tiaros-kaip-princese\/#breadcrumb\"},\"inLanguage\":\"en-US\",\"potentialAction\":[{\"@type\":\"ReadAction\",\"target\":[\"https:\/\/monti.lt\/product\/pasidaryk-pats-mozaiku-tiaros-kaip-princese\/\"]}]},{\"@type\":\"ImageObject\",\"inLanguage\":\"en-US\",\"@id\":\"https:\/\/monti.lt\/product\/pasidaryk-pats-mozaiku-tiaros-kaip-princese\/#primaryimage\",\"url\":\"https:\/\/monti.lt\/wp-content\/uploads\/2025\/09\/8406-DJ07901-pasidaryk-pats-mozaik-tiaros-kaip-princese.jpg\",\"contentUrl\":\"https:\/\/monti.lt\/wp-content\/uploads\/2025\/09\/8406-DJ07901-pasidaryk-pats-mozaik-tiaros-kaip-princese.jpg\",\"width\":600,\"height\":600,\"caption\":\"djeco\"},{\"@type\":\"BreadcrumbList\",\"@id\":\"https:\/\/monti.lt\/product\/pasidaryk-pats-mozaiku-tiaros-kaip-princese\/#breadcrumb\",\"itemListElement\":[{\"@type\":\"ListItem\",\"position\":1,\"name\":\"Home\",\"item\":\"https:\/\/monti.lt\/\"},{\"@type\":\"ListItem\",\"position\":2,\"name\":\"Parduotuv\u0117\",\"item\":\"https:\/\/monti.lt\/shop\/\"},{\"@type\":\"ListItem\",\"position\":3,\"name\":\"Pasidaryk pats &#8211; Mozaik\u0173 Tiaros &#8211; Kaip princes\u0117\"}]},{\"@type\":\"WebSite\",\"@id\":\"https:\/\/monti.lt\/#website\",\"url\":\"https:\/\/monti.lt\/\",\"name\":\"Montessori \u017eaislai\",\"description\":\"\",\"publisher\":{\"@id\":\"https:\/\/monti.lt\/#organization\"},\"potentialAction\":[{\"@type\":\"SearchAction\",\"target\":{\"@type\":\"EntryPoint\",\"urlTemplate\":\"https:\/\/monti.lt\/?s={search_term_string}\"},\"query-input\":\"required name=search_term_string\"}],\"inLanguage\":\"en-US\"},{\"@type\":\"Organization\",\"@id\":\"https:\/\/monti.lt\/#organization\",\"name\":\"Montessori \u017eaislai\",\"url\":\"https:\/\/monti.lt\/\",\"logo\":{\"@type\":\"ImageObject\",\"inLanguage\":\"en-US\",\"@id\":\"https:\/\/monti.lt\/#\/schema\/logo\/image\/\",\"url\":\"https:\/\/monti.lt\/wp-content\/uploads\/2022\/03\/montilogo-1.png\",\"contentUrl\":\"https:\/\/monti.lt\/wp-content\/uploads\/2022\/03\/montilogo-1.png\",\"width\":512,\"height\":512,\"caption\":\"Montessori \u017eaislai\"},\"image\":{\"@id\":\"https:\/\/monti.lt\/#\/schema\/logo\/image\/\"}}]}<\/script>\n<!-- \/ Yoast SEO plugin. -->","yoast_head_json":{"title":"Pasidaryk pats - Mozaik\u0173 Tiaros - Kaip princes\u0117 - Montessori \u017eaislai","robots":{"index":"index","follow":"follow","max-snippet":"max-snippet:-1","max-image-preview":"max-image-preview:large","max-video-preview":"max-video-preview:-1"},"canonical":"https:\/\/monti.lt\/en\/product\/pasidaryk-pats-mozaiku-tiaros-kaip-princese\/","og_locale":"en_US","og_type":"article","og_title":"Pasidaryk pats - Mozaik\u0173 Tiaros - Kaip princes\u0117 - Montessori \u017eaislai","og_description":"Sukurkite sau gra\u017eias diademas (26 x 12 cm), prid\u0117dami ant j\u0173 blizgius mozaikos lipdukus ir brangakmenius. Komplekt\u0105 sudaro 4 diademos, 4 juostel\u0117s, 3 lipdukai ir 4 brangakmeni\u0173 lapai, ir gamybos instrukcij\u0173 knygel\u0117. Rekomenduojamas am\u017eius: nuo 5 met\u0173. D\u0117mesio! Netinka vaikams iki 3 met\u0173, d\u0117l smulki\u0173 detali\u0173 yra pavojus u\u017espringti. Kilm\u0117s \u0161alis: K.L.R. Pagaminta pagal Pranc\u016bzijos [&hellip;]","og_url":"https:\/\/monti.lt\/en\/product\/pasidaryk-pats-mozaiku-tiaros-kaip-princese\/","og_site_name":"Montessori \u017eaislai","article_modified_time":"2025-11-26T10:02:09+00:00","og_image":[{"width":600,"height":600,"url":"https:\/\/monti.lt\/wp-content\/uploads\/2025\/09\/8406-DJ07901-pasidaryk-pats-mozaik-tiaros-kaip-princese.jpg","type":"image\/jpeg"}],"twitter_card":"summary_large_image","twitter_misc":{"Est. reading time":"1 minute"},"schema":{"@context":"https:\/\/schema.org","@graph":[{"@type":"WebPage","@id":"https:\/\/monti.lt\/product\/pasidaryk-pats-mozaiku-tiaros-kaip-princese\/","url":"https:\/\/monti.lt\/product\/pasidaryk-pats-mozaiku-tiaros-kaip-princese\/","name":"Pasidaryk pats - Mozaik\u0173 Tiaros - Kaip princes\u0117 - Montessori \u017eaislai","isPartOf":{"@id":"https:\/\/monti.lt\/#website"},"primaryImageOfPage":{"@id":"https:\/\/monti.lt\/product\/pasidaryk-pats-mozaiku-tiaros-kaip-princese\/#primaryimage"},"image":{"@id":"https:\/\/monti.lt\/product\/pasidaryk-pats-mozaiku-tiaros-kaip-princese\/#primaryimage"},"thumbnailUrl":"https:\/\/monti.lt\/wp-content\/uploads\/2025\/09\/8406-DJ07901-pasidaryk-pats-mozaik-tiaros-kaip-princese.jpg","datePublished":"2025-09-08T11:08:21+00:00","dateModified":"2025-11-26T10:02:09+00:00","breadcrumb":{"@id":"https:\/\/monti.lt\/product\/pasidaryk-pats-mozaiku-tiaros-kaip-princese\/#breadcrumb"},"inLanguage":"en-US","potentialAction":[{"@type":"ReadAction","target":["https:\/\/monti.lt\/product\/pasidaryk-pats-mozaiku-tiaros-kaip-princese\/"]}]},{"@type":"ImageObject","inLanguage":"en-US","@id":"https:\/\/monti.lt\/product\/pasidaryk-pats-mozaiku-tiaros-kaip-princese\/#primaryimage","url":"https:\/\/monti.lt\/wp-content\/uploads\/2025\/09\/8406-DJ07901-pasidaryk-pats-mozaik-tiaros-kaip-princese.jpg","contentUrl":"https:\/\/monti.lt\/wp-content\/uploads\/2025\/09\/8406-DJ07901-pasidaryk-pats-mozaik-tiaros-kaip-princese.jpg","width":600,"height":600,"caption":"djeco"},{"@type":"BreadcrumbList","@id":"https:\/\/monti.lt\/product\/pasidaryk-pats-mozaiku-tiaros-kaip-princese\/#breadcrumb","itemListElement":[{"@type":"ListItem","position":1,"name":"Home","item":"https:\/\/monti.lt\/"},{"@type":"ListItem","position":2,"name":"Parduotuv\u0117","item":"https:\/\/monti.lt\/shop\/"},{"@type":"ListItem","position":3,"name":"Pasidaryk pats &#8211; Mozaik\u0173 Tiaros &#8211; Kaip princes\u0117"}]},{"@type":"WebSite","@id":"https:\/\/monti.lt\/#website","url":"https:\/\/monti.lt\/","name":"Montessori \u017eaislai","description":"","publisher":{"@id":"https:\/\/monti.lt\/#organization"},"potentialAction":[{"@type":"SearchAction","target":{"@type":"EntryPoint","urlTemplate":"https:\/\/monti.lt\/?s={search_term_string}"},"query-input":"required name=search_term_string"}],"inLanguage":"en-US"},{"@type":"Organization","@id":"https:\/\/monti.lt\/#organization","name":"Montessori \u017eaislai","url":"https:\/\/monti.lt\/","logo":{"@type":"ImageObject","inLanguage":"en-US","@id":"https:\/\/monti.lt\/#\/schema\/logo\/image\/","url":"https:\/\/monti.lt\/wp-content\/uploads\/2022\/03\/montilogo-1.png","contentUrl":"https:\/\/monti.lt\/wp-content\/uploads\/2022\/03\/montilogo-1.png","width":512,"height":512,"caption":"Montessori \u017eaislai"},"image":{"@id":"https:\/\/monti.lt\/#\/schema\/logo\/image\/"}}]}},"_links":{"self":[{"href":"https:\/\/monti.lt\/en\/wp-json\/wp\/v2\/product\/33158"}],"collection":[{"href":"https:\/\/monti.lt\/en\/wp-json\/wp\/v2\/product"}],"about":[{"href":"https:\/\/monti.lt\/en\/wp-json\/wp\/v2\/types\/product"}],"version-history":[{"count":1,"href":"https:\/\/monti.lt\/en\/wp-json\/wp\/v2\/product\/33158\/revisions"}],"predecessor-version":[{"id":33166,"href":"https:\/\/monti.lt\/en\/wp-json\/wp\/v2\/product\/33158\/revisions\/33166"}],"wp:featuredmedia":[{"embeddable":true,"href":"https:\/\/monti.lt\/en\/wp-json\/wp\/v2\/media\/33159"}],"wp:attachment":[{"href":"https:\/\/monti.lt\/en\/wp-json\/wp\/v2\/media?parent=33158"}],"wp:term":[{"taxonomy":"product_cat","embeddable":true,"href":"https:\/\/monti.lt\/en\/wp-json\/wp\/v2\/product_cat?post=33158"},{"taxonomy":"product_tag","embeddable":true,"href":"https:\/\/monti.lt\/en\/wp-json\/wp\/v2\/product_tag?post=33158"}],"curies":[{"name":"wp","href":"https:\/\/api.w.org\/{rel}","templated":true}]}}