{"id":33179,"date":"2025-09-08T11:19:41","date_gmt":"2025-09-08T11:19:41","guid":{"rendered":"https:\/\/monti.lt\/?post_type=product&#038;p=33179"},"modified":"2026-04-28T08:17:30","modified_gmt":"2026-04-28T08:17:30","slug":"kortu-zaidimas-mazyliams-little-select","status":"publish","type":"product","link":"https:\/\/monti.lt\/en\/product\/kortu-zaidimas-mazyliams-little-select\/","title":{"rendered":"Kort\u0173 \u017eaidimas ma\u017eyliams &#8211; Little Select"},"content":{"rendered":"<p>Pirmasis r\u016b\u0161iavimo \u017eaidimas ma\u017eiesiems. Atsikratykite savo korteli\u0173 pagal i\u0161trauktoje r\u016b\u0161iavimo kortoje nurodytus kriterijus: spalv\u0105 arba gyv\u016bn\u0105. Pad\u0117kite visiems gyv\u016bnams rasti savo grup\u0119! Jei kortel\u0117je pavaizduotas baltas gyv\u016bnas, \u017eaid\u0117jas gali atsikratyti vis\u0173 savo korteli\u0173 su tuo gyv\u016bnu. Rinkinyje yra 28 apvalios gyv\u016bn\u0173 kortel\u0117s ir 22 r\u016b\u0161iavimo kort\u0173. Didel\u0117s ir tvirtos kortel\u0117s, kurias lengva laikyti ir tvarkyti. Rekomenduojamas am\u017eius: nuo 2.5 iki 5 met\u0173. Kilm\u0117s \u0161alis: K.L.R.<\/p>\n\n\n\n<figure class=\"wp-block-embed is-type-video is-provider-youtube wp-block-embed-youtube wp-embed-aspect-16-9 wp-has-aspect-ratio\"><div class=\"wp-block-embed__wrapper\">\n<div class=\"video-container\"><iframe title=\"LITTLE SELECT DJ05064 \/ 2 minutes to get the rules (EN)\" width=\"1170\" height=\"658\" src=\"https:\/\/www.youtube.com\/embed\/1ELW-GeNFnA?feature=oembed\" frameborder=\"0\" allow=\"accelerometer; autoplay; clipboard-write; encrypted-media; gyroscope; picture-in-picture; web-share\" referrerpolicy=\"strict-origin-when-cross-origin\" allowfullscreen><\/iframe><\/div>\n<\/div><\/figure>","protected":false},"excerpt":{"rendered":"<p>Pirmasis r\u016b\u0161iavimo \u017eaidimas ma\u017eiesiems. Atsikratykite savo korteli\u0173 pagal i\u0161trauktoje r\u016b\u0161iavimo kortoje nurodytus kriterijus: spalv\u0105 arba gyv\u016bn\u0105. Pad\u0117kite visiems gyv\u016bnams rasti savo grup\u0119! Jei kortel\u0117je pavaizduotas baltas gyv\u016bnas, \u017eaid\u0117jas gali atsikratyti vis\u0173 savo korteli\u0173 su tuo gyv\u016bnu. Rinkinyje yra 28 apvalios gyv\u016bn\u0173 kortel\u0117s ir 22 r\u016b\u0161iavimo kort\u0173. Didel\u0117s ir tvirtos kortel\u0117s, kurias lengva laikyti ir tvarkyti. [&hellip;]<\/p>","protected":false},"featured_media":33180,"template":"","meta":{"_acf_changed":false,"iawp_total_views":162},"product_cat":[218,252,84,91,242,49,39,201],"product_tag":[96,97],"class_list":{"0":"post-33179","1":"product","2":"type-product","3":"status-publish","4":"has-post-thumbnail","6":"product_cat-darzeliu-grupems","7":"product_cat-djeco","8":"product_cat-lavinamieji-zaislai","9":"product_cat-loginiam-mastymui","10":"product_cat-pagal-gamintoja","11":"product_cat-visi-zaislai","12":"product_cat-zaislai","13":"product_cat-zaislai-kelioneje","14":"product_tag-2-m-3-m","15":"product_tag-3-m-4-m","17":"first","18":"outofstock","19":"taxable","20":"shipping-taxable","21":"purchasable","22":"product-type-simple"},"acf":[],"yoast_head":"<!-- This site is optimized with the Yoast SEO plugin v23.3 - https:\/\/yoast.com\/wordpress\/plugins\/seo\/ -->\n<title>Kort\u0173 \u017eaidimas ma\u017eyliams - Little Select - Montessori \u017eaislai<\/title>\n<meta name=\"robots\" content=\"index, follow, max-snippet:-1, max-image-preview:large, max-video-preview:-1\" \/>\n<link rel=\"canonical\" href=\"https:\/\/monti.lt\/en\/product\/kortu-zaidimas-mazyliams-little-select\/\" \/>\n<meta property=\"og:locale\" content=\"en_US\" \/>\n<meta property=\"og:type\" content=\"article\" \/>\n<meta property=\"og:title\" content=\"Kort\u0173 \u017eaidimas ma\u017eyliams - Little Select - Montessori \u017eaislai\" \/>\n<meta property=\"og:description\" content=\"Pirmasis r\u016b\u0161iavimo \u017eaidimas ma\u017eiesiems. Atsikratykite savo korteli\u0173 pagal i\u0161trauktoje r\u016b\u0161iavimo kortoje nurodytus kriterijus: spalv\u0105 arba gyv\u016bn\u0105. Pad\u0117kite visiems gyv\u016bnams rasti savo grup\u0119! Jei kortel\u0117je pavaizduotas baltas gyv\u016bnas, \u017eaid\u0117jas gali atsikratyti vis\u0173 savo korteli\u0173 su tuo gyv\u016bnu. Rinkinyje yra 28 apvalios gyv\u016bn\u0173 kortel\u0117s ir 22 r\u016b\u0161iavimo kort\u0173. Didel\u0117s ir tvirtos kortel\u0117s, kurias lengva laikyti ir tvarkyti. [&hellip;]\" \/>\n<meta property=\"og:url\" content=\"https:\/\/monti.lt\/en\/product\/kortu-zaidimas-mazyliams-little-select\/\" \/>\n<meta property=\"og:site_name\" content=\"Montessori \u017eaislai\" \/>\n<meta property=\"article:modified_time\" content=\"2026-04-28T08:17:30+00:00\" \/>\n<meta property=\"og:image\" content=\"https:\/\/monti.lt\/wp-content\/uploads\/2025\/09\/13542-DJ05064-kort-zaidimas-mazyliams-little-select.jpg\" \/>\n\t<meta property=\"og:image:width\" content=\"800\" \/>\n\t<meta property=\"og:image:height\" content=\"800\" \/>\n\t<meta property=\"og:image:type\" content=\"image\/jpeg\" \/>\n<meta name=\"twitter:card\" content=\"summary_large_image\" \/>\n<meta name=\"twitter:label1\" content=\"Est. reading time\" \/>\n\t<meta name=\"twitter:data1\" content=\"1 minute\" \/>\n<script type=\"application\/ld+json\" class=\"yoast-schema-graph\">{\"@context\":\"https:\/\/schema.org\",\"@graph\":[{\"@type\":\"WebPage\",\"@id\":\"https:\/\/monti.lt\/product\/kortu-zaidimas-mazyliams-little-select\/\",\"url\":\"https:\/\/monti.lt\/product\/kortu-zaidimas-mazyliams-little-select\/\",\"name\":\"Kort\u0173 \u017eaidimas ma\u017eyliams - Little Select - Montessori \u017eaislai\",\"isPartOf\":{\"@id\":\"https:\/\/monti.lt\/#website\"},\"primaryImageOfPage\":{\"@id\":\"https:\/\/monti.lt\/product\/kortu-zaidimas-mazyliams-little-select\/#primaryimage\"},\"image\":{\"@id\":\"https:\/\/monti.lt\/product\/kortu-zaidimas-mazyliams-little-select\/#primaryimage\"},\"thumbnailUrl\":\"https:\/\/monti.lt\/wp-content\/uploads\/2025\/09\/13542-DJ05064-kort-zaidimas-mazyliams-little-select.jpg\",\"datePublished\":\"2025-09-08T11:19:41+00:00\",\"dateModified\":\"2026-04-28T08:17:30+00:00\",\"breadcrumb\":{\"@id\":\"https:\/\/monti.lt\/product\/kortu-zaidimas-mazyliams-little-select\/#breadcrumb\"},\"inLanguage\":\"en-US\",\"potentialAction\":[{\"@type\":\"ReadAction\",\"target\":[\"https:\/\/monti.lt\/product\/kortu-zaidimas-mazyliams-little-select\/\"]}]},{\"@type\":\"ImageObject\",\"inLanguage\":\"en-US\",\"@id\":\"https:\/\/monti.lt\/product\/kortu-zaidimas-mazyliams-little-select\/#primaryimage\",\"url\":\"https:\/\/monti.lt\/wp-content\/uploads\/2025\/09\/13542-DJ05064-kort-zaidimas-mazyliams-little-select.jpg\",\"contentUrl\":\"https:\/\/monti.lt\/wp-content\/uploads\/2025\/09\/13542-DJ05064-kort-zaidimas-mazyliams-little-select.jpg\",\"width\":800,\"height\":800,\"caption\":\"djeco zaidimas\"},{\"@type\":\"BreadcrumbList\",\"@id\":\"https:\/\/monti.lt\/product\/kortu-zaidimas-mazyliams-little-select\/#breadcrumb\",\"itemListElement\":[{\"@type\":\"ListItem\",\"position\":1,\"name\":\"Home\",\"item\":\"https:\/\/monti.lt\/\"},{\"@type\":\"ListItem\",\"position\":2,\"name\":\"Parduotuv\u0117\",\"item\":\"https:\/\/monti.lt\/shop\/\"},{\"@type\":\"ListItem\",\"position\":3,\"name\":\"Kort\u0173 \u017eaidimas ma\u017eyliams &#8211; Little Select\"}]},{\"@type\":\"WebSite\",\"@id\":\"https:\/\/monti.lt\/#website\",\"url\":\"https:\/\/monti.lt\/\",\"name\":\"Montessori \u017eaislai\",\"description\":\"\",\"publisher\":{\"@id\":\"https:\/\/monti.lt\/#organization\"},\"potentialAction\":[{\"@type\":\"SearchAction\",\"target\":{\"@type\":\"EntryPoint\",\"urlTemplate\":\"https:\/\/monti.lt\/?s={search_term_string}\"},\"query-input\":\"required name=search_term_string\"}],\"inLanguage\":\"en-US\"},{\"@type\":\"Organization\",\"@id\":\"https:\/\/monti.lt\/#organization\",\"name\":\"Montessori \u017eaislai\",\"url\":\"https:\/\/monti.lt\/\",\"logo\":{\"@type\":\"ImageObject\",\"inLanguage\":\"en-US\",\"@id\":\"https:\/\/monti.lt\/#\/schema\/logo\/image\/\",\"url\":\"https:\/\/monti.lt\/wp-content\/uploads\/2022\/03\/montilogo-1.png\",\"contentUrl\":\"https:\/\/monti.lt\/wp-content\/uploads\/2022\/03\/montilogo-1.png\",\"width\":512,\"height\":512,\"caption\":\"Montessori \u017eaislai\"},\"image\":{\"@id\":\"https:\/\/monti.lt\/#\/schema\/logo\/image\/\"}}]}<\/script>\n<!-- \/ Yoast SEO plugin. -->","yoast_head_json":{"title":"Kort\u0173 \u017eaidimas ma\u017eyliams - Little Select - Montessori \u017eaislai","robots":{"index":"index","follow":"follow","max-snippet":"max-snippet:-1","max-image-preview":"max-image-preview:large","max-video-preview":"max-video-preview:-1"},"canonical":"https:\/\/monti.lt\/en\/product\/kortu-zaidimas-mazyliams-little-select\/","og_locale":"en_US","og_type":"article","og_title":"Kort\u0173 \u017eaidimas ma\u017eyliams - Little Select - Montessori \u017eaislai","og_description":"Pirmasis r\u016b\u0161iavimo \u017eaidimas ma\u017eiesiems. Atsikratykite savo korteli\u0173 pagal i\u0161trauktoje r\u016b\u0161iavimo kortoje nurodytus kriterijus: spalv\u0105 arba gyv\u016bn\u0105. Pad\u0117kite visiems gyv\u016bnams rasti savo grup\u0119! Jei kortel\u0117je pavaizduotas baltas gyv\u016bnas, \u017eaid\u0117jas gali atsikratyti vis\u0173 savo korteli\u0173 su tuo gyv\u016bnu. Rinkinyje yra 28 apvalios gyv\u016bn\u0173 kortel\u0117s ir 22 r\u016b\u0161iavimo kort\u0173. Didel\u0117s ir tvirtos kortel\u0117s, kurias lengva laikyti ir tvarkyti. [&hellip;]","og_url":"https:\/\/monti.lt\/en\/product\/kortu-zaidimas-mazyliams-little-select\/","og_site_name":"Montessori \u017eaislai","article_modified_time":"2026-04-28T08:17:30+00:00","og_image":[{"width":800,"height":800,"url":"https:\/\/monti.lt\/wp-content\/uploads\/2025\/09\/13542-DJ05064-kort-zaidimas-mazyliams-little-select.jpg","type":"image\/jpeg"}],"twitter_card":"summary_large_image","twitter_misc":{"Est. reading time":"1 minute"},"schema":{"@context":"https:\/\/schema.org","@graph":[{"@type":"WebPage","@id":"https:\/\/monti.lt\/product\/kortu-zaidimas-mazyliams-little-select\/","url":"https:\/\/monti.lt\/product\/kortu-zaidimas-mazyliams-little-select\/","name":"Kort\u0173 \u017eaidimas ma\u017eyliams - Little Select - Montessori \u017eaislai","isPartOf":{"@id":"https:\/\/monti.lt\/#website"},"primaryImageOfPage":{"@id":"https:\/\/monti.lt\/product\/kortu-zaidimas-mazyliams-little-select\/#primaryimage"},"image":{"@id":"https:\/\/monti.lt\/product\/kortu-zaidimas-mazyliams-little-select\/#primaryimage"},"thumbnailUrl":"https:\/\/monti.lt\/wp-content\/uploads\/2025\/09\/13542-DJ05064-kort-zaidimas-mazyliams-little-select.jpg","datePublished":"2025-09-08T11:19:41+00:00","dateModified":"2026-04-28T08:17:30+00:00","breadcrumb":{"@id":"https:\/\/monti.lt\/product\/kortu-zaidimas-mazyliams-little-select\/#breadcrumb"},"inLanguage":"en-US","potentialAction":[{"@type":"ReadAction","target":["https:\/\/monti.lt\/product\/kortu-zaidimas-mazyliams-little-select\/"]}]},{"@type":"ImageObject","inLanguage":"en-US","@id":"https:\/\/monti.lt\/product\/kortu-zaidimas-mazyliams-little-select\/#primaryimage","url":"https:\/\/monti.lt\/wp-content\/uploads\/2025\/09\/13542-DJ05064-kort-zaidimas-mazyliams-little-select.jpg","contentUrl":"https:\/\/monti.lt\/wp-content\/uploads\/2025\/09\/13542-DJ05064-kort-zaidimas-mazyliams-little-select.jpg","width":800,"height":800,"caption":"djeco zaidimas"},{"@type":"BreadcrumbList","@id":"https:\/\/monti.lt\/product\/kortu-zaidimas-mazyliams-little-select\/#breadcrumb","itemListElement":[{"@type":"ListItem","position":1,"name":"Home","item":"https:\/\/monti.lt\/"},{"@type":"ListItem","position":2,"name":"Parduotuv\u0117","item":"https:\/\/monti.lt\/shop\/"},{"@type":"ListItem","position":3,"name":"Kort\u0173 \u017eaidimas ma\u017eyliams &#8211; Little Select"}]},{"@type":"WebSite","@id":"https:\/\/monti.lt\/#website","url":"https:\/\/monti.lt\/","name":"Montessori \u017eaislai","description":"","publisher":{"@id":"https:\/\/monti.lt\/#organization"},"potentialAction":[{"@type":"SearchAction","target":{"@type":"EntryPoint","urlTemplate":"https:\/\/monti.lt\/?s={search_term_string}"},"query-input":"required name=search_term_string"}],"inLanguage":"en-US"},{"@type":"Organization","@id":"https:\/\/monti.lt\/#organization","name":"Montessori \u017eaislai","url":"https:\/\/monti.lt\/","logo":{"@type":"ImageObject","inLanguage":"en-US","@id":"https:\/\/monti.lt\/#\/schema\/logo\/image\/","url":"https:\/\/monti.lt\/wp-content\/uploads\/2022\/03\/montilogo-1.png","contentUrl":"https:\/\/monti.lt\/wp-content\/uploads\/2022\/03\/montilogo-1.png","width":512,"height":512,"caption":"Montessori \u017eaislai"},"image":{"@id":"https:\/\/monti.lt\/#\/schema\/logo\/image\/"}}]}},"_links":{"self":[{"href":"https:\/\/monti.lt\/en\/wp-json\/wp\/v2\/product\/33179"}],"collection":[{"href":"https:\/\/monti.lt\/en\/wp-json\/wp\/v2\/product"}],"about":[{"href":"https:\/\/monti.lt\/en\/wp-json\/wp\/v2\/types\/product"}],"version-history":[{"count":1,"href":"https:\/\/monti.lt\/en\/wp-json\/wp\/v2\/product\/33179\/revisions"}],"predecessor-version":[{"id":33183,"href":"https:\/\/monti.lt\/en\/wp-json\/wp\/v2\/product\/33179\/revisions\/33183"}],"wp:featuredmedia":[{"embeddable":true,"href":"https:\/\/monti.lt\/en\/wp-json\/wp\/v2\/media\/33180"}],"wp:attachment":[{"href":"https:\/\/monti.lt\/en\/wp-json\/wp\/v2\/media?parent=33179"}],"wp:term":[{"taxonomy":"product_cat","embeddable":true,"href":"https:\/\/monti.lt\/en\/wp-json\/wp\/v2\/product_cat?post=33179"},{"taxonomy":"product_tag","embeddable":true,"href":"https:\/\/monti.lt\/en\/wp-json\/wp\/v2\/product_tag?post=33179"}],"curies":[{"name":"wp","href":"https:\/\/api.w.org\/{rel}","templated":true}]}}