{"id":33223,"date":"2025-09-12T08:12:29","date_gmt":"2025-09-12T08:12:29","guid":{"rendered":"https:\/\/monti.lt\/?post_type=product&#038;p=33223"},"modified":"2025-11-14T10:31:40","modified_gmt":"2025-11-14T10:31:40","slug":"minksta-edukacine-knygele-su-lipdukais-zirafa","status":"publish","type":"product","link":"https:\/\/monti.lt\/en\/product\/minksta-edukacine-knygele-su-lipdukais-zirafa\/","title":{"rendered":"Mink\u0161ta edukacin\u0117 knygel\u0117 su lipdukais &#8220;\u017dirafa&#8221;"},"content":{"rendered":"<p>Lie\u010diant ir atsegant \u012fvairius knygel\u0117s elementus, vaikas mokosi apie formas, spalvas ir gamtos rei\u0161kinius i\u0161 artimos ir tolimos aplinkos.<\/p>\n\n\n\n<p>Kaip manipuliacin\u0117 knygel\u0117 ugdo ma\u017eylio geb\u0117jimus?<\/p>\n\n\n\n<p>Ugdo vaiko sensorinius geb\u0117jimus \u2013 knygel\u0117 pagaminta i\u0161 \u012fvairi\u0173 spalv\u0173 ir form\u0173 taktilinio veltinio; vaikas gali mokytis knygel\u0117s turinio regos ir lyt\u0117jimo pagalba<br>Gerina rank\u0173 sukibim\u0105 \u2013 knygel\u0117 su veltinio lipdukais leid\u017eia \u017eaisti su forma; Velcro u\u017esegami elementai gali b\u016bti lengvai nuimami ir pritvirtinami kitur.<br>Skatina aki\u0173 ir rank\u0173 koordinacij\u0105 bei rank\u0173 \u012fg\u016bd\u017eius \u2013 k\u016brybinis \u017eaidimas su manipuliacin\u0117 knygele moko vaik\u0105 suderinti formas ir spalvas; vaikas pritvirtina atitinkam\u0105 veltinio lipduk\u0105 tam tikroje knygel\u0117s puslapio vietoje.<br>Skatina vaizduot\u0117s vystym\u0105si ir stimuliuoja k\u016brybi\u0161kum\u0105 \u2013 paprasta ir suprantama veltinio knygel\u0117s forma supa\u017eindina ma\u017eyl\u012f su \u012fdomia pasak\u0173 kelione; knygel\u0117je yra paveiksl\u0117liai, su kuriais galima s\u0105veikauti lyt\u0117jimu<\/p>\n\n\n\n<p>Edukacin\u0117 manipuliacin\u0117 lenta \u012ftraukia vaik\u0105 \u012f linksm\u0105 \u017eaidim\u0105 miel\u0173 gyv\u016bn\u0117li\u0173 kompanijoje. Knyga su draugi\u0161ka \u017eirafa kvie\u010dia bendrauti su vir\u0161eliu \u2013 gyv\u016bnas turi u\u017edengt\u0105 veid\u0105, kuris daro \u201eAkuku!\u201c. Lie\u010diant ir<br>Skatina vaizduot\u0117s vystym\u0105si ir stimuliuoja k\u016brybi\u0161kum\u0105 \u2013 paprasta ir suprantama veltinio knygos forma \u012ftraukia ma\u017eyl\u012f \u012f \u012fdom\u0173 pasak\u0173 nuotyk\u012f; knygoje yra paveiksl\u0117liai, su kuriais galima s\u0105veikauti lie\u010diant.<br>Skatina pa\u017eintinius \u012fg\u016bd\u017eius \u2013 knygos vir\u0161elyje esanti \u017eirafa \u017eaid\u017eia su mumis \u201eA kuku!\u201c; \u017eaisdamas vaikas mokosi socialin\u0117s komunikacijos pagrind\u0173.<br>Edukacin\u0117 knyga su unikaliais judamaisiais elementais<\/p>\n\n\n\n<p>Edukacin\u0117 manipuliacin\u0117 lenta knygos forma su draugi\u0161ka \u017eirafa veiksmingai remia ikimokyklinio am\u017eiaus vaiko vystym\u0105si. Ma\u017eiausias vaiko am\u017eius \u2013 3 metai. Manipuliacin\u0117 sensorin\u0117 knyga ugdo ma\u017eylio rank\u0173 \u012fg\u016bd\u017eius, rank\u0173 ir aki\u0173 koordinacij\u0105 bei smulki\u0105j\u0105 motorik\u0105. Mink\u0161ti veltinio elementai \u012ftraukia vaikus \u012f \u017eaidim\u0105 su spalvotomis fig\u016bromis ir gyv\u016bnais, skatindami juos mokytis \u017eaisdami. Atsiejami ir judamieji knygel\u0117s elementai lengvai paimami \u012f rank\u0105 \u2013 vaikas, judindamas lentos elementus, mokosi derinti spalvas ir formas. Judamieji elementai padeda suderinti ir \u012fsiminti tam tikrus modelius.<\/p>\n\n\n\n<p>Manipuliacin\u0117 lenta \u2013 mokymas vaik\u0173 per \u017eaidim\u0105<\/p>\n\n\n\n<p>Kod\u0117l \u0161i knygel\u0117 yra ir ugdomoji, ir pramogin\u0117? Nes su jos pagalba vaikas ugdo geb\u0117jimus, kurie yra tinkamo funkcionavimo pagrindas. Nuimami elementai ir veltinio paveiksl\u0117liai leid\u017eia pa\u017einti pasaul\u012f taip, kad ma\u017eylis gal\u0117t\u0173 suprasti ir tuo pa\u010diu metu \u012fsitraukti. Teisingas manipuliacin\u0117s lentos pasirinkimas turi ilgalaik\u012f poveik\u012f. Tai ugdomasis \u017eaislas, kuris skatina vaiko vystym\u0105si \u017eaid\u017eiant, tuo pa\u010diu atitraukdamas vaiko d\u0117mes\u012f nuo televizoriaus ar telefono ekrano. Patogi ir prieinama veltinio knygel\u0117s forma leid\u017eia j\u0105 pasiimti su savimi bet kur \u2013 \u012f automobil\u012f, traukin\u012f, vaik\u0173 dar\u017eel\u012f ar dar\u017eel\u012f.<\/p>\n\n\n\n<p>Produkto savyb\u0117s:<\/p>\n\n\n\n<p>Jutimin\u0117 manipuliacin\u0117 lenta vaikams nuo 3 met\u0173<br>Patogi knygel\u0117s forma, kuri\u0105 galima pasiimti su savimi keliaujant<br>Velcro ir Velcro nuimami elementai, su kuriais galima \u012fvairiai s\u0105veikauti<br>Malonus liesti spalvingas veltinis<br>Nauj\u0173 s\u0105vok\u0173 ir rei\u0161kini\u0173, vykstan\u010di\u0173 aplinkoje, mokymasis<br>Mokymasis \u017eaid\u017eiant<br>Turinys:<\/p>\n\n\n\n<p>Vir\u0161elis \u2013 \u0161ypsosi \u017eirafa su judan\u010diomis akimis; kai atveriate jos rankas, ji padarys \u201ekuku\u201c<\/p>\n\n\n\n<p>1 puslapis \u2013 nuimami saul\u0117, debesys ir la\u0161eliai; suderinkite spalvotus la\u0161elius su vaivoryk\u0161t\u0117s spalvomis.<br>2 puslapis \u2013 \u017eirafa savanoje; palieskite veltinius augalus.<br>3 puslapis \u2013 nuimami geometriniai fig\u016brai; suderinkite formas ir spalvas.<br>4 puslapis \u2013 nuimami gyv\u016bnai; prisegkite juos prie lentos bet kokia tvarka.<br>5 puslapis \u2013 transporto priemon\u0117s; \u017eaiskite su l\u0117ktuvu ir pritvirtinkite nuimamus automobilius prie kelio<br>6 puslapis \u2013 e\u017eys; \u017eaiskite su nuimamais elementais (boru\u017e\u0117, obuoliai, grybas, saul\u0117)<br>7 puslapis \u2013 vaisiai; pa\u017ei\u016br\u0117kite, kaip vaisiai atrodo i\u0161 vidaus, ir palieskite judan\u010dius lapus<br>8 puslapis \u2013 med\u017eio gyventojai; nukreipkite pauk\u0161\u010dius \u012f namelius, pritvirtindami juos pagal spalvas<br>Techniniai parametrai ir matmenys:<\/p>\n\n\n\n<p>Med\u017eiaga: poliesterio veltinis<br>Am\u017eius: 3+<br>Tvirtinimo tipas: napa<br>Naudojimas: mokomoji lenta, mokomoji knygel\u0117, sensorin\u0117 knygel\u0117<br>Knygel\u0117s matmenys: 20 cm x 20 cm x 6,5 cm<br>Pakuot\u0117s matmenys: 22 cm x 22 cm x 7 cm<br>Produktas supakuotas \u012f plastikin\u012f mai\u0161el\u012f su u\u017etrauktuku<\/p>","protected":false},"excerpt":{"rendered":"<p>Lie\u010diant ir atsegant \u012fvairius knygel\u0117s elementus, vaikas mokosi apie formas, spalvas ir gamtos rei\u0161kinius i\u0161 artimos ir tolimos aplinkos. Kaip manipuliacin\u0117 knygel\u0117 ugdo ma\u017eylio geb\u0117jimus? Ugdo vaiko sensorinius geb\u0117jimus \u2013 knygel\u0117 pagaminta i\u0161 \u012fvairi\u0173 spalv\u0173 ir form\u0173 taktilinio veltinio; vaikas gali mokytis knygel\u0117s turinio regos ir lyt\u0117jimo pagalbaGerina rank\u0173 sukibim\u0105 \u2013 knygel\u0117 su veltinio lipdukais [&hellip;]<\/p>","protected":false},"featured_media":33224,"template":"","meta":{"_acf_changed":false,"iawp_total_views":132},"product_cat":[195,216,191,87,84,83,90,86,49,39,201],"product_tag":[97,98],"class_list":{"0":"post-33223","1":"product","2":"type-product","3":"status-publish","4":"has-post-thumbnail","6":"product_cat-dovanos-vaikams-3-4-metu","7":"product_cat-dovanos-4-5-metu-vaikams","8":"product_cat-dovanos-vaikams","9":"product_cat-kurybiniai-rinkiniai","10":"product_cat-lavinamieji-zaislai","11":"product_cat-montessori-zaislai","12":"product_cat-pasaulio-pazinimas","13":"product_cat-smulkioji-motorika","14":"product_cat-visi-zaislai","15":"product_cat-zaislai","16":"product_cat-zaislai-kelioneje","17":"product_tag-3-m-4-m","18":"product_tag-5-m-7-m","20":"first","21":"outofstock","22":"taxable","23":"shipping-taxable","24":"purchasable","25":"product-type-simple"},"acf":[],"yoast_head":"<!-- This site is optimized with the Yoast SEO plugin v23.3 - https:\/\/yoast.com\/wordpress\/plugins\/seo\/ -->\n<title>Mink\u0161ta edukacin\u0117 knygel\u0117 su lipdukais &quot;\u017dirafa&quot; - Montessori \u017eaislai<\/title>\n<meta name=\"robots\" content=\"index, follow, max-snippet:-1, max-image-preview:large, max-video-preview:-1\" \/>\n<link rel=\"canonical\" href=\"https:\/\/monti.lt\/en\/product\/minksta-edukacine-knygele-su-lipdukais-zirafa\/\" \/>\n<meta property=\"og:locale\" content=\"en_US\" \/>\n<meta property=\"og:type\" content=\"article\" \/>\n<meta property=\"og:title\" content=\"Mink\u0161ta edukacin\u0117 knygel\u0117 su lipdukais &quot;\u017dirafa&quot; - Montessori \u017eaislai\" \/>\n<meta property=\"og:description\" content=\"Lie\u010diant ir atsegant \u012fvairius knygel\u0117s elementus, vaikas mokosi apie formas, spalvas ir gamtos rei\u0161kinius i\u0161 artimos ir tolimos aplinkos. Kaip manipuliacin\u0117 knygel\u0117 ugdo ma\u017eylio geb\u0117jimus? Ugdo vaiko sensorinius geb\u0117jimus \u2013 knygel\u0117 pagaminta i\u0161 \u012fvairi\u0173 spalv\u0173 ir form\u0173 taktilinio veltinio; vaikas gali mokytis knygel\u0117s turinio regos ir lyt\u0117jimo pagalbaGerina rank\u0173 sukibim\u0105 \u2013 knygel\u0117 su veltinio lipdukais [&hellip;]\" \/>\n<meta property=\"og:url\" content=\"https:\/\/monti.lt\/en\/product\/minksta-edukacine-knygele-su-lipdukais-zirafa\/\" \/>\n<meta property=\"og:site_name\" content=\"Montessori \u017eaislai\" \/>\n<meta property=\"article:modified_time\" content=\"2025-11-14T10:31:40+00:00\" \/>\n<meta property=\"og:image\" content=\"https:\/\/monti.lt\/wp-content\/uploads\/2025\/09\/3D-felt-educational-giraffe-booklet-176100.jpg\" \/>\n\t<meta property=\"og:image:width\" content=\"1024\" \/>\n\t<meta property=\"og:image:height\" content=\"1024\" \/>\n\t<meta property=\"og:image:type\" content=\"image\/jpeg\" \/>\n<meta name=\"twitter:card\" content=\"summary_large_image\" \/>\n<meta name=\"twitter:label1\" content=\"Est. reading time\" \/>\n\t<meta name=\"twitter:data1\" content=\"4 minutes\" \/>\n<script type=\"application\/ld+json\" class=\"yoast-schema-graph\">{\"@context\":\"https:\/\/schema.org\",\"@graph\":[{\"@type\":\"WebPage\",\"@id\":\"https:\/\/monti.lt\/product\/minksta-edukacine-knygele-su-lipdukais-zirafa\/\",\"url\":\"https:\/\/monti.lt\/product\/minksta-edukacine-knygele-su-lipdukais-zirafa\/\",\"name\":\"Mink\u0161ta edukacin\u0117 knygel\u0117 su lipdukais \\\"\u017dirafa\\\" - Montessori \u017eaislai\",\"isPartOf\":{\"@id\":\"https:\/\/monti.lt\/#website\"},\"primaryImageOfPage\":{\"@id\":\"https:\/\/monti.lt\/product\/minksta-edukacine-knygele-su-lipdukais-zirafa\/#primaryimage\"},\"image\":{\"@id\":\"https:\/\/monti.lt\/product\/minksta-edukacine-knygele-su-lipdukais-zirafa\/#primaryimage\"},\"thumbnailUrl\":\"https:\/\/monti.lt\/wp-content\/uploads\/2025\/09\/3D-felt-educational-giraffe-booklet-176100.jpg\",\"datePublished\":\"2025-09-12T08:12:29+00:00\",\"dateModified\":\"2025-11-14T10:31:40+00:00\",\"breadcrumb\":{\"@id\":\"https:\/\/monti.lt\/product\/minksta-edukacine-knygele-su-lipdukais-zirafa\/#breadcrumb\"},\"inLanguage\":\"en-US\",\"potentialAction\":[{\"@type\":\"ReadAction\",\"target\":[\"https:\/\/monti.lt\/product\/minksta-edukacine-knygele-su-lipdukais-zirafa\/\"]}]},{\"@type\":\"ImageObject\",\"inLanguage\":\"en-US\",\"@id\":\"https:\/\/monti.lt\/product\/minksta-edukacine-knygele-su-lipdukais-zirafa\/#primaryimage\",\"url\":\"https:\/\/monti.lt\/wp-content\/uploads\/2025\/09\/3D-felt-educational-giraffe-booklet-176100.jpg\",\"contentUrl\":\"https:\/\/monti.lt\/wp-content\/uploads\/2025\/09\/3D-felt-educational-giraffe-booklet-176100.jpg\",\"width\":1024,\"height\":1024,\"caption\":\"minksta knygele\"},{\"@type\":\"BreadcrumbList\",\"@id\":\"https:\/\/monti.lt\/product\/minksta-edukacine-knygele-su-lipdukais-zirafa\/#breadcrumb\",\"itemListElement\":[{\"@type\":\"ListItem\",\"position\":1,\"name\":\"Home\",\"item\":\"https:\/\/monti.lt\/\"},{\"@type\":\"ListItem\",\"position\":2,\"name\":\"Parduotuv\u0117\",\"item\":\"https:\/\/monti.lt\/shop\/\"},{\"@type\":\"ListItem\",\"position\":3,\"name\":\"Mink\u0161ta edukacin\u0117 knygel\u0117 su lipdukais &#8220;\u017dirafa&#8221;\"}]},{\"@type\":\"WebSite\",\"@id\":\"https:\/\/monti.lt\/#website\",\"url\":\"https:\/\/monti.lt\/\",\"name\":\"Montessori \u017eaislai\",\"description\":\"\",\"publisher\":{\"@id\":\"https:\/\/monti.lt\/#organization\"},\"potentialAction\":[{\"@type\":\"SearchAction\",\"target\":{\"@type\":\"EntryPoint\",\"urlTemplate\":\"https:\/\/monti.lt\/?s={search_term_string}\"},\"query-input\":\"required name=search_term_string\"}],\"inLanguage\":\"en-US\"},{\"@type\":\"Organization\",\"@id\":\"https:\/\/monti.lt\/#organization\",\"name\":\"Montessori \u017eaislai\",\"url\":\"https:\/\/monti.lt\/\",\"logo\":{\"@type\":\"ImageObject\",\"inLanguage\":\"en-US\",\"@id\":\"https:\/\/monti.lt\/#\/schema\/logo\/image\/\",\"url\":\"https:\/\/monti.lt\/wp-content\/uploads\/2022\/03\/montilogo-1.png\",\"contentUrl\":\"https:\/\/monti.lt\/wp-content\/uploads\/2022\/03\/montilogo-1.png\",\"width\":512,\"height\":512,\"caption\":\"Montessori \u017eaislai\"},\"image\":{\"@id\":\"https:\/\/monti.lt\/#\/schema\/logo\/image\/\"}}]}<\/script>\n<!-- \/ Yoast SEO plugin. -->","yoast_head_json":{"title":"Mink\u0161ta edukacin\u0117 knygel\u0117 su lipdukais \"\u017dirafa\" - Montessori \u017eaislai","robots":{"index":"index","follow":"follow","max-snippet":"max-snippet:-1","max-image-preview":"max-image-preview:large","max-video-preview":"max-video-preview:-1"},"canonical":"https:\/\/monti.lt\/en\/product\/minksta-edukacine-knygele-su-lipdukais-zirafa\/","og_locale":"en_US","og_type":"article","og_title":"Mink\u0161ta edukacin\u0117 knygel\u0117 su lipdukais \"\u017dirafa\" - Montessori \u017eaislai","og_description":"Lie\u010diant ir atsegant \u012fvairius knygel\u0117s elementus, vaikas mokosi apie formas, spalvas ir gamtos rei\u0161kinius i\u0161 artimos ir tolimos aplinkos. Kaip manipuliacin\u0117 knygel\u0117 ugdo ma\u017eylio geb\u0117jimus? Ugdo vaiko sensorinius geb\u0117jimus \u2013 knygel\u0117 pagaminta i\u0161 \u012fvairi\u0173 spalv\u0173 ir form\u0173 taktilinio veltinio; vaikas gali mokytis knygel\u0117s turinio regos ir lyt\u0117jimo pagalbaGerina rank\u0173 sukibim\u0105 \u2013 knygel\u0117 su veltinio lipdukais [&hellip;]","og_url":"https:\/\/monti.lt\/en\/product\/minksta-edukacine-knygele-su-lipdukais-zirafa\/","og_site_name":"Montessori \u017eaislai","article_modified_time":"2025-11-14T10:31:40+00:00","og_image":[{"width":1024,"height":1024,"url":"https:\/\/monti.lt\/wp-content\/uploads\/2025\/09\/3D-felt-educational-giraffe-booklet-176100.jpg","type":"image\/jpeg"}],"twitter_card":"summary_large_image","twitter_misc":{"Est. reading time":"4 minutes"},"schema":{"@context":"https:\/\/schema.org","@graph":[{"@type":"WebPage","@id":"https:\/\/monti.lt\/product\/minksta-edukacine-knygele-su-lipdukais-zirafa\/","url":"https:\/\/monti.lt\/product\/minksta-edukacine-knygele-su-lipdukais-zirafa\/","name":"Mink\u0161ta edukacin\u0117 knygel\u0117 su lipdukais \"\u017dirafa\" - Montessori \u017eaislai","isPartOf":{"@id":"https:\/\/monti.lt\/#website"},"primaryImageOfPage":{"@id":"https:\/\/monti.lt\/product\/minksta-edukacine-knygele-su-lipdukais-zirafa\/#primaryimage"},"image":{"@id":"https:\/\/monti.lt\/product\/minksta-edukacine-knygele-su-lipdukais-zirafa\/#primaryimage"},"thumbnailUrl":"https:\/\/monti.lt\/wp-content\/uploads\/2025\/09\/3D-felt-educational-giraffe-booklet-176100.jpg","datePublished":"2025-09-12T08:12:29+00:00","dateModified":"2025-11-14T10:31:40+00:00","breadcrumb":{"@id":"https:\/\/monti.lt\/product\/minksta-edukacine-knygele-su-lipdukais-zirafa\/#breadcrumb"},"inLanguage":"en-US","potentialAction":[{"@type":"ReadAction","target":["https:\/\/monti.lt\/product\/minksta-edukacine-knygele-su-lipdukais-zirafa\/"]}]},{"@type":"ImageObject","inLanguage":"en-US","@id":"https:\/\/monti.lt\/product\/minksta-edukacine-knygele-su-lipdukais-zirafa\/#primaryimage","url":"https:\/\/monti.lt\/wp-content\/uploads\/2025\/09\/3D-felt-educational-giraffe-booklet-176100.jpg","contentUrl":"https:\/\/monti.lt\/wp-content\/uploads\/2025\/09\/3D-felt-educational-giraffe-booklet-176100.jpg","width":1024,"height":1024,"caption":"minksta knygele"},{"@type":"BreadcrumbList","@id":"https:\/\/monti.lt\/product\/minksta-edukacine-knygele-su-lipdukais-zirafa\/#breadcrumb","itemListElement":[{"@type":"ListItem","position":1,"name":"Home","item":"https:\/\/monti.lt\/"},{"@type":"ListItem","position":2,"name":"Parduotuv\u0117","item":"https:\/\/monti.lt\/shop\/"},{"@type":"ListItem","position":3,"name":"Mink\u0161ta edukacin\u0117 knygel\u0117 su lipdukais &#8220;\u017dirafa&#8221;"}]},{"@type":"WebSite","@id":"https:\/\/monti.lt\/#website","url":"https:\/\/monti.lt\/","name":"Montessori \u017eaislai","description":"","publisher":{"@id":"https:\/\/monti.lt\/#organization"},"potentialAction":[{"@type":"SearchAction","target":{"@type":"EntryPoint","urlTemplate":"https:\/\/monti.lt\/?s={search_term_string}"},"query-input":"required name=search_term_string"}],"inLanguage":"en-US"},{"@type":"Organization","@id":"https:\/\/monti.lt\/#organization","name":"Montessori \u017eaislai","url":"https:\/\/monti.lt\/","logo":{"@type":"ImageObject","inLanguage":"en-US","@id":"https:\/\/monti.lt\/#\/schema\/logo\/image\/","url":"https:\/\/monti.lt\/wp-content\/uploads\/2022\/03\/montilogo-1.png","contentUrl":"https:\/\/monti.lt\/wp-content\/uploads\/2022\/03\/montilogo-1.png","width":512,"height":512,"caption":"Montessori \u017eaislai"},"image":{"@id":"https:\/\/monti.lt\/#\/schema\/logo\/image\/"}}]}},"_links":{"self":[{"href":"https:\/\/monti.lt\/en\/wp-json\/wp\/v2\/product\/33223"}],"collection":[{"href":"https:\/\/monti.lt\/en\/wp-json\/wp\/v2\/product"}],"about":[{"href":"https:\/\/monti.lt\/en\/wp-json\/wp\/v2\/types\/product"}],"version-history":[{"count":1,"href":"https:\/\/monti.lt\/en\/wp-json\/wp\/v2\/product\/33223\/revisions"}],"predecessor-version":[{"id":33236,"href":"https:\/\/monti.lt\/en\/wp-json\/wp\/v2\/product\/33223\/revisions\/33236"}],"wp:featuredmedia":[{"embeddable":true,"href":"https:\/\/monti.lt\/en\/wp-json\/wp\/v2\/media\/33224"}],"wp:attachment":[{"href":"https:\/\/monti.lt\/en\/wp-json\/wp\/v2\/media?parent=33223"}],"wp:term":[{"taxonomy":"product_cat","embeddable":true,"href":"https:\/\/monti.lt\/en\/wp-json\/wp\/v2\/product_cat?post=33223"},{"taxonomy":"product_tag","embeddable":true,"href":"https:\/\/monti.lt\/en\/wp-json\/wp\/v2\/product_tag?post=33223"}],"curies":[{"name":"wp","href":"https:\/\/api.w.org\/{rel}","templated":true}]}}