{"id":33279,"date":"2025-09-16T09:27:36","date_gmt":"2025-09-16T09:27:36","guid":{"rendered":"https:\/\/monti.lt\/?post_type=product&#038;p=33279"},"modified":"2025-12-17T09:39:56","modified_gmt":"2025-12-17T09:39:56","slug":"led-piesimo-ir-braizymo-lenta-su-apsvietimu-a3","status":"publish","type":"product","link":"https:\/\/monti.lt\/en\/product\/led-piesimo-ir-braizymo-lenta-su-apsvietimu-a3\/","title":{"rendered":"LED pie\u0161imo ir brai\u017eymo lenta su ap\u0161vietimu, A3"},"content":{"rendered":"<p>A3 \u0161viesos stalas pie\u0161imui yra prietaisas, kuris pravers bet kuriam menininkui, architektui ar dizaineriui. Jis turi tris \u0161viesos re\u017eimus, tod\u0117l galite reguliuoti \u0161viesos intensyvum\u0105 pagal savo poreikius. Stalas yra lengvas ir plonas, tod\u0117l j\u012f galite patogiai pasiimti bet kur \u2013 \u012f bibliotek\u0105 ar mokykl\u0105. Jis idealiai tiks tiek profesionalams, tiek m\u0117g\u0117jams. Prietaisas maitinamas USB kabeliu (jis turi b\u016bti nuolat prijungtas prie maitinimo \u0161altinio).<\/p>\n\n\n\n<p>Techniniai duomenys:<\/p>\n\n\n\n<p>Med\u017eiaga: akrilas<br>\u0160viesos \u0161altinis: LED<br>Maitinimas: USB 5V 2A<br>\u0160viesos re\u017eim\u0173 skai\u010dius: 3<br>Lentos matmenys: 42 cm x 30 cm x 0,4 cm<br>Kabelio ilgis: 180 cm<br>Pakuot\u0117s matmenys: 48,5 cm x 34,5 cm x 4 cm<br>Pakuot\u0117s turinys:<\/p>\n\n\n\n<p>\u0160viesos pie\u0161imo lenta<br>USB kabelis<\/p>\n\n\n\n<p>A3 pie\u0161imo lenta pagaminta i\u0161 auk\u0161tos kokyb\u0117s akrilo, tod\u0117l yra ilgaam\u017e\u0117. Ji yra sertifikuota pagal CE standartus.<\/p>\n\n\n\n<p>Produktas supakuotas kartonin\u0117je d\u0117\u017eut\u0117je.<\/p>\n\n\n\n<p><\/p>","protected":false},"excerpt":{"rendered":"<p>A3 \u0161viesos stalas pie\u0161imui yra prietaisas, kuris pravers bet kuriam menininkui, architektui ar dizaineriui. Jis turi tris \u0161viesos re\u017eimus, tod\u0117l galite reguliuoti \u0161viesos intensyvum\u0105 pagal savo poreikius. Stalas yra lengvas ir plonas, tod\u0117l j\u012f galite patogiai pasiimti bet kur \u2013 \u012f bibliotek\u0105 ar mokykl\u0105. Jis idealiai tiks tiek profesionalams, tiek m\u0117g\u0117jams. Prietaisas maitinamas USB kabeliu [&hellip;]<\/p>","protected":false},"featured_media":33280,"template":"","meta":{"_acf_changed":false,"iawp_total_views":178},"product_cat":[84,89,49,39],"product_tag":[101,98,99,100],"class_list":{"0":"post-33279","1":"product","2":"type-product","3":"status-publish","4":"has-post-thumbnail","6":"product_cat-lavinamieji-zaislai","7":"product_cat-mokausi-piesti","8":"product_cat-visi-zaislai","9":"product_cat-zaislai","10":"product_tag-12-m-14-m","11":"product_tag-5-m-7-m","12":"product_tag-8-m-11-m","13":"product_tag-15-m","15":"first","16":"outofstock","17":"taxable","18":"shipping-taxable","19":"purchasable","20":"product-type-simple"},"acf":[],"yoast_head":"<!-- This site is optimized with the Yoast SEO plugin v23.3 - https:\/\/yoast.com\/wordpress\/plugins\/seo\/ -->\n<title>LED pie\u0161imo ir brai\u017eymo lenta su ap\u0161vietimu, A3 - Montessori \u017eaislai<\/title>\n<meta name=\"robots\" content=\"index, follow, max-snippet:-1, max-image-preview:large, max-video-preview:-1\" \/>\n<link rel=\"canonical\" href=\"https:\/\/monti.lt\/en\/product\/led-piesimo-ir-braizymo-lenta-su-apsvietimu-a3\/\" \/>\n<meta property=\"og:locale\" content=\"en_US\" \/>\n<meta property=\"og:type\" content=\"article\" \/>\n<meta property=\"og:title\" content=\"LED pie\u0161imo ir brai\u017eymo lenta su ap\u0161vietimu, A3 - Montessori \u017eaislai\" \/>\n<meta property=\"og:description\" content=\"A3 \u0161viesos stalas pie\u0161imui yra prietaisas, kuris pravers bet kuriam menininkui, architektui ar dizaineriui. Jis turi tris \u0161viesos re\u017eimus, tod\u0117l galite reguliuoti \u0161viesos intensyvum\u0105 pagal savo poreikius. Stalas yra lengvas ir plonas, tod\u0117l j\u012f galite patogiai pasiimti bet kur \u2013 \u012f bibliotek\u0105 ar mokykl\u0105. Jis idealiai tiks tiek profesionalams, tiek m\u0117g\u0117jams. Prietaisas maitinamas USB kabeliu [&hellip;]\" \/>\n<meta property=\"og:url\" content=\"https:\/\/monti.lt\/en\/product\/led-piesimo-ir-braizymo-lenta-su-apsvietimu-a3\/\" \/>\n<meta property=\"og:site_name\" content=\"Montessori \u017eaislai\" \/>\n<meta property=\"article:modified_time\" content=\"2025-12-17T09:39:56+00:00\" \/>\n<meta property=\"og:image\" content=\"https:\/\/monti.lt\/wp-content\/uploads\/2025\/09\/LED-light-box-pad-drawing-board-A3-158274.jpg\" \/>\n\t<meta property=\"og:image:width\" content=\"1024\" \/>\n\t<meta property=\"og:image:height\" content=\"1024\" \/>\n\t<meta property=\"og:image:type\" content=\"image\/jpeg\" \/>\n<meta name=\"twitter:card\" content=\"summary_large_image\" \/>\n<meta name=\"twitter:label1\" content=\"Est. reading time\" \/>\n\t<meta name=\"twitter:data1\" content=\"1 minute\" \/>\n<script type=\"application\/ld+json\" class=\"yoast-schema-graph\">{\"@context\":\"https:\/\/schema.org\",\"@graph\":[{\"@type\":\"WebPage\",\"@id\":\"https:\/\/monti.lt\/product\/led-piesimo-ir-braizymo-lenta-su-apsvietimu-a3\/\",\"url\":\"https:\/\/monti.lt\/product\/led-piesimo-ir-braizymo-lenta-su-apsvietimu-a3\/\",\"name\":\"LED pie\u0161imo ir brai\u017eymo lenta su ap\u0161vietimu, A3 - Montessori \u017eaislai\",\"isPartOf\":{\"@id\":\"https:\/\/monti.lt\/#website\"},\"primaryImageOfPage\":{\"@id\":\"https:\/\/monti.lt\/product\/led-piesimo-ir-braizymo-lenta-su-apsvietimu-a3\/#primaryimage\"},\"image\":{\"@id\":\"https:\/\/monti.lt\/product\/led-piesimo-ir-braizymo-lenta-su-apsvietimu-a3\/#primaryimage\"},\"thumbnailUrl\":\"https:\/\/monti.lt\/wp-content\/uploads\/2025\/09\/LED-light-box-pad-drawing-board-A3-158274.jpg\",\"datePublished\":\"2025-09-16T09:27:36+00:00\",\"dateModified\":\"2025-12-17T09:39:56+00:00\",\"breadcrumb\":{\"@id\":\"https:\/\/monti.lt\/product\/led-piesimo-ir-braizymo-lenta-su-apsvietimu-a3\/#breadcrumb\"},\"inLanguage\":\"en-US\",\"potentialAction\":[{\"@type\":\"ReadAction\",\"target\":[\"https:\/\/monti.lt\/product\/led-piesimo-ir-braizymo-lenta-su-apsvietimu-a3\/\"]}]},{\"@type\":\"ImageObject\",\"inLanguage\":\"en-US\",\"@id\":\"https:\/\/monti.lt\/product\/led-piesimo-ir-braizymo-lenta-su-apsvietimu-a3\/#primaryimage\",\"url\":\"https:\/\/monti.lt\/wp-content\/uploads\/2025\/09\/LED-light-box-pad-drawing-board-A3-158274.jpg\",\"contentUrl\":\"https:\/\/monti.lt\/wp-content\/uploads\/2025\/09\/LED-light-box-pad-drawing-board-A3-158274.jpg\",\"width\":1024,\"height\":1024,\"caption\":\"sviesos stalas\"},{\"@type\":\"BreadcrumbList\",\"@id\":\"https:\/\/monti.lt\/product\/led-piesimo-ir-braizymo-lenta-su-apsvietimu-a3\/#breadcrumb\",\"itemListElement\":[{\"@type\":\"ListItem\",\"position\":1,\"name\":\"Home\",\"item\":\"https:\/\/monti.lt\/\"},{\"@type\":\"ListItem\",\"position\":2,\"name\":\"Parduotuv\u0117\",\"item\":\"https:\/\/monti.lt\/shop\/\"},{\"@type\":\"ListItem\",\"position\":3,\"name\":\"LED pie\u0161imo ir brai\u017eymo lenta su ap\u0161vietimu, A3\"}]},{\"@type\":\"WebSite\",\"@id\":\"https:\/\/monti.lt\/#website\",\"url\":\"https:\/\/monti.lt\/\",\"name\":\"Montessori \u017eaislai\",\"description\":\"\",\"publisher\":{\"@id\":\"https:\/\/monti.lt\/#organization\"},\"potentialAction\":[{\"@type\":\"SearchAction\",\"target\":{\"@type\":\"EntryPoint\",\"urlTemplate\":\"https:\/\/monti.lt\/?s={search_term_string}\"},\"query-input\":\"required name=search_term_string\"}],\"inLanguage\":\"en-US\"},{\"@type\":\"Organization\",\"@id\":\"https:\/\/monti.lt\/#organization\",\"name\":\"Montessori \u017eaislai\",\"url\":\"https:\/\/monti.lt\/\",\"logo\":{\"@type\":\"ImageObject\",\"inLanguage\":\"en-US\",\"@id\":\"https:\/\/monti.lt\/#\/schema\/logo\/image\/\",\"url\":\"https:\/\/monti.lt\/wp-content\/uploads\/2022\/03\/montilogo-1.png\",\"contentUrl\":\"https:\/\/monti.lt\/wp-content\/uploads\/2022\/03\/montilogo-1.png\",\"width\":512,\"height\":512,\"caption\":\"Montessori \u017eaislai\"},\"image\":{\"@id\":\"https:\/\/monti.lt\/#\/schema\/logo\/image\/\"}}]}<\/script>\n<!-- \/ Yoast SEO plugin. -->","yoast_head_json":{"title":"LED pie\u0161imo ir brai\u017eymo lenta su ap\u0161vietimu, A3 - Montessori \u017eaislai","robots":{"index":"index","follow":"follow","max-snippet":"max-snippet:-1","max-image-preview":"max-image-preview:large","max-video-preview":"max-video-preview:-1"},"canonical":"https:\/\/monti.lt\/en\/product\/led-piesimo-ir-braizymo-lenta-su-apsvietimu-a3\/","og_locale":"en_US","og_type":"article","og_title":"LED pie\u0161imo ir brai\u017eymo lenta su ap\u0161vietimu, A3 - Montessori \u017eaislai","og_description":"A3 \u0161viesos stalas pie\u0161imui yra prietaisas, kuris pravers bet kuriam menininkui, architektui ar dizaineriui. Jis turi tris \u0161viesos re\u017eimus, tod\u0117l galite reguliuoti \u0161viesos intensyvum\u0105 pagal savo poreikius. Stalas yra lengvas ir plonas, tod\u0117l j\u012f galite patogiai pasiimti bet kur \u2013 \u012f bibliotek\u0105 ar mokykl\u0105. Jis idealiai tiks tiek profesionalams, tiek m\u0117g\u0117jams. Prietaisas maitinamas USB kabeliu [&hellip;]","og_url":"https:\/\/monti.lt\/en\/product\/led-piesimo-ir-braizymo-lenta-su-apsvietimu-a3\/","og_site_name":"Montessori \u017eaislai","article_modified_time":"2025-12-17T09:39:56+00:00","og_image":[{"width":1024,"height":1024,"url":"https:\/\/monti.lt\/wp-content\/uploads\/2025\/09\/LED-light-box-pad-drawing-board-A3-158274.jpg","type":"image\/jpeg"}],"twitter_card":"summary_large_image","twitter_misc":{"Est. reading time":"1 minute"},"schema":{"@context":"https:\/\/schema.org","@graph":[{"@type":"WebPage","@id":"https:\/\/monti.lt\/product\/led-piesimo-ir-braizymo-lenta-su-apsvietimu-a3\/","url":"https:\/\/monti.lt\/product\/led-piesimo-ir-braizymo-lenta-su-apsvietimu-a3\/","name":"LED pie\u0161imo ir brai\u017eymo lenta su ap\u0161vietimu, A3 - Montessori \u017eaislai","isPartOf":{"@id":"https:\/\/monti.lt\/#website"},"primaryImageOfPage":{"@id":"https:\/\/monti.lt\/product\/led-piesimo-ir-braizymo-lenta-su-apsvietimu-a3\/#primaryimage"},"image":{"@id":"https:\/\/monti.lt\/product\/led-piesimo-ir-braizymo-lenta-su-apsvietimu-a3\/#primaryimage"},"thumbnailUrl":"https:\/\/monti.lt\/wp-content\/uploads\/2025\/09\/LED-light-box-pad-drawing-board-A3-158274.jpg","datePublished":"2025-09-16T09:27:36+00:00","dateModified":"2025-12-17T09:39:56+00:00","breadcrumb":{"@id":"https:\/\/monti.lt\/product\/led-piesimo-ir-braizymo-lenta-su-apsvietimu-a3\/#breadcrumb"},"inLanguage":"en-US","potentialAction":[{"@type":"ReadAction","target":["https:\/\/monti.lt\/product\/led-piesimo-ir-braizymo-lenta-su-apsvietimu-a3\/"]}]},{"@type":"ImageObject","inLanguage":"en-US","@id":"https:\/\/monti.lt\/product\/led-piesimo-ir-braizymo-lenta-su-apsvietimu-a3\/#primaryimage","url":"https:\/\/monti.lt\/wp-content\/uploads\/2025\/09\/LED-light-box-pad-drawing-board-A3-158274.jpg","contentUrl":"https:\/\/monti.lt\/wp-content\/uploads\/2025\/09\/LED-light-box-pad-drawing-board-A3-158274.jpg","width":1024,"height":1024,"caption":"sviesos stalas"},{"@type":"BreadcrumbList","@id":"https:\/\/monti.lt\/product\/led-piesimo-ir-braizymo-lenta-su-apsvietimu-a3\/#breadcrumb","itemListElement":[{"@type":"ListItem","position":1,"name":"Home","item":"https:\/\/monti.lt\/"},{"@type":"ListItem","position":2,"name":"Parduotuv\u0117","item":"https:\/\/monti.lt\/shop\/"},{"@type":"ListItem","position":3,"name":"LED pie\u0161imo ir brai\u017eymo lenta su ap\u0161vietimu, A3"}]},{"@type":"WebSite","@id":"https:\/\/monti.lt\/#website","url":"https:\/\/monti.lt\/","name":"Montessori \u017eaislai","description":"","publisher":{"@id":"https:\/\/monti.lt\/#organization"},"potentialAction":[{"@type":"SearchAction","target":{"@type":"EntryPoint","urlTemplate":"https:\/\/monti.lt\/?s={search_term_string}"},"query-input":"required name=search_term_string"}],"inLanguage":"en-US"},{"@type":"Organization","@id":"https:\/\/monti.lt\/#organization","name":"Montessori \u017eaislai","url":"https:\/\/monti.lt\/","logo":{"@type":"ImageObject","inLanguage":"en-US","@id":"https:\/\/monti.lt\/#\/schema\/logo\/image\/","url":"https:\/\/monti.lt\/wp-content\/uploads\/2022\/03\/montilogo-1.png","contentUrl":"https:\/\/monti.lt\/wp-content\/uploads\/2022\/03\/montilogo-1.png","width":512,"height":512,"caption":"Montessori \u017eaislai"},"image":{"@id":"https:\/\/monti.lt\/#\/schema\/logo\/image\/"}}]}},"_links":{"self":[{"href":"https:\/\/monti.lt\/en\/wp-json\/wp\/v2\/product\/33279"}],"collection":[{"href":"https:\/\/monti.lt\/en\/wp-json\/wp\/v2\/product"}],"about":[{"href":"https:\/\/monti.lt\/en\/wp-json\/wp\/v2\/types\/product"}],"version-history":[{"count":1,"href":"https:\/\/monti.lt\/en\/wp-json\/wp\/v2\/product\/33279\/revisions"}],"predecessor-version":[{"id":33288,"href":"https:\/\/monti.lt\/en\/wp-json\/wp\/v2\/product\/33279\/revisions\/33288"}],"wp:featuredmedia":[{"embeddable":true,"href":"https:\/\/monti.lt\/en\/wp-json\/wp\/v2\/media\/33280"}],"wp:attachment":[{"href":"https:\/\/monti.lt\/en\/wp-json\/wp\/v2\/media?parent=33279"}],"wp:term":[{"taxonomy":"product_cat","embeddable":true,"href":"https:\/\/monti.lt\/en\/wp-json\/wp\/v2\/product_cat?post=33279"},{"taxonomy":"product_tag","embeddable":true,"href":"https:\/\/monti.lt\/en\/wp-json\/wp\/v2\/product_tag?post=33279"}],"curies":[{"name":"wp","href":"https:\/\/api.w.org\/{rel}","templated":true}]}}