{"id":33289,"date":"2025-09-16T09:31:41","date_gmt":"2025-09-16T09:31:41","guid":{"rendered":"https:\/\/monti.lt\/?post_type=product&#038;p=33289"},"modified":"2026-01-20T08:47:24","modified_gmt":"2026-01-20T08:47:24","slug":"interaktyvus-stalo-zaidimas-vaikams-futbolas","status":"publish","type":"product","link":"https:\/\/monti.lt\/en\/product\/interaktyvus-stalo-zaidimas-vaikams-futbolas\/","title":{"rendered":"Interaktyvus stalo \u017eaidimas vaikams &#8220;Futbolas&#8221;"},"content":{"rendered":"<ul class=\"wp-block-list\">\n<li>Med\u017eiaga: plastikas<\/li>\n\n\n\n<li>Am\u017eius: 3+<\/li>\n\n\n\n<li>\u017daid\u0117j\u0173 skai\u010dius: 2<\/li>\n\n\n\n<li>Kamuolio maitinimas: 3x 1,5 V AAA baterijos (\u012f komplekt\u0105 ne\u012feina)<br>Komplekto sud\u0117tis:<\/li>\n\n\n\n<li>2 vartai<\/li>\n\n\n\n<li>1 kamuolys<\/li>\n\n\n\n<li>2 raket\u0117s<\/li>\n\n\n\n<li>9 siurbtukai<\/li>\n\n\n\n<li>2 tinklai<\/li>\n\n\n\n<li>1 virv\u0117 aik\u0161tel\u0117s \u017eym\u0117jimui<br>Matmenys:<\/li>\n\n\n\n<li>Kamuoliai: 11 cm<\/li>\n\n\n\n<li>Raket\u0117s: 8 cm x 13,5 cm x 13,5 cm<\/li>\n\n\n\n<li>Vartai: 28 cm x 13,5 cm x 13,5 cm<br>Baterij\u0173 \u012fd\u0117jimas:<\/li>\n<\/ul>\n\n\n\n<ol class=\"wp-block-list\">\n<li>Atidarykite baterij\u0173 dangtel\u012f.<\/li>\n\n\n\n<li>\u012ed\u0117kite 3 AAA baterijas pagal poli\u0161kumo \u017eymes.<\/li>\n\n\n\n<li>U\u017edarykite dangtel\u012f ir \u012fsitikinkite, kad jis yra tinkamai u\u017efiksuotas.<br>\u017dAIDIMO TAISYKL\u0116S<\/li>\n\n\n\n<li>Pastatykite vartus ir pa\u017eym\u0117kite \u017eaidimo aik\u0161tel\u0119 ant stalo.<\/li>\n\n\n\n<li>Atsistokite u\u017e vart\u0173.<\/li>\n\n\n\n<li>\u012ejunkite kamuol\u012f.<\/li>\n\n\n\n<li>Prad\u0117kite rungtynes \u2013 tikslas yra \u012fmu\u0161ti \u012fvart\u012f \u012f prie\u0161ininko vartus.<br>\u012eSP\u0116JIMAI D\u0116L BATERIJ\u0172<\/li>\n\n\n\n<li>Neperkraukite vienkartini\u0173 baterij\u0173.<\/li>\n\n\n\n<li>Perkraunamos baterijos turi b\u016bti nuolat<br>pri\u017ei\u016brimos suaugusiojo per \u012fkrovimo laik\u0105.<\/li>\n\n\n\n<li>Prie\u0161 \u012fkraunant i\u0161imkite baterijas i\u0161 produkto.<\/li>\n\n\n\n<li>Nenaudokite skirting\u0173 tip\u0173 baterij\u0173 arba nauj\u0173 ir naudot\u0173 baterij\u0173 tuo pa\u010diu metu.<\/li>\n\n\n\n<li>\u012ed\u0117kite baterijas pagal poli\u0161kumo \u017eymes.<\/li>\n\n\n\n<li>I\u0161imkite naudotas baterijas i\u0161 produkto.<\/li>\n\n\n\n<li>Nesukelkite trumpojo jungimo maitinimo jungtyse.<br>\u012eSP\u0116JIMAI<\/li>\n\n\n\n<li>Vaikai, naudodami produkt\u0105, turi b\u016bti nuolat pri\u017ei\u016brimi suaugusi\u0173j\u0173.<\/li>\n\n\n\n<li>Produktas turi smulki\u0173 dali\u0173, kurios, jei bus prarytos,<br>gali kelti u\u017espringimo pavoj\u0173.<\/li>\n<\/ol>\n\n\n\n<p><\/p>","protected":false},"excerpt":{"rendered":"","protected":false},"featured_media":33292,"template":"","meta":{"_acf_changed":false,"iawp_total_views":150},"product_cat":[84,93,49,39,215],"product_tag":[98,99],"class_list":{"0":"post-33289","1":"product","2":"type-product","3":"status-publish","4":"has-post-thumbnail","6":"product_cat-lavinamieji-zaislai","7":"product_cat-vaidmenu-zaidimai","8":"product_cat-visi-zaislai","9":"product_cat-zaislai","10":"product_cat-zaislai-berniukams","11":"product_tag-5-m-7-m","12":"product_tag-8-m-11-m","14":"first","15":"outofstock","16":"sale","17":"taxable","18":"shipping-taxable","19":"purchasable","20":"product-type-simple"},"acf":[],"yoast_head":"<!-- This site is optimized with the Yoast SEO plugin v23.3 - https:\/\/yoast.com\/wordpress\/plugins\/seo\/ -->\n<title>Interaktyvus stalo \u017eaidimas vaikams &quot;Futbolas&quot; - Montessori \u017eaislai<\/title>\n<meta name=\"robots\" content=\"index, follow, max-snippet:-1, max-image-preview:large, max-video-preview:-1\" \/>\n<link rel=\"canonical\" href=\"https:\/\/monti.lt\/en\/product\/interaktyvus-stalo-zaidimas-vaikams-futbolas\/\" \/>\n<meta property=\"og:locale\" content=\"en_US\" \/>\n<meta property=\"og:type\" content=\"article\" \/>\n<meta property=\"og:title\" content=\"Interaktyvus stalo \u017eaidimas vaikams &quot;Futbolas&quot; - Montessori \u017eaislai\" \/>\n<meta property=\"og:url\" content=\"https:\/\/monti.lt\/en\/product\/interaktyvus-stalo-zaidimas-vaikams-futbolas\/\" \/>\n<meta property=\"og:site_name\" content=\"Montessori \u017eaislai\" \/>\n<meta property=\"article:modified_time\" content=\"2026-01-20T08:47:24+00:00\" \/>\n<meta property=\"og:image\" content=\"https:\/\/monti.lt\/wp-content\/uploads\/2025\/09\/Hoverball-flying-ball-for-table-glowing-goals-105460.jpg\" \/>\n\t<meta property=\"og:image:width\" content=\"1024\" \/>\n\t<meta property=\"og:image:height\" content=\"768\" \/>\n\t<meta property=\"og:image:type\" content=\"image\/jpeg\" \/>\n<meta name=\"twitter:card\" content=\"summary_large_image\" \/>\n<meta name=\"twitter:label1\" content=\"Est. reading time\" \/>\n\t<meta name=\"twitter:data1\" content=\"2 minutes\" \/>\n<script type=\"application\/ld+json\" class=\"yoast-schema-graph\">{\"@context\":\"https:\/\/schema.org\",\"@graph\":[{\"@type\":\"WebPage\",\"@id\":\"https:\/\/monti.lt\/product\/interaktyvus-stalo-zaidimas-vaikams-futbolas\/\",\"url\":\"https:\/\/monti.lt\/product\/interaktyvus-stalo-zaidimas-vaikams-futbolas\/\",\"name\":\"Interaktyvus stalo \u017eaidimas vaikams \\\"Futbolas\\\" - Montessori \u017eaislai\",\"isPartOf\":{\"@id\":\"https:\/\/monti.lt\/#website\"},\"primaryImageOfPage\":{\"@id\":\"https:\/\/monti.lt\/product\/interaktyvus-stalo-zaidimas-vaikams-futbolas\/#primaryimage\"},\"image\":{\"@id\":\"https:\/\/monti.lt\/product\/interaktyvus-stalo-zaidimas-vaikams-futbolas\/#primaryimage\"},\"thumbnailUrl\":\"https:\/\/monti.lt\/wp-content\/uploads\/2025\/09\/Hoverball-flying-ball-for-table-glowing-goals-105460.jpg\",\"datePublished\":\"2025-09-16T09:31:41+00:00\",\"dateModified\":\"2026-01-20T08:47:24+00:00\",\"breadcrumb\":{\"@id\":\"https:\/\/monti.lt\/product\/interaktyvus-stalo-zaidimas-vaikams-futbolas\/#breadcrumb\"},\"inLanguage\":\"en-US\",\"potentialAction\":[{\"@type\":\"ReadAction\",\"target\":[\"https:\/\/monti.lt\/product\/interaktyvus-stalo-zaidimas-vaikams-futbolas\/\"]}]},{\"@type\":\"ImageObject\",\"inLanguage\":\"en-US\",\"@id\":\"https:\/\/monti.lt\/product\/interaktyvus-stalo-zaidimas-vaikams-futbolas\/#primaryimage\",\"url\":\"https:\/\/monti.lt\/wp-content\/uploads\/2025\/09\/Hoverball-flying-ball-for-table-glowing-goals-105460.jpg\",\"contentUrl\":\"https:\/\/monti.lt\/wp-content\/uploads\/2025\/09\/Hoverball-flying-ball-for-table-glowing-goals-105460.jpg\",\"width\":1024,\"height\":768,\"caption\":\"stalo futbolas\"},{\"@type\":\"BreadcrumbList\",\"@id\":\"https:\/\/monti.lt\/product\/interaktyvus-stalo-zaidimas-vaikams-futbolas\/#breadcrumb\",\"itemListElement\":[{\"@type\":\"ListItem\",\"position\":1,\"name\":\"Home\",\"item\":\"https:\/\/monti.lt\/\"},{\"@type\":\"ListItem\",\"position\":2,\"name\":\"Parduotuv\u0117\",\"item\":\"https:\/\/monti.lt\/shop\/\"},{\"@type\":\"ListItem\",\"position\":3,\"name\":\"Interaktyvus stalo \u017eaidimas vaikams &#8220;Futbolas&#8221;\"}]},{\"@type\":\"WebSite\",\"@id\":\"https:\/\/monti.lt\/#website\",\"url\":\"https:\/\/monti.lt\/\",\"name\":\"Montessori \u017eaislai\",\"description\":\"\",\"publisher\":{\"@id\":\"https:\/\/monti.lt\/#organization\"},\"potentialAction\":[{\"@type\":\"SearchAction\",\"target\":{\"@type\":\"EntryPoint\",\"urlTemplate\":\"https:\/\/monti.lt\/?s={search_term_string}\"},\"query-input\":\"required name=search_term_string\"}],\"inLanguage\":\"en-US\"},{\"@type\":\"Organization\",\"@id\":\"https:\/\/monti.lt\/#organization\",\"name\":\"Montessori \u017eaislai\",\"url\":\"https:\/\/monti.lt\/\",\"logo\":{\"@type\":\"ImageObject\",\"inLanguage\":\"en-US\",\"@id\":\"https:\/\/monti.lt\/#\/schema\/logo\/image\/\",\"url\":\"https:\/\/monti.lt\/wp-content\/uploads\/2022\/03\/montilogo-1.png\",\"contentUrl\":\"https:\/\/monti.lt\/wp-content\/uploads\/2022\/03\/montilogo-1.png\",\"width\":512,\"height\":512,\"caption\":\"Montessori \u017eaislai\"},\"image\":{\"@id\":\"https:\/\/monti.lt\/#\/schema\/logo\/image\/\"}}]}<\/script>\n<!-- \/ Yoast SEO plugin. -->","yoast_head_json":{"title":"Interaktyvus stalo \u017eaidimas vaikams \"Futbolas\" - Montessori \u017eaislai","robots":{"index":"index","follow":"follow","max-snippet":"max-snippet:-1","max-image-preview":"max-image-preview:large","max-video-preview":"max-video-preview:-1"},"canonical":"https:\/\/monti.lt\/en\/product\/interaktyvus-stalo-zaidimas-vaikams-futbolas\/","og_locale":"en_US","og_type":"article","og_title":"Interaktyvus stalo \u017eaidimas vaikams \"Futbolas\" - Montessori \u017eaislai","og_url":"https:\/\/monti.lt\/en\/product\/interaktyvus-stalo-zaidimas-vaikams-futbolas\/","og_site_name":"Montessori \u017eaislai","article_modified_time":"2026-01-20T08:47:24+00:00","og_image":[{"width":1024,"height":768,"url":"https:\/\/monti.lt\/wp-content\/uploads\/2025\/09\/Hoverball-flying-ball-for-table-glowing-goals-105460.jpg","type":"image\/jpeg"}],"twitter_card":"summary_large_image","twitter_misc":{"Est. reading time":"2 minutes"},"schema":{"@context":"https:\/\/schema.org","@graph":[{"@type":"WebPage","@id":"https:\/\/monti.lt\/product\/interaktyvus-stalo-zaidimas-vaikams-futbolas\/","url":"https:\/\/monti.lt\/product\/interaktyvus-stalo-zaidimas-vaikams-futbolas\/","name":"Interaktyvus stalo \u017eaidimas vaikams \"Futbolas\" - Montessori \u017eaislai","isPartOf":{"@id":"https:\/\/monti.lt\/#website"},"primaryImageOfPage":{"@id":"https:\/\/monti.lt\/product\/interaktyvus-stalo-zaidimas-vaikams-futbolas\/#primaryimage"},"image":{"@id":"https:\/\/monti.lt\/product\/interaktyvus-stalo-zaidimas-vaikams-futbolas\/#primaryimage"},"thumbnailUrl":"https:\/\/monti.lt\/wp-content\/uploads\/2025\/09\/Hoverball-flying-ball-for-table-glowing-goals-105460.jpg","datePublished":"2025-09-16T09:31:41+00:00","dateModified":"2026-01-20T08:47:24+00:00","breadcrumb":{"@id":"https:\/\/monti.lt\/product\/interaktyvus-stalo-zaidimas-vaikams-futbolas\/#breadcrumb"},"inLanguage":"en-US","potentialAction":[{"@type":"ReadAction","target":["https:\/\/monti.lt\/product\/interaktyvus-stalo-zaidimas-vaikams-futbolas\/"]}]},{"@type":"ImageObject","inLanguage":"en-US","@id":"https:\/\/monti.lt\/product\/interaktyvus-stalo-zaidimas-vaikams-futbolas\/#primaryimage","url":"https:\/\/monti.lt\/wp-content\/uploads\/2025\/09\/Hoverball-flying-ball-for-table-glowing-goals-105460.jpg","contentUrl":"https:\/\/monti.lt\/wp-content\/uploads\/2025\/09\/Hoverball-flying-ball-for-table-glowing-goals-105460.jpg","width":1024,"height":768,"caption":"stalo futbolas"},{"@type":"BreadcrumbList","@id":"https:\/\/monti.lt\/product\/interaktyvus-stalo-zaidimas-vaikams-futbolas\/#breadcrumb","itemListElement":[{"@type":"ListItem","position":1,"name":"Home","item":"https:\/\/monti.lt\/"},{"@type":"ListItem","position":2,"name":"Parduotuv\u0117","item":"https:\/\/monti.lt\/shop\/"},{"@type":"ListItem","position":3,"name":"Interaktyvus stalo \u017eaidimas vaikams &#8220;Futbolas&#8221;"}]},{"@type":"WebSite","@id":"https:\/\/monti.lt\/#website","url":"https:\/\/monti.lt\/","name":"Montessori \u017eaislai","description":"","publisher":{"@id":"https:\/\/monti.lt\/#organization"},"potentialAction":[{"@type":"SearchAction","target":{"@type":"EntryPoint","urlTemplate":"https:\/\/monti.lt\/?s={search_term_string}"},"query-input":"required name=search_term_string"}],"inLanguage":"en-US"},{"@type":"Organization","@id":"https:\/\/monti.lt\/#organization","name":"Montessori \u017eaislai","url":"https:\/\/monti.lt\/","logo":{"@type":"ImageObject","inLanguage":"en-US","@id":"https:\/\/monti.lt\/#\/schema\/logo\/image\/","url":"https:\/\/monti.lt\/wp-content\/uploads\/2022\/03\/montilogo-1.png","contentUrl":"https:\/\/monti.lt\/wp-content\/uploads\/2022\/03\/montilogo-1.png","width":512,"height":512,"caption":"Montessori \u017eaislai"},"image":{"@id":"https:\/\/monti.lt\/#\/schema\/logo\/image\/"}}]}},"_links":{"self":[{"href":"https:\/\/monti.lt\/en\/wp-json\/wp\/v2\/product\/33289"}],"collection":[{"href":"https:\/\/monti.lt\/en\/wp-json\/wp\/v2\/product"}],"about":[{"href":"https:\/\/monti.lt\/en\/wp-json\/wp\/v2\/types\/product"}],"version-history":[{"count":1,"href":"https:\/\/monti.lt\/en\/wp-json\/wp\/v2\/product\/33289\/revisions"}],"predecessor-version":[{"id":33290,"href":"https:\/\/monti.lt\/en\/wp-json\/wp\/v2\/product\/33289\/revisions\/33290"}],"wp:featuredmedia":[{"embeddable":true,"href":"https:\/\/monti.lt\/en\/wp-json\/wp\/v2\/media\/33292"}],"wp:attachment":[{"href":"https:\/\/monti.lt\/en\/wp-json\/wp\/v2\/media?parent=33289"}],"wp:term":[{"taxonomy":"product_cat","embeddable":true,"href":"https:\/\/monti.lt\/en\/wp-json\/wp\/v2\/product_cat?post=33289"},{"taxonomy":"product_tag","embeddable":true,"href":"https:\/\/monti.lt\/en\/wp-json\/wp\/v2\/product_tag?post=33289"}],"curies":[{"name":"wp","href":"https:\/\/api.w.org\/{rel}","templated":true}]}}