{"id":33301,"date":"2025-09-16T09:57:49","date_gmt":"2025-09-16T09:57:49","guid":{"rendered":"https:\/\/monti.lt\/?post_type=product&#038;p=33301"},"modified":"2026-04-12T06:19:27","modified_gmt":"2026-04-12T06:19:27","slug":"lavinamasis-gyvunu-zaidimas","status":"publish","type":"product","link":"https:\/\/monti.lt\/en\/product\/lavinamasis-gyvunu-zaidimas\/","title":{"rendered":"Lavinamasis gyv\u016bn\u0173 \u017eaidimas"},"content":{"rendered":"<p>Edukacinis \u017eaidimas \u201ePopping Animals\u201c \u2013 tai puikus b\u016bdas mokytis \u017eaisdami. \u017daislas turi keturias mielas fig\u016br\u0117les (krokodil\u0105, pingvin\u0105, begemot\u0105 ir li\u016bt\u0105), kurios pasisl\u0117p\u0117 viduje ir laukia, kol ma\u017eylis pad\u0117s joms i\u0161l\u012fsti. Kai vaikas paspaud\u017eia, perjungia ar pasuka vien\u0105 i\u0161 interaktyvi\u0173 element\u0173, vienas i\u0161 gyv\u016bn\u0117li\u0173 i\u0161\u0161oka. \u017daislas puikiai tinka ma\u017eyli\u0173 rank\u0173 \u012fg\u016bd\u017ei\u0173 ugdymui, taip pat j\u0173 logikai, ypa\u010d prie\u017easties ir pasekm\u0117s m\u0105stymui. Spalvingos fig\u016br\u0117l\u0117s ir interaktyv\u016bs elementai tikrai patrauks vaik\u0173 d\u0117mes\u012f ir paskatins juos \u017eaisti.<\/p>\n\n\n\n<p>Techniniai parametrai:<\/p>\n\n\n\n<p>Naudotojo am\u017eius: 18 m\u0117n.<br>Med\u017eiaga: plastikas<br>\u017daislo matmenys: 25 cm x 13 cm x 10,5 cm<br>Pakuot\u0117s matmenys: 27 cm x 14,5 cm x 14 cm<\/p>\n\n\n\n<p>\u017daislas pagamintas i\u0161 tvirto ir saugaus plastiko. Jis yra sertifikuotas pagal CE standart\u0105.<\/p>\n\n\n\n<p>Produktas supakuotas \u012f kartonin\u0119 d\u0117\u017eut\u0119 su langeliu.<\/p>","protected":false},"excerpt":{"rendered":"<p>Edukacinis \u017eaidimas \u201ePopping Animals\u201c \u2013 tai puikus b\u016bdas mokytis \u017eaisdami. \u017daislas turi keturias mielas fig\u016br\u0117les (krokodil\u0105, pingvin\u0105, begemot\u0105 ir li\u016bt\u0105), kurios pasisl\u0117p\u0117 viduje ir laukia, kol ma\u017eylis pad\u0117s joms i\u0161l\u012fsti. Kai vaikas paspaud\u017eia, perjungia ar pasuka vien\u0105 i\u0161 interaktyvi\u0173 element\u0173, vienas i\u0161 gyv\u016bn\u0117li\u0173 i\u0161\u0161oka. \u017daislas puikiai tinka ma\u017eyli\u0173 rank\u0173 \u012fg\u016bd\u017ei\u0173 ugdymui, taip pat j\u0173 logikai, [&hellip;]<\/p>","protected":false},"featured_media":33302,"template":"","meta":{"_acf_changed":false,"iawp_total_views":146},"product_cat":[193,191,84,91,86,49,39],"product_tag":[95,96],"class_list":{"0":"post-33301","1":"product","2":"type-product","3":"status-publish","4":"has-post-thumbnail","6":"product_cat-dovanos-vaikams-1-2-metu","7":"product_cat-dovanos-vaikams","8":"product_cat-lavinamieji-zaislai","9":"product_cat-loginiam-mastymui","10":"product_cat-smulkioji-motorika","11":"product_cat-visi-zaislai","12":"product_cat-zaislai","13":"product_tag-1-m-2-m","14":"product_tag-2-m-3-m","16":"first","17":"outofstock","18":"taxable","19":"shipping-taxable","20":"purchasable","21":"product-type-simple"},"acf":[],"yoast_head":"<!-- This site is optimized with the Yoast SEO plugin v23.3 - https:\/\/yoast.com\/wordpress\/plugins\/seo\/ -->\n<title>Lavinamasis gyv\u016bn\u0173 \u017eaidimas - Montessori \u017eaislai<\/title>\n<meta name=\"robots\" content=\"index, follow, max-snippet:-1, max-image-preview:large, max-video-preview:-1\" \/>\n<link rel=\"canonical\" href=\"https:\/\/monti.lt\/en\/product\/lavinamasis-gyvunu-zaidimas\/\" \/>\n<meta property=\"og:locale\" content=\"en_US\" \/>\n<meta property=\"og:type\" content=\"article\" \/>\n<meta property=\"og:title\" content=\"Lavinamasis gyv\u016bn\u0173 \u017eaidimas - Montessori \u017eaislai\" \/>\n<meta property=\"og:description\" content=\"Edukacinis \u017eaidimas \u201ePopping Animals\u201c \u2013 tai puikus b\u016bdas mokytis \u017eaisdami. \u017daislas turi keturias mielas fig\u016br\u0117les (krokodil\u0105, pingvin\u0105, begemot\u0105 ir li\u016bt\u0105), kurios pasisl\u0117p\u0117 viduje ir laukia, kol ma\u017eylis pad\u0117s joms i\u0161l\u012fsti. Kai vaikas paspaud\u017eia, perjungia ar pasuka vien\u0105 i\u0161 interaktyvi\u0173 element\u0173, vienas i\u0161 gyv\u016bn\u0117li\u0173 i\u0161\u0161oka. \u017daislas puikiai tinka ma\u017eyli\u0173 rank\u0173 \u012fg\u016bd\u017ei\u0173 ugdymui, taip pat j\u0173 logikai, [&hellip;]\" \/>\n<meta property=\"og:url\" content=\"https:\/\/monti.lt\/en\/product\/lavinamasis-gyvunu-zaidimas\/\" \/>\n<meta property=\"og:site_name\" content=\"Montessori \u017eaislai\" \/>\n<meta property=\"article:modified_time\" content=\"2026-04-12T06:19:27+00:00\" \/>\n<meta property=\"og:image\" content=\"https:\/\/monti.lt\/wp-content\/uploads\/2025\/09\/Interactive-educational-skill-game-popping-animals-168351.jpg\" \/>\n\t<meta property=\"og:image:width\" content=\"1024\" \/>\n\t<meta property=\"og:image:height\" content=\"1024\" \/>\n\t<meta property=\"og:image:type\" content=\"image\/jpeg\" \/>\n<meta name=\"twitter:card\" content=\"summary_large_image\" \/>\n<meta name=\"twitter:label1\" content=\"Est. reading time\" \/>\n\t<meta name=\"twitter:data1\" content=\"1 minute\" \/>\n<script type=\"application\/ld+json\" class=\"yoast-schema-graph\">{\"@context\":\"https:\/\/schema.org\",\"@graph\":[{\"@type\":\"WebPage\",\"@id\":\"https:\/\/monti.lt\/product\/lavinamasis-gyvunu-zaidimas\/\",\"url\":\"https:\/\/monti.lt\/product\/lavinamasis-gyvunu-zaidimas\/\",\"name\":\"Lavinamasis gyv\u016bn\u0173 \u017eaidimas - Montessori \u017eaislai\",\"isPartOf\":{\"@id\":\"https:\/\/monti.lt\/#website\"},\"primaryImageOfPage\":{\"@id\":\"https:\/\/monti.lt\/product\/lavinamasis-gyvunu-zaidimas\/#primaryimage\"},\"image\":{\"@id\":\"https:\/\/monti.lt\/product\/lavinamasis-gyvunu-zaidimas\/#primaryimage\"},\"thumbnailUrl\":\"https:\/\/monti.lt\/wp-content\/uploads\/2025\/09\/Interactive-educational-skill-game-popping-animals-168351.jpg\",\"datePublished\":\"2025-09-16T09:57:49+00:00\",\"dateModified\":\"2026-04-12T06:19:27+00:00\",\"breadcrumb\":{\"@id\":\"https:\/\/monti.lt\/product\/lavinamasis-gyvunu-zaidimas\/#breadcrumb\"},\"inLanguage\":\"en-US\",\"potentialAction\":[{\"@type\":\"ReadAction\",\"target\":[\"https:\/\/monti.lt\/product\/lavinamasis-gyvunu-zaidimas\/\"]}]},{\"@type\":\"ImageObject\",\"inLanguage\":\"en-US\",\"@id\":\"https:\/\/monti.lt\/product\/lavinamasis-gyvunu-zaidimas\/#primaryimage\",\"url\":\"https:\/\/monti.lt\/wp-content\/uploads\/2025\/09\/Interactive-educational-skill-game-popping-animals-168351.jpg\",\"contentUrl\":\"https:\/\/monti.lt\/wp-content\/uploads\/2025\/09\/Interactive-educational-skill-game-popping-animals-168351.jpg\",\"width\":1024,\"height\":1024,\"caption\":\"lavinamasis zaislas kudikiams\"},{\"@type\":\"BreadcrumbList\",\"@id\":\"https:\/\/monti.lt\/product\/lavinamasis-gyvunu-zaidimas\/#breadcrumb\",\"itemListElement\":[{\"@type\":\"ListItem\",\"position\":1,\"name\":\"Home\",\"item\":\"https:\/\/monti.lt\/\"},{\"@type\":\"ListItem\",\"position\":2,\"name\":\"Parduotuv\u0117\",\"item\":\"https:\/\/monti.lt\/shop\/\"},{\"@type\":\"ListItem\",\"position\":3,\"name\":\"Lavinamasis gyv\u016bn\u0173 \u017eaidimas\"}]},{\"@type\":\"WebSite\",\"@id\":\"https:\/\/monti.lt\/#website\",\"url\":\"https:\/\/monti.lt\/\",\"name\":\"Montessori \u017eaislai\",\"description\":\"\",\"publisher\":{\"@id\":\"https:\/\/monti.lt\/#organization\"},\"potentialAction\":[{\"@type\":\"SearchAction\",\"target\":{\"@type\":\"EntryPoint\",\"urlTemplate\":\"https:\/\/monti.lt\/?s={search_term_string}\"},\"query-input\":\"required name=search_term_string\"}],\"inLanguage\":\"en-US\"},{\"@type\":\"Organization\",\"@id\":\"https:\/\/monti.lt\/#organization\",\"name\":\"Montessori \u017eaislai\",\"url\":\"https:\/\/monti.lt\/\",\"logo\":{\"@type\":\"ImageObject\",\"inLanguage\":\"en-US\",\"@id\":\"https:\/\/monti.lt\/#\/schema\/logo\/image\/\",\"url\":\"https:\/\/monti.lt\/wp-content\/uploads\/2022\/03\/montilogo-1.png\",\"contentUrl\":\"https:\/\/monti.lt\/wp-content\/uploads\/2022\/03\/montilogo-1.png\",\"width\":512,\"height\":512,\"caption\":\"Montessori \u017eaislai\"},\"image\":{\"@id\":\"https:\/\/monti.lt\/#\/schema\/logo\/image\/\"}}]}<\/script>\n<!-- \/ Yoast SEO plugin. -->","yoast_head_json":{"title":"Lavinamasis gyv\u016bn\u0173 \u017eaidimas - Montessori \u017eaislai","robots":{"index":"index","follow":"follow","max-snippet":"max-snippet:-1","max-image-preview":"max-image-preview:large","max-video-preview":"max-video-preview:-1"},"canonical":"https:\/\/monti.lt\/en\/product\/lavinamasis-gyvunu-zaidimas\/","og_locale":"en_US","og_type":"article","og_title":"Lavinamasis gyv\u016bn\u0173 \u017eaidimas - Montessori \u017eaislai","og_description":"Edukacinis \u017eaidimas \u201ePopping Animals\u201c \u2013 tai puikus b\u016bdas mokytis \u017eaisdami. \u017daislas turi keturias mielas fig\u016br\u0117les (krokodil\u0105, pingvin\u0105, begemot\u0105 ir li\u016bt\u0105), kurios pasisl\u0117p\u0117 viduje ir laukia, kol ma\u017eylis pad\u0117s joms i\u0161l\u012fsti. Kai vaikas paspaud\u017eia, perjungia ar pasuka vien\u0105 i\u0161 interaktyvi\u0173 element\u0173, vienas i\u0161 gyv\u016bn\u0117li\u0173 i\u0161\u0161oka. \u017daislas puikiai tinka ma\u017eyli\u0173 rank\u0173 \u012fg\u016bd\u017ei\u0173 ugdymui, taip pat j\u0173 logikai, [&hellip;]","og_url":"https:\/\/monti.lt\/en\/product\/lavinamasis-gyvunu-zaidimas\/","og_site_name":"Montessori \u017eaislai","article_modified_time":"2026-04-12T06:19:27+00:00","og_image":[{"width":1024,"height":1024,"url":"https:\/\/monti.lt\/wp-content\/uploads\/2025\/09\/Interactive-educational-skill-game-popping-animals-168351.jpg","type":"image\/jpeg"}],"twitter_card":"summary_large_image","twitter_misc":{"Est. reading time":"1 minute"},"schema":{"@context":"https:\/\/schema.org","@graph":[{"@type":"WebPage","@id":"https:\/\/monti.lt\/product\/lavinamasis-gyvunu-zaidimas\/","url":"https:\/\/monti.lt\/product\/lavinamasis-gyvunu-zaidimas\/","name":"Lavinamasis gyv\u016bn\u0173 \u017eaidimas - Montessori \u017eaislai","isPartOf":{"@id":"https:\/\/monti.lt\/#website"},"primaryImageOfPage":{"@id":"https:\/\/monti.lt\/product\/lavinamasis-gyvunu-zaidimas\/#primaryimage"},"image":{"@id":"https:\/\/monti.lt\/product\/lavinamasis-gyvunu-zaidimas\/#primaryimage"},"thumbnailUrl":"https:\/\/monti.lt\/wp-content\/uploads\/2025\/09\/Interactive-educational-skill-game-popping-animals-168351.jpg","datePublished":"2025-09-16T09:57:49+00:00","dateModified":"2026-04-12T06:19:27+00:00","breadcrumb":{"@id":"https:\/\/monti.lt\/product\/lavinamasis-gyvunu-zaidimas\/#breadcrumb"},"inLanguage":"en-US","potentialAction":[{"@type":"ReadAction","target":["https:\/\/monti.lt\/product\/lavinamasis-gyvunu-zaidimas\/"]}]},{"@type":"ImageObject","inLanguage":"en-US","@id":"https:\/\/monti.lt\/product\/lavinamasis-gyvunu-zaidimas\/#primaryimage","url":"https:\/\/monti.lt\/wp-content\/uploads\/2025\/09\/Interactive-educational-skill-game-popping-animals-168351.jpg","contentUrl":"https:\/\/monti.lt\/wp-content\/uploads\/2025\/09\/Interactive-educational-skill-game-popping-animals-168351.jpg","width":1024,"height":1024,"caption":"lavinamasis zaislas kudikiams"},{"@type":"BreadcrumbList","@id":"https:\/\/monti.lt\/product\/lavinamasis-gyvunu-zaidimas\/#breadcrumb","itemListElement":[{"@type":"ListItem","position":1,"name":"Home","item":"https:\/\/monti.lt\/"},{"@type":"ListItem","position":2,"name":"Parduotuv\u0117","item":"https:\/\/monti.lt\/shop\/"},{"@type":"ListItem","position":3,"name":"Lavinamasis gyv\u016bn\u0173 \u017eaidimas"}]},{"@type":"WebSite","@id":"https:\/\/monti.lt\/#website","url":"https:\/\/monti.lt\/","name":"Montessori \u017eaislai","description":"","publisher":{"@id":"https:\/\/monti.lt\/#organization"},"potentialAction":[{"@type":"SearchAction","target":{"@type":"EntryPoint","urlTemplate":"https:\/\/monti.lt\/?s={search_term_string}"},"query-input":"required name=search_term_string"}],"inLanguage":"en-US"},{"@type":"Organization","@id":"https:\/\/monti.lt\/#organization","name":"Montessori \u017eaislai","url":"https:\/\/monti.lt\/","logo":{"@type":"ImageObject","inLanguage":"en-US","@id":"https:\/\/monti.lt\/#\/schema\/logo\/image\/","url":"https:\/\/monti.lt\/wp-content\/uploads\/2022\/03\/montilogo-1.png","contentUrl":"https:\/\/monti.lt\/wp-content\/uploads\/2022\/03\/montilogo-1.png","width":512,"height":512,"caption":"Montessori \u017eaislai"},"image":{"@id":"https:\/\/monti.lt\/#\/schema\/logo\/image\/"}}]}},"_links":{"self":[{"href":"https:\/\/monti.lt\/en\/wp-json\/wp\/v2\/product\/33301"}],"collection":[{"href":"https:\/\/monti.lt\/en\/wp-json\/wp\/v2\/product"}],"about":[{"href":"https:\/\/monti.lt\/en\/wp-json\/wp\/v2\/types\/product"}],"version-history":[{"count":1,"href":"https:\/\/monti.lt\/en\/wp-json\/wp\/v2\/product\/33301\/revisions"}],"predecessor-version":[{"id":33308,"href":"https:\/\/monti.lt\/en\/wp-json\/wp\/v2\/product\/33301\/revisions\/33308"}],"wp:featuredmedia":[{"embeddable":true,"href":"https:\/\/monti.lt\/en\/wp-json\/wp\/v2\/media\/33302"}],"wp:attachment":[{"href":"https:\/\/monti.lt\/en\/wp-json\/wp\/v2\/media?parent=33301"}],"wp:term":[{"taxonomy":"product_cat","embeddable":true,"href":"https:\/\/monti.lt\/en\/wp-json\/wp\/v2\/product_cat?post=33301"},{"taxonomy":"product_tag","embeddable":true,"href":"https:\/\/monti.lt\/en\/wp-json\/wp\/v2\/product_tag?post=33301"}],"curies":[{"name":"wp","href":"https:\/\/api.w.org\/{rel}","templated":true}]}}