{"id":33310,"date":"2025-09-16T10:04:43","date_gmt":"2025-09-16T10:04:43","guid":{"rendered":"https:\/\/monti.lt\/?post_type=product&#038;p=33310"},"modified":"2025-12-14T10:43:13","modified_gmt":"2025-12-14T10:43:13","slug":"lulilo-medinis-rusiuoklis-nojaus-arka","status":"publish","type":"product","link":"https:\/\/monti.lt\/en\/product\/lulilo-medinis-rusiuoklis-nojaus-arka\/","title":{"rendered":"LULILO medinis r\u016b\u0161iuoklis &#8220;Nojaus arka&#8221;"},"content":{"rendered":"<ul class=\"wp-block-list\">\n<li>Am\u017eius: nuo 12 m\u0117n.<\/li>\n\n\n\n<li>Med\u017eiaga: mediena<\/li>\n\n\n\n<li>Dali\u0173 skai\u010dius: 20<br>VALYMAS<\/li>\n\n\n\n<li>Valykite produkt\u0105 \u0161iek tiek dr\u0117gnu, mink\u0161tu skudur\u0117liu.<\/li>\n\n\n\n<li>Nenaudokite stipri\u0173 valymo priemoni\u0173, nes jos gali pa\u017eeisti produkt\u0105.<\/li>\n\n\n\n<li>Venkite s\u0105ly\u010dio su alkoholiu, nes jis gali pa\u017eeisti lakuot\u0105 produkto pavir\u0161i\u0173.<\/li>\n\n\n\n<li>Venkite s\u0105ly\u010dio su alkoholiu, nes jis gali pa\u017eeisti lakuot\u0105<br>produkto pavir\u0161i\u0173.<\/li>\n\n\n\n<li>Nevalykite produkto a\u0161triais \u0161epe\u010diais ar vieliniais \u0161epe\u010diais, nes jie gali<br>subrai\u017eyti produkto pavir\u0161i\u0173.<\/li>\n\n\n\n<li>Saugokite produkt\u0105 nuo pernelyg didelio saul\u0117s spinduli\u0173 poveikio, nes tai gali<br>sukelti spalvos pakitimus.<\/li>\n\n\n\n<li>Nuolatin\u012f ne\u0161varum\u0105 geriausia valyti produktais, skirtais<br>medini\u0173 bald\u0173 valymui, arba \u0161velniais valymo priemon\u0117mis, pvz., ind\u0173 plovikliu.<\/li>\n<\/ul>\n\n\n\n<p>\u012eSP\u0116JIMAI<\/p>\n\n\n\n<ol class=\"wp-block-list\">\n<li>Produktas skirtas vaikams, vyresniems nei dvylikos m\u0117nesi\u0173.<\/li>\n\n\n\n<li>\u017daisdami vaikai turi b\u016bti nuolat pri\u017ei\u016brimi suaugusi\u0173j\u0173.<\/li>\n\n\n\n<li>Produkt\u0105 reikia laikyti sausoje vietoje, nes dr\u0117gm\u0117s ir vandens poveikis gali<br>sukelti medienos i\u0161brinkim\u0105 ir pa\u017eeidimus.<\/li>\n\n\n\n<li>Produkt\u0105 reikia laikyti atokiau nuo \u0161ilumos \u0161altini\u0173 ir atviros ugnies, nes jie gali<br>sukelti produkto u\u017esidegim\u0105.<\/li>\n\n\n\n<li>Prie\u0161 kiekvien\u0105 naudojim\u0105 patikrinkite produkto b\u016bkl\u0119. Jei pastebite<br>kokius nors pa\u017eeidimus, nustokite j\u012f naudoti.<\/li>\n<\/ol>","protected":false},"excerpt":{"rendered":"<p>\u012eSP\u0116JIMAI<\/p>","protected":false},"featured_media":33311,"template":"","meta":{"_acf_changed":false,"iawp_total_views":312},"product_cat":[193,194,195,191,192,84,247,102,90,86,49,39],"product_tag":[95,96,97,98],"class_list":{"0":"post-33310","1":"product","2":"type-product","3":"status-publish","4":"has-post-thumbnail","6":"product_cat-dovanos-vaikams-1-2-metu","7":"product_cat-dovanos-vaikams-2-3-metu","8":"product_cat-dovanos-vaikams-3-4-metu","9":"product_cat-dovanos-vaikams","10":"product_cat-kaledines-dovanos-vaikams","11":"product_cat-lavinamieji-zaislai","12":"product_cat-lulilo","13":"product_cat-mediniai-zaislai","14":"product_cat-pasaulio-pazinimas","15":"product_cat-smulkioji-motorika","16":"product_cat-visi-zaislai","17":"product_cat-zaislai","18":"product_tag-1-m-2-m","19":"product_tag-2-m-3-m","20":"product_tag-3-m-4-m","21":"product_tag-5-m-7-m","23":"first","24":"outofstock","25":"taxable","26":"shipping-taxable","27":"purchasable","28":"product-type-simple"},"acf":[],"yoast_head":"<!-- This site is optimized with the Yoast SEO plugin v23.3 - https:\/\/yoast.com\/wordpress\/plugins\/seo\/ -->\n<title>LULILO medinis r\u016b\u0161iuoklis &quot;Nojaus arka&quot; - Montessori \u017eaislai<\/title>\n<meta name=\"robots\" content=\"index, follow, max-snippet:-1, max-image-preview:large, max-video-preview:-1\" \/>\n<link rel=\"canonical\" href=\"https:\/\/monti.lt\/en\/product\/lulilo-medinis-rusiuoklis-nojaus-arka\/\" \/>\n<meta property=\"og:locale\" content=\"en_US\" \/>\n<meta property=\"og:type\" content=\"article\" \/>\n<meta property=\"og:title\" content=\"LULILO medinis r\u016b\u0161iuoklis &quot;Nojaus arka&quot; - Montessori \u017eaislai\" \/>\n<meta property=\"og:description\" content=\"\u012eSP\u0116JIMAI\" \/>\n<meta property=\"og:url\" content=\"https:\/\/monti.lt\/en\/product\/lulilo-medinis-rusiuoklis-nojaus-arka\/\" \/>\n<meta property=\"og:site_name\" content=\"Montessori \u017eaislai\" \/>\n<meta property=\"article:modified_time\" content=\"2025-12-14T10:43:13+00:00\" \/>\n<meta property=\"og:image\" content=\"https:\/\/monti.lt\/wp-content\/uploads\/2025\/09\/LULILO-ship-Noah-s-Ark-wooden-boat-sorter-176567.jpg\" \/>\n\t<meta property=\"og:image:width\" content=\"1024\" \/>\n\t<meta property=\"og:image:height\" content=\"1024\" \/>\n\t<meta property=\"og:image:type\" content=\"image\/jpeg\" \/>\n<meta name=\"twitter:card\" content=\"summary_large_image\" \/>\n<meta name=\"twitter:label1\" content=\"Est. reading time\" \/>\n\t<meta name=\"twitter:data1\" content=\"2 minutes\" \/>\n<script type=\"application\/ld+json\" class=\"yoast-schema-graph\">{\"@context\":\"https:\/\/schema.org\",\"@graph\":[{\"@type\":\"WebPage\",\"@id\":\"https:\/\/monti.lt\/product\/lulilo-medinis-rusiuoklis-nojaus-arka\/\",\"url\":\"https:\/\/monti.lt\/product\/lulilo-medinis-rusiuoklis-nojaus-arka\/\",\"name\":\"LULILO medinis r\u016b\u0161iuoklis \\\"Nojaus arka\\\" - Montessori \u017eaislai\",\"isPartOf\":{\"@id\":\"https:\/\/monti.lt\/#website\"},\"primaryImageOfPage\":{\"@id\":\"https:\/\/monti.lt\/product\/lulilo-medinis-rusiuoklis-nojaus-arka\/#primaryimage\"},\"image\":{\"@id\":\"https:\/\/monti.lt\/product\/lulilo-medinis-rusiuoklis-nojaus-arka\/#primaryimage\"},\"thumbnailUrl\":\"https:\/\/monti.lt\/wp-content\/uploads\/2025\/09\/LULILO-ship-Noah-s-Ark-wooden-boat-sorter-176567.jpg\",\"datePublished\":\"2025-09-16T10:04:43+00:00\",\"dateModified\":\"2025-12-14T10:43:13+00:00\",\"breadcrumb\":{\"@id\":\"https:\/\/monti.lt\/product\/lulilo-medinis-rusiuoklis-nojaus-arka\/#breadcrumb\"},\"inLanguage\":\"en-US\",\"potentialAction\":[{\"@type\":\"ReadAction\",\"target\":[\"https:\/\/monti.lt\/product\/lulilo-medinis-rusiuoklis-nojaus-arka\/\"]}]},{\"@type\":\"ImageObject\",\"inLanguage\":\"en-US\",\"@id\":\"https:\/\/monti.lt\/product\/lulilo-medinis-rusiuoklis-nojaus-arka\/#primaryimage\",\"url\":\"https:\/\/monti.lt\/wp-content\/uploads\/2025\/09\/LULILO-ship-Noah-s-Ark-wooden-boat-sorter-176567.jpg\",\"contentUrl\":\"https:\/\/monti.lt\/wp-content\/uploads\/2025\/09\/LULILO-ship-Noah-s-Ark-wooden-boat-sorter-176567.jpg\",\"width\":1024,\"height\":1024,\"caption\":\"nojaus arka\"},{\"@type\":\"BreadcrumbList\",\"@id\":\"https:\/\/monti.lt\/product\/lulilo-medinis-rusiuoklis-nojaus-arka\/#breadcrumb\",\"itemListElement\":[{\"@type\":\"ListItem\",\"position\":1,\"name\":\"Home\",\"item\":\"https:\/\/monti.lt\/\"},{\"@type\":\"ListItem\",\"position\":2,\"name\":\"Parduotuv\u0117\",\"item\":\"https:\/\/monti.lt\/shop\/\"},{\"@type\":\"ListItem\",\"position\":3,\"name\":\"LULILO medinis r\u016b\u0161iuoklis &#8220;Nojaus arka&#8221;\"}]},{\"@type\":\"WebSite\",\"@id\":\"https:\/\/monti.lt\/#website\",\"url\":\"https:\/\/monti.lt\/\",\"name\":\"Montessori \u017eaislai\",\"description\":\"\",\"publisher\":{\"@id\":\"https:\/\/monti.lt\/#organization\"},\"potentialAction\":[{\"@type\":\"SearchAction\",\"target\":{\"@type\":\"EntryPoint\",\"urlTemplate\":\"https:\/\/monti.lt\/?s={search_term_string}\"},\"query-input\":\"required name=search_term_string\"}],\"inLanguage\":\"en-US\"},{\"@type\":\"Organization\",\"@id\":\"https:\/\/monti.lt\/#organization\",\"name\":\"Montessori \u017eaislai\",\"url\":\"https:\/\/monti.lt\/\",\"logo\":{\"@type\":\"ImageObject\",\"inLanguage\":\"en-US\",\"@id\":\"https:\/\/monti.lt\/#\/schema\/logo\/image\/\",\"url\":\"https:\/\/monti.lt\/wp-content\/uploads\/2022\/03\/montilogo-1.png\",\"contentUrl\":\"https:\/\/monti.lt\/wp-content\/uploads\/2022\/03\/montilogo-1.png\",\"width\":512,\"height\":512,\"caption\":\"Montessori \u017eaislai\"},\"image\":{\"@id\":\"https:\/\/monti.lt\/#\/schema\/logo\/image\/\"}}]}<\/script>\n<!-- \/ Yoast SEO plugin. -->","yoast_head_json":{"title":"LULILO medinis r\u016b\u0161iuoklis \"Nojaus arka\" - Montessori \u017eaislai","robots":{"index":"index","follow":"follow","max-snippet":"max-snippet:-1","max-image-preview":"max-image-preview:large","max-video-preview":"max-video-preview:-1"},"canonical":"https:\/\/monti.lt\/en\/product\/lulilo-medinis-rusiuoklis-nojaus-arka\/","og_locale":"en_US","og_type":"article","og_title":"LULILO medinis r\u016b\u0161iuoklis \"Nojaus arka\" - Montessori \u017eaislai","og_description":"\u012eSP\u0116JIMAI","og_url":"https:\/\/monti.lt\/en\/product\/lulilo-medinis-rusiuoklis-nojaus-arka\/","og_site_name":"Montessori \u017eaislai","article_modified_time":"2025-12-14T10:43:13+00:00","og_image":[{"width":1024,"height":1024,"url":"https:\/\/monti.lt\/wp-content\/uploads\/2025\/09\/LULILO-ship-Noah-s-Ark-wooden-boat-sorter-176567.jpg","type":"image\/jpeg"}],"twitter_card":"summary_large_image","twitter_misc":{"Est. reading time":"2 minutes"},"schema":{"@context":"https:\/\/schema.org","@graph":[{"@type":"WebPage","@id":"https:\/\/monti.lt\/product\/lulilo-medinis-rusiuoklis-nojaus-arka\/","url":"https:\/\/monti.lt\/product\/lulilo-medinis-rusiuoklis-nojaus-arka\/","name":"LULILO medinis r\u016b\u0161iuoklis \"Nojaus arka\" - Montessori \u017eaislai","isPartOf":{"@id":"https:\/\/monti.lt\/#website"},"primaryImageOfPage":{"@id":"https:\/\/monti.lt\/product\/lulilo-medinis-rusiuoklis-nojaus-arka\/#primaryimage"},"image":{"@id":"https:\/\/monti.lt\/product\/lulilo-medinis-rusiuoklis-nojaus-arka\/#primaryimage"},"thumbnailUrl":"https:\/\/monti.lt\/wp-content\/uploads\/2025\/09\/LULILO-ship-Noah-s-Ark-wooden-boat-sorter-176567.jpg","datePublished":"2025-09-16T10:04:43+00:00","dateModified":"2025-12-14T10:43:13+00:00","breadcrumb":{"@id":"https:\/\/monti.lt\/product\/lulilo-medinis-rusiuoklis-nojaus-arka\/#breadcrumb"},"inLanguage":"en-US","potentialAction":[{"@type":"ReadAction","target":["https:\/\/monti.lt\/product\/lulilo-medinis-rusiuoklis-nojaus-arka\/"]}]},{"@type":"ImageObject","inLanguage":"en-US","@id":"https:\/\/monti.lt\/product\/lulilo-medinis-rusiuoklis-nojaus-arka\/#primaryimage","url":"https:\/\/monti.lt\/wp-content\/uploads\/2025\/09\/LULILO-ship-Noah-s-Ark-wooden-boat-sorter-176567.jpg","contentUrl":"https:\/\/monti.lt\/wp-content\/uploads\/2025\/09\/LULILO-ship-Noah-s-Ark-wooden-boat-sorter-176567.jpg","width":1024,"height":1024,"caption":"nojaus arka"},{"@type":"BreadcrumbList","@id":"https:\/\/monti.lt\/product\/lulilo-medinis-rusiuoklis-nojaus-arka\/#breadcrumb","itemListElement":[{"@type":"ListItem","position":1,"name":"Home","item":"https:\/\/monti.lt\/"},{"@type":"ListItem","position":2,"name":"Parduotuv\u0117","item":"https:\/\/monti.lt\/shop\/"},{"@type":"ListItem","position":3,"name":"LULILO medinis r\u016b\u0161iuoklis &#8220;Nojaus arka&#8221;"}]},{"@type":"WebSite","@id":"https:\/\/monti.lt\/#website","url":"https:\/\/monti.lt\/","name":"Montessori \u017eaislai","description":"","publisher":{"@id":"https:\/\/monti.lt\/#organization"},"potentialAction":[{"@type":"SearchAction","target":{"@type":"EntryPoint","urlTemplate":"https:\/\/monti.lt\/?s={search_term_string}"},"query-input":"required name=search_term_string"}],"inLanguage":"en-US"},{"@type":"Organization","@id":"https:\/\/monti.lt\/#organization","name":"Montessori \u017eaislai","url":"https:\/\/monti.lt\/","logo":{"@type":"ImageObject","inLanguage":"en-US","@id":"https:\/\/monti.lt\/#\/schema\/logo\/image\/","url":"https:\/\/monti.lt\/wp-content\/uploads\/2022\/03\/montilogo-1.png","contentUrl":"https:\/\/monti.lt\/wp-content\/uploads\/2022\/03\/montilogo-1.png","width":512,"height":512,"caption":"Montessori \u017eaislai"},"image":{"@id":"https:\/\/monti.lt\/#\/schema\/logo\/image\/"}}]}},"_links":{"self":[{"href":"https:\/\/monti.lt\/en\/wp-json\/wp\/v2\/product\/33310"}],"collection":[{"href":"https:\/\/monti.lt\/en\/wp-json\/wp\/v2\/product"}],"about":[{"href":"https:\/\/monti.lt\/en\/wp-json\/wp\/v2\/types\/product"}],"version-history":[{"count":1,"href":"https:\/\/monti.lt\/en\/wp-json\/wp\/v2\/product\/33310\/revisions"}],"predecessor-version":[{"id":33323,"href":"https:\/\/monti.lt\/en\/wp-json\/wp\/v2\/product\/33310\/revisions\/33323"}],"wp:featuredmedia":[{"embeddable":true,"href":"https:\/\/monti.lt\/en\/wp-json\/wp\/v2\/media\/33311"}],"wp:attachment":[{"href":"https:\/\/monti.lt\/en\/wp-json\/wp\/v2\/media?parent=33310"}],"wp:term":[{"taxonomy":"product_cat","embeddable":true,"href":"https:\/\/monti.lt\/en\/wp-json\/wp\/v2\/product_cat?post=33310"},{"taxonomy":"product_tag","embeddable":true,"href":"https:\/\/monti.lt\/en\/wp-json\/wp\/v2\/product_tag?post=33310"}],"curies":[{"name":"wp","href":"https:\/\/api.w.org\/{rel}","templated":true}]}}