{"id":33324,"date":"2025-09-16T10:11:53","date_gmt":"2025-09-16T10:11:53","guid":{"rendered":"https:\/\/monti.lt\/?post_type=product&#038;p=33324"},"modified":"2026-04-10T09:44:19","modified_gmt":"2026-04-10T09:44:19","slug":"lulilo-medine-parduotuve-su-priedais","status":"publish","type":"product","link":"https:\/\/monti.lt\/en\/product\/lulilo-medine-parduotuve-su-priedais\/","title":{"rendered":"LULILO medin\u0117 parduotuv\u0117 su priedais"},"content":{"rendered":"<p>APRA\u0160YMAS<\/p>\n\n\n\n<p>MEDINIS T\u016aRINIS STENDAS SU KASOS APARATU VAIKAMS<\/p>\n\n\n\n<p>Mini prekybos centras vaikams su kasos aparatu<\/p>\n\n\n\n<p>LULILO Melo prekybos stendo \u017eaidim\u0173 rinkinys su interaktyviu kasos aparatu bus \u012fdomus b\u016bdas j\u016bs\u0173 vaikui i\u0161mokti apsipirkti. Kasoje galite nuskaityti atskirus maisto produktus ir savo telefon\u0105 su program\u0117le, o baig\u0119 apsipirkti, galite sumok\u0117ti grynaisiais arba kredito kortele. Kasa reaguoja garsu, kai naudojate klaviat\u016br\u0105 ir perbraukiate mok\u0117jimo kortel\u0119 per terminal\u0105. Taigi, rinkinys skatina socialini\u0173 \u012fg\u016bd\u017ei\u0173 ugdym\u0105, padeda vaikams i\u0161mokti apsipirkimo pagrind\u0173 ir parduotuv\u0117s taisykli\u0173.<\/p>\n\n\n\n<p>Vaik\u0173 prekybos stendas<\/p>\n\n\n\n<p>\u017daisl\u0173 parduotuv\u0117 skatina vaikus \u017eaisti su \u012fvairiais maisto produktais. Prekybos stendas gali b\u016bti visapusi\u0161kai \u012frengtas, u\u017epildant parduotuv\u0117s lentynas ir d\u0117\u017ees pagrindiniais produktais. Rinkinio elementai yra \u012fdomios tikr\u0173 maisto produkt\u0173, toki\u0173 kaip dar\u017eov\u0117s ir vaisiai, \u017euvis ir j\u016bros g\u0117ryb\u0117s, pieno produktai ar u\u017ekand\u017eiai, reprodukcijos. Vaikas gali imtis pardav\u0117jo vaidmens naudodamas interaktyv\u0173 lazerin\u012f br\u016bk\u0161nini\u0173 kod\u0173 skaitytuv\u0105. Apsipirkimo metu produkt\u0173 skaitytuvas skleid\u017eia charaktering\u0105 gars\u0105, patvirtinant\u012f, kad kodas buvo nuskaitytas. Realisti\u0161kas apsipirkimo malonumas ugdo vaizduot\u0119, o vaidmen\u0173 \u017eaidimas leid\u017eia vaikui susiorientuoti apsipirkimo pasaulyje.<\/p>\n\n\n\n<p>Didel\u0117 parduotuv\u0117 su kasos aparatu ir skaitytuvu<\/p>\n\n\n\n<p>Interaktyvi prekybos vieta su kasos aparatu vaikams \u012frodo, kad mokytis apsipirkti gali b\u016bti labai smagu. Vaikas mokosi, kaip elgtis parduotuv\u0117je ir kaip tinkamai elgtis. Rinkinys suteikia galimyb\u0119 naudotis \u012fvairiais mok\u0117jimo b\u016bdais \u2013 vaikas gali atsiskaityti parduotuv\u0117je kortele arba grynaisiais pinigais. Naudodamas banknotus ir monetas, vaikas mokosi duoti gr\u0105\u017e\u0105, o tai gali b\u016bti pagrindas mokantis skai\u010diuoti ir atlikti paprastus skai\u010diavimo pratimus. Tokia edukacinio \u017eaidimo forma leid\u017eia veiksmingai ugdyti vaiko matematinius \u012fg\u016bd\u017eius, smulki\u0105j\u0105 motorik\u0105 ir rank\u0173 judesius.<\/p>\n\n\n\n<p>Parduotuv\u0117 vaikams \u2013 privalumai:<\/p>\n\n\n\n<p>Mokymasis \u017eaid\u017eiant \u2013 produkt\u0173 nuskaitymas ir skai\u010diavimas suteikia vaikams nepamir\u0161tam\u0173 patir\u010di\u0173, kurios gali praversti ateityje.<br>Jutim\u0173 integracijos ugdymas \u2013 kasos aparatas ir baterijomis maitinamas skaitytuvas skleid\u017eia i\u0161skirtinius garsus, kurie leid\u017eia vaikui pasinerti \u012f apsipirkimo pasaul\u012f.<br>Vaizduot\u0117s ir socialini\u0173 \u012fg\u016bd\u017ei\u0173 ugdymas \u2013 realisti\u0161kai atrodanti parduotuv\u0117 su interaktyviu kasos aparatu ir skaitytuvu leid\u017eia vaikui pasijusti kaip tikrame apsipirkime.<br>Pramogos ma\u017eiausiems \u2013 spalving\u0173 maisto produkt\u0173 stendas suteikia vaikams daug d\u017eiaugsmo.<br>Rinkinio turinys:<\/p>\n\n\n\n<p>Medinis stendas surinkimui<br>6 d\u0117\u017eut\u0117s<br>Kasininkas su baterijomis<br>Baterijomis maitinamas skaitytuvas<br>Mok\u0117jimo kortel\u0117<br>\u017daisliniai pinigai \u2013 5, 10 ir 25 banknotai bei 5, 10 ir 20 monetos<br>Telefonas su parduotuv\u0117s programa, kuri\u0105 galima nuskaityti<br>Pirkini\u0173 krep\u0161elis<br>Krevet\u0117s 2 vnt.<br>Bra\u0161k\u0117s 4 vnt.<br>Morkos 3 vnt.<br>M\u0117sa<br>\u017duvis 2 vnt.<br>2 bananai<br>2 vynuogi\u0173 sultys<\/p>\n\n\n\n<p>Apelsin\u0173 sultys 2x<br>Kartonas \u2013 vaisi\u0173 u\u017ekandis<br>Kartonas \u2013 pieno sausainiai<br>Kartonas \u2013 pica<br>Jogurtas 2x<br>Pienas kartone<br>Ledai 2x<br>Techniniai parametrai ir matmenys:<\/p>\n\n\n\n<p>Med\u017eiaga: MDF plok\u0161t\u0117, audinio tentas, metaliniai var\u017etai.<br>Am\u017eius: 3+<br>Spalva: balta, m\u0117t\u0173, med\u017eio<br>Skenerio maitinimas: 2x AAA baterijos<br>Kasos aparato maitinimas: 2x AA baterijos<br>Interaktyv\u016bs elementai: taip \u2013 kasa ir skaitytuvas skleid\u017eia garsus, skaitytuvas skleid\u017eia lazerio spindul\u012f (nenukreipkite skaitytuvo \u012f akis)<br>Stendo plotis: 45 cm<br>Stendo gylis: 27 cm<br>Stendo auk\u0161tis: 97 cm<br>Stendo auk\u0161tis iki vir\u0161aus: 51 cm<br>Lentyn\u0173 matmenys: 9 cm x 13,5 cm x 5 cm<br>Pakuot\u0117s matmenys: 54 cm x 32 cm x 15 cm<br><\/p>","protected":false},"excerpt":{"rendered":"<p>APRA\u0160YMAS MEDINIS T\u016aRINIS STENDAS SU KASOS APARATU VAIKAMS Mini prekybos centras vaikams su kasos aparatu LULILO Melo prekybos stendo \u017eaidim\u0173 rinkinys su interaktyviu kasos aparatu bus \u012fdomus b\u016bdas j\u016bs\u0173 vaikui i\u0161mokti apsipirkti. Kasoje galite nuskaityti atskirus maisto produktus ir savo telefon\u0105 su program\u0117le, o baig\u0119 apsipirkti, galite sumok\u0117ti grynaisiais arba kredito kortele. Kasa reaguoja garsu, [&hellip;]<\/p>","protected":false},"featured_media":33325,"template":"","meta":{"_acf_changed":false,"iawp_total_views":2595},"product_cat":[213,216,217,191,82,192,84,247,102,88,83,90,50,93,49,39],"product_tag":[97,98,99],"class_list":{"0":"post-33324","1":"product","2":"type-product","3":"status-publish","4":"has-post-thumbnail","6":"product_cat-akcija","7":"product_cat-dovanos-4-5-metu-vaikams","8":"product_cat-dovanos-5-7-metu-vaikams","9":"product_cat-dovanos-vaikams","10":"product_cat-ispardavimas","11":"product_cat-kaledines-dovanos-vaikams","12":"product_cat-lavinamieji-zaislai","13":"product_cat-lulilo","14":"product_cat-mediniai-zaislai","15":"product_cat-mokausi-zaisti","16":"product_cat-montessori-zaislai","17":"product_cat-pasaulio-pazinimas","18":"product_cat-top-dovanos","19":"product_cat-vaidmenu-zaidimai","20":"product_cat-visi-zaislai","21":"product_cat-zaislai","22":"product_tag-3-m-4-m","23":"product_tag-5-m-7-m","24":"product_tag-8-m-11-m","26":"first","27":"instock","28":"featured","29":"taxable","30":"shipping-taxable","31":"purchasable","32":"product-type-simple"},"acf":[],"yoast_head":"<!-- This site is optimized with the Yoast SEO plugin v23.3 - https:\/\/yoast.com\/wordpress\/plugins\/seo\/ -->\n<title>LULILO medin\u0117 parduotuv\u0117 su priedais - Montessori \u017eaislai<\/title>\n<meta name=\"robots\" content=\"index, follow, max-snippet:-1, max-image-preview:large, max-video-preview:-1\" \/>\n<link rel=\"canonical\" href=\"https:\/\/monti.lt\/en\/product\/lulilo-medine-parduotuve-su-priedais\/\" \/>\n<meta property=\"og:locale\" content=\"en_US\" \/>\n<meta property=\"og:type\" content=\"article\" \/>\n<meta property=\"og:title\" content=\"LULILO medin\u0117 parduotuv\u0117 su priedais - Montessori \u017eaislai\" \/>\n<meta property=\"og:description\" content=\"APRA\u0160YMAS MEDINIS T\u016aRINIS STENDAS SU KASOS APARATU VAIKAMS Mini prekybos centras vaikams su kasos aparatu LULILO Melo prekybos stendo \u017eaidim\u0173 rinkinys su interaktyviu kasos aparatu bus \u012fdomus b\u016bdas j\u016bs\u0173 vaikui i\u0161mokti apsipirkti. Kasoje galite nuskaityti atskirus maisto produktus ir savo telefon\u0105 su program\u0117le, o baig\u0119 apsipirkti, galite sumok\u0117ti grynaisiais arba kredito kortele. Kasa reaguoja garsu, [&hellip;]\" \/>\n<meta property=\"og:url\" content=\"https:\/\/monti.lt\/en\/product\/lulilo-medine-parduotuve-su-priedais\/\" \/>\n<meta property=\"og:site_name\" content=\"Montessori \u017eaislai\" \/>\n<meta property=\"article:modified_time\" content=\"2026-04-10T09:44:19+00:00\" \/>\n<meta property=\"og:image\" content=\"https:\/\/monti.lt\/wp-content\/uploads\/2025\/09\/LULILO-Melo-Market-wooden-176435.jpg\" \/>\n\t<meta property=\"og:image:width\" content=\"1024\" \/>\n\t<meta property=\"og:image:height\" content=\"1024\" \/>\n\t<meta property=\"og:image:type\" content=\"image\/jpeg\" \/>\n<meta name=\"twitter:card\" content=\"summary_large_image\" \/>\n<meta name=\"twitter:label1\" content=\"Est. reading time\" \/>\n\t<meta name=\"twitter:data1\" content=\"3 minutes\" \/>\n<script type=\"application\/ld+json\" class=\"yoast-schema-graph\">{\"@context\":\"https:\/\/schema.org\",\"@graph\":[{\"@type\":\"WebPage\",\"@id\":\"https:\/\/monti.lt\/product\/lulilo-medine-parduotuve-su-priedais\/\",\"url\":\"https:\/\/monti.lt\/product\/lulilo-medine-parduotuve-su-priedais\/\",\"name\":\"LULILO medin\u0117 parduotuv\u0117 su priedais - Montessori \u017eaislai\",\"isPartOf\":{\"@id\":\"https:\/\/monti.lt\/#website\"},\"primaryImageOfPage\":{\"@id\":\"https:\/\/monti.lt\/product\/lulilo-medine-parduotuve-su-priedais\/#primaryimage\"},\"image\":{\"@id\":\"https:\/\/monti.lt\/product\/lulilo-medine-parduotuve-su-priedais\/#primaryimage\"},\"thumbnailUrl\":\"https:\/\/monti.lt\/wp-content\/uploads\/2025\/09\/LULILO-Melo-Market-wooden-176435.jpg\",\"datePublished\":\"2025-09-16T10:11:53+00:00\",\"dateModified\":\"2026-04-10T09:44:19+00:00\",\"breadcrumb\":{\"@id\":\"https:\/\/monti.lt\/product\/lulilo-medine-parduotuve-su-priedais\/#breadcrumb\"},\"inLanguage\":\"en-US\",\"potentialAction\":[{\"@type\":\"ReadAction\",\"target\":[\"https:\/\/monti.lt\/product\/lulilo-medine-parduotuve-su-priedais\/\"]}]},{\"@type\":\"ImageObject\",\"inLanguage\":\"en-US\",\"@id\":\"https:\/\/monti.lt\/product\/lulilo-medine-parduotuve-su-priedais\/#primaryimage\",\"url\":\"https:\/\/monti.lt\/wp-content\/uploads\/2025\/09\/LULILO-Melo-Market-wooden-176435.jpg\",\"contentUrl\":\"https:\/\/monti.lt\/wp-content\/uploads\/2025\/09\/LULILO-Melo-Market-wooden-176435.jpg\",\"width\":1024,\"height\":1024,\"caption\":\"vaikiska parduotuve\"},{\"@type\":\"BreadcrumbList\",\"@id\":\"https:\/\/monti.lt\/product\/lulilo-medine-parduotuve-su-priedais\/#breadcrumb\",\"itemListElement\":[{\"@type\":\"ListItem\",\"position\":1,\"name\":\"Home\",\"item\":\"https:\/\/monti.lt\/\"},{\"@type\":\"ListItem\",\"position\":2,\"name\":\"Parduotuv\u0117\",\"item\":\"https:\/\/monti.lt\/shop\/\"},{\"@type\":\"ListItem\",\"position\":3,\"name\":\"LULILO medin\u0117 parduotuv\u0117 su priedais\"}]},{\"@type\":\"WebSite\",\"@id\":\"https:\/\/monti.lt\/#website\",\"url\":\"https:\/\/monti.lt\/\",\"name\":\"Montessori \u017eaislai\",\"description\":\"\",\"publisher\":{\"@id\":\"https:\/\/monti.lt\/#organization\"},\"potentialAction\":[{\"@type\":\"SearchAction\",\"target\":{\"@type\":\"EntryPoint\",\"urlTemplate\":\"https:\/\/monti.lt\/?s={search_term_string}\"},\"query-input\":\"required name=search_term_string\"}],\"inLanguage\":\"en-US\"},{\"@type\":\"Organization\",\"@id\":\"https:\/\/monti.lt\/#organization\",\"name\":\"Montessori \u017eaislai\",\"url\":\"https:\/\/monti.lt\/\",\"logo\":{\"@type\":\"ImageObject\",\"inLanguage\":\"en-US\",\"@id\":\"https:\/\/monti.lt\/#\/schema\/logo\/image\/\",\"url\":\"https:\/\/monti.lt\/wp-content\/uploads\/2022\/03\/montilogo-1.png\",\"contentUrl\":\"https:\/\/monti.lt\/wp-content\/uploads\/2022\/03\/montilogo-1.png\",\"width\":512,\"height\":512,\"caption\":\"Montessori \u017eaislai\"},\"image\":{\"@id\":\"https:\/\/monti.lt\/#\/schema\/logo\/image\/\"}}]}<\/script>\n<!-- \/ Yoast SEO plugin. -->","yoast_head_json":{"title":"LULILO medin\u0117 parduotuv\u0117 su priedais - Montessori \u017eaislai","robots":{"index":"index","follow":"follow","max-snippet":"max-snippet:-1","max-image-preview":"max-image-preview:large","max-video-preview":"max-video-preview:-1"},"canonical":"https:\/\/monti.lt\/en\/product\/lulilo-medine-parduotuve-su-priedais\/","og_locale":"en_US","og_type":"article","og_title":"LULILO medin\u0117 parduotuv\u0117 su priedais - Montessori \u017eaislai","og_description":"APRA\u0160YMAS MEDINIS T\u016aRINIS STENDAS SU KASOS APARATU VAIKAMS Mini prekybos centras vaikams su kasos aparatu LULILO Melo prekybos stendo \u017eaidim\u0173 rinkinys su interaktyviu kasos aparatu bus \u012fdomus b\u016bdas j\u016bs\u0173 vaikui i\u0161mokti apsipirkti. Kasoje galite nuskaityti atskirus maisto produktus ir savo telefon\u0105 su program\u0117le, o baig\u0119 apsipirkti, galite sumok\u0117ti grynaisiais arba kredito kortele. Kasa reaguoja garsu, [&hellip;]","og_url":"https:\/\/monti.lt\/en\/product\/lulilo-medine-parduotuve-su-priedais\/","og_site_name":"Montessori \u017eaislai","article_modified_time":"2026-04-10T09:44:19+00:00","og_image":[{"width":1024,"height":1024,"url":"https:\/\/monti.lt\/wp-content\/uploads\/2025\/09\/LULILO-Melo-Market-wooden-176435.jpg","type":"image\/jpeg"}],"twitter_card":"summary_large_image","twitter_misc":{"Est. reading time":"3 minutes"},"schema":{"@context":"https:\/\/schema.org","@graph":[{"@type":"WebPage","@id":"https:\/\/monti.lt\/product\/lulilo-medine-parduotuve-su-priedais\/","url":"https:\/\/monti.lt\/product\/lulilo-medine-parduotuve-su-priedais\/","name":"LULILO medin\u0117 parduotuv\u0117 su priedais - Montessori \u017eaislai","isPartOf":{"@id":"https:\/\/monti.lt\/#website"},"primaryImageOfPage":{"@id":"https:\/\/monti.lt\/product\/lulilo-medine-parduotuve-su-priedais\/#primaryimage"},"image":{"@id":"https:\/\/monti.lt\/product\/lulilo-medine-parduotuve-su-priedais\/#primaryimage"},"thumbnailUrl":"https:\/\/monti.lt\/wp-content\/uploads\/2025\/09\/LULILO-Melo-Market-wooden-176435.jpg","datePublished":"2025-09-16T10:11:53+00:00","dateModified":"2026-04-10T09:44:19+00:00","breadcrumb":{"@id":"https:\/\/monti.lt\/product\/lulilo-medine-parduotuve-su-priedais\/#breadcrumb"},"inLanguage":"en-US","potentialAction":[{"@type":"ReadAction","target":["https:\/\/monti.lt\/product\/lulilo-medine-parduotuve-su-priedais\/"]}]},{"@type":"ImageObject","inLanguage":"en-US","@id":"https:\/\/monti.lt\/product\/lulilo-medine-parduotuve-su-priedais\/#primaryimage","url":"https:\/\/monti.lt\/wp-content\/uploads\/2025\/09\/LULILO-Melo-Market-wooden-176435.jpg","contentUrl":"https:\/\/monti.lt\/wp-content\/uploads\/2025\/09\/LULILO-Melo-Market-wooden-176435.jpg","width":1024,"height":1024,"caption":"vaikiska parduotuve"},{"@type":"BreadcrumbList","@id":"https:\/\/monti.lt\/product\/lulilo-medine-parduotuve-su-priedais\/#breadcrumb","itemListElement":[{"@type":"ListItem","position":1,"name":"Home","item":"https:\/\/monti.lt\/"},{"@type":"ListItem","position":2,"name":"Parduotuv\u0117","item":"https:\/\/monti.lt\/shop\/"},{"@type":"ListItem","position":3,"name":"LULILO medin\u0117 parduotuv\u0117 su priedais"}]},{"@type":"WebSite","@id":"https:\/\/monti.lt\/#website","url":"https:\/\/monti.lt\/","name":"Montessori \u017eaislai","description":"","publisher":{"@id":"https:\/\/monti.lt\/#organization"},"potentialAction":[{"@type":"SearchAction","target":{"@type":"EntryPoint","urlTemplate":"https:\/\/monti.lt\/?s={search_term_string}"},"query-input":"required name=search_term_string"}],"inLanguage":"en-US"},{"@type":"Organization","@id":"https:\/\/monti.lt\/#organization","name":"Montessori \u017eaislai","url":"https:\/\/monti.lt\/","logo":{"@type":"ImageObject","inLanguage":"en-US","@id":"https:\/\/monti.lt\/#\/schema\/logo\/image\/","url":"https:\/\/monti.lt\/wp-content\/uploads\/2022\/03\/montilogo-1.png","contentUrl":"https:\/\/monti.lt\/wp-content\/uploads\/2022\/03\/montilogo-1.png","width":512,"height":512,"caption":"Montessori \u017eaislai"},"image":{"@id":"https:\/\/monti.lt\/#\/schema\/logo\/image\/"}}]}},"_links":{"self":[{"href":"https:\/\/monti.lt\/en\/wp-json\/wp\/v2\/product\/33324"}],"collection":[{"href":"https:\/\/monti.lt\/en\/wp-json\/wp\/v2\/product"}],"about":[{"href":"https:\/\/monti.lt\/en\/wp-json\/wp\/v2\/types\/product"}],"version-history":[{"count":2,"href":"https:\/\/monti.lt\/en\/wp-json\/wp\/v2\/product\/33324\/revisions"}],"predecessor-version":[{"id":34621,"href":"https:\/\/monti.lt\/en\/wp-json\/wp\/v2\/product\/33324\/revisions\/34621"}],"wp:featuredmedia":[{"embeddable":true,"href":"https:\/\/monti.lt\/en\/wp-json\/wp\/v2\/media\/33325"}],"wp:attachment":[{"href":"https:\/\/monti.lt\/en\/wp-json\/wp\/v2\/media?parent=33324"}],"wp:term":[{"taxonomy":"product_cat","embeddable":true,"href":"https:\/\/monti.lt\/en\/wp-json\/wp\/v2\/product_cat?post=33324"},{"taxonomy":"product_tag","embeddable":true,"href":"https:\/\/monti.lt\/en\/wp-json\/wp\/v2\/product_tag?post=33324"}],"curies":[{"name":"wp","href":"https:\/\/api.w.org\/{rel}","templated":true}]}}