{"id":33406,"date":"2025-09-22T10:43:13","date_gmt":"2025-09-22T10:43:13","guid":{"rendered":"https:\/\/monti.lt\/?post_type=product&#038;p=33406"},"modified":"2025-11-12T07:59:57","modified_gmt":"2025-11-12T07:59:57","slug":"kosmetikos-lagaminelis","status":"publish","type":"product","link":"https:\/\/monti.lt\/en\/product\/kosmetikos-lagaminelis\/","title":{"rendered":"Kosmetikos lagamin\u0117lis"},"content":{"rendered":"<p>KOSMETIKOS D\u0116\u017dUT\u0116 MERGAIT\u0116MS \u2013 TOBULAS GRO\u017dIO RINKINYS MA\u017dAI PRINCESEI.<\/p>\n\n\n\n<p>\u0160i gro\u017eio d\u0117\u017eut\u0117 mergait\u0117ms yra svajoni\u0173 dovana bet kuriai ma\u017eai mados m\u0117g\u0117jai, norin\u010diai pasijusti tikra ma\u017ea princese. Turtingas gro\u017eio rinkinys mergait\u0117ms leid\u017eia saugiai ir k\u016brybi\u0161kai \u017eaisti bei kurti makia\u017e\u0105, tuo pa\u010diu ugdant vaiko vaizduot\u0119 ir rank\u0173 \u012fg\u016bd\u017eius.<\/p>\n\n\n\n<p>Pilnas makia\u017eo ir nag\u0173 dail\u0117s rinkinys<\/p>\n\n\n\n<p>Viduje rasite kruop\u0161\u010diai sud\u0117t\u0105 makia\u017eo lagamin\u0117l\u012f, kuriame yra \u012fvairi\u0173 makia\u017eo produkt\u0173 vaikams \u2013 \u0161e\u0161\u0117liai, blizgesiai, mini teptukai ir veidrod\u0117lis, kad ma\u017eoji ponia gal\u0117t\u0173 pati pasida\u017eyti. Be to, rinkinyje yra kosmetika nagams da\u017eyti, kad mergait\u0117 gal\u0117t\u0173 pati kurti spalvingus stilius.<\/p>\n\n\n\n<p>Saugi makia\u017eo kosmetika ir aksesuarai viename lagamin\u0117lyje.<\/p>\n\n\n\n<p>Kiekvienas rinkinio elementas yra saug\u016bs makia\u017eo kosmetikos produktai vaikams, sukurti atsi\u017evelgiant \u012f jauniausi\u0173j\u0173 jautri\u0105 od\u0105. D\u0117\u017eut\u0117je taip pat yra \u012fvairi\u0173 aksesuar\u0173 \u2013 pilnas makia\u017eo aksesuar\u0173 rinkinys, skirtas \u017eaisti tikrame gro\u017eio salone.<\/p>\n\n\n\n<p>Maniki\u016bras, pediki\u016bras ir k\u016brybinis malonumas<\/p>\n\n\n\n<p>Naudodama pridedam\u0105 nag\u0173 stiliaus rinkin\u012f ir dekoravimo reikmenis, j\u016bs\u0173 vaikas gali atlikti savo pirm\u0105j\u012f maniki\u016br\u0105 ir pediki\u016br\u0105, tuo pa\u010diu linksmai mokydamasis pri\u017ei\u016br\u0117ti savo rankas ir nagus. Baga\u017ein\u0117 su veidrod\u017eiu leid\u017eia laisvai tepti makia\u017e\u0105 ir gro\u017e\u0117tis rezultatais.<\/p>\n\n\n\n<p>Puikus kosmetikos rinkinys vaikams kaip dovana<\/p>\n\n\n\n<p>Tuo pa\u010diu metu \u0161is turtingas kosmetikos rinkinys mergait\u0117ms yra makia\u017eo rinkinys vaikams, kur\u012f galima pasiimti bet kur \u2013 d\u0117ka patogios rankenos ir kompakti\u0161ko dyd\u017eio. Tai puikus pasirinkimas kaip gimtadienio dovana ar staigmena vaikui, kuris svajoja apie savo makia\u017eo rinkin\u012f ir nori jaustis ypatingas.<\/p>\n\n\n\n<p>Kosmetikos lagamin\u0117lio mergait\u0117ms privalumai:<\/p>\n\n\n\n<ul class=\"wp-block-list\">\n<li>Stebuklinga kelion\u0117 \u012f gro\u017eio pasaul\u012f \u2013 atidarydama lagamin\u0117l\u012f, mergait\u0117 patenka \u012f pasak\u0173 \u0161al\u012f, kur gali kurti savo pirmuosius makia\u017eo \u0161edevrus ir jaustis kaip tikra ma\u017ea princes\u0117.<\/li>\n\n\n\n<li>Begalinis k\u016brybi\u0161kumas \u2013 kiekvienas makia\u017eas yra nauja nuotyki\u0173! Vaikas atranda begal\u0119 spalv\u0173 ir stiliaus galimybi\u0173, mokosi i\u0161reik\u0161ti savo id\u0117jas unikaliu b\u016bdu.<\/li>\n\n\n\n<li>Savo gro\u017eio salono \u0161eiminink\u0117 \u2013 ma\u017eoji lagamin\u0117lio savinink\u0117 gali vaidinti stilist\u0117s vaidmen\u012f, kurdama nuostabias \u0161ukuosenas sau, l\u0117l\u0117ms ir draug\u0117ms, tuo pa\u010diu stiprindama pasitik\u0117jim\u0105 savimi ir d\u017eiaugdamasi savo darbo rezultatais<\/li>\n\n\n\n<li>Ugdymas \u017eaid\u017eiant \u2013 da\u017eymas, dekoravimas ir \u017eaidimas su makia\u017eu lavina pir\u0161t\u0173 vikrum\u0105, moko kantryb\u0117s ir ugdo estetikos jausm\u0105 nuo ma\u017eens<\/li>\n\n\n\n<li>Saugus gro\u017eio atradimas \u2013 d\u0117ka \u0161velni\u0173, saugi\u0173 makia\u017eo produkt\u0173 vaikams, ma\u017eoji ponia gali tyrin\u0117ti gro\u017eio pasaul\u012f savo am\u017eiui tinkamu b\u016bdu, be dirginimo ar nemaloni\u0173 staigmen\u0173 rizikos.<\/li>\n<\/ul>\n\n\n\n<p>Komplekte yra:<\/p>\n\n\n\n<ul class=\"wp-block-list\">\n<li>6 l\u016bp\u0173 blizgesiai<\/li>\n\n\n\n<li>6 aki\u0173 \u0161e\u0161\u0117liai<\/li>\n\n\n\n<li>6 skaistalai<\/li>\n\n\n\n<li>1x \u012fmontuotas veidrodis<\/li>\n\n\n\n<li>2x bir\u016bs blizgu\u010diai<\/li>\n\n\n\n<li>1x dvipusis nag\u0173 failas<\/li>\n\n\n\n<li>13x nag\u0173 lipdukai<\/li>\n\n\n\n<li>1x l\u016bp\u0173 da\u017eai<\/li>\n\n\n\n<li>1x l\u016bp\u0173 blizgis<\/li>\n\n\n\n<li>3x nag\u0173 lakas<\/li>\n\n\n\n<li>2x nag\u0173 lako atskyriklis<\/li>\n\n\n\n<li>3x makia\u017eo teptukai<\/li>\n\n\n\n<li>Specifikacijos:<\/li>\n\n\n\n<li>Vaiko am\u017eius: 3+<\/li>\n\n\n\n<li>Med\u017eiaga: plastikas<\/li>\n\n\n\n<li>Spalva: ro\u017ein\u0117s ir juodos spalvos atspalviai<br>Matmenys:<\/li>\n\n\n\n<li>Plotis: 17 cm<\/li>\n\n\n\n<li>Auk\u0161tis: 13 cm<\/li>\n\n\n\n<li>Auk\u0161tis su pakelta rankena: 17,5 cm<\/li>\n\n\n\n<li>Storis: 9 cm<br>Atidaryto krep\u0161elio matmenys:<\/li>\n\n\n\n<li>Bendras auk\u0161tis: 18 cm<\/li>\n\n\n\n<li>Lentynos auk\u0161tis: 10,5 cm<\/li>\n\n\n\n<li>Baga\u017ein\u0117s (apatinio skyriaus) auk\u0161tis: 6,5 cm<\/li>\n\n\n\n<li>Plotis: 17 cm<\/li>\n\n\n\n<li>Kruop\u0161\u010diai apsaugotas burbuline pl\u0117vele, matmenys: 17,5 x 14 x 10 cm<\/li>\n<\/ul>","protected":false},"excerpt":{"rendered":"<p>KOSMETIKOS D\u0116\u017dUT\u0116 MERGAIT\u0116MS \u2013 TOBULAS GRO\u017dIO RINKINYS MA\u017dAI PRINCESEI. \u0160i gro\u017eio d\u0117\u017eut\u0117 mergait\u0117ms yra svajoni\u0173 dovana bet kuriai ma\u017eai mados m\u0117g\u0117jai, norin\u010diai pasijusti tikra ma\u017ea princese. Turtingas gro\u017eio rinkinys mergait\u0117ms leid\u017eia saugiai ir k\u016brybi\u0161kai \u017eaisti bei kurti makia\u017e\u0105, tuo pa\u010diu ugdant vaiko vaizduot\u0119 ir rank\u0173 \u012fg\u016bd\u017eius. Pilnas makia\u017eo ir nag\u0173 dail\u0117s rinkinys Viduje rasite kruop\u0161\u010diai [&hellip;]<\/p>","protected":false},"featured_media":33407,"template":"","meta":{"_acf_changed":false,"iawp_total_views":53},"product_cat":[196,191,84,89,49,39,214],"product_tag":[97,98],"class_list":{"0":"post-33406","1":"product","2":"type-product","3":"status-publish","4":"has-post-thumbnail","6":"product_cat-dovanos-mergaitems","7":"product_cat-dovanos-vaikams","8":"product_cat-lavinamieji-zaislai","9":"product_cat-mokausi-piesti","10":"product_cat-visi-zaislai","11":"product_cat-zaislai","12":"product_cat-zaislai-mergaitems","13":"product_tag-3-m-4-m","14":"product_tag-5-m-7-m","16":"first","17":"outofstock","18":"taxable","19":"shipping-taxable","20":"purchasable","21":"product-type-simple"},"acf":[],"yoast_head":"<!-- This site is optimized with the Yoast SEO plugin v23.3 - https:\/\/yoast.com\/wordpress\/plugins\/seo\/ -->\n<title>Kosmetikos lagamin\u0117lis - Montessori \u017eaislai<\/title>\n<meta name=\"robots\" content=\"index, follow, max-snippet:-1, max-image-preview:large, max-video-preview:-1\" \/>\n<link rel=\"canonical\" href=\"https:\/\/monti.lt\/en\/product\/kosmetikos-lagaminelis\/\" \/>\n<meta property=\"og:locale\" content=\"en_US\" \/>\n<meta property=\"og:type\" content=\"article\" \/>\n<meta property=\"og:title\" content=\"Kosmetikos lagamin\u0117lis - Montessori \u017eaislai\" \/>\n<meta property=\"og:description\" content=\"KOSMETIKOS D\u0116\u017dUT\u0116 MERGAIT\u0116MS \u2013 TOBULAS GRO\u017dIO RINKINYS MA\u017dAI PRINCESEI. \u0160i gro\u017eio d\u0117\u017eut\u0117 mergait\u0117ms yra svajoni\u0173 dovana bet kuriai ma\u017eai mados m\u0117g\u0117jai, norin\u010diai pasijusti tikra ma\u017ea princese. Turtingas gro\u017eio rinkinys mergait\u0117ms leid\u017eia saugiai ir k\u016brybi\u0161kai \u017eaisti bei kurti makia\u017e\u0105, tuo pa\u010diu ugdant vaiko vaizduot\u0119 ir rank\u0173 \u012fg\u016bd\u017eius. Pilnas makia\u017eo ir nag\u0173 dail\u0117s rinkinys Viduje rasite kruop\u0161\u010diai [&hellip;]\" \/>\n<meta property=\"og:url\" content=\"https:\/\/monti.lt\/en\/product\/kosmetikos-lagaminelis\/\" \/>\n<meta property=\"og:site_name\" content=\"Montessori \u017eaislai\" \/>\n<meta property=\"article:modified_time\" content=\"2025-11-12T07:59:57+00:00\" \/>\n<meta property=\"og:image\" content=\"https:\/\/monti.lt\/wp-content\/uploads\/2025\/09\/Makeup-and-nail-kit-makeup-cosmetics-shadows-lacquers-suitcase-172299.jpg\" \/>\n\t<meta property=\"og:image:width\" content=\"1024\" \/>\n\t<meta property=\"og:image:height\" content=\"1024\" \/>\n\t<meta property=\"og:image:type\" content=\"image\/jpeg\" \/>\n<meta name=\"twitter:card\" content=\"summary_large_image\" \/>\n<meta name=\"twitter:label1\" content=\"Est. reading time\" \/>\n\t<meta name=\"twitter:data1\" content=\"3 minutes\" \/>\n<script type=\"application\/ld+json\" class=\"yoast-schema-graph\">{\"@context\":\"https:\/\/schema.org\",\"@graph\":[{\"@type\":\"WebPage\",\"@id\":\"https:\/\/monti.lt\/product\/kosmetikos-lagaminelis\/\",\"url\":\"https:\/\/monti.lt\/product\/kosmetikos-lagaminelis\/\",\"name\":\"Kosmetikos lagamin\u0117lis - Montessori \u017eaislai\",\"isPartOf\":{\"@id\":\"https:\/\/monti.lt\/#website\"},\"primaryImageOfPage\":{\"@id\":\"https:\/\/monti.lt\/product\/kosmetikos-lagaminelis\/#primaryimage\"},\"image\":{\"@id\":\"https:\/\/monti.lt\/product\/kosmetikos-lagaminelis\/#primaryimage\"},\"thumbnailUrl\":\"https:\/\/monti.lt\/wp-content\/uploads\/2025\/09\/Makeup-and-nail-kit-makeup-cosmetics-shadows-lacquers-suitcase-172299.jpg\",\"datePublished\":\"2025-09-22T10:43:13+00:00\",\"dateModified\":\"2025-11-12T07:59:57+00:00\",\"breadcrumb\":{\"@id\":\"https:\/\/monti.lt\/product\/kosmetikos-lagaminelis\/#breadcrumb\"},\"inLanguage\":\"en-US\",\"potentialAction\":[{\"@type\":\"ReadAction\",\"target\":[\"https:\/\/monti.lt\/product\/kosmetikos-lagaminelis\/\"]}]},{\"@type\":\"ImageObject\",\"inLanguage\":\"en-US\",\"@id\":\"https:\/\/monti.lt\/product\/kosmetikos-lagaminelis\/#primaryimage\",\"url\":\"https:\/\/monti.lt\/wp-content\/uploads\/2025\/09\/Makeup-and-nail-kit-makeup-cosmetics-shadows-lacquers-suitcase-172299.jpg\",\"contentUrl\":\"https:\/\/monti.lt\/wp-content\/uploads\/2025\/09\/Makeup-and-nail-kit-makeup-cosmetics-shadows-lacquers-suitcase-172299.jpg\",\"width\":1024,\"height\":1024,\"caption\":\"vaikiskas makiazo rinkinys\"},{\"@type\":\"BreadcrumbList\",\"@id\":\"https:\/\/monti.lt\/product\/kosmetikos-lagaminelis\/#breadcrumb\",\"itemListElement\":[{\"@type\":\"ListItem\",\"position\":1,\"name\":\"Home\",\"item\":\"https:\/\/monti.lt\/\"},{\"@type\":\"ListItem\",\"position\":2,\"name\":\"Parduotuv\u0117\",\"item\":\"https:\/\/monti.lt\/shop\/\"},{\"@type\":\"ListItem\",\"position\":3,\"name\":\"Kosmetikos lagamin\u0117lis\"}]},{\"@type\":\"WebSite\",\"@id\":\"https:\/\/monti.lt\/#website\",\"url\":\"https:\/\/monti.lt\/\",\"name\":\"Montessori \u017eaislai\",\"description\":\"\",\"publisher\":{\"@id\":\"https:\/\/monti.lt\/#organization\"},\"potentialAction\":[{\"@type\":\"SearchAction\",\"target\":{\"@type\":\"EntryPoint\",\"urlTemplate\":\"https:\/\/monti.lt\/?s={search_term_string}\"},\"query-input\":\"required name=search_term_string\"}],\"inLanguage\":\"en-US\"},{\"@type\":\"Organization\",\"@id\":\"https:\/\/monti.lt\/#organization\",\"name\":\"Montessori \u017eaislai\",\"url\":\"https:\/\/monti.lt\/\",\"logo\":{\"@type\":\"ImageObject\",\"inLanguage\":\"en-US\",\"@id\":\"https:\/\/monti.lt\/#\/schema\/logo\/image\/\",\"url\":\"https:\/\/monti.lt\/wp-content\/uploads\/2022\/03\/montilogo-1.png\",\"contentUrl\":\"https:\/\/monti.lt\/wp-content\/uploads\/2022\/03\/montilogo-1.png\",\"width\":512,\"height\":512,\"caption\":\"Montessori \u017eaislai\"},\"image\":{\"@id\":\"https:\/\/monti.lt\/#\/schema\/logo\/image\/\"}}]}<\/script>\n<!-- \/ Yoast SEO plugin. -->","yoast_head_json":{"title":"Kosmetikos lagamin\u0117lis - Montessori \u017eaislai","robots":{"index":"index","follow":"follow","max-snippet":"max-snippet:-1","max-image-preview":"max-image-preview:large","max-video-preview":"max-video-preview:-1"},"canonical":"https:\/\/monti.lt\/en\/product\/kosmetikos-lagaminelis\/","og_locale":"en_US","og_type":"article","og_title":"Kosmetikos lagamin\u0117lis - Montessori \u017eaislai","og_description":"KOSMETIKOS D\u0116\u017dUT\u0116 MERGAIT\u0116MS \u2013 TOBULAS GRO\u017dIO RINKINYS MA\u017dAI PRINCESEI. \u0160i gro\u017eio d\u0117\u017eut\u0117 mergait\u0117ms yra svajoni\u0173 dovana bet kuriai ma\u017eai mados m\u0117g\u0117jai, norin\u010diai pasijusti tikra ma\u017ea princese. Turtingas gro\u017eio rinkinys mergait\u0117ms leid\u017eia saugiai ir k\u016brybi\u0161kai \u017eaisti bei kurti makia\u017e\u0105, tuo pa\u010diu ugdant vaiko vaizduot\u0119 ir rank\u0173 \u012fg\u016bd\u017eius. Pilnas makia\u017eo ir nag\u0173 dail\u0117s rinkinys Viduje rasite kruop\u0161\u010diai [&hellip;]","og_url":"https:\/\/monti.lt\/en\/product\/kosmetikos-lagaminelis\/","og_site_name":"Montessori \u017eaislai","article_modified_time":"2025-11-12T07:59:57+00:00","og_image":[{"width":1024,"height":1024,"url":"https:\/\/monti.lt\/wp-content\/uploads\/2025\/09\/Makeup-and-nail-kit-makeup-cosmetics-shadows-lacquers-suitcase-172299.jpg","type":"image\/jpeg"}],"twitter_card":"summary_large_image","twitter_misc":{"Est. reading time":"3 minutes"},"schema":{"@context":"https:\/\/schema.org","@graph":[{"@type":"WebPage","@id":"https:\/\/monti.lt\/product\/kosmetikos-lagaminelis\/","url":"https:\/\/monti.lt\/product\/kosmetikos-lagaminelis\/","name":"Kosmetikos lagamin\u0117lis - Montessori \u017eaislai","isPartOf":{"@id":"https:\/\/monti.lt\/#website"},"primaryImageOfPage":{"@id":"https:\/\/monti.lt\/product\/kosmetikos-lagaminelis\/#primaryimage"},"image":{"@id":"https:\/\/monti.lt\/product\/kosmetikos-lagaminelis\/#primaryimage"},"thumbnailUrl":"https:\/\/monti.lt\/wp-content\/uploads\/2025\/09\/Makeup-and-nail-kit-makeup-cosmetics-shadows-lacquers-suitcase-172299.jpg","datePublished":"2025-09-22T10:43:13+00:00","dateModified":"2025-11-12T07:59:57+00:00","breadcrumb":{"@id":"https:\/\/monti.lt\/product\/kosmetikos-lagaminelis\/#breadcrumb"},"inLanguage":"en-US","potentialAction":[{"@type":"ReadAction","target":["https:\/\/monti.lt\/product\/kosmetikos-lagaminelis\/"]}]},{"@type":"ImageObject","inLanguage":"en-US","@id":"https:\/\/monti.lt\/product\/kosmetikos-lagaminelis\/#primaryimage","url":"https:\/\/monti.lt\/wp-content\/uploads\/2025\/09\/Makeup-and-nail-kit-makeup-cosmetics-shadows-lacquers-suitcase-172299.jpg","contentUrl":"https:\/\/monti.lt\/wp-content\/uploads\/2025\/09\/Makeup-and-nail-kit-makeup-cosmetics-shadows-lacquers-suitcase-172299.jpg","width":1024,"height":1024,"caption":"vaikiskas makiazo rinkinys"},{"@type":"BreadcrumbList","@id":"https:\/\/monti.lt\/product\/kosmetikos-lagaminelis\/#breadcrumb","itemListElement":[{"@type":"ListItem","position":1,"name":"Home","item":"https:\/\/monti.lt\/"},{"@type":"ListItem","position":2,"name":"Parduotuv\u0117","item":"https:\/\/monti.lt\/shop\/"},{"@type":"ListItem","position":3,"name":"Kosmetikos lagamin\u0117lis"}]},{"@type":"WebSite","@id":"https:\/\/monti.lt\/#website","url":"https:\/\/monti.lt\/","name":"Montessori \u017eaislai","description":"","publisher":{"@id":"https:\/\/monti.lt\/#organization"},"potentialAction":[{"@type":"SearchAction","target":{"@type":"EntryPoint","urlTemplate":"https:\/\/monti.lt\/?s={search_term_string}"},"query-input":"required name=search_term_string"}],"inLanguage":"en-US"},{"@type":"Organization","@id":"https:\/\/monti.lt\/#organization","name":"Montessori \u017eaislai","url":"https:\/\/monti.lt\/","logo":{"@type":"ImageObject","inLanguage":"en-US","@id":"https:\/\/monti.lt\/#\/schema\/logo\/image\/","url":"https:\/\/monti.lt\/wp-content\/uploads\/2022\/03\/montilogo-1.png","contentUrl":"https:\/\/monti.lt\/wp-content\/uploads\/2022\/03\/montilogo-1.png","width":512,"height":512,"caption":"Montessori \u017eaislai"},"image":{"@id":"https:\/\/monti.lt\/#\/schema\/logo\/image\/"}}]}},"_links":{"self":[{"href":"https:\/\/monti.lt\/en\/wp-json\/wp\/v2\/product\/33406"}],"collection":[{"href":"https:\/\/monti.lt\/en\/wp-json\/wp\/v2\/product"}],"about":[{"href":"https:\/\/monti.lt\/en\/wp-json\/wp\/v2\/types\/product"}],"version-history":[{"count":1,"href":"https:\/\/monti.lt\/en\/wp-json\/wp\/v2\/product\/33406\/revisions"}],"predecessor-version":[{"id":33418,"href":"https:\/\/monti.lt\/en\/wp-json\/wp\/v2\/product\/33406\/revisions\/33418"}],"wp:featuredmedia":[{"embeddable":true,"href":"https:\/\/monti.lt\/en\/wp-json\/wp\/v2\/media\/33407"}],"wp:attachment":[{"href":"https:\/\/monti.lt\/en\/wp-json\/wp\/v2\/media?parent=33406"}],"wp:term":[{"taxonomy":"product_cat","embeddable":true,"href":"https:\/\/monti.lt\/en\/wp-json\/wp\/v2\/product_cat?post=33406"},{"taxonomy":"product_tag","embeddable":true,"href":"https:\/\/monti.lt\/en\/wp-json\/wp\/v2\/product_tag?post=33406"}],"curies":[{"name":"wp","href":"https:\/\/api.w.org\/{rel}","templated":true}]}}