{"id":33419,"date":"2025-09-22T10:47:31","date_gmt":"2025-09-22T10:47:31","guid":{"rendered":"https:\/\/monti.lt\/?post_type=product&#038;p=33419"},"modified":"2026-03-02T06:26:02","modified_gmt":"2026-03-02T06:26:02","slug":"medinis-meistro-stalas-su-irankiais","status":"publish","type":"product","link":"https:\/\/monti.lt\/en\/product\/medinis-meistro-stalas-su-irankiais\/","title":{"rendered":"Medinis meistro stalas su \u012frankiais"},"content":{"rendered":"<h1 class=\"wp-block-heading\">Vaik\u0173 dirbtuv\u0117s su 3 viename mediniais \u012frankiais \u2013 tobulas \u201epasidaryk pats\u201c rinkinys!<\/h1>\n\n\n\n<p>J\u016bs\u0173 vaiko&nbsp;<strong>saugumas<\/strong>&nbsp;<strong>\u2013<\/strong>&nbsp;rinkinys buvo sukurtas galvojant apie ma\u017eiausi\u0173 saugum\u0105,&nbsp;<strong>kiekvienas elementas yra apvalus ir pagamintas i\u0161 nat\u016brali\u0173, netoksi\u0161k\u0173 med\u017eiag\u0173, kurios yra saugios ma\u017eoms rankyt\u0117ms<\/strong><\/p>\n\n\n\n<p><strong>patvarumas \u2013<\/strong>&nbsp;dirbtuv\u0117s ir mediniai \u012frankiai yra itin patvar\u016bs ir atspar\u016bs intensyviam \u017eaidimui,&nbsp;<strong>d\u0117l tvirtos konstrukcijos jie tarnaus daugel\u012f valand\u0173 k\u016brybinio \u017eaidimo<\/strong><\/p>\n\n\n\n<p><strong>\u017eadina<\/strong>&nbsp;<strong>vaik\u0173 susidom\u0117jim\u0105 \u2013<\/strong>&nbsp;medin\u0117s dirbtuv\u0117s yra ne tik \u017eaislas, bet ir lavinamoji priemon\u0117, lavinanti koordinacij\u0105, vaizduot\u0119 ir rank\u0173 \u012fg\u016bd\u017eius,&nbsp;<strong>kiekvienas vaikas ras ka\u017ek\u0105 \u012fdomaus, nuo spaustuv\u0173 sukimo iki var\u017et\u0173 sukimo<\/strong><\/p>\n\n\n\n<h2 class=\"wp-block-heading\">Rinkinio specifikacijos:<\/h2>\n\n\n\n<ul class=\"wp-block-list\">\n<li>saugios med\u017eiagos<\/li>\n\n\n\n<li>pilnas \u012franki\u0173 rinkinys<\/li>\n\n\n\n<li>judantys elementai<\/li>\n\n\n\n<li>lengvas surinkimas<\/li>\n\n\n\n<li>estetin\u0117 i\u0161vaizda<\/li>\n\n\n\n<li>matavimo juosta ir skyl\u0117s dirbtuv\u0117se<\/li>\n\n\n\n<li>tvirta konstrukcija<\/li>\n\n\n\n<li>prakti\u0161ka apatin\u0117 lentyna papildomiems daiktams<\/li>\n\n\n\n<li>rankini\u0173 \u012fg\u016bd\u017ei\u0173 ugdymas<\/li>\n\n\n\n<li>k\u016brybi\u0161kumas<\/li>\n\n\n\n<li>puiki dovanos id\u0117ja<\/li>\n\n\n\n<li>universalus: namams, dar\u017eeliui ar \u017eaidim\u0173 kambariui<\/li>\n\n\n\n<li>saugi ir tvirta pakuot\u0117<\/li>\n\n\n\n<li>Matmenys: 78,5 x 29,7 x 59,5 cm<\/li>\n\n\n\n<li>svoris: 6,1 kg<\/li>\n\n\n\n<li>Svoris pakuot\u0117je: 6,35 kg<\/li>\n\n\n\n<li>prek\u0117s \u017eenklas: KRUZZEL<\/li>\n\n\n\n<li>spalva: daugiaspalv\u0117<\/li>\n\n\n\n<li>med\u017eiaga: mediena, MDF, fanera, PP, magnetas<\/li>\n<\/ul>\n\n\n\n<h2 class=\"wp-block-heading\">\u012e komplekt\u0105 \u012feina:<\/h2>\n\n\n\n<ul class=\"wp-block-list\">\n<li>dirbtuv\u0117s<\/li>\n\n\n\n<li>plok\u0161\u010dias atsuktuvas<\/li>\n\n\n\n<li>plaktukas<\/li>\n\n\n\n<li>atviro galo ver\u017eliaraktis 2<\/li>\n\n\n\n<li>pavaduotojas<\/li>\n\n\n\n<li>lentos su skyl\u0117mis x 10<\/li>\n\n\n\n<li>12 vnt. var\u017et\u0173<\/li>\n\n\n\n<li>ver\u017el\u0117 x 8<\/li>\n\n\n\n<li>12 pad\u0117kl\u0173<\/li>\n\n\n\n<li>didelis vinis x 4<\/li>\n\n\n\n<li>instrukcija<\/li>\n\n\n\n<li>spalvinga pakuot\u0117<\/li>\n\n\n\n<li>ruda siuntimo d\u0117\u017eut\u0117<\/li>\n<\/ul>\n\n\n\n<p><strong>GAMINTOJAS:<\/strong><\/p>\n\n\n\n<p>ISO TRADE Sp\u00f3\u0142ka z o.o.<br>Gniewomierz 173<br>59-241 Legnickie Pole, Polska<br><br>office@iso-trade.biz<\/p>\n\n\n\n<p><strong>ATSAKINGAS ASMUO ES:<\/strong><\/p>\n\n\n\n<p>IsoTrade<\/p>\n\n\n\n<p><strong>\u012eSP\u0116JIMO TURINYS:<\/strong><\/p>\n\n\n\n<p>&#8211; Naudoti pagal paskirt\u012f<br>&#8211; \u012esp\u0117jimas. Netinka vaikams iki 36 m\u0117nesi\u0173. Smulkios dalys. U\u017espringimo pavojus.<br>&#8211; Produktai netinkami vartoti.<br>&#8211; Saugoti nuo at\u0161iauri\u0173 oro s\u0105lyg\u0173 ir ugnies.<br>&#8211; Naudoti pagal paskirt\u012f.<br>&#8211; Neignoruokite rekomendacij\u0173 d\u0117l naudotojo am\u017eiaus.<br>&#8211; Nenaudokite pa\u017eeisto gaminio.<br>&#8211; Surinkimui reikalingas suaug\u0119s asmuo.<br>&#8211; Nelaikykite nesurinkt\u0173 dali\u0173 vaikams prieinamose vietose.<br>&#8211; Pakuot\u0117 n\u0117ra \u017eaislas. \u017daisl\u0105 turi i\u0161pakuoti suaug\u0119s asmuo, o pakuot\u0119 ir jos fragmentus reikia laikyti vaikams nepasiekiamoje vietoje.<br>&#8211; Reguliariai tikrinkite technin\u0119 b\u016bkl\u0119. Prie\u0161 kiekvien\u0105 naudojim\u0105 patikrinkite, ar visi var\u017etai, tvirtinimo detal\u0117s ir komponentai yra tinkamai pritvirtinti ir nepa\u017eeisti.<br>&#8211; Darbastalis n\u0117ra skirtas s\u0117d\u0117ti ar ant jo lipti. Jis gali apvirsti ir susi\u017ealoti.<br>&#8211; Venkite s\u0105ly\u010dio su ugnimi ir \u0161ilumos \u0161altiniais<\/p>","protected":false},"excerpt":{"rendered":"<p>Vaik\u0173 dirbtuv\u0117s su 3 viename mediniais \u012frankiais \u2013 tobulas \u201epasidaryk pats\u201c rinkinys! J\u016bs\u0173 vaiko&nbsp;saugumas&nbsp;\u2013&nbsp;rinkinys buvo sukurtas galvojant apie ma\u017eiausi\u0173 saugum\u0105,&nbsp;kiekvienas elementas yra apvalus ir pagamintas i\u0161 nat\u016brali\u0173, netoksi\u0161k\u0173 med\u017eiag\u0173, kurios yra saugios ma\u017eoms rankyt\u0117ms patvarumas \u2013&nbsp;dirbtuv\u0117s ir mediniai \u012frankiai yra itin patvar\u016bs ir atspar\u016bs intensyviam \u017eaidimui,&nbsp;d\u0117l tvirtos konstrukcijos jie tarnaus daugel\u012f valand\u0173 k\u016brybinio \u017eaidimo \u017eadina&nbsp;vaik\u0173 [&hellip;]<\/p>","protected":false},"featured_media":33420,"template":"","meta":{"_acf_changed":false,"iawp_total_views":297},"product_cat":[197,191,84,102,86,93,49,39],"product_tag":[97,98],"class_list":{"0":"post-33419","1":"product","2":"type-product","3":"status-publish","4":"has-post-thumbnail","6":"product_cat-dovanos-berniukams","7":"product_cat-dovanos-vaikams","8":"product_cat-lavinamieji-zaislai","9":"product_cat-mediniai-zaislai","10":"product_cat-smulkioji-motorika","11":"product_cat-vaidmenu-zaidimai","12":"product_cat-visi-zaislai","13":"product_cat-zaislai","14":"product_tag-3-m-4-m","15":"product_tag-5-m-7-m","17":"first","18":"instock","19":"taxable","20":"shipping-taxable","21":"purchasable","22":"product-type-simple"},"acf":[],"yoast_head":"<!-- This site is optimized with the Yoast SEO plugin v23.3 - https:\/\/yoast.com\/wordpress\/plugins\/seo\/ -->\n<title>Medinis meistro stalas su \u012frankiais - Montessori \u017eaislai<\/title>\n<meta name=\"robots\" content=\"index, follow, max-snippet:-1, max-image-preview:large, max-video-preview:-1\" \/>\n<link rel=\"canonical\" href=\"https:\/\/monti.lt\/en\/product\/medinis-meistro-stalas-su-irankiais\/\" \/>\n<meta property=\"og:locale\" content=\"en_US\" \/>\n<meta property=\"og:type\" content=\"article\" \/>\n<meta property=\"og:title\" content=\"Medinis meistro stalas su \u012frankiais - Montessori \u017eaislai\" \/>\n<meta property=\"og:description\" content=\"Vaik\u0173 dirbtuv\u0117s su 3 viename mediniais \u012frankiais \u2013 tobulas \u201epasidaryk pats\u201c rinkinys! J\u016bs\u0173 vaiko&nbsp;saugumas&nbsp;\u2013&nbsp;rinkinys buvo sukurtas galvojant apie ma\u017eiausi\u0173 saugum\u0105,&nbsp;kiekvienas elementas yra apvalus ir pagamintas i\u0161 nat\u016brali\u0173, netoksi\u0161k\u0173 med\u017eiag\u0173, kurios yra saugios ma\u017eoms rankyt\u0117ms patvarumas \u2013&nbsp;dirbtuv\u0117s ir mediniai \u012frankiai yra itin patvar\u016bs ir atspar\u016bs intensyviam \u017eaidimui,&nbsp;d\u0117l tvirtos konstrukcijos jie tarnaus daugel\u012f valand\u0173 k\u016brybinio \u017eaidimo \u017eadina&nbsp;vaik\u0173 [&hellip;]\" \/>\n<meta property=\"og:url\" content=\"https:\/\/monti.lt\/en\/product\/medinis-meistro-stalas-su-irankiais\/\" \/>\n<meta property=\"og:site_name\" content=\"Montessori \u017eaislai\" \/>\n<meta property=\"article:modified_time\" content=\"2026-03-02T06:26:02+00:00\" \/>\n<meta property=\"og:image\" content=\"https:\/\/monti.lt\/wp-content\/uploads\/2025\/09\/lit_pl_Kruzzel-26546-irankiu-darbastalis-18378_13-2.jpg\" \/>\n\t<meta property=\"og:image:width\" content=\"500\" \/>\n\t<meta property=\"og:image:height\" content=\"500\" \/>\n\t<meta property=\"og:image:type\" content=\"image\/jpeg\" \/>\n<meta name=\"twitter:card\" content=\"summary_large_image\" \/>\n<meta name=\"twitter:label1\" content=\"Est. reading time\" \/>\n\t<meta name=\"twitter:data1\" content=\"2 minutes\" \/>\n<script type=\"application\/ld+json\" class=\"yoast-schema-graph\">{\"@context\":\"https:\/\/schema.org\",\"@graph\":[{\"@type\":\"WebPage\",\"@id\":\"https:\/\/monti.lt\/product\/medinis-meistro-stalas-su-irankiais\/\",\"url\":\"https:\/\/monti.lt\/product\/medinis-meistro-stalas-su-irankiais\/\",\"name\":\"Medinis meistro stalas su \u012frankiais - Montessori \u017eaislai\",\"isPartOf\":{\"@id\":\"https:\/\/monti.lt\/#website\"},\"primaryImageOfPage\":{\"@id\":\"https:\/\/monti.lt\/product\/medinis-meistro-stalas-su-irankiais\/#primaryimage\"},\"image\":{\"@id\":\"https:\/\/monti.lt\/product\/medinis-meistro-stalas-su-irankiais\/#primaryimage\"},\"thumbnailUrl\":\"https:\/\/monti.lt\/wp-content\/uploads\/2025\/09\/lit_pl_Kruzzel-26546-irankiu-darbastalis-18378_13-2.jpg\",\"datePublished\":\"2025-09-22T10:47:31+00:00\",\"dateModified\":\"2026-03-02T06:26:02+00:00\",\"breadcrumb\":{\"@id\":\"https:\/\/monti.lt\/product\/medinis-meistro-stalas-su-irankiais\/#breadcrumb\"},\"inLanguage\":\"en-US\",\"potentialAction\":[{\"@type\":\"ReadAction\",\"target\":[\"https:\/\/monti.lt\/product\/medinis-meistro-stalas-su-irankiais\/\"]}]},{\"@type\":\"ImageObject\",\"inLanguage\":\"en-US\",\"@id\":\"https:\/\/monti.lt\/product\/medinis-meistro-stalas-su-irankiais\/#primaryimage\",\"url\":\"https:\/\/monti.lt\/wp-content\/uploads\/2025\/09\/lit_pl_Kruzzel-26546-irankiu-darbastalis-18378_13-2.jpg\",\"contentUrl\":\"https:\/\/monti.lt\/wp-content\/uploads\/2025\/09\/lit_pl_Kruzzel-26546-irankiu-darbastalis-18378_13-2.jpg\",\"width\":500,\"height\":500,\"caption\":\"medinis meistro stalas\"},{\"@type\":\"BreadcrumbList\",\"@id\":\"https:\/\/monti.lt\/product\/medinis-meistro-stalas-su-irankiais\/#breadcrumb\",\"itemListElement\":[{\"@type\":\"ListItem\",\"position\":1,\"name\":\"Home\",\"item\":\"https:\/\/monti.lt\/\"},{\"@type\":\"ListItem\",\"position\":2,\"name\":\"Parduotuv\u0117\",\"item\":\"https:\/\/monti.lt\/shop\/\"},{\"@type\":\"ListItem\",\"position\":3,\"name\":\"Medinis meistro stalas su \u012frankiais\"}]},{\"@type\":\"WebSite\",\"@id\":\"https:\/\/monti.lt\/#website\",\"url\":\"https:\/\/monti.lt\/\",\"name\":\"Montessori \u017eaislai\",\"description\":\"\",\"publisher\":{\"@id\":\"https:\/\/monti.lt\/#organization\"},\"potentialAction\":[{\"@type\":\"SearchAction\",\"target\":{\"@type\":\"EntryPoint\",\"urlTemplate\":\"https:\/\/monti.lt\/?s={search_term_string}\"},\"query-input\":\"required name=search_term_string\"}],\"inLanguage\":\"en-US\"},{\"@type\":\"Organization\",\"@id\":\"https:\/\/monti.lt\/#organization\",\"name\":\"Montessori \u017eaislai\",\"url\":\"https:\/\/monti.lt\/\",\"logo\":{\"@type\":\"ImageObject\",\"inLanguage\":\"en-US\",\"@id\":\"https:\/\/monti.lt\/#\/schema\/logo\/image\/\",\"url\":\"https:\/\/monti.lt\/wp-content\/uploads\/2022\/03\/montilogo-1.png\",\"contentUrl\":\"https:\/\/monti.lt\/wp-content\/uploads\/2022\/03\/montilogo-1.png\",\"width\":512,\"height\":512,\"caption\":\"Montessori \u017eaislai\"},\"image\":{\"@id\":\"https:\/\/monti.lt\/#\/schema\/logo\/image\/\"}}]}<\/script>\n<!-- \/ Yoast SEO plugin. -->","yoast_head_json":{"title":"Medinis meistro stalas su \u012frankiais - Montessori \u017eaislai","robots":{"index":"index","follow":"follow","max-snippet":"max-snippet:-1","max-image-preview":"max-image-preview:large","max-video-preview":"max-video-preview:-1"},"canonical":"https:\/\/monti.lt\/en\/product\/medinis-meistro-stalas-su-irankiais\/","og_locale":"en_US","og_type":"article","og_title":"Medinis meistro stalas su \u012frankiais - Montessori \u017eaislai","og_description":"Vaik\u0173 dirbtuv\u0117s su 3 viename mediniais \u012frankiais \u2013 tobulas \u201epasidaryk pats\u201c rinkinys! J\u016bs\u0173 vaiko&nbsp;saugumas&nbsp;\u2013&nbsp;rinkinys buvo sukurtas galvojant apie ma\u017eiausi\u0173 saugum\u0105,&nbsp;kiekvienas elementas yra apvalus ir pagamintas i\u0161 nat\u016brali\u0173, netoksi\u0161k\u0173 med\u017eiag\u0173, kurios yra saugios ma\u017eoms rankyt\u0117ms patvarumas \u2013&nbsp;dirbtuv\u0117s ir mediniai \u012frankiai yra itin patvar\u016bs ir atspar\u016bs intensyviam \u017eaidimui,&nbsp;d\u0117l tvirtos konstrukcijos jie tarnaus daugel\u012f valand\u0173 k\u016brybinio \u017eaidimo \u017eadina&nbsp;vaik\u0173 [&hellip;]","og_url":"https:\/\/monti.lt\/en\/product\/medinis-meistro-stalas-su-irankiais\/","og_site_name":"Montessori \u017eaislai","article_modified_time":"2026-03-02T06:26:02+00:00","og_image":[{"width":500,"height":500,"url":"https:\/\/monti.lt\/wp-content\/uploads\/2025\/09\/lit_pl_Kruzzel-26546-irankiu-darbastalis-18378_13-2.jpg","type":"image\/jpeg"}],"twitter_card":"summary_large_image","twitter_misc":{"Est. reading time":"2 minutes"},"schema":{"@context":"https:\/\/schema.org","@graph":[{"@type":"WebPage","@id":"https:\/\/monti.lt\/product\/medinis-meistro-stalas-su-irankiais\/","url":"https:\/\/monti.lt\/product\/medinis-meistro-stalas-su-irankiais\/","name":"Medinis meistro stalas su \u012frankiais - Montessori \u017eaislai","isPartOf":{"@id":"https:\/\/monti.lt\/#website"},"primaryImageOfPage":{"@id":"https:\/\/monti.lt\/product\/medinis-meistro-stalas-su-irankiais\/#primaryimage"},"image":{"@id":"https:\/\/monti.lt\/product\/medinis-meistro-stalas-su-irankiais\/#primaryimage"},"thumbnailUrl":"https:\/\/monti.lt\/wp-content\/uploads\/2025\/09\/lit_pl_Kruzzel-26546-irankiu-darbastalis-18378_13-2.jpg","datePublished":"2025-09-22T10:47:31+00:00","dateModified":"2026-03-02T06:26:02+00:00","breadcrumb":{"@id":"https:\/\/monti.lt\/product\/medinis-meistro-stalas-su-irankiais\/#breadcrumb"},"inLanguage":"en-US","potentialAction":[{"@type":"ReadAction","target":["https:\/\/monti.lt\/product\/medinis-meistro-stalas-su-irankiais\/"]}]},{"@type":"ImageObject","inLanguage":"en-US","@id":"https:\/\/monti.lt\/product\/medinis-meistro-stalas-su-irankiais\/#primaryimage","url":"https:\/\/monti.lt\/wp-content\/uploads\/2025\/09\/lit_pl_Kruzzel-26546-irankiu-darbastalis-18378_13-2.jpg","contentUrl":"https:\/\/monti.lt\/wp-content\/uploads\/2025\/09\/lit_pl_Kruzzel-26546-irankiu-darbastalis-18378_13-2.jpg","width":500,"height":500,"caption":"medinis meistro stalas"},{"@type":"BreadcrumbList","@id":"https:\/\/monti.lt\/product\/medinis-meistro-stalas-su-irankiais\/#breadcrumb","itemListElement":[{"@type":"ListItem","position":1,"name":"Home","item":"https:\/\/monti.lt\/"},{"@type":"ListItem","position":2,"name":"Parduotuv\u0117","item":"https:\/\/monti.lt\/shop\/"},{"@type":"ListItem","position":3,"name":"Medinis meistro stalas su \u012frankiais"}]},{"@type":"WebSite","@id":"https:\/\/monti.lt\/#website","url":"https:\/\/monti.lt\/","name":"Montessori \u017eaislai","description":"","publisher":{"@id":"https:\/\/monti.lt\/#organization"},"potentialAction":[{"@type":"SearchAction","target":{"@type":"EntryPoint","urlTemplate":"https:\/\/monti.lt\/?s={search_term_string}"},"query-input":"required name=search_term_string"}],"inLanguage":"en-US"},{"@type":"Organization","@id":"https:\/\/monti.lt\/#organization","name":"Montessori \u017eaislai","url":"https:\/\/monti.lt\/","logo":{"@type":"ImageObject","inLanguage":"en-US","@id":"https:\/\/monti.lt\/#\/schema\/logo\/image\/","url":"https:\/\/monti.lt\/wp-content\/uploads\/2022\/03\/montilogo-1.png","contentUrl":"https:\/\/monti.lt\/wp-content\/uploads\/2022\/03\/montilogo-1.png","width":512,"height":512,"caption":"Montessori \u017eaislai"},"image":{"@id":"https:\/\/monti.lt\/#\/schema\/logo\/image\/"}}]}},"_links":{"self":[{"href":"https:\/\/monti.lt\/en\/wp-json\/wp\/v2\/product\/33419"}],"collection":[{"href":"https:\/\/monti.lt\/en\/wp-json\/wp\/v2\/product"}],"about":[{"href":"https:\/\/monti.lt\/en\/wp-json\/wp\/v2\/types\/product"}],"version-history":[{"count":1,"href":"https:\/\/monti.lt\/en\/wp-json\/wp\/v2\/product\/33419\/revisions"}],"predecessor-version":[{"id":33433,"href":"https:\/\/monti.lt\/en\/wp-json\/wp\/v2\/product\/33419\/revisions\/33433"}],"wp:featuredmedia":[{"embeddable":true,"href":"https:\/\/monti.lt\/en\/wp-json\/wp\/v2\/media\/33420"}],"wp:attachment":[{"href":"https:\/\/monti.lt\/en\/wp-json\/wp\/v2\/media?parent=33419"}],"wp:term":[{"taxonomy":"product_cat","embeddable":true,"href":"https:\/\/monti.lt\/en\/wp-json\/wp\/v2\/product_cat?post=33419"},{"taxonomy":"product_tag","embeddable":true,"href":"https:\/\/monti.lt\/en\/wp-json\/wp\/v2\/product_tag?post=33419"}],"curies":[{"name":"wp","href":"https:\/\/api.w.org\/{rel}","templated":true}]}}