{"id":33459,"date":"2025-09-23T09:22:31","date_gmt":"2025-09-23T09:22:31","guid":{"rendered":"https:\/\/monti.lt\/?post_type=product&#038;p=33459"},"modified":"2026-03-21T10:15:26","modified_gmt":"2026-03-21T10:15:26","slug":"medine-irankiu-deze","status":"publish","type":"product","link":"https:\/\/monti.lt\/en\/product\/medine-irankiu-deze\/","title":{"rendered":"Medin\u0117 \u012franki\u0173 d\u0117\u017e\u0117"},"content":{"rendered":"<h1 class=\"wp-block-heading\">Medin\u0117 \u012franki\u0173 d\u0117\u017e\u0117 vaikams, \u201epasidaryk pats\u201c rinkinys + \u012frankiai, gyv\u016bn\u0173 konstravimas, robotin\u0117s transporto priemon\u0117s \u2013 mokymosi d\u017eiaugsmas viename KRUZZEL!<\/h1>\n\n\n\n<p>&#8211;&nbsp;<strong>k\u016brybi\u0161kumo ir loginio m\u0105stymo ugdymas<\/strong>&nbsp;&nbsp;&nbsp;&#8211; vaikas gali&nbsp;&nbsp;&nbsp;<strong>savaranki\u0161kai konstruoti gyv\u016bnus, transporto priemones ar robotus, lavinti erdvin\u0119 vaizduot\u0119 ir planavimo \u012fg\u016bd\u017eius<\/strong><\/p>\n\n\n\n<p>&#8211;&nbsp;<strong>rankini\u0173 \u012fg\u016bd\u017ei\u0173 lavinimas<\/strong>&nbsp;&nbsp;&nbsp;\u2013 var\u017et\u0173 sukimas, sukimas ir \u012franki\u0173 (pj\u016bklo, plaktuko, atsuktuvo, repli\u0173, liniuot\u0117s) naudojimas&nbsp;&nbsp;&nbsp;<strong>palaiko rank\u0173 ir aki\u0173 koordinacij\u0105 bei judesi\u0173 tikslum\u0105<\/strong><\/p>\n\n\n\n<p>&#8211;&nbsp;<strong>tvarka ir mobilumas<\/strong>&nbsp;&nbsp;&nbsp;&#8211; visi&nbsp;&nbsp;&nbsp;<strong>Elementai supakuoti esteti\u0161koje medin\u0117je d\u0117\u017eut\u0117je su rankena<\/strong>&nbsp;, tod\u0117l rinkin\u012f lengva pasiimti \u012f kelion\u0119 ar palaikyti tvark\u0105 namuose<\/p>\n\n\n\n<p>&#8211;&nbsp;<strong>saugus mokymasis \u201epasidaryk pats\u201c<\/strong>&nbsp;&nbsp;&nbsp;\u2013 \u0161vies\u016bs mediniai ir plastikiniai elementai, lygiai nu\u0161lifuoti, da\u017eyti netoksi\u0161kais da\u017eais,&nbsp;&nbsp;&nbsp;<strong>leiskite savo ma\u017eyliui i\u0161mokti in\u017einerijos pagrind\u0173 be traum\u0173 rizikos<\/strong><\/p>\n\n\n\n<p>&#8211;&nbsp;<strong>puiki edukacin\u0117 dovana<\/strong>&nbsp;&nbsp;&nbsp;\u2013 spalvingi elementai, linksmi gyv\u016bn\u0173 ra\u0161tai ir prakti\u0161kas lagaminas&nbsp;&nbsp;&nbsp;<strong>rinkinys \u2013 puiki dovanos id\u0117ja tiek berniukui, tiek mergaitei<\/strong><\/p>\n\n\n\n<p>&#8211;&nbsp;<strong>atitinka Europos standartus<\/strong>&nbsp;&nbsp;&nbsp;&#8211; \u017eaislas buvo patikrintas d\u0117l atitikties Europos standartams, tod\u0117l&nbsp;&nbsp;&nbsp;<strong>galite b\u016bti tikri, kad tai saugu!<\/strong><\/p>\n\n\n\n<h2 class=\"wp-block-heading\">KRUZZEL \u012franki\u0173 d\u0117\u017e\u0117s specifikacijos:<\/h2>\n\n\n\n<ul class=\"wp-block-list\">\n<li>atitinka Europos standartus<\/li>\n\n\n\n<li>gyv\u016bn\u0173 ir transporto priemoni\u0173 k\u016brimas<\/li>\n\n\n\n<li>lavinti rankinius \u012fg\u016bd\u017eius<\/li>\n\n\n\n<li>erdvin\u0117s vaizduot\u0117s ugdymas<\/li>\n\n\n\n<li>loginio m\u0105stymo ugdymas<\/li>\n\n\n\n<li>in\u017einerijos ir \u201epasidaryk pats\u201c pagrind\u0173 mokymasis<\/li>\n\n\n\n<li>didelis blok\u0173 rinkinys<\/li>\n\n\n\n<li>ry\u0161kios spalvos<\/li>\n\n\n\n<li>D\u0117\u017eut\u0117s matmenys: 31 x 32 x 6 cm<\/li>\n\n\n\n<li>svoris: 1340 kg<\/li>\n\n\n\n<li>supakuoto svoris: 1,739 kg<\/li>\n\n\n\n<li>prek\u0117s \u017eenklas: KRUZZEL<\/li>\n\n\n\n<li>spalva: daugiaspalv\u0117<\/li>\n\n\n\n<li>med\u017eiaga: mediena, fanera, poliesteris, lateksas, nailonas, nikeliuota gele\u017eis, PS, ABS<\/li>\n<\/ul>\n\n\n\n<h2 class=\"wp-block-heading\">\u012e komplekt\u0105 \u012feina:<\/h2>\n\n\n\n<ul class=\"wp-block-list\">\n<li>d\u0117\u017eut\u0117<\/li>\n\n\n\n<li>plaktukas<\/li>\n\n\n\n<li>linija<\/li>\n\n\n\n<li>pj\u016bklas<\/li>\n\n\n\n<li>repl\u0117s<\/li>\n\n\n\n<li>atsuktuvas<\/li>\n\n\n\n<li>ver\u017eliaraktis<\/li>\n\n\n\n<li>12 var\u017et\u0173<\/li>\n\n\n\n<li>4 ratai<\/li>\n\n\n\n<li>gyv\u016bn\u0173 ir transporto priemoni\u0173 konstrukciniai blokeliai<\/li>\n\n\n\n<li>4 lipduk\u0173 lapai<\/li>\n\n\n\n<li>vartotojo vadovas<\/li>\n\n\n\n<li>spalvinga pakuot\u0117<\/li>\n\n\n\n<li>ruda siuntimo d\u0117\u017eut\u0117<\/li>\n<\/ul>\n\n\n\n<p><strong>GAMINTOJAS:<\/strong><\/p>\n\n\n\n<p>ISO TRADE Sp\u00f3\u0142ka z o.o.<br>Gniewomierz 173<br>59-241 Legnickie Pole, Polska<br><br>office@iso-trade.biz<\/p>\n\n\n\n<p><strong>ATSAKINGAS ASMUO ES:<\/strong><\/p>\n\n\n\n<p>IsoTrade<\/p>\n\n\n\n<p><strong>\u012eSP\u0116JIMO TURINYS:<\/strong><\/p>\n\n\n\n<p>\u2013 \u012esp\u0117jimas. Netinka vaikams iki 36 m\u0117nesi\u0173. Smulkios dalys. U\u017espringimo pavojus. \u2013 Gaminiai netinkami vartoti. \u2013 Nelaikyti at\u0161iauriose oro s\u0105lygose ar ugniai. \u2013 Naudoti pagal paskirt\u012f. \u2013 Nepaisyti am\u017eiaus rekomendacij\u0173. \u2013 Nenaudoti pa\u017eeisto gaminio. \u2013 Surinkimui reikalingas suaug\u0119s asmuo. \u2013 Nelaikyti nesurinkt\u0173 dali\u0173 vaikams pasiekiamoje vietoje. \u2013 Pakuot\u0117 n\u0117ra \u017eaislas. \u017daisl\u0105 turi i\u0161pakuoti suaug\u0119s asmuo, o pakuot\u0119 ir jos dalis i\u0161imti i\u0161<br>vaikui pasiekiamoje vietoje.<\/p>","protected":false},"excerpt":{"rendered":"<p>Medin\u0117 \u012franki\u0173 d\u0117\u017e\u0117 vaikams, \u201epasidaryk pats\u201c rinkinys + \u012frankiai, gyv\u016bn\u0173 konstravimas, robotin\u0117s transporto priemon\u0117s \u2013 mokymosi d\u017eiaugsmas viename KRUZZEL! &#8211;&nbsp;k\u016brybi\u0161kumo ir loginio m\u0105stymo ugdymas&nbsp;&nbsp;&nbsp;&#8211; vaikas gali&nbsp;&nbsp;&nbsp;savaranki\u0161kai konstruoti gyv\u016bnus, transporto priemones ar robotus, lavinti erdvin\u0119 vaizduot\u0119 ir planavimo \u012fg\u016bd\u017eius &#8211;&nbsp;rankini\u0173 \u012fg\u016bd\u017ei\u0173 lavinimas&nbsp;&nbsp;&nbsp;\u2013 var\u017et\u0173 sukimas, sukimas ir \u012franki\u0173 (pj\u016bklo, plaktuko, atsuktuvo, repli\u0173, liniuot\u0117s) naudojimas&nbsp;&nbsp;&nbsp;palaiko rank\u0173 ir aki\u0173 [&hellip;]<\/p>","protected":false},"featured_media":33460,"template":"","meta":{"_acf_changed":false,"iawp_total_views":219},"product_cat":[195,216,191,87,84,102,83,90,86,199,202,49,39],"product_tag":[97,98],"class_list":{"0":"post-33459","1":"product","2":"type-product","3":"status-publish","4":"has-post-thumbnail","6":"product_cat-dovanos-vaikams-3-4-metu","7":"product_cat-dovanos-4-5-metu-vaikams","8":"product_cat-dovanos-vaikams","9":"product_cat-kurybiniai-rinkiniai","10":"product_cat-lavinamieji-zaislai","11":"product_cat-mediniai-zaislai","12":"product_cat-montessori-zaislai","13":"product_cat-pasaulio-pazinimas","14":"product_cat-smulkioji-motorika","15":"product_cat-ugdymo-istaigoms","16":"product_cat-vaaikiski-konstruktoriai","17":"product_cat-visi-zaislai","18":"product_cat-zaislai","19":"product_tag-3-m-4-m","20":"product_tag-5-m-7-m","22":"first","23":"instock","24":"taxable","25":"shipping-taxable","26":"purchasable","27":"product-type-simple"},"acf":[],"yoast_head":"<!-- This site is optimized with the Yoast SEO plugin v23.3 - https:\/\/yoast.com\/wordpress\/plugins\/seo\/ -->\n<title>Medin\u0117 \u012franki\u0173 d\u0117\u017e\u0117 - Montessori \u017eaislai<\/title>\n<meta name=\"robots\" content=\"index, follow, max-snippet:-1, max-image-preview:large, max-video-preview:-1\" \/>\n<link rel=\"canonical\" href=\"https:\/\/monti.lt\/en\/product\/medine-irankiu-deze\/\" \/>\n<meta property=\"og:locale\" content=\"en_US\" \/>\n<meta property=\"og:type\" content=\"article\" \/>\n<meta property=\"og:title\" content=\"Medin\u0117 \u012franki\u0173 d\u0117\u017e\u0117 - Montessori \u017eaislai\" \/>\n<meta property=\"og:description\" content=\"Medin\u0117 \u012franki\u0173 d\u0117\u017e\u0117 vaikams, \u201epasidaryk pats\u201c rinkinys + \u012frankiai, gyv\u016bn\u0173 konstravimas, robotin\u0117s transporto priemon\u0117s \u2013 mokymosi d\u017eiaugsmas viename KRUZZEL! &#8211;&nbsp;k\u016brybi\u0161kumo ir loginio m\u0105stymo ugdymas&nbsp;&nbsp;&nbsp;&#8211; vaikas gali&nbsp;&nbsp;&nbsp;savaranki\u0161kai konstruoti gyv\u016bnus, transporto priemones ar robotus, lavinti erdvin\u0119 vaizduot\u0119 ir planavimo \u012fg\u016bd\u017eius &#8211;&nbsp;rankini\u0173 \u012fg\u016bd\u017ei\u0173 lavinimas&nbsp;&nbsp;&nbsp;\u2013 var\u017et\u0173 sukimas, sukimas ir \u012franki\u0173 (pj\u016bklo, plaktuko, atsuktuvo, repli\u0173, liniuot\u0117s) naudojimas&nbsp;&nbsp;&nbsp;palaiko rank\u0173 ir aki\u0173 [&hellip;]\" \/>\n<meta property=\"og:url\" content=\"https:\/\/monti.lt\/en\/product\/medine-irankiu-deze\/\" \/>\n<meta property=\"og:site_name\" content=\"Montessori \u017eaislai\" \/>\n<meta property=\"article:modified_time\" content=\"2026-03-21T10:15:26+00:00\" \/>\n<meta property=\"og:image\" content=\"https:\/\/monti.lt\/wp-content\/uploads\/2025\/09\/lit_pl_Kruzzel-26581-medine-irankiu-deze-18423_6.jpg\" \/>\n\t<meta property=\"og:image:width\" content=\"500\" \/>\n\t<meta property=\"og:image:height\" content=\"500\" \/>\n\t<meta property=\"og:image:type\" content=\"image\/jpeg\" \/>\n<meta name=\"twitter:card\" content=\"summary_large_image\" \/>\n<meta name=\"twitter:label1\" content=\"Est. reading time\" \/>\n\t<meta name=\"twitter:data1\" content=\"2 minutes\" \/>\n<script type=\"application\/ld+json\" class=\"yoast-schema-graph\">{\"@context\":\"https:\/\/schema.org\",\"@graph\":[{\"@type\":\"WebPage\",\"@id\":\"https:\/\/monti.lt\/product\/medine-irankiu-deze\/\",\"url\":\"https:\/\/monti.lt\/product\/medine-irankiu-deze\/\",\"name\":\"Medin\u0117 \u012franki\u0173 d\u0117\u017e\u0117 - Montessori \u017eaislai\",\"isPartOf\":{\"@id\":\"https:\/\/monti.lt\/#website\"},\"primaryImageOfPage\":{\"@id\":\"https:\/\/monti.lt\/product\/medine-irankiu-deze\/#primaryimage\"},\"image\":{\"@id\":\"https:\/\/monti.lt\/product\/medine-irankiu-deze\/#primaryimage\"},\"thumbnailUrl\":\"https:\/\/monti.lt\/wp-content\/uploads\/2025\/09\/lit_pl_Kruzzel-26581-medine-irankiu-deze-18423_6.jpg\",\"datePublished\":\"2025-09-23T09:22:31+00:00\",\"dateModified\":\"2026-03-21T10:15:26+00:00\",\"breadcrumb\":{\"@id\":\"https:\/\/monti.lt\/product\/medine-irankiu-deze\/#breadcrumb\"},\"inLanguage\":\"en-US\",\"potentialAction\":[{\"@type\":\"ReadAction\",\"target\":[\"https:\/\/monti.lt\/product\/medine-irankiu-deze\/\"]}]},{\"@type\":\"ImageObject\",\"inLanguage\":\"en-US\",\"@id\":\"https:\/\/monti.lt\/product\/medine-irankiu-deze\/#primaryimage\",\"url\":\"https:\/\/monti.lt\/wp-content\/uploads\/2025\/09\/lit_pl_Kruzzel-26581-medine-irankiu-deze-18423_6.jpg\",\"contentUrl\":\"https:\/\/monti.lt\/wp-content\/uploads\/2025\/09\/lit_pl_Kruzzel-26581-medine-irankiu-deze-18423_6.jpg\",\"width\":500,\"height\":500,\"caption\":\"medine irankiu deze\"},{\"@type\":\"BreadcrumbList\",\"@id\":\"https:\/\/monti.lt\/product\/medine-irankiu-deze\/#breadcrumb\",\"itemListElement\":[{\"@type\":\"ListItem\",\"position\":1,\"name\":\"Home\",\"item\":\"https:\/\/monti.lt\/\"},{\"@type\":\"ListItem\",\"position\":2,\"name\":\"Parduotuv\u0117\",\"item\":\"https:\/\/monti.lt\/shop\/\"},{\"@type\":\"ListItem\",\"position\":3,\"name\":\"Medin\u0117 \u012franki\u0173 d\u0117\u017e\u0117\"}]},{\"@type\":\"WebSite\",\"@id\":\"https:\/\/monti.lt\/#website\",\"url\":\"https:\/\/monti.lt\/\",\"name\":\"Montessori \u017eaislai\",\"description\":\"\",\"publisher\":{\"@id\":\"https:\/\/monti.lt\/#organization\"},\"potentialAction\":[{\"@type\":\"SearchAction\",\"target\":{\"@type\":\"EntryPoint\",\"urlTemplate\":\"https:\/\/monti.lt\/?s={search_term_string}\"},\"query-input\":\"required name=search_term_string\"}],\"inLanguage\":\"en-US\"},{\"@type\":\"Organization\",\"@id\":\"https:\/\/monti.lt\/#organization\",\"name\":\"Montessori \u017eaislai\",\"url\":\"https:\/\/monti.lt\/\",\"logo\":{\"@type\":\"ImageObject\",\"inLanguage\":\"en-US\",\"@id\":\"https:\/\/monti.lt\/#\/schema\/logo\/image\/\",\"url\":\"https:\/\/monti.lt\/wp-content\/uploads\/2022\/03\/montilogo-1.png\",\"contentUrl\":\"https:\/\/monti.lt\/wp-content\/uploads\/2022\/03\/montilogo-1.png\",\"width\":512,\"height\":512,\"caption\":\"Montessori \u017eaislai\"},\"image\":{\"@id\":\"https:\/\/monti.lt\/#\/schema\/logo\/image\/\"}}]}<\/script>\n<!-- \/ Yoast SEO plugin. -->","yoast_head_json":{"title":"Medin\u0117 \u012franki\u0173 d\u0117\u017e\u0117 - Montessori \u017eaislai","robots":{"index":"index","follow":"follow","max-snippet":"max-snippet:-1","max-image-preview":"max-image-preview:large","max-video-preview":"max-video-preview:-1"},"canonical":"https:\/\/monti.lt\/en\/product\/medine-irankiu-deze\/","og_locale":"en_US","og_type":"article","og_title":"Medin\u0117 \u012franki\u0173 d\u0117\u017e\u0117 - Montessori \u017eaislai","og_description":"Medin\u0117 \u012franki\u0173 d\u0117\u017e\u0117 vaikams, \u201epasidaryk pats\u201c rinkinys + \u012frankiai, gyv\u016bn\u0173 konstravimas, robotin\u0117s transporto priemon\u0117s \u2013 mokymosi d\u017eiaugsmas viename KRUZZEL! &#8211;&nbsp;k\u016brybi\u0161kumo ir loginio m\u0105stymo ugdymas&nbsp;&nbsp;&nbsp;&#8211; vaikas gali&nbsp;&nbsp;&nbsp;savaranki\u0161kai konstruoti gyv\u016bnus, transporto priemones ar robotus, lavinti erdvin\u0119 vaizduot\u0119 ir planavimo \u012fg\u016bd\u017eius &#8211;&nbsp;rankini\u0173 \u012fg\u016bd\u017ei\u0173 lavinimas&nbsp;&nbsp;&nbsp;\u2013 var\u017et\u0173 sukimas, sukimas ir \u012franki\u0173 (pj\u016bklo, plaktuko, atsuktuvo, repli\u0173, liniuot\u0117s) naudojimas&nbsp;&nbsp;&nbsp;palaiko rank\u0173 ir aki\u0173 [&hellip;]","og_url":"https:\/\/monti.lt\/en\/product\/medine-irankiu-deze\/","og_site_name":"Montessori \u017eaislai","article_modified_time":"2026-03-21T10:15:26+00:00","og_image":[{"width":500,"height":500,"url":"https:\/\/monti.lt\/wp-content\/uploads\/2025\/09\/lit_pl_Kruzzel-26581-medine-irankiu-deze-18423_6.jpg","type":"image\/jpeg"}],"twitter_card":"summary_large_image","twitter_misc":{"Est. reading time":"2 minutes"},"schema":{"@context":"https:\/\/schema.org","@graph":[{"@type":"WebPage","@id":"https:\/\/monti.lt\/product\/medine-irankiu-deze\/","url":"https:\/\/monti.lt\/product\/medine-irankiu-deze\/","name":"Medin\u0117 \u012franki\u0173 d\u0117\u017e\u0117 - Montessori \u017eaislai","isPartOf":{"@id":"https:\/\/monti.lt\/#website"},"primaryImageOfPage":{"@id":"https:\/\/monti.lt\/product\/medine-irankiu-deze\/#primaryimage"},"image":{"@id":"https:\/\/monti.lt\/product\/medine-irankiu-deze\/#primaryimage"},"thumbnailUrl":"https:\/\/monti.lt\/wp-content\/uploads\/2025\/09\/lit_pl_Kruzzel-26581-medine-irankiu-deze-18423_6.jpg","datePublished":"2025-09-23T09:22:31+00:00","dateModified":"2026-03-21T10:15:26+00:00","breadcrumb":{"@id":"https:\/\/monti.lt\/product\/medine-irankiu-deze\/#breadcrumb"},"inLanguage":"en-US","potentialAction":[{"@type":"ReadAction","target":["https:\/\/monti.lt\/product\/medine-irankiu-deze\/"]}]},{"@type":"ImageObject","inLanguage":"en-US","@id":"https:\/\/monti.lt\/product\/medine-irankiu-deze\/#primaryimage","url":"https:\/\/monti.lt\/wp-content\/uploads\/2025\/09\/lit_pl_Kruzzel-26581-medine-irankiu-deze-18423_6.jpg","contentUrl":"https:\/\/monti.lt\/wp-content\/uploads\/2025\/09\/lit_pl_Kruzzel-26581-medine-irankiu-deze-18423_6.jpg","width":500,"height":500,"caption":"medine irankiu deze"},{"@type":"BreadcrumbList","@id":"https:\/\/monti.lt\/product\/medine-irankiu-deze\/#breadcrumb","itemListElement":[{"@type":"ListItem","position":1,"name":"Home","item":"https:\/\/monti.lt\/"},{"@type":"ListItem","position":2,"name":"Parduotuv\u0117","item":"https:\/\/monti.lt\/shop\/"},{"@type":"ListItem","position":3,"name":"Medin\u0117 \u012franki\u0173 d\u0117\u017e\u0117"}]},{"@type":"WebSite","@id":"https:\/\/monti.lt\/#website","url":"https:\/\/monti.lt\/","name":"Montessori \u017eaislai","description":"","publisher":{"@id":"https:\/\/monti.lt\/#organization"},"potentialAction":[{"@type":"SearchAction","target":{"@type":"EntryPoint","urlTemplate":"https:\/\/monti.lt\/?s={search_term_string}"},"query-input":"required name=search_term_string"}],"inLanguage":"en-US"},{"@type":"Organization","@id":"https:\/\/monti.lt\/#organization","name":"Montessori \u017eaislai","url":"https:\/\/monti.lt\/","logo":{"@type":"ImageObject","inLanguage":"en-US","@id":"https:\/\/monti.lt\/#\/schema\/logo\/image\/","url":"https:\/\/monti.lt\/wp-content\/uploads\/2022\/03\/montilogo-1.png","contentUrl":"https:\/\/monti.lt\/wp-content\/uploads\/2022\/03\/montilogo-1.png","width":512,"height":512,"caption":"Montessori \u017eaislai"},"image":{"@id":"https:\/\/monti.lt\/#\/schema\/logo\/image\/"}}]}},"_links":{"self":[{"href":"https:\/\/monti.lt\/en\/wp-json\/wp\/v2\/product\/33459"}],"collection":[{"href":"https:\/\/monti.lt\/en\/wp-json\/wp\/v2\/product"}],"about":[{"href":"https:\/\/monti.lt\/en\/wp-json\/wp\/v2\/types\/product"}],"version-history":[{"count":1,"href":"https:\/\/monti.lt\/en\/wp-json\/wp\/v2\/product\/33459\/revisions"}],"predecessor-version":[{"id":33471,"href":"https:\/\/monti.lt\/en\/wp-json\/wp\/v2\/product\/33459\/revisions\/33471"}],"wp:featuredmedia":[{"embeddable":true,"href":"https:\/\/monti.lt\/en\/wp-json\/wp\/v2\/media\/33460"}],"wp:attachment":[{"href":"https:\/\/monti.lt\/en\/wp-json\/wp\/v2\/media?parent=33459"}],"wp:term":[{"taxonomy":"product_cat","embeddable":true,"href":"https:\/\/monti.lt\/en\/wp-json\/wp\/v2\/product_cat?post=33459"},{"taxonomy":"product_tag","embeddable":true,"href":"https:\/\/monti.lt\/en\/wp-json\/wp\/v2\/product_tag?post=33459"}],"curies":[{"name":"wp","href":"https:\/\/api.w.org\/{rel}","templated":true}]}}