{"id":33472,"date":"2025-09-23T09:28:19","date_gmt":"2025-09-23T09:28:19","guid":{"rendered":"https:\/\/monti.lt\/?post_type=product&#038;p=33472"},"modified":"2026-03-24T19:37:05","modified_gmt":"2026-03-24T19:37:05","slug":"didele-delione-masinu-trasa","status":"publish","type":"product","link":"https:\/\/monti.lt\/en\/product\/didele-delione-masinu-trasa\/","title":{"rendered":"Didel\u0117 d\u0117lion\u0117 &#8220;Ma\u0161in\u0173 tr\u0105sa&#8221;"},"content":{"rendered":"<h1 class=\"wp-block-heading\">Trasos d\u0117lion\u0117 surinkimui, mar\u0161rutas, k\u016brybinis edukacinis, kilim\u0117liai automobiliui, 25 detal\u0117s&nbsp;<\/h1>\n\n\n\n<p>&nbsp;&nbsp;<strong>vystymasis per \u017eaidim\u0105<\/strong>&nbsp;&nbsp;&nbsp;&#8211; rinkinys&nbsp;&nbsp;&nbsp;<strong>lavina vaiko login\u012f m\u0105stym\u0105, k\u016brybi\u0161kum\u0105, susikaupim\u0105 ir rankinius \u012fg\u016bd\u017eius<\/strong><\/p>\n\n\n\n<p>&nbsp;&nbsp;<strong>saugus vaikams nuo 3 met\u0173<\/strong>&nbsp;&nbsp;&nbsp;\u2013&nbsp;&nbsp;&nbsp;<strong>dideli elementai (14&#215;14 cm) su u\u017eapvalintais kra\u0161tais&nbsp;&nbsp;<\/strong>&nbsp;pagaminti i\u0161 netoksi\u0161kos med\u017eiagos, u\u017etikrina saugum\u0105 \u017eaidimo metu<\/p>\n\n\n\n<p><strong>Pilnas 25 detali\u0173 rinkinys \u2013 d\u0117lion\u0117s, transporto priemon\u0117s, kelio \u017eenklai ir lipdukai leid\u017eia i\u0161 karto sukurti vis\u0105 \u017eaidimo scen\u0105<\/strong><\/p>\n\n\n\n<h2 class=\"wp-block-heading\">Edukacini\u0173 galvos\u016bki\u0173 specifikacijos:<\/h2>\n\n\n\n<ul class=\"wp-block-list\">\n<li>atitinka Europos standartus<\/li>\n\n\n\n<li>saugus vaikams<\/li>\n\n\n\n<li>vaikams nuo 3 met\u0173<\/li>\n\n\n\n<li>mokymasis per \u017eaidim\u0105<\/li>\n\n\n\n<li>transporto priemon\u0117s pa\u010dios va\u017eiuoja b\u0117giais<\/li>\n\n\n\n<li>mokymosi \u017eaislas<\/li>\n\n\n\n<li>vandenyno tema<\/li>\n\n\n\n<li>ry\u0161kios spalvos<\/li>\n\n\n\n<li>mokymosi planavimas ir k\u016brybinis m\u0105stymas<\/li>\n\n\n\n<li>paprasta pramogos forma<\/li>\n\n\n\n<li>lavinti vaizduot\u0119 ir skatinti smalsum\u0105<\/li>\n\n\n\n<li>paprastas surinkimas<\/li>\n\n\n\n<li>dovanos id\u0117ja<\/li>\n\n\n\n<li>akumuliatorin\u0117s transporto priemon\u0117s<\/li>\n\n\n\n<li>Baterija: 1 x 1,5 V (AAA) &#8211; nepridedama<\/li>\n\n\n\n<li>1 d\u0117lion\u0117s matmenys: 14 x 14 cm<\/li>\n\n\n\n<li>transporto priemon\u0117s matmenys: 5 x 19 cm<\/li>\n\n\n\n<li>svoris: 0,424 kg<\/li>\n\n\n\n<li>pakuot\u0117s svoris: 0,641 kg<\/li>\n\n\n\n<li>prek\u0117s \u017eenklas: KRUZZEL<\/li>\n\n\n\n<li>spalva: daugiaspalv\u0117<\/li>\n\n\n\n<li>med\u017eiaga: ABS, lipdukai<\/li>\n<\/ul>\n\n\n\n<h2 class=\"wp-block-heading\">\u012e komplekt\u0105 \u012feina:<\/h2>\n\n\n\n<ul class=\"wp-block-list\">\n<li>12 galvos\u016bki\u0173<\/li>\n\n\n\n<li>3 akumuliatoriais varomos transporto priemon\u0117s<\/li>\n\n\n\n<li>kelio \u017eenklai<\/li>\n\n\n\n<li>lipdukai<\/li>\n\n\n\n<li>vartotojo vadovas<\/li>\n\n\n\n<li>spalvinga pakuot\u0117<\/li>\n<\/ul>\n\n\n\n<p><strong>GAMINTOJAS:<\/strong><\/p>\n\n\n\n<p>SHANTOU CHENGHAI QINYE PLASTIC CO., LTD<br>CHENGHAI DISTRICT, SHANTOU CITY, GUANGDONG PROVINCE, CHINA<\/p>\n\n\n\n<p><strong>ATSAKINGAS ASMUO ES:<\/strong><\/p>\n\n\n\n<p>ISO TRADE Sp\u00f3\u0142ka z o.o.<br>Gniewomierz 173<br>59-241 Legnickie Pole, Polska<br><br>office@iso-trade.biz<\/p>\n\n\n\n<p><strong>\u012eSP\u0116JIMO TURINYS:<\/strong><\/p>\n\n\n\n<p>\u012esp\u0117jimas. Netinka vaikams iki 36 m\u0117nesi\u0173. Smulkios dalys. U\u017espringimo pavojus. Gaminiai netinkami vartoti. Nelaikyti at\u0161iauriose oro s\u0105lygose ar ugniai. Naudokite pagal paskirt\u012f. Nepaisykite am\u017eiaus rekomendacij\u0173. Nenaudokite pa\u017eeisto gaminio. Surinkimui reikalingas suaug\u0119s asmuo. Nelaikykite nesurinkt\u0173 dali\u0173 vaikams nepasiekiamoje vietoje. Pakuot\u0117 n\u0117ra \u017eaislas. \u017daisl\u0105 tur\u0117t\u0173 i\u0161pakuoti suaug\u0119s asmuo, o pakuot\u0119 ir jos dalis laikyti vaikams nepasiekiamoje vietoje.<\/p>","protected":false},"excerpt":{"rendered":"<p>Trasos d\u0117lion\u0117 surinkimui, mar\u0161rutas, k\u016brybinis edukacinis, kilim\u0117liai automobiliui, 25 detal\u0117s&nbsp; &nbsp;&nbsp;vystymasis per \u017eaidim\u0105&nbsp;&nbsp;&nbsp;&#8211; rinkinys&nbsp;&nbsp;&nbsp;lavina vaiko login\u012f m\u0105stym\u0105, k\u016brybi\u0161kum\u0105, susikaupim\u0105 ir rankinius \u012fg\u016bd\u017eius &nbsp;&nbsp;saugus vaikams nuo 3 met\u0173&nbsp;&nbsp;&nbsp;\u2013&nbsp;&nbsp;&nbsp;dideli elementai (14&#215;14 cm) su u\u017eapvalintais kra\u0161tais&nbsp;&nbsp;&nbsp;pagaminti i\u0161 netoksi\u0161kos med\u017eiagos, u\u017etikrina saugum\u0105 \u017eaidimo metu Pilnas 25 detali\u0173 rinkinys \u2013 d\u0117lion\u0117s, transporto priemon\u0117s, kelio \u017eenklai ir lipdukai leid\u017eia i\u0161 karto [&hellip;]<\/p>","protected":false},"featured_media":33473,"template":"","meta":{"_acf_changed":false,"iawp_total_views":304},"product_cat":[92,194,195,191,192,84,90,50,49,39],"product_tag":[97],"class_list":{"0":"post-33472","1":"product","2":"type-product","3":"status-publish","4":"has-post-thumbnail","6":"product_cat-deliones","7":"product_cat-dovanos-vaikams-2-3-metu","8":"product_cat-dovanos-vaikams-3-4-metu","9":"product_cat-dovanos-vaikams","10":"product_cat-kaledines-dovanos-vaikams","11":"product_cat-lavinamieji-zaislai","12":"product_cat-pasaulio-pazinimas","13":"product_cat-top-dovanos","14":"product_cat-visi-zaislai","15":"product_cat-zaislai","16":"product_tag-3-m-4-m","18":"first","19":"outofstock","20":"sale","21":"taxable","22":"shipping-taxable","23":"purchasable","24":"product-type-simple"},"acf":[],"yoast_head":"<!-- This site is optimized with the Yoast SEO plugin v23.3 - https:\/\/yoast.com\/wordpress\/plugins\/seo\/ -->\n<title>Didel\u0117 d\u0117lion\u0117 &quot;Ma\u0161in\u0173 tr\u0105sa&quot; - Montessori \u017eaislai<\/title>\n<meta name=\"robots\" content=\"index, follow, max-snippet:-1, max-image-preview:large, max-video-preview:-1\" \/>\n<link rel=\"canonical\" href=\"https:\/\/monti.lt\/en\/product\/didele-delione-masinu-trasa\/\" \/>\n<meta property=\"og:locale\" content=\"en_US\" \/>\n<meta property=\"og:type\" content=\"article\" \/>\n<meta property=\"og:title\" content=\"Didel\u0117 d\u0117lion\u0117 &quot;Ma\u0161in\u0173 tr\u0105sa&quot; - Montessori \u017eaislai\" \/>\n<meta property=\"og:description\" content=\"Trasos d\u0117lion\u0117 surinkimui, mar\u0161rutas, k\u016brybinis edukacinis, kilim\u0117liai automobiliui, 25 detal\u0117s&nbsp; &nbsp;&nbsp;vystymasis per \u017eaidim\u0105&nbsp;&nbsp;&nbsp;&#8211; rinkinys&nbsp;&nbsp;&nbsp;lavina vaiko login\u012f m\u0105stym\u0105, k\u016brybi\u0161kum\u0105, susikaupim\u0105 ir rankinius \u012fg\u016bd\u017eius &nbsp;&nbsp;saugus vaikams nuo 3 met\u0173&nbsp;&nbsp;&nbsp;\u2013&nbsp;&nbsp;&nbsp;dideli elementai (14&#215;14 cm) su u\u017eapvalintais kra\u0161tais&nbsp;&nbsp;&nbsp;pagaminti i\u0161 netoksi\u0161kos med\u017eiagos, u\u017etikrina saugum\u0105 \u017eaidimo metu Pilnas 25 detali\u0173 rinkinys \u2013 d\u0117lion\u0117s, transporto priemon\u0117s, kelio \u017eenklai ir lipdukai leid\u017eia i\u0161 karto [&hellip;]\" \/>\n<meta property=\"og:url\" content=\"https:\/\/monti.lt\/en\/product\/didele-delione-masinu-trasa\/\" \/>\n<meta property=\"og:site_name\" content=\"Montessori \u017eaislai\" \/>\n<meta property=\"article:modified_time\" content=\"2026-03-24T19:37:05+00:00\" \/>\n<meta property=\"og:image\" content=\"https:\/\/monti.lt\/wp-content\/uploads\/2025\/09\/lit_pl_Edukacinis-galvosukis-takelis-24851-18436_8.jpg\" \/>\n\t<meta property=\"og:image:width\" content=\"500\" \/>\n\t<meta property=\"og:image:height\" content=\"500\" \/>\n\t<meta property=\"og:image:type\" content=\"image\/jpeg\" \/>\n<meta name=\"twitter:card\" content=\"summary_large_image\" \/>\n<meta name=\"twitter:label1\" content=\"Est. reading time\" \/>\n\t<meta name=\"twitter:data1\" content=\"2 minutes\" \/>\n<script type=\"application\/ld+json\" class=\"yoast-schema-graph\">{\"@context\":\"https:\/\/schema.org\",\"@graph\":[{\"@type\":\"WebPage\",\"@id\":\"https:\/\/monti.lt\/product\/didele-delione-masinu-trasa\/\",\"url\":\"https:\/\/monti.lt\/product\/didele-delione-masinu-trasa\/\",\"name\":\"Didel\u0117 d\u0117lion\u0117 \\\"Ma\u0161in\u0173 tr\u0105sa\\\" - Montessori \u017eaislai\",\"isPartOf\":{\"@id\":\"https:\/\/monti.lt\/#website\"},\"primaryImageOfPage\":{\"@id\":\"https:\/\/monti.lt\/product\/didele-delione-masinu-trasa\/#primaryimage\"},\"image\":{\"@id\":\"https:\/\/monti.lt\/product\/didele-delione-masinu-trasa\/#primaryimage\"},\"thumbnailUrl\":\"https:\/\/monti.lt\/wp-content\/uploads\/2025\/09\/lit_pl_Edukacinis-galvosukis-takelis-24851-18436_8.jpg\",\"datePublished\":\"2025-09-23T09:28:19+00:00\",\"dateModified\":\"2026-03-24T19:37:05+00:00\",\"breadcrumb\":{\"@id\":\"https:\/\/monti.lt\/product\/didele-delione-masinu-trasa\/#breadcrumb\"},\"inLanguage\":\"en-US\",\"potentialAction\":[{\"@type\":\"ReadAction\",\"target\":[\"https:\/\/monti.lt\/product\/didele-delione-masinu-trasa\/\"]}]},{\"@type\":\"ImageObject\",\"inLanguage\":\"en-US\",\"@id\":\"https:\/\/monti.lt\/product\/didele-delione-masinu-trasa\/#primaryimage\",\"url\":\"https:\/\/monti.lt\/wp-content\/uploads\/2025\/09\/lit_pl_Edukacinis-galvosukis-takelis-24851-18436_8.jpg\",\"contentUrl\":\"https:\/\/monti.lt\/wp-content\/uploads\/2025\/09\/lit_pl_Edukacinis-galvosukis-takelis-24851-18436_8.jpg\",\"width\":500,\"height\":500,\"caption\":\"didele delione\"},{\"@type\":\"BreadcrumbList\",\"@id\":\"https:\/\/monti.lt\/product\/didele-delione-masinu-trasa\/#breadcrumb\",\"itemListElement\":[{\"@type\":\"ListItem\",\"position\":1,\"name\":\"Home\",\"item\":\"https:\/\/monti.lt\/\"},{\"@type\":\"ListItem\",\"position\":2,\"name\":\"Parduotuv\u0117\",\"item\":\"https:\/\/monti.lt\/shop\/\"},{\"@type\":\"ListItem\",\"position\":3,\"name\":\"Didel\u0117 d\u0117lion\u0117 &#8220;Ma\u0161in\u0173 tr\u0105sa&#8221;\"}]},{\"@type\":\"WebSite\",\"@id\":\"https:\/\/monti.lt\/#website\",\"url\":\"https:\/\/monti.lt\/\",\"name\":\"Montessori \u017eaislai\",\"description\":\"\",\"publisher\":{\"@id\":\"https:\/\/monti.lt\/#organization\"},\"potentialAction\":[{\"@type\":\"SearchAction\",\"target\":{\"@type\":\"EntryPoint\",\"urlTemplate\":\"https:\/\/monti.lt\/?s={search_term_string}\"},\"query-input\":\"required name=search_term_string\"}],\"inLanguage\":\"en-US\"},{\"@type\":\"Organization\",\"@id\":\"https:\/\/monti.lt\/#organization\",\"name\":\"Montessori \u017eaislai\",\"url\":\"https:\/\/monti.lt\/\",\"logo\":{\"@type\":\"ImageObject\",\"inLanguage\":\"en-US\",\"@id\":\"https:\/\/monti.lt\/#\/schema\/logo\/image\/\",\"url\":\"https:\/\/monti.lt\/wp-content\/uploads\/2022\/03\/montilogo-1.png\",\"contentUrl\":\"https:\/\/monti.lt\/wp-content\/uploads\/2022\/03\/montilogo-1.png\",\"width\":512,\"height\":512,\"caption\":\"Montessori \u017eaislai\"},\"image\":{\"@id\":\"https:\/\/monti.lt\/#\/schema\/logo\/image\/\"}}]}<\/script>\n<!-- \/ Yoast SEO plugin. -->","yoast_head_json":{"title":"Didel\u0117 d\u0117lion\u0117 \"Ma\u0161in\u0173 tr\u0105sa\" - Montessori \u017eaislai","robots":{"index":"index","follow":"follow","max-snippet":"max-snippet:-1","max-image-preview":"max-image-preview:large","max-video-preview":"max-video-preview:-1"},"canonical":"https:\/\/monti.lt\/en\/product\/didele-delione-masinu-trasa\/","og_locale":"en_US","og_type":"article","og_title":"Didel\u0117 d\u0117lion\u0117 \"Ma\u0161in\u0173 tr\u0105sa\" - Montessori \u017eaislai","og_description":"Trasos d\u0117lion\u0117 surinkimui, mar\u0161rutas, k\u016brybinis edukacinis, kilim\u0117liai automobiliui, 25 detal\u0117s&nbsp; &nbsp;&nbsp;vystymasis per \u017eaidim\u0105&nbsp;&nbsp;&nbsp;&#8211; rinkinys&nbsp;&nbsp;&nbsp;lavina vaiko login\u012f m\u0105stym\u0105, k\u016brybi\u0161kum\u0105, susikaupim\u0105 ir rankinius \u012fg\u016bd\u017eius &nbsp;&nbsp;saugus vaikams nuo 3 met\u0173&nbsp;&nbsp;&nbsp;\u2013&nbsp;&nbsp;&nbsp;dideli elementai (14&#215;14 cm) su u\u017eapvalintais kra\u0161tais&nbsp;&nbsp;&nbsp;pagaminti i\u0161 netoksi\u0161kos med\u017eiagos, u\u017etikrina saugum\u0105 \u017eaidimo metu Pilnas 25 detali\u0173 rinkinys \u2013 d\u0117lion\u0117s, transporto priemon\u0117s, kelio \u017eenklai ir lipdukai leid\u017eia i\u0161 karto [&hellip;]","og_url":"https:\/\/monti.lt\/en\/product\/didele-delione-masinu-trasa\/","og_site_name":"Montessori \u017eaislai","article_modified_time":"2026-03-24T19:37:05+00:00","og_image":[{"width":500,"height":500,"url":"https:\/\/monti.lt\/wp-content\/uploads\/2025\/09\/lit_pl_Edukacinis-galvosukis-takelis-24851-18436_8.jpg","type":"image\/jpeg"}],"twitter_card":"summary_large_image","twitter_misc":{"Est. reading time":"2 minutes"},"schema":{"@context":"https:\/\/schema.org","@graph":[{"@type":"WebPage","@id":"https:\/\/monti.lt\/product\/didele-delione-masinu-trasa\/","url":"https:\/\/monti.lt\/product\/didele-delione-masinu-trasa\/","name":"Didel\u0117 d\u0117lion\u0117 \"Ma\u0161in\u0173 tr\u0105sa\" - Montessori \u017eaislai","isPartOf":{"@id":"https:\/\/monti.lt\/#website"},"primaryImageOfPage":{"@id":"https:\/\/monti.lt\/product\/didele-delione-masinu-trasa\/#primaryimage"},"image":{"@id":"https:\/\/monti.lt\/product\/didele-delione-masinu-trasa\/#primaryimage"},"thumbnailUrl":"https:\/\/monti.lt\/wp-content\/uploads\/2025\/09\/lit_pl_Edukacinis-galvosukis-takelis-24851-18436_8.jpg","datePublished":"2025-09-23T09:28:19+00:00","dateModified":"2026-03-24T19:37:05+00:00","breadcrumb":{"@id":"https:\/\/monti.lt\/product\/didele-delione-masinu-trasa\/#breadcrumb"},"inLanguage":"en-US","potentialAction":[{"@type":"ReadAction","target":["https:\/\/monti.lt\/product\/didele-delione-masinu-trasa\/"]}]},{"@type":"ImageObject","inLanguage":"en-US","@id":"https:\/\/monti.lt\/product\/didele-delione-masinu-trasa\/#primaryimage","url":"https:\/\/monti.lt\/wp-content\/uploads\/2025\/09\/lit_pl_Edukacinis-galvosukis-takelis-24851-18436_8.jpg","contentUrl":"https:\/\/monti.lt\/wp-content\/uploads\/2025\/09\/lit_pl_Edukacinis-galvosukis-takelis-24851-18436_8.jpg","width":500,"height":500,"caption":"didele delione"},{"@type":"BreadcrumbList","@id":"https:\/\/monti.lt\/product\/didele-delione-masinu-trasa\/#breadcrumb","itemListElement":[{"@type":"ListItem","position":1,"name":"Home","item":"https:\/\/monti.lt\/"},{"@type":"ListItem","position":2,"name":"Parduotuv\u0117","item":"https:\/\/monti.lt\/shop\/"},{"@type":"ListItem","position":3,"name":"Didel\u0117 d\u0117lion\u0117 &#8220;Ma\u0161in\u0173 tr\u0105sa&#8221;"}]},{"@type":"WebSite","@id":"https:\/\/monti.lt\/#website","url":"https:\/\/monti.lt\/","name":"Montessori \u017eaislai","description":"","publisher":{"@id":"https:\/\/monti.lt\/#organization"},"potentialAction":[{"@type":"SearchAction","target":{"@type":"EntryPoint","urlTemplate":"https:\/\/monti.lt\/?s={search_term_string}"},"query-input":"required name=search_term_string"}],"inLanguage":"en-US"},{"@type":"Organization","@id":"https:\/\/monti.lt\/#organization","name":"Montessori \u017eaislai","url":"https:\/\/monti.lt\/","logo":{"@type":"ImageObject","inLanguage":"en-US","@id":"https:\/\/monti.lt\/#\/schema\/logo\/image\/","url":"https:\/\/monti.lt\/wp-content\/uploads\/2022\/03\/montilogo-1.png","contentUrl":"https:\/\/monti.lt\/wp-content\/uploads\/2022\/03\/montilogo-1.png","width":512,"height":512,"caption":"Montessori \u017eaislai"},"image":{"@id":"https:\/\/monti.lt\/#\/schema\/logo\/image\/"}}]}},"_links":{"self":[{"href":"https:\/\/monti.lt\/en\/wp-json\/wp\/v2\/product\/33472"}],"collection":[{"href":"https:\/\/monti.lt\/en\/wp-json\/wp\/v2\/product"}],"about":[{"href":"https:\/\/monti.lt\/en\/wp-json\/wp\/v2\/types\/product"}],"version-history":[{"count":1,"href":"https:\/\/monti.lt\/en\/wp-json\/wp\/v2\/product\/33472\/revisions"}],"predecessor-version":[{"id":33480,"href":"https:\/\/monti.lt\/en\/wp-json\/wp\/v2\/product\/33472\/revisions\/33480"}],"wp:featuredmedia":[{"embeddable":true,"href":"https:\/\/monti.lt\/en\/wp-json\/wp\/v2\/media\/33473"}],"wp:attachment":[{"href":"https:\/\/monti.lt\/en\/wp-json\/wp\/v2\/media?parent=33472"}],"wp:term":[{"taxonomy":"product_cat","embeddable":true,"href":"https:\/\/monti.lt\/en\/wp-json\/wp\/v2\/product_cat?post=33472"},{"taxonomy":"product_tag","embeddable":true,"href":"https:\/\/monti.lt\/en\/wp-json\/wp\/v2\/product_tag?post=33472"}],"curies":[{"name":"wp","href":"https:\/\/api.w.org\/{rel}","templated":true}]}}