{"id":33481,"date":"2025-09-23T09:33:32","date_gmt":"2025-09-23T09:33:32","guid":{"rendered":"https:\/\/monti.lt\/?post_type=product&#038;p=33481"},"modified":"2025-12-19T23:23:40","modified_gmt":"2025-12-19T23:23:40","slug":"mazojo-veterinaro-rinkinys","status":"publish","type":"product","link":"https:\/\/monti.lt\/en\/product\/mazojo-veterinaro-rinkinys\/","title":{"rendered":"Ma\u017eojo veterinaro rinkinys"},"content":{"rendered":"<h1 class=\"wp-block-heading\">Ma\u017eas veterinaro rinkinys, lagaminas, pliu\u0161inis \u0161uo, veterinaras + priedai<\/h1>\n\n\n\n<p>&#8211;&nbsp;<strong>vystymasis per \u017eaidim\u0105<\/strong>&nbsp;&nbsp;&nbsp;\u2013 rinkinys&nbsp;<strong>lavina vaiko empatij\u0105, k\u016brybi\u0161kum\u0105, rank\u0173 \u012fg\u016bd\u017eius ir vaizduot\u0119<\/strong>&nbsp;, kartu mokydamas atsakomyb\u0117s u\u017e gyv\u016bnus<\/p>\n\n\n\n<p>&#8211;&nbsp;<strong>saugus vaikams nuo 3 met\u0173<\/strong>&nbsp;&nbsp;&nbsp;\u2013 elementai pagaminti i\u0161 tvirt\u0173, netoksi\u0161k\u0173 med\u017eiag\u0173,&nbsp;&nbsp;&nbsp;<strong>pritaikyta ma\u017eoms rankyt\u0117ms ir be a\u0161tri\u0173 briaun\u0173<\/strong><\/p>\n\n\n\n<p>&#8211;&nbsp;<strong>pilnas pried\u0173 rinkinys<\/strong>&nbsp;&nbsp;&nbsp;\u2013 stetoskopas, \u017eirkl\u0117s, \u0161virk\u0161tas, apsauginis antkaklis, duben\u0117lis, augintinio \u0117dalas ir pliu\u0161inis \u0161uo su antkakliu ir pavad\u0117liu&nbsp;&nbsp;&nbsp;<strong>\u012fkurkite savo veterinarijos klinik\u0105 ir imkit\u0117s gyv\u016bn\u0173 glob\u0117jo vaidmens<\/strong><\/p>\n\n\n\n<p>&#8211;&nbsp;<strong>spalvingi veterinarijos reikmenys<\/strong>&nbsp;&nbsp;&nbsp;\u2013 realisti\u0161kai atkartoti \u012frankiai ir priedai&nbsp;&nbsp;&nbsp;<strong>skatinti vaiko vaizduot\u0119 ir mokyti nauj\u0173 su gyv\u016bn\u0173 prie\u017ei\u016bra susijusi\u0173 s\u0105vok\u0173<\/strong><\/p>\n\n\n\n<p><strong>&#8211; paprastas saugojimas ir tvarka viename &#8211;&nbsp;&nbsp;<\/strong>&nbsp;patogus veterinaro lagaminas ne\u0161iokl\u0117s pavidalu&nbsp;&nbsp;&nbsp;<strong>Visi priedai turi savo viet\u0105, tod\u0117l valymas po \u017eaidimo yra greitas ir patogus<\/strong>&nbsp;, o rinkinio elementai visada lieka pilni ir nepasimeta<\/p>\n\n\n\n<p><strong>&#8211; atitinka Europos standartus \u2013<\/strong>&nbsp;\u017eaislas buvo patikrintas d\u0117l atitikties Europos standartams, tod\u0117l&nbsp;<strong>galite b\u016bti tikri, kad jis yra saugus!<\/strong><\/p>\n\n\n\n<h2 class=\"wp-block-heading\">Ma\u017eojo veterinaro rinkinio specifikacijos:<\/h2>\n\n\n\n<ul class=\"wp-block-list\">\n<li>atitinka Europos standartus<\/li>\n\n\n\n<li>mokymosi \u017eaislas<\/li>\n\n\n\n<li>moko atsakomyb\u0117s jausmo<\/li>\n\n\n\n<li>skatina empatijos ir vaizduot\u0117s vystym\u0105si<\/li>\n\n\n\n<li>pilnas komplektas<\/li>\n\n\n\n<li>patogi rankena ne\u0161iokl\u0117je<\/li>\n\n\n\n<li>ratinis ve\u017e\u0117jas<\/li>\n\n\n\n<li>Ne\u0161iokl\u0117s matmenys: 28 x 23 x 24 cm<\/li>\n\n\n\n<li>pakuot\u0117s svoris: 0,991 kg<\/li>\n\n\n\n<li>svoris: 0,613 kg<\/li>\n\n\n\n<li>spalva: daugiaspalv\u0117<\/li>\n<\/ul>\n\n\n\n<h2 class=\"wp-block-heading\">\u012e komplekt\u0105 \u012feina:<\/h2>\n\n\n\n<ul class=\"wp-block-list\">\n<li>\u0161uo<\/li>\n\n\n\n<li>transporteris<\/li>\n\n\n\n<li>\u0161uns pavad\u0117lis<\/li>\n\n\n\n<li>stetoskopas<\/li>\n\n\n\n<li>\u0161virk\u0161tas<\/li>\n\n\n\n<li>kaulas x 3<\/li>\n\n\n\n<li>m\u0117sos paplot\u0117lis x 2<\/li>\n\n\n\n<li>\u017eirkl\u0117s<\/li>\n\n\n\n<li>akiniai<\/li>\n\n\n\n<li>\u0161uns dubuo<\/li>\n\n\n\n<li>\u0161uns antkaklis<\/li>\n\n\n\n<li>vartotojo vadovas<\/li>\n\n\n\n<li>spalvinga pakuot\u0117<\/li>\n<\/ul>\n\n\n\n<p><strong>GAMINTOJAS:<\/strong><\/p>\n\n\n\n<p>PEI SHENG FENG TOYS FACTORY<br><br>CHENGHAI DISTRICT, SHANTOU CITY. GUANGDONG PROVINCE. CHINA<br><br>595219567@qq.com<\/p>\n\n\n\n<p><strong>ATSAKINGAS ASMUO ES:<\/strong><\/p>\n\n\n\n<p>IsoTrade<\/p>\n\n\n\n<p><strong>\u012eSP\u0116JIMO TURINYS:<\/strong><\/p>\n\n\n\n<p>&#8211; \u012esp\u0117jimas. Netinka vaikams iki 36 m\u0117nesi\u0173. Smulkios dalys. U\u017espringimo pavojus.<br>&#8211; Produktai netinkami vartoti.<br>&#8211; Saugoti nuo at\u0161iauri\u0173 oro s\u0105lyg\u0173 ir ugnies.<br>&#8211; Naudoti pagal paskirt\u012f.<br>&#8211; Neignoruokite rekomendacij\u0173 d\u0117l naudotojo am\u017eiaus.<br>&#8211; Nenaudokite pa\u017eeisto gaminio.<br>&#8211; Surinkimui reikalingas suaug\u0119s asmuo.<br>&#8211; Nelaikykite nesurinkt\u0173 dali\u0173 vaikams prieinamose vietose.<br>&#8211; Pakuot\u0117 n\u0117ra \u017eaislas. \u017daisl\u0105 turi i\u0161pakuoti suaug\u0119s asmuo, o pakuot\u0119 ir jos fragmentus reikia laikyti vaikams nepasiekiamoje vietoje.<\/p>","protected":false},"excerpt":{"rendered":"<p>Ma\u017eas veterinaro rinkinys, lagaminas, pliu\u0161inis \u0161uo, veterinaras + priedai &#8211;&nbsp;vystymasis per \u017eaidim\u0105&nbsp;&nbsp;&nbsp;\u2013 rinkinys&nbsp;lavina vaiko empatij\u0105, k\u016brybi\u0161kum\u0105, rank\u0173 \u012fg\u016bd\u017eius ir vaizduot\u0119&nbsp;, kartu mokydamas atsakomyb\u0117s u\u017e gyv\u016bnus &#8211;&nbsp;saugus vaikams nuo 3 met\u0173&nbsp;&nbsp;&nbsp;\u2013 elementai pagaminti i\u0161 tvirt\u0173, netoksi\u0161k\u0173 med\u017eiag\u0173,&nbsp;&nbsp;&nbsp;pritaikyta ma\u017eoms rankyt\u0117ms ir be a\u0161tri\u0173 briaun\u0173 &#8211;&nbsp;pilnas pried\u0173 rinkinys&nbsp;&nbsp;&nbsp;\u2013 stetoskopas, \u017eirkl\u0117s, \u0161virk\u0161tas, apsauginis antkaklis, duben\u0117lis, augintinio \u0117dalas ir pliu\u0161inis [&hellip;]<\/p>","protected":false},"featured_media":33482,"template":"","meta":{"_acf_changed":false,"iawp_total_views":72},"product_cat":[84,93,49,39],"product_tag":[97,98],"class_list":{"0":"post-33481","1":"product","2":"type-product","3":"status-publish","4":"has-post-thumbnail","6":"product_cat-lavinamieji-zaislai","7":"product_cat-vaidmenu-zaidimai","8":"product_cat-visi-zaislai","9":"product_cat-zaislai","10":"product_tag-3-m-4-m","11":"product_tag-5-m-7-m","13":"first","14":"outofstock","15":"taxable","16":"shipping-taxable","17":"purchasable","18":"product-type-simple"},"acf":[],"yoast_head":"<!-- This site is optimized with the Yoast SEO plugin v23.3 - https:\/\/yoast.com\/wordpress\/plugins\/seo\/ -->\n<title>Ma\u017eojo veterinaro rinkinys - Montessori \u017eaislai<\/title>\n<meta name=\"robots\" content=\"index, follow, max-snippet:-1, max-image-preview:large, max-video-preview:-1\" \/>\n<link rel=\"canonical\" href=\"https:\/\/monti.lt\/en\/product\/mazojo-veterinaro-rinkinys\/\" \/>\n<meta property=\"og:locale\" content=\"en_US\" \/>\n<meta property=\"og:type\" content=\"article\" \/>\n<meta property=\"og:title\" content=\"Ma\u017eojo veterinaro rinkinys - Montessori \u017eaislai\" \/>\n<meta property=\"og:description\" content=\"Ma\u017eas veterinaro rinkinys, lagaminas, pliu\u0161inis \u0161uo, veterinaras + priedai &#8211;&nbsp;vystymasis per \u017eaidim\u0105&nbsp;&nbsp;&nbsp;\u2013 rinkinys&nbsp;lavina vaiko empatij\u0105, k\u016brybi\u0161kum\u0105, rank\u0173 \u012fg\u016bd\u017eius ir vaizduot\u0119&nbsp;, kartu mokydamas atsakomyb\u0117s u\u017e gyv\u016bnus &#8211;&nbsp;saugus vaikams nuo 3 met\u0173&nbsp;&nbsp;&nbsp;\u2013 elementai pagaminti i\u0161 tvirt\u0173, netoksi\u0161k\u0173 med\u017eiag\u0173,&nbsp;&nbsp;&nbsp;pritaikyta ma\u017eoms rankyt\u0117ms ir be a\u0161tri\u0173 briaun\u0173 &#8211;&nbsp;pilnas pried\u0173 rinkinys&nbsp;&nbsp;&nbsp;\u2013 stetoskopas, \u017eirkl\u0117s, \u0161virk\u0161tas, apsauginis antkaklis, duben\u0117lis, augintinio \u0117dalas ir pliu\u0161inis [&hellip;]\" \/>\n<meta property=\"og:url\" content=\"https:\/\/monti.lt\/en\/product\/mazojo-veterinaro-rinkinys\/\" \/>\n<meta property=\"og:site_name\" content=\"Montessori \u017eaislai\" \/>\n<meta property=\"article:modified_time\" content=\"2025-12-19T23:23:40+00:00\" \/>\n<meta property=\"og:image\" content=\"https:\/\/monti.lt\/wp-content\/uploads\/2025\/09\/lit_pl_Mazojo-gydytojo-rinkinys-su-lagaminu-26551-18450_9.jpg\" \/>\n\t<meta property=\"og:image:width\" content=\"500\" \/>\n\t<meta property=\"og:image:height\" content=\"500\" \/>\n\t<meta property=\"og:image:type\" content=\"image\/jpeg\" \/>\n<meta name=\"twitter:card\" content=\"summary_large_image\" \/>\n<meta name=\"twitter:label1\" content=\"Est. reading time\" \/>\n\t<meta name=\"twitter:data1\" content=\"2 minutes\" \/>\n<script type=\"application\/ld+json\" class=\"yoast-schema-graph\">{\"@context\":\"https:\/\/schema.org\",\"@graph\":[{\"@type\":\"WebPage\",\"@id\":\"https:\/\/monti.lt\/product\/mazojo-veterinaro-rinkinys\/\",\"url\":\"https:\/\/monti.lt\/product\/mazojo-veterinaro-rinkinys\/\",\"name\":\"Ma\u017eojo veterinaro rinkinys - Montessori \u017eaislai\",\"isPartOf\":{\"@id\":\"https:\/\/monti.lt\/#website\"},\"primaryImageOfPage\":{\"@id\":\"https:\/\/monti.lt\/product\/mazojo-veterinaro-rinkinys\/#primaryimage\"},\"image\":{\"@id\":\"https:\/\/monti.lt\/product\/mazojo-veterinaro-rinkinys\/#primaryimage\"},\"thumbnailUrl\":\"https:\/\/monti.lt\/wp-content\/uploads\/2025\/09\/lit_pl_Mazojo-gydytojo-rinkinys-su-lagaminu-26551-18450_9.jpg\",\"datePublished\":\"2025-09-23T09:33:32+00:00\",\"dateModified\":\"2025-12-19T23:23:40+00:00\",\"breadcrumb\":{\"@id\":\"https:\/\/monti.lt\/product\/mazojo-veterinaro-rinkinys\/#breadcrumb\"},\"inLanguage\":\"en-US\",\"potentialAction\":[{\"@type\":\"ReadAction\",\"target\":[\"https:\/\/monti.lt\/product\/mazojo-veterinaro-rinkinys\/\"]}]},{\"@type\":\"ImageObject\",\"inLanguage\":\"en-US\",\"@id\":\"https:\/\/monti.lt\/product\/mazojo-veterinaro-rinkinys\/#primaryimage\",\"url\":\"https:\/\/monti.lt\/wp-content\/uploads\/2025\/09\/lit_pl_Mazojo-gydytojo-rinkinys-su-lagaminu-26551-18450_9.jpg\",\"contentUrl\":\"https:\/\/monti.lt\/wp-content\/uploads\/2025\/09\/lit_pl_Mazojo-gydytojo-rinkinys-su-lagaminu-26551-18450_9.jpg\",\"width\":500,\"height\":500,\"caption\":\"vaikiskas veterinaro rinkinys\"},{\"@type\":\"BreadcrumbList\",\"@id\":\"https:\/\/monti.lt\/product\/mazojo-veterinaro-rinkinys\/#breadcrumb\",\"itemListElement\":[{\"@type\":\"ListItem\",\"position\":1,\"name\":\"Home\",\"item\":\"https:\/\/monti.lt\/\"},{\"@type\":\"ListItem\",\"position\":2,\"name\":\"Parduotuv\u0117\",\"item\":\"https:\/\/monti.lt\/shop\/\"},{\"@type\":\"ListItem\",\"position\":3,\"name\":\"Ma\u017eojo veterinaro rinkinys\"}]},{\"@type\":\"WebSite\",\"@id\":\"https:\/\/monti.lt\/#website\",\"url\":\"https:\/\/monti.lt\/\",\"name\":\"Montessori \u017eaislai\",\"description\":\"\",\"publisher\":{\"@id\":\"https:\/\/monti.lt\/#organization\"},\"potentialAction\":[{\"@type\":\"SearchAction\",\"target\":{\"@type\":\"EntryPoint\",\"urlTemplate\":\"https:\/\/monti.lt\/?s={search_term_string}\"},\"query-input\":\"required name=search_term_string\"}],\"inLanguage\":\"en-US\"},{\"@type\":\"Organization\",\"@id\":\"https:\/\/monti.lt\/#organization\",\"name\":\"Montessori \u017eaislai\",\"url\":\"https:\/\/monti.lt\/\",\"logo\":{\"@type\":\"ImageObject\",\"inLanguage\":\"en-US\",\"@id\":\"https:\/\/monti.lt\/#\/schema\/logo\/image\/\",\"url\":\"https:\/\/monti.lt\/wp-content\/uploads\/2022\/03\/montilogo-1.png\",\"contentUrl\":\"https:\/\/monti.lt\/wp-content\/uploads\/2022\/03\/montilogo-1.png\",\"width\":512,\"height\":512,\"caption\":\"Montessori \u017eaislai\"},\"image\":{\"@id\":\"https:\/\/monti.lt\/#\/schema\/logo\/image\/\"}}]}<\/script>\n<!-- \/ Yoast SEO plugin. -->","yoast_head_json":{"title":"Ma\u017eojo veterinaro rinkinys - Montessori \u017eaislai","robots":{"index":"index","follow":"follow","max-snippet":"max-snippet:-1","max-image-preview":"max-image-preview:large","max-video-preview":"max-video-preview:-1"},"canonical":"https:\/\/monti.lt\/en\/product\/mazojo-veterinaro-rinkinys\/","og_locale":"en_US","og_type":"article","og_title":"Ma\u017eojo veterinaro rinkinys - Montessori \u017eaislai","og_description":"Ma\u017eas veterinaro rinkinys, lagaminas, pliu\u0161inis \u0161uo, veterinaras + priedai &#8211;&nbsp;vystymasis per \u017eaidim\u0105&nbsp;&nbsp;&nbsp;\u2013 rinkinys&nbsp;lavina vaiko empatij\u0105, k\u016brybi\u0161kum\u0105, rank\u0173 \u012fg\u016bd\u017eius ir vaizduot\u0119&nbsp;, kartu mokydamas atsakomyb\u0117s u\u017e gyv\u016bnus &#8211;&nbsp;saugus vaikams nuo 3 met\u0173&nbsp;&nbsp;&nbsp;\u2013 elementai pagaminti i\u0161 tvirt\u0173, netoksi\u0161k\u0173 med\u017eiag\u0173,&nbsp;&nbsp;&nbsp;pritaikyta ma\u017eoms rankyt\u0117ms ir be a\u0161tri\u0173 briaun\u0173 &#8211;&nbsp;pilnas pried\u0173 rinkinys&nbsp;&nbsp;&nbsp;\u2013 stetoskopas, \u017eirkl\u0117s, \u0161virk\u0161tas, apsauginis antkaklis, duben\u0117lis, augintinio \u0117dalas ir pliu\u0161inis [&hellip;]","og_url":"https:\/\/monti.lt\/en\/product\/mazojo-veterinaro-rinkinys\/","og_site_name":"Montessori \u017eaislai","article_modified_time":"2025-12-19T23:23:40+00:00","og_image":[{"width":500,"height":500,"url":"https:\/\/monti.lt\/wp-content\/uploads\/2025\/09\/lit_pl_Mazojo-gydytojo-rinkinys-su-lagaminu-26551-18450_9.jpg","type":"image\/jpeg"}],"twitter_card":"summary_large_image","twitter_misc":{"Est. reading time":"2 minutes"},"schema":{"@context":"https:\/\/schema.org","@graph":[{"@type":"WebPage","@id":"https:\/\/monti.lt\/product\/mazojo-veterinaro-rinkinys\/","url":"https:\/\/monti.lt\/product\/mazojo-veterinaro-rinkinys\/","name":"Ma\u017eojo veterinaro rinkinys - Montessori \u017eaislai","isPartOf":{"@id":"https:\/\/monti.lt\/#website"},"primaryImageOfPage":{"@id":"https:\/\/monti.lt\/product\/mazojo-veterinaro-rinkinys\/#primaryimage"},"image":{"@id":"https:\/\/monti.lt\/product\/mazojo-veterinaro-rinkinys\/#primaryimage"},"thumbnailUrl":"https:\/\/monti.lt\/wp-content\/uploads\/2025\/09\/lit_pl_Mazojo-gydytojo-rinkinys-su-lagaminu-26551-18450_9.jpg","datePublished":"2025-09-23T09:33:32+00:00","dateModified":"2025-12-19T23:23:40+00:00","breadcrumb":{"@id":"https:\/\/monti.lt\/product\/mazojo-veterinaro-rinkinys\/#breadcrumb"},"inLanguage":"en-US","potentialAction":[{"@type":"ReadAction","target":["https:\/\/monti.lt\/product\/mazojo-veterinaro-rinkinys\/"]}]},{"@type":"ImageObject","inLanguage":"en-US","@id":"https:\/\/monti.lt\/product\/mazojo-veterinaro-rinkinys\/#primaryimage","url":"https:\/\/monti.lt\/wp-content\/uploads\/2025\/09\/lit_pl_Mazojo-gydytojo-rinkinys-su-lagaminu-26551-18450_9.jpg","contentUrl":"https:\/\/monti.lt\/wp-content\/uploads\/2025\/09\/lit_pl_Mazojo-gydytojo-rinkinys-su-lagaminu-26551-18450_9.jpg","width":500,"height":500,"caption":"vaikiskas veterinaro rinkinys"},{"@type":"BreadcrumbList","@id":"https:\/\/monti.lt\/product\/mazojo-veterinaro-rinkinys\/#breadcrumb","itemListElement":[{"@type":"ListItem","position":1,"name":"Home","item":"https:\/\/monti.lt\/"},{"@type":"ListItem","position":2,"name":"Parduotuv\u0117","item":"https:\/\/monti.lt\/shop\/"},{"@type":"ListItem","position":3,"name":"Ma\u017eojo veterinaro rinkinys"}]},{"@type":"WebSite","@id":"https:\/\/monti.lt\/#website","url":"https:\/\/monti.lt\/","name":"Montessori \u017eaislai","description":"","publisher":{"@id":"https:\/\/monti.lt\/#organization"},"potentialAction":[{"@type":"SearchAction","target":{"@type":"EntryPoint","urlTemplate":"https:\/\/monti.lt\/?s={search_term_string}"},"query-input":"required name=search_term_string"}],"inLanguage":"en-US"},{"@type":"Organization","@id":"https:\/\/monti.lt\/#organization","name":"Montessori \u017eaislai","url":"https:\/\/monti.lt\/","logo":{"@type":"ImageObject","inLanguage":"en-US","@id":"https:\/\/monti.lt\/#\/schema\/logo\/image\/","url":"https:\/\/monti.lt\/wp-content\/uploads\/2022\/03\/montilogo-1.png","contentUrl":"https:\/\/monti.lt\/wp-content\/uploads\/2022\/03\/montilogo-1.png","width":512,"height":512,"caption":"Montessori \u017eaislai"},"image":{"@id":"https:\/\/monti.lt\/#\/schema\/logo\/image\/"}}]}},"_links":{"self":[{"href":"https:\/\/monti.lt\/en\/wp-json\/wp\/v2\/product\/33481"}],"collection":[{"href":"https:\/\/monti.lt\/en\/wp-json\/wp\/v2\/product"}],"about":[{"href":"https:\/\/monti.lt\/en\/wp-json\/wp\/v2\/types\/product"}],"version-history":[{"count":1,"href":"https:\/\/monti.lt\/en\/wp-json\/wp\/v2\/product\/33481\/revisions"}],"predecessor-version":[{"id":33489,"href":"https:\/\/monti.lt\/en\/wp-json\/wp\/v2\/product\/33481\/revisions\/33489"}],"wp:featuredmedia":[{"embeddable":true,"href":"https:\/\/monti.lt\/en\/wp-json\/wp\/v2\/media\/33482"}],"wp:attachment":[{"href":"https:\/\/monti.lt\/en\/wp-json\/wp\/v2\/media?parent=33481"}],"wp:term":[{"taxonomy":"product_cat","embeddable":true,"href":"https:\/\/monti.lt\/en\/wp-json\/wp\/v2\/product_cat?post=33481"},{"taxonomy":"product_tag","embeddable":true,"href":"https:\/\/monti.lt\/en\/wp-json\/wp\/v2\/product_tag?post=33481"}],"curies":[{"name":"wp","href":"https:\/\/api.w.org\/{rel}","templated":true}]}}