{"id":33521,"date":"2025-09-25T10:42:23","date_gmt":"2025-09-25T10:42:23","guid":{"rendered":"https:\/\/monti.lt\/?post_type=product&#038;p=33521"},"modified":"2026-02-05T06:43:18","modified_gmt":"2026-02-05T06:43:18","slug":"woopie-magnetinis-3d-konstruktorius-63-vnt","status":"publish","type":"product","link":"https:\/\/monti.lt\/en\/product\/woopie-magnetinis-3d-konstruktorius-63-vnt\/","title":{"rendered":"WOOPIE magnetinis 3D konstruktorius , 63 vnt."},"content":{"rendered":"<p>magnetiniai blokai yra unikalus \u017eaislas, kuris jungia mokym\u0105si, k\u016brybi\u0161kum\u0105 ir puik\u0173 pramog\u0105. Naudodami 63 spalvingus kubo formos gabaliukus, vaikai gali kurti pastatus, persona\u017eus ir strukt\u016bras, \u012fkv\u0117ptas populiari\u0173 \u017eaidim\u0173. Paprasta magnetin\u0117 jungimo sistema leid\u017eia patogiai ir stabiliai statyti bei ugdo rank\u0173 \u012fg\u016bd\u017eius. Idealiai tinka vaikams nuo 3 met\u0173 \u2013 tiek \u017eaisti namuose, tiek keliaujant. Rinkinys taip pat supakuotas \u012f prakti\u0161k\u0105 mai\u0161el\u012f, kad b\u016bt\u0173 lengva laikyti ir transportuoti.<br>Savyb\u0117s:<\/p>\n\n\n\n<ul class=\"wp-block-list\">\n<li>63 magnetiniai kubo formos blokai<\/li>\n\n\n\n<li>Tvirta ir saugi konstrukcija su skaitmeniniu spausdinimu<\/li>\n\n\n\n<li>Lengvas magnetinis sujungimas \u2013 greitas statymas be klij\u0173 ar fiksatori\u0173<\/li>\n\n\n\n<li>Galimyb\u0117 kurti persona\u017eus, pastatus, gyv\u016bnus ir kitas strukt\u016bras<\/li>\n\n\n\n<li>Dizainas, \u012fkv\u0117ptas populiari\u0173 kompiuterini\u0173 \u017eaidim\u0173<\/li>\n\n\n\n<li>Tinka vaikams nuo 3 met\u0173<br>Rinkinio turinys:<\/li>\n\n\n\n<li>63 magnetiniai blokai \u012fvairi\u0173 dizain\u0173<\/li>\n\n\n\n<li>Naudojimo instrukcija<\/li>\n\n\n\n<li>Laikymo krep\u0161ys<br>\u017daislas ugdo:<\/li>\n\n\n\n<li>K\u016brybi\u0161kum\u0105 ir erdvin\u0119 vaizduot\u0119<\/li>\n\n\n\n<li>Rank\u0173 ir aki\u0173 koordinacij\u0105<\/li>\n\n\n\n<li>Rank\u0173 \u012fg\u016bd\u017eius ir judesi\u0173 tikslum\u0105<\/li>\n\n\n\n<li>Logi\u0161k\u0105 m\u0105stym\u0105 ir konstrukcij\u0173 planavim\u0105<\/li>\n\n\n\n<li>Geb\u0117jim\u0105 bendradarbiauti \u017eaid\u017eiant kartu<\/li>\n<\/ul>\n\n\n\n<p><\/p>\n\n\n\n<p><\/p>","protected":false},"excerpt":{"rendered":"<p>magnetiniai blokai yra unikalus \u017eaislas, kuris jungia mokym\u0105si, k\u016brybi\u0161kum\u0105 ir puik\u0173 pramog\u0105. Naudodami 63 spalvingus kubo formos gabaliukus, vaikai gali kurti pastatus, persona\u017eus ir strukt\u016bras, \u012fkv\u0117ptas populiari\u0173 \u017eaidim\u0173. Paprasta magnetin\u0117 jungimo sistema leid\u017eia patogiai ir stabiliai statyti bei ugdo rank\u0173 \u012fg\u016bd\u017eius. Idealiai tinka vaikams nuo 3 met\u0173 \u2013 tiek \u017eaisti namuose, tiek keliaujant. Rinkinys taip [&hellip;]<\/p>","protected":false},"featured_media":33522,"template":"","meta":{"_acf_changed":false,"iawp_total_views":662},"product_cat":[197,191,87,84,242,50,93,202,49,39,215],"product_tag":[97,98,99],"class_list":{"0":"post-33521","1":"product","2":"type-product","3":"status-publish","4":"has-post-thumbnail","6":"product_cat-dovanos-berniukams","7":"product_cat-dovanos-vaikams","8":"product_cat-kurybiniai-rinkiniai","9":"product_cat-lavinamieji-zaislai","10":"product_cat-pagal-gamintoja","11":"product_cat-top-dovanos","12":"product_cat-vaidmenu-zaidimai","13":"product_cat-vaaikiski-konstruktoriai","14":"product_cat-visi-zaislai","15":"product_cat-zaislai","16":"product_cat-zaislai-berniukams","17":"product_tag-3-m-4-m","18":"product_tag-5-m-7-m","19":"product_tag-8-m-11-m","21":"first","22":"outofstock","23":"sale","24":"taxable","25":"shipping-taxable","26":"purchasable","27":"product-type-simple"},"acf":[],"yoast_head":"<!-- This site is optimized with the Yoast SEO plugin v23.3 - https:\/\/yoast.com\/wordpress\/plugins\/seo\/ -->\n<title>WOOPIE magnetinis 3D konstruktorius , 63 vnt. - Montessori \u017eaislai<\/title>\n<meta name=\"robots\" content=\"index, follow, max-snippet:-1, max-image-preview:large, max-video-preview:-1\" \/>\n<link rel=\"canonical\" href=\"https:\/\/monti.lt\/en\/product\/woopie-magnetinis-3d-konstruktorius-63-vnt\/\" \/>\n<meta property=\"og:locale\" content=\"en_US\" \/>\n<meta property=\"og:type\" content=\"article\" \/>\n<meta property=\"og:title\" content=\"WOOPIE magnetinis 3D konstruktorius , 63 vnt. - Montessori \u017eaislai\" \/>\n<meta property=\"og:description\" content=\"magnetiniai blokai yra unikalus \u017eaislas, kuris jungia mokym\u0105si, k\u016brybi\u0161kum\u0105 ir puik\u0173 pramog\u0105. Naudodami 63 spalvingus kubo formos gabaliukus, vaikai gali kurti pastatus, persona\u017eus ir strukt\u016bras, \u012fkv\u0117ptas populiari\u0173 \u017eaidim\u0173. Paprasta magnetin\u0117 jungimo sistema leid\u017eia patogiai ir stabiliai statyti bei ugdo rank\u0173 \u012fg\u016bd\u017eius. Idealiai tinka vaikams nuo 3 met\u0173 \u2013 tiek \u017eaisti namuose, tiek keliaujant. Rinkinys taip [&hellip;]\" \/>\n<meta property=\"og:url\" content=\"https:\/\/monti.lt\/en\/product\/woopie-magnetinis-3d-konstruktorius-63-vnt\/\" \/>\n<meta property=\"og:site_name\" content=\"Montessori \u017eaislai\" \/>\n<meta property=\"article:modified_time\" content=\"2026-02-05T06:43:18+00:00\" \/>\n<meta property=\"og:image\" content=\"https:\/\/monti.lt\/wp-content\/uploads\/2025\/09\/woopie-klocki-magnetyczne-konstrukcyjne-szesciany-3d-zestaw-edukacyjny-63-el.jpg\" \/>\n\t<meta property=\"og:image:width\" content=\"800\" \/>\n\t<meta property=\"og:image:height\" content=\"800\" \/>\n\t<meta property=\"og:image:type\" content=\"image\/jpeg\" \/>\n<meta name=\"twitter:card\" content=\"summary_large_image\" \/>\n<meta name=\"twitter:label1\" content=\"Est. reading time\" \/>\n\t<meta name=\"twitter:data1\" content=\"1 minute\" \/>\n<script type=\"application\/ld+json\" class=\"yoast-schema-graph\">{\"@context\":\"https:\/\/schema.org\",\"@graph\":[{\"@type\":\"WebPage\",\"@id\":\"https:\/\/monti.lt\/product\/woopie-magnetinis-3d-konstruktorius-63-vnt\/\",\"url\":\"https:\/\/monti.lt\/product\/woopie-magnetinis-3d-konstruktorius-63-vnt\/\",\"name\":\"WOOPIE magnetinis 3D konstruktorius , 63 vnt. - Montessori \u017eaislai\",\"isPartOf\":{\"@id\":\"https:\/\/monti.lt\/#website\"},\"primaryImageOfPage\":{\"@id\":\"https:\/\/monti.lt\/product\/woopie-magnetinis-3d-konstruktorius-63-vnt\/#primaryimage\"},\"image\":{\"@id\":\"https:\/\/monti.lt\/product\/woopie-magnetinis-3d-konstruktorius-63-vnt\/#primaryimage\"},\"thumbnailUrl\":\"https:\/\/monti.lt\/wp-content\/uploads\/2025\/09\/woopie-klocki-magnetyczne-konstrukcyjne-szesciany-3d-zestaw-edukacyjny-63-el.jpg\",\"datePublished\":\"2025-09-25T10:42:23+00:00\",\"dateModified\":\"2026-02-05T06:43:18+00:00\",\"breadcrumb\":{\"@id\":\"https:\/\/monti.lt\/product\/woopie-magnetinis-3d-konstruktorius-63-vnt\/#breadcrumb\"},\"inLanguage\":\"en-US\",\"potentialAction\":[{\"@type\":\"ReadAction\",\"target\":[\"https:\/\/monti.lt\/product\/woopie-magnetinis-3d-konstruktorius-63-vnt\/\"]}]},{\"@type\":\"ImageObject\",\"inLanguage\":\"en-US\",\"@id\":\"https:\/\/monti.lt\/product\/woopie-magnetinis-3d-konstruktorius-63-vnt\/#primaryimage\",\"url\":\"https:\/\/monti.lt\/wp-content\/uploads\/2025\/09\/woopie-klocki-magnetyczne-konstrukcyjne-szesciany-3d-zestaw-edukacyjny-63-el.jpg\",\"contentUrl\":\"https:\/\/monti.lt\/wp-content\/uploads\/2025\/09\/woopie-klocki-magnetyczne-konstrukcyjne-szesciany-3d-zestaw-edukacyjny-63-el.jpg\",\"width\":800,\"height\":800,\"caption\":\"minecraft kostruktorius\"},{\"@type\":\"BreadcrumbList\",\"@id\":\"https:\/\/monti.lt\/product\/woopie-magnetinis-3d-konstruktorius-63-vnt\/#breadcrumb\",\"itemListElement\":[{\"@type\":\"ListItem\",\"position\":1,\"name\":\"Home\",\"item\":\"https:\/\/monti.lt\/\"},{\"@type\":\"ListItem\",\"position\":2,\"name\":\"Parduotuv\u0117\",\"item\":\"https:\/\/monti.lt\/shop\/\"},{\"@type\":\"ListItem\",\"position\":3,\"name\":\"WOOPIE magnetinis 3D konstruktorius , 63 vnt.\"}]},{\"@type\":\"WebSite\",\"@id\":\"https:\/\/monti.lt\/#website\",\"url\":\"https:\/\/monti.lt\/\",\"name\":\"Montessori \u017eaislai\",\"description\":\"\",\"publisher\":{\"@id\":\"https:\/\/monti.lt\/#organization\"},\"potentialAction\":[{\"@type\":\"SearchAction\",\"target\":{\"@type\":\"EntryPoint\",\"urlTemplate\":\"https:\/\/monti.lt\/?s={search_term_string}\"},\"query-input\":\"required name=search_term_string\"}],\"inLanguage\":\"en-US\"},{\"@type\":\"Organization\",\"@id\":\"https:\/\/monti.lt\/#organization\",\"name\":\"Montessori \u017eaislai\",\"url\":\"https:\/\/monti.lt\/\",\"logo\":{\"@type\":\"ImageObject\",\"inLanguage\":\"en-US\",\"@id\":\"https:\/\/monti.lt\/#\/schema\/logo\/image\/\",\"url\":\"https:\/\/monti.lt\/wp-content\/uploads\/2022\/03\/montilogo-1.png\",\"contentUrl\":\"https:\/\/monti.lt\/wp-content\/uploads\/2022\/03\/montilogo-1.png\",\"width\":512,\"height\":512,\"caption\":\"Montessori \u017eaislai\"},\"image\":{\"@id\":\"https:\/\/monti.lt\/#\/schema\/logo\/image\/\"}}]}<\/script>\n<!-- \/ Yoast SEO plugin. -->","yoast_head_json":{"title":"WOOPIE magnetinis 3D konstruktorius , 63 vnt. - Montessori \u017eaislai","robots":{"index":"index","follow":"follow","max-snippet":"max-snippet:-1","max-image-preview":"max-image-preview:large","max-video-preview":"max-video-preview:-1"},"canonical":"https:\/\/monti.lt\/en\/product\/woopie-magnetinis-3d-konstruktorius-63-vnt\/","og_locale":"en_US","og_type":"article","og_title":"WOOPIE magnetinis 3D konstruktorius , 63 vnt. - Montessori \u017eaislai","og_description":"magnetiniai blokai yra unikalus \u017eaislas, kuris jungia mokym\u0105si, k\u016brybi\u0161kum\u0105 ir puik\u0173 pramog\u0105. Naudodami 63 spalvingus kubo formos gabaliukus, vaikai gali kurti pastatus, persona\u017eus ir strukt\u016bras, \u012fkv\u0117ptas populiari\u0173 \u017eaidim\u0173. Paprasta magnetin\u0117 jungimo sistema leid\u017eia patogiai ir stabiliai statyti bei ugdo rank\u0173 \u012fg\u016bd\u017eius. Idealiai tinka vaikams nuo 3 met\u0173 \u2013 tiek \u017eaisti namuose, tiek keliaujant. Rinkinys taip [&hellip;]","og_url":"https:\/\/monti.lt\/en\/product\/woopie-magnetinis-3d-konstruktorius-63-vnt\/","og_site_name":"Montessori \u017eaislai","article_modified_time":"2026-02-05T06:43:18+00:00","og_image":[{"width":800,"height":800,"url":"https:\/\/monti.lt\/wp-content\/uploads\/2025\/09\/woopie-klocki-magnetyczne-konstrukcyjne-szesciany-3d-zestaw-edukacyjny-63-el.jpg","type":"image\/jpeg"}],"twitter_card":"summary_large_image","twitter_misc":{"Est. reading time":"1 minute"},"schema":{"@context":"https:\/\/schema.org","@graph":[{"@type":"WebPage","@id":"https:\/\/monti.lt\/product\/woopie-magnetinis-3d-konstruktorius-63-vnt\/","url":"https:\/\/monti.lt\/product\/woopie-magnetinis-3d-konstruktorius-63-vnt\/","name":"WOOPIE magnetinis 3D konstruktorius , 63 vnt. - Montessori \u017eaislai","isPartOf":{"@id":"https:\/\/monti.lt\/#website"},"primaryImageOfPage":{"@id":"https:\/\/monti.lt\/product\/woopie-magnetinis-3d-konstruktorius-63-vnt\/#primaryimage"},"image":{"@id":"https:\/\/monti.lt\/product\/woopie-magnetinis-3d-konstruktorius-63-vnt\/#primaryimage"},"thumbnailUrl":"https:\/\/monti.lt\/wp-content\/uploads\/2025\/09\/woopie-klocki-magnetyczne-konstrukcyjne-szesciany-3d-zestaw-edukacyjny-63-el.jpg","datePublished":"2025-09-25T10:42:23+00:00","dateModified":"2026-02-05T06:43:18+00:00","breadcrumb":{"@id":"https:\/\/monti.lt\/product\/woopie-magnetinis-3d-konstruktorius-63-vnt\/#breadcrumb"},"inLanguage":"en-US","potentialAction":[{"@type":"ReadAction","target":["https:\/\/monti.lt\/product\/woopie-magnetinis-3d-konstruktorius-63-vnt\/"]}]},{"@type":"ImageObject","inLanguage":"en-US","@id":"https:\/\/monti.lt\/product\/woopie-magnetinis-3d-konstruktorius-63-vnt\/#primaryimage","url":"https:\/\/monti.lt\/wp-content\/uploads\/2025\/09\/woopie-klocki-magnetyczne-konstrukcyjne-szesciany-3d-zestaw-edukacyjny-63-el.jpg","contentUrl":"https:\/\/monti.lt\/wp-content\/uploads\/2025\/09\/woopie-klocki-magnetyczne-konstrukcyjne-szesciany-3d-zestaw-edukacyjny-63-el.jpg","width":800,"height":800,"caption":"minecraft kostruktorius"},{"@type":"BreadcrumbList","@id":"https:\/\/monti.lt\/product\/woopie-magnetinis-3d-konstruktorius-63-vnt\/#breadcrumb","itemListElement":[{"@type":"ListItem","position":1,"name":"Home","item":"https:\/\/monti.lt\/"},{"@type":"ListItem","position":2,"name":"Parduotuv\u0117","item":"https:\/\/monti.lt\/shop\/"},{"@type":"ListItem","position":3,"name":"WOOPIE magnetinis 3D konstruktorius , 63 vnt."}]},{"@type":"WebSite","@id":"https:\/\/monti.lt\/#website","url":"https:\/\/monti.lt\/","name":"Montessori \u017eaislai","description":"","publisher":{"@id":"https:\/\/monti.lt\/#organization"},"potentialAction":[{"@type":"SearchAction","target":{"@type":"EntryPoint","urlTemplate":"https:\/\/monti.lt\/?s={search_term_string}"},"query-input":"required name=search_term_string"}],"inLanguage":"en-US"},{"@type":"Organization","@id":"https:\/\/monti.lt\/#organization","name":"Montessori \u017eaislai","url":"https:\/\/monti.lt\/","logo":{"@type":"ImageObject","inLanguage":"en-US","@id":"https:\/\/monti.lt\/#\/schema\/logo\/image\/","url":"https:\/\/monti.lt\/wp-content\/uploads\/2022\/03\/montilogo-1.png","contentUrl":"https:\/\/monti.lt\/wp-content\/uploads\/2022\/03\/montilogo-1.png","width":512,"height":512,"caption":"Montessori \u017eaislai"},"image":{"@id":"https:\/\/monti.lt\/#\/schema\/logo\/image\/"}}]}},"_links":{"self":[{"href":"https:\/\/monti.lt\/en\/wp-json\/wp\/v2\/product\/33521"}],"collection":[{"href":"https:\/\/monti.lt\/en\/wp-json\/wp\/v2\/product"}],"about":[{"href":"https:\/\/monti.lt\/en\/wp-json\/wp\/v2\/types\/product"}],"version-history":[{"count":1,"href":"https:\/\/monti.lt\/en\/wp-json\/wp\/v2\/product\/33521\/revisions"}],"predecessor-version":[{"id":33525,"href":"https:\/\/monti.lt\/en\/wp-json\/wp\/v2\/product\/33521\/revisions\/33525"}],"wp:featuredmedia":[{"embeddable":true,"href":"https:\/\/monti.lt\/en\/wp-json\/wp\/v2\/media\/33522"}],"wp:attachment":[{"href":"https:\/\/monti.lt\/en\/wp-json\/wp\/v2\/media?parent=33521"}],"wp:term":[{"taxonomy":"product_cat","embeddable":true,"href":"https:\/\/monti.lt\/en\/wp-json\/wp\/v2\/product_cat?post=33521"},{"taxonomy":"product_tag","embeddable":true,"href":"https:\/\/monti.lt\/en\/wp-json\/wp\/v2\/product_tag?post=33521"}],"curies":[{"name":"wp","href":"https:\/\/api.w.org\/{rel}","templated":true}]}}