{"id":33533,"date":"2025-09-25T10:51:14","date_gmt":"2025-09-25T10:51:14","guid":{"rendered":"https:\/\/monti.lt\/?post_type=product&#038;p=33533"},"modified":"2025-11-10T11:25:39","modified_gmt":"2025-11-10T11:25:39","slug":"woopie-mazojo-zvejo-rinkinys-22-dalys","status":"publish","type":"product","link":"https:\/\/monti.lt\/en\/product\/woopie-mazojo-zvejo-rinkinys-22-dalys\/","title":{"rendered":"WOOPIE Ma\u017eojo \u017evejo rinkinys, 22 dalys"},"content":{"rendered":"<p>WOOPIE Little Angler Set yra mink\u0161tas, saugus ir \u012fdomus \u017evejybos rinkinys, skirtas vaikams nuo 6 m\u0117nesi\u0173 am\u017eiaus. Spalvingos pliu\u0161in\u0117s \u017euvyt\u0117s, lengva me\u0161kere su Velcro masalu, sunumeruoti r\u016b\u0161iavimo puodeliai ir sulankstoma mai\u0161eli\u0173 kilim\u0117lis bet kuri\u0105 erdv\u0119 paver\u010dia mini \u017eaidim\u0173 aik\u0161tele. Vaikas gaudo \u017euvis, r\u016b\u0161iuoja jas \u012f atitinkamus puodelius ir mokosi spalv\u0173, skai\u010diavimo ir ra\u0161t\u0173, tuo pa\u010diu lavindamas rankas ir koordinacij\u0105.<\/p>\n\n\n\n<p>Savyb\u0117s:<\/p>\n\n\n\n<ul class=\"wp-block-list\">\n<li>Skirta vaikams nuo 6 m\u0117nesi\u0173 am\u017eiaus.<\/li>\n\n\n\n<li>Pagamintas i\u0161 auk\u0161tos kokyb\u0117s med\u017eiag\u0173<\/li>\n\n\n\n<li>Mink\u0161tos, saugios med\u017eiagos ir apval\u016bs elementai, kurie yra saug\u016bs k\u016bdikiams.<\/li>\n\n\n\n<li>Velcro \u017evejybos mechanizmas \u2013 \u017euvis \u201egaudo\u201c masal\u0105.<\/li>\n\n\n\n<li>Sulankstomas 2-in-1 kilim\u0117lis: \u201etvenkinys\u201c \u017eaidimams ir laikymo krep\u0161ys su rankenomis.<\/li>\n\n\n\n<li>Lengvas, ne\u0161iojamas rinkinys \u2013 puikiai tinka namams ir kelion\u0117ms.<br>Rinkinyje yra:<\/li>\n\n\n\n<li>Velcro me\u0161kere<\/li>\n\n\n\n<li>15 spalvot\u0173 \u017euv\u0173<\/li>\n\n\n\n<li>5 spalvoti puodeliai<\/li>\n\n\n\n<li>Ne\u0161iojama mai\u0161elis-kilim\u0117lis<br>\u017daislas ugdo:<\/li>\n\n\n\n<li>Motorinius \u012fg\u016bd\u017eius<\/li>\n\n\n\n<li>Rank\u0173 ir aki\u0173 koordinacij\u0105<\/li>\n\n\n\n<li>Spalv\u0173 atpa\u017einimo \u012fg\u016bd\u017eius<\/li>\n\n\n\n<li>Skai\u010diavimo \u012fg\u016bd\u017eius<\/li>\n\n\n\n<li>Logik\u0105<\/li>\n\n\n\n<li>Vaizduot\u0119<\/li>\n\n\n\n<li>K\u016brybi\u0161kum\u0105<br>Pakuot\u0117s matmenys: 16 x 8,5 x 15 (cm)<\/li>\n<\/ul>\n\n\n\n<p><\/p>","protected":false},"excerpt":{"rendered":"<p>WOOPIE Little Angler Set yra mink\u0161tas, saugus ir \u012fdomus \u017evejybos rinkinys, skirtas vaikams nuo 6 m\u0117nesi\u0173 am\u017eiaus. Spalvingos pliu\u0161in\u0117s \u017euvyt\u0117s, lengva me\u0161kere su Velcro masalu, sunumeruoti r\u016b\u0161iavimo puodeliai ir sulankstoma mai\u0161eli\u0173 kilim\u0117lis bet kuri\u0105 erdv\u0119 paver\u010dia mini \u017eaidim\u0173 aik\u0161tele. Vaikas gaudo \u017euvis, r\u016b\u0161iuoja jas \u012f atitinkamus puodelius ir mokosi spalv\u0173, skai\u010diavimo ir ra\u0161t\u0173, tuo pa\u010diu [&hellip;]<\/p>","protected":false},"featured_media":33534,"template":"","meta":{"_acf_changed":false,"iawp_total_views":94},"product_cat":[193,191,84,88,83,242,90,86,49,249,39,201],"product_tag":[95,96,97,94],"class_list":{"0":"post-33533","1":"product","2":"type-product","3":"status-publish","4":"has-post-thumbnail","6":"product_cat-dovanos-vaikams-1-2-metu","7":"product_cat-dovanos-vaikams","8":"product_cat-lavinamieji-zaislai","9":"product_cat-mokausi-zaisti","10":"product_cat-montessori-zaislai","11":"product_cat-pagal-gamintoja","12":"product_cat-pasaulio-pazinimas","13":"product_cat-smulkioji-motorika","14":"product_cat-visi-zaislai","15":"product_cat-woppie","16":"product_cat-zaislai","17":"product_cat-zaislai-kelioneje","18":"product_tag-1-m-2-m","19":"product_tag-2-m-3-m","20":"product_tag-3-m-4-m","21":"product_tag-iki-1-m","23":"first","24":"outofstock","25":"taxable","26":"shipping-taxable","27":"purchasable","28":"product-type-simple"},"acf":[],"yoast_head":"<!-- This site is optimized with the Yoast SEO plugin v23.3 - https:\/\/yoast.com\/wordpress\/plugins\/seo\/ -->\n<title>WOOPIE Ma\u017eojo \u017evejo rinkinys, 22 dalys - Montessori \u017eaislai<\/title>\n<meta name=\"robots\" content=\"index, follow, max-snippet:-1, max-image-preview:large, max-video-preview:-1\" \/>\n<link rel=\"canonical\" href=\"https:\/\/monti.lt\/en\/product\/woopie-mazojo-zvejo-rinkinys-22-dalys\/\" \/>\n<meta property=\"og:locale\" content=\"en_US\" \/>\n<meta property=\"og:type\" content=\"article\" \/>\n<meta property=\"og:title\" content=\"WOOPIE Ma\u017eojo \u017evejo rinkinys, 22 dalys - Montessori \u017eaislai\" \/>\n<meta property=\"og:description\" content=\"WOOPIE Little Angler Set yra mink\u0161tas, saugus ir \u012fdomus \u017evejybos rinkinys, skirtas vaikams nuo 6 m\u0117nesi\u0173 am\u017eiaus. Spalvingos pliu\u0161in\u0117s \u017euvyt\u0117s, lengva me\u0161kere su Velcro masalu, sunumeruoti r\u016b\u0161iavimo puodeliai ir sulankstoma mai\u0161eli\u0173 kilim\u0117lis bet kuri\u0105 erdv\u0119 paver\u010dia mini \u017eaidim\u0173 aik\u0161tele. Vaikas gaudo \u017euvis, r\u016b\u0161iuoja jas \u012f atitinkamus puodelius ir mokosi spalv\u0173, skai\u010diavimo ir ra\u0161t\u0173, tuo pa\u010diu [&hellip;]\" \/>\n<meta property=\"og:url\" content=\"https:\/\/monti.lt\/en\/product\/woopie-mazojo-zvejo-rinkinys-22-dalys\/\" \/>\n<meta property=\"og:site_name\" content=\"Montessori \u017eaislai\" \/>\n<meta property=\"article:modified_time\" content=\"2025-11-10T11:25:39+00:00\" \/>\n<meta property=\"og:image\" content=\"https:\/\/monti.lt\/wp-content\/uploads\/2025\/09\/woopie-zestaw-malego-wedkarza-nauka-liczenia-22-el.jpg\" \/>\n\t<meta property=\"og:image:width\" content=\"800\" \/>\n\t<meta property=\"og:image:height\" content=\"800\" \/>\n\t<meta property=\"og:image:type\" content=\"image\/jpeg\" \/>\n<meta name=\"twitter:card\" content=\"summary_large_image\" \/>\n<meta name=\"twitter:label1\" content=\"Est. reading time\" \/>\n\t<meta name=\"twitter:data1\" content=\"1 minute\" \/>\n<script type=\"application\/ld+json\" class=\"yoast-schema-graph\">{\"@context\":\"https:\/\/schema.org\",\"@graph\":[{\"@type\":\"WebPage\",\"@id\":\"https:\/\/monti.lt\/product\/woopie-mazojo-zvejo-rinkinys-22-dalys\/\",\"url\":\"https:\/\/monti.lt\/product\/woopie-mazojo-zvejo-rinkinys-22-dalys\/\",\"name\":\"WOOPIE Ma\u017eojo \u017evejo rinkinys, 22 dalys - Montessori \u017eaislai\",\"isPartOf\":{\"@id\":\"https:\/\/monti.lt\/#website\"},\"primaryImageOfPage\":{\"@id\":\"https:\/\/monti.lt\/product\/woopie-mazojo-zvejo-rinkinys-22-dalys\/#primaryimage\"},\"image\":{\"@id\":\"https:\/\/monti.lt\/product\/woopie-mazojo-zvejo-rinkinys-22-dalys\/#primaryimage\"},\"thumbnailUrl\":\"https:\/\/monti.lt\/wp-content\/uploads\/2025\/09\/woopie-zestaw-malego-wedkarza-nauka-liczenia-22-el.jpg\",\"datePublished\":\"2025-09-25T10:51:14+00:00\",\"dateModified\":\"2025-11-10T11:25:39+00:00\",\"breadcrumb\":{\"@id\":\"https:\/\/monti.lt\/product\/woopie-mazojo-zvejo-rinkinys-22-dalys\/#breadcrumb\"},\"inLanguage\":\"en-US\",\"potentialAction\":[{\"@type\":\"ReadAction\",\"target\":[\"https:\/\/monti.lt\/product\/woopie-mazojo-zvejo-rinkinys-22-dalys\/\"]}]},{\"@type\":\"ImageObject\",\"inLanguage\":\"en-US\",\"@id\":\"https:\/\/monti.lt\/product\/woopie-mazojo-zvejo-rinkinys-22-dalys\/#primaryimage\",\"url\":\"https:\/\/monti.lt\/wp-content\/uploads\/2025\/09\/woopie-zestaw-malego-wedkarza-nauka-liczenia-22-el.jpg\",\"contentUrl\":\"https:\/\/monti.lt\/wp-content\/uploads\/2025\/09\/woopie-zestaw-malego-wedkarza-nauka-liczenia-22-el.jpg\",\"width\":800,\"height\":800,\"caption\":\"mazojo zvejo rinkinys\"},{\"@type\":\"BreadcrumbList\",\"@id\":\"https:\/\/monti.lt\/product\/woopie-mazojo-zvejo-rinkinys-22-dalys\/#breadcrumb\",\"itemListElement\":[{\"@type\":\"ListItem\",\"position\":1,\"name\":\"Home\",\"item\":\"https:\/\/monti.lt\/\"},{\"@type\":\"ListItem\",\"position\":2,\"name\":\"Parduotuv\u0117\",\"item\":\"https:\/\/monti.lt\/shop\/\"},{\"@type\":\"ListItem\",\"position\":3,\"name\":\"WOOPIE Ma\u017eojo \u017evejo rinkinys, 22 dalys\"}]},{\"@type\":\"WebSite\",\"@id\":\"https:\/\/monti.lt\/#website\",\"url\":\"https:\/\/monti.lt\/\",\"name\":\"Montessori \u017eaislai\",\"description\":\"\",\"publisher\":{\"@id\":\"https:\/\/monti.lt\/#organization\"},\"potentialAction\":[{\"@type\":\"SearchAction\",\"target\":{\"@type\":\"EntryPoint\",\"urlTemplate\":\"https:\/\/monti.lt\/?s={search_term_string}\"},\"query-input\":\"required name=search_term_string\"}],\"inLanguage\":\"en-US\"},{\"@type\":\"Organization\",\"@id\":\"https:\/\/monti.lt\/#organization\",\"name\":\"Montessori \u017eaislai\",\"url\":\"https:\/\/monti.lt\/\",\"logo\":{\"@type\":\"ImageObject\",\"inLanguage\":\"en-US\",\"@id\":\"https:\/\/monti.lt\/#\/schema\/logo\/image\/\",\"url\":\"https:\/\/monti.lt\/wp-content\/uploads\/2022\/03\/montilogo-1.png\",\"contentUrl\":\"https:\/\/monti.lt\/wp-content\/uploads\/2022\/03\/montilogo-1.png\",\"width\":512,\"height\":512,\"caption\":\"Montessori \u017eaislai\"},\"image\":{\"@id\":\"https:\/\/monti.lt\/#\/schema\/logo\/image\/\"}}]}<\/script>\n<!-- \/ Yoast SEO plugin. -->","yoast_head_json":{"title":"WOOPIE Ma\u017eojo \u017evejo rinkinys, 22 dalys - Montessori \u017eaislai","robots":{"index":"index","follow":"follow","max-snippet":"max-snippet:-1","max-image-preview":"max-image-preview:large","max-video-preview":"max-video-preview:-1"},"canonical":"https:\/\/monti.lt\/en\/product\/woopie-mazojo-zvejo-rinkinys-22-dalys\/","og_locale":"en_US","og_type":"article","og_title":"WOOPIE Ma\u017eojo \u017evejo rinkinys, 22 dalys - Montessori \u017eaislai","og_description":"WOOPIE Little Angler Set yra mink\u0161tas, saugus ir \u012fdomus \u017evejybos rinkinys, skirtas vaikams nuo 6 m\u0117nesi\u0173 am\u017eiaus. Spalvingos pliu\u0161in\u0117s \u017euvyt\u0117s, lengva me\u0161kere su Velcro masalu, sunumeruoti r\u016b\u0161iavimo puodeliai ir sulankstoma mai\u0161eli\u0173 kilim\u0117lis bet kuri\u0105 erdv\u0119 paver\u010dia mini \u017eaidim\u0173 aik\u0161tele. Vaikas gaudo \u017euvis, r\u016b\u0161iuoja jas \u012f atitinkamus puodelius ir mokosi spalv\u0173, skai\u010diavimo ir ra\u0161t\u0173, tuo pa\u010diu [&hellip;]","og_url":"https:\/\/monti.lt\/en\/product\/woopie-mazojo-zvejo-rinkinys-22-dalys\/","og_site_name":"Montessori \u017eaislai","article_modified_time":"2025-11-10T11:25:39+00:00","og_image":[{"width":800,"height":800,"url":"https:\/\/monti.lt\/wp-content\/uploads\/2025\/09\/woopie-zestaw-malego-wedkarza-nauka-liczenia-22-el.jpg","type":"image\/jpeg"}],"twitter_card":"summary_large_image","twitter_misc":{"Est. reading time":"1 minute"},"schema":{"@context":"https:\/\/schema.org","@graph":[{"@type":"WebPage","@id":"https:\/\/monti.lt\/product\/woopie-mazojo-zvejo-rinkinys-22-dalys\/","url":"https:\/\/monti.lt\/product\/woopie-mazojo-zvejo-rinkinys-22-dalys\/","name":"WOOPIE Ma\u017eojo \u017evejo rinkinys, 22 dalys - Montessori \u017eaislai","isPartOf":{"@id":"https:\/\/monti.lt\/#website"},"primaryImageOfPage":{"@id":"https:\/\/monti.lt\/product\/woopie-mazojo-zvejo-rinkinys-22-dalys\/#primaryimage"},"image":{"@id":"https:\/\/monti.lt\/product\/woopie-mazojo-zvejo-rinkinys-22-dalys\/#primaryimage"},"thumbnailUrl":"https:\/\/monti.lt\/wp-content\/uploads\/2025\/09\/woopie-zestaw-malego-wedkarza-nauka-liczenia-22-el.jpg","datePublished":"2025-09-25T10:51:14+00:00","dateModified":"2025-11-10T11:25:39+00:00","breadcrumb":{"@id":"https:\/\/monti.lt\/product\/woopie-mazojo-zvejo-rinkinys-22-dalys\/#breadcrumb"},"inLanguage":"en-US","potentialAction":[{"@type":"ReadAction","target":["https:\/\/monti.lt\/product\/woopie-mazojo-zvejo-rinkinys-22-dalys\/"]}]},{"@type":"ImageObject","inLanguage":"en-US","@id":"https:\/\/monti.lt\/product\/woopie-mazojo-zvejo-rinkinys-22-dalys\/#primaryimage","url":"https:\/\/monti.lt\/wp-content\/uploads\/2025\/09\/woopie-zestaw-malego-wedkarza-nauka-liczenia-22-el.jpg","contentUrl":"https:\/\/monti.lt\/wp-content\/uploads\/2025\/09\/woopie-zestaw-malego-wedkarza-nauka-liczenia-22-el.jpg","width":800,"height":800,"caption":"mazojo zvejo rinkinys"},{"@type":"BreadcrumbList","@id":"https:\/\/monti.lt\/product\/woopie-mazojo-zvejo-rinkinys-22-dalys\/#breadcrumb","itemListElement":[{"@type":"ListItem","position":1,"name":"Home","item":"https:\/\/monti.lt\/"},{"@type":"ListItem","position":2,"name":"Parduotuv\u0117","item":"https:\/\/monti.lt\/shop\/"},{"@type":"ListItem","position":3,"name":"WOOPIE Ma\u017eojo \u017evejo rinkinys, 22 dalys"}]},{"@type":"WebSite","@id":"https:\/\/monti.lt\/#website","url":"https:\/\/monti.lt\/","name":"Montessori \u017eaislai","description":"","publisher":{"@id":"https:\/\/monti.lt\/#organization"},"potentialAction":[{"@type":"SearchAction","target":{"@type":"EntryPoint","urlTemplate":"https:\/\/monti.lt\/?s={search_term_string}"},"query-input":"required name=search_term_string"}],"inLanguage":"en-US"},{"@type":"Organization","@id":"https:\/\/monti.lt\/#organization","name":"Montessori \u017eaislai","url":"https:\/\/monti.lt\/","logo":{"@type":"ImageObject","inLanguage":"en-US","@id":"https:\/\/monti.lt\/#\/schema\/logo\/image\/","url":"https:\/\/monti.lt\/wp-content\/uploads\/2022\/03\/montilogo-1.png","contentUrl":"https:\/\/monti.lt\/wp-content\/uploads\/2022\/03\/montilogo-1.png","width":512,"height":512,"caption":"Montessori \u017eaislai"},"image":{"@id":"https:\/\/monti.lt\/#\/schema\/logo\/image\/"}}]}},"_links":{"self":[{"href":"https:\/\/monti.lt\/en\/wp-json\/wp\/v2\/product\/33533"}],"collection":[{"href":"https:\/\/monti.lt\/en\/wp-json\/wp\/v2\/product"}],"about":[{"href":"https:\/\/monti.lt\/en\/wp-json\/wp\/v2\/types\/product"}],"version-history":[{"count":1,"href":"https:\/\/monti.lt\/en\/wp-json\/wp\/v2\/product\/33533\/revisions"}],"predecessor-version":[{"id":33535,"href":"https:\/\/monti.lt\/en\/wp-json\/wp\/v2\/product\/33533\/revisions\/33535"}],"wp:featuredmedia":[{"embeddable":true,"href":"https:\/\/monti.lt\/en\/wp-json\/wp\/v2\/media\/33534"}],"wp:attachment":[{"href":"https:\/\/monti.lt\/en\/wp-json\/wp\/v2\/media?parent=33533"}],"wp:term":[{"taxonomy":"product_cat","embeddable":true,"href":"https:\/\/monti.lt\/en\/wp-json\/wp\/v2\/product_cat?post=33533"},{"taxonomy":"product_tag","embeddable":true,"href":"https:\/\/monti.lt\/en\/wp-json\/wp\/v2\/product_tag?post=33533"}],"curies":[{"name":"wp","href":"https:\/\/api.w.org\/{rel}","templated":true}]}}