{"id":33536,"date":"2025-09-29T07:28:56","date_gmt":"2025-09-29T07:28:56","guid":{"rendered":"https:\/\/monti.lt\/?post_type=product&#038;p=33536"},"modified":"2025-12-15T09:45:15","modified_gmt":"2025-12-15T09:45:15","slug":"woopie-mazojo-mago-rinkinys-iliuzija","status":"publish","type":"product","link":"https:\/\/monti.lt\/en\/product\/woopie-mazojo-mago-rinkinys-iliuzija\/","title":{"rendered":"WOOPIE Ma\u017eojo mago rinkinys \u201eIliuzija&#8221;"},"content":{"rendered":"<p>Nustebinkite savo \u0161eim\u0105 ir draugus ne\u012ftik\u0117tinomis iliuzijomis! \u201eWoopie\u201c ma\u017eojo mago rinkinys yra puikus pasirinkimas bet kuriam pradedan\u010diam iliuzionistui. Su instrukcijomis ir vaizdo pamokomis i\u0161mokti 135 \u012fdomi\u0173 triuk\u0173 yra lengva ir smagu. Tai puikus b\u016bdas ugdyti k\u016brybi\u0161kum\u0105, vikrum\u0105 ir pasitik\u0117jim\u0105 savimi, pasirodant prie\u0161 auditorij\u0105.<\/p>\n\n\n\n<p>Savyb\u0117s:<\/p>\n\n\n\n<ul class=\"wp-block-list\">\n<li>Am\u017eius: nuo 6 met\u0173<\/li>\n\n\n\n<li>Triuk\u0173 skai\u010dius: daugiau nei 135 skirtingi triukai, kuriuos galima i\u0161mokti<\/li>\n\n\n\n<li>Rinkinys pradedantiesiems iliuzionistams ir vaikams<\/li>\n\n\n\n<li>\u012etrauktos iliustruotos instrukcijos ir prieiga prie vaizdo pamok\u0173<br>Rinkinyje yra:<\/li>\n\n\n\n<li>Stebuklinga lazdele<\/li>\n\n\n\n<li>Puodeliai ir kamuoliukai<\/li>\n\n\n\n<li>Dingstanti monet\u0173 d\u0117\u017eut\u0117<\/li>\n\n\n\n<li>Kort\u0173 kalad\u0117<\/li>\n\n\n\n<li>Virv\u0119, pir\u0161t\u0105, kiau\u0161in\u012f<\/li>\n\n\n\n<li>\u012evairius priedus magijos triukams<br>\u017daislas ugdo:<\/li>\n\n\n\n<li>Rank\u0173 vikrum\u0105 ir koordinacij\u0105<\/li>\n\n\n\n<li>Vaizduot\u0119 ir k\u016brybi\u0161kum\u0105<\/li>\n\n\n\n<li>Koncentracij\u0105 ir atmint\u012f<\/li>\n\n\n\n<li>Pasitik\u0117jim\u0105 savimi ir vie\u0161ojo kalb\u0117jimo \u012fg\u016bd\u017eius<\/li>\n<\/ul>\n\n\n\n<p><\/p>\n\n\n\n<p><\/p>","protected":false},"excerpt":{"rendered":"<p>Nustebinkite savo \u0161eim\u0105 ir draugus ne\u012ftik\u0117tinomis iliuzijomis! \u201eWoopie\u201c ma\u017eojo mago rinkinys yra puikus pasirinkimas bet kuriam pradedan\u010diam iliuzionistui. Su instrukcijomis ir vaizdo pamokomis i\u0161mokti 135 \u012fdomi\u0173 triuk\u0173 yra lengva ir smagu. Tai puikus b\u016bdas ugdyti k\u016brybi\u0161kum\u0105, vikrum\u0105 ir pasitik\u0117jim\u0105 savimi, pasirodant prie\u0161 auditorij\u0105. Savyb\u0117s:<\/p>","protected":false},"featured_media":33537,"template":"","meta":{"_acf_changed":false,"iawp_total_views":126},"product_cat":[217,191,84,242,93,49,249,39],"product_tag":[98],"class_list":{"0":"post-33536","1":"product","2":"type-product","3":"status-publish","4":"has-post-thumbnail","6":"product_cat-dovanos-5-7-metu-vaikams","7":"product_cat-dovanos-vaikams","8":"product_cat-lavinamieji-zaislai","9":"product_cat-pagal-gamintoja","10":"product_cat-vaidmenu-zaidimai","11":"product_cat-visi-zaislai","12":"product_cat-woppie","13":"product_cat-zaislai","14":"product_tag-5-m-7-m","16":"first","17":"outofstock","18":"taxable","19":"shipping-taxable","20":"purchasable","21":"product-type-simple"},"acf":[],"yoast_head":"<!-- This site is optimized with the Yoast SEO plugin v23.3 - https:\/\/yoast.com\/wordpress\/plugins\/seo\/ -->\n<title>WOOPIE Ma\u017eojo mago rinkinys \u201eIliuzija&quot; - Montessori \u017eaislai<\/title>\n<meta name=\"robots\" content=\"index, follow, max-snippet:-1, max-image-preview:large, max-video-preview:-1\" \/>\n<link rel=\"canonical\" href=\"https:\/\/monti.lt\/en\/product\/woopie-mazojo-mago-rinkinys-iliuzija\/\" \/>\n<meta property=\"og:locale\" content=\"en_US\" \/>\n<meta property=\"og:type\" content=\"article\" \/>\n<meta property=\"og:title\" content=\"WOOPIE Ma\u017eojo mago rinkinys \u201eIliuzija&quot; - Montessori \u017eaislai\" \/>\n<meta property=\"og:description\" content=\"Nustebinkite savo \u0161eim\u0105 ir draugus ne\u012ftik\u0117tinomis iliuzijomis! \u201eWoopie\u201c ma\u017eojo mago rinkinys yra puikus pasirinkimas bet kuriam pradedan\u010diam iliuzionistui. Su instrukcijomis ir vaizdo pamokomis i\u0161mokti 135 \u012fdomi\u0173 triuk\u0173 yra lengva ir smagu. Tai puikus b\u016bdas ugdyti k\u016brybi\u0161kum\u0105, vikrum\u0105 ir pasitik\u0117jim\u0105 savimi, pasirodant prie\u0161 auditorij\u0105. Savyb\u0117s:\" \/>\n<meta property=\"og:url\" content=\"https:\/\/monti.lt\/en\/product\/woopie-mazojo-mago-rinkinys-iliuzija\/\" \/>\n<meta property=\"og:site_name\" content=\"Montessori \u017eaislai\" \/>\n<meta property=\"article:modified_time\" content=\"2025-12-15T09:45:15+00:00\" \/>\n<meta property=\"og:image\" content=\"https:\/\/monti.lt\/wp-content\/uploads\/2025\/09\/woopie-zestaw-malego-magika-karty-iluzja-135-sztuczek.jpg\" \/>\n\t<meta property=\"og:image:width\" content=\"800\" \/>\n\t<meta property=\"og:image:height\" content=\"800\" \/>\n\t<meta property=\"og:image:type\" content=\"image\/jpeg\" \/>\n<meta name=\"twitter:card\" content=\"summary_large_image\" \/>\n<meta name=\"twitter:label1\" content=\"Est. reading time\" \/>\n\t<meta name=\"twitter:data1\" content=\"1 minute\" \/>\n<script type=\"application\/ld+json\" class=\"yoast-schema-graph\">{\"@context\":\"https:\/\/schema.org\",\"@graph\":[{\"@type\":\"WebPage\",\"@id\":\"https:\/\/monti.lt\/product\/woopie-mazojo-mago-rinkinys-iliuzija\/\",\"url\":\"https:\/\/monti.lt\/product\/woopie-mazojo-mago-rinkinys-iliuzija\/\",\"name\":\"WOOPIE Ma\u017eojo mago rinkinys \u201eIliuzija\\\" - Montessori \u017eaislai\",\"isPartOf\":{\"@id\":\"https:\/\/monti.lt\/#website\"},\"primaryImageOfPage\":{\"@id\":\"https:\/\/monti.lt\/product\/woopie-mazojo-mago-rinkinys-iliuzija\/#primaryimage\"},\"image\":{\"@id\":\"https:\/\/monti.lt\/product\/woopie-mazojo-mago-rinkinys-iliuzija\/#primaryimage\"},\"thumbnailUrl\":\"https:\/\/monti.lt\/wp-content\/uploads\/2025\/09\/woopie-zestaw-malego-magika-karty-iluzja-135-sztuczek.jpg\",\"datePublished\":\"2025-09-29T07:28:56+00:00\",\"dateModified\":\"2025-12-15T09:45:15+00:00\",\"breadcrumb\":{\"@id\":\"https:\/\/monti.lt\/product\/woopie-mazojo-mago-rinkinys-iliuzija\/#breadcrumb\"},\"inLanguage\":\"en-US\",\"potentialAction\":[{\"@type\":\"ReadAction\",\"target\":[\"https:\/\/monti.lt\/product\/woopie-mazojo-mago-rinkinys-iliuzija\/\"]}]},{\"@type\":\"ImageObject\",\"inLanguage\":\"en-US\",\"@id\":\"https:\/\/monti.lt\/product\/woopie-mazojo-mago-rinkinys-iliuzija\/#primaryimage\",\"url\":\"https:\/\/monti.lt\/wp-content\/uploads\/2025\/09\/woopie-zestaw-malego-magika-karty-iluzja-135-sztuczek.jpg\",\"contentUrl\":\"https:\/\/monti.lt\/wp-content\/uploads\/2025\/09\/woopie-zestaw-malego-magika-karty-iluzja-135-sztuczek.jpg\",\"width\":800,\"height\":800,\"caption\":\"mago rinkinys\"},{\"@type\":\"BreadcrumbList\",\"@id\":\"https:\/\/monti.lt\/product\/woopie-mazojo-mago-rinkinys-iliuzija\/#breadcrumb\",\"itemListElement\":[{\"@type\":\"ListItem\",\"position\":1,\"name\":\"Home\",\"item\":\"https:\/\/monti.lt\/\"},{\"@type\":\"ListItem\",\"position\":2,\"name\":\"Parduotuv\u0117\",\"item\":\"https:\/\/monti.lt\/shop\/\"},{\"@type\":\"ListItem\",\"position\":3,\"name\":\"WOOPIE Ma\u017eojo mago rinkinys \u201eIliuzija&#8221;\"}]},{\"@type\":\"WebSite\",\"@id\":\"https:\/\/monti.lt\/#website\",\"url\":\"https:\/\/monti.lt\/\",\"name\":\"Montessori \u017eaislai\",\"description\":\"\",\"publisher\":{\"@id\":\"https:\/\/monti.lt\/#organization\"},\"potentialAction\":[{\"@type\":\"SearchAction\",\"target\":{\"@type\":\"EntryPoint\",\"urlTemplate\":\"https:\/\/monti.lt\/?s={search_term_string}\"},\"query-input\":\"required name=search_term_string\"}],\"inLanguage\":\"en-US\"},{\"@type\":\"Organization\",\"@id\":\"https:\/\/monti.lt\/#organization\",\"name\":\"Montessori \u017eaislai\",\"url\":\"https:\/\/monti.lt\/\",\"logo\":{\"@type\":\"ImageObject\",\"inLanguage\":\"en-US\",\"@id\":\"https:\/\/monti.lt\/#\/schema\/logo\/image\/\",\"url\":\"https:\/\/monti.lt\/wp-content\/uploads\/2022\/03\/montilogo-1.png\",\"contentUrl\":\"https:\/\/monti.lt\/wp-content\/uploads\/2022\/03\/montilogo-1.png\",\"width\":512,\"height\":512,\"caption\":\"Montessori \u017eaislai\"},\"image\":{\"@id\":\"https:\/\/monti.lt\/#\/schema\/logo\/image\/\"}}]}<\/script>\n<!-- \/ Yoast SEO plugin. -->","yoast_head_json":{"title":"WOOPIE Ma\u017eojo mago rinkinys \u201eIliuzija\" - Montessori \u017eaislai","robots":{"index":"index","follow":"follow","max-snippet":"max-snippet:-1","max-image-preview":"max-image-preview:large","max-video-preview":"max-video-preview:-1"},"canonical":"https:\/\/monti.lt\/en\/product\/woopie-mazojo-mago-rinkinys-iliuzija\/","og_locale":"en_US","og_type":"article","og_title":"WOOPIE Ma\u017eojo mago rinkinys \u201eIliuzija\" - Montessori \u017eaislai","og_description":"Nustebinkite savo \u0161eim\u0105 ir draugus ne\u012ftik\u0117tinomis iliuzijomis! \u201eWoopie\u201c ma\u017eojo mago rinkinys yra puikus pasirinkimas bet kuriam pradedan\u010diam iliuzionistui. Su instrukcijomis ir vaizdo pamokomis i\u0161mokti 135 \u012fdomi\u0173 triuk\u0173 yra lengva ir smagu. Tai puikus b\u016bdas ugdyti k\u016brybi\u0161kum\u0105, vikrum\u0105 ir pasitik\u0117jim\u0105 savimi, pasirodant prie\u0161 auditorij\u0105. Savyb\u0117s:","og_url":"https:\/\/monti.lt\/en\/product\/woopie-mazojo-mago-rinkinys-iliuzija\/","og_site_name":"Montessori \u017eaislai","article_modified_time":"2025-12-15T09:45:15+00:00","og_image":[{"width":800,"height":800,"url":"https:\/\/monti.lt\/wp-content\/uploads\/2025\/09\/woopie-zestaw-malego-magika-karty-iluzja-135-sztuczek.jpg","type":"image\/jpeg"}],"twitter_card":"summary_large_image","twitter_misc":{"Est. reading time":"1 minute"},"schema":{"@context":"https:\/\/schema.org","@graph":[{"@type":"WebPage","@id":"https:\/\/monti.lt\/product\/woopie-mazojo-mago-rinkinys-iliuzija\/","url":"https:\/\/monti.lt\/product\/woopie-mazojo-mago-rinkinys-iliuzija\/","name":"WOOPIE Ma\u017eojo mago rinkinys \u201eIliuzija\" - Montessori \u017eaislai","isPartOf":{"@id":"https:\/\/monti.lt\/#website"},"primaryImageOfPage":{"@id":"https:\/\/monti.lt\/product\/woopie-mazojo-mago-rinkinys-iliuzija\/#primaryimage"},"image":{"@id":"https:\/\/monti.lt\/product\/woopie-mazojo-mago-rinkinys-iliuzija\/#primaryimage"},"thumbnailUrl":"https:\/\/monti.lt\/wp-content\/uploads\/2025\/09\/woopie-zestaw-malego-magika-karty-iluzja-135-sztuczek.jpg","datePublished":"2025-09-29T07:28:56+00:00","dateModified":"2025-12-15T09:45:15+00:00","breadcrumb":{"@id":"https:\/\/monti.lt\/product\/woopie-mazojo-mago-rinkinys-iliuzija\/#breadcrumb"},"inLanguage":"en-US","potentialAction":[{"@type":"ReadAction","target":["https:\/\/monti.lt\/product\/woopie-mazojo-mago-rinkinys-iliuzija\/"]}]},{"@type":"ImageObject","inLanguage":"en-US","@id":"https:\/\/monti.lt\/product\/woopie-mazojo-mago-rinkinys-iliuzija\/#primaryimage","url":"https:\/\/monti.lt\/wp-content\/uploads\/2025\/09\/woopie-zestaw-malego-magika-karty-iluzja-135-sztuczek.jpg","contentUrl":"https:\/\/monti.lt\/wp-content\/uploads\/2025\/09\/woopie-zestaw-malego-magika-karty-iluzja-135-sztuczek.jpg","width":800,"height":800,"caption":"mago rinkinys"},{"@type":"BreadcrumbList","@id":"https:\/\/monti.lt\/product\/woopie-mazojo-mago-rinkinys-iliuzija\/#breadcrumb","itemListElement":[{"@type":"ListItem","position":1,"name":"Home","item":"https:\/\/monti.lt\/"},{"@type":"ListItem","position":2,"name":"Parduotuv\u0117","item":"https:\/\/monti.lt\/shop\/"},{"@type":"ListItem","position":3,"name":"WOOPIE Ma\u017eojo mago rinkinys \u201eIliuzija&#8221;"}]},{"@type":"WebSite","@id":"https:\/\/monti.lt\/#website","url":"https:\/\/monti.lt\/","name":"Montessori \u017eaislai","description":"","publisher":{"@id":"https:\/\/monti.lt\/#organization"},"potentialAction":[{"@type":"SearchAction","target":{"@type":"EntryPoint","urlTemplate":"https:\/\/monti.lt\/?s={search_term_string}"},"query-input":"required name=search_term_string"}],"inLanguage":"en-US"},{"@type":"Organization","@id":"https:\/\/monti.lt\/#organization","name":"Montessori \u017eaislai","url":"https:\/\/monti.lt\/","logo":{"@type":"ImageObject","inLanguage":"en-US","@id":"https:\/\/monti.lt\/#\/schema\/logo\/image\/","url":"https:\/\/monti.lt\/wp-content\/uploads\/2022\/03\/montilogo-1.png","contentUrl":"https:\/\/monti.lt\/wp-content\/uploads\/2022\/03\/montilogo-1.png","width":512,"height":512,"caption":"Montessori \u017eaislai"},"image":{"@id":"https:\/\/monti.lt\/#\/schema\/logo\/image\/"}}]}},"_links":{"self":[{"href":"https:\/\/monti.lt\/en\/wp-json\/wp\/v2\/product\/33536"}],"collection":[{"href":"https:\/\/monti.lt\/en\/wp-json\/wp\/v2\/product"}],"about":[{"href":"https:\/\/monti.lt\/en\/wp-json\/wp\/v2\/types\/product"}],"version-history":[{"count":1,"href":"https:\/\/monti.lt\/en\/wp-json\/wp\/v2\/product\/33536\/revisions"}],"predecessor-version":[{"id":33567,"href":"https:\/\/monti.lt\/en\/wp-json\/wp\/v2\/product\/33536\/revisions\/33567"}],"wp:featuredmedia":[{"embeddable":true,"href":"https:\/\/monti.lt\/en\/wp-json\/wp\/v2\/media\/33537"}],"wp:attachment":[{"href":"https:\/\/monti.lt\/en\/wp-json\/wp\/v2\/media?parent=33536"}],"wp:term":[{"taxonomy":"product_cat","embeddable":true,"href":"https:\/\/monti.lt\/en\/wp-json\/wp\/v2\/product_cat?post=33536"},{"taxonomy":"product_tag","embeddable":true,"href":"https:\/\/monti.lt\/en\/wp-json\/wp\/v2\/product_tag?post=33536"}],"curies":[{"name":"wp","href":"https:\/\/api.w.org\/{rel}","templated":true}]}}