{"id":33575,"date":"2025-09-29T07:47:26","date_gmt":"2025-09-29T07:47:26","guid":{"rendered":"https:\/\/monti.lt\/?post_type=product&#038;p=33575"},"modified":"2026-03-02T06:26:01","modified_gmt":"2026-03-02T06:26:01","slug":"zaislinis-virtuves-reikmenu-rinkinys-32-dalys","status":"publish","type":"product","link":"https:\/\/monti.lt\/en\/product\/zaislinis-virtuves-reikmenu-rinkinys-32-dalys\/","title":{"rendered":"\u017daislinis virtuv\u0117s reikmen\u0173 rinkinys, 32 dalys"},"content":{"rendered":"<h1 class=\"wp-block-heading\">KRUZZEL 32 dali\u0173 vaiki\u0161ki puodai, virtuv\u0117s reikmenys, virtuv\u0117s komplektas dovanai&nbsp;<\/h1>\n\n\n\n<p>&nbsp;&nbsp;<strong>palaiko kasdien\u012f vaiko vystym\u0105si<\/strong>&nbsp;&nbsp;&nbsp;\u2013 virtuv\u0117s \u017eaidim\u0173 rinkinys yra prakti\u0161kas ir lavinamasis \u017eaislas, kuris&nbsp;&nbsp;&nbsp;<strong>padeda vaikams lavinti rankinius \u012fg\u016bd\u017eius, vaizduot\u0119, vaidmen\u0173 \u017eaidimo \u012fg\u016bd\u017eius ir kasdieni\u0173 pareig\u0173 \u017einias<\/strong><\/p>\n\n\n\n<p>&nbsp;&nbsp;<strong>daug \u012fdomi\u0173 galimybi\u0173 viename rinkinyje<\/strong>&nbsp;&nbsp;&nbsp;\u2013 \u012fvair\u016bs priedai, tokie kaip puodai, keptuv\u0117s, stalo \u012frankiai, dar\u017eov\u0117s ir prieskoniai,&nbsp;&nbsp;&nbsp;<strong>sudaryti vaikui s\u0105lygas ruo\u0161ti \u201epatiekalus\u201c, patiekti patiekalus ir atkurti kasdienius virtuv\u0117s ritualus,<\/strong>&nbsp;&nbsp;&nbsp;D\u0117l to vaikas vystosi visapusi\u0161kai ir nenuobod\u017eiauja net ilgai \u017eaisdamas.&nbsp;<\/p>\n\n\n\n<p>&nbsp;&nbsp;<strong>puikiai tinka namams, dar\u017eeliui ir mokyklai<\/strong>&nbsp;&nbsp;&nbsp;\u2013 visi virtuv\u0117s komplekto elementai pagaminti i\u0161 lengvos, saugios med\u017eiagos, be a\u0161tri\u0173 briaun\u0173, \u017eaislas puikiai tinka tiek&nbsp;<strong>&nbsp;&nbsp;ma\u017eylio nam\u0173 ruo\u0161os darb\u0173 metu<\/strong>&nbsp;, taip pat intensyvi\u0173 u\u017esi\u0117mim\u0173 metu&nbsp;&nbsp;&nbsp;<strong>kasdieniai \u017eaidimai grup\u0117je, pvz., dar\u017eelyje<\/strong><\/p>\n\n\n\n<h2 class=\"wp-block-heading\">KRUZZEL virtuv\u0117s pried\u0173 specifikacijos:<\/h2>\n\n\n\n<ul class=\"wp-block-list\">\n<li>atitinka Europos standartus<\/li>\n\n\n\n<li>vaizduot\u0117s ir k\u016brybi\u0161kumo ugdymas<\/li>\n\n\n\n<li>socialini\u0173 \u012fg\u016bd\u017ei\u0173 lavinimas per grupinius \u017eaidimus<\/li>\n\n\n\n<li>\u012fgyti \u017eini\u0173 apie kulinarij\u0105 ir maisto gaminim\u0105<\/li>\n\n\n\n<li>kasdien\u0117s veiklos imitacija<\/li>\n\n\n\n<li>didelis 32 dali\u0173 rinkinys<\/li>\n\n\n\n<li>dovan\u0173 rinkinys<\/li>\n\n\n\n<li>Vazono matmenys: 10 x 15 cm<\/li>\n\n\n\n<li>Virdulio matmenys: 13 x 15 cm<\/li>\n\n\n\n<li>Vazono matmenys: 12 x 20,5 cm<\/li>\n\n\n\n<li>svoris: 0,432 kg<\/li>\n\n\n\n<li>pakuot\u0117s svoris: 0,742 kg<\/li>\n\n\n\n<li>KRUZZEL prek\u0117s \u017eenklas<\/li>\n\n\n\n<li>spalva: daugiaspalv\u0117<\/li>\n\n\n\n<li>med\u017eiaga: ABS, PP<\/li>\n<\/ul>\n\n\n\n<h2 class=\"wp-block-heading\">\u012e komplekt\u0105 \u012feina:<\/h2>\n\n\n\n<ul class=\"wp-block-list\">\n<li>puodas su dang\u010diu<\/li>\n\n\n\n<li>puodas su dang\u010diu<\/li>\n\n\n\n<li>keptuv\u0117<\/li>\n\n\n\n<li>virdulys<\/li>\n\n\n\n<li>stalo \u012frankiai<\/li>\n\n\n\n<li>2 x lazdel\u0117s<\/li>\n\n\n\n<li>picos pjaustytuvas<\/li>\n\n\n\n<li>\u012fvairi\u0173 tip\u0173 virtuvini\u0173 \u0161auk\u0161t\u0173 x 6<\/li>\n\n\n\n<li>2 duben\u0117liai<\/li>\n\n\n\n<li>2 l\u0117k\u0161t\u0117s<\/li>\n\n\n\n<li>3 prieskoni\u0173 indeliai: druska, pipirai, cukrus<\/li>\n\n\n\n<li>aliejus<\/li>\n\n\n\n<li>ke\u010dupas<\/li>\n\n\n\n<li>pomidoras<\/li>\n\n\n\n<li>salotos<\/li>\n\n\n\n<li>kiau\u0161inis<\/li>\n\n\n\n<li>kaip pasodintas<\/li>\n\n\n\n<li>vartotojo vadovas<\/li>\n\n\n\n<li>spalvinga pakuot\u0117<\/li>\n\n\n\n<li>ruda siuntimo d\u0117\u017eut\u0117<\/li>\n<\/ul>\n\n\n\n<p><strong>GAMINTOJAS:<\/strong><\/p>\n\n\n\n<p>ISO TRADE Sp\u00f3\u0142ka z o.o.<br>Gniewomierz 173<br>59-241 Legnickie Pole, Polska<br><br>office@iso-trade.biz<\/p>\n\n\n\n<p><strong>ATSAKINGAS ASMUO ES:<\/strong><\/p>\n\n\n\n<p>IsoTrade<\/p>\n\n\n\n<p><strong>\u012eSP\u0116JIMO TURINYS:<\/strong><\/p>\n\n\n\n<p>&#8211; \u012esp\u0117jimas. Netinka vaikams iki 36 m\u0117nesi\u0173. Smulkios dalys. U\u017espringimo pavojus.<br>&#8211; Produktai netinkami vartoti.<br>&#8211; Saugoti nuo at\u0161iauri\u0173 oro s\u0105lyg\u0173 ir ugnies.<br>&#8211; Naudoti pagal paskirt\u012f.<br>&#8211; Neignoruokite rekomendacij\u0173 d\u0117l naudotojo am\u017eiaus.<br>&#8211; Nenaudokite pa\u017eeisto gaminio.<br>&#8211; Surinkimui reikalingas suaug\u0119s asmuo.<br>&#8211; Nelaikykite nesurinkt\u0173 dali\u0173 vaikams prieinamose vietose.<br>&#8211; Pakuot\u0117 n\u0117ra \u017eaislas. \u017daisl\u0105 turi i\u0161pakuoti suaug\u0119s asmuo, o pakuot\u0119 ir jos dalis reikia laikyti vaikams nepasiekiamoje vietoje.<\/p>","protected":false},"excerpt":{"rendered":"<p>KRUZZEL 32 dali\u0173 vaiki\u0161ki puodai, virtuv\u0117s reikmenys, virtuv\u0117s komplektas dovanai&nbsp; &nbsp;&nbsp;palaiko kasdien\u012f vaiko vystym\u0105si&nbsp;&nbsp;&nbsp;\u2013 virtuv\u0117s \u017eaidim\u0173 rinkinys yra prakti\u0161kas ir lavinamasis \u017eaislas, kuris&nbsp;&nbsp;&nbsp;padeda vaikams lavinti rankinius \u012fg\u016bd\u017eius, vaizduot\u0119, vaidmen\u0173 \u017eaidimo \u012fg\u016bd\u017eius ir kasdieni\u0173 pareig\u0173 \u017einias &nbsp;&nbsp;daug \u012fdomi\u0173 galimybi\u0173 viename rinkinyje&nbsp;&nbsp;&nbsp;\u2013 \u012fvair\u016bs priedai, tokie kaip puodai, keptuv\u0117s, stalo \u012frankiai, dar\u017eov\u0117s ir prieskoniai,&nbsp;&nbsp;&nbsp;sudaryti vaikui s\u0105lygas ruo\u0161ti \u201epatiekalus\u201c, [&hellip;]<\/p>","protected":false},"featured_media":33576,"template":"","meta":{"_acf_changed":false,"iawp_total_views":191},"product_cat":[84,93,49,39],"product_tag":[97,98],"class_list":{"0":"post-33575","1":"product","2":"type-product","3":"status-publish","4":"has-post-thumbnail","6":"product_cat-lavinamieji-zaislai","7":"product_cat-vaidmenu-zaidimai","8":"product_cat-visi-zaislai","9":"product_cat-zaislai","10":"product_tag-3-m-4-m","11":"product_tag-5-m-7-m","13":"first","14":"instock","15":"taxable","16":"shipping-taxable","17":"purchasable","18":"product-type-simple"},"acf":[],"yoast_head":"<!-- This site is optimized with the Yoast SEO plugin v23.3 - https:\/\/yoast.com\/wordpress\/plugins\/seo\/ -->\n<title>\u017daislinis virtuv\u0117s reikmen\u0173 rinkinys, 32 dalys - Montessori \u017eaislai<\/title>\n<meta name=\"robots\" content=\"index, follow, max-snippet:-1, max-image-preview:large, max-video-preview:-1\" \/>\n<link rel=\"canonical\" href=\"https:\/\/monti.lt\/en\/product\/zaislinis-virtuves-reikmenu-rinkinys-32-dalys\/\" \/>\n<meta property=\"og:locale\" content=\"en_US\" \/>\n<meta property=\"og:type\" content=\"article\" \/>\n<meta property=\"og:title\" content=\"\u017daislinis virtuv\u0117s reikmen\u0173 rinkinys, 32 dalys - Montessori \u017eaislai\" \/>\n<meta property=\"og:description\" content=\"KRUZZEL 32 dali\u0173 vaiki\u0161ki puodai, virtuv\u0117s reikmenys, virtuv\u0117s komplektas dovanai&nbsp; &nbsp;&nbsp;palaiko kasdien\u012f vaiko vystym\u0105si&nbsp;&nbsp;&nbsp;\u2013 virtuv\u0117s \u017eaidim\u0173 rinkinys yra prakti\u0161kas ir lavinamasis \u017eaislas, kuris&nbsp;&nbsp;&nbsp;padeda vaikams lavinti rankinius \u012fg\u016bd\u017eius, vaizduot\u0119, vaidmen\u0173 \u017eaidimo \u012fg\u016bd\u017eius ir kasdieni\u0173 pareig\u0173 \u017einias &nbsp;&nbsp;daug \u012fdomi\u0173 galimybi\u0173 viename rinkinyje&nbsp;&nbsp;&nbsp;\u2013 \u012fvair\u016bs priedai, tokie kaip puodai, keptuv\u0117s, stalo \u012frankiai, dar\u017eov\u0117s ir prieskoniai,&nbsp;&nbsp;&nbsp;sudaryti vaikui s\u0105lygas ruo\u0161ti \u201epatiekalus\u201c, [&hellip;]\" \/>\n<meta property=\"og:url\" content=\"https:\/\/monti.lt\/en\/product\/zaislinis-virtuves-reikmenu-rinkinys-32-dalys\/\" \/>\n<meta property=\"og:site_name\" content=\"Montessori \u017eaislai\" \/>\n<meta property=\"article:modified_time\" content=\"2026-03-02T06:26:01+00:00\" \/>\n<meta property=\"og:image\" content=\"https:\/\/monti.lt\/wp-content\/uploads\/2025\/09\/lit_pl_Kruzzel-26330-32-daliu-virtuves-reikmenu-rinkinys-18486_14.jpg\" \/>\n\t<meta property=\"og:image:width\" content=\"500\" \/>\n\t<meta property=\"og:image:height\" content=\"500\" \/>\n\t<meta property=\"og:image:type\" content=\"image\/jpeg\" \/>\n<meta name=\"twitter:card\" content=\"summary_large_image\" \/>\n<meta name=\"twitter:label1\" content=\"Est. reading time\" \/>\n\t<meta name=\"twitter:data1\" content=\"2 minutes\" \/>\n<script type=\"application\/ld+json\" class=\"yoast-schema-graph\">{\"@context\":\"https:\/\/schema.org\",\"@graph\":[{\"@type\":\"WebPage\",\"@id\":\"https:\/\/monti.lt\/product\/zaislinis-virtuves-reikmenu-rinkinys-32-dalys\/\",\"url\":\"https:\/\/monti.lt\/product\/zaislinis-virtuves-reikmenu-rinkinys-32-dalys\/\",\"name\":\"\u017daislinis virtuv\u0117s reikmen\u0173 rinkinys, 32 dalys - Montessori \u017eaislai\",\"isPartOf\":{\"@id\":\"https:\/\/monti.lt\/#website\"},\"primaryImageOfPage\":{\"@id\":\"https:\/\/monti.lt\/product\/zaislinis-virtuves-reikmenu-rinkinys-32-dalys\/#primaryimage\"},\"image\":{\"@id\":\"https:\/\/monti.lt\/product\/zaislinis-virtuves-reikmenu-rinkinys-32-dalys\/#primaryimage\"},\"thumbnailUrl\":\"https:\/\/monti.lt\/wp-content\/uploads\/2025\/09\/lit_pl_Kruzzel-26330-32-daliu-virtuves-reikmenu-rinkinys-18486_14.jpg\",\"datePublished\":\"2025-09-29T07:47:26+00:00\",\"dateModified\":\"2026-03-02T06:26:01+00:00\",\"breadcrumb\":{\"@id\":\"https:\/\/monti.lt\/product\/zaislinis-virtuves-reikmenu-rinkinys-32-dalys\/#breadcrumb\"},\"inLanguage\":\"en-US\",\"potentialAction\":[{\"@type\":\"ReadAction\",\"target\":[\"https:\/\/monti.lt\/product\/zaislinis-virtuves-reikmenu-rinkinys-32-dalys\/\"]}]},{\"@type\":\"ImageObject\",\"inLanguage\":\"en-US\",\"@id\":\"https:\/\/monti.lt\/product\/zaislinis-virtuves-reikmenu-rinkinys-32-dalys\/#primaryimage\",\"url\":\"https:\/\/monti.lt\/wp-content\/uploads\/2025\/09\/lit_pl_Kruzzel-26330-32-daliu-virtuves-reikmenu-rinkinys-18486_14.jpg\",\"contentUrl\":\"https:\/\/monti.lt\/wp-content\/uploads\/2025\/09\/lit_pl_Kruzzel-26330-32-daliu-virtuves-reikmenu-rinkinys-18486_14.jpg\",\"width\":500,\"height\":500,\"caption\":\"zaisliniai puodai\"},{\"@type\":\"BreadcrumbList\",\"@id\":\"https:\/\/monti.lt\/product\/zaislinis-virtuves-reikmenu-rinkinys-32-dalys\/#breadcrumb\",\"itemListElement\":[{\"@type\":\"ListItem\",\"position\":1,\"name\":\"Home\",\"item\":\"https:\/\/monti.lt\/\"},{\"@type\":\"ListItem\",\"position\":2,\"name\":\"Parduotuv\u0117\",\"item\":\"https:\/\/monti.lt\/shop\/\"},{\"@type\":\"ListItem\",\"position\":3,\"name\":\"\u017daislinis virtuv\u0117s reikmen\u0173 rinkinys, 32 dalys\"}]},{\"@type\":\"WebSite\",\"@id\":\"https:\/\/monti.lt\/#website\",\"url\":\"https:\/\/monti.lt\/\",\"name\":\"Montessori \u017eaislai\",\"description\":\"\",\"publisher\":{\"@id\":\"https:\/\/monti.lt\/#organization\"},\"potentialAction\":[{\"@type\":\"SearchAction\",\"target\":{\"@type\":\"EntryPoint\",\"urlTemplate\":\"https:\/\/monti.lt\/?s={search_term_string}\"},\"query-input\":\"required name=search_term_string\"}],\"inLanguage\":\"en-US\"},{\"@type\":\"Organization\",\"@id\":\"https:\/\/monti.lt\/#organization\",\"name\":\"Montessori \u017eaislai\",\"url\":\"https:\/\/monti.lt\/\",\"logo\":{\"@type\":\"ImageObject\",\"inLanguage\":\"en-US\",\"@id\":\"https:\/\/monti.lt\/#\/schema\/logo\/image\/\",\"url\":\"https:\/\/monti.lt\/wp-content\/uploads\/2022\/03\/montilogo-1.png\",\"contentUrl\":\"https:\/\/monti.lt\/wp-content\/uploads\/2022\/03\/montilogo-1.png\",\"width\":512,\"height\":512,\"caption\":\"Montessori \u017eaislai\"},\"image\":{\"@id\":\"https:\/\/monti.lt\/#\/schema\/logo\/image\/\"}}]}<\/script>\n<!-- \/ Yoast SEO plugin. -->","yoast_head_json":{"title":"\u017daislinis virtuv\u0117s reikmen\u0173 rinkinys, 32 dalys - Montessori \u017eaislai","robots":{"index":"index","follow":"follow","max-snippet":"max-snippet:-1","max-image-preview":"max-image-preview:large","max-video-preview":"max-video-preview:-1"},"canonical":"https:\/\/monti.lt\/en\/product\/zaislinis-virtuves-reikmenu-rinkinys-32-dalys\/","og_locale":"en_US","og_type":"article","og_title":"\u017daislinis virtuv\u0117s reikmen\u0173 rinkinys, 32 dalys - Montessori \u017eaislai","og_description":"KRUZZEL 32 dali\u0173 vaiki\u0161ki puodai, virtuv\u0117s reikmenys, virtuv\u0117s komplektas dovanai&nbsp; &nbsp;&nbsp;palaiko kasdien\u012f vaiko vystym\u0105si&nbsp;&nbsp;&nbsp;\u2013 virtuv\u0117s \u017eaidim\u0173 rinkinys yra prakti\u0161kas ir lavinamasis \u017eaislas, kuris&nbsp;&nbsp;&nbsp;padeda vaikams lavinti rankinius \u012fg\u016bd\u017eius, vaizduot\u0119, vaidmen\u0173 \u017eaidimo \u012fg\u016bd\u017eius ir kasdieni\u0173 pareig\u0173 \u017einias &nbsp;&nbsp;daug \u012fdomi\u0173 galimybi\u0173 viename rinkinyje&nbsp;&nbsp;&nbsp;\u2013 \u012fvair\u016bs priedai, tokie kaip puodai, keptuv\u0117s, stalo \u012frankiai, dar\u017eov\u0117s ir prieskoniai,&nbsp;&nbsp;&nbsp;sudaryti vaikui s\u0105lygas ruo\u0161ti \u201epatiekalus\u201c, [&hellip;]","og_url":"https:\/\/monti.lt\/en\/product\/zaislinis-virtuves-reikmenu-rinkinys-32-dalys\/","og_site_name":"Montessori \u017eaislai","article_modified_time":"2026-03-02T06:26:01+00:00","og_image":[{"width":500,"height":500,"url":"https:\/\/monti.lt\/wp-content\/uploads\/2025\/09\/lit_pl_Kruzzel-26330-32-daliu-virtuves-reikmenu-rinkinys-18486_14.jpg","type":"image\/jpeg"}],"twitter_card":"summary_large_image","twitter_misc":{"Est. reading time":"2 minutes"},"schema":{"@context":"https:\/\/schema.org","@graph":[{"@type":"WebPage","@id":"https:\/\/monti.lt\/product\/zaislinis-virtuves-reikmenu-rinkinys-32-dalys\/","url":"https:\/\/monti.lt\/product\/zaislinis-virtuves-reikmenu-rinkinys-32-dalys\/","name":"\u017daislinis virtuv\u0117s reikmen\u0173 rinkinys, 32 dalys - Montessori \u017eaislai","isPartOf":{"@id":"https:\/\/monti.lt\/#website"},"primaryImageOfPage":{"@id":"https:\/\/monti.lt\/product\/zaislinis-virtuves-reikmenu-rinkinys-32-dalys\/#primaryimage"},"image":{"@id":"https:\/\/monti.lt\/product\/zaislinis-virtuves-reikmenu-rinkinys-32-dalys\/#primaryimage"},"thumbnailUrl":"https:\/\/monti.lt\/wp-content\/uploads\/2025\/09\/lit_pl_Kruzzel-26330-32-daliu-virtuves-reikmenu-rinkinys-18486_14.jpg","datePublished":"2025-09-29T07:47:26+00:00","dateModified":"2026-03-02T06:26:01+00:00","breadcrumb":{"@id":"https:\/\/monti.lt\/product\/zaislinis-virtuves-reikmenu-rinkinys-32-dalys\/#breadcrumb"},"inLanguage":"en-US","potentialAction":[{"@type":"ReadAction","target":["https:\/\/monti.lt\/product\/zaislinis-virtuves-reikmenu-rinkinys-32-dalys\/"]}]},{"@type":"ImageObject","inLanguage":"en-US","@id":"https:\/\/monti.lt\/product\/zaislinis-virtuves-reikmenu-rinkinys-32-dalys\/#primaryimage","url":"https:\/\/monti.lt\/wp-content\/uploads\/2025\/09\/lit_pl_Kruzzel-26330-32-daliu-virtuves-reikmenu-rinkinys-18486_14.jpg","contentUrl":"https:\/\/monti.lt\/wp-content\/uploads\/2025\/09\/lit_pl_Kruzzel-26330-32-daliu-virtuves-reikmenu-rinkinys-18486_14.jpg","width":500,"height":500,"caption":"zaisliniai puodai"},{"@type":"BreadcrumbList","@id":"https:\/\/monti.lt\/product\/zaislinis-virtuves-reikmenu-rinkinys-32-dalys\/#breadcrumb","itemListElement":[{"@type":"ListItem","position":1,"name":"Home","item":"https:\/\/monti.lt\/"},{"@type":"ListItem","position":2,"name":"Parduotuv\u0117","item":"https:\/\/monti.lt\/shop\/"},{"@type":"ListItem","position":3,"name":"\u017daislinis virtuv\u0117s reikmen\u0173 rinkinys, 32 dalys"}]},{"@type":"WebSite","@id":"https:\/\/monti.lt\/#website","url":"https:\/\/monti.lt\/","name":"Montessori \u017eaislai","description":"","publisher":{"@id":"https:\/\/monti.lt\/#organization"},"potentialAction":[{"@type":"SearchAction","target":{"@type":"EntryPoint","urlTemplate":"https:\/\/monti.lt\/?s={search_term_string}"},"query-input":"required name=search_term_string"}],"inLanguage":"en-US"},{"@type":"Organization","@id":"https:\/\/monti.lt\/#organization","name":"Montessori \u017eaislai","url":"https:\/\/monti.lt\/","logo":{"@type":"ImageObject","inLanguage":"en-US","@id":"https:\/\/monti.lt\/#\/schema\/logo\/image\/","url":"https:\/\/monti.lt\/wp-content\/uploads\/2022\/03\/montilogo-1.png","contentUrl":"https:\/\/monti.lt\/wp-content\/uploads\/2022\/03\/montilogo-1.png","width":512,"height":512,"caption":"Montessori \u017eaislai"},"image":{"@id":"https:\/\/monti.lt\/#\/schema\/logo\/image\/"}}]}},"_links":{"self":[{"href":"https:\/\/monti.lt\/en\/wp-json\/wp\/v2\/product\/33575"}],"collection":[{"href":"https:\/\/monti.lt\/en\/wp-json\/wp\/v2\/product"}],"about":[{"href":"https:\/\/monti.lt\/en\/wp-json\/wp\/v2\/types\/product"}],"version-history":[{"count":1,"href":"https:\/\/monti.lt\/en\/wp-json\/wp\/v2\/product\/33575\/revisions"}],"predecessor-version":[{"id":33577,"href":"https:\/\/monti.lt\/en\/wp-json\/wp\/v2\/product\/33575\/revisions\/33577"}],"wp:featuredmedia":[{"embeddable":true,"href":"https:\/\/monti.lt\/en\/wp-json\/wp\/v2\/media\/33576"}],"wp:attachment":[{"href":"https:\/\/monti.lt\/en\/wp-json\/wp\/v2\/media?parent=33575"}],"wp:term":[{"taxonomy":"product_cat","embeddable":true,"href":"https:\/\/monti.lt\/en\/wp-json\/wp\/v2\/product_cat?post=33575"},{"taxonomy":"product_tag","embeddable":true,"href":"https:\/\/monti.lt\/en\/wp-json\/wp\/v2\/product_tag?post=33575"}],"curies":[{"name":"wp","href":"https:\/\/api.w.org\/{rel}","templated":true}]}}