{"id":33578,"date":"2025-09-29T07:49:33","date_gmt":"2025-09-29T07:49:33","guid":{"rendered":"https:\/\/monti.lt\/?post_type=product&#038;p=33578"},"modified":"2026-04-12T15:56:09","modified_gmt":"2026-04-12T15:56:09","slug":"serveteliu-rusiavimo-zaidimas","status":"publish","type":"product","link":"https:\/\/monti.lt\/en\/product\/serveteliu-rusiavimo-zaidimas\/","title":{"rendered":"Servet\u0117li\u0173 r\u016b\u0161iavimo \u017eaidimas"},"content":{"rendered":"<h1 class=\"wp-block-heading\">R\u016b\u0161iavimo d\u0117\u017eut\u0117 su pliu\u0161in\u0117mis servet\u0117l\u0117mis, Montessori sensorin\u0117 sistema vaikams nuo 0 met\u0173 &#8211; mokymasis per \u017eaidim\u0105 KRUZZEL!&nbsp;<\/h1>\n\n\n\n<p>&nbsp;&nbsp;<strong>palaiko kasdien\u012f vaiko vystym\u0105si<\/strong>&nbsp;&nbsp;&nbsp;&#8211; r\u016b\u0161iavimo d\u0117\u017e\u0117 audinio d\u0117\u017eut\u0117s su servet\u0117l\u0117mis pavidalu yra&nbsp;&nbsp;&nbsp;<strong>prakti\u0161kas ir lavinamasis \u017eaislas<\/strong>&nbsp;, padedantis ma\u017eiausiems lavinti savo gyvenim\u0105&nbsp;&nbsp;&nbsp;<strong>rankinius \u012fg\u016bd\u017eius, aki\u0173 ir rank\u0173 koordinacij\u0105<\/strong>&nbsp;, taip pat moko&nbsp;&nbsp;&nbsp;<strong>spalv\u0173, tekst\u016br\u0173 ir sek\u0173 atpa\u017einimas<\/strong><\/p>\n\n\n\n<p>&nbsp;&nbsp;<strong>turtingas dizainas &#8211;&nbsp;&nbsp;<\/strong>&nbsp;D\u0117l spalving\u0173 gyv\u016bn\u0173 iliustracij\u0173, \u012fvairi\u0173 ra\u0161t\u0173 ir temini\u0173 motyv\u0173 vaikas&nbsp;&nbsp;&nbsp;<strong>i\u0161moksta atpa\u017einti gyv\u016bnus, spalvas ir aplink\u0105, kurioje jie gyvena, mokymasis tampa nat\u016bralia \u017eaidimo dalimi<\/strong><\/p>\n\n\n\n<p><strong>puikiai tinka dovanai<\/strong>&nbsp;&nbsp;&nbsp;&#8211; esteti\u0161ka i\u0161vaizda, ry\u0161kios spalvos ir edukacinis pob\u016bdis suteikia jam&nbsp;&nbsp;&nbsp;<strong>r\u016b\u0161iuokl\u0117 yra puikus pasirinkimas kaip dovana vaikui<\/strong><\/p>\n\n\n\n<h2 class=\"wp-block-heading\">KRUZZEL servet\u0117li\u0173 r\u016b\u0161iavimo d\u0117\u017e\u0117s specifikacijos:<\/h2>\n\n\n\n<ul class=\"wp-block-list\">\n<li>atitinka Europos standartus<\/li>\n\n\n\n<li>vystymasis per \u017eaidim\u0105<\/li>\n\n\n\n<li>mink\u0161ta, med\u017eiagin\u0117 d\u0117\u017eut\u0117<\/li>\n\n\n\n<li>palaiko sensorin\u012f ir motorin\u012f vystym\u0105si<\/li>\n\n\n\n<li>Spalvingi ra\u0161tai stimuliuoja reg\u0117jim\u0105<\/li>\n\n\n\n<li>i\u0161mokti atpa\u017einti gyv\u016bn\u0173 spalvas, formas ir pavadinimus<\/li>\n\n\n\n<li>Rankini\u0173 \u012fg\u016bd\u017ei\u0173 lavinimas: su\u0117mimas ir traukimas<\/li>\n\n\n\n<li>ry\u0161kios spalvos<\/li>\n\n\n\n<li>vaikams: 0+<\/li>\n\n\n\n<li>Matmenys: 7,5 x 11,5 x 19,5 cm<\/li>\n\n\n\n<li>svoris: 0,082 kg<\/li>\n\n\n\n<li>Svoris pakuot\u0117je: 0,104 kg<\/li>\n\n\n\n<li>prek\u0117s \u017eenklas: KRUZZEL<\/li>\n\n\n\n<li>spalva: daugiaspalv\u0117<\/li>\n\n\n\n<li>med\u017eiaga: neaustinis audinys, pluo\u0161tas<\/li>\n<\/ul>\n\n\n\n<h2 class=\"wp-block-heading\">\u012e komplekt\u0105 \u012feina:<\/h2>\n\n\n\n<ul class=\"wp-block-list\">\n<li>d\u0117\u017eut\u0117<\/li>\n\n\n\n<li>3 ra\u0161tuotos nosinait\u0117s<\/li>\n\n\n\n<li>spalvingi audiniai<\/li>\n\n\n\n<li>vartotojo vadovas<\/li>\n\n\n\n<li>pakuot\u0117<\/li>\n<\/ul>\n\n\n\n<p><strong>GAMINTOJAS:<\/strong><\/p>\n\n\n\n<p>ISO TRADE Sp\u00f3\u0142ka z o.o.<br>Gniewomierz 173<br>59-241 Legnickie Pole, Polska<br><br>office@iso-trade.biz<\/p>\n\n\n\n<p><strong>ATSAKINGAS ASMUO ES:<\/strong><\/p>\n\n\n\n<p>IsoTrade<\/p>\n\n\n\n<p><strong>\u012eSP\u0116JIMO TURINYS:<\/strong><\/p>\n\n\n\n<p>&#8211; Rekomenduojamas am\u017eius nuo 0 met\u0173.<br>&#8211; Naudoti tik pri\u017ei\u016brint suaugusiesiems.<br>&#8211; Prie\u0161 kiekvien\u0105 naudojim\u0105 patikrinkite \u017eaislo b\u016bkl\u0119 \u2013 jei yra pa\u017eeidim\u0173 (pvz., suply\u0161usios si\u016bl\u0117s, atsilaisvinusios dalys), jo nebenaudokite.<br>&#8211; Neleiskite \u017eaislo ar jo dali\u0173 ki\u0161ti \u012f burn\u0105 \u2013 nors gaminys neturi smulki\u0173 dali\u0173, yra pavojus u\u017espringti.<br>&#8211; \u017daisl\u0105 reikia reguliariai valyti pagal gamintojo rekomendacijas.<br>&#8211; Nepalikite \u017eaislo be prie\u017ei\u016bros k\u016bdikio lovel\u0117je \u2013 jis gali u\u017edengti k\u016bdikio kv\u0117pavimo takus.<br>&#8211; Laikyti atokiau nuo \u0161ilumos \u0161altini\u0173 ir atviros liepsnos.<br>&#8211; Prie\u0161 duodami \u017eaisl\u0105 vaikui, nuimkite visas pakuot\u0117s dalis \u2013 pakuot\u0117 n\u0117ra \u017eaislo dalis.<br>&#8211; Naudoti pagal paskirt\u012f.<\/p>","protected":false},"excerpt":{"rendered":"<p>R\u016b\u0161iavimo d\u0117\u017eut\u0117 su pliu\u0161in\u0117mis servet\u0117l\u0117mis, Montessori sensorin\u0117 sistema vaikams nuo 0 met\u0173 &#8211; mokymasis per \u017eaidim\u0105 KRUZZEL!&nbsp; &nbsp;&nbsp;palaiko kasdien\u012f vaiko vystym\u0105si&nbsp;&nbsp;&nbsp;&#8211; r\u016b\u0161iavimo d\u0117\u017e\u0117 audinio d\u0117\u017eut\u0117s su servet\u0117l\u0117mis pavidalu yra&nbsp;&nbsp;&nbsp;prakti\u0161kas ir lavinamasis \u017eaislas&nbsp;, padedantis ma\u017eiausiems lavinti savo gyvenim\u0105&nbsp;&nbsp;&nbsp;rankinius \u012fg\u016bd\u017eius, aki\u0173 ir rank\u0173 koordinacij\u0105&nbsp;, taip pat moko&nbsp;&nbsp;&nbsp;spalv\u0173, tekst\u016br\u0173 ir sek\u0173 atpa\u017einimas &nbsp;&nbsp;turtingas dizainas &#8211;&nbsp;&nbsp;&nbsp;D\u0117l spalving\u0173 gyv\u016bn\u0173 iliustracij\u0173, [&hellip;]<\/p>","protected":false},"featured_media":33579,"template":"","meta":{"_acf_changed":false,"iawp_total_views":2528},"product_cat":[193,200,191,84,91,86,49,39],"product_tag":[95,94],"class_list":{"0":"post-33578","1":"product","2":"type-product","3":"status-publish","4":"has-post-thumbnail","6":"product_cat-dovanos-vaikams-1-2-metu","7":"product_cat-dovanos-kudikiams","8":"product_cat-dovanos-vaikams","9":"product_cat-lavinamieji-zaislai","10":"product_cat-loginiam-mastymui","11":"product_cat-smulkioji-motorika","12":"product_cat-visi-zaislai","13":"product_cat-zaislai","14":"product_tag-1-m-2-m","15":"product_tag-iki-1-m","17":"first","18":"outofstock","19":"featured","20":"taxable","21":"shipping-taxable","22":"purchasable","23":"product-type-simple"},"acf":[],"yoast_head":"<!-- This site is optimized with the Yoast SEO plugin v23.3 - https:\/\/yoast.com\/wordpress\/plugins\/seo\/ -->\n<title>Servet\u0117li\u0173 r\u016b\u0161iavimo \u017eaidimas - Montessori \u017eaislai<\/title>\n<meta name=\"robots\" content=\"index, follow, max-snippet:-1, max-image-preview:large, max-video-preview:-1\" \/>\n<link rel=\"canonical\" href=\"https:\/\/monti.lt\/en\/product\/serveteliu-rusiavimo-zaidimas\/\" \/>\n<meta property=\"og:locale\" content=\"en_US\" \/>\n<meta property=\"og:type\" content=\"article\" \/>\n<meta property=\"og:title\" content=\"Servet\u0117li\u0173 r\u016b\u0161iavimo \u017eaidimas - Montessori \u017eaislai\" \/>\n<meta property=\"og:description\" content=\"R\u016b\u0161iavimo d\u0117\u017eut\u0117 su pliu\u0161in\u0117mis servet\u0117l\u0117mis, Montessori sensorin\u0117 sistema vaikams nuo 0 met\u0173 &#8211; mokymasis per \u017eaidim\u0105 KRUZZEL!&nbsp; &nbsp;&nbsp;palaiko kasdien\u012f vaiko vystym\u0105si&nbsp;&nbsp;&nbsp;&#8211; r\u016b\u0161iavimo d\u0117\u017e\u0117 audinio d\u0117\u017eut\u0117s su servet\u0117l\u0117mis pavidalu yra&nbsp;&nbsp;&nbsp;prakti\u0161kas ir lavinamasis \u017eaislas&nbsp;, padedantis ma\u017eiausiems lavinti savo gyvenim\u0105&nbsp;&nbsp;&nbsp;rankinius \u012fg\u016bd\u017eius, aki\u0173 ir rank\u0173 koordinacij\u0105&nbsp;, taip pat moko&nbsp;&nbsp;&nbsp;spalv\u0173, tekst\u016br\u0173 ir sek\u0173 atpa\u017einimas &nbsp;&nbsp;turtingas dizainas &#8211;&nbsp;&nbsp;&nbsp;D\u0117l spalving\u0173 gyv\u016bn\u0173 iliustracij\u0173, [&hellip;]\" \/>\n<meta property=\"og:url\" content=\"https:\/\/monti.lt\/en\/product\/serveteliu-rusiavimo-zaidimas\/\" \/>\n<meta property=\"og:site_name\" content=\"Montessori \u017eaislai\" \/>\n<meta property=\"article:modified_time\" content=\"2026-04-12T15:56:09+00:00\" \/>\n<meta property=\"og:image\" content=\"https:\/\/monti.lt\/wp-content\/uploads\/2025\/09\/lit_pl_-Kruzzel-26289-serveteliu-deziu-rusiavimo-irenginys-18475_12.jpg\" \/>\n\t<meta property=\"og:image:width\" content=\"500\" \/>\n\t<meta property=\"og:image:height\" content=\"500\" \/>\n\t<meta property=\"og:image:type\" content=\"image\/jpeg\" \/>\n<meta name=\"twitter:card\" content=\"summary_large_image\" \/>\n<meta name=\"twitter:label1\" content=\"Est. reading time\" \/>\n\t<meta name=\"twitter:data1\" content=\"2 minutes\" \/>\n<script type=\"application\/ld+json\" class=\"yoast-schema-graph\">{\"@context\":\"https:\/\/schema.org\",\"@graph\":[{\"@type\":\"WebPage\",\"@id\":\"https:\/\/monti.lt\/product\/serveteliu-rusiavimo-zaidimas\/\",\"url\":\"https:\/\/monti.lt\/product\/serveteliu-rusiavimo-zaidimas\/\",\"name\":\"Servet\u0117li\u0173 r\u016b\u0161iavimo \u017eaidimas - Montessori \u017eaislai\",\"isPartOf\":{\"@id\":\"https:\/\/monti.lt\/#website\"},\"primaryImageOfPage\":{\"@id\":\"https:\/\/monti.lt\/product\/serveteliu-rusiavimo-zaidimas\/#primaryimage\"},\"image\":{\"@id\":\"https:\/\/monti.lt\/product\/serveteliu-rusiavimo-zaidimas\/#primaryimage\"},\"thumbnailUrl\":\"https:\/\/monti.lt\/wp-content\/uploads\/2025\/09\/lit_pl_-Kruzzel-26289-serveteliu-deziu-rusiavimo-irenginys-18475_12.jpg\",\"datePublished\":\"2025-09-29T07:49:33+00:00\",\"dateModified\":\"2026-04-12T15:56:09+00:00\",\"breadcrumb\":{\"@id\":\"https:\/\/monti.lt\/product\/serveteliu-rusiavimo-zaidimas\/#breadcrumb\"},\"inLanguage\":\"en-US\",\"potentialAction\":[{\"@type\":\"ReadAction\",\"target\":[\"https:\/\/monti.lt\/product\/serveteliu-rusiavimo-zaidimas\/\"]}]},{\"@type\":\"ImageObject\",\"inLanguage\":\"en-US\",\"@id\":\"https:\/\/monti.lt\/product\/serveteliu-rusiavimo-zaidimas\/#primaryimage\",\"url\":\"https:\/\/monti.lt\/wp-content\/uploads\/2025\/09\/lit_pl_-Kruzzel-26289-serveteliu-deziu-rusiavimo-irenginys-18475_12.jpg\",\"contentUrl\":\"https:\/\/monti.lt\/wp-content\/uploads\/2025\/09\/lit_pl_-Kruzzel-26289-serveteliu-deziu-rusiavimo-irenginys-18475_12.jpg\",\"width\":500,\"height\":500,\"caption\":\"serveteles kudikiui\"},{\"@type\":\"BreadcrumbList\",\"@id\":\"https:\/\/monti.lt\/product\/serveteliu-rusiavimo-zaidimas\/#breadcrumb\",\"itemListElement\":[{\"@type\":\"ListItem\",\"position\":1,\"name\":\"Home\",\"item\":\"https:\/\/monti.lt\/\"},{\"@type\":\"ListItem\",\"position\":2,\"name\":\"Parduotuv\u0117\",\"item\":\"https:\/\/monti.lt\/shop\/\"},{\"@type\":\"ListItem\",\"position\":3,\"name\":\"Servet\u0117li\u0173 r\u016b\u0161iavimo \u017eaidimas\"}]},{\"@type\":\"WebSite\",\"@id\":\"https:\/\/monti.lt\/#website\",\"url\":\"https:\/\/monti.lt\/\",\"name\":\"Montessori \u017eaislai\",\"description\":\"\",\"publisher\":{\"@id\":\"https:\/\/monti.lt\/#organization\"},\"potentialAction\":[{\"@type\":\"SearchAction\",\"target\":{\"@type\":\"EntryPoint\",\"urlTemplate\":\"https:\/\/monti.lt\/?s={search_term_string}\"},\"query-input\":\"required name=search_term_string\"}],\"inLanguage\":\"en-US\"},{\"@type\":\"Organization\",\"@id\":\"https:\/\/monti.lt\/#organization\",\"name\":\"Montessori \u017eaislai\",\"url\":\"https:\/\/monti.lt\/\",\"logo\":{\"@type\":\"ImageObject\",\"inLanguage\":\"en-US\",\"@id\":\"https:\/\/monti.lt\/#\/schema\/logo\/image\/\",\"url\":\"https:\/\/monti.lt\/wp-content\/uploads\/2022\/03\/montilogo-1.png\",\"contentUrl\":\"https:\/\/monti.lt\/wp-content\/uploads\/2022\/03\/montilogo-1.png\",\"width\":512,\"height\":512,\"caption\":\"Montessori \u017eaislai\"},\"image\":{\"@id\":\"https:\/\/monti.lt\/#\/schema\/logo\/image\/\"}}]}<\/script>\n<!-- \/ Yoast SEO plugin. -->","yoast_head_json":{"title":"Servet\u0117li\u0173 r\u016b\u0161iavimo \u017eaidimas - Montessori \u017eaislai","robots":{"index":"index","follow":"follow","max-snippet":"max-snippet:-1","max-image-preview":"max-image-preview:large","max-video-preview":"max-video-preview:-1"},"canonical":"https:\/\/monti.lt\/en\/product\/serveteliu-rusiavimo-zaidimas\/","og_locale":"en_US","og_type":"article","og_title":"Servet\u0117li\u0173 r\u016b\u0161iavimo \u017eaidimas - Montessori \u017eaislai","og_description":"R\u016b\u0161iavimo d\u0117\u017eut\u0117 su pliu\u0161in\u0117mis servet\u0117l\u0117mis, Montessori sensorin\u0117 sistema vaikams nuo 0 met\u0173 &#8211; mokymasis per \u017eaidim\u0105 KRUZZEL!&nbsp; &nbsp;&nbsp;palaiko kasdien\u012f vaiko vystym\u0105si&nbsp;&nbsp;&nbsp;&#8211; r\u016b\u0161iavimo d\u0117\u017e\u0117 audinio d\u0117\u017eut\u0117s su servet\u0117l\u0117mis pavidalu yra&nbsp;&nbsp;&nbsp;prakti\u0161kas ir lavinamasis \u017eaislas&nbsp;, padedantis ma\u017eiausiems lavinti savo gyvenim\u0105&nbsp;&nbsp;&nbsp;rankinius \u012fg\u016bd\u017eius, aki\u0173 ir rank\u0173 koordinacij\u0105&nbsp;, taip pat moko&nbsp;&nbsp;&nbsp;spalv\u0173, tekst\u016br\u0173 ir sek\u0173 atpa\u017einimas &nbsp;&nbsp;turtingas dizainas &#8211;&nbsp;&nbsp;&nbsp;D\u0117l spalving\u0173 gyv\u016bn\u0173 iliustracij\u0173, [&hellip;]","og_url":"https:\/\/monti.lt\/en\/product\/serveteliu-rusiavimo-zaidimas\/","og_site_name":"Montessori \u017eaislai","article_modified_time":"2026-04-12T15:56:09+00:00","og_image":[{"width":500,"height":500,"url":"https:\/\/monti.lt\/wp-content\/uploads\/2025\/09\/lit_pl_-Kruzzel-26289-serveteliu-deziu-rusiavimo-irenginys-18475_12.jpg","type":"image\/jpeg"}],"twitter_card":"summary_large_image","twitter_misc":{"Est. reading time":"2 minutes"},"schema":{"@context":"https:\/\/schema.org","@graph":[{"@type":"WebPage","@id":"https:\/\/monti.lt\/product\/serveteliu-rusiavimo-zaidimas\/","url":"https:\/\/monti.lt\/product\/serveteliu-rusiavimo-zaidimas\/","name":"Servet\u0117li\u0173 r\u016b\u0161iavimo \u017eaidimas - Montessori \u017eaislai","isPartOf":{"@id":"https:\/\/monti.lt\/#website"},"primaryImageOfPage":{"@id":"https:\/\/monti.lt\/product\/serveteliu-rusiavimo-zaidimas\/#primaryimage"},"image":{"@id":"https:\/\/monti.lt\/product\/serveteliu-rusiavimo-zaidimas\/#primaryimage"},"thumbnailUrl":"https:\/\/monti.lt\/wp-content\/uploads\/2025\/09\/lit_pl_-Kruzzel-26289-serveteliu-deziu-rusiavimo-irenginys-18475_12.jpg","datePublished":"2025-09-29T07:49:33+00:00","dateModified":"2026-04-12T15:56:09+00:00","breadcrumb":{"@id":"https:\/\/monti.lt\/product\/serveteliu-rusiavimo-zaidimas\/#breadcrumb"},"inLanguage":"en-US","potentialAction":[{"@type":"ReadAction","target":["https:\/\/monti.lt\/product\/serveteliu-rusiavimo-zaidimas\/"]}]},{"@type":"ImageObject","inLanguage":"en-US","@id":"https:\/\/monti.lt\/product\/serveteliu-rusiavimo-zaidimas\/#primaryimage","url":"https:\/\/monti.lt\/wp-content\/uploads\/2025\/09\/lit_pl_-Kruzzel-26289-serveteliu-deziu-rusiavimo-irenginys-18475_12.jpg","contentUrl":"https:\/\/monti.lt\/wp-content\/uploads\/2025\/09\/lit_pl_-Kruzzel-26289-serveteliu-deziu-rusiavimo-irenginys-18475_12.jpg","width":500,"height":500,"caption":"serveteles kudikiui"},{"@type":"BreadcrumbList","@id":"https:\/\/monti.lt\/product\/serveteliu-rusiavimo-zaidimas\/#breadcrumb","itemListElement":[{"@type":"ListItem","position":1,"name":"Home","item":"https:\/\/monti.lt\/"},{"@type":"ListItem","position":2,"name":"Parduotuv\u0117","item":"https:\/\/monti.lt\/shop\/"},{"@type":"ListItem","position":3,"name":"Servet\u0117li\u0173 r\u016b\u0161iavimo \u017eaidimas"}]},{"@type":"WebSite","@id":"https:\/\/monti.lt\/#website","url":"https:\/\/monti.lt\/","name":"Montessori \u017eaislai","description":"","publisher":{"@id":"https:\/\/monti.lt\/#organization"},"potentialAction":[{"@type":"SearchAction","target":{"@type":"EntryPoint","urlTemplate":"https:\/\/monti.lt\/?s={search_term_string}"},"query-input":"required name=search_term_string"}],"inLanguage":"en-US"},{"@type":"Organization","@id":"https:\/\/monti.lt\/#organization","name":"Montessori \u017eaislai","url":"https:\/\/monti.lt\/","logo":{"@type":"ImageObject","inLanguage":"en-US","@id":"https:\/\/monti.lt\/#\/schema\/logo\/image\/","url":"https:\/\/monti.lt\/wp-content\/uploads\/2022\/03\/montilogo-1.png","contentUrl":"https:\/\/monti.lt\/wp-content\/uploads\/2022\/03\/montilogo-1.png","width":512,"height":512,"caption":"Montessori \u017eaislai"},"image":{"@id":"https:\/\/monti.lt\/#\/schema\/logo\/image\/"}}]}},"_links":{"self":[{"href":"https:\/\/monti.lt\/en\/wp-json\/wp\/v2\/product\/33578"}],"collection":[{"href":"https:\/\/monti.lt\/en\/wp-json\/wp\/v2\/product"}],"about":[{"href":"https:\/\/monti.lt\/en\/wp-json\/wp\/v2\/types\/product"}],"version-history":[{"count":1,"href":"https:\/\/monti.lt\/en\/wp-json\/wp\/v2\/product\/33578\/revisions"}],"predecessor-version":[{"id":33586,"href":"https:\/\/monti.lt\/en\/wp-json\/wp\/v2\/product\/33578\/revisions\/33586"}],"wp:featuredmedia":[{"embeddable":true,"href":"https:\/\/monti.lt\/en\/wp-json\/wp\/v2\/media\/33579"}],"wp:attachment":[{"href":"https:\/\/monti.lt\/en\/wp-json\/wp\/v2\/media?parent=33578"}],"wp:term":[{"taxonomy":"product_cat","embeddable":true,"href":"https:\/\/monti.lt\/en\/wp-json\/wp\/v2\/product_cat?post=33578"},{"taxonomy":"product_tag","embeddable":true,"href":"https:\/\/monti.lt\/en\/wp-json\/wp\/v2\/product_tag?post=33578"}],"curies":[{"name":"wp","href":"https:\/\/api.w.org\/{rel}","templated":true}]}}