{"id":33602,"date":"2025-09-30T09:26:18","date_gmt":"2025-09-30T09:26:18","guid":{"rendered":"https:\/\/monti.lt\/?post_type=product&#038;p=33602"},"modified":"2025-11-24T18:42:32","modified_gmt":"2025-11-24T18:42:32","slug":"edukacinis-zaidimas-elektra","status":"publish","type":"product","link":"https:\/\/monti.lt\/en\/product\/edukacinis-zaidimas-elektra\/","title":{"rendered":"Edukacinis \u017eaidimas &#8220;Elektra&#8221;"},"content":{"rendered":"<p>Mokomasis rinkinys \u201eSMART ELECTRICITY\u201c.<br>Mokomasis rinkinys ma\u017eiesiems elektronikos m\u0117g\u0117jams ugdo \u017einias, m\u0105stym\u0105, k\u016brybi\u0161kum\u0105 ir garantuoja puik\u0173 laik\u0105. J\u016bs\u0173 vaikas i\u0161moks elektronikos ir elektros pagrind\u0173, pavyzd\u017eiui, kaip prijungti lemput\u0119, garsiakalb\u012f ir pan. \u0160is elektronikos rinkinys susideda i\u0161 keli\u0173 elektros komponent\u0173 ir skirtingo ilgio laid\u0173. Kiekvienas elementas turi tam tikr\u0105 simbol\u012f, kuris palengvina vis\u0173 elektronini\u0173 schem\u0173 sujungim\u0105.<\/p>\n\n\n\n<p>Rinkinyje yra:<\/p>\n\n\n\n<ul class=\"wp-block-list\">\n<li>Plastikin\u0119 baz\u0119, kurios matmenys 19,5 x 14 cm<\/li>\n\n\n\n<li>V\u0117jo mal\u016bn\u0105, kurio skersmuo 8 cm<\/li>\n\n\n\n<li>Baterij\u0105 (maitinimo \u0161altin\u012f)<\/li>\n\n\n\n<li>Jungtis<\/li>\n\n\n\n<li>Stiklin\u012f vamzdel\u012f<\/li>\n\n\n\n<li>Plastikin\u012f plunksn\u0105<\/li>\n<\/ul>\n\n\n\n<p>Po surinkimo ir baterijos, v\u0117jo mal\u016bno, plunksnos ir stiklinio vamzdelio prijungimo, jie \u0161vie\u010dia spalvotai.<br>Rinkinys skatina kiekvien\u0105 ma\u017e\u0105 elektrik\u0105 gerai mokytis ir smagiai leisti laik\u0105.<\/p>\n\n\n\n<p>Rinkinys supakuotas spalvingoje pakuot\u0117je, idealiai tinka dovanai.<\/p>\n\n\n\n<p><\/p>","protected":false},"excerpt":{"rendered":"<p>Mokomasis rinkinys \u201eSMART ELECTRICITY\u201c.Mokomasis rinkinys ma\u017eiesiems elektronikos m\u0117g\u0117jams ugdo \u017einias, m\u0105stym\u0105, k\u016brybi\u0161kum\u0105 ir garantuoja puik\u0173 laik\u0105. J\u016bs\u0173 vaikas i\u0161moks elektronikos ir elektros pagrind\u0173, pavyzd\u017eiui, kaip prijungti lemput\u0119, garsiakalb\u012f ir pan. \u0160is elektronikos rinkinys susideda i\u0161 keli\u0173 elektros komponent\u0173 ir skirtingo ilgio laid\u0173. Kiekvienas elementas turi tam tikr\u0105 simbol\u012f, kuris palengvina vis\u0173 elektronini\u0173 schem\u0173 sujungim\u0105. Rinkinyje [&hellip;]<\/p>","protected":false},"featured_media":33603,"template":"","meta":{"_acf_changed":false,"iawp_total_views":101},"product_cat":[217,197,191,84,91,90,86,49,39,215],"product_tag":[98,99],"class_list":{"0":"post-33602","1":"product","2":"type-product","3":"status-publish","4":"has-post-thumbnail","6":"product_cat-dovanos-5-7-metu-vaikams","7":"product_cat-dovanos-berniukams","8":"product_cat-dovanos-vaikams","9":"product_cat-lavinamieji-zaislai","10":"product_cat-loginiam-mastymui","11":"product_cat-pasaulio-pazinimas","12":"product_cat-smulkioji-motorika","13":"product_cat-visi-zaislai","14":"product_cat-zaislai","15":"product_cat-zaislai-berniukams","16":"product_tag-5-m-7-m","17":"product_tag-8-m-11-m","19":"first","20":"outofstock","21":"sale","22":"taxable","23":"shipping-taxable","24":"purchasable","25":"product-type-simple"},"acf":[],"yoast_head":"<!-- This site is optimized with the Yoast SEO plugin v23.3 - https:\/\/yoast.com\/wordpress\/plugins\/seo\/ -->\n<title>Edukacinis \u017eaidimas &quot;Elektra&quot; - Montessori \u017eaislai<\/title>\n<meta name=\"robots\" content=\"index, follow, max-snippet:-1, max-image-preview:large, max-video-preview:-1\" \/>\n<link rel=\"canonical\" href=\"https:\/\/monti.lt\/en\/product\/edukacinis-zaidimas-elektra\/\" \/>\n<meta property=\"og:locale\" content=\"en_US\" \/>\n<meta property=\"og:type\" content=\"article\" \/>\n<meta property=\"og:title\" content=\"Edukacinis \u017eaidimas &quot;Elektra&quot; - Montessori \u017eaislai\" \/>\n<meta property=\"og:description\" content=\"Mokomasis rinkinys \u201eSMART ELECTRICITY\u201c.Mokomasis rinkinys ma\u017eiesiems elektronikos m\u0117g\u0117jams ugdo \u017einias, m\u0105stym\u0105, k\u016brybi\u0161kum\u0105 ir garantuoja puik\u0173 laik\u0105. J\u016bs\u0173 vaikas i\u0161moks elektronikos ir elektros pagrind\u0173, pavyzd\u017eiui, kaip prijungti lemput\u0119, garsiakalb\u012f ir pan. \u0160is elektronikos rinkinys susideda i\u0161 keli\u0173 elektros komponent\u0173 ir skirtingo ilgio laid\u0173. Kiekvienas elementas turi tam tikr\u0105 simbol\u012f, kuris palengvina vis\u0173 elektronini\u0173 schem\u0173 sujungim\u0105. Rinkinyje [&hellip;]\" \/>\n<meta property=\"og:url\" content=\"https:\/\/monti.lt\/en\/product\/edukacinis-zaidimas-elektra\/\" \/>\n<meta property=\"og:site_name\" content=\"Montessori \u017eaislai\" \/>\n<meta property=\"article:modified_time\" content=\"2025-11-24T18:42:32+00:00\" \/>\n<meta property=\"og:image\" content=\"https:\/\/monti.lt\/wp-content\/uploads\/2025\/09\/eng_pl_LITTLE-ELEKTRONIK-glowing-educational-kit-ZA1626-11640_8.jpg\" \/>\n\t<meta property=\"og:image:width\" content=\"750\" \/>\n\t<meta property=\"og:image:height\" content=\"750\" \/>\n\t<meta property=\"og:image:type\" content=\"image\/jpeg\" \/>\n<meta name=\"twitter:card\" content=\"summary_large_image\" \/>\n<meta name=\"twitter:label1\" content=\"Est. reading time\" \/>\n\t<meta name=\"twitter:data1\" content=\"1 minute\" \/>\n<script type=\"application\/ld+json\" class=\"yoast-schema-graph\">{\"@context\":\"https:\/\/schema.org\",\"@graph\":[{\"@type\":\"WebPage\",\"@id\":\"https:\/\/monti.lt\/product\/edukacinis-zaidimas-elektra\/\",\"url\":\"https:\/\/monti.lt\/product\/edukacinis-zaidimas-elektra\/\",\"name\":\"Edukacinis \u017eaidimas \\\"Elektra\\\" - Montessori \u017eaislai\",\"isPartOf\":{\"@id\":\"https:\/\/monti.lt\/#website\"},\"primaryImageOfPage\":{\"@id\":\"https:\/\/monti.lt\/product\/edukacinis-zaidimas-elektra\/#primaryimage\"},\"image\":{\"@id\":\"https:\/\/monti.lt\/product\/edukacinis-zaidimas-elektra\/#primaryimage\"},\"thumbnailUrl\":\"https:\/\/monti.lt\/wp-content\/uploads\/2025\/09\/eng_pl_LITTLE-ELEKTRONIK-glowing-educational-kit-ZA1626-11640_8.jpg\",\"datePublished\":\"2025-09-30T09:26:18+00:00\",\"dateModified\":\"2025-11-24T18:42:32+00:00\",\"breadcrumb\":{\"@id\":\"https:\/\/monti.lt\/product\/edukacinis-zaidimas-elektra\/#breadcrumb\"},\"inLanguage\":\"en-US\",\"potentialAction\":[{\"@type\":\"ReadAction\",\"target\":[\"https:\/\/monti.lt\/product\/edukacinis-zaidimas-elektra\/\"]}]},{\"@type\":\"ImageObject\",\"inLanguage\":\"en-US\",\"@id\":\"https:\/\/monti.lt\/product\/edukacinis-zaidimas-elektra\/#primaryimage\",\"url\":\"https:\/\/monti.lt\/wp-content\/uploads\/2025\/09\/eng_pl_LITTLE-ELEKTRONIK-glowing-educational-kit-ZA1626-11640_8.jpg\",\"contentUrl\":\"https:\/\/monti.lt\/wp-content\/uploads\/2025\/09\/eng_pl_LITTLE-ELEKTRONIK-glowing-educational-kit-ZA1626-11640_8.jpg\",\"width\":750,\"height\":750,\"caption\":\"steam zaidimas\"},{\"@type\":\"BreadcrumbList\",\"@id\":\"https:\/\/monti.lt\/product\/edukacinis-zaidimas-elektra\/#breadcrumb\",\"itemListElement\":[{\"@type\":\"ListItem\",\"position\":1,\"name\":\"Home\",\"item\":\"https:\/\/monti.lt\/\"},{\"@type\":\"ListItem\",\"position\":2,\"name\":\"Parduotuv\u0117\",\"item\":\"https:\/\/monti.lt\/shop\/\"},{\"@type\":\"ListItem\",\"position\":3,\"name\":\"Edukacinis \u017eaidimas &#8220;Elektra&#8221;\"}]},{\"@type\":\"WebSite\",\"@id\":\"https:\/\/monti.lt\/#website\",\"url\":\"https:\/\/monti.lt\/\",\"name\":\"Montessori \u017eaislai\",\"description\":\"\",\"publisher\":{\"@id\":\"https:\/\/monti.lt\/#organization\"},\"potentialAction\":[{\"@type\":\"SearchAction\",\"target\":{\"@type\":\"EntryPoint\",\"urlTemplate\":\"https:\/\/monti.lt\/?s={search_term_string}\"},\"query-input\":\"required name=search_term_string\"}],\"inLanguage\":\"en-US\"},{\"@type\":\"Organization\",\"@id\":\"https:\/\/monti.lt\/#organization\",\"name\":\"Montessori \u017eaislai\",\"url\":\"https:\/\/monti.lt\/\",\"logo\":{\"@type\":\"ImageObject\",\"inLanguage\":\"en-US\",\"@id\":\"https:\/\/monti.lt\/#\/schema\/logo\/image\/\",\"url\":\"https:\/\/monti.lt\/wp-content\/uploads\/2022\/03\/montilogo-1.png\",\"contentUrl\":\"https:\/\/monti.lt\/wp-content\/uploads\/2022\/03\/montilogo-1.png\",\"width\":512,\"height\":512,\"caption\":\"Montessori \u017eaislai\"},\"image\":{\"@id\":\"https:\/\/monti.lt\/#\/schema\/logo\/image\/\"}}]}<\/script>\n<!-- \/ Yoast SEO plugin. -->","yoast_head_json":{"title":"Edukacinis \u017eaidimas \"Elektra\" - Montessori \u017eaislai","robots":{"index":"index","follow":"follow","max-snippet":"max-snippet:-1","max-image-preview":"max-image-preview:large","max-video-preview":"max-video-preview:-1"},"canonical":"https:\/\/monti.lt\/en\/product\/edukacinis-zaidimas-elektra\/","og_locale":"en_US","og_type":"article","og_title":"Edukacinis \u017eaidimas \"Elektra\" - Montessori \u017eaislai","og_description":"Mokomasis rinkinys \u201eSMART ELECTRICITY\u201c.Mokomasis rinkinys ma\u017eiesiems elektronikos m\u0117g\u0117jams ugdo \u017einias, m\u0105stym\u0105, k\u016brybi\u0161kum\u0105 ir garantuoja puik\u0173 laik\u0105. J\u016bs\u0173 vaikas i\u0161moks elektronikos ir elektros pagrind\u0173, pavyzd\u017eiui, kaip prijungti lemput\u0119, garsiakalb\u012f ir pan. \u0160is elektronikos rinkinys susideda i\u0161 keli\u0173 elektros komponent\u0173 ir skirtingo ilgio laid\u0173. Kiekvienas elementas turi tam tikr\u0105 simbol\u012f, kuris palengvina vis\u0173 elektronini\u0173 schem\u0173 sujungim\u0105. Rinkinyje [&hellip;]","og_url":"https:\/\/monti.lt\/en\/product\/edukacinis-zaidimas-elektra\/","og_site_name":"Montessori \u017eaislai","article_modified_time":"2025-11-24T18:42:32+00:00","og_image":[{"width":750,"height":750,"url":"https:\/\/monti.lt\/wp-content\/uploads\/2025\/09\/eng_pl_LITTLE-ELEKTRONIK-glowing-educational-kit-ZA1626-11640_8.jpg","type":"image\/jpeg"}],"twitter_card":"summary_large_image","twitter_misc":{"Est. reading time":"1 minute"},"schema":{"@context":"https:\/\/schema.org","@graph":[{"@type":"WebPage","@id":"https:\/\/monti.lt\/product\/edukacinis-zaidimas-elektra\/","url":"https:\/\/monti.lt\/product\/edukacinis-zaidimas-elektra\/","name":"Edukacinis \u017eaidimas \"Elektra\" - Montessori \u017eaislai","isPartOf":{"@id":"https:\/\/monti.lt\/#website"},"primaryImageOfPage":{"@id":"https:\/\/monti.lt\/product\/edukacinis-zaidimas-elektra\/#primaryimage"},"image":{"@id":"https:\/\/monti.lt\/product\/edukacinis-zaidimas-elektra\/#primaryimage"},"thumbnailUrl":"https:\/\/monti.lt\/wp-content\/uploads\/2025\/09\/eng_pl_LITTLE-ELEKTRONIK-glowing-educational-kit-ZA1626-11640_8.jpg","datePublished":"2025-09-30T09:26:18+00:00","dateModified":"2025-11-24T18:42:32+00:00","breadcrumb":{"@id":"https:\/\/monti.lt\/product\/edukacinis-zaidimas-elektra\/#breadcrumb"},"inLanguage":"en-US","potentialAction":[{"@type":"ReadAction","target":["https:\/\/monti.lt\/product\/edukacinis-zaidimas-elektra\/"]}]},{"@type":"ImageObject","inLanguage":"en-US","@id":"https:\/\/monti.lt\/product\/edukacinis-zaidimas-elektra\/#primaryimage","url":"https:\/\/monti.lt\/wp-content\/uploads\/2025\/09\/eng_pl_LITTLE-ELEKTRONIK-glowing-educational-kit-ZA1626-11640_8.jpg","contentUrl":"https:\/\/monti.lt\/wp-content\/uploads\/2025\/09\/eng_pl_LITTLE-ELEKTRONIK-glowing-educational-kit-ZA1626-11640_8.jpg","width":750,"height":750,"caption":"steam zaidimas"},{"@type":"BreadcrumbList","@id":"https:\/\/monti.lt\/product\/edukacinis-zaidimas-elektra\/#breadcrumb","itemListElement":[{"@type":"ListItem","position":1,"name":"Home","item":"https:\/\/monti.lt\/"},{"@type":"ListItem","position":2,"name":"Parduotuv\u0117","item":"https:\/\/monti.lt\/shop\/"},{"@type":"ListItem","position":3,"name":"Edukacinis \u017eaidimas &#8220;Elektra&#8221;"}]},{"@type":"WebSite","@id":"https:\/\/monti.lt\/#website","url":"https:\/\/monti.lt\/","name":"Montessori \u017eaislai","description":"","publisher":{"@id":"https:\/\/monti.lt\/#organization"},"potentialAction":[{"@type":"SearchAction","target":{"@type":"EntryPoint","urlTemplate":"https:\/\/monti.lt\/?s={search_term_string}"},"query-input":"required name=search_term_string"}],"inLanguage":"en-US"},{"@type":"Organization","@id":"https:\/\/monti.lt\/#organization","name":"Montessori \u017eaislai","url":"https:\/\/monti.lt\/","logo":{"@type":"ImageObject","inLanguage":"en-US","@id":"https:\/\/monti.lt\/#\/schema\/logo\/image\/","url":"https:\/\/monti.lt\/wp-content\/uploads\/2022\/03\/montilogo-1.png","contentUrl":"https:\/\/monti.lt\/wp-content\/uploads\/2022\/03\/montilogo-1.png","width":512,"height":512,"caption":"Montessori \u017eaislai"},"image":{"@id":"https:\/\/monti.lt\/#\/schema\/logo\/image\/"}}]}},"_links":{"self":[{"href":"https:\/\/monti.lt\/en\/wp-json\/wp\/v2\/product\/33602"}],"collection":[{"href":"https:\/\/monti.lt\/en\/wp-json\/wp\/v2\/product"}],"about":[{"href":"https:\/\/monti.lt\/en\/wp-json\/wp\/v2\/types\/product"}],"version-history":[{"count":1,"href":"https:\/\/monti.lt\/en\/wp-json\/wp\/v2\/product\/33602\/revisions"}],"predecessor-version":[{"id":33610,"href":"https:\/\/monti.lt\/en\/wp-json\/wp\/v2\/product\/33602\/revisions\/33610"}],"wp:featuredmedia":[{"embeddable":true,"href":"https:\/\/monti.lt\/en\/wp-json\/wp\/v2\/media\/33603"}],"wp:attachment":[{"href":"https:\/\/monti.lt\/en\/wp-json\/wp\/v2\/media?parent=33602"}],"wp:term":[{"taxonomy":"product_cat","embeddable":true,"href":"https:\/\/monti.lt\/en\/wp-json\/wp\/v2\/product_cat?post=33602"},{"taxonomy":"product_tag","embeddable":true,"href":"https:\/\/monti.lt\/en\/wp-json\/wp\/v2\/product_tag?post=33602"}],"curies":[{"name":"wp","href":"https:\/\/api.w.org\/{rel}","templated":true}]}}