{"id":33611,"date":"2025-09-30T09:31:50","date_gmt":"2025-09-30T09:31:50","guid":{"rendered":"https:\/\/monti.lt\/?post_type=product&#038;p=33611"},"modified":"2025-11-21T14:47:48","modified_gmt":"2025-11-21T14:47:48","slug":"sviesos-piesimo-rinkinys-su-led-vandens-teptuku","status":"publish","type":"product","link":"https:\/\/monti.lt\/en\/product\/sviesos-piesimo-rinkinys-su-led-vandens-teptuku\/","title":{"rendered":"\u0160viesos pie\u0161imo rinkinys su LED vandens teptuku"},"content":{"rendered":"<p>Magijos teptuk\u0173 rinkinys \u2013 spalvingas nuotykis be netvarkos!<\/p>\n\n\n\n<p>Atraskite novatori\u0161k\u0105 tapybos rinkin\u012f, kuris visi\u0161kai pakeis vaik\u0173 k\u016brybos b\u016bd\u0105. Magijos LED da\u017eai garantuoja linksm\u0105, k\u016brybing\u0105 \u017eaidim\u0105 be d\u0117mi\u0173 ant rank\u0173, drabu\u017ei\u0173 ar bald\u0173. \u0160is rinkinys, skirtas vaikams nuo 3 met\u0173, puikiai tinka ma\u017eiesiems menininkams, kurie m\u0117gsta tapyti, ir yra visi\u0161kai saugus.<\/p>\n\n\n\n<p>Kaip tai veikia?<br>Vietoj tradicini\u0173 da\u017e\u0173 ir vandens, rinkinyje naudojamas stebuklingas teptukas, kuris skleid\u017eia saugi\u0105, ma\u017eai energijos naudojan\u010di\u0105 LED \u0161vies\u0105. Tapoma be pigment\u0173 \u2013 spalvos atsiranda tik ant specialaus popieriaus, kuris yra rinkinyje (18 lap\u0173). Tiesiog palieskite teptuko galiuku vien\u0105 i\u0161 spalv\u0173 ta\u0161k\u0173 palet\u0117je, tada perkelkite j\u012f per popieri\u0173, kad atsirast\u0173 ry\u0161k\u016bs, stebuklingi atspalviai.<\/p>\n\n\n\n<p>Pastaba: spalvos ant lapo atsiras palaipsniui, kai bus veikiami daugiau \u0161viesos.<\/p>\n\n\n\n<p>Kas yra komplekte:<\/p>\n\n\n\n<p>Maginis teptukas su \u012fmontuota LED \u0161viesa.<br>Spalv\u0173 palet\u0117 su jutikliais, atitinkan\u010diais pasirinkt\u0105 atspalv\u012f.<br>18 lap\u0173 specialaus popieriaus, ant kurio atsiranda spalvos.<br>Teptuk\u0173 laikikliai, kad b\u016bt\u0173 lengva laikyti.<br>Kod\u0117l jums tai patiks:<\/p>\n\n\n\n<p>Be netvarkos: be vandens, be la\u0161\u0117jan\u010di\u0173 da\u017e\u0173 \u2013 tik \u0161varus ir be streso malonumas.<br>Skatina vystym\u0105si: stimuliuoja k\u016brybi\u0161kum\u0105, vaizduot\u0119, smulki\u0105j\u0105 motorik\u0105 ir rank\u0173 bei aki\u0173 koordinacij\u0105.<br>Saugus: pagamintas i\u0161 netoksini\u0173, vaikams saugi\u0173 med\u017eiag\u0173.<br>Puikiai tinka kelion\u0117ms: kompakti\u0161ka pakuot\u0117 leid\u017eia lengvai j\u012f pasiimti su savimi, be to, tai ideali dovana.<br>Komplektui reikalingos 3 x AA 1,5 V baterijos (\u012f komplekt\u0105 ne\u012feina), kurios u\u017etikrina valandas magi\u0161ko k\u016brybinio \u017eaidimo.<\/p>\n\n\n\n<p>Puiki dovana!<br>\u201eColor Draw LED\u201c rinkinys \u2013 puiki dovana jauniems menininkams ir k\u016brybingoms protams. \u012epakuotas \u012f ak\u012f traukian\u010di\u0105, spalving\u0105 d\u0117\u017eut\u0119, jis kvie\u010dia vaikus i\u0161kart prad\u0117ti pie\u0161ti. Tai ne tik \u017eaislas, bet ir priemon\u0117, kuri ugdo vaizduot\u0119 ir suteikia vaikams saug\u0173, netvarkos nepaliekant\u012f b\u016bd\u0105 i\u0161reik\u0161ti save per men\u0105.<\/p>\n\n\n\n<p><\/p>\n\n\n\n<p><\/p>","protected":false},"excerpt":{"rendered":"<p>Magijos teptuk\u0173 rinkinys \u2013 spalvingas nuotykis be netvarkos! Atraskite novatori\u0161k\u0105 tapybos rinkin\u012f, kuris visi\u0161kai pakeis vaik\u0173 k\u016brybos b\u016bd\u0105. Magijos LED da\u017eai garantuoja linksm\u0105, k\u016brybing\u0105 \u017eaidim\u0105 be d\u0117mi\u0173 ant rank\u0173, drabu\u017ei\u0173 ar bald\u0173. \u0160is rinkinys, skirtas vaikams nuo 3 met\u0173, puikiai tinka ma\u017eiesiems menininkams, kurie m\u0117gsta tapyti, ir yra visi\u0161kai saugus. Kaip tai veikia?Vietoj tradicini\u0173 da\u017e\u0173 [&hellip;]<\/p>","protected":false},"featured_media":33612,"template":"","meta":{"_acf_changed":false,"iawp_total_views":654},"product_cat":[195,216,217,191,192,84,89,50,49,39],"product_tag":[97,98,99],"class_list":{"0":"post-33611","1":"product","2":"type-product","3":"status-publish","4":"has-post-thumbnail","6":"product_cat-dovanos-vaikams-3-4-metu","7":"product_cat-dovanos-4-5-metu-vaikams","8":"product_cat-dovanos-5-7-metu-vaikams","9":"product_cat-dovanos-vaikams","10":"product_cat-kaledines-dovanos-vaikams","11":"product_cat-lavinamieji-zaislai","12":"product_cat-mokausi-piesti","13":"product_cat-top-dovanos","14":"product_cat-visi-zaislai","15":"product_cat-zaislai","16":"product_tag-3-m-4-m","17":"product_tag-5-m-7-m","18":"product_tag-8-m-11-m","20":"first","21":"outofstock","22":"taxable","23":"shipping-taxable","24":"purchasable","25":"product-type-simple"},"acf":[],"yoast_head":"<!-- This site is optimized with the Yoast SEO plugin v23.3 - https:\/\/yoast.com\/wordpress\/plugins\/seo\/ -->\n<title>\u0160viesos pie\u0161imo rinkinys su LED vandens teptuku - Montessori \u017eaislai<\/title>\n<meta name=\"robots\" content=\"index, follow, max-snippet:-1, max-image-preview:large, max-video-preview:-1\" \/>\n<link rel=\"canonical\" href=\"https:\/\/monti.lt\/en\/product\/sviesos-piesimo-rinkinys-su-led-vandens-teptuku\/\" \/>\n<meta property=\"og:locale\" content=\"en_US\" \/>\n<meta property=\"og:type\" content=\"article\" \/>\n<meta property=\"og:title\" content=\"\u0160viesos pie\u0161imo rinkinys su LED vandens teptuku - Montessori \u017eaislai\" \/>\n<meta property=\"og:description\" content=\"Magijos teptuk\u0173 rinkinys \u2013 spalvingas nuotykis be netvarkos! Atraskite novatori\u0161k\u0105 tapybos rinkin\u012f, kuris visi\u0161kai pakeis vaik\u0173 k\u016brybos b\u016bd\u0105. Magijos LED da\u017eai garantuoja linksm\u0105, k\u016brybing\u0105 \u017eaidim\u0105 be d\u0117mi\u0173 ant rank\u0173, drabu\u017ei\u0173 ar bald\u0173. \u0160is rinkinys, skirtas vaikams nuo 3 met\u0173, puikiai tinka ma\u017eiesiems menininkams, kurie m\u0117gsta tapyti, ir yra visi\u0161kai saugus. Kaip tai veikia?Vietoj tradicini\u0173 da\u017e\u0173 [&hellip;]\" \/>\n<meta property=\"og:url\" content=\"https:\/\/monti.lt\/en\/product\/sviesos-piesimo-rinkinys-su-led-vandens-teptuku\/\" \/>\n<meta property=\"og:site_name\" content=\"Montessori \u017eaislai\" \/>\n<meta property=\"article:modified_time\" content=\"2025-11-21T14:47:48+00:00\" \/>\n<meta property=\"og:image\" content=\"https:\/\/monti.lt\/wp-content\/uploads\/2025\/09\/eng_pl_Color-Draw-LED-Magic-Water-Brush-Light-Painting-Kit-ZA5770-22450_7.jpg\" \/>\n\t<meta property=\"og:image:width\" content=\"750\" \/>\n\t<meta property=\"og:image:height\" content=\"750\" \/>\n\t<meta property=\"og:image:type\" content=\"image\/jpeg\" \/>\n<meta name=\"twitter:card\" content=\"summary_large_image\" \/>\n<meta name=\"twitter:label1\" content=\"Est. reading time\" \/>\n\t<meta name=\"twitter:data1\" content=\"2 minutes\" \/>\n<script type=\"application\/ld+json\" class=\"yoast-schema-graph\">{\"@context\":\"https:\/\/schema.org\",\"@graph\":[{\"@type\":\"WebPage\",\"@id\":\"https:\/\/monti.lt\/product\/sviesos-piesimo-rinkinys-su-led-vandens-teptuku\/\",\"url\":\"https:\/\/monti.lt\/product\/sviesos-piesimo-rinkinys-su-led-vandens-teptuku\/\",\"name\":\"\u0160viesos pie\u0161imo rinkinys su LED vandens teptuku - Montessori \u017eaislai\",\"isPartOf\":{\"@id\":\"https:\/\/monti.lt\/#website\"},\"primaryImageOfPage\":{\"@id\":\"https:\/\/monti.lt\/product\/sviesos-piesimo-rinkinys-su-led-vandens-teptuku\/#primaryimage\"},\"image\":{\"@id\":\"https:\/\/monti.lt\/product\/sviesos-piesimo-rinkinys-su-led-vandens-teptuku\/#primaryimage\"},\"thumbnailUrl\":\"https:\/\/monti.lt\/wp-content\/uploads\/2025\/09\/eng_pl_Color-Draw-LED-Magic-Water-Brush-Light-Painting-Kit-ZA5770-22450_7.jpg\",\"datePublished\":\"2025-09-30T09:31:50+00:00\",\"dateModified\":\"2025-11-21T14:47:48+00:00\",\"breadcrumb\":{\"@id\":\"https:\/\/monti.lt\/product\/sviesos-piesimo-rinkinys-su-led-vandens-teptuku\/#breadcrumb\"},\"inLanguage\":\"en-US\",\"potentialAction\":[{\"@type\":\"ReadAction\",\"target\":[\"https:\/\/monti.lt\/product\/sviesos-piesimo-rinkinys-su-led-vandens-teptuku\/\"]}]},{\"@type\":\"ImageObject\",\"inLanguage\":\"en-US\",\"@id\":\"https:\/\/monti.lt\/product\/sviesos-piesimo-rinkinys-su-led-vandens-teptuku\/#primaryimage\",\"url\":\"https:\/\/monti.lt\/wp-content\/uploads\/2025\/09\/eng_pl_Color-Draw-LED-Magic-Water-Brush-Light-Painting-Kit-ZA5770-22450_7.jpg\",\"contentUrl\":\"https:\/\/monti.lt\/wp-content\/uploads\/2025\/09\/eng_pl_Color-Draw-LED-Magic-Water-Brush-Light-Painting-Kit-ZA5770-22450_7.jpg\",\"width\":750,\"height\":750,\"caption\":\"led piesimas\"},{\"@type\":\"BreadcrumbList\",\"@id\":\"https:\/\/monti.lt\/product\/sviesos-piesimo-rinkinys-su-led-vandens-teptuku\/#breadcrumb\",\"itemListElement\":[{\"@type\":\"ListItem\",\"position\":1,\"name\":\"Home\",\"item\":\"https:\/\/monti.lt\/\"},{\"@type\":\"ListItem\",\"position\":2,\"name\":\"Parduotuv\u0117\",\"item\":\"https:\/\/monti.lt\/shop\/\"},{\"@type\":\"ListItem\",\"position\":3,\"name\":\"\u0160viesos pie\u0161imo rinkinys su LED vandens teptuku\"}]},{\"@type\":\"WebSite\",\"@id\":\"https:\/\/monti.lt\/#website\",\"url\":\"https:\/\/monti.lt\/\",\"name\":\"Montessori \u017eaislai\",\"description\":\"\",\"publisher\":{\"@id\":\"https:\/\/monti.lt\/#organization\"},\"potentialAction\":[{\"@type\":\"SearchAction\",\"target\":{\"@type\":\"EntryPoint\",\"urlTemplate\":\"https:\/\/monti.lt\/?s={search_term_string}\"},\"query-input\":\"required name=search_term_string\"}],\"inLanguage\":\"en-US\"},{\"@type\":\"Organization\",\"@id\":\"https:\/\/monti.lt\/#organization\",\"name\":\"Montessori \u017eaislai\",\"url\":\"https:\/\/monti.lt\/\",\"logo\":{\"@type\":\"ImageObject\",\"inLanguage\":\"en-US\",\"@id\":\"https:\/\/monti.lt\/#\/schema\/logo\/image\/\",\"url\":\"https:\/\/monti.lt\/wp-content\/uploads\/2022\/03\/montilogo-1.png\",\"contentUrl\":\"https:\/\/monti.lt\/wp-content\/uploads\/2022\/03\/montilogo-1.png\",\"width\":512,\"height\":512,\"caption\":\"Montessori \u017eaislai\"},\"image\":{\"@id\":\"https:\/\/monti.lt\/#\/schema\/logo\/image\/\"}}]}<\/script>\n<!-- \/ Yoast SEO plugin. -->","yoast_head_json":{"title":"\u0160viesos pie\u0161imo rinkinys su LED vandens teptuku - Montessori \u017eaislai","robots":{"index":"index","follow":"follow","max-snippet":"max-snippet:-1","max-image-preview":"max-image-preview:large","max-video-preview":"max-video-preview:-1"},"canonical":"https:\/\/monti.lt\/en\/product\/sviesos-piesimo-rinkinys-su-led-vandens-teptuku\/","og_locale":"en_US","og_type":"article","og_title":"\u0160viesos pie\u0161imo rinkinys su LED vandens teptuku - Montessori \u017eaislai","og_description":"Magijos teptuk\u0173 rinkinys \u2013 spalvingas nuotykis be netvarkos! Atraskite novatori\u0161k\u0105 tapybos rinkin\u012f, kuris visi\u0161kai pakeis vaik\u0173 k\u016brybos b\u016bd\u0105. Magijos LED da\u017eai garantuoja linksm\u0105, k\u016brybing\u0105 \u017eaidim\u0105 be d\u0117mi\u0173 ant rank\u0173, drabu\u017ei\u0173 ar bald\u0173. \u0160is rinkinys, skirtas vaikams nuo 3 met\u0173, puikiai tinka ma\u017eiesiems menininkams, kurie m\u0117gsta tapyti, ir yra visi\u0161kai saugus. Kaip tai veikia?Vietoj tradicini\u0173 da\u017e\u0173 [&hellip;]","og_url":"https:\/\/monti.lt\/en\/product\/sviesos-piesimo-rinkinys-su-led-vandens-teptuku\/","og_site_name":"Montessori \u017eaislai","article_modified_time":"2025-11-21T14:47:48+00:00","og_image":[{"width":750,"height":750,"url":"https:\/\/monti.lt\/wp-content\/uploads\/2025\/09\/eng_pl_Color-Draw-LED-Magic-Water-Brush-Light-Painting-Kit-ZA5770-22450_7.jpg","type":"image\/jpeg"}],"twitter_card":"summary_large_image","twitter_misc":{"Est. reading time":"2 minutes"},"schema":{"@context":"https:\/\/schema.org","@graph":[{"@type":"WebPage","@id":"https:\/\/monti.lt\/product\/sviesos-piesimo-rinkinys-su-led-vandens-teptuku\/","url":"https:\/\/monti.lt\/product\/sviesos-piesimo-rinkinys-su-led-vandens-teptuku\/","name":"\u0160viesos pie\u0161imo rinkinys su LED vandens teptuku - Montessori \u017eaislai","isPartOf":{"@id":"https:\/\/monti.lt\/#website"},"primaryImageOfPage":{"@id":"https:\/\/monti.lt\/product\/sviesos-piesimo-rinkinys-su-led-vandens-teptuku\/#primaryimage"},"image":{"@id":"https:\/\/monti.lt\/product\/sviesos-piesimo-rinkinys-su-led-vandens-teptuku\/#primaryimage"},"thumbnailUrl":"https:\/\/monti.lt\/wp-content\/uploads\/2025\/09\/eng_pl_Color-Draw-LED-Magic-Water-Brush-Light-Painting-Kit-ZA5770-22450_7.jpg","datePublished":"2025-09-30T09:31:50+00:00","dateModified":"2025-11-21T14:47:48+00:00","breadcrumb":{"@id":"https:\/\/monti.lt\/product\/sviesos-piesimo-rinkinys-su-led-vandens-teptuku\/#breadcrumb"},"inLanguage":"en-US","potentialAction":[{"@type":"ReadAction","target":["https:\/\/monti.lt\/product\/sviesos-piesimo-rinkinys-su-led-vandens-teptuku\/"]}]},{"@type":"ImageObject","inLanguage":"en-US","@id":"https:\/\/monti.lt\/product\/sviesos-piesimo-rinkinys-su-led-vandens-teptuku\/#primaryimage","url":"https:\/\/monti.lt\/wp-content\/uploads\/2025\/09\/eng_pl_Color-Draw-LED-Magic-Water-Brush-Light-Painting-Kit-ZA5770-22450_7.jpg","contentUrl":"https:\/\/monti.lt\/wp-content\/uploads\/2025\/09\/eng_pl_Color-Draw-LED-Magic-Water-Brush-Light-Painting-Kit-ZA5770-22450_7.jpg","width":750,"height":750,"caption":"led piesimas"},{"@type":"BreadcrumbList","@id":"https:\/\/monti.lt\/product\/sviesos-piesimo-rinkinys-su-led-vandens-teptuku\/#breadcrumb","itemListElement":[{"@type":"ListItem","position":1,"name":"Home","item":"https:\/\/monti.lt\/"},{"@type":"ListItem","position":2,"name":"Parduotuv\u0117","item":"https:\/\/monti.lt\/shop\/"},{"@type":"ListItem","position":3,"name":"\u0160viesos pie\u0161imo rinkinys su LED vandens teptuku"}]},{"@type":"WebSite","@id":"https:\/\/monti.lt\/#website","url":"https:\/\/monti.lt\/","name":"Montessori \u017eaislai","description":"","publisher":{"@id":"https:\/\/monti.lt\/#organization"},"potentialAction":[{"@type":"SearchAction","target":{"@type":"EntryPoint","urlTemplate":"https:\/\/monti.lt\/?s={search_term_string}"},"query-input":"required name=search_term_string"}],"inLanguage":"en-US"},{"@type":"Organization","@id":"https:\/\/monti.lt\/#organization","name":"Montessori \u017eaislai","url":"https:\/\/monti.lt\/","logo":{"@type":"ImageObject","inLanguage":"en-US","@id":"https:\/\/monti.lt\/#\/schema\/logo\/image\/","url":"https:\/\/monti.lt\/wp-content\/uploads\/2022\/03\/montilogo-1.png","contentUrl":"https:\/\/monti.lt\/wp-content\/uploads\/2022\/03\/montilogo-1.png","width":512,"height":512,"caption":"Montessori \u017eaislai"},"image":{"@id":"https:\/\/monti.lt\/#\/schema\/logo\/image\/"}}]}},"_links":{"self":[{"href":"https:\/\/monti.lt\/en\/wp-json\/wp\/v2\/product\/33611"}],"collection":[{"href":"https:\/\/monti.lt\/en\/wp-json\/wp\/v2\/product"}],"about":[{"href":"https:\/\/monti.lt\/en\/wp-json\/wp\/v2\/types\/product"}],"version-history":[{"count":1,"href":"https:\/\/monti.lt\/en\/wp-json\/wp\/v2\/product\/33611\/revisions"}],"predecessor-version":[{"id":33619,"href":"https:\/\/monti.lt\/en\/wp-json\/wp\/v2\/product\/33611\/revisions\/33619"}],"wp:featuredmedia":[{"embeddable":true,"href":"https:\/\/monti.lt\/en\/wp-json\/wp\/v2\/media\/33612"}],"wp:attachment":[{"href":"https:\/\/monti.lt\/en\/wp-json\/wp\/v2\/media?parent=33611"}],"wp:term":[{"taxonomy":"product_cat","embeddable":true,"href":"https:\/\/monti.lt\/en\/wp-json\/wp\/v2\/product_cat?post=33611"},{"taxonomy":"product_tag","embeddable":true,"href":"https:\/\/monti.lt\/en\/wp-json\/wp\/v2\/product_tag?post=33611"}],"curies":[{"name":"wp","href":"https:\/\/api.w.org\/{rel}","templated":true}]}}