{"id":33620,"date":"2025-09-30T09:48:16","date_gmt":"2025-09-30T09:48:16","guid":{"rendered":"https:\/\/monti.lt\/?post_type=product&#038;p=33620"},"modified":"2025-12-15T09:03:11","modified_gmt":"2025-12-15T09:03:11","slug":"piesimo-vandeniu-rinkinys-su-antspaudais","status":"publish","type":"product","link":"https:\/\/monti.lt\/en\/product\/piesimo-vandeniu-rinkinys-su-antspaudais\/","title":{"rendered":"Pie\u0161imo vandeniu rinkinys su antspaudais"},"content":{"rendered":"<p>Magi\u0161kas da\u017e\u0173 teptuk\u0173 rinkinys \u2013 spalvingas nuotykis be netvarkos!<\/p>\n\n\n\n<p>\u0160is novatori\u0161kas rinkinys visi\u0161kai pakei\u010dia tradicin\u012f tapyb\u0105. Naudodami magi\u0161kus spalvinimo lapus ir k\u016brybinius priedus, vaikai gali m\u0117gautis linksmu \u017eaidimu be netvarkos \u2013 be d\u0117mi\u0173 ant rank\u0173, drabu\u017ei\u0173 ar bald\u0173. Sukurtas vaikams nuo 3 met\u0173, jis puikiai tinka ma\u017eiesiems menininkams, kurie m\u0117gsta kurti, o t\u0117vams suteikia ramyb\u0119, kad \u017eaidimo laikas yra saugus ir \u0161varus.<\/p>\n\n\n\n<p>Kaip tai veikia?<br>Vietoj tradicini\u0173 da\u017e\u0173 ir vandens puodeli\u0173, rinkinyje naudojamas vandens teptukas ir special\u016bs spalvinimo lapai. Tiesiog \u012fpilkite vandens \u012f teptuk\u0105, \u012fmerkite j\u012f \u012f magi\u0161k\u0105 da\u017e\u0173 palet\u0119 ir braukite per popieri\u0173, kad atsiskleist\u0173 pasl\u0117ptos spalvos. Rinkinyje taip pat yra vandens ra\u0161iklis, kuris veikia taip pat, ir \u012fvair\u016bs antspaudai, leid\u017eiantys vaikams papuo\u0161ti savo k\u016brinius \u012fdomiomis formomis.<\/p>\n\n\n\n<p>Pastaba: spalvos palaipsniui tampa ry\u0161kesn\u0117s, kai popierius sugeria vanden\u012f ir atsiskleid\u017eia pasl\u0117pti atspalviai.<\/p>\n\n\n\n<p>Kas yra rinkinyje:<\/p>\n\n\n\n<p>Vandens teptukas tapybai.<br>Vandens ra\u0161iklis pie\u0161imui ir detal\u0117ms.<br>Linksm\u0173 antspaud\u0173 rinkinys su \u012fvairiais ra\u0161tais.<br>18 lap\u0173 specialaus stebuklingo popieriaus, kuriame spalvos atsiranda susilietus su vandeniu.<br>Kod\u0117l vaikams tai patiks:<\/p>\n\n\n\n<p>Linksmyb\u0117s be netvarkos: tapyba be netvarking\u0173 da\u017e\u0173 ar i\u0161siliejim\u0173 \u2013 \u0161varus ir be streso \u017eaidimas.<br>Padeda vystytis: skatina vaizduot\u0119, k\u016brybi\u0161kum\u0105, smulki\u0105j\u0105 motorik\u0105 ir rank\u0173 bei aki\u0173 koordinacij\u0105.<br>Saugus: pagamintas i\u0161 netoksini\u0173, vaikams tinkam\u0173 med\u017eiag\u0173.<br>Puikiai tinka kelion\u0117ms: kompakti\u0161ka pakuot\u0117 leid\u017eia lengvai j\u012f pasiimti ir idealiai tinka dovanai.<br>\u012evair\u016bs \u017eaidimo b\u016bdai:<\/p>\n\n\n\n<p>Tapymas vandens teptuku<br>Pie\u0161imas vandens ra\u0161ikliu<br>Dekoravimas linksmais antspaudais<br>Tapymas pir\u0161tais ir atspaud\u0173 darymas<br>Steb\u0117jimas, kaip spalvos palaipsniui atsiranda ir tampa ry\u0161kesn\u0117s<br>Puiki dovana!<br>\u201eMagic Paint Brush Set\u201c yra puiki dovana ma\u017eiesiems menininkams ir k\u016brybingiems vaikams. Supakuotas spalvingoje, ak\u012f traukian\u010dioje d\u0117\u017eut\u0117je, jis i\u0161 karto kvie\u010dia vaikus prad\u0117ti tapyti. Tai ne tik \u017eaislas, bet ir \u012frankis, kuris ugdo vaizduot\u0119 ir suteikia vaikams saug\u0173, \u0161var\u0173 ir \u012fdom\u0173 b\u016bd\u0105 i\u0161reik\u0161ti save per men\u0105.<\/p>","protected":false},"excerpt":{"rendered":"<p>Magi\u0161kas da\u017e\u0173 teptuk\u0173 rinkinys \u2013 spalvingas nuotykis be netvarkos! \u0160is novatori\u0161kas rinkinys visi\u0161kai pakei\u010dia tradicin\u012f tapyb\u0105. Naudodami magi\u0161kus spalvinimo lapus ir k\u016brybinius priedus, vaikai gali m\u0117gautis linksmu \u017eaidimu be netvarkos \u2013 be d\u0117mi\u0173 ant rank\u0173, drabu\u017ei\u0173 ar bald\u0173. Sukurtas vaikams nuo 3 met\u0173, jis puikiai tinka ma\u017eiesiems menininkams, kurie m\u0117gsta kurti, o t\u0117vams suteikia ramyb\u0119, [&hellip;]<\/p>","protected":false},"featured_media":33621,"template":"","meta":{"_acf_changed":false,"iawp_total_views":104},"product_cat":[218,195,216,191],"product_tag":[97,98,99],"class_list":{"0":"post-33620","1":"product","2":"type-product","3":"status-publish","4":"has-post-thumbnail","6":"product_cat-darzeliu-grupems","7":"product_cat-dovanos-vaikams-3-4-metu","8":"product_cat-dovanos-4-5-metu-vaikams","9":"product_cat-dovanos-vaikams","10":"product_tag-3-m-4-m","11":"product_tag-5-m-7-m","12":"product_tag-8-m-11-m","14":"first","15":"outofstock","16":"taxable","17":"shipping-taxable","18":"purchasable","19":"product-type-simple"},"acf":[],"yoast_head":"<!-- This site is optimized with the Yoast SEO plugin v23.3 - https:\/\/yoast.com\/wordpress\/plugins\/seo\/ -->\n<title>Pie\u0161imo vandeniu rinkinys su antspaudais - Montessori \u017eaislai<\/title>\n<meta name=\"robots\" content=\"index, follow, max-snippet:-1, max-image-preview:large, max-video-preview:-1\" \/>\n<link rel=\"canonical\" href=\"https:\/\/monti.lt\/en\/product\/piesimo-vandeniu-rinkinys-su-antspaudais\/\" \/>\n<meta property=\"og:locale\" content=\"en_US\" \/>\n<meta property=\"og:type\" content=\"article\" \/>\n<meta property=\"og:title\" content=\"Pie\u0161imo vandeniu rinkinys su antspaudais - Montessori \u017eaislai\" \/>\n<meta property=\"og:description\" content=\"Magi\u0161kas da\u017e\u0173 teptuk\u0173 rinkinys \u2013 spalvingas nuotykis be netvarkos! \u0160is novatori\u0161kas rinkinys visi\u0161kai pakei\u010dia tradicin\u012f tapyb\u0105. Naudodami magi\u0161kus spalvinimo lapus ir k\u016brybinius priedus, vaikai gali m\u0117gautis linksmu \u017eaidimu be netvarkos \u2013 be d\u0117mi\u0173 ant rank\u0173, drabu\u017ei\u0173 ar bald\u0173. Sukurtas vaikams nuo 3 met\u0173, jis puikiai tinka ma\u017eiesiems menininkams, kurie m\u0117gsta kurti, o t\u0117vams suteikia ramyb\u0119, [&hellip;]\" \/>\n<meta property=\"og:url\" content=\"https:\/\/monti.lt\/en\/product\/piesimo-vandeniu-rinkinys-su-antspaudais\/\" \/>\n<meta property=\"og:site_name\" content=\"Montessori \u017eaislai\" \/>\n<meta property=\"article:modified_time\" content=\"2025-12-15T09:03:11+00:00\" \/>\n<meta property=\"og:image\" content=\"https:\/\/monti.lt\/wp-content\/uploads\/2025\/09\/eng_pl_Color-Draw-Water-Brush-Water-Painting-Set-with-Stamps-ZA5768-22448_10.jpg\" \/>\n\t<meta property=\"og:image:width\" content=\"750\" \/>\n\t<meta property=\"og:image:height\" content=\"750\" \/>\n\t<meta property=\"og:image:type\" content=\"image\/jpeg\" \/>\n<meta name=\"twitter:card\" content=\"summary_large_image\" \/>\n<meta name=\"twitter:label1\" content=\"Est. reading time\" \/>\n\t<meta name=\"twitter:data1\" content=\"2 minutes\" \/>\n<script type=\"application\/ld+json\" class=\"yoast-schema-graph\">{\"@context\":\"https:\/\/schema.org\",\"@graph\":[{\"@type\":\"WebPage\",\"@id\":\"https:\/\/monti.lt\/product\/piesimo-vandeniu-rinkinys-su-antspaudais\/\",\"url\":\"https:\/\/monti.lt\/product\/piesimo-vandeniu-rinkinys-su-antspaudais\/\",\"name\":\"Pie\u0161imo vandeniu rinkinys su antspaudais - Montessori \u017eaislai\",\"isPartOf\":{\"@id\":\"https:\/\/monti.lt\/#website\"},\"primaryImageOfPage\":{\"@id\":\"https:\/\/monti.lt\/product\/piesimo-vandeniu-rinkinys-su-antspaudais\/#primaryimage\"},\"image\":{\"@id\":\"https:\/\/monti.lt\/product\/piesimo-vandeniu-rinkinys-su-antspaudais\/#primaryimage\"},\"thumbnailUrl\":\"https:\/\/monti.lt\/wp-content\/uploads\/2025\/09\/eng_pl_Color-Draw-Water-Brush-Water-Painting-Set-with-Stamps-ZA5768-22448_10.jpg\",\"datePublished\":\"2025-09-30T09:48:16+00:00\",\"dateModified\":\"2025-12-15T09:03:11+00:00\",\"breadcrumb\":{\"@id\":\"https:\/\/monti.lt\/product\/piesimo-vandeniu-rinkinys-su-antspaudais\/#breadcrumb\"},\"inLanguage\":\"en-US\",\"potentialAction\":[{\"@type\":\"ReadAction\",\"target\":[\"https:\/\/monti.lt\/product\/piesimo-vandeniu-rinkinys-su-antspaudais\/\"]}]},{\"@type\":\"ImageObject\",\"inLanguage\":\"en-US\",\"@id\":\"https:\/\/monti.lt\/product\/piesimo-vandeniu-rinkinys-su-antspaudais\/#primaryimage\",\"url\":\"https:\/\/monti.lt\/wp-content\/uploads\/2025\/09\/eng_pl_Color-Draw-Water-Brush-Water-Painting-Set-with-Stamps-ZA5768-22448_10.jpg\",\"contentUrl\":\"https:\/\/monti.lt\/wp-content\/uploads\/2025\/09\/eng_pl_Color-Draw-Water-Brush-Water-Painting-Set-with-Stamps-ZA5768-22448_10.jpg\",\"width\":750,\"height\":750,\"caption\":\"piesimas vandeniu\"},{\"@type\":\"BreadcrumbList\",\"@id\":\"https:\/\/monti.lt\/product\/piesimo-vandeniu-rinkinys-su-antspaudais\/#breadcrumb\",\"itemListElement\":[{\"@type\":\"ListItem\",\"position\":1,\"name\":\"Home\",\"item\":\"https:\/\/monti.lt\/\"},{\"@type\":\"ListItem\",\"position\":2,\"name\":\"Parduotuv\u0117\",\"item\":\"https:\/\/monti.lt\/shop\/\"},{\"@type\":\"ListItem\",\"position\":3,\"name\":\"Pie\u0161imo vandeniu rinkinys su antspaudais\"}]},{\"@type\":\"WebSite\",\"@id\":\"https:\/\/monti.lt\/#website\",\"url\":\"https:\/\/monti.lt\/\",\"name\":\"Montessori \u017eaislai\",\"description\":\"\",\"publisher\":{\"@id\":\"https:\/\/monti.lt\/#organization\"},\"potentialAction\":[{\"@type\":\"SearchAction\",\"target\":{\"@type\":\"EntryPoint\",\"urlTemplate\":\"https:\/\/monti.lt\/?s={search_term_string}\"},\"query-input\":\"required name=search_term_string\"}],\"inLanguage\":\"en-US\"},{\"@type\":\"Organization\",\"@id\":\"https:\/\/monti.lt\/#organization\",\"name\":\"Montessori \u017eaislai\",\"url\":\"https:\/\/monti.lt\/\",\"logo\":{\"@type\":\"ImageObject\",\"inLanguage\":\"en-US\",\"@id\":\"https:\/\/monti.lt\/#\/schema\/logo\/image\/\",\"url\":\"https:\/\/monti.lt\/wp-content\/uploads\/2022\/03\/montilogo-1.png\",\"contentUrl\":\"https:\/\/monti.lt\/wp-content\/uploads\/2022\/03\/montilogo-1.png\",\"width\":512,\"height\":512,\"caption\":\"Montessori \u017eaislai\"},\"image\":{\"@id\":\"https:\/\/monti.lt\/#\/schema\/logo\/image\/\"}}]}<\/script>\n<!-- \/ Yoast SEO plugin. -->","yoast_head_json":{"title":"Pie\u0161imo vandeniu rinkinys su antspaudais - Montessori \u017eaislai","robots":{"index":"index","follow":"follow","max-snippet":"max-snippet:-1","max-image-preview":"max-image-preview:large","max-video-preview":"max-video-preview:-1"},"canonical":"https:\/\/monti.lt\/en\/product\/piesimo-vandeniu-rinkinys-su-antspaudais\/","og_locale":"en_US","og_type":"article","og_title":"Pie\u0161imo vandeniu rinkinys su antspaudais - Montessori \u017eaislai","og_description":"Magi\u0161kas da\u017e\u0173 teptuk\u0173 rinkinys \u2013 spalvingas nuotykis be netvarkos! \u0160is novatori\u0161kas rinkinys visi\u0161kai pakei\u010dia tradicin\u012f tapyb\u0105. Naudodami magi\u0161kus spalvinimo lapus ir k\u016brybinius priedus, vaikai gali m\u0117gautis linksmu \u017eaidimu be netvarkos \u2013 be d\u0117mi\u0173 ant rank\u0173, drabu\u017ei\u0173 ar bald\u0173. Sukurtas vaikams nuo 3 met\u0173, jis puikiai tinka ma\u017eiesiems menininkams, kurie m\u0117gsta kurti, o t\u0117vams suteikia ramyb\u0119, [&hellip;]","og_url":"https:\/\/monti.lt\/en\/product\/piesimo-vandeniu-rinkinys-su-antspaudais\/","og_site_name":"Montessori \u017eaislai","article_modified_time":"2025-12-15T09:03:11+00:00","og_image":[{"width":750,"height":750,"url":"https:\/\/monti.lt\/wp-content\/uploads\/2025\/09\/eng_pl_Color-Draw-Water-Brush-Water-Painting-Set-with-Stamps-ZA5768-22448_10.jpg","type":"image\/jpeg"}],"twitter_card":"summary_large_image","twitter_misc":{"Est. reading time":"2 minutes"},"schema":{"@context":"https:\/\/schema.org","@graph":[{"@type":"WebPage","@id":"https:\/\/monti.lt\/product\/piesimo-vandeniu-rinkinys-su-antspaudais\/","url":"https:\/\/monti.lt\/product\/piesimo-vandeniu-rinkinys-su-antspaudais\/","name":"Pie\u0161imo vandeniu rinkinys su antspaudais - Montessori \u017eaislai","isPartOf":{"@id":"https:\/\/monti.lt\/#website"},"primaryImageOfPage":{"@id":"https:\/\/monti.lt\/product\/piesimo-vandeniu-rinkinys-su-antspaudais\/#primaryimage"},"image":{"@id":"https:\/\/monti.lt\/product\/piesimo-vandeniu-rinkinys-su-antspaudais\/#primaryimage"},"thumbnailUrl":"https:\/\/monti.lt\/wp-content\/uploads\/2025\/09\/eng_pl_Color-Draw-Water-Brush-Water-Painting-Set-with-Stamps-ZA5768-22448_10.jpg","datePublished":"2025-09-30T09:48:16+00:00","dateModified":"2025-12-15T09:03:11+00:00","breadcrumb":{"@id":"https:\/\/monti.lt\/product\/piesimo-vandeniu-rinkinys-su-antspaudais\/#breadcrumb"},"inLanguage":"en-US","potentialAction":[{"@type":"ReadAction","target":["https:\/\/monti.lt\/product\/piesimo-vandeniu-rinkinys-su-antspaudais\/"]}]},{"@type":"ImageObject","inLanguage":"en-US","@id":"https:\/\/monti.lt\/product\/piesimo-vandeniu-rinkinys-su-antspaudais\/#primaryimage","url":"https:\/\/monti.lt\/wp-content\/uploads\/2025\/09\/eng_pl_Color-Draw-Water-Brush-Water-Painting-Set-with-Stamps-ZA5768-22448_10.jpg","contentUrl":"https:\/\/monti.lt\/wp-content\/uploads\/2025\/09\/eng_pl_Color-Draw-Water-Brush-Water-Painting-Set-with-Stamps-ZA5768-22448_10.jpg","width":750,"height":750,"caption":"piesimas vandeniu"},{"@type":"BreadcrumbList","@id":"https:\/\/monti.lt\/product\/piesimo-vandeniu-rinkinys-su-antspaudais\/#breadcrumb","itemListElement":[{"@type":"ListItem","position":1,"name":"Home","item":"https:\/\/monti.lt\/"},{"@type":"ListItem","position":2,"name":"Parduotuv\u0117","item":"https:\/\/monti.lt\/shop\/"},{"@type":"ListItem","position":3,"name":"Pie\u0161imo vandeniu rinkinys su antspaudais"}]},{"@type":"WebSite","@id":"https:\/\/monti.lt\/#website","url":"https:\/\/monti.lt\/","name":"Montessori \u017eaislai","description":"","publisher":{"@id":"https:\/\/monti.lt\/#organization"},"potentialAction":[{"@type":"SearchAction","target":{"@type":"EntryPoint","urlTemplate":"https:\/\/monti.lt\/?s={search_term_string}"},"query-input":"required name=search_term_string"}],"inLanguage":"en-US"},{"@type":"Organization","@id":"https:\/\/monti.lt\/#organization","name":"Montessori \u017eaislai","url":"https:\/\/monti.lt\/","logo":{"@type":"ImageObject","inLanguage":"en-US","@id":"https:\/\/monti.lt\/#\/schema\/logo\/image\/","url":"https:\/\/monti.lt\/wp-content\/uploads\/2022\/03\/montilogo-1.png","contentUrl":"https:\/\/monti.lt\/wp-content\/uploads\/2022\/03\/montilogo-1.png","width":512,"height":512,"caption":"Montessori \u017eaislai"},"image":{"@id":"https:\/\/monti.lt\/#\/schema\/logo\/image\/"}}]}},"_links":{"self":[{"href":"https:\/\/monti.lt\/en\/wp-json\/wp\/v2\/product\/33620"}],"collection":[{"href":"https:\/\/monti.lt\/en\/wp-json\/wp\/v2\/product"}],"about":[{"href":"https:\/\/monti.lt\/en\/wp-json\/wp\/v2\/types\/product"}],"version-history":[{"count":1,"href":"https:\/\/monti.lt\/en\/wp-json\/wp\/v2\/product\/33620\/revisions"}],"predecessor-version":[{"id":33628,"href":"https:\/\/monti.lt\/en\/wp-json\/wp\/v2\/product\/33620\/revisions\/33628"}],"wp:featuredmedia":[{"embeddable":true,"href":"https:\/\/monti.lt\/en\/wp-json\/wp\/v2\/media\/33621"}],"wp:attachment":[{"href":"https:\/\/monti.lt\/en\/wp-json\/wp\/v2\/media?parent=33620"}],"wp:term":[{"taxonomy":"product_cat","embeddable":true,"href":"https:\/\/monti.lt\/en\/wp-json\/wp\/v2\/product_cat?post=33620"},{"taxonomy":"product_tag","embeddable":true,"href":"https:\/\/monti.lt\/en\/wp-json\/wp\/v2\/product_tag?post=33620"}],"curies":[{"name":"wp","href":"https:\/\/api.w.org\/{rel}","templated":true}]}}