{"id":33629,"date":"2025-09-30T09:51:07","date_gmt":"2025-09-30T09:51:07","guid":{"rendered":"https:\/\/monti.lt\/?post_type=product&#038;p=33629"},"modified":"2025-12-14T14:26:09","modified_gmt":"2025-12-14T14:26:09","slug":"multifunkcinis-piesimo-rinkinys-3-in-1-su-spirografu-ir-grafiti-lenta","status":"publish","type":"product","link":"https:\/\/monti.lt\/en\/product\/multifunkcinis-piesimo-rinkinys-3-in-1-su-spirografu-ir-grafiti-lenta\/","title":{"rendered":"Multifunkcinis pie\u0161imo rinkinys 3-in-1 su spirografu ir grafiti lenta"},"content":{"rendered":"<p>3in1 meno lenta \u2013 \u201eMano pirmoji pie\u0161imo lenta\u201c \u2013 k\u016brybinis rinkinys vaikams<br>Leiskite savo vaikui atrasti meno ir k\u016brybi\u0161kumo pasaul\u012f su interaktyvia pie\u0161imo lenta \u201eMano pirmoji pie\u0161imo lenta\u201c.<br>\u0160is unikalus 3-in-1 rinkinys si\u016blo smag\u0173 pie\u0161im\u0105, grafi\u010di\u0173 tapyb\u0105 ir nuostabi\u0173 ra\u0161t\u0173 k\u016brim\u0105 su spirografu.<br>Rinkinio sud\u0117tis:<br>49 elementai \u2013 viskas, ko reikia k\u016brybiniam \u017eaidimui, \u012fskaitant spalvotus \u017eymeklius, da\u017eus, besisukan\u010di\u0105 platform\u0105 tapybai ir \u0161ablonus spirografui.<br>Savyb\u0117s: Besisukanti platforma leid\u017eia kurti unikalius ra\u0161tus naudojant da\u017eus ar \u017eymeklius \u2013 tiesiog paspauskite mygtuk\u0105, kad paleistum\u0117te mechanizm\u0105.<br>\u017daislui nereikia baterij\u0173.<br>\u017daislo matmenys: 42 x 23 x 8 cm<br>Kod\u0117l tai verta?<br>Vaizduot\u0117s ugdymas: rinkinys skatina laisv\u0105 k\u016brybi\u0161kum\u0105 ir ugdo rank\u0173 \u012fg\u016bd\u017eius.<br>Mokymasis \u017eaisdami: idealus \u012frankis form\u0173 ir spalv\u0173 mokymuisi \u017eaidimo forma.<br>Naudojimo paprastumas: paprastas naudojimas rei\u0161kia, kad net ma\u017eiausi vaikai gali m\u0117gautis \u017eaidimu.<br>Tai puikus rinkinys visiems, kurie m\u0117gsta kurti ir i\u0161reik\u0161ti savo k\u016brybi\u0161kum\u0105. Su \u0161iuo daugiaelementiu rinkiniu j\u016bs\u0173 vaikas lengvai sukurs begal\u0119 unikali\u0173, spalving\u0173 ra\u0161t\u0173 ir pie\u0161ini\u0173.<br>I\u0161laisvinkite savo vaiko k\u016brybi\u0161kum\u0105 su spirografu! Leiskite jiems nustebinti save ir kitus savo k\u016brybi\u0161kumo stebuklingais efektais. Tai neribotas malonumas, kuris atne\u0161 daug d\u017eiaugsmo ir pasitenkinimo!<\/p>\n\n\n\n<p>Rinkinys supakuotas \u012f esteti\u0161k\u0105, spalving\u0105 d\u0117\u017eut\u0119, kuri puikiai tinka dovanai. Tai puikus pasirinkimas vaikams, kurie m\u0117gsta kurti ir atrasti savo meninius talentus! \u201eJokomisiada\u201c parduotuv\u0117je rasite labai didel\u012f k\u016brybini\u0173, menini\u0173 \u017eaisl\u0173 ma\u017eiesiems menininkams pasirinkim\u0105, b\u016btinai apsilankykite!<\/p>","protected":false},"excerpt":{"rendered":"<p>3in1 meno lenta \u2013 \u201eMano pirmoji pie\u0161imo lenta\u201c \u2013 k\u016brybinis rinkinys vaikamsLeiskite savo vaikui atrasti meno ir k\u016brybi\u0161kumo pasaul\u012f su interaktyvia pie\u0161imo lenta \u201eMano pirmoji pie\u0161imo lenta\u201c.\u0160is unikalus 3-in-1 rinkinys si\u016blo smag\u0173 pie\u0161im\u0105, grafi\u010di\u0173 tapyb\u0105 ir nuostabi\u0173 ra\u0161t\u0173 k\u016brim\u0105 su spirografu.Rinkinio sud\u0117tis:49 elementai \u2013 viskas, ko reikia k\u016brybiniam \u017eaidimui, \u012fskaitant spalvotus \u017eymeklius, da\u017eus, besisukan\u010di\u0105 platform\u0105 [&hellip;]<\/p>","protected":false},"featured_media":33630,"template":"","meta":{"_acf_changed":false,"iawp_total_views":257},"product_cat":[195,216,191,87,84,89,49,39],"product_tag":[97,98,99],"class_list":{"0":"post-33629","1":"product","2":"type-product","3":"status-publish","4":"has-post-thumbnail","6":"product_cat-dovanos-vaikams-3-4-metu","7":"product_cat-dovanos-4-5-metu-vaikams","8":"product_cat-dovanos-vaikams","9":"product_cat-kurybiniai-rinkiniai","10":"product_cat-lavinamieji-zaislai","11":"product_cat-mokausi-piesti","12":"product_cat-visi-zaislai","13":"product_cat-zaislai","14":"product_tag-3-m-4-m","15":"product_tag-5-m-7-m","16":"product_tag-8-m-11-m","18":"first","19":"outofstock","20":"taxable","21":"shipping-taxable","22":"purchasable","23":"product-type-simple"},"acf":[],"yoast_head":"<!-- This site is optimized with the Yoast SEO plugin v23.3 - https:\/\/yoast.com\/wordpress\/plugins\/seo\/ -->\n<title>Multifunkcinis pie\u0161imo rinkinys 3-in-1 su spirografu ir grafiti lenta - Montessori \u017eaislai<\/title>\n<meta name=\"robots\" content=\"index, follow, max-snippet:-1, max-image-preview:large, max-video-preview:-1\" \/>\n<link rel=\"canonical\" href=\"https:\/\/monti.lt\/en\/product\/multifunkcinis-piesimo-rinkinys-3-in-1-su-spirografu-ir-grafiti-lenta\/\" \/>\n<meta property=\"og:locale\" content=\"en_US\" \/>\n<meta property=\"og:type\" content=\"article\" \/>\n<meta property=\"og:title\" content=\"Multifunkcinis pie\u0161imo rinkinys 3-in-1 su spirografu ir grafiti lenta - Montessori \u017eaislai\" \/>\n<meta property=\"og:description\" content=\"3in1 meno lenta \u2013 \u201eMano pirmoji pie\u0161imo lenta\u201c \u2013 k\u016brybinis rinkinys vaikamsLeiskite savo vaikui atrasti meno ir k\u016brybi\u0161kumo pasaul\u012f su interaktyvia pie\u0161imo lenta \u201eMano pirmoji pie\u0161imo lenta\u201c.\u0160is unikalus 3-in-1 rinkinys si\u016blo smag\u0173 pie\u0161im\u0105, grafi\u010di\u0173 tapyb\u0105 ir nuostabi\u0173 ra\u0161t\u0173 k\u016brim\u0105 su spirografu.Rinkinio sud\u0117tis:49 elementai \u2013 viskas, ko reikia k\u016brybiniam \u017eaidimui, \u012fskaitant spalvotus \u017eymeklius, da\u017eus, besisukan\u010di\u0105 platform\u0105 [&hellip;]\" \/>\n<meta property=\"og:url\" content=\"https:\/\/monti.lt\/en\/product\/multifunkcinis-piesimo-rinkinys-3-in-1-su-spirografu-ir-grafiti-lenta\/\" \/>\n<meta property=\"og:site_name\" content=\"Montessori \u017eaislai\" \/>\n<meta property=\"article:modified_time\" content=\"2025-12-14T14:26:09+00:00\" \/>\n<meta property=\"og:image\" content=\"https:\/\/monti.lt\/wp-content\/uploads\/2025\/09\/eng_pl_Creative-set-Art-board-3in1-Spirograph-Graffiti-Drawing-TA0109-21204_1.jpg\" \/>\n\t<meta property=\"og:image:width\" content=\"750\" \/>\n\t<meta property=\"og:image:height\" content=\"750\" \/>\n\t<meta property=\"og:image:type\" content=\"image\/jpeg\" \/>\n<meta name=\"twitter:card\" content=\"summary_large_image\" \/>\n<meta name=\"twitter:label1\" content=\"Est. reading time\" \/>\n\t<meta name=\"twitter:data1\" content=\"2 minutes\" \/>\n<script type=\"application\/ld+json\" class=\"yoast-schema-graph\">{\"@context\":\"https:\/\/schema.org\",\"@graph\":[{\"@type\":\"WebPage\",\"@id\":\"https:\/\/monti.lt\/product\/multifunkcinis-piesimo-rinkinys-3-in-1-su-spirografu-ir-grafiti-lenta\/\",\"url\":\"https:\/\/monti.lt\/product\/multifunkcinis-piesimo-rinkinys-3-in-1-su-spirografu-ir-grafiti-lenta\/\",\"name\":\"Multifunkcinis pie\u0161imo rinkinys 3-in-1 su spirografu ir grafiti lenta - Montessori \u017eaislai\",\"isPartOf\":{\"@id\":\"https:\/\/monti.lt\/#website\"},\"primaryImageOfPage\":{\"@id\":\"https:\/\/monti.lt\/product\/multifunkcinis-piesimo-rinkinys-3-in-1-su-spirografu-ir-grafiti-lenta\/#primaryimage\"},\"image\":{\"@id\":\"https:\/\/monti.lt\/product\/multifunkcinis-piesimo-rinkinys-3-in-1-su-spirografu-ir-grafiti-lenta\/#primaryimage\"},\"thumbnailUrl\":\"https:\/\/monti.lt\/wp-content\/uploads\/2025\/09\/eng_pl_Creative-set-Art-board-3in1-Spirograph-Graffiti-Drawing-TA0109-21204_1.jpg\",\"datePublished\":\"2025-09-30T09:51:07+00:00\",\"dateModified\":\"2025-12-14T14:26:09+00:00\",\"breadcrumb\":{\"@id\":\"https:\/\/monti.lt\/product\/multifunkcinis-piesimo-rinkinys-3-in-1-su-spirografu-ir-grafiti-lenta\/#breadcrumb\"},\"inLanguage\":\"en-US\",\"potentialAction\":[{\"@type\":\"ReadAction\",\"target\":[\"https:\/\/monti.lt\/product\/multifunkcinis-piesimo-rinkinys-3-in-1-su-spirografu-ir-grafiti-lenta\/\"]}]},{\"@type\":\"ImageObject\",\"inLanguage\":\"en-US\",\"@id\":\"https:\/\/monti.lt\/product\/multifunkcinis-piesimo-rinkinys-3-in-1-su-spirografu-ir-grafiti-lenta\/#primaryimage\",\"url\":\"https:\/\/monti.lt\/wp-content\/uploads\/2025\/09\/eng_pl_Creative-set-Art-board-3in1-Spirograph-Graffiti-Drawing-TA0109-21204_1.jpg\",\"contentUrl\":\"https:\/\/monti.lt\/wp-content\/uploads\/2025\/09\/eng_pl_Creative-set-Art-board-3in1-Spirograph-Graffiti-Drawing-TA0109-21204_1.jpg\",\"width\":750,\"height\":750,\"caption\":\"piesimo rinkinys\"},{\"@type\":\"BreadcrumbList\",\"@id\":\"https:\/\/monti.lt\/product\/multifunkcinis-piesimo-rinkinys-3-in-1-su-spirografu-ir-grafiti-lenta\/#breadcrumb\",\"itemListElement\":[{\"@type\":\"ListItem\",\"position\":1,\"name\":\"Home\",\"item\":\"https:\/\/monti.lt\/\"},{\"@type\":\"ListItem\",\"position\":2,\"name\":\"Parduotuv\u0117\",\"item\":\"https:\/\/monti.lt\/shop\/\"},{\"@type\":\"ListItem\",\"position\":3,\"name\":\"Multifunkcinis pie\u0161imo rinkinys 3-in-1 su spirografu ir grafiti lenta\"}]},{\"@type\":\"WebSite\",\"@id\":\"https:\/\/monti.lt\/#website\",\"url\":\"https:\/\/monti.lt\/\",\"name\":\"Montessori \u017eaislai\",\"description\":\"\",\"publisher\":{\"@id\":\"https:\/\/monti.lt\/#organization\"},\"potentialAction\":[{\"@type\":\"SearchAction\",\"target\":{\"@type\":\"EntryPoint\",\"urlTemplate\":\"https:\/\/monti.lt\/?s={search_term_string}\"},\"query-input\":\"required name=search_term_string\"}],\"inLanguage\":\"en-US\"},{\"@type\":\"Organization\",\"@id\":\"https:\/\/monti.lt\/#organization\",\"name\":\"Montessori \u017eaislai\",\"url\":\"https:\/\/monti.lt\/\",\"logo\":{\"@type\":\"ImageObject\",\"inLanguage\":\"en-US\",\"@id\":\"https:\/\/monti.lt\/#\/schema\/logo\/image\/\",\"url\":\"https:\/\/monti.lt\/wp-content\/uploads\/2022\/03\/montilogo-1.png\",\"contentUrl\":\"https:\/\/monti.lt\/wp-content\/uploads\/2022\/03\/montilogo-1.png\",\"width\":512,\"height\":512,\"caption\":\"Montessori \u017eaislai\"},\"image\":{\"@id\":\"https:\/\/monti.lt\/#\/schema\/logo\/image\/\"}}]}<\/script>\n<!-- \/ Yoast SEO plugin. -->","yoast_head_json":{"title":"Multifunkcinis pie\u0161imo rinkinys 3-in-1 su spirografu ir grafiti lenta - Montessori \u017eaislai","robots":{"index":"index","follow":"follow","max-snippet":"max-snippet:-1","max-image-preview":"max-image-preview:large","max-video-preview":"max-video-preview:-1"},"canonical":"https:\/\/monti.lt\/en\/product\/multifunkcinis-piesimo-rinkinys-3-in-1-su-spirografu-ir-grafiti-lenta\/","og_locale":"en_US","og_type":"article","og_title":"Multifunkcinis pie\u0161imo rinkinys 3-in-1 su spirografu ir grafiti lenta - Montessori \u017eaislai","og_description":"3in1 meno lenta \u2013 \u201eMano pirmoji pie\u0161imo lenta\u201c \u2013 k\u016brybinis rinkinys vaikamsLeiskite savo vaikui atrasti meno ir k\u016brybi\u0161kumo pasaul\u012f su interaktyvia pie\u0161imo lenta \u201eMano pirmoji pie\u0161imo lenta\u201c.\u0160is unikalus 3-in-1 rinkinys si\u016blo smag\u0173 pie\u0161im\u0105, grafi\u010di\u0173 tapyb\u0105 ir nuostabi\u0173 ra\u0161t\u0173 k\u016brim\u0105 su spirografu.Rinkinio sud\u0117tis:49 elementai \u2013 viskas, ko reikia k\u016brybiniam \u017eaidimui, \u012fskaitant spalvotus \u017eymeklius, da\u017eus, besisukan\u010di\u0105 platform\u0105 [&hellip;]","og_url":"https:\/\/monti.lt\/en\/product\/multifunkcinis-piesimo-rinkinys-3-in-1-su-spirografu-ir-grafiti-lenta\/","og_site_name":"Montessori \u017eaislai","article_modified_time":"2025-12-14T14:26:09+00:00","og_image":[{"width":750,"height":750,"url":"https:\/\/monti.lt\/wp-content\/uploads\/2025\/09\/eng_pl_Creative-set-Art-board-3in1-Spirograph-Graffiti-Drawing-TA0109-21204_1.jpg","type":"image\/jpeg"}],"twitter_card":"summary_large_image","twitter_misc":{"Est. reading time":"2 minutes"},"schema":{"@context":"https:\/\/schema.org","@graph":[{"@type":"WebPage","@id":"https:\/\/monti.lt\/product\/multifunkcinis-piesimo-rinkinys-3-in-1-su-spirografu-ir-grafiti-lenta\/","url":"https:\/\/monti.lt\/product\/multifunkcinis-piesimo-rinkinys-3-in-1-su-spirografu-ir-grafiti-lenta\/","name":"Multifunkcinis pie\u0161imo rinkinys 3-in-1 su spirografu ir grafiti lenta - Montessori \u017eaislai","isPartOf":{"@id":"https:\/\/monti.lt\/#website"},"primaryImageOfPage":{"@id":"https:\/\/monti.lt\/product\/multifunkcinis-piesimo-rinkinys-3-in-1-su-spirografu-ir-grafiti-lenta\/#primaryimage"},"image":{"@id":"https:\/\/monti.lt\/product\/multifunkcinis-piesimo-rinkinys-3-in-1-su-spirografu-ir-grafiti-lenta\/#primaryimage"},"thumbnailUrl":"https:\/\/monti.lt\/wp-content\/uploads\/2025\/09\/eng_pl_Creative-set-Art-board-3in1-Spirograph-Graffiti-Drawing-TA0109-21204_1.jpg","datePublished":"2025-09-30T09:51:07+00:00","dateModified":"2025-12-14T14:26:09+00:00","breadcrumb":{"@id":"https:\/\/monti.lt\/product\/multifunkcinis-piesimo-rinkinys-3-in-1-su-spirografu-ir-grafiti-lenta\/#breadcrumb"},"inLanguage":"en-US","potentialAction":[{"@type":"ReadAction","target":["https:\/\/monti.lt\/product\/multifunkcinis-piesimo-rinkinys-3-in-1-su-spirografu-ir-grafiti-lenta\/"]}]},{"@type":"ImageObject","inLanguage":"en-US","@id":"https:\/\/monti.lt\/product\/multifunkcinis-piesimo-rinkinys-3-in-1-su-spirografu-ir-grafiti-lenta\/#primaryimage","url":"https:\/\/monti.lt\/wp-content\/uploads\/2025\/09\/eng_pl_Creative-set-Art-board-3in1-Spirograph-Graffiti-Drawing-TA0109-21204_1.jpg","contentUrl":"https:\/\/monti.lt\/wp-content\/uploads\/2025\/09\/eng_pl_Creative-set-Art-board-3in1-Spirograph-Graffiti-Drawing-TA0109-21204_1.jpg","width":750,"height":750,"caption":"piesimo rinkinys"},{"@type":"BreadcrumbList","@id":"https:\/\/monti.lt\/product\/multifunkcinis-piesimo-rinkinys-3-in-1-su-spirografu-ir-grafiti-lenta\/#breadcrumb","itemListElement":[{"@type":"ListItem","position":1,"name":"Home","item":"https:\/\/monti.lt\/"},{"@type":"ListItem","position":2,"name":"Parduotuv\u0117","item":"https:\/\/monti.lt\/shop\/"},{"@type":"ListItem","position":3,"name":"Multifunkcinis pie\u0161imo rinkinys 3-in-1 su spirografu ir grafiti lenta"}]},{"@type":"WebSite","@id":"https:\/\/monti.lt\/#website","url":"https:\/\/monti.lt\/","name":"Montessori \u017eaislai","description":"","publisher":{"@id":"https:\/\/monti.lt\/#organization"},"potentialAction":[{"@type":"SearchAction","target":{"@type":"EntryPoint","urlTemplate":"https:\/\/monti.lt\/?s={search_term_string}"},"query-input":"required name=search_term_string"}],"inLanguage":"en-US"},{"@type":"Organization","@id":"https:\/\/monti.lt\/#organization","name":"Montessori \u017eaislai","url":"https:\/\/monti.lt\/","logo":{"@type":"ImageObject","inLanguage":"en-US","@id":"https:\/\/monti.lt\/#\/schema\/logo\/image\/","url":"https:\/\/monti.lt\/wp-content\/uploads\/2022\/03\/montilogo-1.png","contentUrl":"https:\/\/monti.lt\/wp-content\/uploads\/2022\/03\/montilogo-1.png","width":512,"height":512,"caption":"Montessori \u017eaislai"},"image":{"@id":"https:\/\/monti.lt\/#\/schema\/logo\/image\/"}}]}},"_links":{"self":[{"href":"https:\/\/monti.lt\/en\/wp-json\/wp\/v2\/product\/33629"}],"collection":[{"href":"https:\/\/monti.lt\/en\/wp-json\/wp\/v2\/product"}],"about":[{"href":"https:\/\/monti.lt\/en\/wp-json\/wp\/v2\/types\/product"}],"version-history":[{"count":1,"href":"https:\/\/monti.lt\/en\/wp-json\/wp\/v2\/product\/33629\/revisions"}],"predecessor-version":[{"id":33631,"href":"https:\/\/monti.lt\/en\/wp-json\/wp\/v2\/product\/33629\/revisions\/33631"}],"wp:featuredmedia":[{"embeddable":true,"href":"https:\/\/monti.lt\/en\/wp-json\/wp\/v2\/media\/33630"}],"wp:attachment":[{"href":"https:\/\/monti.lt\/en\/wp-json\/wp\/v2\/media?parent=33629"}],"wp:term":[{"taxonomy":"product_cat","embeddable":true,"href":"https:\/\/monti.lt\/en\/wp-json\/wp\/v2\/product_cat?post=33629"},{"taxonomy":"product_tag","embeddable":true,"href":"https:\/\/monti.lt\/en\/wp-json\/wp\/v2\/product_tag?post=33629"}],"curies":[{"name":"wp","href":"https:\/\/api.w.org\/{rel}","templated":true}]}}