{"id":33641,"date":"2025-09-30T09:56:52","date_gmt":"2025-09-30T09:56:52","guid":{"rendered":"https:\/\/monti.lt\/?post_type=product&#038;p=33641"},"modified":"2025-11-25T17:56:33","modified_gmt":"2025-11-25T17:56:33","slug":"edukacinis-rinkinys-pasidaryk-pats-radijas","status":"publish","type":"product","link":"https:\/\/monti.lt\/en\/product\/edukacinis-rinkinys-pasidaryk-pats-radijas\/","title":{"rendered":"Edukacinis rinkinys pasidaryk pats &#8220;Radijas&#8221;"},"content":{"rendered":"<p>Mokomieji blokai savaranki\u0161kam radijo konstravimui. Plastikiniai blokai su grandin\u0117mis leis jums pasirinkti i\u0161 dviej\u0173 radijo modeli\u0173. Tai labai k\u016brybingas, mokomasis rinkinys kiekvienam ma\u017eam elektronikos m\u0117g\u0117jui.<br>I\u0161 blok\u0173 galite sukonstruoti<\/p>\n\n\n\n<ul class=\"wp-block-list\">\n<li>radij\u0105 be garsumo reguliavimo<\/li>\n\n\n\n<li>radij\u0105 su i\u0161samiomis garso reguliavimo galimyb\u0117mis (1 grandin\u0117 \u012fd\u0117ta i\u0161 apa\u010dios, antra grandin\u0117 matoma i\u0161 \u017eaislo vir\u0161aus).<br>Surinktas radijas:<\/li>\n\n\n\n<li>Radij\u0105 \u012fjunkite \/ i\u0161junkite naudodami mygtuk\u0105 62,<\/li>\n\n\n\n<li>FM radijo stot\u012f pasirinkite naudodami mygtuk\u0105 61<\/li>\n\n\n\n<li>Balso valdymas naudojant ranken\u0117l\u0119<br>Rinkin\u012f sudaro<\/li>\n\n\n\n<li>plastikinis d\u0117klas<\/li>\n\n\n\n<li>plastikin\u0117 platforma<\/li>\n\n\n\n<li>laidieji blokai<\/li>\n\n\n\n<li>garsiakalbis<\/li>\n\n\n\n<li>metalin\u0117, i\u0161tempiama antena<\/li>\n\n\n\n<li>instrukcija su paveiksl\u0117liais<br>Surinktas radijas skamba labai \u0161variai ir maloniai. Rinkinys leis jums suderinti pramogas su mokymusi.<br>\u017daislui reikalingos 3 1,5 V AA baterijos.<br>Sulankstyto rinkinio matmenys:<\/li>\n\n\n\n<li>16 x 13 x 15 cm<br>Rinkinys supakuotas \u012f kartonin\u0119 pakuot\u0119, tai bus puiki dovana. Vienas i\u0161 veiksmingiausi\u0173 b\u016bd\u0173 ugdyti vaik\u0173 bendravimo \u012fg\u016bd\u017eius yra kurti savo darbus. K\u016brybiniai \u017eaislai ugdo prot\u0105, geb\u0117jim\u0105 efektyviai i\u0161reik\u0161ti save ir perduoti savo ketinimus bei intencijas kitiems. K\u016brybini\u0173 \u017eaisl\u0173 k\u016brimas yra puikus b\u016bdas smagiai praleisti laik\u0105 su artimaisiais. <\/li>\n<\/ul>","protected":false},"excerpt":{"rendered":"<p>Mokomieji blokai savaranki\u0161kam radijo konstravimui. Plastikiniai blokai su grandin\u0117mis leis jums pasirinkti i\u0161 dviej\u0173 radijo modeli\u0173. Tai labai k\u016brybingas, mokomasis rinkinys kiekvienam ma\u017eam elektronikos m\u0117g\u0117jui.I\u0161 blok\u0173 galite sukonstruoti<\/p>","protected":false},"featured_media":33642,"template":"","meta":{"_acf_changed":false,"iawp_total_views":40},"product_cat":[217,197,191,87,84,91,90,202,49,39],"product_tag":[101,98,99,100],"class_list":{"0":"post-33641","1":"product","2":"type-product","3":"status-publish","4":"has-post-thumbnail","6":"product_cat-dovanos-5-7-metu-vaikams","7":"product_cat-dovanos-berniukams","8":"product_cat-dovanos-vaikams","9":"product_cat-kurybiniai-rinkiniai","10":"product_cat-lavinamieji-zaislai","11":"product_cat-loginiam-mastymui","12":"product_cat-pasaulio-pazinimas","13":"product_cat-vaaikiski-konstruktoriai","14":"product_cat-visi-zaislai","15":"product_cat-zaislai","16":"product_tag-12-m-14-m","17":"product_tag-5-m-7-m","18":"product_tag-8-m-11-m","19":"product_tag-15-m","21":"first","22":"outofstock","23":"sale","24":"taxable","25":"shipping-taxable","26":"purchasable","27":"product-type-simple"},"acf":[],"yoast_head":"<!-- This site is optimized with the Yoast SEO plugin v23.3 - https:\/\/yoast.com\/wordpress\/plugins\/seo\/ -->\n<title>Edukacinis rinkinys pasidaryk pats &quot;Radijas&quot; - Montessori \u017eaislai<\/title>\n<meta name=\"robots\" content=\"index, follow, max-snippet:-1, max-image-preview:large, max-video-preview:-1\" \/>\n<link rel=\"canonical\" href=\"https:\/\/monti.lt\/en\/product\/edukacinis-rinkinys-pasidaryk-pats-radijas\/\" \/>\n<meta property=\"og:locale\" content=\"en_US\" \/>\n<meta property=\"og:type\" content=\"article\" \/>\n<meta property=\"og:title\" content=\"Edukacinis rinkinys pasidaryk pats &quot;Radijas&quot; - Montessori \u017eaislai\" \/>\n<meta property=\"og:description\" content=\"Mokomieji blokai savaranki\u0161kam radijo konstravimui. Plastikiniai blokai su grandin\u0117mis leis jums pasirinkti i\u0161 dviej\u0173 radijo modeli\u0173. Tai labai k\u016brybingas, mokomasis rinkinys kiekvienam ma\u017eam elektronikos m\u0117g\u0117jui.I\u0161 blok\u0173 galite sukonstruoti\" \/>\n<meta property=\"og:url\" content=\"https:\/\/monti.lt\/en\/product\/edukacinis-rinkinys-pasidaryk-pats-radijas\/\" \/>\n<meta property=\"og:site_name\" content=\"Montessori \u017eaislai\" \/>\n<meta property=\"article:modified_time\" content=\"2025-11-25T17:56:33+00:00\" \/>\n<meta property=\"og:image\" content=\"https:\/\/monti.lt\/wp-content\/uploads\/2025\/09\/eng_pl_DIY-blocks-RADIO-educational-set-ZA3980-17275_1.jpg\" \/>\n\t<meta property=\"og:image:width\" content=\"750\" \/>\n\t<meta property=\"og:image:height\" content=\"750\" \/>\n\t<meta property=\"og:image:type\" content=\"image\/jpeg\" \/>\n<meta name=\"twitter:card\" content=\"summary_large_image\" \/>\n<meta name=\"twitter:label1\" content=\"Est. reading time\" \/>\n\t<meta name=\"twitter:data1\" content=\"2 minutes\" \/>\n<script type=\"application\/ld+json\" class=\"yoast-schema-graph\">{\"@context\":\"https:\/\/schema.org\",\"@graph\":[{\"@type\":\"WebPage\",\"@id\":\"https:\/\/monti.lt\/product\/edukacinis-rinkinys-pasidaryk-pats-radijas\/\",\"url\":\"https:\/\/monti.lt\/product\/edukacinis-rinkinys-pasidaryk-pats-radijas\/\",\"name\":\"Edukacinis rinkinys pasidaryk pats \\\"Radijas\\\" - Montessori \u017eaislai\",\"isPartOf\":{\"@id\":\"https:\/\/monti.lt\/#website\"},\"primaryImageOfPage\":{\"@id\":\"https:\/\/monti.lt\/product\/edukacinis-rinkinys-pasidaryk-pats-radijas\/#primaryimage\"},\"image\":{\"@id\":\"https:\/\/monti.lt\/product\/edukacinis-rinkinys-pasidaryk-pats-radijas\/#primaryimage\"},\"thumbnailUrl\":\"https:\/\/monti.lt\/wp-content\/uploads\/2025\/09\/eng_pl_DIY-blocks-RADIO-educational-set-ZA3980-17275_1.jpg\",\"datePublished\":\"2025-09-30T09:56:52+00:00\",\"dateModified\":\"2025-11-25T17:56:33+00:00\",\"breadcrumb\":{\"@id\":\"https:\/\/monti.lt\/product\/edukacinis-rinkinys-pasidaryk-pats-radijas\/#breadcrumb\"},\"inLanguage\":\"en-US\",\"potentialAction\":[{\"@type\":\"ReadAction\",\"target\":[\"https:\/\/monti.lt\/product\/edukacinis-rinkinys-pasidaryk-pats-radijas\/\"]}]},{\"@type\":\"ImageObject\",\"inLanguage\":\"en-US\",\"@id\":\"https:\/\/monti.lt\/product\/edukacinis-rinkinys-pasidaryk-pats-radijas\/#primaryimage\",\"url\":\"https:\/\/monti.lt\/wp-content\/uploads\/2025\/09\/eng_pl_DIY-blocks-RADIO-educational-set-ZA3980-17275_1.jpg\",\"contentUrl\":\"https:\/\/monti.lt\/wp-content\/uploads\/2025\/09\/eng_pl_DIY-blocks-RADIO-educational-set-ZA3980-17275_1.jpg\",\"width\":750,\"height\":750,\"caption\":\"DIY\"},{\"@type\":\"BreadcrumbList\",\"@id\":\"https:\/\/monti.lt\/product\/edukacinis-rinkinys-pasidaryk-pats-radijas\/#breadcrumb\",\"itemListElement\":[{\"@type\":\"ListItem\",\"position\":1,\"name\":\"Home\",\"item\":\"https:\/\/monti.lt\/\"},{\"@type\":\"ListItem\",\"position\":2,\"name\":\"Parduotuv\u0117\",\"item\":\"https:\/\/monti.lt\/shop\/\"},{\"@type\":\"ListItem\",\"position\":3,\"name\":\"Edukacinis rinkinys pasidaryk pats &#8220;Radijas&#8221;\"}]},{\"@type\":\"WebSite\",\"@id\":\"https:\/\/monti.lt\/#website\",\"url\":\"https:\/\/monti.lt\/\",\"name\":\"Montessori \u017eaislai\",\"description\":\"\",\"publisher\":{\"@id\":\"https:\/\/monti.lt\/#organization\"},\"potentialAction\":[{\"@type\":\"SearchAction\",\"target\":{\"@type\":\"EntryPoint\",\"urlTemplate\":\"https:\/\/monti.lt\/?s={search_term_string}\"},\"query-input\":\"required name=search_term_string\"}],\"inLanguage\":\"en-US\"},{\"@type\":\"Organization\",\"@id\":\"https:\/\/monti.lt\/#organization\",\"name\":\"Montessori \u017eaislai\",\"url\":\"https:\/\/monti.lt\/\",\"logo\":{\"@type\":\"ImageObject\",\"inLanguage\":\"en-US\",\"@id\":\"https:\/\/monti.lt\/#\/schema\/logo\/image\/\",\"url\":\"https:\/\/monti.lt\/wp-content\/uploads\/2022\/03\/montilogo-1.png\",\"contentUrl\":\"https:\/\/monti.lt\/wp-content\/uploads\/2022\/03\/montilogo-1.png\",\"width\":512,\"height\":512,\"caption\":\"Montessori \u017eaislai\"},\"image\":{\"@id\":\"https:\/\/monti.lt\/#\/schema\/logo\/image\/\"}}]}<\/script>\n<!-- \/ Yoast SEO plugin. -->","yoast_head_json":{"title":"Edukacinis rinkinys pasidaryk pats \"Radijas\" - Montessori \u017eaislai","robots":{"index":"index","follow":"follow","max-snippet":"max-snippet:-1","max-image-preview":"max-image-preview:large","max-video-preview":"max-video-preview:-1"},"canonical":"https:\/\/monti.lt\/en\/product\/edukacinis-rinkinys-pasidaryk-pats-radijas\/","og_locale":"en_US","og_type":"article","og_title":"Edukacinis rinkinys pasidaryk pats \"Radijas\" - Montessori \u017eaislai","og_description":"Mokomieji blokai savaranki\u0161kam radijo konstravimui. Plastikiniai blokai su grandin\u0117mis leis jums pasirinkti i\u0161 dviej\u0173 radijo modeli\u0173. Tai labai k\u016brybingas, mokomasis rinkinys kiekvienam ma\u017eam elektronikos m\u0117g\u0117jui.I\u0161 blok\u0173 galite sukonstruoti","og_url":"https:\/\/monti.lt\/en\/product\/edukacinis-rinkinys-pasidaryk-pats-radijas\/","og_site_name":"Montessori \u017eaislai","article_modified_time":"2025-11-25T17:56:33+00:00","og_image":[{"width":750,"height":750,"url":"https:\/\/monti.lt\/wp-content\/uploads\/2025\/09\/eng_pl_DIY-blocks-RADIO-educational-set-ZA3980-17275_1.jpg","type":"image\/jpeg"}],"twitter_card":"summary_large_image","twitter_misc":{"Est. reading time":"2 minutes"},"schema":{"@context":"https:\/\/schema.org","@graph":[{"@type":"WebPage","@id":"https:\/\/monti.lt\/product\/edukacinis-rinkinys-pasidaryk-pats-radijas\/","url":"https:\/\/monti.lt\/product\/edukacinis-rinkinys-pasidaryk-pats-radijas\/","name":"Edukacinis rinkinys pasidaryk pats \"Radijas\" - Montessori \u017eaislai","isPartOf":{"@id":"https:\/\/monti.lt\/#website"},"primaryImageOfPage":{"@id":"https:\/\/monti.lt\/product\/edukacinis-rinkinys-pasidaryk-pats-radijas\/#primaryimage"},"image":{"@id":"https:\/\/monti.lt\/product\/edukacinis-rinkinys-pasidaryk-pats-radijas\/#primaryimage"},"thumbnailUrl":"https:\/\/monti.lt\/wp-content\/uploads\/2025\/09\/eng_pl_DIY-blocks-RADIO-educational-set-ZA3980-17275_1.jpg","datePublished":"2025-09-30T09:56:52+00:00","dateModified":"2025-11-25T17:56:33+00:00","breadcrumb":{"@id":"https:\/\/monti.lt\/product\/edukacinis-rinkinys-pasidaryk-pats-radijas\/#breadcrumb"},"inLanguage":"en-US","potentialAction":[{"@type":"ReadAction","target":["https:\/\/monti.lt\/product\/edukacinis-rinkinys-pasidaryk-pats-radijas\/"]}]},{"@type":"ImageObject","inLanguage":"en-US","@id":"https:\/\/monti.lt\/product\/edukacinis-rinkinys-pasidaryk-pats-radijas\/#primaryimage","url":"https:\/\/monti.lt\/wp-content\/uploads\/2025\/09\/eng_pl_DIY-blocks-RADIO-educational-set-ZA3980-17275_1.jpg","contentUrl":"https:\/\/monti.lt\/wp-content\/uploads\/2025\/09\/eng_pl_DIY-blocks-RADIO-educational-set-ZA3980-17275_1.jpg","width":750,"height":750,"caption":"DIY"},{"@type":"BreadcrumbList","@id":"https:\/\/monti.lt\/product\/edukacinis-rinkinys-pasidaryk-pats-radijas\/#breadcrumb","itemListElement":[{"@type":"ListItem","position":1,"name":"Home","item":"https:\/\/monti.lt\/"},{"@type":"ListItem","position":2,"name":"Parduotuv\u0117","item":"https:\/\/monti.lt\/shop\/"},{"@type":"ListItem","position":3,"name":"Edukacinis rinkinys pasidaryk pats &#8220;Radijas&#8221;"}]},{"@type":"WebSite","@id":"https:\/\/monti.lt\/#website","url":"https:\/\/monti.lt\/","name":"Montessori \u017eaislai","description":"","publisher":{"@id":"https:\/\/monti.lt\/#organization"},"potentialAction":[{"@type":"SearchAction","target":{"@type":"EntryPoint","urlTemplate":"https:\/\/monti.lt\/?s={search_term_string}"},"query-input":"required name=search_term_string"}],"inLanguage":"en-US"},{"@type":"Organization","@id":"https:\/\/monti.lt\/#organization","name":"Montessori \u017eaislai","url":"https:\/\/monti.lt\/","logo":{"@type":"ImageObject","inLanguage":"en-US","@id":"https:\/\/monti.lt\/#\/schema\/logo\/image\/","url":"https:\/\/monti.lt\/wp-content\/uploads\/2022\/03\/montilogo-1.png","contentUrl":"https:\/\/monti.lt\/wp-content\/uploads\/2022\/03\/montilogo-1.png","width":512,"height":512,"caption":"Montessori \u017eaislai"},"image":{"@id":"https:\/\/monti.lt\/#\/schema\/logo\/image\/"}}]}},"_links":{"self":[{"href":"https:\/\/monti.lt\/en\/wp-json\/wp\/v2\/product\/33641"}],"collection":[{"href":"https:\/\/monti.lt\/en\/wp-json\/wp\/v2\/product"}],"about":[{"href":"https:\/\/monti.lt\/en\/wp-json\/wp\/v2\/types\/product"}],"version-history":[{"count":1,"href":"https:\/\/monti.lt\/en\/wp-json\/wp\/v2\/product\/33641\/revisions"}],"predecessor-version":[{"id":33649,"href":"https:\/\/monti.lt\/en\/wp-json\/wp\/v2\/product\/33641\/revisions\/33649"}],"wp:featuredmedia":[{"embeddable":true,"href":"https:\/\/monti.lt\/en\/wp-json\/wp\/v2\/media\/33642"}],"wp:attachment":[{"href":"https:\/\/monti.lt\/en\/wp-json\/wp\/v2\/media?parent=33641"}],"wp:term":[{"taxonomy":"product_cat","embeddable":true,"href":"https:\/\/monti.lt\/en\/wp-json\/wp\/v2\/product_cat?post=33641"},{"taxonomy":"product_tag","embeddable":true,"href":"https:\/\/monti.lt\/en\/wp-json\/wp\/v2\/product_tag?post=33641"}],"curies":[{"name":"wp","href":"https:\/\/api.w.org\/{rel}","templated":true}]}}