{"id":33650,"date":"2025-09-30T10:00:20","date_gmt":"2025-09-30T10:00:20","guid":{"rendered":"https:\/\/monti.lt\/?post_type=product&#038;p=33650"},"modified":"2026-03-02T06:26:01","modified_gmt":"2026-03-02T06:26:01","slug":"edukacinis-rinkinys-su-plancete","status":"publish","type":"product","link":"https:\/\/monti.lt\/en\/product\/edukacinis-rinkinys-su-plancete\/","title":{"rendered":"Edukacinis rinkinys su plan\u010dete\u00a0"},"content":{"rendered":"<p>Edukacinis 3-in-1 rinkinys su LCD lenta ir priedais<br>\u0160is b\u016btinas edukacinis rinkinys yra puiki priemon\u0117, pad\u0117sianti j\u016bs\u0173 vaikui i\u0161mokti ab\u0117c\u0117l\u0119, kurti \u017eod\u017eius ir, svarbiausia, \u012fdomiai \u012fsisavinti angl\u0173 kalb\u0105.<br>LCD plan\u0161etinis kompiuteris su ra\u0161ikliu<br>Rinkinio pagrindinis elementas yra plan\u0161etinis kompiuteris su LCD lenta ir ra\u0161ikliu, leid\u017eiantis j\u016bs\u0173 vaikui ra\u0161yti ar pie\u0161ti ant jo. Aplink ekran\u0105 yra judamos spalvotos raid\u0117s, kurias galima perkelti ir sud\u0117lioti \u012f \u017eod\u017eius. Plan\u0161et\u0117je taip pat yra apvalus \u201e\u0161iuk\u0161li\u0173\u201c mygtukas, kuris vienu paspaudimu i\u0161valo ekran\u0105. Kad b\u016bt\u0173 i\u0161vengta nety\u010dinio i\u0161trinimo, plan\u0161et\u0117s gale yra juodas slankiklis, kuris u\u017erakina \u201e\u0161iuk\u0161li\u0173\u201c mygtuk\u0105.<br>Angl\u0173 kalbos mokymosi kortel\u0117s<br>Komplekte yra 20 dvipusi\u0173 korteli\u0173 su i\u0161 viso 226 angl\u0173 kalbos \u017eod\u017eiais. \u0160ie \u017eod\u017eiai pateikiami tiek teisingu ra\u0161ymu, tiek foneti\u0161kai (siekiant palengvinti tarim\u0105). Kiekvienas \u017eodis yra iliustruotas paveiksl\u0117liu, padedan\u010diu vaikams susieti \u017eod\u012f su jo vaizdiniu atvaizdu, kad b\u016bt\u0173 lengviau \u012fsiminti.<br>Formos \u2013 spalvingas medinis \u201eTetris\u201c<br>Komplekte yra spalvingi mediniai blokeliai, kuriuos galima d\u0117ti tiek ant plan\u0161etinio kompiuterio ekrano nugaros, tiek bet kurioje kambario vietoje.<br>3-in-1 \u2013 i\u0161samus mokymasis ir pramogos<br>\u017dod\u017ei\u0173 pratimai \u2013 \u012fdomus b\u016bdas mokytis ab\u0117c\u0117l\u0117s ir sudaryti \u017eod\u017eius.<br>LCD lenta \u2013 vieta ra\u0161yti, pie\u0161ti ir eksperimentuoti.<br>Edukaciniai galvos\u016bkiai \u2013 \u012fdomios u\u017eduotys ir veiklos, stiprinan\u010dios kalbos \u012fg\u016bd\u017eius.<br>Pagrindin\u0117s savyb\u0117s:<br>Ra\u0161ybos ir \u017eod\u017ei\u0173 sudarymo pratimai<br>LCD ekranas su pie\u0161tuku<\/p>\n\n\n\n<p>Ekrano i\u0161valymas vienu mygtuko paspaudimu<br>Ekrano u\u017erakto funkcija<br>Edukaciniai galvos\u016bkiai<br>Komplekte yra:<br>Plan\u0161etinis kompiuteris su pie\u0161tuku<br>Spalvoti blokai<br>20 mokymosi korteli\u0173<br>Maitinimas:<br>1 x CR2025 baterija (\u012ftraukta)<br>Matmenys:<\/p>\n\n\n\n<ul class=\"wp-block-list\">\n<li>plan\u0161etinis kompiuteris: 30,5 x 21,5 x 1 cm<\/li>\n\n\n\n<li>ekranas (ra\u0161ymo sritis): 9 x 19 cm<br>Edukacinis 3-in-1 rinkinys yra novatori\u0161kas \u012frankis, kuris derina mokym\u0105si ir pramogas, pad\u0117damas vaikams \u012fsisavinti ab\u0117c\u0117l\u0119, \u017eodyn\u0105 ir ra\u0161yb\u0105 linksmu ir interaktyviu b\u016bdu.<\/li>\n<\/ul>","protected":false},"excerpt":{"rendered":"<p>Edukacinis 3-in-1 rinkinys su LCD lenta ir priedais\u0160is b\u016btinas edukacinis rinkinys yra puiki priemon\u0117, pad\u0117sianti j\u016bs\u0173 vaikui i\u0161mokti ab\u0117c\u0117l\u0119, kurti \u017eod\u017eius ir, svarbiausia, \u012fdomiai \u012fsisavinti angl\u0173 kalb\u0105.LCD plan\u0161etinis kompiuteris su ra\u0161ikliuRinkinio pagrindinis elementas yra plan\u0161etinis kompiuteris su LCD lenta ir ra\u0161ikliu, leid\u017eiantis j\u016bs\u0173 vaikui ra\u0161yti ar pie\u0161ti ant jo. Aplink ekran\u0105 yra judamos spalvotos raid\u0117s, [&hellip;]<\/p>","protected":false},"featured_media":33651,"template":"","meta":{"_acf_changed":false,"iawp_total_views":287},"product_cat":[216,217,191,84,89,90,86,199,49,39],"product_tag":[97,98,99],"class_list":{"0":"post-33650","1":"product","2":"type-product","3":"status-publish","4":"has-post-thumbnail","6":"product_cat-dovanos-4-5-metu-vaikams","7":"product_cat-dovanos-5-7-metu-vaikams","8":"product_cat-dovanos-vaikams","9":"product_cat-lavinamieji-zaislai","10":"product_cat-mokausi-piesti","11":"product_cat-pasaulio-pazinimas","12":"product_cat-smulkioji-motorika","13":"product_cat-ugdymo-istaigoms","14":"product_cat-visi-zaislai","15":"product_cat-zaislai","16":"product_tag-3-m-4-m","17":"product_tag-5-m-7-m","18":"product_tag-8-m-11-m","20":"first","21":"instock","22":"taxable","23":"shipping-taxable","24":"purchasable","25":"product-type-simple"},"acf":[],"yoast_head":"<!-- This site is optimized with the Yoast SEO plugin v23.3 - https:\/\/yoast.com\/wordpress\/plugins\/seo\/ -->\n<title>Edukacinis rinkinys su plan\u010dete\u00a0 - Montessori \u017eaislai<\/title>\n<meta name=\"robots\" content=\"index, follow, max-snippet:-1, max-image-preview:large, max-video-preview:-1\" \/>\n<link rel=\"canonical\" href=\"https:\/\/monti.lt\/en\/product\/edukacinis-rinkinys-su-plancete\/\" \/>\n<meta property=\"og:locale\" content=\"en_US\" \/>\n<meta property=\"og:type\" content=\"article\" \/>\n<meta property=\"og:title\" content=\"Edukacinis rinkinys su plan\u010dete\u00a0 - Montessori \u017eaislai\" \/>\n<meta property=\"og:description\" content=\"Edukacinis 3-in-1 rinkinys su LCD lenta ir priedais\u0160is b\u016btinas edukacinis rinkinys yra puiki priemon\u0117, pad\u0117sianti j\u016bs\u0173 vaikui i\u0161mokti ab\u0117c\u0117l\u0119, kurti \u017eod\u017eius ir, svarbiausia, \u012fdomiai \u012fsisavinti angl\u0173 kalb\u0105.LCD plan\u0161etinis kompiuteris su ra\u0161ikliuRinkinio pagrindinis elementas yra plan\u0161etinis kompiuteris su LCD lenta ir ra\u0161ikliu, leid\u017eiantis j\u016bs\u0173 vaikui ra\u0161yti ar pie\u0161ti ant jo. Aplink ekran\u0105 yra judamos spalvotos raid\u0117s, [&hellip;]\" \/>\n<meta property=\"og:url\" content=\"https:\/\/monti.lt\/en\/product\/edukacinis-rinkinys-su-plancete\/\" \/>\n<meta property=\"og:site_name\" content=\"Montessori \u017eaislai\" \/>\n<meta property=\"article:modified_time\" content=\"2026-03-02T06:26:01+00:00\" \/>\n<meta property=\"og:image\" content=\"https:\/\/monti.lt\/wp-content\/uploads\/2025\/09\/eng_pl_Educational-set-3in1-LCD-board-cards-for-LEARNING-ENGLISH-TA0113-21731_6.jpg\" \/>\n\t<meta property=\"og:image:width\" content=\"750\" \/>\n\t<meta property=\"og:image:height\" content=\"750\" \/>\n\t<meta property=\"og:image:type\" content=\"image\/jpeg\" \/>\n<meta name=\"twitter:card\" content=\"summary_large_image\" \/>\n<meta name=\"twitter:label1\" content=\"Est. reading time\" \/>\n\t<meta name=\"twitter:data1\" content=\"2 minutes\" \/>\n<script type=\"application\/ld+json\" class=\"yoast-schema-graph\">{\"@context\":\"https:\/\/schema.org\",\"@graph\":[{\"@type\":\"WebPage\",\"@id\":\"https:\/\/monti.lt\/product\/edukacinis-rinkinys-su-plancete\/\",\"url\":\"https:\/\/monti.lt\/product\/edukacinis-rinkinys-su-plancete\/\",\"name\":\"Edukacinis rinkinys su plan\u010dete\u00a0 - Montessori \u017eaislai\",\"isPartOf\":{\"@id\":\"https:\/\/monti.lt\/#website\"},\"primaryImageOfPage\":{\"@id\":\"https:\/\/monti.lt\/product\/edukacinis-rinkinys-su-plancete\/#primaryimage\"},\"image\":{\"@id\":\"https:\/\/monti.lt\/product\/edukacinis-rinkinys-su-plancete\/#primaryimage\"},\"thumbnailUrl\":\"https:\/\/monti.lt\/wp-content\/uploads\/2025\/09\/eng_pl_Educational-set-3in1-LCD-board-cards-for-LEARNING-ENGLISH-TA0113-21731_6.jpg\",\"datePublished\":\"2025-09-30T10:00:20+00:00\",\"dateModified\":\"2026-03-02T06:26:01+00:00\",\"breadcrumb\":{\"@id\":\"https:\/\/monti.lt\/product\/edukacinis-rinkinys-su-plancete\/#breadcrumb\"},\"inLanguage\":\"en-US\",\"potentialAction\":[{\"@type\":\"ReadAction\",\"target\":[\"https:\/\/monti.lt\/product\/edukacinis-rinkinys-su-plancete\/\"]}]},{\"@type\":\"ImageObject\",\"inLanguage\":\"en-US\",\"@id\":\"https:\/\/monti.lt\/product\/edukacinis-rinkinys-su-plancete\/#primaryimage\",\"url\":\"https:\/\/monti.lt\/wp-content\/uploads\/2025\/09\/eng_pl_Educational-set-3in1-LCD-board-cards-for-LEARNING-ENGLISH-TA0113-21731_6.jpg\",\"contentUrl\":\"https:\/\/monti.lt\/wp-content\/uploads\/2025\/09\/eng_pl_Educational-set-3in1-LCD-board-cards-for-LEARNING-ENGLISH-TA0113-21731_6.jpg\",\"width\":750,\"height\":750,\"caption\":\"edukacine lenta\"},{\"@type\":\"BreadcrumbList\",\"@id\":\"https:\/\/monti.lt\/product\/edukacinis-rinkinys-su-plancete\/#breadcrumb\",\"itemListElement\":[{\"@type\":\"ListItem\",\"position\":1,\"name\":\"Home\",\"item\":\"https:\/\/monti.lt\/\"},{\"@type\":\"ListItem\",\"position\":2,\"name\":\"Parduotuv\u0117\",\"item\":\"https:\/\/monti.lt\/shop\/\"},{\"@type\":\"ListItem\",\"position\":3,\"name\":\"Edukacinis rinkinys su plan\u010dete\u00a0\"}]},{\"@type\":\"WebSite\",\"@id\":\"https:\/\/monti.lt\/#website\",\"url\":\"https:\/\/monti.lt\/\",\"name\":\"Montessori \u017eaislai\",\"description\":\"\",\"publisher\":{\"@id\":\"https:\/\/monti.lt\/#organization\"},\"potentialAction\":[{\"@type\":\"SearchAction\",\"target\":{\"@type\":\"EntryPoint\",\"urlTemplate\":\"https:\/\/monti.lt\/?s={search_term_string}\"},\"query-input\":\"required name=search_term_string\"}],\"inLanguage\":\"en-US\"},{\"@type\":\"Organization\",\"@id\":\"https:\/\/monti.lt\/#organization\",\"name\":\"Montessori \u017eaislai\",\"url\":\"https:\/\/monti.lt\/\",\"logo\":{\"@type\":\"ImageObject\",\"inLanguage\":\"en-US\",\"@id\":\"https:\/\/monti.lt\/#\/schema\/logo\/image\/\",\"url\":\"https:\/\/monti.lt\/wp-content\/uploads\/2022\/03\/montilogo-1.png\",\"contentUrl\":\"https:\/\/monti.lt\/wp-content\/uploads\/2022\/03\/montilogo-1.png\",\"width\":512,\"height\":512,\"caption\":\"Montessori \u017eaislai\"},\"image\":{\"@id\":\"https:\/\/monti.lt\/#\/schema\/logo\/image\/\"}}]}<\/script>\n<!-- \/ Yoast SEO plugin. -->","yoast_head_json":{"title":"Edukacinis rinkinys su plan\u010dete\u00a0 - Montessori \u017eaislai","robots":{"index":"index","follow":"follow","max-snippet":"max-snippet:-1","max-image-preview":"max-image-preview:large","max-video-preview":"max-video-preview:-1"},"canonical":"https:\/\/monti.lt\/en\/product\/edukacinis-rinkinys-su-plancete\/","og_locale":"en_US","og_type":"article","og_title":"Edukacinis rinkinys su plan\u010dete\u00a0 - Montessori \u017eaislai","og_description":"Edukacinis 3-in-1 rinkinys su LCD lenta ir priedais\u0160is b\u016btinas edukacinis rinkinys yra puiki priemon\u0117, pad\u0117sianti j\u016bs\u0173 vaikui i\u0161mokti ab\u0117c\u0117l\u0119, kurti \u017eod\u017eius ir, svarbiausia, \u012fdomiai \u012fsisavinti angl\u0173 kalb\u0105.LCD plan\u0161etinis kompiuteris su ra\u0161ikliuRinkinio pagrindinis elementas yra plan\u0161etinis kompiuteris su LCD lenta ir ra\u0161ikliu, leid\u017eiantis j\u016bs\u0173 vaikui ra\u0161yti ar pie\u0161ti ant jo. Aplink ekran\u0105 yra judamos spalvotos raid\u0117s, [&hellip;]","og_url":"https:\/\/monti.lt\/en\/product\/edukacinis-rinkinys-su-plancete\/","og_site_name":"Montessori \u017eaislai","article_modified_time":"2026-03-02T06:26:01+00:00","og_image":[{"width":750,"height":750,"url":"https:\/\/monti.lt\/wp-content\/uploads\/2025\/09\/eng_pl_Educational-set-3in1-LCD-board-cards-for-LEARNING-ENGLISH-TA0113-21731_6.jpg","type":"image\/jpeg"}],"twitter_card":"summary_large_image","twitter_misc":{"Est. reading time":"2 minutes"},"schema":{"@context":"https:\/\/schema.org","@graph":[{"@type":"WebPage","@id":"https:\/\/monti.lt\/product\/edukacinis-rinkinys-su-plancete\/","url":"https:\/\/monti.lt\/product\/edukacinis-rinkinys-su-plancete\/","name":"Edukacinis rinkinys su plan\u010dete\u00a0 - Montessori \u017eaislai","isPartOf":{"@id":"https:\/\/monti.lt\/#website"},"primaryImageOfPage":{"@id":"https:\/\/monti.lt\/product\/edukacinis-rinkinys-su-plancete\/#primaryimage"},"image":{"@id":"https:\/\/monti.lt\/product\/edukacinis-rinkinys-su-plancete\/#primaryimage"},"thumbnailUrl":"https:\/\/monti.lt\/wp-content\/uploads\/2025\/09\/eng_pl_Educational-set-3in1-LCD-board-cards-for-LEARNING-ENGLISH-TA0113-21731_6.jpg","datePublished":"2025-09-30T10:00:20+00:00","dateModified":"2026-03-02T06:26:01+00:00","breadcrumb":{"@id":"https:\/\/monti.lt\/product\/edukacinis-rinkinys-su-plancete\/#breadcrumb"},"inLanguage":"en-US","potentialAction":[{"@type":"ReadAction","target":["https:\/\/monti.lt\/product\/edukacinis-rinkinys-su-plancete\/"]}]},{"@type":"ImageObject","inLanguage":"en-US","@id":"https:\/\/monti.lt\/product\/edukacinis-rinkinys-su-plancete\/#primaryimage","url":"https:\/\/monti.lt\/wp-content\/uploads\/2025\/09\/eng_pl_Educational-set-3in1-LCD-board-cards-for-LEARNING-ENGLISH-TA0113-21731_6.jpg","contentUrl":"https:\/\/monti.lt\/wp-content\/uploads\/2025\/09\/eng_pl_Educational-set-3in1-LCD-board-cards-for-LEARNING-ENGLISH-TA0113-21731_6.jpg","width":750,"height":750,"caption":"edukacine lenta"},{"@type":"BreadcrumbList","@id":"https:\/\/monti.lt\/product\/edukacinis-rinkinys-su-plancete\/#breadcrumb","itemListElement":[{"@type":"ListItem","position":1,"name":"Home","item":"https:\/\/monti.lt\/"},{"@type":"ListItem","position":2,"name":"Parduotuv\u0117","item":"https:\/\/monti.lt\/shop\/"},{"@type":"ListItem","position":3,"name":"Edukacinis rinkinys su plan\u010dete\u00a0"}]},{"@type":"WebSite","@id":"https:\/\/monti.lt\/#website","url":"https:\/\/monti.lt\/","name":"Montessori \u017eaislai","description":"","publisher":{"@id":"https:\/\/monti.lt\/#organization"},"potentialAction":[{"@type":"SearchAction","target":{"@type":"EntryPoint","urlTemplate":"https:\/\/monti.lt\/?s={search_term_string}"},"query-input":"required name=search_term_string"}],"inLanguage":"en-US"},{"@type":"Organization","@id":"https:\/\/monti.lt\/#organization","name":"Montessori \u017eaislai","url":"https:\/\/monti.lt\/","logo":{"@type":"ImageObject","inLanguage":"en-US","@id":"https:\/\/monti.lt\/#\/schema\/logo\/image\/","url":"https:\/\/monti.lt\/wp-content\/uploads\/2022\/03\/montilogo-1.png","contentUrl":"https:\/\/monti.lt\/wp-content\/uploads\/2022\/03\/montilogo-1.png","width":512,"height":512,"caption":"Montessori \u017eaislai"},"image":{"@id":"https:\/\/monti.lt\/#\/schema\/logo\/image\/"}}]}},"_links":{"self":[{"href":"https:\/\/monti.lt\/en\/wp-json\/wp\/v2\/product\/33650"}],"collection":[{"href":"https:\/\/monti.lt\/en\/wp-json\/wp\/v2\/product"}],"about":[{"href":"https:\/\/monti.lt\/en\/wp-json\/wp\/v2\/types\/product"}],"version-history":[{"count":1,"href":"https:\/\/monti.lt\/en\/wp-json\/wp\/v2\/product\/33650\/revisions"}],"predecessor-version":[{"id":33658,"href":"https:\/\/monti.lt\/en\/wp-json\/wp\/v2\/product\/33650\/revisions\/33658"}],"wp:featuredmedia":[{"embeddable":true,"href":"https:\/\/monti.lt\/en\/wp-json\/wp\/v2\/media\/33651"}],"wp:attachment":[{"href":"https:\/\/monti.lt\/en\/wp-json\/wp\/v2\/media?parent=33650"}],"wp:term":[{"taxonomy":"product_cat","embeddable":true,"href":"https:\/\/monti.lt\/en\/wp-json\/wp\/v2\/product_cat?post=33650"},{"taxonomy":"product_tag","embeddable":true,"href":"https:\/\/monti.lt\/en\/wp-json\/wp\/v2\/product_tag?post=33650"}],"curies":[{"name":"wp","href":"https:\/\/api.w.org\/{rel}","templated":true}]}}