{"id":33659,"date":"2025-09-30T10:03:06","date_gmt":"2025-09-30T10:03:06","guid":{"rendered":"https:\/\/monti.lt\/?post_type=product&#038;p=33659"},"modified":"2025-11-29T12:23:25","modified_gmt":"2025-11-29T12:23:25","slug":"igudziu-zaidimas-greiti-puodeliai","status":"publish","type":"product","link":"https:\/\/monti.lt\/en\/product\/igudziu-zaidimas-greiti-puodeliai\/","title":{"rendered":"\u012eg\u016bd\u017ei\u0173 \u017eaidimas &#8220;Greiti Puodeliai&#8221;"},"content":{"rendered":"<p>Arkadinis \u017eaidimas \u201eFast Cups\u201c \u2013 sukurkite ir j\u016bs originali\u0105 konstrukcij\u0105<br>Vaiko vaizduot\u0117 yra berib\u0117, o tinkami \u017eaislai gali j\u0105 stimuliuoti nepaprastais b\u016bdais. Greitai surenkamas puodeli\u0173 rinkinys yra k\u016brybingas pasirinkimas jauniems statybininkams, kurie m\u0117gsta kurti, eksperimentuoti ir statyti savo pasaul\u012f.<\/p>\n\n\n\n<p>Kiekviena detal\u0117 yra trikampis puodelis, kurio ilgis yra apie 8 cm, vienos pus\u0117s plotis \u2013 7 cm, o kitos \u2013 3 cm. Tokia konstrukcija leid\u017eia puodelius laisvai sujungti ir sud\u0117lioti \u012f \u012fvairias strukt\u016bras. Puodeli\u0173 i\u0161orin\u0117s pus\u0117s yra \u0161iek tiek perforuotos, tod\u0117l juos lengviau laikyti ir jie nei\u0161slysta i\u0161 ma\u017e\u0173 rankeli\u0173. Siauresn\u0117je pus\u0117je yra special\u016bs \u012fdubimai, tod\u0117l elementus lengva sujungti \u012f stabilias ir unikalias konstrukcijas.<\/p>\n\n\n\n<p>Rinkinys taip pat gali b\u016bti naudojamas kaip vikrumo \u017eaidimas \u2013 sud\u0117dami puodelius \u012f \u012fvairias fig\u016bras, vaikai gali treniruoti tikslum\u0105 ir greitum\u0105, bandydami juos nuversti, perkelti arba pataikyti \u012f nurodytus taikinius lengvais kamuoliukais. Tokios veiklos lavina rank\u0173 ir aki\u0173 koordinacij\u0105, koncentracij\u0105 ir refleksus, \u017eaidimui suteikdamos var\u017eymosi element\u0105 ir papildom\u0105 malonum\u0105.<\/p>\n\n\n\n<p>Rinkinyje yra keturi\u0173 ry\u0161ki\u0173 spalv\u0173 puodeliai \u2013 \u017eali, m\u0117lyni, oran\u017einiai ir raudoni \u2013 kurie skatina \u017eaisti ir padeda vaikams mokytis atpa\u017einti spalvas. Be to, yra 6 lengvi kamuoliukai, kuri\u0173 skersmuo yra 4 cm, kuriuos galima naudoti \u012fvairioms veikloms: mesti, gaudyti, ridenti arba kurti kli\u016btis puodeli\u0173 bok\u0161tuose.<\/p>\n\n\n\n<p>padeda ugdyti spalv\u0173 ir form\u0173 atpa\u017einimo geb\u0117jimus,<br>gerina rank\u0173 ir aki\u0173 koordinacij\u0105 bei rank\u0173 judrum\u0105,<br>skatina vaizduot\u0119 ir k\u016brybi\u0161kum\u0105, kuriant \u012fvairias konstrukcijas,<br>saugus dizainas \u2013 detal\u0117s yra lygios ir be a\u0161tri\u0173 kra\u0161t\u0173.<br>Komplekto sud\u0117tis:<\/p>\n\n\n\n<p>33 spalvoti puodeliai<br>6 lengvi kamuoliukai<\/p>","protected":false},"excerpt":{"rendered":"<p>Arkadinis \u017eaidimas \u201eFast Cups\u201c \u2013 sukurkite ir j\u016bs originali\u0105 konstrukcij\u0105Vaiko vaizduot\u0117 yra berib\u0117, o tinkami \u017eaislai gali j\u0105 stimuliuoti nepaprastais b\u016bdais. Greitai surenkamas puodeli\u0173 rinkinys yra k\u016brybingas pasirinkimas jauniems statybininkams, kurie m\u0117gsta kurti, eksperimentuoti ir statyti savo pasaul\u012f. Kiekviena detal\u0117 yra trikampis puodelis, kurio ilgis yra apie 8 cm, vienos pus\u0117s plotis \u2013 7 cm, [&hellip;]<\/p>","protected":false},"featured_media":33660,"template":"","meta":{"_acf_changed":false,"iawp_total_views":108},"product_cat":[195,216,191,238,84,91,86,49,39],"product_tag":[97,98,99],"class_list":{"0":"post-33659","1":"product","2":"type-product","3":"status-publish","4":"has-post-thumbnail","6":"product_cat-dovanos-vaikams-3-4-metu","7":"product_cat-dovanos-4-5-metu-vaikams","8":"product_cat-dovanos-vaikams","9":"product_cat-lauko-zaidimai","10":"product_cat-lavinamieji-zaislai","11":"product_cat-loginiam-mastymui","12":"product_cat-smulkioji-motorika","13":"product_cat-visi-zaislai","14":"product_cat-zaislai","15":"product_tag-3-m-4-m","16":"product_tag-5-m-7-m","17":"product_tag-8-m-11-m","19":"first","20":"outofstock","21":"sale","22":"taxable","23":"shipping-taxable","24":"purchasable","25":"product-type-simple"},"acf":[],"yoast_head":"<!-- This site is optimized with the Yoast SEO plugin v23.3 - https:\/\/yoast.com\/wordpress\/plugins\/seo\/ -->\n<title>\u012eg\u016bd\u017ei\u0173 \u017eaidimas &quot;Greiti Puodeliai&quot; - Montessori \u017eaislai<\/title>\n<meta name=\"robots\" content=\"index, follow, max-snippet:-1, max-image-preview:large, max-video-preview:-1\" \/>\n<link rel=\"canonical\" href=\"https:\/\/monti.lt\/en\/product\/igudziu-zaidimas-greiti-puodeliai\/\" \/>\n<meta property=\"og:locale\" content=\"en_US\" \/>\n<meta property=\"og:type\" content=\"article\" \/>\n<meta property=\"og:title\" content=\"\u012eg\u016bd\u017ei\u0173 \u017eaidimas &quot;Greiti Puodeliai&quot; - Montessori \u017eaislai\" \/>\n<meta property=\"og:description\" content=\"Arkadinis \u017eaidimas \u201eFast Cups\u201c \u2013 sukurkite ir j\u016bs originali\u0105 konstrukcij\u0105Vaiko vaizduot\u0117 yra berib\u0117, o tinkami \u017eaislai gali j\u0105 stimuliuoti nepaprastais b\u016bdais. Greitai surenkamas puodeli\u0173 rinkinys yra k\u016brybingas pasirinkimas jauniems statybininkams, kurie m\u0117gsta kurti, eksperimentuoti ir statyti savo pasaul\u012f. Kiekviena detal\u0117 yra trikampis puodelis, kurio ilgis yra apie 8 cm, vienos pus\u0117s plotis \u2013 7 cm, [&hellip;]\" \/>\n<meta property=\"og:url\" content=\"https:\/\/monti.lt\/en\/product\/igudziu-zaidimas-greiti-puodeliai\/\" \/>\n<meta property=\"og:site_name\" content=\"Montessori \u017eaislai\" \/>\n<meta property=\"article:modified_time\" content=\"2025-11-29T12:23:25+00:00\" \/>\n<meta property=\"og:image\" content=\"https:\/\/monti.lt\/wp-content\/uploads\/2025\/09\/eng_pl_FAST-CUPS-skill-game-Triangular-blocks-balls-38-pieces-ZA5811-22495_6.jpg\" \/>\n\t<meta property=\"og:image:width\" content=\"750\" \/>\n\t<meta property=\"og:image:height\" content=\"750\" \/>\n\t<meta property=\"og:image:type\" content=\"image\/jpeg\" \/>\n<meta name=\"twitter:card\" content=\"summary_large_image\" \/>\n<meta name=\"twitter:label1\" content=\"Est. reading time\" \/>\n\t<meta name=\"twitter:data1\" content=\"2 minutes\" \/>\n<script type=\"application\/ld+json\" class=\"yoast-schema-graph\">{\"@context\":\"https:\/\/schema.org\",\"@graph\":[{\"@type\":\"WebPage\",\"@id\":\"https:\/\/monti.lt\/product\/igudziu-zaidimas-greiti-puodeliai\/\",\"url\":\"https:\/\/monti.lt\/product\/igudziu-zaidimas-greiti-puodeliai\/\",\"name\":\"\u012eg\u016bd\u017ei\u0173 \u017eaidimas \\\"Greiti Puodeliai\\\" - Montessori \u017eaislai\",\"isPartOf\":{\"@id\":\"https:\/\/monti.lt\/#website\"},\"primaryImageOfPage\":{\"@id\":\"https:\/\/monti.lt\/product\/igudziu-zaidimas-greiti-puodeliai\/#primaryimage\"},\"image\":{\"@id\":\"https:\/\/monti.lt\/product\/igudziu-zaidimas-greiti-puodeliai\/#primaryimage\"},\"thumbnailUrl\":\"https:\/\/monti.lt\/wp-content\/uploads\/2025\/09\/eng_pl_FAST-CUPS-skill-game-Triangular-blocks-balls-38-pieces-ZA5811-22495_6.jpg\",\"datePublished\":\"2025-09-30T10:03:06+00:00\",\"dateModified\":\"2025-11-29T12:23:25+00:00\",\"breadcrumb\":{\"@id\":\"https:\/\/monti.lt\/product\/igudziu-zaidimas-greiti-puodeliai\/#breadcrumb\"},\"inLanguage\":\"en-US\",\"potentialAction\":[{\"@type\":\"ReadAction\",\"target\":[\"https:\/\/monti.lt\/product\/igudziu-zaidimas-greiti-puodeliai\/\"]}]},{\"@type\":\"ImageObject\",\"inLanguage\":\"en-US\",\"@id\":\"https:\/\/monti.lt\/product\/igudziu-zaidimas-greiti-puodeliai\/#primaryimage\",\"url\":\"https:\/\/monti.lt\/wp-content\/uploads\/2025\/09\/eng_pl_FAST-CUPS-skill-game-Triangular-blocks-balls-38-pieces-ZA5811-22495_6.jpg\",\"contentUrl\":\"https:\/\/monti.lt\/wp-content\/uploads\/2025\/09\/eng_pl_FAST-CUPS-skill-game-Triangular-blocks-balls-38-pieces-ZA5811-22495_6.jpg\",\"width\":750,\"height\":750,\"caption\":\"zaidimas puodeliai\"},{\"@type\":\"BreadcrumbList\",\"@id\":\"https:\/\/monti.lt\/product\/igudziu-zaidimas-greiti-puodeliai\/#breadcrumb\",\"itemListElement\":[{\"@type\":\"ListItem\",\"position\":1,\"name\":\"Home\",\"item\":\"https:\/\/monti.lt\/\"},{\"@type\":\"ListItem\",\"position\":2,\"name\":\"Parduotuv\u0117\",\"item\":\"https:\/\/monti.lt\/shop\/\"},{\"@type\":\"ListItem\",\"position\":3,\"name\":\"\u012eg\u016bd\u017ei\u0173 \u017eaidimas &#8220;Greiti Puodeliai&#8221;\"}]},{\"@type\":\"WebSite\",\"@id\":\"https:\/\/monti.lt\/#website\",\"url\":\"https:\/\/monti.lt\/\",\"name\":\"Montessori \u017eaislai\",\"description\":\"\",\"publisher\":{\"@id\":\"https:\/\/monti.lt\/#organization\"},\"potentialAction\":[{\"@type\":\"SearchAction\",\"target\":{\"@type\":\"EntryPoint\",\"urlTemplate\":\"https:\/\/monti.lt\/?s={search_term_string}\"},\"query-input\":\"required name=search_term_string\"}],\"inLanguage\":\"en-US\"},{\"@type\":\"Organization\",\"@id\":\"https:\/\/monti.lt\/#organization\",\"name\":\"Montessori \u017eaislai\",\"url\":\"https:\/\/monti.lt\/\",\"logo\":{\"@type\":\"ImageObject\",\"inLanguage\":\"en-US\",\"@id\":\"https:\/\/monti.lt\/#\/schema\/logo\/image\/\",\"url\":\"https:\/\/monti.lt\/wp-content\/uploads\/2022\/03\/montilogo-1.png\",\"contentUrl\":\"https:\/\/monti.lt\/wp-content\/uploads\/2022\/03\/montilogo-1.png\",\"width\":512,\"height\":512,\"caption\":\"Montessori \u017eaislai\"},\"image\":{\"@id\":\"https:\/\/monti.lt\/#\/schema\/logo\/image\/\"}}]}<\/script>\n<!-- \/ Yoast SEO plugin. -->","yoast_head_json":{"title":"\u012eg\u016bd\u017ei\u0173 \u017eaidimas \"Greiti Puodeliai\" - Montessori \u017eaislai","robots":{"index":"index","follow":"follow","max-snippet":"max-snippet:-1","max-image-preview":"max-image-preview:large","max-video-preview":"max-video-preview:-1"},"canonical":"https:\/\/monti.lt\/en\/product\/igudziu-zaidimas-greiti-puodeliai\/","og_locale":"en_US","og_type":"article","og_title":"\u012eg\u016bd\u017ei\u0173 \u017eaidimas \"Greiti Puodeliai\" - Montessori \u017eaislai","og_description":"Arkadinis \u017eaidimas \u201eFast Cups\u201c \u2013 sukurkite ir j\u016bs originali\u0105 konstrukcij\u0105Vaiko vaizduot\u0117 yra berib\u0117, o tinkami \u017eaislai gali j\u0105 stimuliuoti nepaprastais b\u016bdais. Greitai surenkamas puodeli\u0173 rinkinys yra k\u016brybingas pasirinkimas jauniems statybininkams, kurie m\u0117gsta kurti, eksperimentuoti ir statyti savo pasaul\u012f. Kiekviena detal\u0117 yra trikampis puodelis, kurio ilgis yra apie 8 cm, vienos pus\u0117s plotis \u2013 7 cm, [&hellip;]","og_url":"https:\/\/monti.lt\/en\/product\/igudziu-zaidimas-greiti-puodeliai\/","og_site_name":"Montessori \u017eaislai","article_modified_time":"2025-11-29T12:23:25+00:00","og_image":[{"width":750,"height":750,"url":"https:\/\/monti.lt\/wp-content\/uploads\/2025\/09\/eng_pl_FAST-CUPS-skill-game-Triangular-blocks-balls-38-pieces-ZA5811-22495_6.jpg","type":"image\/jpeg"}],"twitter_card":"summary_large_image","twitter_misc":{"Est. reading time":"2 minutes"},"schema":{"@context":"https:\/\/schema.org","@graph":[{"@type":"WebPage","@id":"https:\/\/monti.lt\/product\/igudziu-zaidimas-greiti-puodeliai\/","url":"https:\/\/monti.lt\/product\/igudziu-zaidimas-greiti-puodeliai\/","name":"\u012eg\u016bd\u017ei\u0173 \u017eaidimas \"Greiti Puodeliai\" - Montessori \u017eaislai","isPartOf":{"@id":"https:\/\/monti.lt\/#website"},"primaryImageOfPage":{"@id":"https:\/\/monti.lt\/product\/igudziu-zaidimas-greiti-puodeliai\/#primaryimage"},"image":{"@id":"https:\/\/monti.lt\/product\/igudziu-zaidimas-greiti-puodeliai\/#primaryimage"},"thumbnailUrl":"https:\/\/monti.lt\/wp-content\/uploads\/2025\/09\/eng_pl_FAST-CUPS-skill-game-Triangular-blocks-balls-38-pieces-ZA5811-22495_6.jpg","datePublished":"2025-09-30T10:03:06+00:00","dateModified":"2025-11-29T12:23:25+00:00","breadcrumb":{"@id":"https:\/\/monti.lt\/product\/igudziu-zaidimas-greiti-puodeliai\/#breadcrumb"},"inLanguage":"en-US","potentialAction":[{"@type":"ReadAction","target":["https:\/\/monti.lt\/product\/igudziu-zaidimas-greiti-puodeliai\/"]}]},{"@type":"ImageObject","inLanguage":"en-US","@id":"https:\/\/monti.lt\/product\/igudziu-zaidimas-greiti-puodeliai\/#primaryimage","url":"https:\/\/monti.lt\/wp-content\/uploads\/2025\/09\/eng_pl_FAST-CUPS-skill-game-Triangular-blocks-balls-38-pieces-ZA5811-22495_6.jpg","contentUrl":"https:\/\/monti.lt\/wp-content\/uploads\/2025\/09\/eng_pl_FAST-CUPS-skill-game-Triangular-blocks-balls-38-pieces-ZA5811-22495_6.jpg","width":750,"height":750,"caption":"zaidimas puodeliai"},{"@type":"BreadcrumbList","@id":"https:\/\/monti.lt\/product\/igudziu-zaidimas-greiti-puodeliai\/#breadcrumb","itemListElement":[{"@type":"ListItem","position":1,"name":"Home","item":"https:\/\/monti.lt\/"},{"@type":"ListItem","position":2,"name":"Parduotuv\u0117","item":"https:\/\/monti.lt\/shop\/"},{"@type":"ListItem","position":3,"name":"\u012eg\u016bd\u017ei\u0173 \u017eaidimas &#8220;Greiti Puodeliai&#8221;"}]},{"@type":"WebSite","@id":"https:\/\/monti.lt\/#website","url":"https:\/\/monti.lt\/","name":"Montessori \u017eaislai","description":"","publisher":{"@id":"https:\/\/monti.lt\/#organization"},"potentialAction":[{"@type":"SearchAction","target":{"@type":"EntryPoint","urlTemplate":"https:\/\/monti.lt\/?s={search_term_string}"},"query-input":"required name=search_term_string"}],"inLanguage":"en-US"},{"@type":"Organization","@id":"https:\/\/monti.lt\/#organization","name":"Montessori \u017eaislai","url":"https:\/\/monti.lt\/","logo":{"@type":"ImageObject","inLanguage":"en-US","@id":"https:\/\/monti.lt\/#\/schema\/logo\/image\/","url":"https:\/\/monti.lt\/wp-content\/uploads\/2022\/03\/montilogo-1.png","contentUrl":"https:\/\/monti.lt\/wp-content\/uploads\/2022\/03\/montilogo-1.png","width":512,"height":512,"caption":"Montessori \u017eaislai"},"image":{"@id":"https:\/\/monti.lt\/#\/schema\/logo\/image\/"}}]}},"_links":{"self":[{"href":"https:\/\/monti.lt\/en\/wp-json\/wp\/v2\/product\/33659"}],"collection":[{"href":"https:\/\/monti.lt\/en\/wp-json\/wp\/v2\/product"}],"about":[{"href":"https:\/\/monti.lt\/en\/wp-json\/wp\/v2\/types\/product"}],"version-history":[{"count":1,"href":"https:\/\/monti.lt\/en\/wp-json\/wp\/v2\/product\/33659\/revisions"}],"predecessor-version":[{"id":33667,"href":"https:\/\/monti.lt\/en\/wp-json\/wp\/v2\/product\/33659\/revisions\/33667"}],"wp:featuredmedia":[{"embeddable":true,"href":"https:\/\/monti.lt\/en\/wp-json\/wp\/v2\/media\/33660"}],"wp:attachment":[{"href":"https:\/\/monti.lt\/en\/wp-json\/wp\/v2\/media?parent=33659"}],"wp:term":[{"taxonomy":"product_cat","embeddable":true,"href":"https:\/\/monti.lt\/en\/wp-json\/wp\/v2\/product_cat?post=33659"},{"taxonomy":"product_tag","embeddable":true,"href":"https:\/\/monti.lt\/en\/wp-json\/wp\/v2\/product_tag?post=33659"}],"curies":[{"name":"wp","href":"https:\/\/api.w.org\/{rel}","templated":true}]}}