{"id":33668,"date":"2025-09-30T10:05:48","date_gmt":"2025-09-30T10:05:48","guid":{"rendered":"https:\/\/monti.lt\/?post_type=product&#038;p=33668"},"modified":"2026-03-27T07:08:18","modified_gmt":"2026-03-27T07:08:18","slug":"minkstos-kaladeles-80-vnt","status":"publish","type":"product","link":"https:\/\/monti.lt\/en\/product\/minkstos-kaladeles-80-vnt\/","title":{"rendered":"Mink\u0161tos kalad\u0117l\u0117s, 80 vnt."},"content":{"rendered":"<p>Put\u0173 blokai yra mokomasis rinkinys, skirtas kiekvienam vaikui. Rinkin\u012f sudaro 80 \u012fvairi\u0173 form\u0173 blok\u0173, tod\u0117l kiekvienas ma\u017easis statybininkas gal\u0117s pats sukurti bet koki\u0105 konstrukcij\u0105. Fantasti\u0161kas put\u0173 blok\u0173 rinkinys sudaro 80 skirting\u0173 spalv\u0173 ir \u012fvairi\u0173 form\u0173 element\u0173, pagamint\u0173 i\u0161 auk\u0161tos kokyb\u0117s put\u0173, kuriuos galime laisvai sud\u0117lioti, kad sukurtume \u012fvairius konstrukcijos variantus.<br>\u017daidimas su blokais skatina rank\u0173 \u012fg\u016bd\u017ei\u0173, vaizduot\u0117s ir motorin\u0117s koordinacijos vystym\u0105si. \u017daisdamas ma\u017eylis i\u0161moks atpa\u017einti formas, spalvas, naudoti ir derinti daiktus, taip pat k\u016brybi\u0161kai ir logi\u0161kai m\u0105styti. Blokai yra puikus b\u016bdas skatinti m\u016bs\u0173 vaik\u0173 vystym\u0105si.<br>Put\u0173 blokai pagaminti i\u0161 mink\u0161tos med\u017eiagos, kuri yra saugi m\u016bs\u0173 vaikams. Element\u0173 \u012fvairov\u0117 leid\u017eia kurti \u012fvairi\u0173 tip\u0173 statinius.<br>Pavyzdiniai matmenys:<\/p>\n\n\n\n<ul class=\"wp-block-list\">\n<li>ritin\u0117lis 10 x 3 x 3 cm<\/li>\n\n\n\n<li>kvadratas 3,5 x 3,5 x 3,5 cm<\/li>\n\n\n\n<li>lankas 7 x 3,5 x 3 cm<br>\u017daidimas su blokeliais visada yra labai k\u016brybingas ir k\u016brybi\u0161kas. Did\u017eiulis \u0161i\u0173 blokeli\u0173 privalumas yra ir tai, kad jie n\u0117ra kieti ir nekenkia mieguist\u0173 t\u0117v\u0173 kojoms, kurie pusiau miegodami nety\u010dia u\u017emina ant tokio blokelio :). Put\u0173 blokai taip pat puikiai tinka \u017eaisti vonioje ar baseine, blokai puikiai prilimpa prie vonios plyteli\u0173. Kiekvienas vaikas tikrai tur\u0117s daug id\u0117j\u0173, kaip smagiai praleisti laik\u0105. \u201eJokomisiada\u201c parduotuv\u0117 si\u016blo plat\u0173 blok\u0173 pasirinkim\u0105 kiekvienam vaikui. Rinkinys supakuotas \u012f spalving\u0105 kartonin\u0119 pakuot\u0119.<\/li>\n<\/ul>","protected":false},"excerpt":{"rendered":"<p>Put\u0173 blokai yra mokomasis rinkinys, skirtas kiekvienam vaikui. Rinkin\u012f sudaro 80 \u012fvairi\u0173 form\u0173 blok\u0173, tod\u0117l kiekvienas ma\u017easis statybininkas gal\u0117s pats sukurti bet koki\u0105 konstrukcij\u0105. Fantasti\u0161kas put\u0173 blok\u0173 rinkinys sudaro 80 skirting\u0173 spalv\u0173 ir \u012fvairi\u0173 form\u0173 element\u0173, pagamint\u0173 i\u0161 auk\u0161tos kokyb\u0117s put\u0173, kuriuos galime laisvai sud\u0117lioti, kad sukurtume \u012fvairius konstrukcijos variantus.\u017daidimas su blokais skatina rank\u0173 \u012fg\u016bd\u017ei\u0173, [&hellip;]<\/p>","protected":false},"featured_media":33669,"template":"","meta":{"_acf_changed":false,"iawp_total_views":436},"product_cat":[92,193,194,195,191,87,84,86,199,202,49,39],"product_tag":[95,96,97],"class_list":{"0":"post-33668","1":"product","2":"type-product","3":"status-publish","4":"has-post-thumbnail","6":"product_cat-deliones","7":"product_cat-dovanos-vaikams-1-2-metu","8":"product_cat-dovanos-vaikams-2-3-metu","9":"product_cat-dovanos-vaikams-3-4-metu","10":"product_cat-dovanos-vaikams","11":"product_cat-kurybiniai-rinkiniai","12":"product_cat-lavinamieji-zaislai","13":"product_cat-smulkioji-motorika","14":"product_cat-ugdymo-istaigoms","15":"product_cat-vaaikiski-konstruktoriai","16":"product_cat-visi-zaislai","17":"product_cat-zaislai","18":"product_tag-1-m-2-m","19":"product_tag-2-m-3-m","20":"product_tag-3-m-4-m","22":"first","23":"outofstock","24":"taxable","25":"shipping-taxable","26":"purchasable","27":"product-type-simple"},"acf":[],"yoast_head":"<!-- This site is optimized with the Yoast SEO plugin v23.3 - https:\/\/yoast.com\/wordpress\/plugins\/seo\/ -->\n<title>Mink\u0161tos kalad\u0117l\u0117s, 80 vnt. - Montessori \u017eaislai<\/title>\n<meta name=\"robots\" content=\"index, follow, max-snippet:-1, max-image-preview:large, max-video-preview:-1\" \/>\n<link rel=\"canonical\" href=\"https:\/\/monti.lt\/en\/product\/minkstos-kaladeles-80-vnt\/\" \/>\n<meta property=\"og:locale\" content=\"en_US\" \/>\n<meta property=\"og:type\" content=\"article\" \/>\n<meta property=\"og:title\" content=\"Mink\u0161tos kalad\u0117l\u0117s, 80 vnt. - Montessori \u017eaislai\" \/>\n<meta property=\"og:description\" content=\"Put\u0173 blokai yra mokomasis rinkinys, skirtas kiekvienam vaikui. Rinkin\u012f sudaro 80 \u012fvairi\u0173 form\u0173 blok\u0173, tod\u0117l kiekvienas ma\u017easis statybininkas gal\u0117s pats sukurti bet koki\u0105 konstrukcij\u0105. Fantasti\u0161kas put\u0173 blok\u0173 rinkinys sudaro 80 skirting\u0173 spalv\u0173 ir \u012fvairi\u0173 form\u0173 element\u0173, pagamint\u0173 i\u0161 auk\u0161tos kokyb\u0117s put\u0173, kuriuos galime laisvai sud\u0117lioti, kad sukurtume \u012fvairius konstrukcijos variantus.\u017daidimas su blokais skatina rank\u0173 \u012fg\u016bd\u017ei\u0173, [&hellip;]\" \/>\n<meta property=\"og:url\" content=\"https:\/\/monti.lt\/en\/product\/minkstos-kaladeles-80-vnt\/\" \/>\n<meta property=\"og:site_name\" content=\"Montessori \u017eaislai\" \/>\n<meta property=\"article:modified_time\" content=\"2026-03-27T07:08:18+00:00\" \/>\n<meta property=\"og:image\" content=\"https:\/\/monti.lt\/wp-content\/uploads\/2025\/09\/eng_pl_Soft-colored-FOAM-blocks-80-pieces-ZA3856-17071_1.jpg\" \/>\n\t<meta property=\"og:image:width\" content=\"750\" \/>\n\t<meta property=\"og:image:height\" content=\"750\" \/>\n\t<meta property=\"og:image:type\" content=\"image\/jpeg\" \/>\n<meta name=\"twitter:card\" content=\"summary_large_image\" \/>\n<meta name=\"twitter:label1\" content=\"Est. reading time\" \/>\n\t<meta name=\"twitter:data1\" content=\"2 minutes\" \/>\n<script type=\"application\/ld+json\" class=\"yoast-schema-graph\">{\"@context\":\"https:\/\/schema.org\",\"@graph\":[{\"@type\":\"WebPage\",\"@id\":\"https:\/\/monti.lt\/product\/minkstos-kaladeles-80-vnt\/\",\"url\":\"https:\/\/monti.lt\/product\/minkstos-kaladeles-80-vnt\/\",\"name\":\"Mink\u0161tos kalad\u0117l\u0117s, 80 vnt. - Montessori \u017eaislai\",\"isPartOf\":{\"@id\":\"https:\/\/monti.lt\/#website\"},\"primaryImageOfPage\":{\"@id\":\"https:\/\/monti.lt\/product\/minkstos-kaladeles-80-vnt\/#primaryimage\"},\"image\":{\"@id\":\"https:\/\/monti.lt\/product\/minkstos-kaladeles-80-vnt\/#primaryimage\"},\"thumbnailUrl\":\"https:\/\/monti.lt\/wp-content\/uploads\/2025\/09\/eng_pl_Soft-colored-FOAM-blocks-80-pieces-ZA3856-17071_1.jpg\",\"datePublished\":\"2025-09-30T10:05:48+00:00\",\"dateModified\":\"2026-03-27T07:08:18+00:00\",\"breadcrumb\":{\"@id\":\"https:\/\/monti.lt\/product\/minkstos-kaladeles-80-vnt\/#breadcrumb\"},\"inLanguage\":\"en-US\",\"potentialAction\":[{\"@type\":\"ReadAction\",\"target\":[\"https:\/\/monti.lt\/product\/minkstos-kaladeles-80-vnt\/\"]}]},{\"@type\":\"ImageObject\",\"inLanguage\":\"en-US\",\"@id\":\"https:\/\/monti.lt\/product\/minkstos-kaladeles-80-vnt\/#primaryimage\",\"url\":\"https:\/\/monti.lt\/wp-content\/uploads\/2025\/09\/eng_pl_Soft-colored-FOAM-blocks-80-pieces-ZA3856-17071_1.jpg\",\"contentUrl\":\"https:\/\/monti.lt\/wp-content\/uploads\/2025\/09\/eng_pl_Soft-colored-FOAM-blocks-80-pieces-ZA3856-17071_1.jpg\",\"width\":750,\"height\":750,\"caption\":\"minkstos kaladeles\"},{\"@type\":\"BreadcrumbList\",\"@id\":\"https:\/\/monti.lt\/product\/minkstos-kaladeles-80-vnt\/#breadcrumb\",\"itemListElement\":[{\"@type\":\"ListItem\",\"position\":1,\"name\":\"Home\",\"item\":\"https:\/\/monti.lt\/\"},{\"@type\":\"ListItem\",\"position\":2,\"name\":\"Parduotuv\u0117\",\"item\":\"https:\/\/monti.lt\/shop\/\"},{\"@type\":\"ListItem\",\"position\":3,\"name\":\"Mink\u0161tos kalad\u0117l\u0117s, 80 vnt.\"}]},{\"@type\":\"WebSite\",\"@id\":\"https:\/\/monti.lt\/#website\",\"url\":\"https:\/\/monti.lt\/\",\"name\":\"Montessori \u017eaislai\",\"description\":\"\",\"publisher\":{\"@id\":\"https:\/\/monti.lt\/#organization\"},\"potentialAction\":[{\"@type\":\"SearchAction\",\"target\":{\"@type\":\"EntryPoint\",\"urlTemplate\":\"https:\/\/monti.lt\/?s={search_term_string}\"},\"query-input\":\"required name=search_term_string\"}],\"inLanguage\":\"en-US\"},{\"@type\":\"Organization\",\"@id\":\"https:\/\/monti.lt\/#organization\",\"name\":\"Montessori \u017eaislai\",\"url\":\"https:\/\/monti.lt\/\",\"logo\":{\"@type\":\"ImageObject\",\"inLanguage\":\"en-US\",\"@id\":\"https:\/\/monti.lt\/#\/schema\/logo\/image\/\",\"url\":\"https:\/\/monti.lt\/wp-content\/uploads\/2022\/03\/montilogo-1.png\",\"contentUrl\":\"https:\/\/monti.lt\/wp-content\/uploads\/2022\/03\/montilogo-1.png\",\"width\":512,\"height\":512,\"caption\":\"Montessori \u017eaislai\"},\"image\":{\"@id\":\"https:\/\/monti.lt\/#\/schema\/logo\/image\/\"}}]}<\/script>\n<!-- \/ Yoast SEO plugin. -->","yoast_head_json":{"title":"Mink\u0161tos kalad\u0117l\u0117s, 80 vnt. - Montessori \u017eaislai","robots":{"index":"index","follow":"follow","max-snippet":"max-snippet:-1","max-image-preview":"max-image-preview:large","max-video-preview":"max-video-preview:-1"},"canonical":"https:\/\/monti.lt\/en\/product\/minkstos-kaladeles-80-vnt\/","og_locale":"en_US","og_type":"article","og_title":"Mink\u0161tos kalad\u0117l\u0117s, 80 vnt. - Montessori \u017eaislai","og_description":"Put\u0173 blokai yra mokomasis rinkinys, skirtas kiekvienam vaikui. Rinkin\u012f sudaro 80 \u012fvairi\u0173 form\u0173 blok\u0173, tod\u0117l kiekvienas ma\u017easis statybininkas gal\u0117s pats sukurti bet koki\u0105 konstrukcij\u0105. Fantasti\u0161kas put\u0173 blok\u0173 rinkinys sudaro 80 skirting\u0173 spalv\u0173 ir \u012fvairi\u0173 form\u0173 element\u0173, pagamint\u0173 i\u0161 auk\u0161tos kokyb\u0117s put\u0173, kuriuos galime laisvai sud\u0117lioti, kad sukurtume \u012fvairius konstrukcijos variantus.\u017daidimas su blokais skatina rank\u0173 \u012fg\u016bd\u017ei\u0173, [&hellip;]","og_url":"https:\/\/monti.lt\/en\/product\/minkstos-kaladeles-80-vnt\/","og_site_name":"Montessori \u017eaislai","article_modified_time":"2026-03-27T07:08:18+00:00","og_image":[{"width":750,"height":750,"url":"https:\/\/monti.lt\/wp-content\/uploads\/2025\/09\/eng_pl_Soft-colored-FOAM-blocks-80-pieces-ZA3856-17071_1.jpg","type":"image\/jpeg"}],"twitter_card":"summary_large_image","twitter_misc":{"Est. reading time":"2 minutes"},"schema":{"@context":"https:\/\/schema.org","@graph":[{"@type":"WebPage","@id":"https:\/\/monti.lt\/product\/minkstos-kaladeles-80-vnt\/","url":"https:\/\/monti.lt\/product\/minkstos-kaladeles-80-vnt\/","name":"Mink\u0161tos kalad\u0117l\u0117s, 80 vnt. - Montessori \u017eaislai","isPartOf":{"@id":"https:\/\/monti.lt\/#website"},"primaryImageOfPage":{"@id":"https:\/\/monti.lt\/product\/minkstos-kaladeles-80-vnt\/#primaryimage"},"image":{"@id":"https:\/\/monti.lt\/product\/minkstos-kaladeles-80-vnt\/#primaryimage"},"thumbnailUrl":"https:\/\/monti.lt\/wp-content\/uploads\/2025\/09\/eng_pl_Soft-colored-FOAM-blocks-80-pieces-ZA3856-17071_1.jpg","datePublished":"2025-09-30T10:05:48+00:00","dateModified":"2026-03-27T07:08:18+00:00","breadcrumb":{"@id":"https:\/\/monti.lt\/product\/minkstos-kaladeles-80-vnt\/#breadcrumb"},"inLanguage":"en-US","potentialAction":[{"@type":"ReadAction","target":["https:\/\/monti.lt\/product\/minkstos-kaladeles-80-vnt\/"]}]},{"@type":"ImageObject","inLanguage":"en-US","@id":"https:\/\/monti.lt\/product\/minkstos-kaladeles-80-vnt\/#primaryimage","url":"https:\/\/monti.lt\/wp-content\/uploads\/2025\/09\/eng_pl_Soft-colored-FOAM-blocks-80-pieces-ZA3856-17071_1.jpg","contentUrl":"https:\/\/monti.lt\/wp-content\/uploads\/2025\/09\/eng_pl_Soft-colored-FOAM-blocks-80-pieces-ZA3856-17071_1.jpg","width":750,"height":750,"caption":"minkstos kaladeles"},{"@type":"BreadcrumbList","@id":"https:\/\/monti.lt\/product\/minkstos-kaladeles-80-vnt\/#breadcrumb","itemListElement":[{"@type":"ListItem","position":1,"name":"Home","item":"https:\/\/monti.lt\/"},{"@type":"ListItem","position":2,"name":"Parduotuv\u0117","item":"https:\/\/monti.lt\/shop\/"},{"@type":"ListItem","position":3,"name":"Mink\u0161tos kalad\u0117l\u0117s, 80 vnt."}]},{"@type":"WebSite","@id":"https:\/\/monti.lt\/#website","url":"https:\/\/monti.lt\/","name":"Montessori \u017eaislai","description":"","publisher":{"@id":"https:\/\/monti.lt\/#organization"},"potentialAction":[{"@type":"SearchAction","target":{"@type":"EntryPoint","urlTemplate":"https:\/\/monti.lt\/?s={search_term_string}"},"query-input":"required name=search_term_string"}],"inLanguage":"en-US"},{"@type":"Organization","@id":"https:\/\/monti.lt\/#organization","name":"Montessori \u017eaislai","url":"https:\/\/monti.lt\/","logo":{"@type":"ImageObject","inLanguage":"en-US","@id":"https:\/\/monti.lt\/#\/schema\/logo\/image\/","url":"https:\/\/monti.lt\/wp-content\/uploads\/2022\/03\/montilogo-1.png","contentUrl":"https:\/\/monti.lt\/wp-content\/uploads\/2022\/03\/montilogo-1.png","width":512,"height":512,"caption":"Montessori \u017eaislai"},"image":{"@id":"https:\/\/monti.lt\/#\/schema\/logo\/image\/"}}]}},"_links":{"self":[{"href":"https:\/\/monti.lt\/en\/wp-json\/wp\/v2\/product\/33668"}],"collection":[{"href":"https:\/\/monti.lt\/en\/wp-json\/wp\/v2\/product"}],"about":[{"href":"https:\/\/monti.lt\/en\/wp-json\/wp\/v2\/types\/product"}],"version-history":[{"count":1,"href":"https:\/\/monti.lt\/en\/wp-json\/wp\/v2\/product\/33668\/revisions"}],"predecessor-version":[{"id":33676,"href":"https:\/\/monti.lt\/en\/wp-json\/wp\/v2\/product\/33668\/revisions\/33676"}],"wp:featuredmedia":[{"embeddable":true,"href":"https:\/\/monti.lt\/en\/wp-json\/wp\/v2\/media\/33669"}],"wp:attachment":[{"href":"https:\/\/monti.lt\/en\/wp-json\/wp\/v2\/media?parent=33668"}],"wp:term":[{"taxonomy":"product_cat","embeddable":true,"href":"https:\/\/monti.lt\/en\/wp-json\/wp\/v2\/product_cat?post=33668"},{"taxonomy":"product_tag","embeddable":true,"href":"https:\/\/monti.lt\/en\/wp-json\/wp\/v2\/product_tag?post=33668"}],"curies":[{"name":"wp","href":"https:\/\/api.w.org\/{rel}","templated":true}]}}