{"id":33677,"date":"2025-09-30T10:08:45","date_gmt":"2025-09-30T10:08:45","guid":{"rendered":"https:\/\/monti.lt\/?post_type=product&#038;p=33677"},"modified":"2026-02-04T13:08:53","modified_gmt":"2026-02-04T13:08:53","slug":"medine-magnetine-aprangos-delione-4-modeliai","status":"publish","type":"product","link":"https:\/\/monti.lt\/en\/product\/medine-magnetine-aprangos-delione-4-modeliai\/","title":{"rendered":"Medin\u0117 magnetin\u0117 aprangos d\u0117lion\u0117, 4 modeliai"},"content":{"rendered":"<p>Magnetinis d\u0117lion\u0117 \u201eClothes Fashion Dress Up\u201c \u2013 tai fantasti\u0161kas, k\u016brybingas mados rinkinys, skirtas kiekvienam jaunam mados stilistui. Rinkinyje yra 4 \u017eavios maneken\u0117s ir 65 drabu\u017ei\u0173 aksesuarai, kuriais jas galima aprengti ir sukurti stili\u0173. Maneken\u0117s yra apsirengusios apatine apranga, o mados stilisto u\u017eduotis \u2013 sukurti joms original\u0173 stili\u0173. Nuo stilisto priklauso, kaip bus apsirengtas konkretus modelis: ar tai bus klasikinis stilius, avangardinis, sportinis, \u0161oki\u0173 sal\u0117s ir pan. Mega k\u016brybinis rinkinys suteiks daug fantasti\u0161ko malonumo kiekvienai mergaitei. Tai taip pat puikus pratimas smulkiosios motorikos \u012fg\u016bd\u017eiams, stiliaus, spalv\u0173 ir kirpim\u0173 poj\u016b\u010diui ugdyti.<br>Rinkinyje yra:<\/p>\n\n\n\n<ul class=\"wp-block-list\">\n<li>4 modeliai (mediniai)<\/li>\n\n\n\n<li>65 magnetines drabu\u017ei\u0173 dalis stiliui kurti<\/li>\n\n\n\n<li>modelio auk\u0161tis 12,5 cm<br>Magnetiniai drabu\u017eiai yra \u017eaislas, kuris ugdo k\u016brybi\u0161kum\u0105 ir vaizduot\u0119. D\u0117lion\u0117 suteikia daug k\u016brybini\u0173 galimybi\u0173 ir lavina vaiko login\u012f m\u0105stym\u0105 bei rank\u0173 miklum\u0105.<br>\u017daisdami vaikai lavina rank\u0173 miklum\u0105, form\u0173 atpa\u017einim\u0105, suvokim\u0105, stimuliuoja vaizduot\u0119 ir k\u016brybi\u0161kum\u0105. .<\/li>\n<\/ul>","protected":false},"excerpt":{"rendered":"<p>Magnetinis d\u0117lion\u0117 \u201eClothes Fashion Dress Up\u201c \u2013 tai fantasti\u0161kas, k\u016brybingas mados rinkinys, skirtas kiekvienam jaunam mados stilistui. Rinkinyje yra 4 \u017eavios maneken\u0117s ir 65 drabu\u017ei\u0173 aksesuarai, kuriais jas galima aprengti ir sukurti stili\u0173. Maneken\u0117s yra apsirengusios apatine apranga, o mados stilisto u\u017eduotis \u2013 sukurti joms original\u0173 stili\u0173. Nuo stilisto priklauso, kaip bus apsirengtas konkretus modelis: [&hellip;]<\/p>","protected":false},"featured_media":33678,"template":"","meta":{"_acf_changed":false,"iawp_total_views":498},"product_cat":[92,208,195,216,217,196,191,87,84,210,102,86,199,93,49,39,214],"product_tag":[97,98,99],"class_list":{"0":"post-33677","1":"product","2":"type-product","3":"status-publish","4":"has-post-thumbnail","6":"product_cat-deliones","7":"product_cat-deliones-2","8":"product_cat-dovanos-vaikams-3-4-metu","9":"product_cat-dovanos-4-5-metu-vaikams","10":"product_cat-dovanos-5-7-metu-vaikams","11":"product_cat-dovanos-mergaitems","12":"product_cat-dovanos-vaikams","13":"product_cat-kurybiniai-rinkiniai","14":"product_cat-lavinamieji-zaislai","15":"product_cat-medines-deliones","16":"product_cat-mediniai-zaislai","17":"product_cat-smulkioji-motorika","18":"product_cat-ugdymo-istaigoms","19":"product_cat-vaidmenu-zaidimai","20":"product_cat-visi-zaislai","21":"product_cat-zaislai","22":"product_cat-zaislai-mergaitems","23":"product_tag-3-m-4-m","24":"product_tag-5-m-7-m","25":"product_tag-8-m-11-m","27":"first","28":"outofstock","29":"sale","30":"taxable","31":"shipping-taxable","32":"purchasable","33":"product-type-simple"},"acf":[],"yoast_head":"<!-- This site is optimized with the Yoast SEO plugin v23.3 - https:\/\/yoast.com\/wordpress\/plugins\/seo\/ -->\n<title>Medin\u0117 magnetin\u0117 aprangos d\u0117lion\u0117, 4 modeliai - Montessori \u017eaislai<\/title>\n<meta name=\"robots\" content=\"index, follow, max-snippet:-1, max-image-preview:large, max-video-preview:-1\" \/>\n<link rel=\"canonical\" href=\"https:\/\/monti.lt\/en\/product\/medine-magnetine-aprangos-delione-4-modeliai\/\" \/>\n<meta property=\"og:locale\" content=\"en_US\" \/>\n<meta property=\"og:type\" content=\"article\" \/>\n<meta property=\"og:title\" content=\"Medin\u0117 magnetin\u0117 aprangos d\u0117lion\u0117, 4 modeliai - Montessori \u017eaislai\" \/>\n<meta property=\"og:description\" content=\"Magnetinis d\u0117lion\u0117 \u201eClothes Fashion Dress Up\u201c \u2013 tai fantasti\u0161kas, k\u016brybingas mados rinkinys, skirtas kiekvienam jaunam mados stilistui. Rinkinyje yra 4 \u017eavios maneken\u0117s ir 65 drabu\u017ei\u0173 aksesuarai, kuriais jas galima aprengti ir sukurti stili\u0173. Maneken\u0117s yra apsirengusios apatine apranga, o mados stilisto u\u017eduotis \u2013 sukurti joms original\u0173 stili\u0173. Nuo stilisto priklauso, kaip bus apsirengtas konkretus modelis: [&hellip;]\" \/>\n<meta property=\"og:url\" content=\"https:\/\/monti.lt\/en\/product\/medine-magnetine-aprangos-delione-4-modeliai\/\" \/>\n<meta property=\"og:site_name\" content=\"Montessori \u017eaislai\" \/>\n<meta property=\"article:modified_time\" content=\"2026-02-04T13:08:53+00:00\" \/>\n<meta property=\"og:image\" content=\"https:\/\/monti.lt\/wp-content\/uploads\/2025\/09\/eng_pl_Drewniane-Puzzle-magnetyczne-Ubranka-Moda-ubieranka-4-modelki-ZA4807-20100_11.jpg\" \/>\n\t<meta property=\"og:image:width\" content=\"750\" \/>\n\t<meta property=\"og:image:height\" content=\"750\" \/>\n\t<meta property=\"og:image:type\" content=\"image\/jpeg\" \/>\n<meta name=\"twitter:card\" content=\"summary_large_image\" \/>\n<meta name=\"twitter:label1\" content=\"Est. reading time\" \/>\n\t<meta name=\"twitter:data1\" content=\"1 minute\" \/>\n<script type=\"application\/ld+json\" class=\"yoast-schema-graph\">{\"@context\":\"https:\/\/schema.org\",\"@graph\":[{\"@type\":\"WebPage\",\"@id\":\"https:\/\/monti.lt\/product\/medine-magnetine-aprangos-delione-4-modeliai\/\",\"url\":\"https:\/\/monti.lt\/product\/medine-magnetine-aprangos-delione-4-modeliai\/\",\"name\":\"Medin\u0117 magnetin\u0117 aprangos d\u0117lion\u0117, 4 modeliai - Montessori \u017eaislai\",\"isPartOf\":{\"@id\":\"https:\/\/monti.lt\/#website\"},\"primaryImageOfPage\":{\"@id\":\"https:\/\/monti.lt\/product\/medine-magnetine-aprangos-delione-4-modeliai\/#primaryimage\"},\"image\":{\"@id\":\"https:\/\/monti.lt\/product\/medine-magnetine-aprangos-delione-4-modeliai\/#primaryimage\"},\"thumbnailUrl\":\"https:\/\/monti.lt\/wp-content\/uploads\/2025\/09\/eng_pl_Drewniane-Puzzle-magnetyczne-Ubranka-Moda-ubieranka-4-modelki-ZA4807-20100_11.jpg\",\"datePublished\":\"2025-09-30T10:08:45+00:00\",\"dateModified\":\"2026-02-04T13:08:53+00:00\",\"breadcrumb\":{\"@id\":\"https:\/\/monti.lt\/product\/medine-magnetine-aprangos-delione-4-modeliai\/#breadcrumb\"},\"inLanguage\":\"en-US\",\"potentialAction\":[{\"@type\":\"ReadAction\",\"target\":[\"https:\/\/monti.lt\/product\/medine-magnetine-aprangos-delione-4-modeliai\/\"]}]},{\"@type\":\"ImageObject\",\"inLanguage\":\"en-US\",\"@id\":\"https:\/\/monti.lt\/product\/medine-magnetine-aprangos-delione-4-modeliai\/#primaryimage\",\"url\":\"https:\/\/monti.lt\/wp-content\/uploads\/2025\/09\/eng_pl_Drewniane-Puzzle-magnetyczne-Ubranka-Moda-ubieranka-4-modelki-ZA4807-20100_11.jpg\",\"contentUrl\":\"https:\/\/monti.lt\/wp-content\/uploads\/2025\/09\/eng_pl_Drewniane-Puzzle-magnetyczne-Ubranka-Moda-ubieranka-4-modelki-ZA4807-20100_11.jpg\",\"width\":750,\"height\":750,\"caption\":\"aprenk mane\"},{\"@type\":\"BreadcrumbList\",\"@id\":\"https:\/\/monti.lt\/product\/medine-magnetine-aprangos-delione-4-modeliai\/#breadcrumb\",\"itemListElement\":[{\"@type\":\"ListItem\",\"position\":1,\"name\":\"Home\",\"item\":\"https:\/\/monti.lt\/\"},{\"@type\":\"ListItem\",\"position\":2,\"name\":\"Parduotuv\u0117\",\"item\":\"https:\/\/monti.lt\/shop\/\"},{\"@type\":\"ListItem\",\"position\":3,\"name\":\"Medin\u0117 magnetin\u0117 aprangos d\u0117lion\u0117, 4 modeliai\"}]},{\"@type\":\"WebSite\",\"@id\":\"https:\/\/monti.lt\/#website\",\"url\":\"https:\/\/monti.lt\/\",\"name\":\"Montessori \u017eaislai\",\"description\":\"\",\"publisher\":{\"@id\":\"https:\/\/monti.lt\/#organization\"},\"potentialAction\":[{\"@type\":\"SearchAction\",\"target\":{\"@type\":\"EntryPoint\",\"urlTemplate\":\"https:\/\/monti.lt\/?s={search_term_string}\"},\"query-input\":\"required name=search_term_string\"}],\"inLanguage\":\"en-US\"},{\"@type\":\"Organization\",\"@id\":\"https:\/\/monti.lt\/#organization\",\"name\":\"Montessori \u017eaislai\",\"url\":\"https:\/\/monti.lt\/\",\"logo\":{\"@type\":\"ImageObject\",\"inLanguage\":\"en-US\",\"@id\":\"https:\/\/monti.lt\/#\/schema\/logo\/image\/\",\"url\":\"https:\/\/monti.lt\/wp-content\/uploads\/2022\/03\/montilogo-1.png\",\"contentUrl\":\"https:\/\/monti.lt\/wp-content\/uploads\/2022\/03\/montilogo-1.png\",\"width\":512,\"height\":512,\"caption\":\"Montessori \u017eaislai\"},\"image\":{\"@id\":\"https:\/\/monti.lt\/#\/schema\/logo\/image\/\"}}]}<\/script>\n<!-- \/ Yoast SEO plugin. -->","yoast_head_json":{"title":"Medin\u0117 magnetin\u0117 aprangos d\u0117lion\u0117, 4 modeliai - Montessori \u017eaislai","robots":{"index":"index","follow":"follow","max-snippet":"max-snippet:-1","max-image-preview":"max-image-preview:large","max-video-preview":"max-video-preview:-1"},"canonical":"https:\/\/monti.lt\/en\/product\/medine-magnetine-aprangos-delione-4-modeliai\/","og_locale":"en_US","og_type":"article","og_title":"Medin\u0117 magnetin\u0117 aprangos d\u0117lion\u0117, 4 modeliai - Montessori \u017eaislai","og_description":"Magnetinis d\u0117lion\u0117 \u201eClothes Fashion Dress Up\u201c \u2013 tai fantasti\u0161kas, k\u016brybingas mados rinkinys, skirtas kiekvienam jaunam mados stilistui. Rinkinyje yra 4 \u017eavios maneken\u0117s ir 65 drabu\u017ei\u0173 aksesuarai, kuriais jas galima aprengti ir sukurti stili\u0173. Maneken\u0117s yra apsirengusios apatine apranga, o mados stilisto u\u017eduotis \u2013 sukurti joms original\u0173 stili\u0173. Nuo stilisto priklauso, kaip bus apsirengtas konkretus modelis: [&hellip;]","og_url":"https:\/\/monti.lt\/en\/product\/medine-magnetine-aprangos-delione-4-modeliai\/","og_site_name":"Montessori \u017eaislai","article_modified_time":"2026-02-04T13:08:53+00:00","og_image":[{"width":750,"height":750,"url":"https:\/\/monti.lt\/wp-content\/uploads\/2025\/09\/eng_pl_Drewniane-Puzzle-magnetyczne-Ubranka-Moda-ubieranka-4-modelki-ZA4807-20100_11.jpg","type":"image\/jpeg"}],"twitter_card":"summary_large_image","twitter_misc":{"Est. reading time":"1 minute"},"schema":{"@context":"https:\/\/schema.org","@graph":[{"@type":"WebPage","@id":"https:\/\/monti.lt\/product\/medine-magnetine-aprangos-delione-4-modeliai\/","url":"https:\/\/monti.lt\/product\/medine-magnetine-aprangos-delione-4-modeliai\/","name":"Medin\u0117 magnetin\u0117 aprangos d\u0117lion\u0117, 4 modeliai - Montessori \u017eaislai","isPartOf":{"@id":"https:\/\/monti.lt\/#website"},"primaryImageOfPage":{"@id":"https:\/\/monti.lt\/product\/medine-magnetine-aprangos-delione-4-modeliai\/#primaryimage"},"image":{"@id":"https:\/\/monti.lt\/product\/medine-magnetine-aprangos-delione-4-modeliai\/#primaryimage"},"thumbnailUrl":"https:\/\/monti.lt\/wp-content\/uploads\/2025\/09\/eng_pl_Drewniane-Puzzle-magnetyczne-Ubranka-Moda-ubieranka-4-modelki-ZA4807-20100_11.jpg","datePublished":"2025-09-30T10:08:45+00:00","dateModified":"2026-02-04T13:08:53+00:00","breadcrumb":{"@id":"https:\/\/monti.lt\/product\/medine-magnetine-aprangos-delione-4-modeliai\/#breadcrumb"},"inLanguage":"en-US","potentialAction":[{"@type":"ReadAction","target":["https:\/\/monti.lt\/product\/medine-magnetine-aprangos-delione-4-modeliai\/"]}]},{"@type":"ImageObject","inLanguage":"en-US","@id":"https:\/\/monti.lt\/product\/medine-magnetine-aprangos-delione-4-modeliai\/#primaryimage","url":"https:\/\/monti.lt\/wp-content\/uploads\/2025\/09\/eng_pl_Drewniane-Puzzle-magnetyczne-Ubranka-Moda-ubieranka-4-modelki-ZA4807-20100_11.jpg","contentUrl":"https:\/\/monti.lt\/wp-content\/uploads\/2025\/09\/eng_pl_Drewniane-Puzzle-magnetyczne-Ubranka-Moda-ubieranka-4-modelki-ZA4807-20100_11.jpg","width":750,"height":750,"caption":"aprenk mane"},{"@type":"BreadcrumbList","@id":"https:\/\/monti.lt\/product\/medine-magnetine-aprangos-delione-4-modeliai\/#breadcrumb","itemListElement":[{"@type":"ListItem","position":1,"name":"Home","item":"https:\/\/monti.lt\/"},{"@type":"ListItem","position":2,"name":"Parduotuv\u0117","item":"https:\/\/monti.lt\/shop\/"},{"@type":"ListItem","position":3,"name":"Medin\u0117 magnetin\u0117 aprangos d\u0117lion\u0117, 4 modeliai"}]},{"@type":"WebSite","@id":"https:\/\/monti.lt\/#website","url":"https:\/\/monti.lt\/","name":"Montessori \u017eaislai","description":"","publisher":{"@id":"https:\/\/monti.lt\/#organization"},"potentialAction":[{"@type":"SearchAction","target":{"@type":"EntryPoint","urlTemplate":"https:\/\/monti.lt\/?s={search_term_string}"},"query-input":"required name=search_term_string"}],"inLanguage":"en-US"},{"@type":"Organization","@id":"https:\/\/monti.lt\/#organization","name":"Montessori \u017eaislai","url":"https:\/\/monti.lt\/","logo":{"@type":"ImageObject","inLanguage":"en-US","@id":"https:\/\/monti.lt\/#\/schema\/logo\/image\/","url":"https:\/\/monti.lt\/wp-content\/uploads\/2022\/03\/montilogo-1.png","contentUrl":"https:\/\/monti.lt\/wp-content\/uploads\/2022\/03\/montilogo-1.png","width":512,"height":512,"caption":"Montessori \u017eaislai"},"image":{"@id":"https:\/\/monti.lt\/#\/schema\/logo\/image\/"}}]}},"_links":{"self":[{"href":"https:\/\/monti.lt\/en\/wp-json\/wp\/v2\/product\/33677"}],"collection":[{"href":"https:\/\/monti.lt\/en\/wp-json\/wp\/v2\/product"}],"about":[{"href":"https:\/\/monti.lt\/en\/wp-json\/wp\/v2\/types\/product"}],"version-history":[{"count":1,"href":"https:\/\/monti.lt\/en\/wp-json\/wp\/v2\/product\/33677\/revisions"}],"predecessor-version":[{"id":33685,"href":"https:\/\/monti.lt\/en\/wp-json\/wp\/v2\/product\/33677\/revisions\/33685"}],"wp:featuredmedia":[{"embeddable":true,"href":"https:\/\/monti.lt\/en\/wp-json\/wp\/v2\/media\/33678"}],"wp:attachment":[{"href":"https:\/\/monti.lt\/en\/wp-json\/wp\/v2\/media?parent=33677"}],"wp:term":[{"taxonomy":"product_cat","embeddable":true,"href":"https:\/\/monti.lt\/en\/wp-json\/wp\/v2\/product_cat?post=33677"},{"taxonomy":"product_tag","embeddable":true,"href":"https:\/\/monti.lt\/en\/wp-json\/wp\/v2\/product_tag?post=33677"}],"curies":[{"name":"wp","href":"https:\/\/api.w.org\/{rel}","templated":true}]}}