{"id":33686,"date":"2025-09-30T10:11:51","date_gmt":"2025-09-30T10:11:51","guid":{"rendered":"https:\/\/monti.lt\/?post_type=product&#038;p=33686"},"modified":"2025-12-17T12:33:50","modified_gmt":"2025-12-17T12:33:50","slug":"medine-montessori-lazdeliu-delione-formos","status":"publish","type":"product","link":"https:\/\/monti.lt\/en\/product\/medine-montessori-lazdeliu-delione-formos\/","title":{"rendered":"Medin\u0117 montessori lazdeli\u0173 d\u0117lion\u0117 &#8220;Formos&#8221;"},"content":{"rendered":"<p>2-in-1 rinkinys su dvipuse lenta, skirta ra\u0161yti ir trinti bei sud\u0117lioti spalvingas paveiksl\u0117lius naudojant medinius pagaliukus, yra puiki \u017eaislas vaikams. Nuostabus k\u016brybinis \u017eaislas, kuris suteiks daug valand\u0173 k\u016brybinio malonumo. Medin\u0117 lenta yra dvipus\u0117. Vienoje pus\u0117je yra lenta ra\u0161ymui ir pie\u0161imui su specialia nuvaloma danga. Komplekte yra specialus \u017eymeklis su kempine. Kitoje pus\u0117je yra lenta su mediniais kai\u0161\u010diais, ant kuri\u0173 dedami skirting\u0173 spalv\u0173 ir ilgio pagaliukai, taip atkurdami paveiksl\u0117l\u012f ant kortel\u0117s. D\u0117lion\u0117 si\u016blo daug galimybi\u0173, be paruo\u0161t\u0173 paveiksl\u0117li\u0173, galite sud\u0117lioti savo fantazijos paveiksl\u0117lius ar fig\u016bras.<\/p>\n\n\n\n<p>Rinkinyje yra:<\/p>\n\n\n\n<ul class=\"wp-block-list\">\n<li>72 spalvotos lazdel\u0117s<\/li>\n\n\n\n<li>28 kortel\u0117s su pie\u0161iniais<\/li>\n\n\n\n<li>1 trintukas<\/li>\n\n\n\n<li>dvipus\u0117 lenta<\/li>\n<\/ul>\n\n\n\n<p>Matmenys:<\/p>\n\n\n\n<ul class=\"wp-block-list\">\n<li>lenta: apie 25 x 25 cm x 2,5 cm<\/li>\n\n\n\n<li>kortel\u0117 su paveikslu: 9 x 9 cm<\/li>\n\n\n\n<li>ra\u0161iklis: 11 cm<\/li>\n\n\n\n<li>lazdel\u0117s: nuo 3 cm iki 11,5 cm<\/li>\n<\/ul>\n\n\n\n<p>\u017daislas, kuris u\u017eims vaik\u0105 daugeliui valand\u0173, suteiks jam puik\u0173 pramog\u0105 ir tuo pa\u010diu rems jo protin\u012f vystym\u0105si. Stacking \u017eaidimas \u012ftraukia tiek vaikus, tiek suaugusius, tod\u0117l tai puiki id\u0117ja t\u0117vams ir vaikams praleisti laisvalaik\u012f kartu.<br>Rinkinys supakuotas \u012f labai gra\u017ei\u0105, spalvot\u0105 d\u0117\u017eut\u0119, puikiai tinkam\u0105 dovanai.<\/p>","protected":false},"excerpt":{"rendered":"<p>2-in-1 rinkinys su dvipuse lenta, skirta ra\u0161yti ir trinti bei sud\u0117lioti spalvingas paveiksl\u0117lius naudojant medinius pagaliukus, yra puiki \u017eaislas vaikams. Nuostabus k\u016brybinis \u017eaislas, kuris suteiks daug valand\u0173 k\u016brybinio malonumo. Medin\u0117 lenta yra dvipus\u0117. Vienoje pus\u0117je yra lenta ra\u0161ymui ir pie\u0161imui su specialia nuvaloma danga. Komplekte yra specialus \u017eymeklis su kempine. Kitoje pus\u0117je yra lenta su [&hellip;]<\/p>","protected":false},"featured_media":33687,"template":"","meta":{"_acf_changed":false,"iawp_total_views":246},"product_cat":[218,92,208,195,216,217,191,87,84,91,210,102,83,86,49,39,201],"product_tag":[97,98,99],"class_list":{"0":"post-33686","1":"product","2":"type-product","3":"status-publish","4":"has-post-thumbnail","6":"product_cat-darzeliu-grupems","7":"product_cat-deliones","8":"product_cat-deliones-2","9":"product_cat-dovanos-vaikams-3-4-metu","10":"product_cat-dovanos-4-5-metu-vaikams","11":"product_cat-dovanos-5-7-metu-vaikams","12":"product_cat-dovanos-vaikams","13":"product_cat-kurybiniai-rinkiniai","14":"product_cat-lavinamieji-zaislai","15":"product_cat-loginiam-mastymui","16":"product_cat-medines-deliones","17":"product_cat-mediniai-zaislai","18":"product_cat-montessori-zaislai","19":"product_cat-smulkioji-motorika","20":"product_cat-visi-zaislai","21":"product_cat-zaislai","22":"product_cat-zaislai-kelioneje","23":"product_tag-3-m-4-m","24":"product_tag-5-m-7-m","25":"product_tag-8-m-11-m","27":"first","28":"outofstock","29":"taxable","30":"shipping-taxable","31":"purchasable","32":"product-type-simple"},"acf":[],"yoast_head":"<!-- This site is optimized with the Yoast SEO plugin v23.3 - https:\/\/yoast.com\/wordpress\/plugins\/seo\/ -->\n<title>Medin\u0117 montessori lazdeli\u0173 d\u0117lion\u0117 &quot;Formos&quot; - Montessori \u017eaislai<\/title>\n<meta name=\"robots\" content=\"index, follow, max-snippet:-1, max-image-preview:large, max-video-preview:-1\" \/>\n<link rel=\"canonical\" href=\"https:\/\/monti.lt\/en\/product\/medine-montessori-lazdeliu-delione-formos\/\" \/>\n<meta property=\"og:locale\" content=\"en_US\" \/>\n<meta property=\"og:type\" content=\"article\" \/>\n<meta property=\"og:title\" content=\"Medin\u0117 montessori lazdeli\u0173 d\u0117lion\u0117 &quot;Formos&quot; - Montessori \u017eaislai\" \/>\n<meta property=\"og:description\" content=\"2-in-1 rinkinys su dvipuse lenta, skirta ra\u0161yti ir trinti bei sud\u0117lioti spalvingas paveiksl\u0117lius naudojant medinius pagaliukus, yra puiki \u017eaislas vaikams. Nuostabus k\u016brybinis \u017eaislas, kuris suteiks daug valand\u0173 k\u016brybinio malonumo. Medin\u0117 lenta yra dvipus\u0117. Vienoje pus\u0117je yra lenta ra\u0161ymui ir pie\u0161imui su specialia nuvaloma danga. Komplekte yra specialus \u017eymeklis su kempine. Kitoje pus\u0117je yra lenta su [&hellip;]\" \/>\n<meta property=\"og:url\" content=\"https:\/\/monti.lt\/en\/product\/medine-montessori-lazdeliu-delione-formos\/\" \/>\n<meta property=\"og:site_name\" content=\"Montessori \u017eaislai\" \/>\n<meta property=\"article:modified_time\" content=\"2025-12-17T12:33:50+00:00\" \/>\n<meta property=\"og:image\" content=\"https:\/\/monti.lt\/wp-content\/uploads\/2025\/09\/eng_pl_Montessori-puzzle-wooden-colorful-sticks-ZA4686-19948_1.jpg\" \/>\n\t<meta property=\"og:image:width\" content=\"750\" \/>\n\t<meta property=\"og:image:height\" content=\"750\" \/>\n\t<meta property=\"og:image:type\" content=\"image\/jpeg\" \/>\n<meta name=\"twitter:card\" content=\"summary_large_image\" \/>\n<meta name=\"twitter:label1\" content=\"Est. reading time\" \/>\n\t<meta name=\"twitter:data1\" content=\"2 minutes\" \/>\n<script type=\"application\/ld+json\" class=\"yoast-schema-graph\">{\"@context\":\"https:\/\/schema.org\",\"@graph\":[{\"@type\":\"WebPage\",\"@id\":\"https:\/\/monti.lt\/product\/medine-montessori-lazdeliu-delione-formos\/\",\"url\":\"https:\/\/monti.lt\/product\/medine-montessori-lazdeliu-delione-formos\/\",\"name\":\"Medin\u0117 montessori lazdeli\u0173 d\u0117lion\u0117 \\\"Formos\\\" - Montessori \u017eaislai\",\"isPartOf\":{\"@id\":\"https:\/\/monti.lt\/#website\"},\"primaryImageOfPage\":{\"@id\":\"https:\/\/monti.lt\/product\/medine-montessori-lazdeliu-delione-formos\/#primaryimage\"},\"image\":{\"@id\":\"https:\/\/monti.lt\/product\/medine-montessori-lazdeliu-delione-formos\/#primaryimage\"},\"thumbnailUrl\":\"https:\/\/monti.lt\/wp-content\/uploads\/2025\/09\/eng_pl_Montessori-puzzle-wooden-colorful-sticks-ZA4686-19948_1.jpg\",\"datePublished\":\"2025-09-30T10:11:51+00:00\",\"dateModified\":\"2025-12-17T12:33:50+00:00\",\"breadcrumb\":{\"@id\":\"https:\/\/monti.lt\/product\/medine-montessori-lazdeliu-delione-formos\/#breadcrumb\"},\"inLanguage\":\"en-US\",\"potentialAction\":[{\"@type\":\"ReadAction\",\"target\":[\"https:\/\/monti.lt\/product\/medine-montessori-lazdeliu-delione-formos\/\"]}]},{\"@type\":\"ImageObject\",\"inLanguage\":\"en-US\",\"@id\":\"https:\/\/monti.lt\/product\/medine-montessori-lazdeliu-delione-formos\/#primaryimage\",\"url\":\"https:\/\/monti.lt\/wp-content\/uploads\/2025\/09\/eng_pl_Montessori-puzzle-wooden-colorful-sticks-ZA4686-19948_1.jpg\",\"contentUrl\":\"https:\/\/monti.lt\/wp-content\/uploads\/2025\/09\/eng_pl_Montessori-puzzle-wooden-colorful-sticks-ZA4686-19948_1.jpg\",\"width\":750,\"height\":750,\"caption\":\"montessori delione\"},{\"@type\":\"BreadcrumbList\",\"@id\":\"https:\/\/monti.lt\/product\/medine-montessori-lazdeliu-delione-formos\/#breadcrumb\",\"itemListElement\":[{\"@type\":\"ListItem\",\"position\":1,\"name\":\"Home\",\"item\":\"https:\/\/monti.lt\/\"},{\"@type\":\"ListItem\",\"position\":2,\"name\":\"Parduotuv\u0117\",\"item\":\"https:\/\/monti.lt\/shop\/\"},{\"@type\":\"ListItem\",\"position\":3,\"name\":\"Medin\u0117 montessori lazdeli\u0173 d\u0117lion\u0117 &#8220;Formos&#8221;\"}]},{\"@type\":\"WebSite\",\"@id\":\"https:\/\/monti.lt\/#website\",\"url\":\"https:\/\/monti.lt\/\",\"name\":\"Montessori \u017eaislai\",\"description\":\"\",\"publisher\":{\"@id\":\"https:\/\/monti.lt\/#organization\"},\"potentialAction\":[{\"@type\":\"SearchAction\",\"target\":{\"@type\":\"EntryPoint\",\"urlTemplate\":\"https:\/\/monti.lt\/?s={search_term_string}\"},\"query-input\":\"required name=search_term_string\"}],\"inLanguage\":\"en-US\"},{\"@type\":\"Organization\",\"@id\":\"https:\/\/monti.lt\/#organization\",\"name\":\"Montessori \u017eaislai\",\"url\":\"https:\/\/monti.lt\/\",\"logo\":{\"@type\":\"ImageObject\",\"inLanguage\":\"en-US\",\"@id\":\"https:\/\/monti.lt\/#\/schema\/logo\/image\/\",\"url\":\"https:\/\/monti.lt\/wp-content\/uploads\/2022\/03\/montilogo-1.png\",\"contentUrl\":\"https:\/\/monti.lt\/wp-content\/uploads\/2022\/03\/montilogo-1.png\",\"width\":512,\"height\":512,\"caption\":\"Montessori \u017eaislai\"},\"image\":{\"@id\":\"https:\/\/monti.lt\/#\/schema\/logo\/image\/\"}}]}<\/script>\n<!-- \/ Yoast SEO plugin. -->","yoast_head_json":{"title":"Medin\u0117 montessori lazdeli\u0173 d\u0117lion\u0117 \"Formos\" - Montessori \u017eaislai","robots":{"index":"index","follow":"follow","max-snippet":"max-snippet:-1","max-image-preview":"max-image-preview:large","max-video-preview":"max-video-preview:-1"},"canonical":"https:\/\/monti.lt\/en\/product\/medine-montessori-lazdeliu-delione-formos\/","og_locale":"en_US","og_type":"article","og_title":"Medin\u0117 montessori lazdeli\u0173 d\u0117lion\u0117 \"Formos\" - Montessori \u017eaislai","og_description":"2-in-1 rinkinys su dvipuse lenta, skirta ra\u0161yti ir trinti bei sud\u0117lioti spalvingas paveiksl\u0117lius naudojant medinius pagaliukus, yra puiki \u017eaislas vaikams. Nuostabus k\u016brybinis \u017eaislas, kuris suteiks daug valand\u0173 k\u016brybinio malonumo. Medin\u0117 lenta yra dvipus\u0117. Vienoje pus\u0117je yra lenta ra\u0161ymui ir pie\u0161imui su specialia nuvaloma danga. Komplekte yra specialus \u017eymeklis su kempine. Kitoje pus\u0117je yra lenta su [&hellip;]","og_url":"https:\/\/monti.lt\/en\/product\/medine-montessori-lazdeliu-delione-formos\/","og_site_name":"Montessori \u017eaislai","article_modified_time":"2025-12-17T12:33:50+00:00","og_image":[{"width":750,"height":750,"url":"https:\/\/monti.lt\/wp-content\/uploads\/2025\/09\/eng_pl_Montessori-puzzle-wooden-colorful-sticks-ZA4686-19948_1.jpg","type":"image\/jpeg"}],"twitter_card":"summary_large_image","twitter_misc":{"Est. reading time":"2 minutes"},"schema":{"@context":"https:\/\/schema.org","@graph":[{"@type":"WebPage","@id":"https:\/\/monti.lt\/product\/medine-montessori-lazdeliu-delione-formos\/","url":"https:\/\/monti.lt\/product\/medine-montessori-lazdeliu-delione-formos\/","name":"Medin\u0117 montessori lazdeli\u0173 d\u0117lion\u0117 \"Formos\" - Montessori \u017eaislai","isPartOf":{"@id":"https:\/\/monti.lt\/#website"},"primaryImageOfPage":{"@id":"https:\/\/monti.lt\/product\/medine-montessori-lazdeliu-delione-formos\/#primaryimage"},"image":{"@id":"https:\/\/monti.lt\/product\/medine-montessori-lazdeliu-delione-formos\/#primaryimage"},"thumbnailUrl":"https:\/\/monti.lt\/wp-content\/uploads\/2025\/09\/eng_pl_Montessori-puzzle-wooden-colorful-sticks-ZA4686-19948_1.jpg","datePublished":"2025-09-30T10:11:51+00:00","dateModified":"2025-12-17T12:33:50+00:00","breadcrumb":{"@id":"https:\/\/monti.lt\/product\/medine-montessori-lazdeliu-delione-formos\/#breadcrumb"},"inLanguage":"en-US","potentialAction":[{"@type":"ReadAction","target":["https:\/\/monti.lt\/product\/medine-montessori-lazdeliu-delione-formos\/"]}]},{"@type":"ImageObject","inLanguage":"en-US","@id":"https:\/\/monti.lt\/product\/medine-montessori-lazdeliu-delione-formos\/#primaryimage","url":"https:\/\/monti.lt\/wp-content\/uploads\/2025\/09\/eng_pl_Montessori-puzzle-wooden-colorful-sticks-ZA4686-19948_1.jpg","contentUrl":"https:\/\/monti.lt\/wp-content\/uploads\/2025\/09\/eng_pl_Montessori-puzzle-wooden-colorful-sticks-ZA4686-19948_1.jpg","width":750,"height":750,"caption":"montessori delione"},{"@type":"BreadcrumbList","@id":"https:\/\/monti.lt\/product\/medine-montessori-lazdeliu-delione-formos\/#breadcrumb","itemListElement":[{"@type":"ListItem","position":1,"name":"Home","item":"https:\/\/monti.lt\/"},{"@type":"ListItem","position":2,"name":"Parduotuv\u0117","item":"https:\/\/monti.lt\/shop\/"},{"@type":"ListItem","position":3,"name":"Medin\u0117 montessori lazdeli\u0173 d\u0117lion\u0117 &#8220;Formos&#8221;"}]},{"@type":"WebSite","@id":"https:\/\/monti.lt\/#website","url":"https:\/\/monti.lt\/","name":"Montessori \u017eaislai","description":"","publisher":{"@id":"https:\/\/monti.lt\/#organization"},"potentialAction":[{"@type":"SearchAction","target":{"@type":"EntryPoint","urlTemplate":"https:\/\/monti.lt\/?s={search_term_string}"},"query-input":"required name=search_term_string"}],"inLanguage":"en-US"},{"@type":"Organization","@id":"https:\/\/monti.lt\/#organization","name":"Montessori \u017eaislai","url":"https:\/\/monti.lt\/","logo":{"@type":"ImageObject","inLanguage":"en-US","@id":"https:\/\/monti.lt\/#\/schema\/logo\/image\/","url":"https:\/\/monti.lt\/wp-content\/uploads\/2022\/03\/montilogo-1.png","contentUrl":"https:\/\/monti.lt\/wp-content\/uploads\/2022\/03\/montilogo-1.png","width":512,"height":512,"caption":"Montessori \u017eaislai"},"image":{"@id":"https:\/\/monti.lt\/#\/schema\/logo\/image\/"}}]}},"_links":{"self":[{"href":"https:\/\/monti.lt\/en\/wp-json\/wp\/v2\/product\/33686"}],"collection":[{"href":"https:\/\/monti.lt\/en\/wp-json\/wp\/v2\/product"}],"about":[{"href":"https:\/\/monti.lt\/en\/wp-json\/wp\/v2\/types\/product"}],"version-history":[{"count":1,"href":"https:\/\/monti.lt\/en\/wp-json\/wp\/v2\/product\/33686\/revisions"}],"predecessor-version":[{"id":33694,"href":"https:\/\/monti.lt\/en\/wp-json\/wp\/v2\/product\/33686\/revisions\/33694"}],"wp:featuredmedia":[{"embeddable":true,"href":"https:\/\/monti.lt\/en\/wp-json\/wp\/v2\/media\/33687"}],"wp:attachment":[{"href":"https:\/\/monti.lt\/en\/wp-json\/wp\/v2\/media?parent=33686"}],"wp:term":[{"taxonomy":"product_cat","embeddable":true,"href":"https:\/\/monti.lt\/en\/wp-json\/wp\/v2\/product_cat?post=33686"},{"taxonomy":"product_tag","embeddable":true,"href":"https:\/\/monti.lt\/en\/wp-json\/wp\/v2\/product_tag?post=33686"}],"curies":[{"name":"wp","href":"https:\/\/api.w.org\/{rel}","templated":true}]}}