{"id":33712,"date":"2025-10-01T09:02:14","date_gmt":"2025-10-01T09:02:14","guid":{"rendered":"https:\/\/monti.lt\/?post_type=product&#038;p=33712"},"modified":"2025-11-24T09:23:31","modified_gmt":"2025-11-24T09:23:31","slug":"medine-magnetine-delione-su-magnetiniu-piestuku","status":"publish","type":"product","link":"https:\/\/monti.lt\/en\/product\/medine-magnetine-delione-su-magnetiniu-piestuku\/","title":{"rendered":"Medin\u0117 magnetin\u0117 d\u0117lion\u0117 su magnetiniu pie\u0161tuku"},"content":{"rendered":"<p>Magnetinis medinis d\u0117lion\u0117 su spalvotais rutuliais ir pie\u0161tuku \u2013 Montessori \u017eaislas, kuris ugdo vaik\u0173 \u017eaismingum\u0105. \u017daislas, kuris stiprina pasitik\u0117jim\u0105 savimi ir pa\u017eadina vaik\u0173 svajones.<br>Magnetin\u0117 medin\u0117 lenta yra idealus edukacinis \u017eaislas, kuris skatina vaikus \u017eaisti k\u016brybi\u0161kai ir \u012ftraukian\u010diai. Naudodamas magnetin\u012f pie\u0161tuk\u0105, vaikas gali perkelti spalvotus rutulius, kopijuodamas lentos apa\u010dioje matom\u0105 i\u0161d\u0117stym\u0105. Tai \u012fdomus i\u0161\u0161\u016bkis, kuris patraukia ne tik ma\u017eiausius!<br>D\u0117lion\u0117 puikiai padeda:<br>ugdyti k\u016brybi\u0161kum\u0105 ir vaizduot\u0119,<br>lavinti koncentracij\u0105 ir kantryb\u0119,<br>ugdyti smulki\u0105j\u0105 motorik\u0105 ir rank\u0173 bei aki\u0173 koordinacij\u0105,<br>stimuliuoti regos ir lyt\u0117jimo poj\u016b\u010dius,<br>login\u012f ir erdvin\u012f m\u0105stym\u0105.<br>D\u0117l kompakti\u0161k\u0173 matmen\u0173 (21 \u00d7 18 \u00d7 1,5 cm) lenta puikiai tinka kelion\u0117ms \u2013 tai puiki alternatyva telefono ar plan\u0161et\u0117s ekranui.<br>Pagaminta i\u0161 med\u017eio, su saugiai u\u017edarytais metaliniais rutuliukais, ji garantuoja saug\u0173 ir ilgalaik\u012f \u017eaidim\u0105.<br>Tai ne tik puiki dovana vaikui, bet ir puikus \u012frankis, padedantis vystytis \u017eaid\u017eiant.<br><\/p>","protected":false},"excerpt":{"rendered":"<p>Magnetinis medinis d\u0117lion\u0117 su spalvotais rutuliais ir pie\u0161tuku \u2013 Montessori \u017eaislas, kuris ugdo vaik\u0173 \u017eaismingum\u0105. \u017daislas, kuris stiprina pasitik\u0117jim\u0105 savimi ir pa\u017eadina vaik\u0173 svajones.Magnetin\u0117 medin\u0117 lenta yra idealus edukacinis \u017eaislas, kuris skatina vaikus \u017eaisti k\u016brybi\u0161kai ir \u012ftraukian\u010diai. Naudodamas magnetin\u012f pie\u0161tuk\u0105, vaikas gali perkelti spalvotus rutulius, kopijuodamas lentos apa\u010dioje matom\u0105 i\u0161d\u0117stym\u0105. Tai \u012fdomus i\u0161\u0161\u016bkis, kuris patraukia [&hellip;]<\/p>","protected":false},"featured_media":33713,"template":"","meta":{"_acf_changed":false,"iawp_total_views":61},"product_cat":[84,91,102,88,83,49,39],"product_tag":[97,98],"class_list":{"0":"post-33712","1":"product","2":"type-product","3":"status-publish","4":"has-post-thumbnail","6":"product_cat-lavinamieji-zaislai","7":"product_cat-loginiam-mastymui","8":"product_cat-mediniai-zaislai","9":"product_cat-mokausi-zaisti","10":"product_cat-montessori-zaislai","11":"product_cat-visi-zaislai","12":"product_cat-zaislai","13":"product_tag-3-m-4-m","14":"product_tag-5-m-7-m","16":"first","17":"outofstock","18":"sale","19":"taxable","20":"shipping-taxable","21":"purchasable","22":"product-type-simple"},"acf":[],"yoast_head":"<!-- This site is optimized with the Yoast SEO plugin v23.3 - https:\/\/yoast.com\/wordpress\/plugins\/seo\/ -->\n<title>Medin\u0117 magnetin\u0117 d\u0117lion\u0117 su magnetiniu pie\u0161tuku - Montessori \u017eaislai<\/title>\n<meta name=\"robots\" content=\"index, follow, max-snippet:-1, max-image-preview:large, max-video-preview:-1\" \/>\n<link rel=\"canonical\" href=\"https:\/\/monti.lt\/en\/product\/medine-magnetine-delione-su-magnetiniu-piestuku\/\" \/>\n<meta property=\"og:locale\" content=\"en_US\" \/>\n<meta property=\"og:type\" content=\"article\" \/>\n<meta property=\"og:title\" content=\"Medin\u0117 magnetin\u0117 d\u0117lion\u0117 su magnetiniu pie\u0161tuku - Montessori \u017eaislai\" \/>\n<meta property=\"og:description\" content=\"Magnetinis medinis d\u0117lion\u0117 su spalvotais rutuliais ir pie\u0161tuku \u2013 Montessori \u017eaislas, kuris ugdo vaik\u0173 \u017eaismingum\u0105. \u017daislas, kuris stiprina pasitik\u0117jim\u0105 savimi ir pa\u017eadina vaik\u0173 svajones.Magnetin\u0117 medin\u0117 lenta yra idealus edukacinis \u017eaislas, kuris skatina vaikus \u017eaisti k\u016brybi\u0161kai ir \u012ftraukian\u010diai. Naudodamas magnetin\u012f pie\u0161tuk\u0105, vaikas gali perkelti spalvotus rutulius, kopijuodamas lentos apa\u010dioje matom\u0105 i\u0161d\u0117stym\u0105. Tai \u012fdomus i\u0161\u0161\u016bkis, kuris patraukia [&hellip;]\" \/>\n<meta property=\"og:url\" content=\"https:\/\/monti.lt\/en\/product\/medine-magnetine-delione-su-magnetiniu-piestuku\/\" \/>\n<meta property=\"og:site_name\" content=\"Montessori \u017eaislai\" \/>\n<meta property=\"article:modified_time\" content=\"2025-11-24T09:23:31+00:00\" \/>\n<meta property=\"og:image\" content=\"https:\/\/monti.lt\/wp-content\/uploads\/2025\/10\/eng_pl_Wooden-puzzle-with-4-colored-balls-and-magnetic-stylus-ZA5579-21927_7.jpg\" \/>\n\t<meta property=\"og:image:width\" content=\"750\" \/>\n\t<meta property=\"og:image:height\" content=\"750\" \/>\n\t<meta property=\"og:image:type\" content=\"image\/jpeg\" \/>\n<meta name=\"twitter:card\" content=\"summary_large_image\" \/>\n<meta name=\"twitter:label1\" content=\"Est. reading time\" \/>\n\t<meta name=\"twitter:data1\" content=\"1 minute\" \/>\n<script type=\"application\/ld+json\" class=\"yoast-schema-graph\">{\"@context\":\"https:\/\/schema.org\",\"@graph\":[{\"@type\":\"WebPage\",\"@id\":\"https:\/\/monti.lt\/product\/medine-magnetine-delione-su-magnetiniu-piestuku\/\",\"url\":\"https:\/\/monti.lt\/product\/medine-magnetine-delione-su-magnetiniu-piestuku\/\",\"name\":\"Medin\u0117 magnetin\u0117 d\u0117lion\u0117 su magnetiniu pie\u0161tuku - Montessori \u017eaislai\",\"isPartOf\":{\"@id\":\"https:\/\/monti.lt\/#website\"},\"primaryImageOfPage\":{\"@id\":\"https:\/\/monti.lt\/product\/medine-magnetine-delione-su-magnetiniu-piestuku\/#primaryimage\"},\"image\":{\"@id\":\"https:\/\/monti.lt\/product\/medine-magnetine-delione-su-magnetiniu-piestuku\/#primaryimage\"},\"thumbnailUrl\":\"https:\/\/monti.lt\/wp-content\/uploads\/2025\/10\/eng_pl_Wooden-puzzle-with-4-colored-balls-and-magnetic-stylus-ZA5579-21927_7.jpg\",\"datePublished\":\"2025-10-01T09:02:14+00:00\",\"dateModified\":\"2025-11-24T09:23:31+00:00\",\"breadcrumb\":{\"@id\":\"https:\/\/monti.lt\/product\/medine-magnetine-delione-su-magnetiniu-piestuku\/#breadcrumb\"},\"inLanguage\":\"en-US\",\"potentialAction\":[{\"@type\":\"ReadAction\",\"target\":[\"https:\/\/monti.lt\/product\/medine-magnetine-delione-su-magnetiniu-piestuku\/\"]}]},{\"@type\":\"ImageObject\",\"inLanguage\":\"en-US\",\"@id\":\"https:\/\/monti.lt\/product\/medine-magnetine-delione-su-magnetiniu-piestuku\/#primaryimage\",\"url\":\"https:\/\/monti.lt\/wp-content\/uploads\/2025\/10\/eng_pl_Wooden-puzzle-with-4-colored-balls-and-magnetic-stylus-ZA5579-21927_7.jpg\",\"contentUrl\":\"https:\/\/monti.lt\/wp-content\/uploads\/2025\/10\/eng_pl_Wooden-puzzle-with-4-colored-balls-and-magnetic-stylus-ZA5579-21927_7.jpg\",\"width\":750,\"height\":750,\"caption\":\"montessori zaidimas\"},{\"@type\":\"BreadcrumbList\",\"@id\":\"https:\/\/monti.lt\/product\/medine-magnetine-delione-su-magnetiniu-piestuku\/#breadcrumb\",\"itemListElement\":[{\"@type\":\"ListItem\",\"position\":1,\"name\":\"Home\",\"item\":\"https:\/\/monti.lt\/\"},{\"@type\":\"ListItem\",\"position\":2,\"name\":\"Parduotuv\u0117\",\"item\":\"https:\/\/monti.lt\/shop\/\"},{\"@type\":\"ListItem\",\"position\":3,\"name\":\"Medin\u0117 magnetin\u0117 d\u0117lion\u0117 su magnetiniu pie\u0161tuku\"}]},{\"@type\":\"WebSite\",\"@id\":\"https:\/\/monti.lt\/#website\",\"url\":\"https:\/\/monti.lt\/\",\"name\":\"Montessori \u017eaislai\",\"description\":\"\",\"publisher\":{\"@id\":\"https:\/\/monti.lt\/#organization\"},\"potentialAction\":[{\"@type\":\"SearchAction\",\"target\":{\"@type\":\"EntryPoint\",\"urlTemplate\":\"https:\/\/monti.lt\/?s={search_term_string}\"},\"query-input\":\"required name=search_term_string\"}],\"inLanguage\":\"en-US\"},{\"@type\":\"Organization\",\"@id\":\"https:\/\/monti.lt\/#organization\",\"name\":\"Montessori \u017eaislai\",\"url\":\"https:\/\/monti.lt\/\",\"logo\":{\"@type\":\"ImageObject\",\"inLanguage\":\"en-US\",\"@id\":\"https:\/\/monti.lt\/#\/schema\/logo\/image\/\",\"url\":\"https:\/\/monti.lt\/wp-content\/uploads\/2022\/03\/montilogo-1.png\",\"contentUrl\":\"https:\/\/monti.lt\/wp-content\/uploads\/2022\/03\/montilogo-1.png\",\"width\":512,\"height\":512,\"caption\":\"Montessori \u017eaislai\"},\"image\":{\"@id\":\"https:\/\/monti.lt\/#\/schema\/logo\/image\/\"}}]}<\/script>\n<!-- \/ Yoast SEO plugin. -->","yoast_head_json":{"title":"Medin\u0117 magnetin\u0117 d\u0117lion\u0117 su magnetiniu pie\u0161tuku - Montessori \u017eaislai","robots":{"index":"index","follow":"follow","max-snippet":"max-snippet:-1","max-image-preview":"max-image-preview:large","max-video-preview":"max-video-preview:-1"},"canonical":"https:\/\/monti.lt\/en\/product\/medine-magnetine-delione-su-magnetiniu-piestuku\/","og_locale":"en_US","og_type":"article","og_title":"Medin\u0117 magnetin\u0117 d\u0117lion\u0117 su magnetiniu pie\u0161tuku - Montessori \u017eaislai","og_description":"Magnetinis medinis d\u0117lion\u0117 su spalvotais rutuliais ir pie\u0161tuku \u2013 Montessori \u017eaislas, kuris ugdo vaik\u0173 \u017eaismingum\u0105. \u017daislas, kuris stiprina pasitik\u0117jim\u0105 savimi ir pa\u017eadina vaik\u0173 svajones.Magnetin\u0117 medin\u0117 lenta yra idealus edukacinis \u017eaislas, kuris skatina vaikus \u017eaisti k\u016brybi\u0161kai ir \u012ftraukian\u010diai. Naudodamas magnetin\u012f pie\u0161tuk\u0105, vaikas gali perkelti spalvotus rutulius, kopijuodamas lentos apa\u010dioje matom\u0105 i\u0161d\u0117stym\u0105. Tai \u012fdomus i\u0161\u0161\u016bkis, kuris patraukia [&hellip;]","og_url":"https:\/\/monti.lt\/en\/product\/medine-magnetine-delione-su-magnetiniu-piestuku\/","og_site_name":"Montessori \u017eaislai","article_modified_time":"2025-11-24T09:23:31+00:00","og_image":[{"width":750,"height":750,"url":"https:\/\/monti.lt\/wp-content\/uploads\/2025\/10\/eng_pl_Wooden-puzzle-with-4-colored-balls-and-magnetic-stylus-ZA5579-21927_7.jpg","type":"image\/jpeg"}],"twitter_card":"summary_large_image","twitter_misc":{"Est. reading time":"1 minute"},"schema":{"@context":"https:\/\/schema.org","@graph":[{"@type":"WebPage","@id":"https:\/\/monti.lt\/product\/medine-magnetine-delione-su-magnetiniu-piestuku\/","url":"https:\/\/monti.lt\/product\/medine-magnetine-delione-su-magnetiniu-piestuku\/","name":"Medin\u0117 magnetin\u0117 d\u0117lion\u0117 su magnetiniu pie\u0161tuku - Montessori \u017eaislai","isPartOf":{"@id":"https:\/\/monti.lt\/#website"},"primaryImageOfPage":{"@id":"https:\/\/monti.lt\/product\/medine-magnetine-delione-su-magnetiniu-piestuku\/#primaryimage"},"image":{"@id":"https:\/\/monti.lt\/product\/medine-magnetine-delione-su-magnetiniu-piestuku\/#primaryimage"},"thumbnailUrl":"https:\/\/monti.lt\/wp-content\/uploads\/2025\/10\/eng_pl_Wooden-puzzle-with-4-colored-balls-and-magnetic-stylus-ZA5579-21927_7.jpg","datePublished":"2025-10-01T09:02:14+00:00","dateModified":"2025-11-24T09:23:31+00:00","breadcrumb":{"@id":"https:\/\/monti.lt\/product\/medine-magnetine-delione-su-magnetiniu-piestuku\/#breadcrumb"},"inLanguage":"en-US","potentialAction":[{"@type":"ReadAction","target":["https:\/\/monti.lt\/product\/medine-magnetine-delione-su-magnetiniu-piestuku\/"]}]},{"@type":"ImageObject","inLanguage":"en-US","@id":"https:\/\/monti.lt\/product\/medine-magnetine-delione-su-magnetiniu-piestuku\/#primaryimage","url":"https:\/\/monti.lt\/wp-content\/uploads\/2025\/10\/eng_pl_Wooden-puzzle-with-4-colored-balls-and-magnetic-stylus-ZA5579-21927_7.jpg","contentUrl":"https:\/\/monti.lt\/wp-content\/uploads\/2025\/10\/eng_pl_Wooden-puzzle-with-4-colored-balls-and-magnetic-stylus-ZA5579-21927_7.jpg","width":750,"height":750,"caption":"montessori zaidimas"},{"@type":"BreadcrumbList","@id":"https:\/\/monti.lt\/product\/medine-magnetine-delione-su-magnetiniu-piestuku\/#breadcrumb","itemListElement":[{"@type":"ListItem","position":1,"name":"Home","item":"https:\/\/monti.lt\/"},{"@type":"ListItem","position":2,"name":"Parduotuv\u0117","item":"https:\/\/monti.lt\/shop\/"},{"@type":"ListItem","position":3,"name":"Medin\u0117 magnetin\u0117 d\u0117lion\u0117 su magnetiniu pie\u0161tuku"}]},{"@type":"WebSite","@id":"https:\/\/monti.lt\/#website","url":"https:\/\/monti.lt\/","name":"Montessori \u017eaislai","description":"","publisher":{"@id":"https:\/\/monti.lt\/#organization"},"potentialAction":[{"@type":"SearchAction","target":{"@type":"EntryPoint","urlTemplate":"https:\/\/monti.lt\/?s={search_term_string}"},"query-input":"required name=search_term_string"}],"inLanguage":"en-US"},{"@type":"Organization","@id":"https:\/\/monti.lt\/#organization","name":"Montessori \u017eaislai","url":"https:\/\/monti.lt\/","logo":{"@type":"ImageObject","inLanguage":"en-US","@id":"https:\/\/monti.lt\/#\/schema\/logo\/image\/","url":"https:\/\/monti.lt\/wp-content\/uploads\/2022\/03\/montilogo-1.png","contentUrl":"https:\/\/monti.lt\/wp-content\/uploads\/2022\/03\/montilogo-1.png","width":512,"height":512,"caption":"Montessori \u017eaislai"},"image":{"@id":"https:\/\/monti.lt\/#\/schema\/logo\/image\/"}}]}},"_links":{"self":[{"href":"https:\/\/monti.lt\/en\/wp-json\/wp\/v2\/product\/33712"}],"collection":[{"href":"https:\/\/monti.lt\/en\/wp-json\/wp\/v2\/product"}],"about":[{"href":"https:\/\/monti.lt\/en\/wp-json\/wp\/v2\/types\/product"}],"version-history":[{"count":1,"href":"https:\/\/monti.lt\/en\/wp-json\/wp\/v2\/product\/33712\/revisions"}],"predecessor-version":[{"id":33720,"href":"https:\/\/monti.lt\/en\/wp-json\/wp\/v2\/product\/33712\/revisions\/33720"}],"wp:featuredmedia":[{"embeddable":true,"href":"https:\/\/monti.lt\/en\/wp-json\/wp\/v2\/media\/33713"}],"wp:attachment":[{"href":"https:\/\/monti.lt\/en\/wp-json\/wp\/v2\/media?parent=33712"}],"wp:term":[{"taxonomy":"product_cat","embeddable":true,"href":"https:\/\/monti.lt\/en\/wp-json\/wp\/v2\/product_cat?post=33712"},{"taxonomy":"product_tag","embeddable":true,"href":"https:\/\/monti.lt\/en\/wp-json\/wp\/v2\/product_tag?post=33712"}],"curies":[{"name":"wp","href":"https:\/\/api.w.org\/{rel}","templated":true}]}}