{"id":33721,"date":"2025-10-01T09:04:56","date_gmt":"2025-10-01T09:04:56","guid":{"rendered":"https:\/\/monti.lt\/?post_type=product&#038;p=33721"},"modified":"2025-12-15T09:30:55","modified_gmt":"2025-12-15T09:30:55","slug":"medinis-formu-galvosukis","status":"publish","type":"product","link":"https:\/\/monti.lt\/en\/product\/medinis-formu-galvosukis\/","title":{"rendered":"Medinis form\u0173 galvos\u016bkis"},"content":{"rendered":"<p>Medinis edukacinis d\u0117lion\u0117 leis jums vienu metu lavinti daugyb\u0119 \u012fg\u016bd\u017ei\u0173. Ji teigiamai veikia reg\u0105, lyt\u0117jim\u0105 ir geb\u0117jim\u0105 atskirti formas,<br>spalvas, taip pat aki\u0173 ir rank\u0173 koordinacij\u0105 bei rank\u0173 motorinius \u012fg\u016bd\u017eius. Vaikas gali \u017eaisti su medine d\u0117lione dviem b\u016bdais \u2013 sud\u0117damas blokelius ant kuoleli\u0173<br>pagal prid\u0117tas korteles arba suvyniojant juos ant virvel\u0117s. Ry\u0161ki\u0173, i\u0161rai\u0161king\u0173 spalv\u0173 blokai tikrai pritrauks daugelio vaik\u0173 \u017evilgsnius ir<br>paskatins juos \u017eaisti.<\/p>\n\n\n\n<p>Rinkinyje yra:<\/p>\n\n\n\n<ul class=\"wp-block-list\">\n<li>25 skirting\u0173 spalv\u0173 ir form\u0173 blokai,<\/li>\n\n\n\n<li>pagrindas su 5 kartimis,<\/li>\n\n\n\n<li>2 vyniojimo virvel\u0117s,<\/li>\n\n\n\n<li>u\u017eduo\u010di\u0173 kortel\u0117s.<\/li>\n<\/ul>\n\n\n\n<p>D\u0117lion\u0117s matmenys:<\/p>\n\n\n\n<ul class=\"wp-block-list\">\n<li>blokai apie 3 cm x 3 cm x 3,5 cm<\/li>\n\n\n\n<li>pagrindas 24 cm x 5 cm x 16 cm<\/li>\n\n\n\n<li>virvel\u0117 apie 70 cm<\/li>\n<\/ul>\n\n\n\n<p>\u012evairi\u0173 d\u0117lioni\u0173 sud\u0117liojimas yra ne tik puikus \u017eaidimas, bet ir mokymasis, kurio metu vaikas su\u017eino apie formas, spalvas, ugdo vaizduot\u0119,<br>mokosi susikaupti. D\u0117liojimas ramina ir moko kantryb\u0117s. Spalvingoje d\u0117\u017eut\u0117je supakuotas rinkinys puikiai tiks kaip dovana, prizas ir pan.<\/p>","protected":false},"excerpt":{"rendered":"<p>Medinis edukacinis d\u0117lion\u0117 leis jums vienu metu lavinti daugyb\u0119 \u012fg\u016bd\u017ei\u0173. Ji teigiamai veikia reg\u0105, lyt\u0117jim\u0105 ir geb\u0117jim\u0105 atskirti formas,spalvas, taip pat aki\u0173 ir rank\u0173 koordinacij\u0105 bei rank\u0173 motorinius \u012fg\u016bd\u017eius. Vaikas gali \u017eaisti su medine d\u0117lione dviem b\u016bdais \u2013 sud\u0117damas blokelius ant kuoleli\u0173pagal prid\u0117tas korteles arba suvyniojant juos ant virvel\u0117s. Ry\u0161ki\u0173, i\u0161rai\u0161king\u0173 spalv\u0173 blokai tikrai pritrauks [&hellip;]<\/p>","protected":false},"featured_media":33722,"template":"","meta":{"_acf_changed":false,"iawp_total_views":152},"product_cat":[92,195,216,191,84,91,102,88,83,86,49,39],"product_tag":[97],"class_list":{"0":"post-33721","1":"product","2":"type-product","3":"status-publish","4":"has-post-thumbnail","6":"product_cat-deliones","7":"product_cat-dovanos-vaikams-3-4-metu","8":"product_cat-dovanos-4-5-metu-vaikams","9":"product_cat-dovanos-vaikams","10":"product_cat-lavinamieji-zaislai","11":"product_cat-loginiam-mastymui","12":"product_cat-mediniai-zaislai","13":"product_cat-mokausi-zaisti","14":"product_cat-montessori-zaislai","15":"product_cat-smulkioji-motorika","16":"product_cat-visi-zaislai","17":"product_cat-zaislai","18":"product_tag-3-m-4-m","20":"first","21":"outofstock","22":"taxable","23":"shipping-taxable","24":"purchasable","25":"product-type-simple"},"acf":[],"yoast_head":"<!-- This site is optimized with the Yoast SEO plugin v23.3 - https:\/\/yoast.com\/wordpress\/plugins\/seo\/ -->\n<title>Medinis form\u0173 galvos\u016bkis - Montessori \u017eaislai<\/title>\n<meta name=\"robots\" content=\"index, follow, max-snippet:-1, max-image-preview:large, max-video-preview:-1\" \/>\n<link rel=\"canonical\" href=\"https:\/\/monti.lt\/en\/product\/medinis-formu-galvosukis\/\" \/>\n<meta property=\"og:locale\" content=\"en_US\" \/>\n<meta property=\"og:type\" content=\"article\" \/>\n<meta property=\"og:title\" content=\"Medinis form\u0173 galvos\u016bkis - Montessori \u017eaislai\" \/>\n<meta property=\"og:description\" content=\"Medinis edukacinis d\u0117lion\u0117 leis jums vienu metu lavinti daugyb\u0119 \u012fg\u016bd\u017ei\u0173. Ji teigiamai veikia reg\u0105, lyt\u0117jim\u0105 ir geb\u0117jim\u0105 atskirti formas,spalvas, taip pat aki\u0173 ir rank\u0173 koordinacij\u0105 bei rank\u0173 motorinius \u012fg\u016bd\u017eius. Vaikas gali \u017eaisti su medine d\u0117lione dviem b\u016bdais \u2013 sud\u0117damas blokelius ant kuoleli\u0173pagal prid\u0117tas korteles arba suvyniojant juos ant virvel\u0117s. Ry\u0161ki\u0173, i\u0161rai\u0161king\u0173 spalv\u0173 blokai tikrai pritrauks [&hellip;]\" \/>\n<meta property=\"og:url\" content=\"https:\/\/monti.lt\/en\/product\/medinis-formu-galvosukis\/\" \/>\n<meta property=\"og:site_name\" content=\"Montessori \u017eaislai\" \/>\n<meta property=\"article:modified_time\" content=\"2025-12-15T09:30:55+00:00\" \/>\n<meta property=\"og:image\" content=\"https:\/\/monti.lt\/wp-content\/uploads\/2025\/10\/eng_pl_Wooden-blocks-25pcs-educational-puzzle-ZA4758-20042_1.jpg\" \/>\n\t<meta property=\"og:image:width\" content=\"750\" \/>\n\t<meta property=\"og:image:height\" content=\"750\" \/>\n\t<meta property=\"og:image:type\" content=\"image\/jpeg\" \/>\n<meta name=\"twitter:card\" content=\"summary_large_image\" \/>\n<meta name=\"twitter:label1\" content=\"Est. reading time\" \/>\n\t<meta name=\"twitter:data1\" content=\"1 minute\" \/>\n<script type=\"application\/ld+json\" class=\"yoast-schema-graph\">{\"@context\":\"https:\/\/schema.org\",\"@graph\":[{\"@type\":\"WebPage\",\"@id\":\"https:\/\/monti.lt\/product\/medinis-formu-galvosukis\/\",\"url\":\"https:\/\/monti.lt\/product\/medinis-formu-galvosukis\/\",\"name\":\"Medinis form\u0173 galvos\u016bkis - Montessori \u017eaislai\",\"isPartOf\":{\"@id\":\"https:\/\/monti.lt\/#website\"},\"primaryImageOfPage\":{\"@id\":\"https:\/\/monti.lt\/product\/medinis-formu-galvosukis\/#primaryimage\"},\"image\":{\"@id\":\"https:\/\/monti.lt\/product\/medinis-formu-galvosukis\/#primaryimage\"},\"thumbnailUrl\":\"https:\/\/monti.lt\/wp-content\/uploads\/2025\/10\/eng_pl_Wooden-blocks-25pcs-educational-puzzle-ZA4758-20042_1.jpg\",\"datePublished\":\"2025-10-01T09:04:56+00:00\",\"dateModified\":\"2025-12-15T09:30:55+00:00\",\"breadcrumb\":{\"@id\":\"https:\/\/monti.lt\/product\/medinis-formu-galvosukis\/#breadcrumb\"},\"inLanguage\":\"en-US\",\"potentialAction\":[{\"@type\":\"ReadAction\",\"target\":[\"https:\/\/monti.lt\/product\/medinis-formu-galvosukis\/\"]}]},{\"@type\":\"ImageObject\",\"inLanguage\":\"en-US\",\"@id\":\"https:\/\/monti.lt\/product\/medinis-formu-galvosukis\/#primaryimage\",\"url\":\"https:\/\/monti.lt\/wp-content\/uploads\/2025\/10\/eng_pl_Wooden-blocks-25pcs-educational-puzzle-ZA4758-20042_1.jpg\",\"contentUrl\":\"https:\/\/monti.lt\/wp-content\/uploads\/2025\/10\/eng_pl_Wooden-blocks-25pcs-educational-puzzle-ZA4758-20042_1.jpg\",\"width\":750,\"height\":750,\"caption\":\"medine delione\"},{\"@type\":\"BreadcrumbList\",\"@id\":\"https:\/\/monti.lt\/product\/medinis-formu-galvosukis\/#breadcrumb\",\"itemListElement\":[{\"@type\":\"ListItem\",\"position\":1,\"name\":\"Home\",\"item\":\"https:\/\/monti.lt\/\"},{\"@type\":\"ListItem\",\"position\":2,\"name\":\"Parduotuv\u0117\",\"item\":\"https:\/\/monti.lt\/shop\/\"},{\"@type\":\"ListItem\",\"position\":3,\"name\":\"Medinis form\u0173 galvos\u016bkis\"}]},{\"@type\":\"WebSite\",\"@id\":\"https:\/\/monti.lt\/#website\",\"url\":\"https:\/\/monti.lt\/\",\"name\":\"Montessori \u017eaislai\",\"description\":\"\",\"publisher\":{\"@id\":\"https:\/\/monti.lt\/#organization\"},\"potentialAction\":[{\"@type\":\"SearchAction\",\"target\":{\"@type\":\"EntryPoint\",\"urlTemplate\":\"https:\/\/monti.lt\/?s={search_term_string}\"},\"query-input\":\"required name=search_term_string\"}],\"inLanguage\":\"en-US\"},{\"@type\":\"Organization\",\"@id\":\"https:\/\/monti.lt\/#organization\",\"name\":\"Montessori \u017eaislai\",\"url\":\"https:\/\/monti.lt\/\",\"logo\":{\"@type\":\"ImageObject\",\"inLanguage\":\"en-US\",\"@id\":\"https:\/\/monti.lt\/#\/schema\/logo\/image\/\",\"url\":\"https:\/\/monti.lt\/wp-content\/uploads\/2022\/03\/montilogo-1.png\",\"contentUrl\":\"https:\/\/monti.lt\/wp-content\/uploads\/2022\/03\/montilogo-1.png\",\"width\":512,\"height\":512,\"caption\":\"Montessori \u017eaislai\"},\"image\":{\"@id\":\"https:\/\/monti.lt\/#\/schema\/logo\/image\/\"}}]}<\/script>\n<!-- \/ Yoast SEO plugin. -->","yoast_head_json":{"title":"Medinis form\u0173 galvos\u016bkis - Montessori \u017eaislai","robots":{"index":"index","follow":"follow","max-snippet":"max-snippet:-1","max-image-preview":"max-image-preview:large","max-video-preview":"max-video-preview:-1"},"canonical":"https:\/\/monti.lt\/en\/product\/medinis-formu-galvosukis\/","og_locale":"en_US","og_type":"article","og_title":"Medinis form\u0173 galvos\u016bkis - Montessori \u017eaislai","og_description":"Medinis edukacinis d\u0117lion\u0117 leis jums vienu metu lavinti daugyb\u0119 \u012fg\u016bd\u017ei\u0173. Ji teigiamai veikia reg\u0105, lyt\u0117jim\u0105 ir geb\u0117jim\u0105 atskirti formas,spalvas, taip pat aki\u0173 ir rank\u0173 koordinacij\u0105 bei rank\u0173 motorinius \u012fg\u016bd\u017eius. Vaikas gali \u017eaisti su medine d\u0117lione dviem b\u016bdais \u2013 sud\u0117damas blokelius ant kuoleli\u0173pagal prid\u0117tas korteles arba suvyniojant juos ant virvel\u0117s. Ry\u0161ki\u0173, i\u0161rai\u0161king\u0173 spalv\u0173 blokai tikrai pritrauks [&hellip;]","og_url":"https:\/\/monti.lt\/en\/product\/medinis-formu-galvosukis\/","og_site_name":"Montessori \u017eaislai","article_modified_time":"2025-12-15T09:30:55+00:00","og_image":[{"width":750,"height":750,"url":"https:\/\/monti.lt\/wp-content\/uploads\/2025\/10\/eng_pl_Wooden-blocks-25pcs-educational-puzzle-ZA4758-20042_1.jpg","type":"image\/jpeg"}],"twitter_card":"summary_large_image","twitter_misc":{"Est. reading time":"1 minute"},"schema":{"@context":"https:\/\/schema.org","@graph":[{"@type":"WebPage","@id":"https:\/\/monti.lt\/product\/medinis-formu-galvosukis\/","url":"https:\/\/monti.lt\/product\/medinis-formu-galvosukis\/","name":"Medinis form\u0173 galvos\u016bkis - Montessori \u017eaislai","isPartOf":{"@id":"https:\/\/monti.lt\/#website"},"primaryImageOfPage":{"@id":"https:\/\/monti.lt\/product\/medinis-formu-galvosukis\/#primaryimage"},"image":{"@id":"https:\/\/monti.lt\/product\/medinis-formu-galvosukis\/#primaryimage"},"thumbnailUrl":"https:\/\/monti.lt\/wp-content\/uploads\/2025\/10\/eng_pl_Wooden-blocks-25pcs-educational-puzzle-ZA4758-20042_1.jpg","datePublished":"2025-10-01T09:04:56+00:00","dateModified":"2025-12-15T09:30:55+00:00","breadcrumb":{"@id":"https:\/\/monti.lt\/product\/medinis-formu-galvosukis\/#breadcrumb"},"inLanguage":"en-US","potentialAction":[{"@type":"ReadAction","target":["https:\/\/monti.lt\/product\/medinis-formu-galvosukis\/"]}]},{"@type":"ImageObject","inLanguage":"en-US","@id":"https:\/\/monti.lt\/product\/medinis-formu-galvosukis\/#primaryimage","url":"https:\/\/monti.lt\/wp-content\/uploads\/2025\/10\/eng_pl_Wooden-blocks-25pcs-educational-puzzle-ZA4758-20042_1.jpg","contentUrl":"https:\/\/monti.lt\/wp-content\/uploads\/2025\/10\/eng_pl_Wooden-blocks-25pcs-educational-puzzle-ZA4758-20042_1.jpg","width":750,"height":750,"caption":"medine delione"},{"@type":"BreadcrumbList","@id":"https:\/\/monti.lt\/product\/medinis-formu-galvosukis\/#breadcrumb","itemListElement":[{"@type":"ListItem","position":1,"name":"Home","item":"https:\/\/monti.lt\/"},{"@type":"ListItem","position":2,"name":"Parduotuv\u0117","item":"https:\/\/monti.lt\/shop\/"},{"@type":"ListItem","position":3,"name":"Medinis form\u0173 galvos\u016bkis"}]},{"@type":"WebSite","@id":"https:\/\/monti.lt\/#website","url":"https:\/\/monti.lt\/","name":"Montessori \u017eaislai","description":"","publisher":{"@id":"https:\/\/monti.lt\/#organization"},"potentialAction":[{"@type":"SearchAction","target":{"@type":"EntryPoint","urlTemplate":"https:\/\/monti.lt\/?s={search_term_string}"},"query-input":"required name=search_term_string"}],"inLanguage":"en-US"},{"@type":"Organization","@id":"https:\/\/monti.lt\/#organization","name":"Montessori \u017eaislai","url":"https:\/\/monti.lt\/","logo":{"@type":"ImageObject","inLanguage":"en-US","@id":"https:\/\/monti.lt\/#\/schema\/logo\/image\/","url":"https:\/\/monti.lt\/wp-content\/uploads\/2022\/03\/montilogo-1.png","contentUrl":"https:\/\/monti.lt\/wp-content\/uploads\/2022\/03\/montilogo-1.png","width":512,"height":512,"caption":"Montessori \u017eaislai"},"image":{"@id":"https:\/\/monti.lt\/#\/schema\/logo\/image\/"}}]}},"_links":{"self":[{"href":"https:\/\/monti.lt\/en\/wp-json\/wp\/v2\/product\/33721"}],"collection":[{"href":"https:\/\/monti.lt\/en\/wp-json\/wp\/v2\/product"}],"about":[{"href":"https:\/\/monti.lt\/en\/wp-json\/wp\/v2\/types\/product"}],"version-history":[{"count":1,"href":"https:\/\/monti.lt\/en\/wp-json\/wp\/v2\/product\/33721\/revisions"}],"predecessor-version":[{"id":33730,"href":"https:\/\/monti.lt\/en\/wp-json\/wp\/v2\/product\/33721\/revisions\/33730"}],"wp:featuredmedia":[{"embeddable":true,"href":"https:\/\/monti.lt\/en\/wp-json\/wp\/v2\/media\/33722"}],"wp:attachment":[{"href":"https:\/\/monti.lt\/en\/wp-json\/wp\/v2\/media?parent=33721"}],"wp:term":[{"taxonomy":"product_cat","embeddable":true,"href":"https:\/\/monti.lt\/en\/wp-json\/wp\/v2\/product_cat?post=33721"},{"taxonomy":"product_tag","embeddable":true,"href":"https:\/\/monti.lt\/en\/wp-json\/wp\/v2\/product_tag?post=33721"}],"curies":[{"name":"wp","href":"https:\/\/api.w.org\/{rel}","templated":true}]}}