{"id":33731,"date":"2025-10-01T09:08:25","date_gmt":"2025-10-01T09:08:25","guid":{"rendered":"https:\/\/monti.lt\/?post_type=product&#038;p=33731"},"modified":"2025-11-11T13:42:12","modified_gmt":"2025-11-11T13:42:12","slug":"medinis-montessori-spalvu-rusiavimo-zaidimas","status":"publish","type":"product","link":"https:\/\/monti.lt\/en\/product\/medinis-montessori-spalvu-rusiavimo-zaidimas\/","title":{"rendered":"Medinis montessori spalv\u0173 r\u016b\u0161iavimo \u017eaidimas"},"content":{"rendered":"<p>Medinis edukacinis d\u0117lion\u0117 &#8211; didelis 50 spalvot\u0173 kamuoliuk\u0173 rinkinys + r\u016b\u0161iuoklis!<br>\u0160is spalvingas medini\u0173 kamuoliuk\u0173 rinkinys su lenta ir skyl\u0117mis yra ideali dovana vaikams, m\u0117gstantiems k\u016brybingus \u017eaidimus. Edukacinis \u017eaislas suteiks daug valand\u0173 \u012fdomaus pramogavimo, o malonios spalvos papildomai paskatins ma\u017eyl\u012f \u017eaisti.<br>D\u0117lion\u0117 ugdo k\u016brybi\u0161kum\u0105 ir remia vaiko vystym\u0105si, padeda lavinti smulki\u0105j\u0105 motorik\u0105 ir aki\u0173 bei rank\u0173 koordinacij\u0105. Vaikas i\u0161moks atskirti spalvas, skai\u010diavimo pagrindus. Pramogos ir mokymasis \u2013 vystymuisi ir d\u017eiaugsmui!<br>Komplekte yra:<\/p>\n\n\n\n<ul class=\"wp-block-list\">\n<li>50 spalvot\u0173 karoliuk\u0173 (m\u0117lyni, raudoni, \u017eali, geltoni, balti, oran\u017einiai, violetiniai, pilki, juodi, rudi)<\/li>\n\n\n\n<li>medin\u012f pad\u0117kl\u0105 su 11 skylu\u010di\u0173 ir u\u017era\u0161ytomis spalv\u0173 pavadinimais angl\u0173 kalba<\/li>\n\n\n\n<li>pincet\u0105<br>Stovo matmenys:<\/li>\n\n\n\n<li>30 x 22 x 1,5 cm<br>Medinis karoliuk\u0173 d\u0117lion\u0117 yra k\u016brybinis \u017eaislas, kuris teikia daug naudos vaiko vystymuisi:<br>Ugdo rank\u0173 \u012fg\u016bd\u017eius \u2013 manipuliavimas karoliukais padeda lavinti smulki\u0105j\u0105 motorik\u0105 ir rank\u0173 bei aki\u0173 koordinacij\u0105.<br>Gerina pa\u017eintinius \u012fg\u016bd\u017eius \u2013 spalv\u0173 atskyrimas, skai\u010diavimas, analitini\u0173 \u012fg\u016bd\u017ei\u0173 ugdymas.<br>Stiprina koncentracij\u0105 ir kantryb\u0119 \u2013 reikalauja sutelktos d\u0117mesio ir l\u0117to, sistemingo veikimo, o tai ugdo geb\u0117jim\u0105 susikaupti ir kantryb\u0119.<br>Skatina k\u016brybi\u0161kum\u0105 \u2013 leid\u017eia kurti savo modelius ir projektus, ugdydamas vaizduot\u0119 ir k\u016brybi\u0161kum\u0105.<\/li>\n<\/ul>\n\n\n\n<p>Skatina savaranki\u0161kum\u0105 \u2013 vaikas savaranki\u0161kai renkasi karoliukus ir kuria kompozicijas, o tai skatina savaranki\u0161kumo ugdym\u0105.<br>Skatina emocin\u012f vystym\u0105si \u2013 gra\u017ei\u0173 ra\u0161t\u0173 k\u016brimas ugdo pasitik\u0117jim\u0105 savimi, suteikia pasitenkinimo jausm\u0105 ir teigiamai veikia emocin\u012f vystym\u0105si.<br>Skatina socialin\u012f vystym\u0105si \u2013 \u017eaidimas grup\u0117je leid\u017eia mokytis bendradarbiauti, bendrauti ir der\u0117tis, o tai skatina socialin\u012f vystym\u0105si.<br>Medini\u0173 karoliuk\u0173 rinkinys ne tik ugdo vaikus, bet ir suteikia \u012fdom\u0173 \u017eaidim\u0105. Supakuotas spalvingoje pakuot\u0117je, jis puikiai tiks kaip dovana<\/p>","protected":false},"excerpt":{"rendered":"<p>Medinis edukacinis d\u0117lion\u0117 &#8211; didelis 50 spalvot\u0173 kamuoliuk\u0173 rinkinys + r\u016b\u0161iuoklis!\u0160is spalvingas medini\u0173 kamuoliuk\u0173 rinkinys su lenta ir skyl\u0117mis yra ideali dovana vaikams, m\u0117gstantiems k\u016brybingus \u017eaidimus. Edukacinis \u017eaislas suteiks daug valand\u0173 \u012fdomaus pramogavimo, o malonios spalvos papildomai paskatins ma\u017eyl\u012f \u017eaisti.D\u0117lion\u0117 ugdo k\u016brybi\u0161kum\u0105 ir remia vaiko vystym\u0105si, padeda lavinti smulki\u0105j\u0105 motorik\u0105 ir aki\u0173 bei rank\u0173 koordinacij\u0105. [&hellip;]<\/p>","protected":false},"featured_media":33732,"template":"","meta":{"_acf_changed":false,"iawp_total_views":75},"product_cat":[208,92,84,91,210,102,88,83,86,49,39],"product_tag":[97,98],"class_list":{"0":"post-33731","1":"product","2":"type-product","3":"status-publish","4":"has-post-thumbnail","6":"product_cat-deliones-2","7":"product_cat-deliones","8":"product_cat-lavinamieji-zaislai","9":"product_cat-loginiam-mastymui","10":"product_cat-medines-deliones","11":"product_cat-mediniai-zaislai","12":"product_cat-mokausi-zaisti","13":"product_cat-montessori-zaislai","14":"product_cat-smulkioji-motorika","15":"product_cat-visi-zaislai","16":"product_cat-zaislai","17":"product_tag-3-m-4-m","18":"product_tag-5-m-7-m","20":"first","21":"outofstock","22":"taxable","23":"shipping-taxable","24":"purchasable","25":"product-type-simple"},"acf":[],"yoast_head":"<!-- This site is optimized with the Yoast SEO plugin v23.3 - https:\/\/yoast.com\/wordpress\/plugins\/seo\/ -->\n<title>Medinis montessori spalv\u0173 r\u016b\u0161iavimo \u017eaidimas - Montessori \u017eaislai<\/title>\n<meta name=\"robots\" content=\"index, follow, max-snippet:-1, max-image-preview:large, max-video-preview:-1\" \/>\n<link rel=\"canonical\" href=\"https:\/\/monti.lt\/en\/product\/medinis-montessori-spalvu-rusiavimo-zaidimas\/\" \/>\n<meta property=\"og:locale\" content=\"en_US\" \/>\n<meta property=\"og:type\" content=\"article\" \/>\n<meta property=\"og:title\" content=\"Medinis montessori spalv\u0173 r\u016b\u0161iavimo \u017eaidimas - Montessori \u017eaislai\" \/>\n<meta property=\"og:description\" content=\"Medinis edukacinis d\u0117lion\u0117 &#8211; didelis 50 spalvot\u0173 kamuoliuk\u0173 rinkinys + r\u016b\u0161iuoklis!\u0160is spalvingas medini\u0173 kamuoliuk\u0173 rinkinys su lenta ir skyl\u0117mis yra ideali dovana vaikams, m\u0117gstantiems k\u016brybingus \u017eaidimus. Edukacinis \u017eaislas suteiks daug valand\u0173 \u012fdomaus pramogavimo, o malonios spalvos papildomai paskatins ma\u017eyl\u012f \u017eaisti.D\u0117lion\u0117 ugdo k\u016brybi\u0161kum\u0105 ir remia vaiko vystym\u0105si, padeda lavinti smulki\u0105j\u0105 motorik\u0105 ir aki\u0173 bei rank\u0173 koordinacij\u0105. [&hellip;]\" \/>\n<meta property=\"og:url\" content=\"https:\/\/monti.lt\/en\/product\/medinis-montessori-spalvu-rusiavimo-zaidimas\/\" \/>\n<meta property=\"og:site_name\" content=\"Montessori \u017eaislai\" \/>\n<meta property=\"article:modified_time\" content=\"2025-11-11T13:42:12+00:00\" \/>\n<meta property=\"og:image\" content=\"https:\/\/monti.lt\/wp-content\/uploads\/2025\/10\/eng_pl_Colored-Balls-Montessori-Puzzle-Mosaic-Sorter-learning-colors-ZA5329-21358_1.jpg\" \/>\n\t<meta property=\"og:image:width\" content=\"750\" \/>\n\t<meta property=\"og:image:height\" content=\"750\" \/>\n\t<meta property=\"og:image:type\" content=\"image\/jpeg\" \/>\n<meta name=\"twitter:card\" content=\"summary_large_image\" \/>\n<meta name=\"twitter:label1\" content=\"Est. reading time\" \/>\n\t<meta name=\"twitter:data1\" content=\"2 minutes\" \/>\n<script type=\"application\/ld+json\" class=\"yoast-schema-graph\">{\"@context\":\"https:\/\/schema.org\",\"@graph\":[{\"@type\":\"WebPage\",\"@id\":\"https:\/\/monti.lt\/product\/medinis-montessori-spalvu-rusiavimo-zaidimas\/\",\"url\":\"https:\/\/monti.lt\/product\/medinis-montessori-spalvu-rusiavimo-zaidimas\/\",\"name\":\"Medinis montessori spalv\u0173 r\u016b\u0161iavimo \u017eaidimas - Montessori \u017eaislai\",\"isPartOf\":{\"@id\":\"https:\/\/monti.lt\/#website\"},\"primaryImageOfPage\":{\"@id\":\"https:\/\/monti.lt\/product\/medinis-montessori-spalvu-rusiavimo-zaidimas\/#primaryimage\"},\"image\":{\"@id\":\"https:\/\/monti.lt\/product\/medinis-montessori-spalvu-rusiavimo-zaidimas\/#primaryimage\"},\"thumbnailUrl\":\"https:\/\/monti.lt\/wp-content\/uploads\/2025\/10\/eng_pl_Colored-Balls-Montessori-Puzzle-Mosaic-Sorter-learning-colors-ZA5329-21358_1.jpg\",\"datePublished\":\"2025-10-01T09:08:25+00:00\",\"dateModified\":\"2025-11-11T13:42:12+00:00\",\"breadcrumb\":{\"@id\":\"https:\/\/monti.lt\/product\/medinis-montessori-spalvu-rusiavimo-zaidimas\/#breadcrumb\"},\"inLanguage\":\"en-US\",\"potentialAction\":[{\"@type\":\"ReadAction\",\"target\":[\"https:\/\/monti.lt\/product\/medinis-montessori-spalvu-rusiavimo-zaidimas\/\"]}]},{\"@type\":\"ImageObject\",\"inLanguage\":\"en-US\",\"@id\":\"https:\/\/monti.lt\/product\/medinis-montessori-spalvu-rusiavimo-zaidimas\/#primaryimage\",\"url\":\"https:\/\/monti.lt\/wp-content\/uploads\/2025\/10\/eng_pl_Colored-Balls-Montessori-Puzzle-Mosaic-Sorter-learning-colors-ZA5329-21358_1.jpg\",\"contentUrl\":\"https:\/\/monti.lt\/wp-content\/uploads\/2025\/10\/eng_pl_Colored-Balls-Montessori-Puzzle-Mosaic-Sorter-learning-colors-ZA5329-21358_1.jpg\",\"width\":750,\"height\":750,\"caption\":\"spalvu pazinimas\"},{\"@type\":\"BreadcrumbList\",\"@id\":\"https:\/\/monti.lt\/product\/medinis-montessori-spalvu-rusiavimo-zaidimas\/#breadcrumb\",\"itemListElement\":[{\"@type\":\"ListItem\",\"position\":1,\"name\":\"Home\",\"item\":\"https:\/\/monti.lt\/\"},{\"@type\":\"ListItem\",\"position\":2,\"name\":\"Parduotuv\u0117\",\"item\":\"https:\/\/monti.lt\/shop\/\"},{\"@type\":\"ListItem\",\"position\":3,\"name\":\"Medinis montessori spalv\u0173 r\u016b\u0161iavimo \u017eaidimas\"}]},{\"@type\":\"WebSite\",\"@id\":\"https:\/\/monti.lt\/#website\",\"url\":\"https:\/\/monti.lt\/\",\"name\":\"Montessori \u017eaislai\",\"description\":\"\",\"publisher\":{\"@id\":\"https:\/\/monti.lt\/#organization\"},\"potentialAction\":[{\"@type\":\"SearchAction\",\"target\":{\"@type\":\"EntryPoint\",\"urlTemplate\":\"https:\/\/monti.lt\/?s={search_term_string}\"},\"query-input\":\"required name=search_term_string\"}],\"inLanguage\":\"en-US\"},{\"@type\":\"Organization\",\"@id\":\"https:\/\/monti.lt\/#organization\",\"name\":\"Montessori \u017eaislai\",\"url\":\"https:\/\/monti.lt\/\",\"logo\":{\"@type\":\"ImageObject\",\"inLanguage\":\"en-US\",\"@id\":\"https:\/\/monti.lt\/#\/schema\/logo\/image\/\",\"url\":\"https:\/\/monti.lt\/wp-content\/uploads\/2022\/03\/montilogo-1.png\",\"contentUrl\":\"https:\/\/monti.lt\/wp-content\/uploads\/2022\/03\/montilogo-1.png\",\"width\":512,\"height\":512,\"caption\":\"Montessori \u017eaislai\"},\"image\":{\"@id\":\"https:\/\/monti.lt\/#\/schema\/logo\/image\/\"}}]}<\/script>\n<!-- \/ Yoast SEO plugin. -->","yoast_head_json":{"title":"Medinis montessori spalv\u0173 r\u016b\u0161iavimo \u017eaidimas - Montessori \u017eaislai","robots":{"index":"index","follow":"follow","max-snippet":"max-snippet:-1","max-image-preview":"max-image-preview:large","max-video-preview":"max-video-preview:-1"},"canonical":"https:\/\/monti.lt\/en\/product\/medinis-montessori-spalvu-rusiavimo-zaidimas\/","og_locale":"en_US","og_type":"article","og_title":"Medinis montessori spalv\u0173 r\u016b\u0161iavimo \u017eaidimas - Montessori \u017eaislai","og_description":"Medinis edukacinis d\u0117lion\u0117 &#8211; didelis 50 spalvot\u0173 kamuoliuk\u0173 rinkinys + r\u016b\u0161iuoklis!\u0160is spalvingas medini\u0173 kamuoliuk\u0173 rinkinys su lenta ir skyl\u0117mis yra ideali dovana vaikams, m\u0117gstantiems k\u016brybingus \u017eaidimus. Edukacinis \u017eaislas suteiks daug valand\u0173 \u012fdomaus pramogavimo, o malonios spalvos papildomai paskatins ma\u017eyl\u012f \u017eaisti.D\u0117lion\u0117 ugdo k\u016brybi\u0161kum\u0105 ir remia vaiko vystym\u0105si, padeda lavinti smulki\u0105j\u0105 motorik\u0105 ir aki\u0173 bei rank\u0173 koordinacij\u0105. [&hellip;]","og_url":"https:\/\/monti.lt\/en\/product\/medinis-montessori-spalvu-rusiavimo-zaidimas\/","og_site_name":"Montessori \u017eaislai","article_modified_time":"2025-11-11T13:42:12+00:00","og_image":[{"width":750,"height":750,"url":"https:\/\/monti.lt\/wp-content\/uploads\/2025\/10\/eng_pl_Colored-Balls-Montessori-Puzzle-Mosaic-Sorter-learning-colors-ZA5329-21358_1.jpg","type":"image\/jpeg"}],"twitter_card":"summary_large_image","twitter_misc":{"Est. reading time":"2 minutes"},"schema":{"@context":"https:\/\/schema.org","@graph":[{"@type":"WebPage","@id":"https:\/\/monti.lt\/product\/medinis-montessori-spalvu-rusiavimo-zaidimas\/","url":"https:\/\/monti.lt\/product\/medinis-montessori-spalvu-rusiavimo-zaidimas\/","name":"Medinis montessori spalv\u0173 r\u016b\u0161iavimo \u017eaidimas - Montessori \u017eaislai","isPartOf":{"@id":"https:\/\/monti.lt\/#website"},"primaryImageOfPage":{"@id":"https:\/\/monti.lt\/product\/medinis-montessori-spalvu-rusiavimo-zaidimas\/#primaryimage"},"image":{"@id":"https:\/\/monti.lt\/product\/medinis-montessori-spalvu-rusiavimo-zaidimas\/#primaryimage"},"thumbnailUrl":"https:\/\/monti.lt\/wp-content\/uploads\/2025\/10\/eng_pl_Colored-Balls-Montessori-Puzzle-Mosaic-Sorter-learning-colors-ZA5329-21358_1.jpg","datePublished":"2025-10-01T09:08:25+00:00","dateModified":"2025-11-11T13:42:12+00:00","breadcrumb":{"@id":"https:\/\/monti.lt\/product\/medinis-montessori-spalvu-rusiavimo-zaidimas\/#breadcrumb"},"inLanguage":"en-US","potentialAction":[{"@type":"ReadAction","target":["https:\/\/monti.lt\/product\/medinis-montessori-spalvu-rusiavimo-zaidimas\/"]}]},{"@type":"ImageObject","inLanguage":"en-US","@id":"https:\/\/monti.lt\/product\/medinis-montessori-spalvu-rusiavimo-zaidimas\/#primaryimage","url":"https:\/\/monti.lt\/wp-content\/uploads\/2025\/10\/eng_pl_Colored-Balls-Montessori-Puzzle-Mosaic-Sorter-learning-colors-ZA5329-21358_1.jpg","contentUrl":"https:\/\/monti.lt\/wp-content\/uploads\/2025\/10\/eng_pl_Colored-Balls-Montessori-Puzzle-Mosaic-Sorter-learning-colors-ZA5329-21358_1.jpg","width":750,"height":750,"caption":"spalvu pazinimas"},{"@type":"BreadcrumbList","@id":"https:\/\/monti.lt\/product\/medinis-montessori-spalvu-rusiavimo-zaidimas\/#breadcrumb","itemListElement":[{"@type":"ListItem","position":1,"name":"Home","item":"https:\/\/monti.lt\/"},{"@type":"ListItem","position":2,"name":"Parduotuv\u0117","item":"https:\/\/monti.lt\/shop\/"},{"@type":"ListItem","position":3,"name":"Medinis montessori spalv\u0173 r\u016b\u0161iavimo \u017eaidimas"}]},{"@type":"WebSite","@id":"https:\/\/monti.lt\/#website","url":"https:\/\/monti.lt\/","name":"Montessori \u017eaislai","description":"","publisher":{"@id":"https:\/\/monti.lt\/#organization"},"potentialAction":[{"@type":"SearchAction","target":{"@type":"EntryPoint","urlTemplate":"https:\/\/monti.lt\/?s={search_term_string}"},"query-input":"required name=search_term_string"}],"inLanguage":"en-US"},{"@type":"Organization","@id":"https:\/\/monti.lt\/#organization","name":"Montessori \u017eaislai","url":"https:\/\/monti.lt\/","logo":{"@type":"ImageObject","inLanguage":"en-US","@id":"https:\/\/monti.lt\/#\/schema\/logo\/image\/","url":"https:\/\/monti.lt\/wp-content\/uploads\/2022\/03\/montilogo-1.png","contentUrl":"https:\/\/monti.lt\/wp-content\/uploads\/2022\/03\/montilogo-1.png","width":512,"height":512,"caption":"Montessori \u017eaislai"},"image":{"@id":"https:\/\/monti.lt\/#\/schema\/logo\/image\/"}}]}},"_links":{"self":[{"href":"https:\/\/monti.lt\/en\/wp-json\/wp\/v2\/product\/33731"}],"collection":[{"href":"https:\/\/monti.lt\/en\/wp-json\/wp\/v2\/product"}],"about":[{"href":"https:\/\/monti.lt\/en\/wp-json\/wp\/v2\/types\/product"}],"version-history":[{"count":1,"href":"https:\/\/monti.lt\/en\/wp-json\/wp\/v2\/product\/33731\/revisions"}],"predecessor-version":[{"id":33739,"href":"https:\/\/monti.lt\/en\/wp-json\/wp\/v2\/product\/33731\/revisions\/33739"}],"wp:featuredmedia":[{"embeddable":true,"href":"https:\/\/monti.lt\/en\/wp-json\/wp\/v2\/media\/33732"}],"wp:attachment":[{"href":"https:\/\/monti.lt\/en\/wp-json\/wp\/v2\/media?parent=33731"}],"wp:term":[{"taxonomy":"product_cat","embeddable":true,"href":"https:\/\/monti.lt\/en\/wp-json\/wp\/v2\/product_cat?post=33731"},{"taxonomy":"product_tag","embeddable":true,"href":"https:\/\/monti.lt\/en\/wp-json\/wp\/v2\/product_tag?post=33731"}],"curies":[{"name":"wp","href":"https:\/\/api.w.org\/{rel}","templated":true}]}}