{"id":33741,"date":"2025-10-01T09:11:25","date_gmt":"2025-10-01T09:11:25","guid":{"rendered":"https:\/\/monti.lt\/?post_type=product&#038;p=33741"},"modified":"2025-11-14T09:12:18","modified_gmt":"2025-11-14T09:12:18","slug":"medine-uzraktu-delione","status":"publish","type":"product","link":"https:\/\/monti.lt\/en\/product\/medine-uzraktu-delione\/","title":{"rendered":"Medin\u0117 u\u017erakt\u0173 d\u0117lion\u0117"},"content":{"rendered":"<p>Jutimin\u0117 manipuliacin\u0117 lenta vaikams yra pasi\u016blymas kiekvienam vaikui. Lenta yra \u012frengta \u0161e\u0161iomis durimis, u\u017edaromomis spynomis. U\u017e kiekvien\u0173 dur\u0173 vaik\u0105 laukia staigmena \u2013<br>gyv\u016bnai. Kiekvienas namelis yra sunumeruotas, o numeris atitinka u\u017e dur\u0173 pasl\u0117pt\u0173 gyv\u016bn\u0173 skai\u010di\u0173.<br>Nor\u0117damas pasiekti gyv\u016bn\u0105, vaikas turi atrakinti ant dur\u0173 pritvirtint\u0105 spyn\u0105. Spynos yra \u012fvairi\u0173 r\u016b\u0161i\u0173: kabliukai, stumdomos spynos, sagtys arba spaustukai.<\/p>\n\n\n\n<p>Jutimin\u0117 lenta pad\u0117s i\u0161mokti:<\/p>\n\n\n\n<ul class=\"wp-block-list\">\n<li>skaitmenis<\/li>\n\n\n\n<li>skai\u010diuoti<\/li>\n\n\n\n<li>spalvas<\/li>\n\n\n\n<li>lavinti rank\u0173 \u012fg\u016bd\u017eius atidarant spynas<\/li>\n\n\n\n<li>\u017eaidimas su lenta lavina koncentracij\u0105 ir rank\u0173 \u012fg\u016bd\u017eius.<\/li>\n<\/ul>\n\n\n\n<p>Matmenys:<\/p>\n\n\n\n<ul class=\"wp-block-list\">\n<li>39,5 x 29,5 x 1 cm<\/li>\n<\/ul>\n\n\n\n<p>Edukacin\u0117 lenta \u201eIe\u0161kok gyv\u016bn\u0117li\u0173\u201c \u2013 \u017eaislas, kuris visada teikia d\u017eiaugsmo!<\/p>\n\n\n\n<p>\u017daidimas su lenta moko daugelio dalyk\u0173: nuo gyv\u016bn\u0173 atpa\u017einimo, atminties lavinimo iki kantryb\u0117s ugdymo. Edukacin\u0117 lenta pagaminta taip, kad<br>b\u016bt\u0173 u\u017etikrintas jos ilgaam\u017ei\u0161kumas, ma\u017eiausiems patinka ry\u0161kios spalvos, o galimyb\u0117 manipuliuoti spynomis ilgam i\u0161laiko j\u0173 d\u0117mes\u012f.<\/p>","protected":false},"excerpt":{"rendered":"<p>Jutimin\u0117 manipuliacin\u0117 lenta vaikams yra pasi\u016blymas kiekvienam vaikui. Lenta yra \u012frengta \u0161e\u0161iomis durimis, u\u017edaromomis spynomis. U\u017e kiekvien\u0173 dur\u0173 vaik\u0105 laukia staigmena \u2013gyv\u016bnai. Kiekvienas namelis yra sunumeruotas, o numeris atitinka u\u017e dur\u0173 pasl\u0117pt\u0173 gyv\u016bn\u0173 skai\u010di\u0173.Nor\u0117damas pasiekti gyv\u016bn\u0105, vaikas turi atrakinti ant dur\u0173 pritvirtint\u0105 spyn\u0105. Spynos yra \u012fvairi\u0173 r\u016b\u0161i\u0173: kabliukai, stumdomos spynos, sagtys arba spaustukai. Jutimin\u0117 lenta [&hellip;]<\/p>","protected":false},"featured_media":33742,"template":"","meta":{"_acf_changed":false,"iawp_total_views":49},"product_cat":[208,195,216,191,84,91,210,102,83,90,86,49,39],"product_tag":[97,98],"class_list":{"0":"post-33741","1":"product","2":"type-product","3":"status-publish","4":"has-post-thumbnail","6":"product_cat-deliones-2","7":"product_cat-dovanos-vaikams-3-4-metu","8":"product_cat-dovanos-4-5-metu-vaikams","9":"product_cat-dovanos-vaikams","10":"product_cat-lavinamieji-zaislai","11":"product_cat-loginiam-mastymui","12":"product_cat-medines-deliones","13":"product_cat-mediniai-zaislai","14":"product_cat-montessori-zaislai","15":"product_cat-pasaulio-pazinimas","16":"product_cat-smulkioji-motorika","17":"product_cat-visi-zaislai","18":"product_cat-zaislai","19":"product_tag-3-m-4-m","20":"product_tag-5-m-7-m","22":"first","23":"outofstock","24":"taxable","25":"shipping-taxable","26":"purchasable","27":"product-type-simple"},"acf":[],"yoast_head":"<!-- This site is optimized with the Yoast SEO plugin v23.3 - https:\/\/yoast.com\/wordpress\/plugins\/seo\/ -->\n<title>Medin\u0117 u\u017erakt\u0173 d\u0117lion\u0117 - Montessori \u017eaislai<\/title>\n<meta name=\"robots\" content=\"index, follow, max-snippet:-1, max-image-preview:large, max-video-preview:-1\" \/>\n<link rel=\"canonical\" href=\"https:\/\/monti.lt\/en\/product\/medine-uzraktu-delione\/\" \/>\n<meta property=\"og:locale\" content=\"en_US\" \/>\n<meta property=\"og:type\" content=\"article\" \/>\n<meta property=\"og:title\" content=\"Medin\u0117 u\u017erakt\u0173 d\u0117lion\u0117 - Montessori \u017eaislai\" \/>\n<meta property=\"og:description\" content=\"Jutimin\u0117 manipuliacin\u0117 lenta vaikams yra pasi\u016blymas kiekvienam vaikui. Lenta yra \u012frengta \u0161e\u0161iomis durimis, u\u017edaromomis spynomis. U\u017e kiekvien\u0173 dur\u0173 vaik\u0105 laukia staigmena \u2013gyv\u016bnai. Kiekvienas namelis yra sunumeruotas, o numeris atitinka u\u017e dur\u0173 pasl\u0117pt\u0173 gyv\u016bn\u0173 skai\u010di\u0173.Nor\u0117damas pasiekti gyv\u016bn\u0105, vaikas turi atrakinti ant dur\u0173 pritvirtint\u0105 spyn\u0105. Spynos yra \u012fvairi\u0173 r\u016b\u0161i\u0173: kabliukai, stumdomos spynos, sagtys arba spaustukai. Jutimin\u0117 lenta [&hellip;]\" \/>\n<meta property=\"og:url\" content=\"https:\/\/monti.lt\/en\/product\/medine-uzraktu-delione\/\" \/>\n<meta property=\"og:site_name\" content=\"Montessori \u017eaislai\" \/>\n<meta property=\"article:modified_time\" content=\"2025-11-14T09:12:18+00:00\" \/>\n<meta property=\"og:image\" content=\"https:\/\/monti.lt\/wp-content\/uploads\/2025\/10\/eng_pl_Motorized-board-locks-and-security-ZA4133-17773_1.jpg\" \/>\n\t<meta property=\"og:image:width\" content=\"750\" \/>\n\t<meta property=\"og:image:height\" content=\"750\" \/>\n\t<meta property=\"og:image:type\" content=\"image\/jpeg\" \/>\n<meta name=\"twitter:card\" content=\"summary_large_image\" \/>\n<meta name=\"twitter:label1\" content=\"Est. reading time\" \/>\n\t<meta name=\"twitter:data1\" content=\"1 minute\" \/>\n<script type=\"application\/ld+json\" class=\"yoast-schema-graph\">{\"@context\":\"https:\/\/schema.org\",\"@graph\":[{\"@type\":\"WebPage\",\"@id\":\"https:\/\/monti.lt\/product\/medine-uzraktu-delione\/\",\"url\":\"https:\/\/monti.lt\/product\/medine-uzraktu-delione\/\",\"name\":\"Medin\u0117 u\u017erakt\u0173 d\u0117lion\u0117 - Montessori \u017eaislai\",\"isPartOf\":{\"@id\":\"https:\/\/monti.lt\/#website\"},\"primaryImageOfPage\":{\"@id\":\"https:\/\/monti.lt\/product\/medine-uzraktu-delione\/#primaryimage\"},\"image\":{\"@id\":\"https:\/\/monti.lt\/product\/medine-uzraktu-delione\/#primaryimage\"},\"thumbnailUrl\":\"https:\/\/monti.lt\/wp-content\/uploads\/2025\/10\/eng_pl_Motorized-board-locks-and-security-ZA4133-17773_1.jpg\",\"datePublished\":\"2025-10-01T09:11:25+00:00\",\"dateModified\":\"2025-11-14T09:12:18+00:00\",\"breadcrumb\":{\"@id\":\"https:\/\/monti.lt\/product\/medine-uzraktu-delione\/#breadcrumb\"},\"inLanguage\":\"en-US\",\"potentialAction\":[{\"@type\":\"ReadAction\",\"target\":[\"https:\/\/monti.lt\/product\/medine-uzraktu-delione\/\"]}]},{\"@type\":\"ImageObject\",\"inLanguage\":\"en-US\",\"@id\":\"https:\/\/monti.lt\/product\/medine-uzraktu-delione\/#primaryimage\",\"url\":\"https:\/\/monti.lt\/wp-content\/uploads\/2025\/10\/eng_pl_Motorized-board-locks-and-security-ZA4133-17773_1.jpg\",\"contentUrl\":\"https:\/\/monti.lt\/wp-content\/uploads\/2025\/10\/eng_pl_Motorized-board-locks-and-security-ZA4133-17773_1.jpg\",\"width\":750,\"height\":750,\"caption\":\"uzraktu zaidimas\"},{\"@type\":\"BreadcrumbList\",\"@id\":\"https:\/\/monti.lt\/product\/medine-uzraktu-delione\/#breadcrumb\",\"itemListElement\":[{\"@type\":\"ListItem\",\"position\":1,\"name\":\"Home\",\"item\":\"https:\/\/monti.lt\/\"},{\"@type\":\"ListItem\",\"position\":2,\"name\":\"Parduotuv\u0117\",\"item\":\"https:\/\/monti.lt\/shop\/\"},{\"@type\":\"ListItem\",\"position\":3,\"name\":\"Medin\u0117 u\u017erakt\u0173 d\u0117lion\u0117\"}]},{\"@type\":\"WebSite\",\"@id\":\"https:\/\/monti.lt\/#website\",\"url\":\"https:\/\/monti.lt\/\",\"name\":\"Montessori \u017eaislai\",\"description\":\"\",\"publisher\":{\"@id\":\"https:\/\/monti.lt\/#organization\"},\"potentialAction\":[{\"@type\":\"SearchAction\",\"target\":{\"@type\":\"EntryPoint\",\"urlTemplate\":\"https:\/\/monti.lt\/?s={search_term_string}\"},\"query-input\":\"required name=search_term_string\"}],\"inLanguage\":\"en-US\"},{\"@type\":\"Organization\",\"@id\":\"https:\/\/monti.lt\/#organization\",\"name\":\"Montessori \u017eaislai\",\"url\":\"https:\/\/monti.lt\/\",\"logo\":{\"@type\":\"ImageObject\",\"inLanguage\":\"en-US\",\"@id\":\"https:\/\/monti.lt\/#\/schema\/logo\/image\/\",\"url\":\"https:\/\/monti.lt\/wp-content\/uploads\/2022\/03\/montilogo-1.png\",\"contentUrl\":\"https:\/\/monti.lt\/wp-content\/uploads\/2022\/03\/montilogo-1.png\",\"width\":512,\"height\":512,\"caption\":\"Montessori \u017eaislai\"},\"image\":{\"@id\":\"https:\/\/monti.lt\/#\/schema\/logo\/image\/\"}}]}<\/script>\n<!-- \/ Yoast SEO plugin. -->","yoast_head_json":{"title":"Medin\u0117 u\u017erakt\u0173 d\u0117lion\u0117 - Montessori \u017eaislai","robots":{"index":"index","follow":"follow","max-snippet":"max-snippet:-1","max-image-preview":"max-image-preview:large","max-video-preview":"max-video-preview:-1"},"canonical":"https:\/\/monti.lt\/en\/product\/medine-uzraktu-delione\/","og_locale":"en_US","og_type":"article","og_title":"Medin\u0117 u\u017erakt\u0173 d\u0117lion\u0117 - Montessori \u017eaislai","og_description":"Jutimin\u0117 manipuliacin\u0117 lenta vaikams yra pasi\u016blymas kiekvienam vaikui. Lenta yra \u012frengta \u0161e\u0161iomis durimis, u\u017edaromomis spynomis. U\u017e kiekvien\u0173 dur\u0173 vaik\u0105 laukia staigmena \u2013gyv\u016bnai. Kiekvienas namelis yra sunumeruotas, o numeris atitinka u\u017e dur\u0173 pasl\u0117pt\u0173 gyv\u016bn\u0173 skai\u010di\u0173.Nor\u0117damas pasiekti gyv\u016bn\u0105, vaikas turi atrakinti ant dur\u0173 pritvirtint\u0105 spyn\u0105. Spynos yra \u012fvairi\u0173 r\u016b\u0161i\u0173: kabliukai, stumdomos spynos, sagtys arba spaustukai. Jutimin\u0117 lenta [&hellip;]","og_url":"https:\/\/monti.lt\/en\/product\/medine-uzraktu-delione\/","og_site_name":"Montessori \u017eaislai","article_modified_time":"2025-11-14T09:12:18+00:00","og_image":[{"width":750,"height":750,"url":"https:\/\/monti.lt\/wp-content\/uploads\/2025\/10\/eng_pl_Motorized-board-locks-and-security-ZA4133-17773_1.jpg","type":"image\/jpeg"}],"twitter_card":"summary_large_image","twitter_misc":{"Est. reading time":"1 minute"},"schema":{"@context":"https:\/\/schema.org","@graph":[{"@type":"WebPage","@id":"https:\/\/monti.lt\/product\/medine-uzraktu-delione\/","url":"https:\/\/monti.lt\/product\/medine-uzraktu-delione\/","name":"Medin\u0117 u\u017erakt\u0173 d\u0117lion\u0117 - Montessori \u017eaislai","isPartOf":{"@id":"https:\/\/monti.lt\/#website"},"primaryImageOfPage":{"@id":"https:\/\/monti.lt\/product\/medine-uzraktu-delione\/#primaryimage"},"image":{"@id":"https:\/\/monti.lt\/product\/medine-uzraktu-delione\/#primaryimage"},"thumbnailUrl":"https:\/\/monti.lt\/wp-content\/uploads\/2025\/10\/eng_pl_Motorized-board-locks-and-security-ZA4133-17773_1.jpg","datePublished":"2025-10-01T09:11:25+00:00","dateModified":"2025-11-14T09:12:18+00:00","breadcrumb":{"@id":"https:\/\/monti.lt\/product\/medine-uzraktu-delione\/#breadcrumb"},"inLanguage":"en-US","potentialAction":[{"@type":"ReadAction","target":["https:\/\/monti.lt\/product\/medine-uzraktu-delione\/"]}]},{"@type":"ImageObject","inLanguage":"en-US","@id":"https:\/\/monti.lt\/product\/medine-uzraktu-delione\/#primaryimage","url":"https:\/\/monti.lt\/wp-content\/uploads\/2025\/10\/eng_pl_Motorized-board-locks-and-security-ZA4133-17773_1.jpg","contentUrl":"https:\/\/monti.lt\/wp-content\/uploads\/2025\/10\/eng_pl_Motorized-board-locks-and-security-ZA4133-17773_1.jpg","width":750,"height":750,"caption":"uzraktu zaidimas"},{"@type":"BreadcrumbList","@id":"https:\/\/monti.lt\/product\/medine-uzraktu-delione\/#breadcrumb","itemListElement":[{"@type":"ListItem","position":1,"name":"Home","item":"https:\/\/monti.lt\/"},{"@type":"ListItem","position":2,"name":"Parduotuv\u0117","item":"https:\/\/monti.lt\/shop\/"},{"@type":"ListItem","position":3,"name":"Medin\u0117 u\u017erakt\u0173 d\u0117lion\u0117"}]},{"@type":"WebSite","@id":"https:\/\/monti.lt\/#website","url":"https:\/\/monti.lt\/","name":"Montessori \u017eaislai","description":"","publisher":{"@id":"https:\/\/monti.lt\/#organization"},"potentialAction":[{"@type":"SearchAction","target":{"@type":"EntryPoint","urlTemplate":"https:\/\/monti.lt\/?s={search_term_string}"},"query-input":"required name=search_term_string"}],"inLanguage":"en-US"},{"@type":"Organization","@id":"https:\/\/monti.lt\/#organization","name":"Montessori \u017eaislai","url":"https:\/\/monti.lt\/","logo":{"@type":"ImageObject","inLanguage":"en-US","@id":"https:\/\/monti.lt\/#\/schema\/logo\/image\/","url":"https:\/\/monti.lt\/wp-content\/uploads\/2022\/03\/montilogo-1.png","contentUrl":"https:\/\/monti.lt\/wp-content\/uploads\/2022\/03\/montilogo-1.png","width":512,"height":512,"caption":"Montessori \u017eaislai"},"image":{"@id":"https:\/\/monti.lt\/#\/schema\/logo\/image\/"}}]}},"_links":{"self":[{"href":"https:\/\/monti.lt\/en\/wp-json\/wp\/v2\/product\/33741"}],"collection":[{"href":"https:\/\/monti.lt\/en\/wp-json\/wp\/v2\/product"}],"about":[{"href":"https:\/\/monti.lt\/en\/wp-json\/wp\/v2\/types\/product"}],"version-history":[{"count":1,"href":"https:\/\/monti.lt\/en\/wp-json\/wp\/v2\/product\/33741\/revisions"}],"predecessor-version":[{"id":33749,"href":"https:\/\/monti.lt\/en\/wp-json\/wp\/v2\/product\/33741\/revisions\/33749"}],"wp:featuredmedia":[{"embeddable":true,"href":"https:\/\/monti.lt\/en\/wp-json\/wp\/v2\/media\/33742"}],"wp:attachment":[{"href":"https:\/\/monti.lt\/en\/wp-json\/wp\/v2\/media?parent=33741"}],"wp:term":[{"taxonomy":"product_cat","embeddable":true,"href":"https:\/\/monti.lt\/en\/wp-json\/wp\/v2\/product_cat?post=33741"},{"taxonomy":"product_tag","embeddable":true,"href":"https:\/\/monti.lt\/en\/wp-json\/wp\/v2\/product_tag?post=33741"}],"curies":[{"name":"wp","href":"https:\/\/api.w.org\/{rel}","templated":true}]}}