{"id":33759,"date":"2025-10-01T09:17:13","date_gmt":"2025-10-01T09:17:13","guid":{"rendered":"https:\/\/monti.lt\/?post_type=product&#038;p=33759"},"modified":"2025-12-07T11:07:39","modified_gmt":"2025-12-07T11:07:39","slug":"eksperimentinis-kristalu-auginimo-rinkinys","status":"publish","type":"product","link":"https:\/\/monti.lt\/en\/product\/eksperimentinis-kristalu-auginimo-rinkinys\/","title":{"rendered":"Eksperimentinis kristal\u0173 auginimo rinkinys"},"content":{"rendered":"<p>Auginkite kristalus su m\u016bs\u0173 spalvingu mokomuoju rinkiniu! Ar jums patinka chemija? Jei taip, turime ka\u017ek\u0105 jums!<br>Steb\u0117kite, kaip kristalo dalel\u0117s j\u016bs\u0173 pa\u010di\u0173 pagamintame tirpale nuolat absorbuojasi \u012f kristal\u0105. Tai rei\u0161kia, kad jis augs j\u016bs\u0173 akyse!<br>KRISTALO GAMYBOS INSTRUKCIJOS<\/p>\n\n\n\n<ol class=\"wp-block-list\">\n<li>\u012epilkite kristalo milteli\u0173 \u012f matavimo puodel\u012f, tada \u012fpilkite 160 ml verdan\u010dio vandens (100 \u00b0C).<\/li>\n\n\n\n<li>Mai\u0161ykite tirpal\u0105 mai\u0161ikliu, kol kristal\u0173 milteliai visi\u0161kai i\u0161tirps.<\/li>\n\n\n\n<li>Palaukite apie 15 minu\u010di\u0173, kol tirpalas matavimo puodelyje atv\u0117s. Kai temperat\u016bra nukris iki apie 45 \u00b0C, \u012fberkite kristal\u0173 \u201es\u0117klas\u201c ir mai\u0161ikliu perkelkite jas \u012f matavimo puodelio centr\u0105. Kristal\u0173 augimo proceso metu NEPA\u0160ALINKITE ir NEPRID\u0116KITE vandens. Palikite steb\u0117ti.<\/li>\n\n\n\n<li>Palikite tirpal\u0105 ir kristalus matavimo puodelyje 4\u20137 dienas. Kai kristalas pasieks nurodyt\u0105 dyd\u012f, l\u0117tai i\u0161pilkite tirpal\u0105 i\u0161 matavimo puodelio, atsargiai i\u0161imkite kristal\u0105 ir pad\u0117kite j\u012f \u012f skaidri\u0105 d\u0117\u017eut\u0119.<br>Komplekte yra:<\/li>\n<\/ol>\n\n\n\n<ul class=\"wp-block-list\">\n<li>2 x 200 ml matavimo puodeliai<\/li>\n\n\n\n<li>2 x kristal\u0173 milteliai<\/li>\n\n\n\n<li>2 x kristal\u0173 \u201es\u0117klos\u201c (atsitiktin\u0117s spalvos)<\/li>\n\n\n\n<li>1 x \u0161e\u0161iakamp\u0117 d\u0117\u017eut\u0117<\/li>\n\n\n\n<li>1 x keturkamp\u0117 d\u0117\u017eut\u0117<\/li>\n\n\n\n<li>1 x mai\u0161iklis<br>\u012eSP\u0116JIMAS!<br>Eksperiment\u0105 atlikite tik pri\u017ei\u016brint suaugusiesiems.<br>Rinkinys skirtas vaikams nuo 8 met\u0173.<\/li>\n\n\n\n<li>\u201eGrow Crystals\u201c mokomasis rinkinys vaikams nuo 8 met\u0173 yra \u012fdomus \u017eaislas, leid\u017eiantis ma\u017eiems vaikams atrasti mokslo paslaptis per cheminius eksperimentus. Vaikai gali patys auginti spalvingus kristalus, steb\u0117dami j\u0173 susidarymo ir augimo proces\u0105 per kelet\u0105 dien\u0173.<\/li>\n\n\n\n<li>Rinkinyje yra visi reikalingi elementai, tokie kaip cheminiai milteliai, indai ir i\u0161samios instrukcijos, kurios moko chemijos pagrind\u0173 ir skatina kantryb\u0119 bei tikslum\u0105. Tai ne tik puikus \u017eaidimas, bet ir puikus b\u016bdas ugdyti smalsum\u0105 apie pasaul\u012f ir suprasti gamtoje vykstan\u010dius procesus.<\/li>\n<\/ul>","protected":false},"excerpt":{"rendered":"<p>Auginkite kristalus su m\u016bs\u0173 spalvingu mokomuoju rinkiniu! Ar jums patinka chemija? Jei taip, turime ka\u017ek\u0105 jums!Steb\u0117kite, kaip kristalo dalel\u0117s j\u016bs\u0173 pa\u010di\u0173 pagamintame tirpale nuolat absorbuojasi \u012f kristal\u0105. Tai rei\u0161kia, kad jis augs j\u016bs\u0173 akyse!KRISTALO GAMYBOS INSTRUKCIJOS<\/p>","protected":false},"featured_media":33760,"template":"","meta":{"_acf_changed":false,"iawp_total_views":173},"product_cat":[218,217,84,90],"product_tag":[101,98,99],"class_list":{"0":"post-33759","1":"product","2":"type-product","3":"status-publish","4":"has-post-thumbnail","6":"product_cat-darzeliu-grupems","7":"product_cat-dovanos-5-7-metu-vaikams","8":"product_cat-lavinamieji-zaislai","9":"product_cat-pasaulio-pazinimas","10":"product_tag-12-m-14-m","11":"product_tag-5-m-7-m","12":"product_tag-8-m-11-m","14":"first","15":"outofstock","16":"taxable","17":"shipping-taxable","18":"purchasable","19":"product-type-simple"},"acf":[],"yoast_head":"<!-- This site is optimized with the Yoast SEO plugin v23.3 - https:\/\/yoast.com\/wordpress\/plugins\/seo\/ -->\n<title>Eksperimentinis kristal\u0173 auginimo rinkinys - Montessori \u017eaislai<\/title>\n<meta name=\"robots\" content=\"index, follow, max-snippet:-1, max-image-preview:large, max-video-preview:-1\" \/>\n<link rel=\"canonical\" href=\"https:\/\/monti.lt\/en\/product\/eksperimentinis-kristalu-auginimo-rinkinys\/\" \/>\n<meta property=\"og:locale\" content=\"en_US\" \/>\n<meta property=\"og:type\" content=\"article\" \/>\n<meta property=\"og:title\" content=\"Eksperimentinis kristal\u0173 auginimo rinkinys - Montessori \u017eaislai\" \/>\n<meta property=\"og:description\" content=\"Auginkite kristalus su m\u016bs\u0173 spalvingu mokomuoju rinkiniu! Ar jums patinka chemija? Jei taip, turime ka\u017ek\u0105 jums!Steb\u0117kite, kaip kristalo dalel\u0117s j\u016bs\u0173 pa\u010di\u0173 pagamintame tirpale nuolat absorbuojasi \u012f kristal\u0105. Tai rei\u0161kia, kad jis augs j\u016bs\u0173 akyse!KRISTALO GAMYBOS INSTRUKCIJOS\" \/>\n<meta property=\"og:url\" content=\"https:\/\/monti.lt\/en\/product\/eksperimentinis-kristalu-auginimo-rinkinys\/\" \/>\n<meta property=\"og:site_name\" content=\"Montessori \u017eaislai\" \/>\n<meta property=\"article:modified_time\" content=\"2025-12-07T11:07:39+00:00\" \/>\n<meta property=\"og:image\" content=\"https:\/\/monti.lt\/wp-content\/uploads\/2025\/10\/eng_pl_Experimental-Kit-Crystal-Growing-ZA5205-21127_7.jpg\" \/>\n\t<meta property=\"og:image:width\" content=\"750\" \/>\n\t<meta property=\"og:image:height\" content=\"750\" \/>\n\t<meta property=\"og:image:type\" content=\"image\/jpeg\" \/>\n<meta name=\"twitter:card\" content=\"summary_large_image\" \/>\n<meta name=\"twitter:label1\" content=\"Est. reading time\" \/>\n\t<meta name=\"twitter:data1\" content=\"2 minutes\" \/>\n<script type=\"application\/ld+json\" class=\"yoast-schema-graph\">{\"@context\":\"https:\/\/schema.org\",\"@graph\":[{\"@type\":\"WebPage\",\"@id\":\"https:\/\/monti.lt\/product\/eksperimentinis-kristalu-auginimo-rinkinys\/\",\"url\":\"https:\/\/monti.lt\/product\/eksperimentinis-kristalu-auginimo-rinkinys\/\",\"name\":\"Eksperimentinis kristal\u0173 auginimo rinkinys - Montessori \u017eaislai\",\"isPartOf\":{\"@id\":\"https:\/\/monti.lt\/#website\"},\"primaryImageOfPage\":{\"@id\":\"https:\/\/monti.lt\/product\/eksperimentinis-kristalu-auginimo-rinkinys\/#primaryimage\"},\"image\":{\"@id\":\"https:\/\/monti.lt\/product\/eksperimentinis-kristalu-auginimo-rinkinys\/#primaryimage\"},\"thumbnailUrl\":\"https:\/\/monti.lt\/wp-content\/uploads\/2025\/10\/eng_pl_Experimental-Kit-Crystal-Growing-ZA5205-21127_7.jpg\",\"datePublished\":\"2025-10-01T09:17:13+00:00\",\"dateModified\":\"2025-12-07T11:07:39+00:00\",\"breadcrumb\":{\"@id\":\"https:\/\/monti.lt\/product\/eksperimentinis-kristalu-auginimo-rinkinys\/#breadcrumb\"},\"inLanguage\":\"en-US\",\"potentialAction\":[{\"@type\":\"ReadAction\",\"target\":[\"https:\/\/monti.lt\/product\/eksperimentinis-kristalu-auginimo-rinkinys\/\"]}]},{\"@type\":\"ImageObject\",\"inLanguage\":\"en-US\",\"@id\":\"https:\/\/monti.lt\/product\/eksperimentinis-kristalu-auginimo-rinkinys\/#primaryimage\",\"url\":\"https:\/\/monti.lt\/wp-content\/uploads\/2025\/10\/eng_pl_Experimental-Kit-Crystal-Growing-ZA5205-21127_7.jpg\",\"contentUrl\":\"https:\/\/monti.lt\/wp-content\/uploads\/2025\/10\/eng_pl_Experimental-Kit-Crystal-Growing-ZA5205-21127_7.jpg\",\"width\":750,\"height\":750,\"caption\":\"kristalu auginimo rinkinys\"},{\"@type\":\"BreadcrumbList\",\"@id\":\"https:\/\/monti.lt\/product\/eksperimentinis-kristalu-auginimo-rinkinys\/#breadcrumb\",\"itemListElement\":[{\"@type\":\"ListItem\",\"position\":1,\"name\":\"Home\",\"item\":\"https:\/\/monti.lt\/\"},{\"@type\":\"ListItem\",\"position\":2,\"name\":\"Parduotuv\u0117\",\"item\":\"https:\/\/monti.lt\/shop\/\"},{\"@type\":\"ListItem\",\"position\":3,\"name\":\"Eksperimentinis kristal\u0173 auginimo rinkinys\"}]},{\"@type\":\"WebSite\",\"@id\":\"https:\/\/monti.lt\/#website\",\"url\":\"https:\/\/monti.lt\/\",\"name\":\"Montessori \u017eaislai\",\"description\":\"\",\"publisher\":{\"@id\":\"https:\/\/monti.lt\/#organization\"},\"potentialAction\":[{\"@type\":\"SearchAction\",\"target\":{\"@type\":\"EntryPoint\",\"urlTemplate\":\"https:\/\/monti.lt\/?s={search_term_string}\"},\"query-input\":\"required name=search_term_string\"}],\"inLanguage\":\"en-US\"},{\"@type\":\"Organization\",\"@id\":\"https:\/\/monti.lt\/#organization\",\"name\":\"Montessori \u017eaislai\",\"url\":\"https:\/\/monti.lt\/\",\"logo\":{\"@type\":\"ImageObject\",\"inLanguage\":\"en-US\",\"@id\":\"https:\/\/monti.lt\/#\/schema\/logo\/image\/\",\"url\":\"https:\/\/monti.lt\/wp-content\/uploads\/2022\/03\/montilogo-1.png\",\"contentUrl\":\"https:\/\/monti.lt\/wp-content\/uploads\/2022\/03\/montilogo-1.png\",\"width\":512,\"height\":512,\"caption\":\"Montessori \u017eaislai\"},\"image\":{\"@id\":\"https:\/\/monti.lt\/#\/schema\/logo\/image\/\"}}]}<\/script>\n<!-- \/ Yoast SEO plugin. -->","yoast_head_json":{"title":"Eksperimentinis kristal\u0173 auginimo rinkinys - Montessori \u017eaislai","robots":{"index":"index","follow":"follow","max-snippet":"max-snippet:-1","max-image-preview":"max-image-preview:large","max-video-preview":"max-video-preview:-1"},"canonical":"https:\/\/monti.lt\/en\/product\/eksperimentinis-kristalu-auginimo-rinkinys\/","og_locale":"en_US","og_type":"article","og_title":"Eksperimentinis kristal\u0173 auginimo rinkinys - Montessori \u017eaislai","og_description":"Auginkite kristalus su m\u016bs\u0173 spalvingu mokomuoju rinkiniu! Ar jums patinka chemija? Jei taip, turime ka\u017ek\u0105 jums!Steb\u0117kite, kaip kristalo dalel\u0117s j\u016bs\u0173 pa\u010di\u0173 pagamintame tirpale nuolat absorbuojasi \u012f kristal\u0105. Tai rei\u0161kia, kad jis augs j\u016bs\u0173 akyse!KRISTALO GAMYBOS INSTRUKCIJOS","og_url":"https:\/\/monti.lt\/en\/product\/eksperimentinis-kristalu-auginimo-rinkinys\/","og_site_name":"Montessori \u017eaislai","article_modified_time":"2025-12-07T11:07:39+00:00","og_image":[{"width":750,"height":750,"url":"https:\/\/monti.lt\/wp-content\/uploads\/2025\/10\/eng_pl_Experimental-Kit-Crystal-Growing-ZA5205-21127_7.jpg","type":"image\/jpeg"}],"twitter_card":"summary_large_image","twitter_misc":{"Est. reading time":"2 minutes"},"schema":{"@context":"https:\/\/schema.org","@graph":[{"@type":"WebPage","@id":"https:\/\/monti.lt\/product\/eksperimentinis-kristalu-auginimo-rinkinys\/","url":"https:\/\/monti.lt\/product\/eksperimentinis-kristalu-auginimo-rinkinys\/","name":"Eksperimentinis kristal\u0173 auginimo rinkinys - Montessori \u017eaislai","isPartOf":{"@id":"https:\/\/monti.lt\/#website"},"primaryImageOfPage":{"@id":"https:\/\/monti.lt\/product\/eksperimentinis-kristalu-auginimo-rinkinys\/#primaryimage"},"image":{"@id":"https:\/\/monti.lt\/product\/eksperimentinis-kristalu-auginimo-rinkinys\/#primaryimage"},"thumbnailUrl":"https:\/\/monti.lt\/wp-content\/uploads\/2025\/10\/eng_pl_Experimental-Kit-Crystal-Growing-ZA5205-21127_7.jpg","datePublished":"2025-10-01T09:17:13+00:00","dateModified":"2025-12-07T11:07:39+00:00","breadcrumb":{"@id":"https:\/\/monti.lt\/product\/eksperimentinis-kristalu-auginimo-rinkinys\/#breadcrumb"},"inLanguage":"en-US","potentialAction":[{"@type":"ReadAction","target":["https:\/\/monti.lt\/product\/eksperimentinis-kristalu-auginimo-rinkinys\/"]}]},{"@type":"ImageObject","inLanguage":"en-US","@id":"https:\/\/monti.lt\/product\/eksperimentinis-kristalu-auginimo-rinkinys\/#primaryimage","url":"https:\/\/monti.lt\/wp-content\/uploads\/2025\/10\/eng_pl_Experimental-Kit-Crystal-Growing-ZA5205-21127_7.jpg","contentUrl":"https:\/\/monti.lt\/wp-content\/uploads\/2025\/10\/eng_pl_Experimental-Kit-Crystal-Growing-ZA5205-21127_7.jpg","width":750,"height":750,"caption":"kristalu auginimo rinkinys"},{"@type":"BreadcrumbList","@id":"https:\/\/monti.lt\/product\/eksperimentinis-kristalu-auginimo-rinkinys\/#breadcrumb","itemListElement":[{"@type":"ListItem","position":1,"name":"Home","item":"https:\/\/monti.lt\/"},{"@type":"ListItem","position":2,"name":"Parduotuv\u0117","item":"https:\/\/monti.lt\/shop\/"},{"@type":"ListItem","position":3,"name":"Eksperimentinis kristal\u0173 auginimo rinkinys"}]},{"@type":"WebSite","@id":"https:\/\/monti.lt\/#website","url":"https:\/\/monti.lt\/","name":"Montessori \u017eaislai","description":"","publisher":{"@id":"https:\/\/monti.lt\/#organization"},"potentialAction":[{"@type":"SearchAction","target":{"@type":"EntryPoint","urlTemplate":"https:\/\/monti.lt\/?s={search_term_string}"},"query-input":"required name=search_term_string"}],"inLanguage":"en-US"},{"@type":"Organization","@id":"https:\/\/monti.lt\/#organization","name":"Montessori \u017eaislai","url":"https:\/\/monti.lt\/","logo":{"@type":"ImageObject","inLanguage":"en-US","@id":"https:\/\/monti.lt\/#\/schema\/logo\/image\/","url":"https:\/\/monti.lt\/wp-content\/uploads\/2022\/03\/montilogo-1.png","contentUrl":"https:\/\/monti.lt\/wp-content\/uploads\/2022\/03\/montilogo-1.png","width":512,"height":512,"caption":"Montessori \u017eaislai"},"image":{"@id":"https:\/\/monti.lt\/#\/schema\/logo\/image\/"}}]}},"_links":{"self":[{"href":"https:\/\/monti.lt\/en\/wp-json\/wp\/v2\/product\/33759"}],"collection":[{"href":"https:\/\/monti.lt\/en\/wp-json\/wp\/v2\/product"}],"about":[{"href":"https:\/\/monti.lt\/en\/wp-json\/wp\/v2\/types\/product"}],"version-history":[{"count":1,"href":"https:\/\/monti.lt\/en\/wp-json\/wp\/v2\/product\/33759\/revisions"}],"predecessor-version":[{"id":33767,"href":"https:\/\/monti.lt\/en\/wp-json\/wp\/v2\/product\/33759\/revisions\/33767"}],"wp:featuredmedia":[{"embeddable":true,"href":"https:\/\/monti.lt\/en\/wp-json\/wp\/v2\/media\/33760"}],"wp:attachment":[{"href":"https:\/\/monti.lt\/en\/wp-json\/wp\/v2\/media?parent=33759"}],"wp:term":[{"taxonomy":"product_cat","embeddable":true,"href":"https:\/\/monti.lt\/en\/wp-json\/wp\/v2\/product_cat?post=33759"},{"taxonomy":"product_tag","embeddable":true,"href":"https:\/\/monti.lt\/en\/wp-json\/wp\/v2\/product_tag?post=33759"}],"curies":[{"name":"wp","href":"https:\/\/api.w.org\/{rel}","templated":true}]}}