{"id":33768,"date":"2025-10-01T09:20:25","date_gmt":"2025-10-01T09:20:25","guid":{"rendered":"https:\/\/monti.lt\/?post_type=product&#038;p=33768"},"modified":"2025-12-02T11:30:23","modified_gmt":"2025-12-02T11:30:23","slug":"smulkiosios-motorikos-lagaminelis","status":"publish","type":"product","link":"https:\/\/monti.lt\/en\/product\/smulkiosios-motorikos-lagaminelis\/","title":{"rendered":"Smulkiosios motorikos lagamin\u0117lis"},"content":{"rendered":"<p>Audinio manipuliacin\u0117 knyga ma\u017eiausiems vaikams. \u017daislas knygos pavidalu, kuriame yra daug \u012fvairi\u0173 u\u017erakt\u0173, sagt\u0173 ir skl\u0105s\u010di\u0173, skirt\u0173 rank\u0173 \u012fg\u016bd\u017eiams lavinti ir spalv\u0173, form\u0173, skai\u010di\u0173 bei raid\u017ei\u0173 atpa\u017einimui mokytis. \u012edomus dizainas i\u0161 mink\u0161to veltinio ir linksmi pie\u0161iniai su spalvingais dinozaurais tikrai paskatins kiekvien\u0105 vaik\u0105 \u017eaisti. Knygel\u0117s viduje rasite kelet\u0105 kasdieniame gyvenime naudojam\u0173 u\u017etrauktuk\u0173 tip\u0173: u\u017etrauktukus, sagtis, spaustukus, sagas, \u201eVelcro\u201c lipdukus ir kt., taip pat spalvingas \u012fvairi\u0173 form\u0173 fig\u016br\u0117les, pritvirtintas \u201eVelcro\u201c lipdukais, bei ab\u0117c\u0117l\u0117s raides ir skai\u010dius nuo 0 iki 9 kartu su veiksm\u0173 \u017eenklais, kurie bus naudojami ankstyvojo skai\u010diavimo mokymosi procese. \u017daislas turi daugyb\u0119 atrakcij\u0173, kurios ilgam sudomins kiekvien\u0105 vaik\u0105. Knyga turi ilgus ausis, tod\u0117l j\u0105 lengva pasiimti su savimi \u012f pasivaik\u0161\u010diojim\u0105, park\u0105 ir pan.<\/p>\n\n\n\n<p>\u017daidimo su mink\u0161ta manipuliacin\u0117 knyga privalumai:<\/p>\n\n\n\n<ul class=\"wp-block-list\">\n<li>ma\u017eylis lavina rank\u0173 motorinius \u012fg\u016bd\u017eius, koordinavim\u0105 ir smulki\u0105j\u0105 motorik\u0105<\/li>\n\n\n\n<li>turi galimyb\u0119 i\u0161mokti prie\u017easties ir pasekm\u0117s sek\u0105<\/li>\n\n\n\n<li>ugdo k\u016brybi\u0161kum\u0105, vaizduot\u0119 ir koncentracij\u0105<\/li>\n\n\n\n<li>ankstyvas skai\u010di\u0173 ir skai\u010diavimo mokymasis<\/li>\n\n\n\n<li>ab\u0117c\u0117l\u0117s raid\u017ei\u0173 mokymasis<\/li>\n\n\n\n<li>spalv\u0173 atpa\u017einimas<\/li>\n\n\n\n<li>form\u0173 atpa\u017einimas<\/li>\n\n\n\n<li>rank\u0173 \u012fg\u016bd\u017ei\u0173 lavinimas atidarant u\u017eraktus<\/li>\n<\/ul>\n\n\n\n<p>\u017daislo matmenys:<\/p>\n\n\n\n<ul class=\"wp-block-list\">\n<li>28 x 22 x 4 cm<\/li>\n<\/ul>\n\n\n\n<p>Jutimin\u0117 ir manipuliacin\u0117 knyga yra pasi\u016blymas kiekvienam vaikui. \u017daidimas moko daugelio dalyk\u0173: nuo form\u0173 ir spalv\u0173 atpa\u017einimo, atminties lavinimo iki kantryb\u0117s ugdymo. Mokomoji lenta pagaminta taip, kad b\u016bt\u0173 u\u017etikrintas jos ilgaam\u017ei\u0161kumas, o ry\u0161kios spalvos ir \u012fdomus apdirbimas neabejotinai patiks ma\u017eiausiems vaikams. Galimyb\u0117 manipuliuoti u\u017eraktais ilgam u\u017eims vaiko d\u0117mes\u012f.<\/p>","protected":false},"excerpt":{"rendered":"<p>Audinio manipuliacin\u0117 knyga ma\u017eiausiems vaikams. \u017daislas knygos pavidalu, kuriame yra daug \u012fvairi\u0173 u\u017erakt\u0173, sagt\u0173 ir skl\u0105s\u010di\u0173, skirt\u0173 rank\u0173 \u012fg\u016bd\u017eiams lavinti ir spalv\u0173, form\u0173, skai\u010di\u0173 bei raid\u017ei\u0173 atpa\u017einimui mokytis. \u012edomus dizainas i\u0161 mink\u0161to veltinio ir linksmi pie\u0161iniai su spalvingais dinozaurais tikrai paskatins kiekvien\u0105 vaik\u0105 \u017eaisti. Knygel\u0117s viduje rasite kelet\u0105 kasdieniame gyvenime naudojam\u0173 u\u017etrauktuk\u0173 tip\u0173: u\u017etrauktukus, sagtis, [&hellip;]<\/p>","protected":false},"featured_media":33769,"template":"","meta":{"_acf_changed":false,"iawp_total_views":182},"product_cat":[194,195,191,84,91,88,83,86,50,49,39],"product_tag":[96,97,98],"class_list":{"0":"post-33768","1":"product","2":"type-product","3":"status-publish","4":"has-post-thumbnail","6":"product_cat-dovanos-vaikams-2-3-metu","7":"product_cat-dovanos-vaikams-3-4-metu","8":"product_cat-dovanos-vaikams","9":"product_cat-lavinamieji-zaislai","10":"product_cat-loginiam-mastymui","11":"product_cat-mokausi-zaisti","12":"product_cat-montessori-zaislai","13":"product_cat-smulkioji-motorika","14":"product_cat-top-dovanos","15":"product_cat-visi-zaislai","16":"product_cat-zaislai","17":"product_tag-2-m-3-m","18":"product_tag-3-m-4-m","19":"product_tag-5-m-7-m","21":"first","22":"outofstock","23":"sale","24":"taxable","25":"shipping-taxable","26":"purchasable","27":"product-type-simple"},"acf":[],"yoast_head":"<!-- This site is optimized with the Yoast SEO plugin v23.3 - https:\/\/yoast.com\/wordpress\/plugins\/seo\/ -->\n<title>Smulkiosios motorikos lagamin\u0117lis - Montessori \u017eaislai<\/title>\n<meta name=\"robots\" content=\"index, follow, max-snippet:-1, max-image-preview:large, max-video-preview:-1\" \/>\n<link rel=\"canonical\" href=\"https:\/\/monti.lt\/en\/product\/smulkiosios-motorikos-lagaminelis\/\" \/>\n<meta property=\"og:locale\" content=\"en_US\" \/>\n<meta property=\"og:type\" content=\"article\" \/>\n<meta property=\"og:title\" content=\"Smulkiosios motorikos lagamin\u0117lis - Montessori \u017eaislai\" \/>\n<meta property=\"og:description\" content=\"Audinio manipuliacin\u0117 knyga ma\u017eiausiems vaikams. \u017daislas knygos pavidalu, kuriame yra daug \u012fvairi\u0173 u\u017erakt\u0173, sagt\u0173 ir skl\u0105s\u010di\u0173, skirt\u0173 rank\u0173 \u012fg\u016bd\u017eiams lavinti ir spalv\u0173, form\u0173, skai\u010di\u0173 bei raid\u017ei\u0173 atpa\u017einimui mokytis. \u012edomus dizainas i\u0161 mink\u0161to veltinio ir linksmi pie\u0161iniai su spalvingais dinozaurais tikrai paskatins kiekvien\u0105 vaik\u0105 \u017eaisti. Knygel\u0117s viduje rasite kelet\u0105 kasdieniame gyvenime naudojam\u0173 u\u017etrauktuk\u0173 tip\u0173: u\u017etrauktukus, sagtis, [&hellip;]\" \/>\n<meta property=\"og:url\" content=\"https:\/\/monti.lt\/en\/product\/smulkiosios-motorikos-lagaminelis\/\" \/>\n<meta property=\"og:site_name\" content=\"Montessori \u017eaislai\" \/>\n<meta property=\"article:modified_time\" content=\"2025-12-02T11:30:23+00:00\" \/>\n<meta property=\"og:image\" content=\"https:\/\/monti.lt\/wp-content\/uploads\/2025\/10\/eng_pl_Fabric-colorful-sensory-manipulative-book-for-children-ZA4831-20132_1.jpg\" \/>\n\t<meta property=\"og:image:width\" content=\"750\" \/>\n\t<meta property=\"og:image:height\" content=\"750\" \/>\n\t<meta property=\"og:image:type\" content=\"image\/jpeg\" \/>\n<meta name=\"twitter:card\" content=\"summary_large_image\" \/>\n<meta name=\"twitter:label1\" content=\"Est. reading time\" \/>\n\t<meta name=\"twitter:data1\" content=\"2 minutes\" \/>\n<script type=\"application\/ld+json\" class=\"yoast-schema-graph\">{\"@context\":\"https:\/\/schema.org\",\"@graph\":[{\"@type\":\"WebPage\",\"@id\":\"https:\/\/monti.lt\/product\/smulkiosios-motorikos-lagaminelis\/\",\"url\":\"https:\/\/monti.lt\/product\/smulkiosios-motorikos-lagaminelis\/\",\"name\":\"Smulkiosios motorikos lagamin\u0117lis - Montessori \u017eaislai\",\"isPartOf\":{\"@id\":\"https:\/\/monti.lt\/#website\"},\"primaryImageOfPage\":{\"@id\":\"https:\/\/monti.lt\/product\/smulkiosios-motorikos-lagaminelis\/#primaryimage\"},\"image\":{\"@id\":\"https:\/\/monti.lt\/product\/smulkiosios-motorikos-lagaminelis\/#primaryimage\"},\"thumbnailUrl\":\"https:\/\/monti.lt\/wp-content\/uploads\/2025\/10\/eng_pl_Fabric-colorful-sensory-manipulative-book-for-children-ZA4831-20132_1.jpg\",\"datePublished\":\"2025-10-01T09:20:25+00:00\",\"dateModified\":\"2025-12-02T11:30:23+00:00\",\"breadcrumb\":{\"@id\":\"https:\/\/monti.lt\/product\/smulkiosios-motorikos-lagaminelis\/#breadcrumb\"},\"inLanguage\":\"en-US\",\"potentialAction\":[{\"@type\":\"ReadAction\",\"target\":[\"https:\/\/monti.lt\/product\/smulkiosios-motorikos-lagaminelis\/\"]}]},{\"@type\":\"ImageObject\",\"inLanguage\":\"en-US\",\"@id\":\"https:\/\/monti.lt\/product\/smulkiosios-motorikos-lagaminelis\/#primaryimage\",\"url\":\"https:\/\/monti.lt\/wp-content\/uploads\/2025\/10\/eng_pl_Fabric-colorful-sensory-manipulative-book-for-children-ZA4831-20132_1.jpg\",\"contentUrl\":\"https:\/\/monti.lt\/wp-content\/uploads\/2025\/10\/eng_pl_Fabric-colorful-sensory-manipulative-book-for-children-ZA4831-20132_1.jpg\",\"width\":750,\"height\":750,\"caption\":\"sensorinis lagaminelis\"},{\"@type\":\"BreadcrumbList\",\"@id\":\"https:\/\/monti.lt\/product\/smulkiosios-motorikos-lagaminelis\/#breadcrumb\",\"itemListElement\":[{\"@type\":\"ListItem\",\"position\":1,\"name\":\"Home\",\"item\":\"https:\/\/monti.lt\/\"},{\"@type\":\"ListItem\",\"position\":2,\"name\":\"Parduotuv\u0117\",\"item\":\"https:\/\/monti.lt\/shop\/\"},{\"@type\":\"ListItem\",\"position\":3,\"name\":\"Smulkiosios motorikos lagamin\u0117lis\"}]},{\"@type\":\"WebSite\",\"@id\":\"https:\/\/monti.lt\/#website\",\"url\":\"https:\/\/monti.lt\/\",\"name\":\"Montessori \u017eaislai\",\"description\":\"\",\"publisher\":{\"@id\":\"https:\/\/monti.lt\/#organization\"},\"potentialAction\":[{\"@type\":\"SearchAction\",\"target\":{\"@type\":\"EntryPoint\",\"urlTemplate\":\"https:\/\/monti.lt\/?s={search_term_string}\"},\"query-input\":\"required name=search_term_string\"}],\"inLanguage\":\"en-US\"},{\"@type\":\"Organization\",\"@id\":\"https:\/\/monti.lt\/#organization\",\"name\":\"Montessori \u017eaislai\",\"url\":\"https:\/\/monti.lt\/\",\"logo\":{\"@type\":\"ImageObject\",\"inLanguage\":\"en-US\",\"@id\":\"https:\/\/monti.lt\/#\/schema\/logo\/image\/\",\"url\":\"https:\/\/monti.lt\/wp-content\/uploads\/2022\/03\/montilogo-1.png\",\"contentUrl\":\"https:\/\/monti.lt\/wp-content\/uploads\/2022\/03\/montilogo-1.png\",\"width\":512,\"height\":512,\"caption\":\"Montessori \u017eaislai\"},\"image\":{\"@id\":\"https:\/\/monti.lt\/#\/schema\/logo\/image\/\"}}]}<\/script>\n<!-- \/ Yoast SEO plugin. -->","yoast_head_json":{"title":"Smulkiosios motorikos lagamin\u0117lis - Montessori \u017eaislai","robots":{"index":"index","follow":"follow","max-snippet":"max-snippet:-1","max-image-preview":"max-image-preview:large","max-video-preview":"max-video-preview:-1"},"canonical":"https:\/\/monti.lt\/en\/product\/smulkiosios-motorikos-lagaminelis\/","og_locale":"en_US","og_type":"article","og_title":"Smulkiosios motorikos lagamin\u0117lis - Montessori \u017eaislai","og_description":"Audinio manipuliacin\u0117 knyga ma\u017eiausiems vaikams. \u017daislas knygos pavidalu, kuriame yra daug \u012fvairi\u0173 u\u017erakt\u0173, sagt\u0173 ir skl\u0105s\u010di\u0173, skirt\u0173 rank\u0173 \u012fg\u016bd\u017eiams lavinti ir spalv\u0173, form\u0173, skai\u010di\u0173 bei raid\u017ei\u0173 atpa\u017einimui mokytis. \u012edomus dizainas i\u0161 mink\u0161to veltinio ir linksmi pie\u0161iniai su spalvingais dinozaurais tikrai paskatins kiekvien\u0105 vaik\u0105 \u017eaisti. Knygel\u0117s viduje rasite kelet\u0105 kasdieniame gyvenime naudojam\u0173 u\u017etrauktuk\u0173 tip\u0173: u\u017etrauktukus, sagtis, [&hellip;]","og_url":"https:\/\/monti.lt\/en\/product\/smulkiosios-motorikos-lagaminelis\/","og_site_name":"Montessori \u017eaislai","article_modified_time":"2025-12-02T11:30:23+00:00","og_image":[{"width":750,"height":750,"url":"https:\/\/monti.lt\/wp-content\/uploads\/2025\/10\/eng_pl_Fabric-colorful-sensory-manipulative-book-for-children-ZA4831-20132_1.jpg","type":"image\/jpeg"}],"twitter_card":"summary_large_image","twitter_misc":{"Est. reading time":"2 minutes"},"schema":{"@context":"https:\/\/schema.org","@graph":[{"@type":"WebPage","@id":"https:\/\/monti.lt\/product\/smulkiosios-motorikos-lagaminelis\/","url":"https:\/\/monti.lt\/product\/smulkiosios-motorikos-lagaminelis\/","name":"Smulkiosios motorikos lagamin\u0117lis - Montessori \u017eaislai","isPartOf":{"@id":"https:\/\/monti.lt\/#website"},"primaryImageOfPage":{"@id":"https:\/\/monti.lt\/product\/smulkiosios-motorikos-lagaminelis\/#primaryimage"},"image":{"@id":"https:\/\/monti.lt\/product\/smulkiosios-motorikos-lagaminelis\/#primaryimage"},"thumbnailUrl":"https:\/\/monti.lt\/wp-content\/uploads\/2025\/10\/eng_pl_Fabric-colorful-sensory-manipulative-book-for-children-ZA4831-20132_1.jpg","datePublished":"2025-10-01T09:20:25+00:00","dateModified":"2025-12-02T11:30:23+00:00","breadcrumb":{"@id":"https:\/\/monti.lt\/product\/smulkiosios-motorikos-lagaminelis\/#breadcrumb"},"inLanguage":"en-US","potentialAction":[{"@type":"ReadAction","target":["https:\/\/monti.lt\/product\/smulkiosios-motorikos-lagaminelis\/"]}]},{"@type":"ImageObject","inLanguage":"en-US","@id":"https:\/\/monti.lt\/product\/smulkiosios-motorikos-lagaminelis\/#primaryimage","url":"https:\/\/monti.lt\/wp-content\/uploads\/2025\/10\/eng_pl_Fabric-colorful-sensory-manipulative-book-for-children-ZA4831-20132_1.jpg","contentUrl":"https:\/\/monti.lt\/wp-content\/uploads\/2025\/10\/eng_pl_Fabric-colorful-sensory-manipulative-book-for-children-ZA4831-20132_1.jpg","width":750,"height":750,"caption":"sensorinis lagaminelis"},{"@type":"BreadcrumbList","@id":"https:\/\/monti.lt\/product\/smulkiosios-motorikos-lagaminelis\/#breadcrumb","itemListElement":[{"@type":"ListItem","position":1,"name":"Home","item":"https:\/\/monti.lt\/"},{"@type":"ListItem","position":2,"name":"Parduotuv\u0117","item":"https:\/\/monti.lt\/shop\/"},{"@type":"ListItem","position":3,"name":"Smulkiosios motorikos lagamin\u0117lis"}]},{"@type":"WebSite","@id":"https:\/\/monti.lt\/#website","url":"https:\/\/monti.lt\/","name":"Montessori \u017eaislai","description":"","publisher":{"@id":"https:\/\/monti.lt\/#organization"},"potentialAction":[{"@type":"SearchAction","target":{"@type":"EntryPoint","urlTemplate":"https:\/\/monti.lt\/?s={search_term_string}"},"query-input":"required name=search_term_string"}],"inLanguage":"en-US"},{"@type":"Organization","@id":"https:\/\/monti.lt\/#organization","name":"Montessori \u017eaislai","url":"https:\/\/monti.lt\/","logo":{"@type":"ImageObject","inLanguage":"en-US","@id":"https:\/\/monti.lt\/#\/schema\/logo\/image\/","url":"https:\/\/monti.lt\/wp-content\/uploads\/2022\/03\/montilogo-1.png","contentUrl":"https:\/\/monti.lt\/wp-content\/uploads\/2022\/03\/montilogo-1.png","width":512,"height":512,"caption":"Montessori \u017eaislai"},"image":{"@id":"https:\/\/monti.lt\/#\/schema\/logo\/image\/"}}]}},"_links":{"self":[{"href":"https:\/\/monti.lt\/en\/wp-json\/wp\/v2\/product\/33768"}],"collection":[{"href":"https:\/\/monti.lt\/en\/wp-json\/wp\/v2\/product"}],"about":[{"href":"https:\/\/monti.lt\/en\/wp-json\/wp\/v2\/types\/product"}],"version-history":[{"count":1,"href":"https:\/\/monti.lt\/en\/wp-json\/wp\/v2\/product\/33768\/revisions"}],"predecessor-version":[{"id":33776,"href":"https:\/\/monti.lt\/en\/wp-json\/wp\/v2\/product\/33768\/revisions\/33776"}],"wp:featuredmedia":[{"embeddable":true,"href":"https:\/\/monti.lt\/en\/wp-json\/wp\/v2\/media\/33769"}],"wp:attachment":[{"href":"https:\/\/monti.lt\/en\/wp-json\/wp\/v2\/media?parent=33768"}],"wp:term":[{"taxonomy":"product_cat","embeddable":true,"href":"https:\/\/monti.lt\/en\/wp-json\/wp\/v2\/product_cat?post=33768"},{"taxonomy":"product_tag","embeddable":true,"href":"https:\/\/monti.lt\/en\/wp-json\/wp\/v2\/product_tag?post=33768"}],"curies":[{"name":"wp","href":"https:\/\/api.w.org\/{rel}","templated":true}]}}