{"id":33777,"date":"2025-10-01T09:23:39","date_gmt":"2025-10-01T09:23:39","guid":{"rendered":"https:\/\/monti.lt\/?post_type=product&#038;p=33777"},"modified":"2025-12-01T20:03:57","modified_gmt":"2025-12-01T20:03:57","slug":"magnetinis-labirintas-skaiciai","status":"publish","type":"product","link":"https:\/\/monti.lt\/en\/product\/magnetinis-labirintas-skaiciai\/","title":{"rendered":"Magnetinis labirintas &#8220;Skai\u010diai&#8221;"},"content":{"rendered":"<p>\u0160i magnetin\u0117 lenta su labirintu yra interaktyvus \u017eaislas, kuris \u017eaidimo metu skatina vaik\u0173 vystym\u0105si. Lenta pagaminta i\u0161 plastiko maloni\u0173 spalv\u0173. \u012edomi, vaikams patraukli grafika skatina \u017eaisti. Did\u017eiulis privalumas yra tai, kad visos judan\u010dios dalys yra u\u017e skaidraus stiklo, tod\u0117l nereikia jaudintis, kad \u017eaidimo metu kamuoliukai pasimes.<\/p>\n\n\n\n<p>Koks yra \u017eaidimo tikslas?<\/p>\n\n\n\n<p>Vaiko u\u017eduotis yra nukreipti kamuoliukus \u012f atitinkamas skylutes naudodamas special\u0173 magnetin\u012f ra\u0161ikl\u012f.<\/p>\n\n\n\n<p>Kod\u0117l verta rinktis \u0161\u012f \u017eaisl\u0105?<\/p>\n\n\n\n<p>K\u016brybinis ugdymas \u2013 \u017eaisdami vaikai mokosi atpa\u017einti spalvas, r\u016b\u0161iuoti ir derinti. Be to, jie turi galimyb\u0119 i\u0161mokti pirmuosius skaitmenis ir skai\u010dius, o tai yra puikus b\u016bdas supa\u017eindinti su skai\u010diavimu iki 10.<\/p>\n\n\n\n<p>Smulkiosios motorikos ugdymas \u2013 judindamas kamuoliukus, vaikas ugdo koncentracij\u0105 ir rank\u0173 bei aki\u0173 koordinacij\u0105. Tokie pratimai ugdo rank\u0173 miklum\u0105 \u2013 j\u0173 poveikis bus matomas meno projektuose ir mokantis ra\u0161yti.<\/p>\n\n\n\n<p>\u0160is \u017eaislas atitinka Montessori metodo dvasi\u0105 \u2013 jis skatina savaranki\u0161kumo, k\u016brybi\u0161kumo, pa\u017eintini\u0173 ir analitini\u0173 geb\u0117jim\u0173 ugdym\u0105.<\/p>\n\n\n\n<p>Saugumas \u2013 ma\u017eos, judan\u010dios dalys yra u\u017edengtos skaidriu stiklu, tod\u0117l \u017eymiai suma\u017e\u0117ja j\u0173 praradimo ar prarijimo rizika, o ra\u0161iklis yra pritvirtintas prie virvel\u0117s. Be to, \u017eaislo kra\u0161tai yra suapvalinti, kad \u017eaid\u017eiant b\u016bt\u0173 u\u017etikrintas maksimalus saugumas.<\/p>\n\n\n\n<p>Angl\u0173 kalba \u017eaislas &#8211; papildomas privalumas yra angl\u0173 kalba u\u017era\u0161ytos etiket\u0117s, kurios padeda vaikams i\u0161mokti \u012fvairi\u0173 spalv\u0173 ir vaisi\u0173 pavadinimus.<\/p>\n\n\n\n<p>Patogi rankena ir nedidelis svoris leid\u017eia lengvai pasiimti lent\u0105 \u012f automobil\u012f, traukin\u012f, pas gydytoj\u0105 ar \u012f sve\u010dius pas mo\u010diut\u0119.<\/p>\n\n\n\n<p>Matmenys:<\/p>\n\n\n\n<p>Lenta apytikriai 30 cm x 22 cm x 1,7 cm<br>Kamuolio skersmuo apytikriai 0,7 cm<br>Pie\u0161tuko ilgis (su virvele) apytikriai 38 cm<br>Jei ie\u0161kote \u017eaislo, kuris derina pramogas ir prakti\u0161kum\u0105, \u0161i r\u016b\u0161iavimo lenta tikrai patiks. Ne paslaptis, kad vaikai geriausiai ir noriausiai mokosi \u017eaisdami!<\/p>\n\n\n\n<p>Rinkinys supakuotas \u012f spalving\u0105, esteti\u0161k\u0105 d\u0117\u017eut\u0119.<\/p>","protected":false},"excerpt":{"rendered":"<p>\u0160i magnetin\u0117 lenta su labirintu yra interaktyvus \u017eaislas, kuris \u017eaidimo metu skatina vaik\u0173 vystym\u0105si. Lenta pagaminta i\u0161 plastiko maloni\u0173 spalv\u0173. \u012edomi, vaikams patraukli grafika skatina \u017eaisti. Did\u017eiulis privalumas yra tai, kad visos judan\u010dios dalys yra u\u017e skaidraus stiklo, tod\u0117l nereikia jaudintis, kad \u017eaidimo metu kamuoliukai pasimes. Koks yra \u017eaidimo tikslas? Vaiko u\u017eduotis yra nukreipti kamuoliukus [&hellip;]<\/p>","protected":false},"featured_media":33778,"template":"","meta":{"_acf_changed":false,"iawp_total_views":157},"product_cat":[195,216,217,191,84,91,88,86,199,49,39],"product_tag":[97,98],"class_list":{"0":"post-33777","1":"product","2":"type-product","3":"status-publish","4":"has-post-thumbnail","6":"product_cat-dovanos-vaikams-3-4-metu","7":"product_cat-dovanos-4-5-metu-vaikams","8":"product_cat-dovanos-5-7-metu-vaikams","9":"product_cat-dovanos-vaikams","10":"product_cat-lavinamieji-zaislai","11":"product_cat-loginiam-mastymui","12":"product_cat-mokausi-zaisti","13":"product_cat-smulkioji-motorika","14":"product_cat-ugdymo-istaigoms","15":"product_cat-visi-zaislai","16":"product_cat-zaislai","17":"product_tag-3-m-4-m","18":"product_tag-5-m-7-m","20":"first","21":"outofstock","22":"sale","23":"taxable","24":"shipping-taxable","25":"purchasable","26":"product-type-simple"},"acf":[],"yoast_head":"<!-- This site is optimized with the Yoast SEO plugin v23.3 - https:\/\/yoast.com\/wordpress\/plugins\/seo\/ -->\n<title>Magnetinis labirintas &quot;Skai\u010diai&quot; - Montessori \u017eaislai<\/title>\n<meta name=\"robots\" content=\"index, follow, max-snippet:-1, max-image-preview:large, max-video-preview:-1\" \/>\n<link rel=\"canonical\" href=\"https:\/\/monti.lt\/en\/product\/magnetinis-labirintas-skaiciai\/\" \/>\n<meta property=\"og:locale\" content=\"en_US\" \/>\n<meta property=\"og:type\" content=\"article\" \/>\n<meta property=\"og:title\" content=\"Magnetinis labirintas &quot;Skai\u010diai&quot; - Montessori \u017eaislai\" \/>\n<meta property=\"og:description\" content=\"\u0160i magnetin\u0117 lenta su labirintu yra interaktyvus \u017eaislas, kuris \u017eaidimo metu skatina vaik\u0173 vystym\u0105si. Lenta pagaminta i\u0161 plastiko maloni\u0173 spalv\u0173. \u012edomi, vaikams patraukli grafika skatina \u017eaisti. Did\u017eiulis privalumas yra tai, kad visos judan\u010dios dalys yra u\u017e skaidraus stiklo, tod\u0117l nereikia jaudintis, kad \u017eaidimo metu kamuoliukai pasimes. Koks yra \u017eaidimo tikslas? Vaiko u\u017eduotis yra nukreipti kamuoliukus [&hellip;]\" \/>\n<meta property=\"og:url\" content=\"https:\/\/monti.lt\/en\/product\/magnetinis-labirintas-skaiciai\/\" \/>\n<meta property=\"og:site_name\" content=\"Montessori \u017eaislai\" \/>\n<meta property=\"article:modified_time\" content=\"2025-12-01T20:03:57+00:00\" \/>\n<meta property=\"og:image\" content=\"https:\/\/monti.lt\/wp-content\/uploads\/2025\/10\/eng_pl_Magnetic-puzzle-board-maze-learning-colors-counting-ZA5741-22420_8.jpg\" \/>\n\t<meta property=\"og:image:width\" content=\"750\" \/>\n\t<meta property=\"og:image:height\" content=\"750\" \/>\n\t<meta property=\"og:image:type\" content=\"image\/jpeg\" \/>\n<meta name=\"twitter:card\" content=\"summary_large_image\" \/>\n<meta name=\"twitter:label1\" content=\"Est. reading time\" \/>\n\t<meta name=\"twitter:data1\" content=\"2 minutes\" \/>\n<script type=\"application\/ld+json\" class=\"yoast-schema-graph\">{\"@context\":\"https:\/\/schema.org\",\"@graph\":[{\"@type\":\"WebPage\",\"@id\":\"https:\/\/monti.lt\/product\/magnetinis-labirintas-skaiciai\/\",\"url\":\"https:\/\/monti.lt\/product\/magnetinis-labirintas-skaiciai\/\",\"name\":\"Magnetinis labirintas \\\"Skai\u010diai\\\" - Montessori \u017eaislai\",\"isPartOf\":{\"@id\":\"https:\/\/monti.lt\/#website\"},\"primaryImageOfPage\":{\"@id\":\"https:\/\/monti.lt\/product\/magnetinis-labirintas-skaiciai\/#primaryimage\"},\"image\":{\"@id\":\"https:\/\/monti.lt\/product\/magnetinis-labirintas-skaiciai\/#primaryimage\"},\"thumbnailUrl\":\"https:\/\/monti.lt\/wp-content\/uploads\/2025\/10\/eng_pl_Magnetic-puzzle-board-maze-learning-colors-counting-ZA5741-22420_8.jpg\",\"datePublished\":\"2025-10-01T09:23:39+00:00\",\"dateModified\":\"2025-12-01T20:03:57+00:00\",\"breadcrumb\":{\"@id\":\"https:\/\/monti.lt\/product\/magnetinis-labirintas-skaiciai\/#breadcrumb\"},\"inLanguage\":\"en-US\",\"potentialAction\":[{\"@type\":\"ReadAction\",\"target\":[\"https:\/\/monti.lt\/product\/magnetinis-labirintas-skaiciai\/\"]}]},{\"@type\":\"ImageObject\",\"inLanguage\":\"en-US\",\"@id\":\"https:\/\/monti.lt\/product\/magnetinis-labirintas-skaiciai\/#primaryimage\",\"url\":\"https:\/\/monti.lt\/wp-content\/uploads\/2025\/10\/eng_pl_Magnetic-puzzle-board-maze-learning-colors-counting-ZA5741-22420_8.jpg\",\"contentUrl\":\"https:\/\/monti.lt\/wp-content\/uploads\/2025\/10\/eng_pl_Magnetic-puzzle-board-maze-learning-colors-counting-ZA5741-22420_8.jpg\",\"width\":750,\"height\":750,\"caption\":\"magnetinis skaiciavimo zaidimas\"},{\"@type\":\"BreadcrumbList\",\"@id\":\"https:\/\/monti.lt\/product\/magnetinis-labirintas-skaiciai\/#breadcrumb\",\"itemListElement\":[{\"@type\":\"ListItem\",\"position\":1,\"name\":\"Home\",\"item\":\"https:\/\/monti.lt\/\"},{\"@type\":\"ListItem\",\"position\":2,\"name\":\"Parduotuv\u0117\",\"item\":\"https:\/\/monti.lt\/shop\/\"},{\"@type\":\"ListItem\",\"position\":3,\"name\":\"Magnetinis labirintas &#8220;Skai\u010diai&#8221;\"}]},{\"@type\":\"WebSite\",\"@id\":\"https:\/\/monti.lt\/#website\",\"url\":\"https:\/\/monti.lt\/\",\"name\":\"Montessori \u017eaislai\",\"description\":\"\",\"publisher\":{\"@id\":\"https:\/\/monti.lt\/#organization\"},\"potentialAction\":[{\"@type\":\"SearchAction\",\"target\":{\"@type\":\"EntryPoint\",\"urlTemplate\":\"https:\/\/monti.lt\/?s={search_term_string}\"},\"query-input\":\"required name=search_term_string\"}],\"inLanguage\":\"en-US\"},{\"@type\":\"Organization\",\"@id\":\"https:\/\/monti.lt\/#organization\",\"name\":\"Montessori \u017eaislai\",\"url\":\"https:\/\/monti.lt\/\",\"logo\":{\"@type\":\"ImageObject\",\"inLanguage\":\"en-US\",\"@id\":\"https:\/\/monti.lt\/#\/schema\/logo\/image\/\",\"url\":\"https:\/\/monti.lt\/wp-content\/uploads\/2022\/03\/montilogo-1.png\",\"contentUrl\":\"https:\/\/monti.lt\/wp-content\/uploads\/2022\/03\/montilogo-1.png\",\"width\":512,\"height\":512,\"caption\":\"Montessori \u017eaislai\"},\"image\":{\"@id\":\"https:\/\/monti.lt\/#\/schema\/logo\/image\/\"}}]}<\/script>\n<!-- \/ Yoast SEO plugin. -->","yoast_head_json":{"title":"Magnetinis labirintas \"Skai\u010diai\" - Montessori \u017eaislai","robots":{"index":"index","follow":"follow","max-snippet":"max-snippet:-1","max-image-preview":"max-image-preview:large","max-video-preview":"max-video-preview:-1"},"canonical":"https:\/\/monti.lt\/en\/product\/magnetinis-labirintas-skaiciai\/","og_locale":"en_US","og_type":"article","og_title":"Magnetinis labirintas \"Skai\u010diai\" - Montessori \u017eaislai","og_description":"\u0160i magnetin\u0117 lenta su labirintu yra interaktyvus \u017eaislas, kuris \u017eaidimo metu skatina vaik\u0173 vystym\u0105si. Lenta pagaminta i\u0161 plastiko maloni\u0173 spalv\u0173. \u012edomi, vaikams patraukli grafika skatina \u017eaisti. Did\u017eiulis privalumas yra tai, kad visos judan\u010dios dalys yra u\u017e skaidraus stiklo, tod\u0117l nereikia jaudintis, kad \u017eaidimo metu kamuoliukai pasimes. Koks yra \u017eaidimo tikslas? Vaiko u\u017eduotis yra nukreipti kamuoliukus [&hellip;]","og_url":"https:\/\/monti.lt\/en\/product\/magnetinis-labirintas-skaiciai\/","og_site_name":"Montessori \u017eaislai","article_modified_time":"2025-12-01T20:03:57+00:00","og_image":[{"width":750,"height":750,"url":"https:\/\/monti.lt\/wp-content\/uploads\/2025\/10\/eng_pl_Magnetic-puzzle-board-maze-learning-colors-counting-ZA5741-22420_8.jpg","type":"image\/jpeg"}],"twitter_card":"summary_large_image","twitter_misc":{"Est. reading time":"2 minutes"},"schema":{"@context":"https:\/\/schema.org","@graph":[{"@type":"WebPage","@id":"https:\/\/monti.lt\/product\/magnetinis-labirintas-skaiciai\/","url":"https:\/\/monti.lt\/product\/magnetinis-labirintas-skaiciai\/","name":"Magnetinis labirintas \"Skai\u010diai\" - Montessori \u017eaislai","isPartOf":{"@id":"https:\/\/monti.lt\/#website"},"primaryImageOfPage":{"@id":"https:\/\/monti.lt\/product\/magnetinis-labirintas-skaiciai\/#primaryimage"},"image":{"@id":"https:\/\/monti.lt\/product\/magnetinis-labirintas-skaiciai\/#primaryimage"},"thumbnailUrl":"https:\/\/monti.lt\/wp-content\/uploads\/2025\/10\/eng_pl_Magnetic-puzzle-board-maze-learning-colors-counting-ZA5741-22420_8.jpg","datePublished":"2025-10-01T09:23:39+00:00","dateModified":"2025-12-01T20:03:57+00:00","breadcrumb":{"@id":"https:\/\/monti.lt\/product\/magnetinis-labirintas-skaiciai\/#breadcrumb"},"inLanguage":"en-US","potentialAction":[{"@type":"ReadAction","target":["https:\/\/monti.lt\/product\/magnetinis-labirintas-skaiciai\/"]}]},{"@type":"ImageObject","inLanguage":"en-US","@id":"https:\/\/monti.lt\/product\/magnetinis-labirintas-skaiciai\/#primaryimage","url":"https:\/\/monti.lt\/wp-content\/uploads\/2025\/10\/eng_pl_Magnetic-puzzle-board-maze-learning-colors-counting-ZA5741-22420_8.jpg","contentUrl":"https:\/\/monti.lt\/wp-content\/uploads\/2025\/10\/eng_pl_Magnetic-puzzle-board-maze-learning-colors-counting-ZA5741-22420_8.jpg","width":750,"height":750,"caption":"magnetinis skaiciavimo zaidimas"},{"@type":"BreadcrumbList","@id":"https:\/\/monti.lt\/product\/magnetinis-labirintas-skaiciai\/#breadcrumb","itemListElement":[{"@type":"ListItem","position":1,"name":"Home","item":"https:\/\/monti.lt\/"},{"@type":"ListItem","position":2,"name":"Parduotuv\u0117","item":"https:\/\/monti.lt\/shop\/"},{"@type":"ListItem","position":3,"name":"Magnetinis labirintas &#8220;Skai\u010diai&#8221;"}]},{"@type":"WebSite","@id":"https:\/\/monti.lt\/#website","url":"https:\/\/monti.lt\/","name":"Montessori \u017eaislai","description":"","publisher":{"@id":"https:\/\/monti.lt\/#organization"},"potentialAction":[{"@type":"SearchAction","target":{"@type":"EntryPoint","urlTemplate":"https:\/\/monti.lt\/?s={search_term_string}"},"query-input":"required name=search_term_string"}],"inLanguage":"en-US"},{"@type":"Organization","@id":"https:\/\/monti.lt\/#organization","name":"Montessori \u017eaislai","url":"https:\/\/monti.lt\/","logo":{"@type":"ImageObject","inLanguage":"en-US","@id":"https:\/\/monti.lt\/#\/schema\/logo\/image\/","url":"https:\/\/monti.lt\/wp-content\/uploads\/2022\/03\/montilogo-1.png","contentUrl":"https:\/\/monti.lt\/wp-content\/uploads\/2022\/03\/montilogo-1.png","width":512,"height":512,"caption":"Montessori \u017eaislai"},"image":{"@id":"https:\/\/monti.lt\/#\/schema\/logo\/image\/"}}]}},"_links":{"self":[{"href":"https:\/\/monti.lt\/en\/wp-json\/wp\/v2\/product\/33777"}],"collection":[{"href":"https:\/\/monti.lt\/en\/wp-json\/wp\/v2\/product"}],"about":[{"href":"https:\/\/monti.lt\/en\/wp-json\/wp\/v2\/types\/product"}],"version-history":[{"count":1,"href":"https:\/\/monti.lt\/en\/wp-json\/wp\/v2\/product\/33777\/revisions"}],"predecessor-version":[{"id":33785,"href":"https:\/\/monti.lt\/en\/wp-json\/wp\/v2\/product\/33777\/revisions\/33785"}],"wp:featuredmedia":[{"embeddable":true,"href":"https:\/\/monti.lt\/en\/wp-json\/wp\/v2\/media\/33778"}],"wp:attachment":[{"href":"https:\/\/monti.lt\/en\/wp-json\/wp\/v2\/media?parent=33777"}],"wp:term":[{"taxonomy":"product_cat","embeddable":true,"href":"https:\/\/monti.lt\/en\/wp-json\/wp\/v2\/product_cat?post=33777"},{"taxonomy":"product_tag","embeddable":true,"href":"https:\/\/monti.lt\/en\/wp-json\/wp\/v2\/product_tag?post=33777"}],"curies":[{"name":"wp","href":"https:\/\/api.w.org\/{rel}","templated":true}]}}