{"id":33786,"date":"2025-10-01T09:26:39","date_gmt":"2025-10-01T09:26:39","guid":{"rendered":"https:\/\/monti.lt\/?post_type=product&#038;p=33786"},"modified":"2025-12-08T17:32:43","modified_gmt":"2025-12-08T17:32:43","slug":"kristalu-auginimo-rinkinys-magiskas-medis","status":"publish","type":"product","link":"https:\/\/monti.lt\/en\/product\/kristalu-auginimo-rinkinys-magiskas-medis\/","title":{"rendered":"Kristal\u0173 auginimo rinkinys &#8220;Magi\u0161kas medis&#8221;"},"content":{"rendered":"<p>K\u016brybinis rinkinys, kurio pagalba vaikas gal\u0117s atlikti savo pirm\u0105j\u012f eksperiment\u0105 ir u\u017eauginti kristal\u0105. Eksperimentavimas ir gamtos stebukl\u0173 atradimas, derinamas su linksmyb\u0117mis, yra puiki \u012fkv\u0117pimo \u0161altinis kiekvienam vaikui. \u012evair\u016bs eksperimentai padeda ugdyti koncentracij\u0105 ir tikslum\u0105. Ta\u010diau reikia b\u016bti kantriems, nes gra\u017eaus kristalo u\u017eauginimas u\u017etrunka iki savait\u0117s.<\/p>\n\n\n\n<p>Komplekte:<\/p>\n\n\n\n<ul class=\"wp-block-list\">\n<li>200 ml matavimo puodelis,<\/li>\n\n\n\n<li>mai\u0161elis su kristaliniu sm\u0117liu,<\/li>\n\n\n\n<li>spalvotas kristalinis s\u0117klos,<\/li>\n\n\n\n<li>mai\u0161iklis,<\/li>\n\n\n\n<li>didinamojo stiklo,<\/li>\n\n\n\n<li>lenta,<\/li>\n\n\n\n<li>sklend\u0117,<\/li>\n\n\n\n<li>ma\u017eas puodelis (stovas).<br>Gamybos instrukcijos.<\/li>\n<\/ul>\n\n\n\n<ol class=\"wp-block-list\">\n<li>Vis\u0105 mai\u0161elio su kristaliniu sm\u0117liu turin\u012f supilkite \u012f matavimo puodel\u012f. Tada u\u017evirkite vanden\u012f ir atsargiai, geriausia pri\u017ei\u016brint suaugusiam, i\u0161matuokite 160 ml.<\/li>\n\n\n\n<li>Tada intensyviai mai\u0161ykite 3\u20135 minutes, kol sm\u0117lis visi\u0161kai i\u0161tirps. Kartais smulk\u016bs sm\u0117lio gr\u016bdai nematomi, bet dar n\u0117ra visi\u0161kai i\u0161tirp\u0119 \u2013 mai\u0161ykite dar minut\u0119, kad sm\u0117lis visi\u0161kai i\u0161tirpt\u0173. Palikite tirpal\u0105 atv\u0117sti.<\/li>\n\n\n\n<li>Paruo\u0161kite kristalin\u0119 s\u0117kl\u0105 (lollipop formos). I\u0161traukite kam\u0161tuk\u0105 i\u0161 lazdos galo, tada \u012fki\u0161kite j\u0105 \u012f lent\u0105. Galiausiai u\u017efiksuokite embrion\u0105 kam\u0161\u010diu.<\/li>\n<\/ol>\n\n\n\n<ol start=\"4\" class=\"wp-block-list\">\n<li>Kai tirpalas pasiekia kambario temperat\u016br\u0105 (po ma\u017edaug 15 minu\u010di\u0173), \u012fd\u0117kite i\u0161 anksto paruo\u0161t\u0105 embrion\u0105 \u012f vidur\u012f, pad\u0117dami lentel\u0119 ant matavimo puodelio kra\u0161to. Svarbiausia \u2013 nejud\u0117ti, neperkelti matavimo puodeli\u0173 ir nepilti vandens kristalo augimo proceso metu. Augimo ciklas trunka 2\u20137 dienas ir priklauso nuo oro dr\u0117gm\u0117s (kuo dr\u0117gm\u0117 ma\u017eesn\u0117, tuo grei\u010diau auga kristalas).<\/li>\n\n\n\n<li>Kai kristalas visi\u0161kai u\u017eaugs, atsargiai i\u0161traukite j\u012f i\u0161 matavimo puodelio ant i\u0161 anksto paruo\u0161to popierinio rank\u0161luos\u010dio (kristalas taip pat tur\u0117t\u0173 b\u016bti padengtas popieriniu rank\u0161luos\u010diu). Kristal\u0105 paliekame taip apsaugot\u0105 vienai dienai.<\/li>\n\n\n\n<li>Po 24 valand\u0173 atsargiai nuimkite kristal\u0105 nuo popieriaus ir \u012fd\u0117kite kristalin\u012f laim\u0117s med\u012f \u012f komplekte esant\u012f vazon\u0117l\u012f.<br>Viskas paruo\u0161ta!<\/li>\n<\/ol>\n\n\n\n<p>D\u0116MESIO!<br>Eksperiment\u0105 atlikite tik pri\u017ei\u016brint suaugusiam asmeniui.<br>Rinkinys skirtas vaikams nuo 8 met\u0173.<br>Matmenys:<\/p>\n\n\n\n<ul class=\"wp-block-list\">\n<li>kristalo s\u0117klos ilgis (su pagaliuku) apie 7,5 cm<\/li>\n\n\n\n<li>vazon\u0117lio skersmuo apie 4,8 cm, auk\u0161tis apie 3 cm<\/li>\n<\/ul>\n\n\n\n<p>Savo rankomis pagamintas laim\u0117s medis bus puiki bet kurios patalpos dekoracija. Jis taip pat gali b\u016bti puiki dovana mylimam \u017emogui. \u017daislas gali pad\u0117ti ugdyti susidom\u0117jim\u0105 tiksliaisiais mokslais ir yra \u012fdomi id\u0117ja k\u016brybiniam \u017eaidimui. Rinkinys supakuotas \u012f esteti\u0161k\u0105, spalving\u0105 d\u0117\u017eut\u0119, puikiai tinkam\u0105 dovanai.<\/p>","protected":false},"excerpt":{"rendered":"<p>K\u016brybinis rinkinys, kurio pagalba vaikas gal\u0117s atlikti savo pirm\u0105j\u012f eksperiment\u0105 ir u\u017eauginti kristal\u0105. Eksperimentavimas ir gamtos stebukl\u0173 atradimas, derinamas su linksmyb\u0117mis, yra puiki \u012fkv\u0117pimo \u0161altinis kiekvienam vaikui. \u012evair\u016bs eksperimentai padeda ugdyti koncentracij\u0105 ir tikslum\u0105. Ta\u010diau reikia b\u016bti kantriems, nes gra\u017eaus kristalo u\u017eauginimas u\u017etrunka iki savait\u0117s. Komplekte: D\u0116MESIO!Eksperiment\u0105 atlikite tik pri\u017ei\u016brint suaugusiam asmeniui.Rinkinys skirtas vaikams nuo [&hellip;]<\/p>","protected":false},"featured_media":33787,"template":"","meta":{"_acf_changed":false,"iawp_total_views":495},"product_cat":[217,191,192,87,84,90,50,49,39],"product_tag":[101,99],"class_list":{"0":"post-33786","1":"product","2":"type-product","3":"status-publish","4":"has-post-thumbnail","6":"product_cat-dovanos-5-7-metu-vaikams","7":"product_cat-dovanos-vaikams","8":"product_cat-kaledines-dovanos-vaikams","9":"product_cat-kurybiniai-rinkiniai","10":"product_cat-lavinamieji-zaislai","11":"product_cat-pasaulio-pazinimas","12":"product_cat-top-dovanos","13":"product_cat-visi-zaislai","14":"product_cat-zaislai","15":"product_tag-12-m-14-m","16":"product_tag-8-m-11-m","18":"first","19":"outofstock","20":"taxable","21":"shipping-taxable","22":"purchasable","23":"product-type-simple"},"acf":[],"yoast_head":"<!-- This site is optimized with the Yoast SEO plugin v23.3 - https:\/\/yoast.com\/wordpress\/plugins\/seo\/ -->\n<title>Kristal\u0173 auginimo rinkinys &quot;Magi\u0161kas medis&quot; - Montessori \u017eaislai<\/title>\n<meta name=\"robots\" content=\"index, follow, max-snippet:-1, max-image-preview:large, max-video-preview:-1\" \/>\n<link rel=\"canonical\" href=\"https:\/\/monti.lt\/en\/product\/kristalu-auginimo-rinkinys-magiskas-medis\/\" \/>\n<meta property=\"og:locale\" content=\"en_US\" \/>\n<meta property=\"og:type\" content=\"article\" \/>\n<meta property=\"og:title\" content=\"Kristal\u0173 auginimo rinkinys &quot;Magi\u0161kas medis&quot; - Montessori \u017eaislai\" \/>\n<meta property=\"og:description\" content=\"K\u016brybinis rinkinys, kurio pagalba vaikas gal\u0117s atlikti savo pirm\u0105j\u012f eksperiment\u0105 ir u\u017eauginti kristal\u0105. Eksperimentavimas ir gamtos stebukl\u0173 atradimas, derinamas su linksmyb\u0117mis, yra puiki \u012fkv\u0117pimo \u0161altinis kiekvienam vaikui. \u012evair\u016bs eksperimentai padeda ugdyti koncentracij\u0105 ir tikslum\u0105. Ta\u010diau reikia b\u016bti kantriems, nes gra\u017eaus kristalo u\u017eauginimas u\u017etrunka iki savait\u0117s. Komplekte: D\u0116MESIO!Eksperiment\u0105 atlikite tik pri\u017ei\u016brint suaugusiam asmeniui.Rinkinys skirtas vaikams nuo [&hellip;]\" \/>\n<meta property=\"og:url\" content=\"https:\/\/monti.lt\/en\/product\/kristalu-auginimo-rinkinys-magiskas-medis\/\" \/>\n<meta property=\"og:site_name\" content=\"Montessori \u017eaislai\" \/>\n<meta property=\"article:modified_time\" content=\"2025-12-08T17:32:43+00:00\" \/>\n<meta property=\"og:image\" content=\"https:\/\/monti.lt\/wp-content\/uploads\/2025\/10\/eng_pl_Set-Growing-crystals-tree-of-happiness-ZA4323-19039_1.jpg\" \/>\n\t<meta property=\"og:image:width\" content=\"750\" \/>\n\t<meta property=\"og:image:height\" content=\"750\" \/>\n\t<meta property=\"og:image:type\" content=\"image\/jpeg\" \/>\n<meta name=\"twitter:card\" content=\"summary_large_image\" \/>\n<meta name=\"twitter:label1\" content=\"Est. reading time\" \/>\n\t<meta name=\"twitter:data1\" content=\"2 minutes\" \/>\n<script type=\"application\/ld+json\" class=\"yoast-schema-graph\">{\"@context\":\"https:\/\/schema.org\",\"@graph\":[{\"@type\":\"WebPage\",\"@id\":\"https:\/\/monti.lt\/product\/kristalu-auginimo-rinkinys-magiskas-medis\/\",\"url\":\"https:\/\/monti.lt\/product\/kristalu-auginimo-rinkinys-magiskas-medis\/\",\"name\":\"Kristal\u0173 auginimo rinkinys \\\"Magi\u0161kas medis\\\" - Montessori \u017eaislai\",\"isPartOf\":{\"@id\":\"https:\/\/monti.lt\/#website\"},\"primaryImageOfPage\":{\"@id\":\"https:\/\/monti.lt\/product\/kristalu-auginimo-rinkinys-magiskas-medis\/#primaryimage\"},\"image\":{\"@id\":\"https:\/\/monti.lt\/product\/kristalu-auginimo-rinkinys-magiskas-medis\/#primaryimage\"},\"thumbnailUrl\":\"https:\/\/monti.lt\/wp-content\/uploads\/2025\/10\/eng_pl_Set-Growing-crystals-tree-of-happiness-ZA4323-19039_1.jpg\",\"datePublished\":\"2025-10-01T09:26:39+00:00\",\"dateModified\":\"2025-12-08T17:32:43+00:00\",\"breadcrumb\":{\"@id\":\"https:\/\/monti.lt\/product\/kristalu-auginimo-rinkinys-magiskas-medis\/#breadcrumb\"},\"inLanguage\":\"en-US\",\"potentialAction\":[{\"@type\":\"ReadAction\",\"target\":[\"https:\/\/monti.lt\/product\/kristalu-auginimo-rinkinys-magiskas-medis\/\"]}]},{\"@type\":\"ImageObject\",\"inLanguage\":\"en-US\",\"@id\":\"https:\/\/monti.lt\/product\/kristalu-auginimo-rinkinys-magiskas-medis\/#primaryimage\",\"url\":\"https:\/\/monti.lt\/wp-content\/uploads\/2025\/10\/eng_pl_Set-Growing-crystals-tree-of-happiness-ZA4323-19039_1.jpg\",\"contentUrl\":\"https:\/\/monti.lt\/wp-content\/uploads\/2025\/10\/eng_pl_Set-Growing-crystals-tree-of-happiness-ZA4323-19039_1.jpg\",\"width\":750,\"height\":750,\"caption\":\"kristalu auginimo rinkinys\"},{\"@type\":\"BreadcrumbList\",\"@id\":\"https:\/\/monti.lt\/product\/kristalu-auginimo-rinkinys-magiskas-medis\/#breadcrumb\",\"itemListElement\":[{\"@type\":\"ListItem\",\"position\":1,\"name\":\"Home\",\"item\":\"https:\/\/monti.lt\/\"},{\"@type\":\"ListItem\",\"position\":2,\"name\":\"Parduotuv\u0117\",\"item\":\"https:\/\/monti.lt\/shop\/\"},{\"@type\":\"ListItem\",\"position\":3,\"name\":\"Kristal\u0173 auginimo rinkinys &#8220;Magi\u0161kas medis&#8221;\"}]},{\"@type\":\"WebSite\",\"@id\":\"https:\/\/monti.lt\/#website\",\"url\":\"https:\/\/monti.lt\/\",\"name\":\"Montessori \u017eaislai\",\"description\":\"\",\"publisher\":{\"@id\":\"https:\/\/monti.lt\/#organization\"},\"potentialAction\":[{\"@type\":\"SearchAction\",\"target\":{\"@type\":\"EntryPoint\",\"urlTemplate\":\"https:\/\/monti.lt\/?s={search_term_string}\"},\"query-input\":\"required name=search_term_string\"}],\"inLanguage\":\"en-US\"},{\"@type\":\"Organization\",\"@id\":\"https:\/\/monti.lt\/#organization\",\"name\":\"Montessori \u017eaislai\",\"url\":\"https:\/\/monti.lt\/\",\"logo\":{\"@type\":\"ImageObject\",\"inLanguage\":\"en-US\",\"@id\":\"https:\/\/monti.lt\/#\/schema\/logo\/image\/\",\"url\":\"https:\/\/monti.lt\/wp-content\/uploads\/2022\/03\/montilogo-1.png\",\"contentUrl\":\"https:\/\/monti.lt\/wp-content\/uploads\/2022\/03\/montilogo-1.png\",\"width\":512,\"height\":512,\"caption\":\"Montessori \u017eaislai\"},\"image\":{\"@id\":\"https:\/\/monti.lt\/#\/schema\/logo\/image\/\"}}]}<\/script>\n<!-- \/ Yoast SEO plugin. -->","yoast_head_json":{"title":"Kristal\u0173 auginimo rinkinys \"Magi\u0161kas medis\" - Montessori \u017eaislai","robots":{"index":"index","follow":"follow","max-snippet":"max-snippet:-1","max-image-preview":"max-image-preview:large","max-video-preview":"max-video-preview:-1"},"canonical":"https:\/\/monti.lt\/en\/product\/kristalu-auginimo-rinkinys-magiskas-medis\/","og_locale":"en_US","og_type":"article","og_title":"Kristal\u0173 auginimo rinkinys \"Magi\u0161kas medis\" - Montessori \u017eaislai","og_description":"K\u016brybinis rinkinys, kurio pagalba vaikas gal\u0117s atlikti savo pirm\u0105j\u012f eksperiment\u0105 ir u\u017eauginti kristal\u0105. Eksperimentavimas ir gamtos stebukl\u0173 atradimas, derinamas su linksmyb\u0117mis, yra puiki \u012fkv\u0117pimo \u0161altinis kiekvienam vaikui. \u012evair\u016bs eksperimentai padeda ugdyti koncentracij\u0105 ir tikslum\u0105. Ta\u010diau reikia b\u016bti kantriems, nes gra\u017eaus kristalo u\u017eauginimas u\u017etrunka iki savait\u0117s. Komplekte: D\u0116MESIO!Eksperiment\u0105 atlikite tik pri\u017ei\u016brint suaugusiam asmeniui.Rinkinys skirtas vaikams nuo [&hellip;]","og_url":"https:\/\/monti.lt\/en\/product\/kristalu-auginimo-rinkinys-magiskas-medis\/","og_site_name":"Montessori \u017eaislai","article_modified_time":"2025-12-08T17:32:43+00:00","og_image":[{"width":750,"height":750,"url":"https:\/\/monti.lt\/wp-content\/uploads\/2025\/10\/eng_pl_Set-Growing-crystals-tree-of-happiness-ZA4323-19039_1.jpg","type":"image\/jpeg"}],"twitter_card":"summary_large_image","twitter_misc":{"Est. reading time":"2 minutes"},"schema":{"@context":"https:\/\/schema.org","@graph":[{"@type":"WebPage","@id":"https:\/\/monti.lt\/product\/kristalu-auginimo-rinkinys-magiskas-medis\/","url":"https:\/\/monti.lt\/product\/kristalu-auginimo-rinkinys-magiskas-medis\/","name":"Kristal\u0173 auginimo rinkinys \"Magi\u0161kas medis\" - Montessori \u017eaislai","isPartOf":{"@id":"https:\/\/monti.lt\/#website"},"primaryImageOfPage":{"@id":"https:\/\/monti.lt\/product\/kristalu-auginimo-rinkinys-magiskas-medis\/#primaryimage"},"image":{"@id":"https:\/\/monti.lt\/product\/kristalu-auginimo-rinkinys-magiskas-medis\/#primaryimage"},"thumbnailUrl":"https:\/\/monti.lt\/wp-content\/uploads\/2025\/10\/eng_pl_Set-Growing-crystals-tree-of-happiness-ZA4323-19039_1.jpg","datePublished":"2025-10-01T09:26:39+00:00","dateModified":"2025-12-08T17:32:43+00:00","breadcrumb":{"@id":"https:\/\/monti.lt\/product\/kristalu-auginimo-rinkinys-magiskas-medis\/#breadcrumb"},"inLanguage":"en-US","potentialAction":[{"@type":"ReadAction","target":["https:\/\/monti.lt\/product\/kristalu-auginimo-rinkinys-magiskas-medis\/"]}]},{"@type":"ImageObject","inLanguage":"en-US","@id":"https:\/\/monti.lt\/product\/kristalu-auginimo-rinkinys-magiskas-medis\/#primaryimage","url":"https:\/\/monti.lt\/wp-content\/uploads\/2025\/10\/eng_pl_Set-Growing-crystals-tree-of-happiness-ZA4323-19039_1.jpg","contentUrl":"https:\/\/monti.lt\/wp-content\/uploads\/2025\/10\/eng_pl_Set-Growing-crystals-tree-of-happiness-ZA4323-19039_1.jpg","width":750,"height":750,"caption":"kristalu auginimo rinkinys"},{"@type":"BreadcrumbList","@id":"https:\/\/monti.lt\/product\/kristalu-auginimo-rinkinys-magiskas-medis\/#breadcrumb","itemListElement":[{"@type":"ListItem","position":1,"name":"Home","item":"https:\/\/monti.lt\/"},{"@type":"ListItem","position":2,"name":"Parduotuv\u0117","item":"https:\/\/monti.lt\/shop\/"},{"@type":"ListItem","position":3,"name":"Kristal\u0173 auginimo rinkinys &#8220;Magi\u0161kas medis&#8221;"}]},{"@type":"WebSite","@id":"https:\/\/monti.lt\/#website","url":"https:\/\/monti.lt\/","name":"Montessori \u017eaislai","description":"","publisher":{"@id":"https:\/\/monti.lt\/#organization"},"potentialAction":[{"@type":"SearchAction","target":{"@type":"EntryPoint","urlTemplate":"https:\/\/monti.lt\/?s={search_term_string}"},"query-input":"required name=search_term_string"}],"inLanguage":"en-US"},{"@type":"Organization","@id":"https:\/\/monti.lt\/#organization","name":"Montessori \u017eaislai","url":"https:\/\/monti.lt\/","logo":{"@type":"ImageObject","inLanguage":"en-US","@id":"https:\/\/monti.lt\/#\/schema\/logo\/image\/","url":"https:\/\/monti.lt\/wp-content\/uploads\/2022\/03\/montilogo-1.png","contentUrl":"https:\/\/monti.lt\/wp-content\/uploads\/2022\/03\/montilogo-1.png","width":512,"height":512,"caption":"Montessori \u017eaislai"},"image":{"@id":"https:\/\/monti.lt\/#\/schema\/logo\/image\/"}}]}},"_links":{"self":[{"href":"https:\/\/monti.lt\/en\/wp-json\/wp\/v2\/product\/33786"}],"collection":[{"href":"https:\/\/monti.lt\/en\/wp-json\/wp\/v2\/product"}],"about":[{"href":"https:\/\/monti.lt\/en\/wp-json\/wp\/v2\/types\/product"}],"version-history":[{"count":1,"href":"https:\/\/monti.lt\/en\/wp-json\/wp\/v2\/product\/33786\/revisions"}],"predecessor-version":[{"id":33793,"href":"https:\/\/monti.lt\/en\/wp-json\/wp\/v2\/product\/33786\/revisions\/33793"}],"wp:featuredmedia":[{"embeddable":true,"href":"https:\/\/monti.lt\/en\/wp-json\/wp\/v2\/media\/33787"}],"wp:attachment":[{"href":"https:\/\/monti.lt\/en\/wp-json\/wp\/v2\/media?parent=33786"}],"wp:term":[{"taxonomy":"product_cat","embeddable":true,"href":"https:\/\/monti.lt\/en\/wp-json\/wp\/v2\/product_cat?post=33786"},{"taxonomy":"product_tag","embeddable":true,"href":"https:\/\/monti.lt\/en\/wp-json\/wp\/v2\/product_tag?post=33786"}],"curies":[{"name":"wp","href":"https:\/\/api.w.org\/{rel}","templated":true}]}}