{"id":33857,"date":"2025-10-09T06:21:47","date_gmt":"2025-10-09T06:21:47","guid":{"rendered":"https:\/\/monti.lt\/?post_type=product&#038;p=33857"},"modified":"2026-04-26T13:21:33","modified_gmt":"2026-04-26T13:21:33","slug":"didele-veltinio-kaledine-eglute-su-dekoracijomis","status":"publish","type":"product","link":"https:\/\/monti.lt\/en\/product\/didele-veltinio-kaledine-eglute-su-dekoracijomis\/","title":{"rendered":"Didel\u0117 veltinio Kal\u0117din\u0117 eglut\u0117 su dekoracijomis"},"content":{"rendered":"<h1 class=\"wp-block-heading\">DIY veltinio Kal\u0117d\u0173 eglut\u0117 &#8211; k\u016brybinga kal\u0117din\u0117 dekoracija su ornamentais, auk\u0161tis 90 cm!<\/h1>\n\n\n\n<p><strong>patvarus ir atsparus &#8211;&nbsp;<\/strong>Kal\u0117d\u0173 eglut\u0117 ir papuo\u0161imai pagaminti i\u0161 kokybi\u0161ko veltinio, kuris yra atsparus rauk\u0161l\u0117ms, ply\u0161imams ir daugkartiniam naudojimui, tod\u0117l&nbsp;<strong>galite naudoti daugybe atostog\u0173 sezon\u0173<\/strong><\/p>\n\n\n\n<p><strong>mink\u0161ta ir saugi med\u017eiaga &#8211;&nbsp;<\/strong>Veltinys yra mink\u0161tas ir saugus, lengvai valomas ir atsparus rauk\u0161l\u0117ms, tod\u0117l gaminys yra mink\u0161tas&nbsp;<strong>tarnaus daug met\u0173<\/strong><\/p>\n\n\n\n<p><strong>neskleid\u017eia kvap\u0173 &#8211;&nbsp;<\/strong>veltinis yra neutrali med\u017eiaga, kuri nesugeria ir neskleid\u017eia kvap\u0173,&nbsp;<strong>tod\u0117l per \u0161ventin\u012f vakar\u0117l\u012f nereik\u0117s jaudintis d\u0117l nemaloni\u0173 aromat\u0173<\/strong><\/p>\n\n\n\n<p><strong>ry\u0161kios spalvos &#8211;&nbsp;<\/strong>Kal\u0117d\u0173 eglut\u0117 ir papuo\u0161imai turi intensyvias spalvas, kurios \u012fveda&nbsp;<strong>d\u017eiaugsmingas<\/strong>&nbsp;,<strong>&nbsp;\u0161ventin\u0119 nuotaik\u0105 ant stalo ir suteiks energijos visai tvarkai<\/strong><\/p>\n\n\n\n<p><strong>spalvos patvarumas<\/strong>&nbsp;\u2013 d\u0117l kokybi\u0161kos veltinio med\u017eiagos ir spalvos&nbsp;<strong>neblunka ir i\u0161lieka intensyvus net ilgai naudojant<\/strong><\/p>\n\n\n\n<p><strong>i\u0161vaizda ir estetika po pakartotinio naudojimo &#8211;<\/strong>&nbsp;Kal\u0117d\u0173 eglut\u0117 ir papuo\u0161imai buvo kruop\u0161\u010diai pagaminti,&nbsp;<strong>jos i\u0161laiko eglut\u0117s form\u0105 ir jos estetin\u0119 i\u0161vaizd\u0105<\/strong>&nbsp;net ir po pakartotinio naudojimo<\/p>\n\n\n\n<p><strong>k\u016brybin\u0117s pramogos<\/strong>&nbsp;&#8211; D\u0117l&nbsp;<strong>26 spalving\u0173 ir dideli\u0173 Velcro dekoracij\u0173<\/strong>&nbsp;galite susikurti savo dekoratyvines konfig\u016bracijas<\/p>\n\n\n\n<p><strong>lengvas surinkimas<\/strong>&nbsp;&#8211;&nbsp;<strong>raudona juostel\u0117 leid\u017eia lengvai pakabinti<\/strong>&nbsp;Kal\u0117d\u0173 eglut\u0117s bet kur<\/p>\n\n\n\n<p><strong>lengva prie\u017ei\u016bra<\/strong>&nbsp;&#8211; lengvas rauk\u0161les galima lengvai i\u0161lyginti lygintuvu per audin\u012f<\/p>\n\n\n\n<p><strong>greitas ir patogus apdailos keitimas &#8211;<\/strong>&nbsp;<strong>d\u0117l tvirto lipduko papuo\u0161imai yra lengvi<\/strong>&nbsp;pritvirtinti ir nuimti<\/p>\n\n\n\n<h2 class=\"wp-block-heading\">Nustatyti specifikacijas:<\/h2>\n\n\n\n<ul class=\"wp-block-list\">\n<li><strong>patvarus ir atsparus<\/strong><strong>\u00a0<\/strong>apdaila<\/li>\n\n\n\n<li><strong>mink\u0161ta ir saugi med\u017eiaga<\/strong><\/li>\n\n\n\n<li><strong>k\u016brybinis dekoravimas<\/strong><\/li>\n\n\n\n<li><strong>lengvas surinkimas<\/strong><\/li>\n\n\n\n<li><strong>didel\u0117s, spalvingos dekoracijos<\/strong><\/li>\n\n\n\n<li><strong>daugkartinio naudojimo<\/strong><\/li>\n\n\n\n<li><strong>lengva prie\u017ei\u016bra<\/strong><\/li>\n\n\n\n<li><strong>greitas ir patogus apdailos keitimas<\/strong><\/li>\n\n\n\n<li><strong>idealus dydis bet kokiam interjerui<\/strong><\/li>\n\n\n\n<li><strong>skatina \u0161eimos linksmybes<\/strong><\/li>\n\n\n\n<li><strong>prakti\u0161ka ir lengva<\/strong><\/li>\n\n\n\n<li><strong>dovanos id\u0117ja<\/strong><\/li>\n\n\n\n<li>supakuota \u012f estetin\u0119 pakuot\u0119<\/li>\n\n\n\n<li>spalva: \u012fvairiaspalv\u0117<\/li>\n\n\n\n<li>matmenys: 90 x 70 cm<\/li>\n\n\n\n<li>svoris: 0,197 kg<\/li>\n\n\n\n<li>svoris pakuot\u0117je: 0,214 kg<\/li>\n\n\n\n<li>med\u017eiaga: veltinis + velcro<\/li>\n<\/ul>\n\n\n\n<h2 class=\"wp-block-heading\">\u012e kain\u0105 \u012fskai\u010diuota:<\/h2>\n\n\n\n<ul class=\"wp-block-list\">\n<li>Kal\u0117d\u0173 eglut\u0117<\/li>\n\n\n\n<li>26 dekoracijos<\/li>\n<\/ul>\n\n\n\n<p><strong>GAMINTOJAS:<\/strong><\/p>\n\n\n\n<p>ISO TRADE Sp\u00f3\u0142ka z o.o.<br>ul. Hangarowa 15<br>59-220 Legnica, Polska<br><br>office@iso-trade.biz<\/p>\n\n\n\n<p><strong>ES ATSAKINGAS ASMENS:<\/strong><\/p>\n\n\n\n<p>ISO TRADE<\/p>","protected":false},"excerpt":{"rendered":"<p>DIY veltinio Kal\u0117d\u0173 eglut\u0117 &#8211; k\u016brybinga kal\u0117din\u0117 dekoracija su ornamentais, auk\u0161tis 90 cm! patvarus ir atsparus &#8211;&nbsp;Kal\u0117d\u0173 eglut\u0117 ir papuo\u0161imai pagaminti i\u0161 kokybi\u0161ko veltinio, kuris yra atsparus rauk\u0161l\u0117ms, ply\u0161imams ir daugkartiniam naudojimui, tod\u0117l&nbsp;galite naudoti daugybe atostog\u0173 sezon\u0173 mink\u0161ta ir saugi med\u017eiaga &#8211;&nbsp;Veltinys yra mink\u0161tas ir saugus, lengvai valomas ir atsparus rauk\u0161l\u0117ms, tod\u0117l gaminys yra mink\u0161tas&nbsp;tarnaus [&hellip;]<\/p>","protected":false},"featured_media":33858,"template":"","meta":{"_acf_changed":false,"iawp_total_views":899},"product_cat":[213,218,191,82,192,87,84,86,50,199,49,39],"product_tag":[96,97,98],"class_list":{"0":"post-33857","1":"product","2":"type-product","3":"status-publish","4":"has-post-thumbnail","6":"product_cat-akcija","7":"product_cat-darzeliu-grupems","8":"product_cat-dovanos-vaikams","9":"product_cat-ispardavimas","10":"product_cat-kaledines-dovanos-vaikams","11":"product_cat-kurybiniai-rinkiniai","12":"product_cat-lavinamieji-zaislai","13":"product_cat-smulkioji-motorika","14":"product_cat-top-dovanos","15":"product_cat-ugdymo-istaigoms","16":"product_cat-visi-zaislai","17":"product_cat-zaislai","18":"product_tag-2-m-3-m","19":"product_tag-3-m-4-m","20":"product_tag-5-m-7-m","22":"first","23":"instock","24":"sale","25":"taxable","26":"shipping-taxable","27":"purchasable","28":"product-type-simple"},"acf":[],"yoast_head":"<!-- This site is optimized with the Yoast SEO plugin v23.3 - https:\/\/yoast.com\/wordpress\/plugins\/seo\/ -->\n<title>Didel\u0117 veltinio Kal\u0117din\u0117 eglut\u0117 su dekoracijomis - Montessori \u017eaislai<\/title>\n<meta name=\"robots\" content=\"index, follow, max-snippet:-1, max-image-preview:large, max-video-preview:-1\" \/>\n<link rel=\"canonical\" href=\"https:\/\/monti.lt\/en\/product\/didele-veltinio-kaledine-eglute-su-dekoracijomis\/\" \/>\n<meta property=\"og:locale\" content=\"en_US\" \/>\n<meta property=\"og:type\" content=\"article\" \/>\n<meta property=\"og:title\" content=\"Didel\u0117 veltinio Kal\u0117din\u0117 eglut\u0117 su dekoracijomis - Montessori \u017eaislai\" \/>\n<meta property=\"og:description\" content=\"DIY veltinio Kal\u0117d\u0173 eglut\u0117 &#8211; k\u016brybinga kal\u0117din\u0117 dekoracija su ornamentais, auk\u0161tis 90 cm! patvarus ir atsparus &#8211;&nbsp;Kal\u0117d\u0173 eglut\u0117 ir papuo\u0161imai pagaminti i\u0161 kokybi\u0161ko veltinio, kuris yra atsparus rauk\u0161l\u0117ms, ply\u0161imams ir daugkartiniam naudojimui, tod\u0117l&nbsp;galite naudoti daugybe atostog\u0173 sezon\u0173 mink\u0161ta ir saugi med\u017eiaga &#8211;&nbsp;Veltinys yra mink\u0161tas ir saugus, lengvai valomas ir atsparus rauk\u0161l\u0117ms, tod\u0117l gaminys yra mink\u0161tas&nbsp;tarnaus [&hellip;]\" \/>\n<meta property=\"og:url\" content=\"https:\/\/monti.lt\/en\/product\/didele-veltinio-kaledine-eglute-su-dekoracijomis\/\" \/>\n<meta property=\"og:site_name\" content=\"Montessori \u017eaislai\" \/>\n<meta property=\"article:modified_time\" content=\"2026-04-26T13:21:33+00:00\" \/>\n<meta property=\"og:image\" content=\"https:\/\/monti.lt\/wp-content\/uploads\/2025\/10\/lit_pl_Veltinio-eglute-su-dekoracijomis-24856-18013_9.jpg\" \/>\n\t<meta property=\"og:image:width\" content=\"500\" \/>\n\t<meta property=\"og:image:height\" content=\"500\" \/>\n\t<meta property=\"og:image:type\" content=\"image\/jpeg\" \/>\n<meta name=\"twitter:card\" content=\"summary_large_image\" \/>\n<meta name=\"twitter:label1\" content=\"Est. reading time\" \/>\n\t<meta name=\"twitter:data1\" content=\"2 minutes\" \/>\n<script type=\"application\/ld+json\" class=\"yoast-schema-graph\">{\"@context\":\"https:\/\/schema.org\",\"@graph\":[{\"@type\":\"WebPage\",\"@id\":\"https:\/\/monti.lt\/product\/didele-veltinio-kaledine-eglute-su-dekoracijomis\/\",\"url\":\"https:\/\/monti.lt\/product\/didele-veltinio-kaledine-eglute-su-dekoracijomis\/\",\"name\":\"Didel\u0117 veltinio Kal\u0117din\u0117 eglut\u0117 su dekoracijomis - Montessori \u017eaislai\",\"isPartOf\":{\"@id\":\"https:\/\/monti.lt\/#website\"},\"primaryImageOfPage\":{\"@id\":\"https:\/\/monti.lt\/product\/didele-veltinio-kaledine-eglute-su-dekoracijomis\/#primaryimage\"},\"image\":{\"@id\":\"https:\/\/monti.lt\/product\/didele-veltinio-kaledine-eglute-su-dekoracijomis\/#primaryimage\"},\"thumbnailUrl\":\"https:\/\/monti.lt\/wp-content\/uploads\/2025\/10\/lit_pl_Veltinio-eglute-su-dekoracijomis-24856-18013_9.jpg\",\"datePublished\":\"2025-10-09T06:21:47+00:00\",\"dateModified\":\"2026-04-26T13:21:33+00:00\",\"breadcrumb\":{\"@id\":\"https:\/\/monti.lt\/product\/didele-veltinio-kaledine-eglute-su-dekoracijomis\/#breadcrumb\"},\"inLanguage\":\"en-US\",\"potentialAction\":[{\"@type\":\"ReadAction\",\"target\":[\"https:\/\/monti.lt\/product\/didele-veltinio-kaledine-eglute-su-dekoracijomis\/\"]}]},{\"@type\":\"ImageObject\",\"inLanguage\":\"en-US\",\"@id\":\"https:\/\/monti.lt\/product\/didele-veltinio-kaledine-eglute-su-dekoracijomis\/#primaryimage\",\"url\":\"https:\/\/monti.lt\/wp-content\/uploads\/2025\/10\/lit_pl_Veltinio-eglute-su-dekoracijomis-24856-18013_9.jpg\",\"contentUrl\":\"https:\/\/monti.lt\/wp-content\/uploads\/2025\/10\/lit_pl_Veltinio-eglute-su-dekoracijomis-24856-18013_9.jpg\",\"width\":500,\"height\":500,\"caption\":\"kaledine dovana\"},{\"@type\":\"BreadcrumbList\",\"@id\":\"https:\/\/monti.lt\/product\/didele-veltinio-kaledine-eglute-su-dekoracijomis\/#breadcrumb\",\"itemListElement\":[{\"@type\":\"ListItem\",\"position\":1,\"name\":\"Home\",\"item\":\"https:\/\/monti.lt\/\"},{\"@type\":\"ListItem\",\"position\":2,\"name\":\"Parduotuv\u0117\",\"item\":\"https:\/\/monti.lt\/shop\/\"},{\"@type\":\"ListItem\",\"position\":3,\"name\":\"Didel\u0117 veltinio Kal\u0117din\u0117 eglut\u0117 su dekoracijomis\"}]},{\"@type\":\"WebSite\",\"@id\":\"https:\/\/monti.lt\/#website\",\"url\":\"https:\/\/monti.lt\/\",\"name\":\"Montessori \u017eaislai\",\"description\":\"\",\"publisher\":{\"@id\":\"https:\/\/monti.lt\/#organization\"},\"potentialAction\":[{\"@type\":\"SearchAction\",\"target\":{\"@type\":\"EntryPoint\",\"urlTemplate\":\"https:\/\/monti.lt\/?s={search_term_string}\"},\"query-input\":\"required name=search_term_string\"}],\"inLanguage\":\"en-US\"},{\"@type\":\"Organization\",\"@id\":\"https:\/\/monti.lt\/#organization\",\"name\":\"Montessori \u017eaislai\",\"url\":\"https:\/\/monti.lt\/\",\"logo\":{\"@type\":\"ImageObject\",\"inLanguage\":\"en-US\",\"@id\":\"https:\/\/monti.lt\/#\/schema\/logo\/image\/\",\"url\":\"https:\/\/monti.lt\/wp-content\/uploads\/2022\/03\/montilogo-1.png\",\"contentUrl\":\"https:\/\/monti.lt\/wp-content\/uploads\/2022\/03\/montilogo-1.png\",\"width\":512,\"height\":512,\"caption\":\"Montessori \u017eaislai\"},\"image\":{\"@id\":\"https:\/\/monti.lt\/#\/schema\/logo\/image\/\"}}]}<\/script>\n<!-- \/ Yoast SEO plugin. -->","yoast_head_json":{"title":"Didel\u0117 veltinio Kal\u0117din\u0117 eglut\u0117 su dekoracijomis - Montessori \u017eaislai","robots":{"index":"index","follow":"follow","max-snippet":"max-snippet:-1","max-image-preview":"max-image-preview:large","max-video-preview":"max-video-preview:-1"},"canonical":"https:\/\/monti.lt\/en\/product\/didele-veltinio-kaledine-eglute-su-dekoracijomis\/","og_locale":"en_US","og_type":"article","og_title":"Didel\u0117 veltinio Kal\u0117din\u0117 eglut\u0117 su dekoracijomis - Montessori \u017eaislai","og_description":"DIY veltinio Kal\u0117d\u0173 eglut\u0117 &#8211; k\u016brybinga kal\u0117din\u0117 dekoracija su ornamentais, auk\u0161tis 90 cm! patvarus ir atsparus &#8211;&nbsp;Kal\u0117d\u0173 eglut\u0117 ir papuo\u0161imai pagaminti i\u0161 kokybi\u0161ko veltinio, kuris yra atsparus rauk\u0161l\u0117ms, ply\u0161imams ir daugkartiniam naudojimui, tod\u0117l&nbsp;galite naudoti daugybe atostog\u0173 sezon\u0173 mink\u0161ta ir saugi med\u017eiaga &#8211;&nbsp;Veltinys yra mink\u0161tas ir saugus, lengvai valomas ir atsparus rauk\u0161l\u0117ms, tod\u0117l gaminys yra mink\u0161tas&nbsp;tarnaus [&hellip;]","og_url":"https:\/\/monti.lt\/en\/product\/didele-veltinio-kaledine-eglute-su-dekoracijomis\/","og_site_name":"Montessori \u017eaislai","article_modified_time":"2026-04-26T13:21:33+00:00","og_image":[{"width":500,"height":500,"url":"https:\/\/monti.lt\/wp-content\/uploads\/2025\/10\/lit_pl_Veltinio-eglute-su-dekoracijomis-24856-18013_9.jpg","type":"image\/jpeg"}],"twitter_card":"summary_large_image","twitter_misc":{"Est. reading time":"2 minutes"},"schema":{"@context":"https:\/\/schema.org","@graph":[{"@type":"WebPage","@id":"https:\/\/monti.lt\/product\/didele-veltinio-kaledine-eglute-su-dekoracijomis\/","url":"https:\/\/monti.lt\/product\/didele-veltinio-kaledine-eglute-su-dekoracijomis\/","name":"Didel\u0117 veltinio Kal\u0117din\u0117 eglut\u0117 su dekoracijomis - Montessori \u017eaislai","isPartOf":{"@id":"https:\/\/monti.lt\/#website"},"primaryImageOfPage":{"@id":"https:\/\/monti.lt\/product\/didele-veltinio-kaledine-eglute-su-dekoracijomis\/#primaryimage"},"image":{"@id":"https:\/\/monti.lt\/product\/didele-veltinio-kaledine-eglute-su-dekoracijomis\/#primaryimage"},"thumbnailUrl":"https:\/\/monti.lt\/wp-content\/uploads\/2025\/10\/lit_pl_Veltinio-eglute-su-dekoracijomis-24856-18013_9.jpg","datePublished":"2025-10-09T06:21:47+00:00","dateModified":"2026-04-26T13:21:33+00:00","breadcrumb":{"@id":"https:\/\/monti.lt\/product\/didele-veltinio-kaledine-eglute-su-dekoracijomis\/#breadcrumb"},"inLanguage":"en-US","potentialAction":[{"@type":"ReadAction","target":["https:\/\/monti.lt\/product\/didele-veltinio-kaledine-eglute-su-dekoracijomis\/"]}]},{"@type":"ImageObject","inLanguage":"en-US","@id":"https:\/\/monti.lt\/product\/didele-veltinio-kaledine-eglute-su-dekoracijomis\/#primaryimage","url":"https:\/\/monti.lt\/wp-content\/uploads\/2025\/10\/lit_pl_Veltinio-eglute-su-dekoracijomis-24856-18013_9.jpg","contentUrl":"https:\/\/monti.lt\/wp-content\/uploads\/2025\/10\/lit_pl_Veltinio-eglute-su-dekoracijomis-24856-18013_9.jpg","width":500,"height":500,"caption":"kaledine dovana"},{"@type":"BreadcrumbList","@id":"https:\/\/monti.lt\/product\/didele-veltinio-kaledine-eglute-su-dekoracijomis\/#breadcrumb","itemListElement":[{"@type":"ListItem","position":1,"name":"Home","item":"https:\/\/monti.lt\/"},{"@type":"ListItem","position":2,"name":"Parduotuv\u0117","item":"https:\/\/monti.lt\/shop\/"},{"@type":"ListItem","position":3,"name":"Didel\u0117 veltinio Kal\u0117din\u0117 eglut\u0117 su dekoracijomis"}]},{"@type":"WebSite","@id":"https:\/\/monti.lt\/#website","url":"https:\/\/monti.lt\/","name":"Montessori \u017eaislai","description":"","publisher":{"@id":"https:\/\/monti.lt\/#organization"},"potentialAction":[{"@type":"SearchAction","target":{"@type":"EntryPoint","urlTemplate":"https:\/\/monti.lt\/?s={search_term_string}"},"query-input":"required name=search_term_string"}],"inLanguage":"en-US"},{"@type":"Organization","@id":"https:\/\/monti.lt\/#organization","name":"Montessori \u017eaislai","url":"https:\/\/monti.lt\/","logo":{"@type":"ImageObject","inLanguage":"en-US","@id":"https:\/\/monti.lt\/#\/schema\/logo\/image\/","url":"https:\/\/monti.lt\/wp-content\/uploads\/2022\/03\/montilogo-1.png","contentUrl":"https:\/\/monti.lt\/wp-content\/uploads\/2022\/03\/montilogo-1.png","width":512,"height":512,"caption":"Montessori \u017eaislai"},"image":{"@id":"https:\/\/monti.lt\/#\/schema\/logo\/image\/"}}]}},"_links":{"self":[{"href":"https:\/\/monti.lt\/en\/wp-json\/wp\/v2\/product\/33857"}],"collection":[{"href":"https:\/\/monti.lt\/en\/wp-json\/wp\/v2\/product"}],"about":[{"href":"https:\/\/monti.lt\/en\/wp-json\/wp\/v2\/types\/product"}],"version-history":[{"count":1,"href":"https:\/\/monti.lt\/en\/wp-json\/wp\/v2\/product\/33857\/revisions"}],"predecessor-version":[{"id":33866,"href":"https:\/\/monti.lt\/en\/wp-json\/wp\/v2\/product\/33857\/revisions\/33866"}],"wp:featuredmedia":[{"embeddable":true,"href":"https:\/\/monti.lt\/en\/wp-json\/wp\/v2\/media\/33858"}],"wp:attachment":[{"href":"https:\/\/monti.lt\/en\/wp-json\/wp\/v2\/media?parent=33857"}],"wp:term":[{"taxonomy":"product_cat","embeddable":true,"href":"https:\/\/monti.lt\/en\/wp-json\/wp\/v2\/product_cat?post=33857"},{"taxonomy":"product_tag","embeddable":true,"href":"https:\/\/monti.lt\/en\/wp-json\/wp\/v2\/product_tag?post=33857"}],"curies":[{"name":"wp","href":"https:\/\/api.w.org\/{rel}","templated":true}]}}