{"id":33874,"date":"2025-10-09T08:34:26","date_gmt":"2025-10-09T08:34:26","guid":{"rendered":"https:\/\/monti.lt\/?post_type=product&#038;p=33874"},"modified":"2026-03-21T10:16:20","modified_gmt":"2026-03-21T10:16:20","slug":"vaikiskos-kaladeles-160-vnt","status":"publish","type":"product","link":"https:\/\/monti.lt\/en\/product\/vaikiskos-kaladeles-160-vnt\/","title":{"rendered":"Vaiki\u0161kos kalad\u0117l\u0117s, 160 vnt."},"content":{"rendered":"<h1 class=\"wp-block-heading\">KRUZZEL k\u016brybingi 3D statybiniai kalad\u0117l\u0117s 2x2x2x cm vaikams 160 vnt.!<\/h1>\n\n\n\n<p>&#8211;&nbsp;<strong>tvirtos ir patvarios jungtys<\/strong>&nbsp;&nbsp;&nbsp;\u2013 kubiniai blokai buvo suprojektuoti taip, kad b\u016bt\u0173&nbsp;&nbsp;&nbsp;<strong>jungtys buvo stabilios ir patvarios<\/strong>&nbsp;,&nbsp;&nbsp;&nbsp;<strong>Jie leid\u017eia konstrukcij\u0105 daug kart\u0173 surinkti ir i\u0161ardyti be pavojaus j\u0105 pa\u017eeisti<\/strong>&nbsp;, o tai suteikia vaikui laisv\u0119 kiekvien\u0105 dien\u0105 kurti naujas konstrukcijas<\/p>\n\n\n\n<p>&#8211;&nbsp;<strong>didelis element\u0173 skai\u010dius<\/strong>&nbsp;&nbsp;&nbsp;\u2013 rinkinyje yra tiek pat, kiek&nbsp;&nbsp;&nbsp;<strong>160 kubini\u0173 blok\u0173<\/strong>&nbsp;&nbsp;&nbsp;skirting\u0173 spalv\u0173, o tai garantuoja \u0161imtus statybos galimybi\u0173 \u2013 nuo paprast\u0173 bok\u0161t\u0173 iki \u012fmantresni\u0173 3D konstrukcij\u0173,&nbsp;<strong>&nbsp;&nbsp;tai valandos linksmybi\u0173, kurios lavina k\u016brybi\u0161kum\u0105 ir erdvin\u0119 vaizduot\u0119<\/strong><\/p>\n\n\n\n<p>&#8211;&nbsp;<strong>saug\u016bs vaikams<\/strong>&nbsp;\u2013 kalad\u0117l\u0117s pagamintos i\u0161 auk\u0161tos kokyb\u0117s ABS plastiko ir yra sertifikuotos, patvirtinan\u010dios j\u0173 atitikt\u012f Europos saugos standartams,&nbsp;&nbsp;&nbsp;<strong>D\u0117l to galite b\u016bti tikri, kad pramogos yra ne tik k\u016brybingos, bet ir visi\u0161kai saugios<\/strong><\/p>\n\n\n\n<p>&#8211;&nbsp;<strong>mokymasis per k\u016brybinius \u017eaidimus<\/strong>&nbsp;&nbsp;&nbsp;\u2013 vystosi savo konstrukcij\u0173 k\u016brimas&nbsp;&nbsp;&nbsp;<strong>k\u016brybi\u0161kum\u0105, kantryb\u0119 ir susikaupim\u0105<\/strong>&nbsp;, taip pat moko bendradarbiauti su kitais vaikais, tai puikus b\u016bdas mokytis per \u017eaidim\u0105, kuriame smagu derinamas lavinimas.<\/p>\n\n\n\n<p>&#8211;&nbsp;<strong>pramoga visai \u0161eimai<\/strong>&nbsp;&nbsp;&nbsp;\u2013 kubeli\u0173 \u017eaidimas yra puikus b\u016bdas praleisti laik\u0105 kartu,&nbsp;&nbsp;&nbsp;<strong>yra \u017eaislas, kuris jungia kartas ir teikia d\u017eiaugsmo tiek ma\u017eiems, tiek dideliems statybininkams<\/strong><\/p>\n\n\n\n<p>&#8211;&nbsp;<strong>puikiai tinka dovanai<\/strong>&nbsp;&nbsp;&nbsp;\u2013 spalvingi, saug\u016bs ir lavinantys kalad\u0117l\u0117s yra puikus pasirinkimas&nbsp;&nbsp;&nbsp;<strong>gimtadienius, \u0161ventes ar Vaik\u0173 dien\u0105,&nbsp;&nbsp;<\/strong>&nbsp;yra dovana, teikianti ne tik d\u017eiaugsm\u0105, bet ir reali\u0105 edukacin\u0119 vert\u0119.<\/p>\n\n\n\n<h2 class=\"wp-block-heading\">KRUZZEL statybini\u0173 kalad\u0117li\u0173 specifikacijos:<\/h2>\n\n\n\n<ul class=\"wp-block-list\">\n<li>atitinka Europos standartus<\/li>\n\n\n\n<li>k\u016brybinis \u017eaislas<\/li>\n\n\n\n<li>geb\u0117jimas statyti \u012fvairias konstrukcijas<\/li>\n\n\n\n<li>dovanos id\u0117ja<\/li>\n\n\n\n<li>vaizduot\u0117s ir rankini\u0173 \u012fg\u016bd\u017ei\u0173 lavinimas<\/li>\n\n\n\n<li>paprasta prijungimo sistema<\/li>\n\n\n\n<li>mergait\u0117ms ir berniukams<\/li>\n\n\n\n<li>skirting\u0173 spalv\u0173<\/li>\n\n\n\n<li>element\u0173 skai\u010dius: 160<\/li>\n\n\n\n<li>Vieno bloko matmenys: 2 x 2 x 2 cm<\/li>\n\n\n\n<li>spalva: daugiaspalv\u0117<\/li>\n\n\n\n<li>svoris: 0,715 kg<\/li>\n\n\n\n<li>Svoris pakuot\u0117je: 0,777 kg<\/li>\n\n\n\n<li>prek\u0117s \u017eenklas: KRUZZEL<\/li>\n\n\n\n<li>med\u017eiaga: ABS<\/li>\n<\/ul>\n\n\n\n<h2 class=\"wp-block-heading\">\u012e komplekt\u0105 \u012feina:<\/h2>\n\n\n\n<ul class=\"wp-block-list\">\n<li>160 blokeli\u0173<\/li>\n\n\n\n<li>vartotojo vadovas<\/li>\n\n\n\n<li>pakuot\u0117<\/li>\n<\/ul>\n\n\n\n<p><strong>GAMINTOJAS:<\/strong><\/p>\n\n\n\n<p>ISO TRADE Sp\u00f3\u0142ka z o.o.<br>Gniewomierz 173<br>59-241 Legnickie Pole, Polska<br><br>office@iso-trade.biz<\/p>\n\n\n\n<p><strong>ATSAKINGAS ASMUO ES:<\/strong><\/p>\n\n\n\n<p>IsoTrade<\/p>\n\n\n\n<p><strong>\u012eSP\u0116JIMO TURINYS:<\/strong><\/p>\n\n\n\n<p>&#8211; \u012esp\u0117jimas. Netinka vaikams iki 36 m\u0117nesi\u0173. Smulkios dalys. U\u017espringimo pavojus.<br>&#8211; Produktai netinkami vartoti.<br>&#8211; Saugoti nuo at\u0161iauri\u0173 oro s\u0105lyg\u0173 ir ugnies.<br>&#8211; Naudoti pagal paskirt\u012f.<br>&#8211; Neignoruokite rekomendacij\u0173 d\u0117l naudotojo am\u017eiaus.<br>&#8211; Nenaudokite pa\u017eeisto gaminio.<br>&#8211; Surinkimui reikalingas suaug\u0119s asmuo.<br>&#8211; Nelaikykite nesurinkt\u0173 dali\u0173 vaikams prieinamose vietose.<br>&#8211; Pakuot\u0117 n\u0117ra \u017eaislas. \u017daisl\u0105 turi i\u0161pakuoti suaug\u0119s asmuo, o pakuot\u0119 ir jos fragmentus reikia laikyti vaikams nepasiekiamoje vietoje.<\/p>","protected":false},"excerpt":{"rendered":"<p>KRUZZEL k\u016brybingi 3D statybiniai kalad\u0117l\u0117s 2x2x2x cm vaikams 160 vnt.! &#8211;&nbsp;tvirtos ir patvarios jungtys&nbsp;&nbsp;&nbsp;\u2013 kubiniai blokai buvo suprojektuoti taip, kad b\u016bt\u0173&nbsp;&nbsp;&nbsp;jungtys buvo stabilios ir patvarios&nbsp;,&nbsp;&nbsp;&nbsp;Jie leid\u017eia konstrukcij\u0105 daug kart\u0173 surinkti ir i\u0161ardyti be pavojaus j\u0105 pa\u017eeisti&nbsp;, o tai suteikia vaikui laisv\u0119 kiekvien\u0105 dien\u0105 kurti naujas konstrukcijas &#8211;&nbsp;didelis element\u0173 skai\u010dius&nbsp;&nbsp;&nbsp;\u2013 rinkinyje yra tiek pat, kiek&nbsp;&nbsp;&nbsp;160 kubini\u0173 [&hellip;]<\/p>","protected":false},"featured_media":33875,"template":"","meta":{"_acf_changed":false,"iawp_total_views":136},"product_cat":[87,84,86,202,49,39],"product_tag":[97,98,99],"class_list":{"0":"post-33874","1":"product","2":"type-product","3":"status-publish","4":"has-post-thumbnail","6":"product_cat-kurybiniai-rinkiniai","7":"product_cat-lavinamieji-zaislai","8":"product_cat-smulkioji-motorika","9":"product_cat-vaaikiski-konstruktoriai","10":"product_cat-visi-zaislai","11":"product_cat-zaislai","12":"product_tag-3-m-4-m","13":"product_tag-5-m-7-m","14":"product_tag-8-m-11-m","16":"first","17":"instock","18":"taxable","19":"shipping-taxable","20":"purchasable","21":"product-type-simple"},"acf":[],"yoast_head":"<!-- This site is optimized with the Yoast SEO plugin v23.3 - https:\/\/yoast.com\/wordpress\/plugins\/seo\/ -->\n<title>Vaiki\u0161kos kalad\u0117l\u0117s, 160 vnt. - Montessori \u017eaislai<\/title>\n<meta name=\"robots\" content=\"index, follow, max-snippet:-1, max-image-preview:large, max-video-preview:-1\" \/>\n<link rel=\"canonical\" href=\"https:\/\/monti.lt\/en\/product\/vaikiskos-kaladeles-160-vnt\/\" \/>\n<meta property=\"og:locale\" content=\"en_US\" \/>\n<meta property=\"og:type\" content=\"article\" \/>\n<meta property=\"og:title\" content=\"Vaiki\u0161kos kalad\u0117l\u0117s, 160 vnt. - Montessori \u017eaislai\" \/>\n<meta property=\"og:description\" content=\"KRUZZEL k\u016brybingi 3D statybiniai kalad\u0117l\u0117s 2x2x2x cm vaikams 160 vnt.! &#8211;&nbsp;tvirtos ir patvarios jungtys&nbsp;&nbsp;&nbsp;\u2013 kubiniai blokai buvo suprojektuoti taip, kad b\u016bt\u0173&nbsp;&nbsp;&nbsp;jungtys buvo stabilios ir patvarios&nbsp;,&nbsp;&nbsp;&nbsp;Jie leid\u017eia konstrukcij\u0105 daug kart\u0173 surinkti ir i\u0161ardyti be pavojaus j\u0105 pa\u017eeisti&nbsp;, o tai suteikia vaikui laisv\u0119 kiekvien\u0105 dien\u0105 kurti naujas konstrukcijas &#8211;&nbsp;didelis element\u0173 skai\u010dius&nbsp;&nbsp;&nbsp;\u2013 rinkinyje yra tiek pat, kiek&nbsp;&nbsp;&nbsp;160 kubini\u0173 [&hellip;]\" \/>\n<meta property=\"og:url\" content=\"https:\/\/monti.lt\/en\/product\/vaikiskos-kaladeles-160-vnt\/\" \/>\n<meta property=\"og:site_name\" content=\"Montessori \u017eaislai\" \/>\n<meta property=\"article:modified_time\" content=\"2026-03-21T10:16:20+00:00\" \/>\n<meta property=\"og:image\" content=\"https:\/\/monti.lt\/wp-content\/uploads\/2025\/10\/lit_pl_Kurybiniai-kaladeles-160-vnt-Kruzzel-26377-18499_7.jpg\" \/>\n\t<meta property=\"og:image:width\" content=\"500\" \/>\n\t<meta property=\"og:image:height\" content=\"500\" \/>\n\t<meta property=\"og:image:type\" content=\"image\/jpeg\" \/>\n<meta name=\"twitter:card\" content=\"summary_large_image\" \/>\n<meta name=\"twitter:label1\" content=\"Est. reading time\" \/>\n\t<meta name=\"twitter:data1\" content=\"3 minutes\" \/>\n<script type=\"application\/ld+json\" class=\"yoast-schema-graph\">{\"@context\":\"https:\/\/schema.org\",\"@graph\":[{\"@type\":\"WebPage\",\"@id\":\"https:\/\/monti.lt\/product\/vaikiskos-kaladeles-160-vnt\/\",\"url\":\"https:\/\/monti.lt\/product\/vaikiskos-kaladeles-160-vnt\/\",\"name\":\"Vaiki\u0161kos kalad\u0117l\u0117s, 160 vnt. - Montessori \u017eaislai\",\"isPartOf\":{\"@id\":\"https:\/\/monti.lt\/#website\"},\"primaryImageOfPage\":{\"@id\":\"https:\/\/monti.lt\/product\/vaikiskos-kaladeles-160-vnt\/#primaryimage\"},\"image\":{\"@id\":\"https:\/\/monti.lt\/product\/vaikiskos-kaladeles-160-vnt\/#primaryimage\"},\"thumbnailUrl\":\"https:\/\/monti.lt\/wp-content\/uploads\/2025\/10\/lit_pl_Kurybiniai-kaladeles-160-vnt-Kruzzel-26377-18499_7.jpg\",\"datePublished\":\"2025-10-09T08:34:26+00:00\",\"dateModified\":\"2026-03-21T10:16:20+00:00\",\"breadcrumb\":{\"@id\":\"https:\/\/monti.lt\/product\/vaikiskos-kaladeles-160-vnt\/#breadcrumb\"},\"inLanguage\":\"en-US\",\"potentialAction\":[{\"@type\":\"ReadAction\",\"target\":[\"https:\/\/monti.lt\/product\/vaikiskos-kaladeles-160-vnt\/\"]}]},{\"@type\":\"ImageObject\",\"inLanguage\":\"en-US\",\"@id\":\"https:\/\/monti.lt\/product\/vaikiskos-kaladeles-160-vnt\/#primaryimage\",\"url\":\"https:\/\/monti.lt\/wp-content\/uploads\/2025\/10\/lit_pl_Kurybiniai-kaladeles-160-vnt-Kruzzel-26377-18499_7.jpg\",\"contentUrl\":\"https:\/\/monti.lt\/wp-content\/uploads\/2025\/10\/lit_pl_Kurybiniai-kaladeles-160-vnt-Kruzzel-26377-18499_7.jpg\",\"width\":500,\"height\":500,\"caption\":\"vaikiskos kaladeles\"},{\"@type\":\"BreadcrumbList\",\"@id\":\"https:\/\/monti.lt\/product\/vaikiskos-kaladeles-160-vnt\/#breadcrumb\",\"itemListElement\":[{\"@type\":\"ListItem\",\"position\":1,\"name\":\"Home\",\"item\":\"https:\/\/monti.lt\/\"},{\"@type\":\"ListItem\",\"position\":2,\"name\":\"Parduotuv\u0117\",\"item\":\"https:\/\/monti.lt\/shop\/\"},{\"@type\":\"ListItem\",\"position\":3,\"name\":\"Vaiki\u0161kos kalad\u0117l\u0117s, 160 vnt.\"}]},{\"@type\":\"WebSite\",\"@id\":\"https:\/\/monti.lt\/#website\",\"url\":\"https:\/\/monti.lt\/\",\"name\":\"Montessori \u017eaislai\",\"description\":\"\",\"publisher\":{\"@id\":\"https:\/\/monti.lt\/#organization\"},\"potentialAction\":[{\"@type\":\"SearchAction\",\"target\":{\"@type\":\"EntryPoint\",\"urlTemplate\":\"https:\/\/monti.lt\/?s={search_term_string}\"},\"query-input\":\"required name=search_term_string\"}],\"inLanguage\":\"en-US\"},{\"@type\":\"Organization\",\"@id\":\"https:\/\/monti.lt\/#organization\",\"name\":\"Montessori \u017eaislai\",\"url\":\"https:\/\/monti.lt\/\",\"logo\":{\"@type\":\"ImageObject\",\"inLanguage\":\"en-US\",\"@id\":\"https:\/\/monti.lt\/#\/schema\/logo\/image\/\",\"url\":\"https:\/\/monti.lt\/wp-content\/uploads\/2022\/03\/montilogo-1.png\",\"contentUrl\":\"https:\/\/monti.lt\/wp-content\/uploads\/2022\/03\/montilogo-1.png\",\"width\":512,\"height\":512,\"caption\":\"Montessori \u017eaislai\"},\"image\":{\"@id\":\"https:\/\/monti.lt\/#\/schema\/logo\/image\/\"}}]}<\/script>\n<!-- \/ Yoast SEO plugin. -->","yoast_head_json":{"title":"Vaiki\u0161kos kalad\u0117l\u0117s, 160 vnt. - Montessori \u017eaislai","robots":{"index":"index","follow":"follow","max-snippet":"max-snippet:-1","max-image-preview":"max-image-preview:large","max-video-preview":"max-video-preview:-1"},"canonical":"https:\/\/monti.lt\/en\/product\/vaikiskos-kaladeles-160-vnt\/","og_locale":"en_US","og_type":"article","og_title":"Vaiki\u0161kos kalad\u0117l\u0117s, 160 vnt. - Montessori \u017eaislai","og_description":"KRUZZEL k\u016brybingi 3D statybiniai kalad\u0117l\u0117s 2x2x2x cm vaikams 160 vnt.! &#8211;&nbsp;tvirtos ir patvarios jungtys&nbsp;&nbsp;&nbsp;\u2013 kubiniai blokai buvo suprojektuoti taip, kad b\u016bt\u0173&nbsp;&nbsp;&nbsp;jungtys buvo stabilios ir patvarios&nbsp;,&nbsp;&nbsp;&nbsp;Jie leid\u017eia konstrukcij\u0105 daug kart\u0173 surinkti ir i\u0161ardyti be pavojaus j\u0105 pa\u017eeisti&nbsp;, o tai suteikia vaikui laisv\u0119 kiekvien\u0105 dien\u0105 kurti naujas konstrukcijas &#8211;&nbsp;didelis element\u0173 skai\u010dius&nbsp;&nbsp;&nbsp;\u2013 rinkinyje yra tiek pat, kiek&nbsp;&nbsp;&nbsp;160 kubini\u0173 [&hellip;]","og_url":"https:\/\/monti.lt\/en\/product\/vaikiskos-kaladeles-160-vnt\/","og_site_name":"Montessori \u017eaislai","article_modified_time":"2026-03-21T10:16:20+00:00","og_image":[{"width":500,"height":500,"url":"https:\/\/monti.lt\/wp-content\/uploads\/2025\/10\/lit_pl_Kurybiniai-kaladeles-160-vnt-Kruzzel-26377-18499_7.jpg","type":"image\/jpeg"}],"twitter_card":"summary_large_image","twitter_misc":{"Est. reading time":"3 minutes"},"schema":{"@context":"https:\/\/schema.org","@graph":[{"@type":"WebPage","@id":"https:\/\/monti.lt\/product\/vaikiskos-kaladeles-160-vnt\/","url":"https:\/\/monti.lt\/product\/vaikiskos-kaladeles-160-vnt\/","name":"Vaiki\u0161kos kalad\u0117l\u0117s, 160 vnt. - Montessori \u017eaislai","isPartOf":{"@id":"https:\/\/monti.lt\/#website"},"primaryImageOfPage":{"@id":"https:\/\/monti.lt\/product\/vaikiskos-kaladeles-160-vnt\/#primaryimage"},"image":{"@id":"https:\/\/monti.lt\/product\/vaikiskos-kaladeles-160-vnt\/#primaryimage"},"thumbnailUrl":"https:\/\/monti.lt\/wp-content\/uploads\/2025\/10\/lit_pl_Kurybiniai-kaladeles-160-vnt-Kruzzel-26377-18499_7.jpg","datePublished":"2025-10-09T08:34:26+00:00","dateModified":"2026-03-21T10:16:20+00:00","breadcrumb":{"@id":"https:\/\/monti.lt\/product\/vaikiskos-kaladeles-160-vnt\/#breadcrumb"},"inLanguage":"en-US","potentialAction":[{"@type":"ReadAction","target":["https:\/\/monti.lt\/product\/vaikiskos-kaladeles-160-vnt\/"]}]},{"@type":"ImageObject","inLanguage":"en-US","@id":"https:\/\/monti.lt\/product\/vaikiskos-kaladeles-160-vnt\/#primaryimage","url":"https:\/\/monti.lt\/wp-content\/uploads\/2025\/10\/lit_pl_Kurybiniai-kaladeles-160-vnt-Kruzzel-26377-18499_7.jpg","contentUrl":"https:\/\/monti.lt\/wp-content\/uploads\/2025\/10\/lit_pl_Kurybiniai-kaladeles-160-vnt-Kruzzel-26377-18499_7.jpg","width":500,"height":500,"caption":"vaikiskos kaladeles"},{"@type":"BreadcrumbList","@id":"https:\/\/monti.lt\/product\/vaikiskos-kaladeles-160-vnt\/#breadcrumb","itemListElement":[{"@type":"ListItem","position":1,"name":"Home","item":"https:\/\/monti.lt\/"},{"@type":"ListItem","position":2,"name":"Parduotuv\u0117","item":"https:\/\/monti.lt\/shop\/"},{"@type":"ListItem","position":3,"name":"Vaiki\u0161kos kalad\u0117l\u0117s, 160 vnt."}]},{"@type":"WebSite","@id":"https:\/\/monti.lt\/#website","url":"https:\/\/monti.lt\/","name":"Montessori \u017eaislai","description":"","publisher":{"@id":"https:\/\/monti.lt\/#organization"},"potentialAction":[{"@type":"SearchAction","target":{"@type":"EntryPoint","urlTemplate":"https:\/\/monti.lt\/?s={search_term_string}"},"query-input":"required name=search_term_string"}],"inLanguage":"en-US"},{"@type":"Organization","@id":"https:\/\/monti.lt\/#organization","name":"Montessori \u017eaislai","url":"https:\/\/monti.lt\/","logo":{"@type":"ImageObject","inLanguage":"en-US","@id":"https:\/\/monti.lt\/#\/schema\/logo\/image\/","url":"https:\/\/monti.lt\/wp-content\/uploads\/2022\/03\/montilogo-1.png","contentUrl":"https:\/\/monti.lt\/wp-content\/uploads\/2022\/03\/montilogo-1.png","width":512,"height":512,"caption":"Montessori \u017eaislai"},"image":{"@id":"https:\/\/monti.lt\/#\/schema\/logo\/image\/"}}]}},"_links":{"self":[{"href":"https:\/\/monti.lt\/en\/wp-json\/wp\/v2\/product\/33874"}],"collection":[{"href":"https:\/\/monti.lt\/en\/wp-json\/wp\/v2\/product"}],"about":[{"href":"https:\/\/monti.lt\/en\/wp-json\/wp\/v2\/types\/product"}],"version-history":[{"count":1,"href":"https:\/\/monti.lt\/en\/wp-json\/wp\/v2\/product\/33874\/revisions"}],"predecessor-version":[{"id":33882,"href":"https:\/\/monti.lt\/en\/wp-json\/wp\/v2\/product\/33874\/revisions\/33882"}],"wp:featuredmedia":[{"embeddable":true,"href":"https:\/\/monti.lt\/en\/wp-json\/wp\/v2\/media\/33875"}],"wp:attachment":[{"href":"https:\/\/monti.lt\/en\/wp-json\/wp\/v2\/media?parent=33874"}],"wp:term":[{"taxonomy":"product_cat","embeddable":true,"href":"https:\/\/monti.lt\/en\/wp-json\/wp\/v2\/product_cat?post=33874"},{"taxonomy":"product_tag","embeddable":true,"href":"https:\/\/monti.lt\/en\/wp-json\/wp\/v2\/product_tag?post=33874"}],"curies":[{"name":"wp","href":"https:\/\/api.w.org\/{rel}","templated":true}]}}