{"id":33883,"date":"2025-10-09T08:38:35","date_gmt":"2025-10-09T08:38:35","guid":{"rendered":"https:\/\/monti.lt\/?post_type=product&#038;p=33883"},"modified":"2026-03-24T18:32:37","modified_gmt":"2026-03-24T18:32:37","slug":"lauko-zaidimu-rinkinys","status":"publish","type":"product","link":"https:\/\/monti.lt\/en\/product\/lauko-zaidimu-rinkinys\/","title":{"rendered":"Lauko \u017eaidim\u0173 rinkinys"},"content":{"rendered":"<h1 class=\"wp-block-heading\">KRUZZEL 3 viename \u012f taikini\u0173 m\u0117tymo \u012fg\u016bd\u017ei\u0173 lavinimo \u017eaidimas vaikams su krep\u0161iais, k\u016bgiais, kamuoliukais ir lankais!<\/h1>\n\n\n\n<p><strong>&#8211; pridedama daug pried\u0173<\/strong>&nbsp;&#8211;&nbsp;&nbsp;&nbsp;<strong>6 k\u016bgiai, lankai, kamuoliai ir sportiniai krep\u0161iai<\/strong>&nbsp;&nbsp;&nbsp;ry\u0161kiomis spalvomis jie pritraukia vaik\u0173 d\u0117mes\u012f<\/p>\n\n\n\n<p><strong>&#8211; universalus naudojimas<\/strong>&nbsp;&nbsp;&nbsp;&#8211; idealus&nbsp;&nbsp;&nbsp;<strong>\u017eaidimui namuose, sporto sal\u0117je ir lauke<\/strong><\/p>\n\n\n\n<p><strong>&#8211; mokymuisi ir pramogai &#8211; tobul\u0117jimui per jud\u0117jim\u0105&nbsp;&nbsp;<\/strong>&nbsp;&#8211; \u017eaisti pataikant \u012f taikin\u012f arba m\u0117tant \u017eiedus&nbsp;&nbsp;&nbsp;<strong>tai ne tik pramoga, bet ir pratimai, lavinantys vaiko susikaupim\u0105, koordinacij\u0105 ir motorinius \u012fg\u016bd\u017eius<\/strong><\/p>\n\n\n\n<p><strong>&#8211; ry\u0161kios spalvos skatina \u017eaisti&nbsp;&nbsp;<\/strong>&nbsp;&#8211; intensyvios, linksmos spalvos pritraukia d\u0117mes\u012f ir ver\u010dia jaustis gerai&nbsp;&nbsp;&nbsp;<strong>vaikai mielai gr\u012f\u017eta \u017eaisti v\u0117l ir v\u0117l<\/strong><\/p>\n\n\n\n<p><strong>&#8211; puiki dovanos id\u0117ja&nbsp;&nbsp;<\/strong>&nbsp;&#8211; spalvingas sporto ir \u017eaidim\u0173 rinkinys yra puiki dovana kiekvienam ma\u017eyliui &#8211;&nbsp;&nbsp;&nbsp;<strong>puikiai tinka gimtadieniams, \u0161vent\u0117ms arba kaip atlygis u\u017e gerus rezultatus<\/strong><\/p>\n\n\n\n<p><strong>&#8211; atitinka Europos standartus &#8211; patvirtintas saugumas&nbsp;&nbsp;<\/strong>&nbsp;&#8211; rinkinys atitinka Europos kokyb\u0117s ir saugos standartus, tod\u0117l galite b\u016bti tikri, kad&nbsp;<strong>j\u016bs\u0173 vaikas \u017eaid\u017eia su patikrintais ir visi\u0161kai saugiais produktais<\/strong><\/p>\n\n\n\n<h2 class=\"wp-block-heading\">KRUZZEL arkadinio \u017eaidimo specifikacijos:<\/h2>\n\n\n\n<ul class=\"wp-block-list\">\n<li>atitinka Europos standartus<\/li>\n\n\n\n<li>mokymuisi ir pramogoms<\/li>\n\n\n\n<li>dovanos id\u0117ja<\/li>\n\n\n\n<li>ry\u0161kios spalvos skatina pakartotin\u012f \u017eaidim\u0105<\/li>\n\n\n\n<li>Mai\u0161elio matmenys: 7 x 5,5 cm<\/li>\n\n\n\n<li>ma\u017eo kra\u0161to skersmuo: 14 cm<\/li>\n\n\n\n<li>didelio kra\u0161to skersmuo: 16 cm<\/li>\n\n\n\n<li>kamuoliuko skersmuo: 4 cm<\/li>\n\n\n\n<li>k\u016bgio matmenys: 18 x 14 cm<\/li>\n\n\n\n<li>svoris: 0,657 kg<\/li>\n\n\n\n<li>Svoris pakuot\u0117je: 0,920 kg<\/li>\n\n\n\n<li>KRUZZEL prek\u0117s \u017eenklas<\/li>\n\n\n\n<li>spalva: daugiaspalv\u0117<\/li>\n\n\n\n<li>med\u017eiaga: PP, poliesteris<\/li>\n<\/ul>\n\n\n\n<h2 class=\"wp-block-heading\">\u012e komplekt\u0105 \u012feina:<\/h2>\n\n\n\n<ul class=\"wp-block-list\">\n<li>6 k\u016bgiai<\/li>\n\n\n\n<li>6 ma\u017ei lankeliai<\/li>\n\n\n\n<li>6 dideli lankai<\/li>\n\n\n\n<li>6 kamuoliukai<\/li>\n\n\n\n<li>6 mai\u0161eliai<\/li>\n\n\n\n<li>krep\u0161ys visiems priedams<\/li>\n\n\n\n<li>vartotojo vadovas<\/li>\n\n\n\n<li>spalvinga pakuot\u0117<\/li>\n\n\n\n<li>ruda siuntimo d\u0117\u017eut\u0117<\/li>\n<\/ul>\n\n\n\n<p><strong>GAMINTOJAS:<\/strong><\/p>\n\n\n\n<p>ISO TRADE Sp\u00f3\u0142ka z o.o.<br>Gniewomierz 173<br>59-241 Legnickie Pole, Polska<br><br>office@iso-trade.biz<\/p>\n\n\n\n<p><strong>ATSAKINGAS ASMUO ES:<\/strong><\/p>\n\n\n\n<p>IsoTrade<\/p>\n\n\n\n<p><strong>\u012eSP\u0116JIMO TURINYS:<\/strong><\/p>\n\n\n\n<p>\u2013 \u012esp\u0117jimas. Netinka vaikams iki 36 m\u0117nesi\u0173. Smulkios dalys. U\u017espringimo pavojus. \u2013 Gaminiai netinkami vartoti. \u2013 Nelaikyti at\u0161iauriose oro s\u0105lygose ar ugniai. \u2013 Naudoti pagal paskirt\u012f. \u2013 Nepaisyti am\u017eiaus rekomendacij\u0173. \u2013 Nenaudoti pa\u017eeisto gaminio. \u2013 Surinkimui reikalingas suaug\u0119s asmuo. \u2013 Nelaikyti nesurinkt\u0173 dali\u0173 vaikams pasiekiamoje vietoje. \u2013 Pakuot\u0117 n\u0117ra \u017eaislas. \u017daisl\u0105 turi i\u0161pakuoti suaug\u0119s asmuo, o pakuot\u0119 ir jos dalis i\u0161imti i\u0161<br>vaikui pasiekiamoje vietoje.<\/p>","protected":false},"excerpt":{"rendered":"<p>KRUZZEL 3 viename \u012f taikini\u0173 m\u0117tymo \u012fg\u016bd\u017ei\u0173 lavinimo \u017eaidimas vaikams su krep\u0161iais, k\u016bgiais, kamuoliukais ir lankais! &#8211; pridedama daug pried\u0173&nbsp;&#8211;&nbsp;&nbsp;&nbsp;6 k\u016bgiai, lankai, kamuoliai ir sportiniai krep\u0161iai&nbsp;&nbsp;&nbsp;ry\u0161kiomis spalvomis jie pritraukia vaik\u0173 d\u0117mes\u012f &#8211; universalus naudojimas&nbsp;&nbsp;&nbsp;&#8211; idealus&nbsp;&nbsp;&nbsp;\u017eaidimui namuose, sporto sal\u0117je ir lauke &#8211; mokymuisi ir pramogai &#8211; tobul\u0117jimui per jud\u0117jim\u0105&nbsp;&nbsp;&nbsp;&#8211; \u017eaisti pataikant \u012f taikin\u012f arba m\u0117tant \u017eiedus&nbsp;&nbsp;&nbsp;tai [&hellip;]<\/p>","protected":false},"featured_media":33884,"template":"","meta":{"_acf_changed":false,"iawp_total_views":137},"product_cat":[238,84,199,49,39],"product_tag":[97,98,99],"class_list":{"0":"post-33883","1":"product","2":"type-product","3":"status-publish","4":"has-post-thumbnail","6":"product_cat-lauko-zaidimai","7":"product_cat-lavinamieji-zaislai","8":"product_cat-ugdymo-istaigoms","9":"product_cat-visi-zaislai","10":"product_cat-zaislai","11":"product_tag-3-m-4-m","12":"product_tag-5-m-7-m","13":"product_tag-8-m-11-m","15":"first","16":"outofstock","17":"taxable","18":"shipping-taxable","19":"purchasable","20":"product-type-simple"},"acf":[],"yoast_head":"<!-- This site is optimized with the Yoast SEO plugin v23.3 - https:\/\/yoast.com\/wordpress\/plugins\/seo\/ -->\n<title>Lauko \u017eaidim\u0173 rinkinys - Montessori \u017eaislai<\/title>\n<meta name=\"robots\" content=\"index, follow, max-snippet:-1, max-image-preview:large, max-video-preview:-1\" \/>\n<link rel=\"canonical\" href=\"https:\/\/monti.lt\/en\/product\/lauko-zaidimu-rinkinys\/\" \/>\n<meta property=\"og:locale\" content=\"en_US\" \/>\n<meta property=\"og:type\" content=\"article\" \/>\n<meta property=\"og:title\" content=\"Lauko \u017eaidim\u0173 rinkinys - Montessori \u017eaislai\" \/>\n<meta property=\"og:description\" content=\"KRUZZEL 3 viename \u012f taikini\u0173 m\u0117tymo \u012fg\u016bd\u017ei\u0173 lavinimo \u017eaidimas vaikams su krep\u0161iais, k\u016bgiais, kamuoliukais ir lankais! &#8211; pridedama daug pried\u0173&nbsp;&#8211;&nbsp;&nbsp;&nbsp;6 k\u016bgiai, lankai, kamuoliai ir sportiniai krep\u0161iai&nbsp;&nbsp;&nbsp;ry\u0161kiomis spalvomis jie pritraukia vaik\u0173 d\u0117mes\u012f &#8211; universalus naudojimas&nbsp;&nbsp;&nbsp;&#8211; idealus&nbsp;&nbsp;&nbsp;\u017eaidimui namuose, sporto sal\u0117je ir lauke &#8211; mokymuisi ir pramogai &#8211; tobul\u0117jimui per jud\u0117jim\u0105&nbsp;&nbsp;&nbsp;&#8211; \u017eaisti pataikant \u012f taikin\u012f arba m\u0117tant \u017eiedus&nbsp;&nbsp;&nbsp;tai [&hellip;]\" \/>\n<meta property=\"og:url\" content=\"https:\/\/monti.lt\/en\/product\/lauko-zaidimu-rinkinys\/\" \/>\n<meta property=\"og:site_name\" content=\"Montessori \u017eaislai\" \/>\n<meta property=\"article:modified_time\" content=\"2026-03-24T18:32:37+00:00\" \/>\n<meta property=\"og:image\" content=\"https:\/\/monti.lt\/wp-content\/uploads\/2025\/10\/lit_pl_Mesk-i-taikini-arkadinis-zaidimas-Kruzzel-26514-18506_6.jpg\" \/>\n\t<meta property=\"og:image:width\" content=\"500\" \/>\n\t<meta property=\"og:image:height\" content=\"500\" \/>\n\t<meta property=\"og:image:type\" content=\"image\/jpeg\" \/>\n<meta name=\"twitter:card\" content=\"summary_large_image\" \/>\n<meta name=\"twitter:label1\" content=\"Est. reading time\" \/>\n\t<meta name=\"twitter:data1\" content=\"2 minutes\" \/>\n<script type=\"application\/ld+json\" class=\"yoast-schema-graph\">{\"@context\":\"https:\/\/schema.org\",\"@graph\":[{\"@type\":\"WebPage\",\"@id\":\"https:\/\/monti.lt\/product\/lauko-zaidimu-rinkinys\/\",\"url\":\"https:\/\/monti.lt\/product\/lauko-zaidimu-rinkinys\/\",\"name\":\"Lauko \u017eaidim\u0173 rinkinys - Montessori \u017eaislai\",\"isPartOf\":{\"@id\":\"https:\/\/monti.lt\/#website\"},\"primaryImageOfPage\":{\"@id\":\"https:\/\/monti.lt\/product\/lauko-zaidimu-rinkinys\/#primaryimage\"},\"image\":{\"@id\":\"https:\/\/monti.lt\/product\/lauko-zaidimu-rinkinys\/#primaryimage\"},\"thumbnailUrl\":\"https:\/\/monti.lt\/wp-content\/uploads\/2025\/10\/lit_pl_Mesk-i-taikini-arkadinis-zaidimas-Kruzzel-26514-18506_6.jpg\",\"datePublished\":\"2025-10-09T08:38:35+00:00\",\"dateModified\":\"2026-03-24T18:32:37+00:00\",\"breadcrumb\":{\"@id\":\"https:\/\/monti.lt\/product\/lauko-zaidimu-rinkinys\/#breadcrumb\"},\"inLanguage\":\"en-US\",\"potentialAction\":[{\"@type\":\"ReadAction\",\"target\":[\"https:\/\/monti.lt\/product\/lauko-zaidimu-rinkinys\/\"]}]},{\"@type\":\"ImageObject\",\"inLanguage\":\"en-US\",\"@id\":\"https:\/\/monti.lt\/product\/lauko-zaidimu-rinkinys\/#primaryimage\",\"url\":\"https:\/\/monti.lt\/wp-content\/uploads\/2025\/10\/lit_pl_Mesk-i-taikini-arkadinis-zaidimas-Kruzzel-26514-18506_6.jpg\",\"contentUrl\":\"https:\/\/monti.lt\/wp-content\/uploads\/2025\/10\/lit_pl_Mesk-i-taikini-arkadinis-zaidimas-Kruzzel-26514-18506_6.jpg\",\"width\":500,\"height\":500,\"caption\":\"lauko zaidimai\"},{\"@type\":\"BreadcrumbList\",\"@id\":\"https:\/\/monti.lt\/product\/lauko-zaidimu-rinkinys\/#breadcrumb\",\"itemListElement\":[{\"@type\":\"ListItem\",\"position\":1,\"name\":\"Home\",\"item\":\"https:\/\/monti.lt\/\"},{\"@type\":\"ListItem\",\"position\":2,\"name\":\"Parduotuv\u0117\",\"item\":\"https:\/\/monti.lt\/shop\/\"},{\"@type\":\"ListItem\",\"position\":3,\"name\":\"Lauko \u017eaidim\u0173 rinkinys\"}]},{\"@type\":\"WebSite\",\"@id\":\"https:\/\/monti.lt\/#website\",\"url\":\"https:\/\/monti.lt\/\",\"name\":\"Montessori \u017eaislai\",\"description\":\"\",\"publisher\":{\"@id\":\"https:\/\/monti.lt\/#organization\"},\"potentialAction\":[{\"@type\":\"SearchAction\",\"target\":{\"@type\":\"EntryPoint\",\"urlTemplate\":\"https:\/\/monti.lt\/?s={search_term_string}\"},\"query-input\":\"required name=search_term_string\"}],\"inLanguage\":\"en-US\"},{\"@type\":\"Organization\",\"@id\":\"https:\/\/monti.lt\/#organization\",\"name\":\"Montessori \u017eaislai\",\"url\":\"https:\/\/monti.lt\/\",\"logo\":{\"@type\":\"ImageObject\",\"inLanguage\":\"en-US\",\"@id\":\"https:\/\/monti.lt\/#\/schema\/logo\/image\/\",\"url\":\"https:\/\/monti.lt\/wp-content\/uploads\/2022\/03\/montilogo-1.png\",\"contentUrl\":\"https:\/\/monti.lt\/wp-content\/uploads\/2022\/03\/montilogo-1.png\",\"width\":512,\"height\":512,\"caption\":\"Montessori \u017eaislai\"},\"image\":{\"@id\":\"https:\/\/monti.lt\/#\/schema\/logo\/image\/\"}}]}<\/script>\n<!-- \/ Yoast SEO plugin. -->","yoast_head_json":{"title":"Lauko \u017eaidim\u0173 rinkinys - Montessori \u017eaislai","robots":{"index":"index","follow":"follow","max-snippet":"max-snippet:-1","max-image-preview":"max-image-preview:large","max-video-preview":"max-video-preview:-1"},"canonical":"https:\/\/monti.lt\/en\/product\/lauko-zaidimu-rinkinys\/","og_locale":"en_US","og_type":"article","og_title":"Lauko \u017eaidim\u0173 rinkinys - Montessori \u017eaislai","og_description":"KRUZZEL 3 viename \u012f taikini\u0173 m\u0117tymo \u012fg\u016bd\u017ei\u0173 lavinimo \u017eaidimas vaikams su krep\u0161iais, k\u016bgiais, kamuoliukais ir lankais! &#8211; pridedama daug pried\u0173&nbsp;&#8211;&nbsp;&nbsp;&nbsp;6 k\u016bgiai, lankai, kamuoliai ir sportiniai krep\u0161iai&nbsp;&nbsp;&nbsp;ry\u0161kiomis spalvomis jie pritraukia vaik\u0173 d\u0117mes\u012f &#8211; universalus naudojimas&nbsp;&nbsp;&nbsp;&#8211; idealus&nbsp;&nbsp;&nbsp;\u017eaidimui namuose, sporto sal\u0117je ir lauke &#8211; mokymuisi ir pramogai &#8211; tobul\u0117jimui per jud\u0117jim\u0105&nbsp;&nbsp;&nbsp;&#8211; \u017eaisti pataikant \u012f taikin\u012f arba m\u0117tant \u017eiedus&nbsp;&nbsp;&nbsp;tai [&hellip;]","og_url":"https:\/\/monti.lt\/en\/product\/lauko-zaidimu-rinkinys\/","og_site_name":"Montessori \u017eaislai","article_modified_time":"2026-03-24T18:32:37+00:00","og_image":[{"width":500,"height":500,"url":"https:\/\/monti.lt\/wp-content\/uploads\/2025\/10\/lit_pl_Mesk-i-taikini-arkadinis-zaidimas-Kruzzel-26514-18506_6.jpg","type":"image\/jpeg"}],"twitter_card":"summary_large_image","twitter_misc":{"Est. reading time":"2 minutes"},"schema":{"@context":"https:\/\/schema.org","@graph":[{"@type":"WebPage","@id":"https:\/\/monti.lt\/product\/lauko-zaidimu-rinkinys\/","url":"https:\/\/monti.lt\/product\/lauko-zaidimu-rinkinys\/","name":"Lauko \u017eaidim\u0173 rinkinys - Montessori \u017eaislai","isPartOf":{"@id":"https:\/\/monti.lt\/#website"},"primaryImageOfPage":{"@id":"https:\/\/monti.lt\/product\/lauko-zaidimu-rinkinys\/#primaryimage"},"image":{"@id":"https:\/\/monti.lt\/product\/lauko-zaidimu-rinkinys\/#primaryimage"},"thumbnailUrl":"https:\/\/monti.lt\/wp-content\/uploads\/2025\/10\/lit_pl_Mesk-i-taikini-arkadinis-zaidimas-Kruzzel-26514-18506_6.jpg","datePublished":"2025-10-09T08:38:35+00:00","dateModified":"2026-03-24T18:32:37+00:00","breadcrumb":{"@id":"https:\/\/monti.lt\/product\/lauko-zaidimu-rinkinys\/#breadcrumb"},"inLanguage":"en-US","potentialAction":[{"@type":"ReadAction","target":["https:\/\/monti.lt\/product\/lauko-zaidimu-rinkinys\/"]}]},{"@type":"ImageObject","inLanguage":"en-US","@id":"https:\/\/monti.lt\/product\/lauko-zaidimu-rinkinys\/#primaryimage","url":"https:\/\/monti.lt\/wp-content\/uploads\/2025\/10\/lit_pl_Mesk-i-taikini-arkadinis-zaidimas-Kruzzel-26514-18506_6.jpg","contentUrl":"https:\/\/monti.lt\/wp-content\/uploads\/2025\/10\/lit_pl_Mesk-i-taikini-arkadinis-zaidimas-Kruzzel-26514-18506_6.jpg","width":500,"height":500,"caption":"lauko zaidimai"},{"@type":"BreadcrumbList","@id":"https:\/\/monti.lt\/product\/lauko-zaidimu-rinkinys\/#breadcrumb","itemListElement":[{"@type":"ListItem","position":1,"name":"Home","item":"https:\/\/monti.lt\/"},{"@type":"ListItem","position":2,"name":"Parduotuv\u0117","item":"https:\/\/monti.lt\/shop\/"},{"@type":"ListItem","position":3,"name":"Lauko \u017eaidim\u0173 rinkinys"}]},{"@type":"WebSite","@id":"https:\/\/monti.lt\/#website","url":"https:\/\/monti.lt\/","name":"Montessori \u017eaislai","description":"","publisher":{"@id":"https:\/\/monti.lt\/#organization"},"potentialAction":[{"@type":"SearchAction","target":{"@type":"EntryPoint","urlTemplate":"https:\/\/monti.lt\/?s={search_term_string}"},"query-input":"required name=search_term_string"}],"inLanguage":"en-US"},{"@type":"Organization","@id":"https:\/\/monti.lt\/#organization","name":"Montessori \u017eaislai","url":"https:\/\/monti.lt\/","logo":{"@type":"ImageObject","inLanguage":"en-US","@id":"https:\/\/monti.lt\/#\/schema\/logo\/image\/","url":"https:\/\/monti.lt\/wp-content\/uploads\/2022\/03\/montilogo-1.png","contentUrl":"https:\/\/monti.lt\/wp-content\/uploads\/2022\/03\/montilogo-1.png","width":512,"height":512,"caption":"Montessori \u017eaislai"},"image":{"@id":"https:\/\/monti.lt\/#\/schema\/logo\/image\/"}}]}},"_links":{"self":[{"href":"https:\/\/monti.lt\/en\/wp-json\/wp\/v2\/product\/33883"}],"collection":[{"href":"https:\/\/monti.lt\/en\/wp-json\/wp\/v2\/product"}],"about":[{"href":"https:\/\/monti.lt\/en\/wp-json\/wp\/v2\/types\/product"}],"version-history":[{"count":1,"href":"https:\/\/monti.lt\/en\/wp-json\/wp\/v2\/product\/33883\/revisions"}],"predecessor-version":[{"id":33895,"href":"https:\/\/monti.lt\/en\/wp-json\/wp\/v2\/product\/33883\/revisions\/33895"}],"wp:featuredmedia":[{"embeddable":true,"href":"https:\/\/monti.lt\/en\/wp-json\/wp\/v2\/media\/33884"}],"wp:attachment":[{"href":"https:\/\/monti.lt\/en\/wp-json\/wp\/v2\/media?parent=33883"}],"wp:term":[{"taxonomy":"product_cat","embeddable":true,"href":"https:\/\/monti.lt\/en\/wp-json\/wp\/v2\/product_cat?post=33883"},{"taxonomy":"product_tag","embeddable":true,"href":"https:\/\/monti.lt\/en\/wp-json\/wp\/v2\/product_tag?post=33883"}],"curies":[{"name":"wp","href":"https:\/\/api.w.org\/{rel}","templated":true}]}}