{"id":33896,"date":"2025-10-09T08:41:18","date_gmt":"2025-10-09T08:41:18","guid":{"rendered":"https:\/\/monti.lt\/?post_type=product&#038;p=33896"},"modified":"2026-04-12T16:51:37","modified_gmt":"2026-04-12T16:51:37","slug":"minksti-sensoriniai-blokeliai-30-vnt","status":"publish","type":"product","link":"https:\/\/monti.lt\/en\/product\/minksti-sensoriniai-blokeliai-30-vnt\/","title":{"rendered":"Mink\u0161ti sensoriniai blokeliai, 30 vnt."},"content":{"rendered":"<h1 class=\"wp-block-heading\">ISO TRADE mink\u0161tos gumin\u0117s k\u016brybin\u0117s sensorin\u0117s kalad\u0117l\u0117s vaikams, 30 kalad\u0117li\u0173 rinkinys d\u0117\u017eut\u0117je<\/h1>\n\n\n\n<p><strong>&#8211;<\/strong>&nbsp;<strong>saugu vaikams &#8211;<\/strong>&nbsp;&nbsp;&nbsp;Sensoriniai blokeliai vaikams pagaminti i\u0161 mink\u0161tos, netoksi\u0161kos med\u017eiagos, kuri&nbsp;&nbsp;&nbsp;<strong>tai visi\u0161kai saugu vaikams<\/strong><\/p>\n\n\n\n<p><strong>&#8211; tinka ma\u017eiausiems vaikams &#8211;<\/strong>&nbsp;&nbsp;&nbsp;Mink\u0161ti guminiai blokeliai sukurti specialiai vaikams, d\u0117l savo mink\u0161tumo ir apvali\u0173 kra\u0161t\u0173&nbsp;<strong>jie puikiai tinka pirmiesiems sensoriniams \u017eaidimams<\/strong><\/p>\n\n\n\n<p><strong>&#8211; su\u017eadinti susidom\u0117jim\u0105&nbsp;&nbsp;<\/strong>&nbsp;&#8211; sensoriniai blokai pritraukia d\u0117mes\u012f&nbsp;&nbsp;&nbsp;<strong>d\u0117l spalv\u0173, tekst\u016br\u0173 \u012fvairov\u0117s ir geb\u0117jimo kurti paprastas konstrukcijas<\/strong><\/p>\n\n\n\n<p><strong>&#8211; statyba<\/strong>&nbsp;&nbsp;&nbsp;\u2013 lengva sujungti ir atskirti, skatina k\u016brybi\u0161kum\u0105 ir vaizduot\u0119<\/p>\n\n\n\n<p><strong>&#8211; vystymasis per \u017eaidim\u0105<\/strong>&nbsp;&nbsp;&nbsp;\u2013 lavinti smulki\u0105j\u0105 motorik\u0105, aki\u0173 ir rank\u0173 koordinacij\u0105 bei login\u012f m\u0105stym\u0105<\/p>\n\n\n\n<p><strong>&#8211; didelis rinkinys<\/strong>&nbsp;&nbsp;&nbsp;\u2013 iki 30 element\u0173 leid\u017eia&nbsp;&nbsp;&nbsp;<strong>kurti daug strukt\u016br\u0173 ir smagiai leisti laik\u0105 kartu<\/strong><\/p>\n\n\n\n<p><strong>&#8211; patvar\u016bs ir lengvai valomi &#8211;<\/strong>&nbsp;kalad\u0117l\u0117s yra patvarios ir lengvai valomos, tiesiog nuvalykite jas dr\u0117gnu skudur\u0117liu arba nuplaukite kar\u0161tu vandeniu,&nbsp;&nbsp;&nbsp;<strong>patvarumas rei\u0161kia, kad jie tarnaus ilg\u0105 laik\u0105<\/strong><\/p>\n\n\n\n<p><strong>&#8211; geras pasirinkimas j\u016bs\u0173 vaiko raidai<\/strong>&nbsp;&#8211; spalvingi kalad\u0117l\u0117s su tekst\u016bromis&nbsp;&nbsp;&nbsp;<strong>Jie skatina sensorin\u012f vystym\u0105si, smulki\u0105j\u0105 motorik\u0105 ir vaiko k\u016brybi\u0161kum\u0105, \u012fvairios tekst\u016bros ir spalvos stimuliuoja poj\u016b\u010dius<\/strong>&nbsp;, o konstravimo \u017eaidimas lavina login\u012f m\u0105stym\u0105 ir rank\u0173 bei aki\u0173 koordinacij\u0105.<\/p>\n\n\n\n<p><strong>&#8211; atitinka Europos standartus&nbsp;&nbsp;<\/strong>&nbsp;&#8211; konstruktoriaus rinkinys&nbsp;<strong>&nbsp;<\/strong>&nbsp;buvo patikrinti d\u0117l atitikties Europos standartams, tod\u0117l&nbsp;<strong>&nbsp;&nbsp;galite b\u016bti tikri, kad jie saug\u016bs<\/strong>&nbsp;<strong>!<\/strong><\/p>\n\n\n\n<h2 class=\"wp-block-heading\">ISO TRADE sensorini\u0173 blokeli\u0173 specifikacijos:<\/h2>\n\n\n\n<ul class=\"wp-block-list\">\n<li>atitinka Europos standartus<\/li>\n\n\n\n<li>blokeliai krovimui ir suspaudimui<\/li>\n\n\n\n<li>pirmieji k\u016bdikio blokeliai<\/li>\n\n\n\n<li>motorini\u0173 \u012fg\u016bd\u017ei\u0173 ir poj\u016b\u010di\u0173 lavinimas<\/li>\n\n\n\n<li>sensorinis \u017eaislas ma\u017eyliams<\/li>\n\n\n\n<li>auk\u0161tos kokyb\u0117s, saugi TPR med\u017eiaga<\/li>\n\n\n\n<li>mink\u0161tas ir lankstus<\/li>\n\n\n\n<li>lyt\u0117jimo stimuliacija<\/li>\n\n\n\n<li>edukaciniai elementai<\/li>\n\n\n\n<li>sta\u010diakampiai ir kvadratiniai blokai bei sensoriniai<\/li>\n\n\n\n<li>lengva palaikyti \u0161var\u0105<\/li>\n\n\n\n<li>dovanos id\u0117ja<\/li>\n\n\n\n<li>supakuotas \u012f d\u0117kl\u0105<\/li>\n\n\n\n<li>matmenys: 20 x 12 cm<\/li>\n\n\n\n<li>svoris: 0,368 kg<\/li>\n\n\n\n<li>pakuot\u0117s svoris: 0,468 kg<\/li>\n\n\n\n<li>spalva: daugiaspalv\u0117<\/li>\n\n\n\n<li>med\u017eiaga: TPR<\/li>\n<\/ul>\n\n\n\n<h2 class=\"wp-block-heading\">\u012e komplekt\u0105 \u012feina:<\/h2>\n\n\n\n<ul class=\"wp-block-list\">\n<li>30 blok\u0173<\/li>\n\n\n\n<li>d\u0117klas su rankena<\/li>\n\n\n\n<li>vartotojo vadovas<\/li>\n\n\n\n<li>ruda siuntimo d\u0117\u017eut\u0117<\/li>\n<\/ul>\n\n\n\n<p><strong>GAMINTOJAS:<\/strong><\/p>\n\n\n\n<p>SHANTOU CITY CHENGHAI DISTRICT DONGAO TOYS FACTORY&nbsp;<br>SHENGZHOU VILLAGE XINYUAN INDUSTRIAL ZONE,&nbsp;<br>LIANSHANG TOWN, CHENGHAI DISTRICT, SHANTOU CITY,&nbsp;<br>GUANGDONG PROVINCE, CHINA1927915690@qq.com<\/p>\n\n\n\n<p><strong>ATSAKINGAS ASMUO ES:<\/strong><\/p>\n\n\n\n<p>IsoTrade<\/p>\n\n\n\n<p><strong>\u012eSP\u0116JIMO TURINYS:<\/strong><\/p>\n\n\n\n<p>&#8211; Naudoti pagal paskirt\u012f. &#8211; Rekomenduojamas am\u017eius: nuo 18 m\u0117nesi\u0173. &#8211; Siekiant u\u017etikrinti maksimal\u0173 saugum\u0105, \u017eaisti tur\u0117t\u0173 b\u016bti pri\u017ei\u016brint suaugusiesiems. &#8211; Reguliariai tikrinkite kalad\u0117li\u0173 b\u016bkl\u0119. Pasteb\u0117j\u0119 koki\u0173 nors pa\u017eeidim\u0173, nedelsdami nutraukite naudojim\u0105. &#8211; Nors kalad\u0117l\u0117s yra saugaus dyd\u017eio, j\u0173 negalima kramtyti ar ki\u0161ti \u012f burn\u0105. &#8211; Laikyti sausoje ir \u0161varioje vietoje. Venkite s\u0105ly\u010dio su a\u0161triais daiktais ir \u0161ilumos \u0161altiniais.<\/p>","protected":false},"excerpt":{"rendered":"<p>ISO TRADE mink\u0161tos gumin\u0117s k\u016brybin\u0117s sensorin\u0117s kalad\u0117l\u0117s vaikams, 30 kalad\u0117li\u0173 rinkinys d\u0117\u017eut\u0117je &#8211;&nbsp;saugu vaikams &#8211;&nbsp;&nbsp;&nbsp;Sensoriniai blokeliai vaikams pagaminti i\u0161 mink\u0161tos, netoksi\u0161kos med\u017eiagos, kuri&nbsp;&nbsp;&nbsp;tai visi\u0161kai saugu vaikams &#8211; tinka ma\u017eiausiems vaikams &#8211;&nbsp;&nbsp;&nbsp;Mink\u0161ti guminiai blokeliai sukurti specialiai vaikams, d\u0117l savo mink\u0161tumo ir apvali\u0173 kra\u0161t\u0173&nbsp;jie puikiai tinka pirmiesiems sensoriniams \u017eaidimams &#8211; su\u017eadinti susidom\u0117jim\u0105&nbsp;&nbsp;&nbsp;&#8211; sensoriniai blokai pritraukia d\u0117mes\u012f&nbsp;&nbsp;&nbsp;d\u0117l spalv\u0173, [&hellip;]<\/p>","protected":false},"featured_media":33897,"template":"","meta":{"_acf_changed":false,"iawp_total_views":717},"product_cat":[218,193,194,195,191,192,87,84,86,50,202,49,39],"product_tag":[95,96,97],"class_list":{"0":"post-33896","1":"product","2":"type-product","3":"status-publish","4":"has-post-thumbnail","6":"product_cat-darzeliu-grupems","7":"product_cat-dovanos-vaikams-1-2-metu","8":"product_cat-dovanos-vaikams-2-3-metu","9":"product_cat-dovanos-vaikams-3-4-metu","10":"product_cat-dovanos-vaikams","11":"product_cat-kaledines-dovanos-vaikams","12":"product_cat-kurybiniai-rinkiniai","13":"product_cat-lavinamieji-zaislai","14":"product_cat-smulkioji-motorika","15":"product_cat-top-dovanos","16":"product_cat-vaaikiski-konstruktoriai","17":"product_cat-visi-zaislai","18":"product_cat-zaislai","19":"product_tag-1-m-2-m","20":"product_tag-2-m-3-m","21":"product_tag-3-m-4-m","23":"first","24":"instock","25":"taxable","26":"shipping-taxable","27":"purchasable","28":"product-type-simple"},"acf":[],"yoast_head":"<!-- This site is optimized with the Yoast SEO plugin v23.3 - https:\/\/yoast.com\/wordpress\/plugins\/seo\/ -->\n<title>Mink\u0161ti sensoriniai blokeliai, 30 vnt. - Montessori \u017eaislai<\/title>\n<meta name=\"robots\" content=\"index, follow, max-snippet:-1, max-image-preview:large, max-video-preview:-1\" \/>\n<link rel=\"canonical\" href=\"https:\/\/monti.lt\/en\/product\/minksti-sensoriniai-blokeliai-30-vnt\/\" \/>\n<meta property=\"og:locale\" content=\"en_US\" \/>\n<meta property=\"og:type\" content=\"article\" \/>\n<meta property=\"og:title\" content=\"Mink\u0161ti sensoriniai blokeliai, 30 vnt. - Montessori \u017eaislai\" \/>\n<meta property=\"og:description\" content=\"ISO TRADE mink\u0161tos gumin\u0117s k\u016brybin\u0117s sensorin\u0117s kalad\u0117l\u0117s vaikams, 30 kalad\u0117li\u0173 rinkinys d\u0117\u017eut\u0117je &#8211;&nbsp;saugu vaikams &#8211;&nbsp;&nbsp;&nbsp;Sensoriniai blokeliai vaikams pagaminti i\u0161 mink\u0161tos, netoksi\u0161kos med\u017eiagos, kuri&nbsp;&nbsp;&nbsp;tai visi\u0161kai saugu vaikams &#8211; tinka ma\u017eiausiems vaikams &#8211;&nbsp;&nbsp;&nbsp;Mink\u0161ti guminiai blokeliai sukurti specialiai vaikams, d\u0117l savo mink\u0161tumo ir apvali\u0173 kra\u0161t\u0173&nbsp;jie puikiai tinka pirmiesiems sensoriniams \u017eaidimams &#8211; su\u017eadinti susidom\u0117jim\u0105&nbsp;&nbsp;&nbsp;&#8211; sensoriniai blokai pritraukia d\u0117mes\u012f&nbsp;&nbsp;&nbsp;d\u0117l spalv\u0173, [&hellip;]\" \/>\n<meta property=\"og:url\" content=\"https:\/\/monti.lt\/en\/product\/minksti-sensoriniai-blokeliai-30-vnt\/\" \/>\n<meta property=\"og:site_name\" content=\"Montessori \u017eaislai\" \/>\n<meta property=\"article:modified_time\" content=\"2026-04-12T16:51:37+00:00\" \/>\n<meta property=\"og:image\" content=\"https:\/\/monti.lt\/wp-content\/uploads\/2025\/10\/lit_pl_Guminiai-blokeliai-sensoriniai-30-vienetu-26576-18541_9.jpg\" \/>\n\t<meta property=\"og:image:width\" content=\"500\" \/>\n\t<meta property=\"og:image:height\" content=\"500\" \/>\n\t<meta property=\"og:image:type\" content=\"image\/jpeg\" \/>\n<meta name=\"twitter:card\" content=\"summary_large_image\" \/>\n<meta name=\"twitter:label1\" content=\"Est. reading time\" \/>\n\t<meta name=\"twitter:data1\" content=\"3 minutes\" \/>\n<script type=\"application\/ld+json\" class=\"yoast-schema-graph\">{\"@context\":\"https:\/\/schema.org\",\"@graph\":[{\"@type\":\"WebPage\",\"@id\":\"https:\/\/monti.lt\/product\/minksti-sensoriniai-blokeliai-30-vnt\/\",\"url\":\"https:\/\/monti.lt\/product\/minksti-sensoriniai-blokeliai-30-vnt\/\",\"name\":\"Mink\u0161ti sensoriniai blokeliai, 30 vnt. - Montessori \u017eaislai\",\"isPartOf\":{\"@id\":\"https:\/\/monti.lt\/#website\"},\"primaryImageOfPage\":{\"@id\":\"https:\/\/monti.lt\/product\/minksti-sensoriniai-blokeliai-30-vnt\/#primaryimage\"},\"image\":{\"@id\":\"https:\/\/monti.lt\/product\/minksti-sensoriniai-blokeliai-30-vnt\/#primaryimage\"},\"thumbnailUrl\":\"https:\/\/monti.lt\/wp-content\/uploads\/2025\/10\/lit_pl_Guminiai-blokeliai-sensoriniai-30-vienetu-26576-18541_9.jpg\",\"datePublished\":\"2025-10-09T08:41:18+00:00\",\"dateModified\":\"2026-04-12T16:51:37+00:00\",\"breadcrumb\":{\"@id\":\"https:\/\/monti.lt\/product\/minksti-sensoriniai-blokeliai-30-vnt\/#breadcrumb\"},\"inLanguage\":\"en-US\",\"potentialAction\":[{\"@type\":\"ReadAction\",\"target\":[\"https:\/\/monti.lt\/product\/minksti-sensoriniai-blokeliai-30-vnt\/\"]}]},{\"@type\":\"ImageObject\",\"inLanguage\":\"en-US\",\"@id\":\"https:\/\/monti.lt\/product\/minksti-sensoriniai-blokeliai-30-vnt\/#primaryimage\",\"url\":\"https:\/\/monti.lt\/wp-content\/uploads\/2025\/10\/lit_pl_Guminiai-blokeliai-sensoriniai-30-vienetu-26576-18541_9.jpg\",\"contentUrl\":\"https:\/\/monti.lt\/wp-content\/uploads\/2025\/10\/lit_pl_Guminiai-blokeliai-sensoriniai-30-vienetu-26576-18541_9.jpg\",\"width\":500,\"height\":500,\"caption\":\"gumines kaladeles\"},{\"@type\":\"BreadcrumbList\",\"@id\":\"https:\/\/monti.lt\/product\/minksti-sensoriniai-blokeliai-30-vnt\/#breadcrumb\",\"itemListElement\":[{\"@type\":\"ListItem\",\"position\":1,\"name\":\"Home\",\"item\":\"https:\/\/monti.lt\/\"},{\"@type\":\"ListItem\",\"position\":2,\"name\":\"Parduotuv\u0117\",\"item\":\"https:\/\/monti.lt\/shop\/\"},{\"@type\":\"ListItem\",\"position\":3,\"name\":\"Mink\u0161ti sensoriniai blokeliai, 30 vnt.\"}]},{\"@type\":\"WebSite\",\"@id\":\"https:\/\/monti.lt\/#website\",\"url\":\"https:\/\/monti.lt\/\",\"name\":\"Montessori \u017eaislai\",\"description\":\"\",\"publisher\":{\"@id\":\"https:\/\/monti.lt\/#organization\"},\"potentialAction\":[{\"@type\":\"SearchAction\",\"target\":{\"@type\":\"EntryPoint\",\"urlTemplate\":\"https:\/\/monti.lt\/?s={search_term_string}\"},\"query-input\":\"required name=search_term_string\"}],\"inLanguage\":\"en-US\"},{\"@type\":\"Organization\",\"@id\":\"https:\/\/monti.lt\/#organization\",\"name\":\"Montessori \u017eaislai\",\"url\":\"https:\/\/monti.lt\/\",\"logo\":{\"@type\":\"ImageObject\",\"inLanguage\":\"en-US\",\"@id\":\"https:\/\/monti.lt\/#\/schema\/logo\/image\/\",\"url\":\"https:\/\/monti.lt\/wp-content\/uploads\/2022\/03\/montilogo-1.png\",\"contentUrl\":\"https:\/\/monti.lt\/wp-content\/uploads\/2022\/03\/montilogo-1.png\",\"width\":512,\"height\":512,\"caption\":\"Montessori \u017eaislai\"},\"image\":{\"@id\":\"https:\/\/monti.lt\/#\/schema\/logo\/image\/\"}}]}<\/script>\n<!-- \/ Yoast SEO plugin. -->","yoast_head_json":{"title":"Mink\u0161ti sensoriniai blokeliai, 30 vnt. - Montessori \u017eaislai","robots":{"index":"index","follow":"follow","max-snippet":"max-snippet:-1","max-image-preview":"max-image-preview:large","max-video-preview":"max-video-preview:-1"},"canonical":"https:\/\/monti.lt\/en\/product\/minksti-sensoriniai-blokeliai-30-vnt\/","og_locale":"en_US","og_type":"article","og_title":"Mink\u0161ti sensoriniai blokeliai, 30 vnt. - Montessori \u017eaislai","og_description":"ISO TRADE mink\u0161tos gumin\u0117s k\u016brybin\u0117s sensorin\u0117s kalad\u0117l\u0117s vaikams, 30 kalad\u0117li\u0173 rinkinys d\u0117\u017eut\u0117je &#8211;&nbsp;saugu vaikams &#8211;&nbsp;&nbsp;&nbsp;Sensoriniai blokeliai vaikams pagaminti i\u0161 mink\u0161tos, netoksi\u0161kos med\u017eiagos, kuri&nbsp;&nbsp;&nbsp;tai visi\u0161kai saugu vaikams &#8211; tinka ma\u017eiausiems vaikams &#8211;&nbsp;&nbsp;&nbsp;Mink\u0161ti guminiai blokeliai sukurti specialiai vaikams, d\u0117l savo mink\u0161tumo ir apvali\u0173 kra\u0161t\u0173&nbsp;jie puikiai tinka pirmiesiems sensoriniams \u017eaidimams &#8211; su\u017eadinti susidom\u0117jim\u0105&nbsp;&nbsp;&nbsp;&#8211; sensoriniai blokai pritraukia d\u0117mes\u012f&nbsp;&nbsp;&nbsp;d\u0117l spalv\u0173, [&hellip;]","og_url":"https:\/\/monti.lt\/en\/product\/minksti-sensoriniai-blokeliai-30-vnt\/","og_site_name":"Montessori \u017eaislai","article_modified_time":"2026-04-12T16:51:37+00:00","og_image":[{"width":500,"height":500,"url":"https:\/\/monti.lt\/wp-content\/uploads\/2025\/10\/lit_pl_Guminiai-blokeliai-sensoriniai-30-vienetu-26576-18541_9.jpg","type":"image\/jpeg"}],"twitter_card":"summary_large_image","twitter_misc":{"Est. reading time":"3 minutes"},"schema":{"@context":"https:\/\/schema.org","@graph":[{"@type":"WebPage","@id":"https:\/\/monti.lt\/product\/minksti-sensoriniai-blokeliai-30-vnt\/","url":"https:\/\/monti.lt\/product\/minksti-sensoriniai-blokeliai-30-vnt\/","name":"Mink\u0161ti sensoriniai blokeliai, 30 vnt. - Montessori \u017eaislai","isPartOf":{"@id":"https:\/\/monti.lt\/#website"},"primaryImageOfPage":{"@id":"https:\/\/monti.lt\/product\/minksti-sensoriniai-blokeliai-30-vnt\/#primaryimage"},"image":{"@id":"https:\/\/monti.lt\/product\/minksti-sensoriniai-blokeliai-30-vnt\/#primaryimage"},"thumbnailUrl":"https:\/\/monti.lt\/wp-content\/uploads\/2025\/10\/lit_pl_Guminiai-blokeliai-sensoriniai-30-vienetu-26576-18541_9.jpg","datePublished":"2025-10-09T08:41:18+00:00","dateModified":"2026-04-12T16:51:37+00:00","breadcrumb":{"@id":"https:\/\/monti.lt\/product\/minksti-sensoriniai-blokeliai-30-vnt\/#breadcrumb"},"inLanguage":"en-US","potentialAction":[{"@type":"ReadAction","target":["https:\/\/monti.lt\/product\/minksti-sensoriniai-blokeliai-30-vnt\/"]}]},{"@type":"ImageObject","inLanguage":"en-US","@id":"https:\/\/monti.lt\/product\/minksti-sensoriniai-blokeliai-30-vnt\/#primaryimage","url":"https:\/\/monti.lt\/wp-content\/uploads\/2025\/10\/lit_pl_Guminiai-blokeliai-sensoriniai-30-vienetu-26576-18541_9.jpg","contentUrl":"https:\/\/monti.lt\/wp-content\/uploads\/2025\/10\/lit_pl_Guminiai-blokeliai-sensoriniai-30-vienetu-26576-18541_9.jpg","width":500,"height":500,"caption":"gumines kaladeles"},{"@type":"BreadcrumbList","@id":"https:\/\/monti.lt\/product\/minksti-sensoriniai-blokeliai-30-vnt\/#breadcrumb","itemListElement":[{"@type":"ListItem","position":1,"name":"Home","item":"https:\/\/monti.lt\/"},{"@type":"ListItem","position":2,"name":"Parduotuv\u0117","item":"https:\/\/monti.lt\/shop\/"},{"@type":"ListItem","position":3,"name":"Mink\u0161ti sensoriniai blokeliai, 30 vnt."}]},{"@type":"WebSite","@id":"https:\/\/monti.lt\/#website","url":"https:\/\/monti.lt\/","name":"Montessori \u017eaislai","description":"","publisher":{"@id":"https:\/\/monti.lt\/#organization"},"potentialAction":[{"@type":"SearchAction","target":{"@type":"EntryPoint","urlTemplate":"https:\/\/monti.lt\/?s={search_term_string}"},"query-input":"required name=search_term_string"}],"inLanguage":"en-US"},{"@type":"Organization","@id":"https:\/\/monti.lt\/#organization","name":"Montessori \u017eaislai","url":"https:\/\/monti.lt\/","logo":{"@type":"ImageObject","inLanguage":"en-US","@id":"https:\/\/monti.lt\/#\/schema\/logo\/image\/","url":"https:\/\/monti.lt\/wp-content\/uploads\/2022\/03\/montilogo-1.png","contentUrl":"https:\/\/monti.lt\/wp-content\/uploads\/2022\/03\/montilogo-1.png","width":512,"height":512,"caption":"Montessori \u017eaislai"},"image":{"@id":"https:\/\/monti.lt\/#\/schema\/logo\/image\/"}}]}},"_links":{"self":[{"href":"https:\/\/monti.lt\/en\/wp-json\/wp\/v2\/product\/33896"}],"collection":[{"href":"https:\/\/monti.lt\/en\/wp-json\/wp\/v2\/product"}],"about":[{"href":"https:\/\/monti.lt\/en\/wp-json\/wp\/v2\/types\/product"}],"version-history":[{"count":1,"href":"https:\/\/monti.lt\/en\/wp-json\/wp\/v2\/product\/33896\/revisions"}],"predecessor-version":[{"id":33906,"href":"https:\/\/monti.lt\/en\/wp-json\/wp\/v2\/product\/33896\/revisions\/33906"}],"wp:featuredmedia":[{"embeddable":true,"href":"https:\/\/monti.lt\/en\/wp-json\/wp\/v2\/media\/33897"}],"wp:attachment":[{"href":"https:\/\/monti.lt\/en\/wp-json\/wp\/v2\/media?parent=33896"}],"wp:term":[{"taxonomy":"product_cat","embeddable":true,"href":"https:\/\/monti.lt\/en\/wp-json\/wp\/v2\/product_cat?post=33896"},{"taxonomy":"product_tag","embeddable":true,"href":"https:\/\/monti.lt\/en\/wp-json\/wp\/v2\/product_tag?post=33896"}],"curies":[{"name":"wp","href":"https:\/\/api.w.org\/{rel}","templated":true}]}}