{"id":33907,"date":"2025-10-09T08:45:55","date_gmt":"2025-10-09T08:45:55","guid":{"rendered":"https:\/\/monti.lt\/?post_type=product&#038;p=33907"},"modified":"2026-03-29T19:47:22","modified_gmt":"2026-03-29T19:47:22","slug":"vaikiska-palapine-namelis-rozinis","status":"publish","type":"product","link":"https:\/\/monti.lt\/en\/product\/vaikiska-palapine-namelis-rozinis\/","title":{"rendered":"Vaiki\u0161ka palapin\u0117- namelis ro\u017einis"},"content":{"rendered":"<h1 class=\"wp-block-heading\">VAIKI\u0160KA PALAPIN\u0116 SU LED \u0160VIESOMIS&nbsp;<\/h1>\n\n\n\n<ul class=\"wp-block-list\">\n<li><strong>KIEKVIENOS MERGINOS SVAJON\u0116<\/strong>\u00a0\u00a0\u00a0\u2013 Vaiki\u0161ka palapin\u0117 \u2013 puiki pramoga valand\u0173 valandas. Med\u017eiagin\u0117 vaiki\u0161ka palapin\u0117 namelio formos \u2013 svajoni\u0173 dovana bet kuriam vaikui.\u00a0\u00a0\u00a0<strong>Vaik\u0173 namuose yra\u00a0\u00a0<\/strong>\u00a0<strong>2\u00a0\u00a0<\/strong>\u00a0<strong>D\u0117l smulki\u0173 tinklelio langeli\u0173 ir patogaus \u012f\u0117jimo<\/strong>\u00a0galite pasisl\u0117pti viduje su savo m\u0117gstamiausiais \u017eaislais ir leisti savo vaizduotei lietis laisvai. Vaik\u0173 r\u016bmai yra puiki vieta \u012fdomiam ir i\u0161radingam \u017eaidimui tiek viduje, tiek lauke \u2013 pavyzd\u017eiui, sode, i\u0161kyloje, terasoje ar papl\u016bdimyje.<\/li>\n\n\n\n<li><strong>IDEALIAI TINKA NAMAMS IR SODUI<\/strong>\u00a0\u2013 \u0161i eleganti\u0161ka vaiki\u0161ka palapin\u0117 tikrai patiks kiekvienai mergaitei, svajojan\u010diai apie savo \u017eaidim\u0173 namel\u012f. J\u0105 galima naudoti kaip \u017eaisl\u0173 laikymo viet\u0105 arba kaip\u00a0<strong>lauko \u017eaidim\u0173<\/strong>\u00a0palapin\u0119. Ji papuo\u0161 j\u016bs\u0173 vaiko kambar\u012f ir sukurs unikali\u0105 atmosfer\u0105.<\/li>\n\n\n\n<li><strong>SAUGU<\/strong>\u00a0\u2013 Palapin\u0117 pagaminta i\u0161 auk\u0161tos kokyb\u0117s, atsparios pa\u017eeidimams sintetin\u0117s med\u017eiagos. Ji taip pat turi stabil\u0173 r\u0117m\u0105, leid\u017eiant\u012f j\u016bs\u0173 vaikui saugiai \u017eaisti. Prie jos taip pat pridedamas pagrindo sluoksnis.<\/li>\n\n\n\n<li><strong>\u0160VIESEL\u0116S<\/strong>\u00a0\u2013 Palapin\u0117 komplektuojama su medvilniniais kamuoliukais, maitinamomis 2 AA baterijomis (\u012f komplekt\u0105 ne\u012feina). Tai leid\u017eia jas naudoti tiek palapin\u0117s viduje, tiek i\u0161or\u0117je, nes nereikia ie\u0161koti maitinimo \u0161altinio. \u0160viesel\u0117s yra rausvos ir baltos spalvos. I\u0161 viso\u00a0<strong>yra 20 lempu\u010di\u0173.<\/strong>\u00a0<strong>Lempu\u010di\u0173 girlianda yra 3 m ilgio.<\/strong><\/li>\n\n\n\n<li><strong>SPECIFIKACIJA:<\/strong>\u00a0spalva: ro\u017ein\u0117, pilka, balta; med\u017eiaga: 210D oksfordo audinys, kita: poliesteris; r\u0117mas: PVC; r\u0117mas: plastikas; \u0161viesi spalva: \u0161iltai balta; \u0161viesos girliandos ilgis: 3 m; matmenys: 130 x 100 x 120 x cm; palapin\u0117s svoris: 1,339 kg; svoris pakuot\u0117je: 1,408 kg.\u00a0<\/li>\n<\/ul>\n\n\n\n<p><strong>SPECIFIKACIJA<\/strong><\/p>\n\n\n\n<ul class=\"wp-block-list\">\n<li>spalva: ro\u017ein\u0117, pilka, balta<\/li>\n\n\n\n<li>med\u017eiaga: 210D oksfordo audinys, kita: poliesteris; r\u0117mas: PVC<\/li>\n\n\n\n<li>r\u0117mas: plastikinis<\/li>\n\n\n\n<li>\u0161viesos spalva: \u0161iltai balta<\/li>\n\n\n\n<li>\u0160vies\u0173 girliandos ilgis: 3 m<\/li>\n\n\n\n<li>Matmenys: 130 x 100 x 120 cm<\/li>\n\n\n\n<li>Palapin\u0117s svoris: 1,339 kg<\/li>\n\n\n\n<li>supakuoto svoris: 1,408 kg<\/li>\n<\/ul>\n\n\n\n<p><strong>\u012eSKAI\u010cIUOTA<\/strong><\/p>\n\n\n\n<ul class=\"wp-block-list\">\n<li>palapin\u0117<\/li>\n\n\n\n<li>tvirtinimo vamzd\u017eiai<\/li>\n\n\n\n<li>lempos<\/li>\n\n\n\n<li>byla<\/li>\n<\/ul>\n\n\n\n<p>Vaiki\u0161ka palapin\u0117 \u2013 puiki pramoga valand\u0173 valandas. Med\u017eiagin\u0117 vaiki\u0161ka palapin\u0117 namelio formos \u2013 svajoni\u0173 dovana bet kuriam vaikui.&nbsp;<strong>Vaiki\u0161kas namelis turi&#8230;&nbsp;&nbsp;<\/strong>&nbsp;<strong>2&nbsp;&nbsp;<\/strong>&nbsp;<strong>D\u0117l smulki\u0173 tinklelio langeli\u0173 ir patogaus \u012f\u0117jimo<\/strong>&nbsp;galite pasisl\u0117pti viduje su savo m\u0117gstamiausiais \u017eaislais ir leisti savo vaizduotei lietis laisvai. Vaik\u0173 r\u016bmai yra puiki vieta \u012fdomiam ir i\u0161radingam \u017eaidimui tiek viduje, tiek lauke \u2013 pavyzd\u017eiui, sode, i\u0161kyloje, terasoje ar papl\u016bdimyje.<\/p>\n\n\n\n<p><strong>GAMINTOJAS:<\/strong><\/p>\n\n\n\n<p>ISO TRADE Sp\u00f3\u0142ka z o.o.<br>Gniewomierz 173<br>59-241 Legnickie Pole, Polska<br><br>office@iso-trade.biz<\/p>\n\n\n\n<p><strong>ATSAKINGAS ASMUO ES:<\/strong><\/p>\n\n\n\n<p>ISO TRADE Sp\u00f3\u0142ka z o.o.<br>Gniewomierz 173<br>59-241 Legnickie Pole, Polska<br><br>office@iso-trade.biz<\/p>\n\n\n\n<p><strong>\u012eSP\u0116JIMO TURINYS:<\/strong><\/p>\n\n\n\n<p>&#8211; Tik naudojimui namuose. Naudoti tik pri\u017ei\u016brint suaugusiajam.<br>&#8211; Laikyti atokiai nuo ugnies.<br>&#8211; \u012esp\u0117jimas. Netinka vaikams iki 36 m\u0117nesi\u0173. Smulkios dalys. U\u017espringimo pavojus.<br>&#8211; Niekada nepalikite savo vaiko be prie\u017ei\u016bros!<br>&#8211; Nenaudokite gaminio, jei visi komponentai n\u0117ra tinkamai sumontuoti ir sureguliuoti. Nedelsdami nutraukite naudojim\u0105, jei kuri nors gaminio dalis yra pa\u017eeista, suply\u0161usi arba jos tr\u016bksta.<br>&#8211; Neleiskite palapine naudotis daugiau nei 2 vaikams vienu metu.<br>&#8211; Surinkimui reikalingas suaug\u0119s asmuo.<br>&#8211; Produktas negali b\u016bti naudojamas kaip vienintel\u0117 apsauga nuo saul\u0117s spinduli\u0173.<br>&#8211; \u0160is gaminys skirtas tik kaip \u017eaislas. Jis neturi b\u016bti naudojamas kaip stovyklavimo palapin\u0117.<br>&#8211; Nelaikykite nesurinkt\u0173 dali\u0173 vaikams prieinamose vietose.<br>&#8211; Pakuot\u0117 n\u0117ra \u017eaislas. \u017daisl\u0105 tur\u0117t\u0173 i\u0161pakuoti suaug\u0119s asmuo, o pakuot\u0119 ir jos dalis laikyti vaikams nepasiekiamoje vietoje.<br>&#8211; Produktai netinkami vartoti.<br>&#8211; Saugoti nuo at\u0161iauri\u0173 oro s\u0105lyg\u0173 ir ugnies.<br>&#8211; Naudoti pagal paskirt\u012f.<br>&#8211; Neignoruokite rekomendacij\u0173 d\u0117l naudotojo am\u017eiaus.<br>&#8211; Nenaudokite pa\u017eeisto gaminio.<\/p>","protected":false},"excerpt":{"rendered":"<p>VAIKI\u0160KA PALAPIN\u0116 SU LED \u0160VIESOMIS&nbsp; SPECIFIKACIJA \u012eSKAI\u010cIUOTA Vaiki\u0161ka palapin\u0117 \u2013 puiki pramoga valand\u0173 valandas. Med\u017eiagin\u0117 vaiki\u0161ka palapin\u0117 namelio formos \u2013 svajoni\u0173 dovana bet kuriam vaikui.&nbsp;Vaiki\u0161kas namelis turi&#8230;&nbsp;&nbsp;&nbsp;2&nbsp;&nbsp;&nbsp;D\u0117l smulki\u0173 tinklelio langeli\u0173 ir patogaus \u012f\u0117jimo&nbsp;galite pasisl\u0117pti viduje su savo m\u0117gstamiausiais \u017eaislais ir leisti savo vaizduotei lietis laisvai. Vaik\u0173 r\u016bmai yra puiki vieta \u012fdomiam ir i\u0161radingam \u017eaidimui tiek [&hellip;]<\/p>","protected":false},"featured_media":33908,"template":"","meta":{"_acf_changed":false,"iawp_total_views":124},"product_cat":[195,216,196,191,84,50,93,49,39,214],"product_tag":[97,98,99],"class_list":{"0":"post-33907","1":"product","2":"type-product","3":"status-publish","4":"has-post-thumbnail","6":"product_cat-dovanos-vaikams-3-4-metu","7":"product_cat-dovanos-4-5-metu-vaikams","8":"product_cat-dovanos-mergaitems","9":"product_cat-dovanos-vaikams","10":"product_cat-lavinamieji-zaislai","11":"product_cat-top-dovanos","12":"product_cat-vaidmenu-zaidimai","13":"product_cat-visi-zaislai","14":"product_cat-zaislai","15":"product_cat-zaislai-mergaitems","16":"product_tag-3-m-4-m","17":"product_tag-5-m-7-m","18":"product_tag-8-m-11-m","20":"first","21":"outofstock","22":"sale","23":"taxable","24":"shipping-taxable","25":"purchasable","26":"product-type-simple"},"acf":[],"yoast_head":"<!-- This site is optimized with the Yoast SEO plugin v23.3 - https:\/\/yoast.com\/wordpress\/plugins\/seo\/ -->\n<title>Vaiki\u0161ka palapin\u0117- namelis ro\u017einis - Montessori \u017eaislai<\/title>\n<meta name=\"robots\" content=\"index, follow, max-snippet:-1, max-image-preview:large, max-video-preview:-1\" \/>\n<link rel=\"canonical\" href=\"https:\/\/monti.lt\/en\/product\/vaikiska-palapine-namelis-rozinis\/\" \/>\n<meta property=\"og:locale\" content=\"en_US\" \/>\n<meta property=\"og:type\" content=\"article\" \/>\n<meta property=\"og:title\" content=\"Vaiki\u0161ka palapin\u0117- namelis ro\u017einis - Montessori \u017eaislai\" \/>\n<meta property=\"og:description\" content=\"VAIKI\u0160KA PALAPIN\u0116 SU LED \u0160VIESOMIS&nbsp; SPECIFIKACIJA \u012eSKAI\u010cIUOTA Vaiki\u0161ka palapin\u0117 \u2013 puiki pramoga valand\u0173 valandas. Med\u017eiagin\u0117 vaiki\u0161ka palapin\u0117 namelio formos \u2013 svajoni\u0173 dovana bet kuriam vaikui.&nbsp;Vaiki\u0161kas namelis turi&#8230;&nbsp;&nbsp;&nbsp;2&nbsp;&nbsp;&nbsp;D\u0117l smulki\u0173 tinklelio langeli\u0173 ir patogaus \u012f\u0117jimo&nbsp;galite pasisl\u0117pti viduje su savo m\u0117gstamiausiais \u017eaislais ir leisti savo vaizduotei lietis laisvai. Vaik\u0173 r\u016bmai yra puiki vieta \u012fdomiam ir i\u0161radingam \u017eaidimui tiek [&hellip;]\" \/>\n<meta property=\"og:url\" content=\"https:\/\/monti.lt\/en\/product\/vaikiska-palapine-namelis-rozinis\/\" \/>\n<meta property=\"og:site_name\" content=\"Montessori \u017eaislai\" \/>\n<meta property=\"article:modified_time\" content=\"2026-03-29T19:47:22+00:00\" \/>\n<meta property=\"og:image\" content=\"https:\/\/monti.lt\/wp-content\/uploads\/2025\/10\/lit_pl_Vaikiska-palapine-rozine-Kruzzel-22653-17144_13.jpg\" \/>\n\t<meta property=\"og:image:width\" content=\"500\" \/>\n\t<meta property=\"og:image:height\" content=\"500\" \/>\n\t<meta property=\"og:image:type\" content=\"image\/jpeg\" \/>\n<meta name=\"twitter:card\" content=\"summary_large_image\" \/>\n<meta name=\"twitter:label1\" content=\"Est. reading time\" \/>\n\t<meta name=\"twitter:data1\" content=\"3 minutes\" \/>\n<script type=\"application\/ld+json\" class=\"yoast-schema-graph\">{\"@context\":\"https:\/\/schema.org\",\"@graph\":[{\"@type\":\"WebPage\",\"@id\":\"https:\/\/monti.lt\/product\/vaikiska-palapine-namelis-rozinis\/\",\"url\":\"https:\/\/monti.lt\/product\/vaikiska-palapine-namelis-rozinis\/\",\"name\":\"Vaiki\u0161ka palapin\u0117- namelis ro\u017einis - Montessori \u017eaislai\",\"isPartOf\":{\"@id\":\"https:\/\/monti.lt\/#website\"},\"primaryImageOfPage\":{\"@id\":\"https:\/\/monti.lt\/product\/vaikiska-palapine-namelis-rozinis\/#primaryimage\"},\"image\":{\"@id\":\"https:\/\/monti.lt\/product\/vaikiska-palapine-namelis-rozinis\/#primaryimage\"},\"thumbnailUrl\":\"https:\/\/monti.lt\/wp-content\/uploads\/2025\/10\/lit_pl_Vaikiska-palapine-rozine-Kruzzel-22653-17144_13.jpg\",\"datePublished\":\"2025-10-09T08:45:55+00:00\",\"dateModified\":\"2026-03-29T19:47:22+00:00\",\"breadcrumb\":{\"@id\":\"https:\/\/monti.lt\/product\/vaikiska-palapine-namelis-rozinis\/#breadcrumb\"},\"inLanguage\":\"en-US\",\"potentialAction\":[{\"@type\":\"ReadAction\",\"target\":[\"https:\/\/monti.lt\/product\/vaikiska-palapine-namelis-rozinis\/\"]}]},{\"@type\":\"ImageObject\",\"inLanguage\":\"en-US\",\"@id\":\"https:\/\/monti.lt\/product\/vaikiska-palapine-namelis-rozinis\/#primaryimage\",\"url\":\"https:\/\/monti.lt\/wp-content\/uploads\/2025\/10\/lit_pl_Vaikiska-palapine-rozine-Kruzzel-22653-17144_13.jpg\",\"contentUrl\":\"https:\/\/monti.lt\/wp-content\/uploads\/2025\/10\/lit_pl_Vaikiska-palapine-rozine-Kruzzel-22653-17144_13.jpg\",\"width\":500,\"height\":500,\"caption\":\"vaikiska palapine\"},{\"@type\":\"BreadcrumbList\",\"@id\":\"https:\/\/monti.lt\/product\/vaikiska-palapine-namelis-rozinis\/#breadcrumb\",\"itemListElement\":[{\"@type\":\"ListItem\",\"position\":1,\"name\":\"Home\",\"item\":\"https:\/\/monti.lt\/\"},{\"@type\":\"ListItem\",\"position\":2,\"name\":\"Parduotuv\u0117\",\"item\":\"https:\/\/monti.lt\/shop\/\"},{\"@type\":\"ListItem\",\"position\":3,\"name\":\"Vaiki\u0161ka palapin\u0117- namelis ro\u017einis\"}]},{\"@type\":\"WebSite\",\"@id\":\"https:\/\/monti.lt\/#website\",\"url\":\"https:\/\/monti.lt\/\",\"name\":\"Montessori \u017eaislai\",\"description\":\"\",\"publisher\":{\"@id\":\"https:\/\/monti.lt\/#organization\"},\"potentialAction\":[{\"@type\":\"SearchAction\",\"target\":{\"@type\":\"EntryPoint\",\"urlTemplate\":\"https:\/\/monti.lt\/?s={search_term_string}\"},\"query-input\":\"required name=search_term_string\"}],\"inLanguage\":\"en-US\"},{\"@type\":\"Organization\",\"@id\":\"https:\/\/monti.lt\/#organization\",\"name\":\"Montessori \u017eaislai\",\"url\":\"https:\/\/monti.lt\/\",\"logo\":{\"@type\":\"ImageObject\",\"inLanguage\":\"en-US\",\"@id\":\"https:\/\/monti.lt\/#\/schema\/logo\/image\/\",\"url\":\"https:\/\/monti.lt\/wp-content\/uploads\/2022\/03\/montilogo-1.png\",\"contentUrl\":\"https:\/\/monti.lt\/wp-content\/uploads\/2022\/03\/montilogo-1.png\",\"width\":512,\"height\":512,\"caption\":\"Montessori \u017eaislai\"},\"image\":{\"@id\":\"https:\/\/monti.lt\/#\/schema\/logo\/image\/\"}}]}<\/script>\n<!-- \/ Yoast SEO plugin. -->","yoast_head_json":{"title":"Vaiki\u0161ka palapin\u0117- namelis ro\u017einis - Montessori \u017eaislai","robots":{"index":"index","follow":"follow","max-snippet":"max-snippet:-1","max-image-preview":"max-image-preview:large","max-video-preview":"max-video-preview:-1"},"canonical":"https:\/\/monti.lt\/en\/product\/vaikiska-palapine-namelis-rozinis\/","og_locale":"en_US","og_type":"article","og_title":"Vaiki\u0161ka palapin\u0117- namelis ro\u017einis - Montessori \u017eaislai","og_description":"VAIKI\u0160KA PALAPIN\u0116 SU LED \u0160VIESOMIS&nbsp; SPECIFIKACIJA \u012eSKAI\u010cIUOTA Vaiki\u0161ka palapin\u0117 \u2013 puiki pramoga valand\u0173 valandas. Med\u017eiagin\u0117 vaiki\u0161ka palapin\u0117 namelio formos \u2013 svajoni\u0173 dovana bet kuriam vaikui.&nbsp;Vaiki\u0161kas namelis turi&#8230;&nbsp;&nbsp;&nbsp;2&nbsp;&nbsp;&nbsp;D\u0117l smulki\u0173 tinklelio langeli\u0173 ir patogaus \u012f\u0117jimo&nbsp;galite pasisl\u0117pti viduje su savo m\u0117gstamiausiais \u017eaislais ir leisti savo vaizduotei lietis laisvai. Vaik\u0173 r\u016bmai yra puiki vieta \u012fdomiam ir i\u0161radingam \u017eaidimui tiek [&hellip;]","og_url":"https:\/\/monti.lt\/en\/product\/vaikiska-palapine-namelis-rozinis\/","og_site_name":"Montessori \u017eaislai","article_modified_time":"2026-03-29T19:47:22+00:00","og_image":[{"width":500,"height":500,"url":"https:\/\/monti.lt\/wp-content\/uploads\/2025\/10\/lit_pl_Vaikiska-palapine-rozine-Kruzzel-22653-17144_13.jpg","type":"image\/jpeg"}],"twitter_card":"summary_large_image","twitter_misc":{"Est. reading time":"3 minutes"},"schema":{"@context":"https:\/\/schema.org","@graph":[{"@type":"WebPage","@id":"https:\/\/monti.lt\/product\/vaikiska-palapine-namelis-rozinis\/","url":"https:\/\/monti.lt\/product\/vaikiska-palapine-namelis-rozinis\/","name":"Vaiki\u0161ka palapin\u0117- namelis ro\u017einis - Montessori \u017eaislai","isPartOf":{"@id":"https:\/\/monti.lt\/#website"},"primaryImageOfPage":{"@id":"https:\/\/monti.lt\/product\/vaikiska-palapine-namelis-rozinis\/#primaryimage"},"image":{"@id":"https:\/\/monti.lt\/product\/vaikiska-palapine-namelis-rozinis\/#primaryimage"},"thumbnailUrl":"https:\/\/monti.lt\/wp-content\/uploads\/2025\/10\/lit_pl_Vaikiska-palapine-rozine-Kruzzel-22653-17144_13.jpg","datePublished":"2025-10-09T08:45:55+00:00","dateModified":"2026-03-29T19:47:22+00:00","breadcrumb":{"@id":"https:\/\/monti.lt\/product\/vaikiska-palapine-namelis-rozinis\/#breadcrumb"},"inLanguage":"en-US","potentialAction":[{"@type":"ReadAction","target":["https:\/\/monti.lt\/product\/vaikiska-palapine-namelis-rozinis\/"]}]},{"@type":"ImageObject","inLanguage":"en-US","@id":"https:\/\/monti.lt\/product\/vaikiska-palapine-namelis-rozinis\/#primaryimage","url":"https:\/\/monti.lt\/wp-content\/uploads\/2025\/10\/lit_pl_Vaikiska-palapine-rozine-Kruzzel-22653-17144_13.jpg","contentUrl":"https:\/\/monti.lt\/wp-content\/uploads\/2025\/10\/lit_pl_Vaikiska-palapine-rozine-Kruzzel-22653-17144_13.jpg","width":500,"height":500,"caption":"vaikiska palapine"},{"@type":"BreadcrumbList","@id":"https:\/\/monti.lt\/product\/vaikiska-palapine-namelis-rozinis\/#breadcrumb","itemListElement":[{"@type":"ListItem","position":1,"name":"Home","item":"https:\/\/monti.lt\/"},{"@type":"ListItem","position":2,"name":"Parduotuv\u0117","item":"https:\/\/monti.lt\/shop\/"},{"@type":"ListItem","position":3,"name":"Vaiki\u0161ka palapin\u0117- namelis ro\u017einis"}]},{"@type":"WebSite","@id":"https:\/\/monti.lt\/#website","url":"https:\/\/monti.lt\/","name":"Montessori \u017eaislai","description":"","publisher":{"@id":"https:\/\/monti.lt\/#organization"},"potentialAction":[{"@type":"SearchAction","target":{"@type":"EntryPoint","urlTemplate":"https:\/\/monti.lt\/?s={search_term_string}"},"query-input":"required name=search_term_string"}],"inLanguage":"en-US"},{"@type":"Organization","@id":"https:\/\/monti.lt\/#organization","name":"Montessori \u017eaislai","url":"https:\/\/monti.lt\/","logo":{"@type":"ImageObject","inLanguage":"en-US","@id":"https:\/\/monti.lt\/#\/schema\/logo\/image\/","url":"https:\/\/monti.lt\/wp-content\/uploads\/2022\/03\/montilogo-1.png","contentUrl":"https:\/\/monti.lt\/wp-content\/uploads\/2022\/03\/montilogo-1.png","width":512,"height":512,"caption":"Montessori \u017eaislai"},"image":{"@id":"https:\/\/monti.lt\/#\/schema\/logo\/image\/"}}]}},"_links":{"self":[{"href":"https:\/\/monti.lt\/en\/wp-json\/wp\/v2\/product\/33907"}],"collection":[{"href":"https:\/\/monti.lt\/en\/wp-json\/wp\/v2\/product"}],"about":[{"href":"https:\/\/monti.lt\/en\/wp-json\/wp\/v2\/types\/product"}],"version-history":[{"count":1,"href":"https:\/\/monti.lt\/en\/wp-json\/wp\/v2\/product\/33907\/revisions"}],"predecessor-version":[{"id":33919,"href":"https:\/\/monti.lt\/en\/wp-json\/wp\/v2\/product\/33907\/revisions\/33919"}],"wp:featuredmedia":[{"embeddable":true,"href":"https:\/\/monti.lt\/en\/wp-json\/wp\/v2\/media\/33908"}],"wp:attachment":[{"href":"https:\/\/monti.lt\/en\/wp-json\/wp\/v2\/media?parent=33907"}],"wp:term":[{"taxonomy":"product_cat","embeddable":true,"href":"https:\/\/monti.lt\/en\/wp-json\/wp\/v2\/product_cat?post=33907"},{"taxonomy":"product_tag","embeddable":true,"href":"https:\/\/monti.lt\/en\/wp-json\/wp\/v2\/product_tag?post=33907"}],"curies":[{"name":"wp","href":"https:\/\/api.w.org\/{rel}","templated":true}]}}