{"id":33920,"date":"2025-10-09T08:49:01","date_gmt":"2025-10-09T08:49:01","guid":{"rendered":"https:\/\/monti.lt\/?post_type=product&#038;p=33920"},"modified":"2026-03-26T12:49:48","modified_gmt":"2026-03-26T12:49:48","slug":"kalediniai-lyginimo-karoliukai","status":"publish","type":"product","link":"https:\/\/monti.lt\/en\/product\/kalediniai-lyginimo-karoliukai\/","title":{"rendered":"Kal\u0117diniai lyginimo karoliukai"},"content":{"rendered":"<h1 class=\"wp-block-heading\">LYGINIMO KAROLIAI 6000vnt + PRIEDAI&nbsp;<\/h1>\n\n\n\n<ul class=\"wp-block-list\">\n<li><strong>6000 KARALI\u0172 RINKINYS<\/strong>\u00a0&#8211; rinkinyje yra 13 skirting\u0173 spalv\u0173 karoliuk\u0173.\u00a0<strong>Vienas rinkinys 6000vnt. leid\u017eia padaryti daug fig\u016br\u0117li\u0173<\/strong>\u00a0.<\/li>\n\n\n\n<li><strong>PARUO\u0160TI PELJIMAI + \u012eklotai<\/strong>\u00a0&#8211; rinkinyje yra paruo\u0161tas produktas, leid\u017eiantis smagiai praleisti laik\u0105. Kal\u0117din\u0117s formel\u0117s kartu su \u012fvairiais jau paruo\u0161tais pagrindais ver\u010dia\u00a0<strong>vaik\u0105 noriai tvarkyti ir \u017eaisti, gal\u0117s kurti pasaki\u0161kai spalvingus \u012fvairi\u0173 form\u0173 paveiksl\u0117lius<\/strong>\u00a0, yra daug galimybi\u0173 &#8211; vaikas gali kurti \u012fvairius persona\u017eus, gyv\u016bn\u0117lius ir pan. Suk\u016br\u0119 kelis \u0161ablono sluoksnius, galime sukurti 3D fig\u016br\u0117les!<\/li>\n\n\n\n<li><strong>K\u016aRYBINGAS\u00a0<\/strong>&#8211; leid\u017eia karoliuk\u0173 rinkinys\u00a0<strong>\u012fdomus ir d\u017eiaugsmingas laiko praleidimo b\u016bdas, bet taip pat turi \u012ftakos vaiko intelektualiniam vystymuisi<\/strong>\u00a0ir jo motorini\u0173 \u012fg\u016bd\u017ei\u0173 augimui.\u00a0<strong>Jie lavina vaizduot\u0119 ir skatina k\u016brybi\u0161kum\u0105<\/strong>\u00a0, taip pat\u00a0<strong>moko dirbti komandoje<\/strong>\u00a0ir tobulina\u00a0<strong>socialinius bei integracijos \u012fg\u016bd\u017eius<\/strong>\u00a0. Rinkinys puikiai tinka \u017eaisti vienam arba su suaugusiais ar kitais vaikais didesn\u0117je grup\u0117je. Tai taip pat naudinga\u00a0<strong>mokantis spalv\u0173 ir skai\u010diuojant.<\/strong><\/li>\n\n\n\n<li><strong>MOKYMASIS IR LINKSM\u0116S<\/strong>\u00a0&#8211; \u017eaidimas su karoliukais teigiamai veikia vaiko raid\u0105, formuoja jo meninius geb\u0117jimus kartu su vaizduot\u0117s lavinimu, lavinant susikaupim\u0105.\u00a0<strong>Tai lavina vaizduot\u0119 ir skatina k\u016brybi\u0161kum\u0105, taip pat moko dirbti komandoje, tobulina socialinius ir integracijos \u012fg\u016bd\u017eius.<\/strong><\/li>\n\n\n\n<li><strong>SPECIFIKACIJA<\/strong>\u00a0\u2013 am\u017eius: 5+; karoliuk\u0173 skai\u010dius: 6000 vnt.; karoliuk\u0173 spalv\u0173 skai\u010dius: 13 vnt.; trinkel\u0117s dydis: 14,5&#215;14,5 cm; pinceto ilgis: 10 cm; pakuot\u0117s matmenys: 17 x 27 x 5 cm; rinkinio svoris: 565 g; Svoris pakuot\u0117je: 642 g.\u00a0<\/li>\n<\/ul>\n\n\n\n<p><strong>SPECIFIKACIJA<\/strong><\/p>\n\n\n\n<ul class=\"wp-block-list\">\n<li>am\u017eius: 5+<\/li>\n\n\n\n<li>karoliuk\u0173 skai\u010dius: 6000 vnt<\/li>\n\n\n\n<li>karoliuk\u0173 spalv\u0173 skai\u010dius: 13 vnt<\/li>\n\n\n\n<li>trinkel\u0117s dydis: 14,5&#215;14,5 cm<\/li>\n\n\n\n<li>pinceto ilgis: 10 cm<\/li>\n\n\n\n<li>pakuot\u0117s matmenys: 17 x 27 x 5 cm<\/li>\n\n\n\n<li>komplekto svoris: 565 g<\/li>\n\n\n\n<li>svoris pakuot\u0117je: 642 g<\/li>\n<\/ul>\n\n\n\n<p><strong>\u012eSKAI\u010cIUOTA<\/strong><\/p>\n\n\n\n<ul class=\"wp-block-list\">\n<li>6000 karoliuk\u0173 (13 spalv\u0173)<\/li>\n\n\n\n<li>2 karoliuk\u0173 pagalv\u0117l\u0117s<\/li>\n\n\n\n<li>15 ra\u0161tuoto popieriaus lap\u0173<\/li>\n\n\n\n<li>2 dideli vir\u0161eliai<\/li>\n\n\n\n<li>10 lipni\u0173 magnet\u0173<\/li>\n\n\n\n<li>15 spalving\u0173 pakabuk\u0173<\/li>\n\n\n\n<li>5 lyginimo pergamento lak\u0161tai<\/li>\n\n\n\n<li>pincetai\u00a0<\/li>\n<\/ul>\n\n\n\n<p>6000 kal\u0117din\u0117s serijos karoliuk\u0173 rinkinys su aksesuarais kelia vaik\u0105 nor\u0105 derinti ir \u017eaisti, jie gal\u0117s sukurti pasaki\u0161kai spalvingus \u012fvairi\u0173 form\u0173 paveiksl\u0117lius, yra daugyb\u0117 galimybi\u0173 &#8211; vaikas gali kurti \u012fvairius persona\u017eus ar gyv\u016bn\u0117lius. Suk\u016br\u0119 kelis \u0161ablono sluoksnius galime sukurti 3D fig\u016bras!<\/p>\n\n\n\n<p><strong>GAMINTOJAS:<\/strong><\/p>\n\n\n\n<p>ISO TRADE Sp\u00f3\u0142ka z o.o.<br>Gniewomierz 173<br>59-241 Legnickie Pole, Polska<br><br>office@iso-trade.biz<\/p>\n\n\n\n<p><strong>ATSAKINGAS ASMENYS ES:<\/strong><\/p>\n\n\n\n<p>ISO TRADE Sp\u00f3\u0142ka z o.o.<br>Gniewomierz 173<br>59-241 Legnickie Pole, Polska<br><br>office@iso-trade.biz<\/p>\n\n\n\n<p><strong>\u012eSP\u0116JIMO TURINYS:<\/strong><\/p>\n\n\n\n<p>&#8211; Netinka vaikams iki 3 met\u0173 am\u017eiaus.<br>&#8211; Gaminyje yra dali\u0173, kurias galima praryti ir u\u017espringti arba susi\u017ealoti.<br>&#8211; Produktai netinkami vartoti.<br>&#8211; Naudokite pagal paskirt\u012f.<br>&#8211; Neignoruokite rekomendacij\u0173 d\u0117l vartotojo am\u017eiaus.<br>&#8211; Nenaudokite pa\u017eeisto gaminio.<br>&#8211; Surinkimui reikalingas suaug\u0119s asmuo.<br>&#8211; Nelaikykite nesurinkt\u0173 dali\u0173 vaikams prieinamose vietose.<br>&#8211; Pakuot\u0117 n\u0117ra \u017eaislas. \u017daisl\u0105 turi i\u0161pakuoti suaug\u0119s asmuo ir i\u0161imti pakuot\u0119 bei jos dalis<br>vaikui pasiekiamoje vietoje.<\/p>","protected":false},"excerpt":{"rendered":"<p>LYGINIMO KAROLIAI 6000vnt + PRIEDAI&nbsp; SPECIFIKACIJA \u012eSKAI\u010cIUOTA 6000 kal\u0117din\u0117s serijos karoliuk\u0173 rinkinys su aksesuarais kelia vaik\u0105 nor\u0105 derinti ir \u017eaisti, jie gal\u0117s sukurti pasaki\u0161kai spalvingus \u012fvairi\u0173 form\u0173 paveiksl\u0117lius, yra daugyb\u0117 galimybi\u0173 &#8211; vaikas gali kurti \u012fvairius persona\u017eus ar gyv\u016bn\u0117lius. Suk\u016br\u0119 kelis \u0161ablono sluoksnius galime sukurti 3D fig\u016bras! GAMINTOJAS: ISO TRADE Sp\u00f3\u0142ka z o.o.Gniewomierz 17359-241 Legnickie [&hellip;]<\/p>","protected":false},"featured_media":33921,"template":"","meta":{"_acf_changed":false,"iawp_total_views":897},"product_cat":[218,216,217,191,192,248,87,84,242,86,49,39],"product_tag":[97,98,99],"class_list":{"0":"post-33920","1":"product","2":"type-product","3":"status-publish","4":"has-post-thumbnail","6":"product_cat-darzeliu-grupems","7":"product_cat-dovanos-4-5-metu-vaikams","8":"product_cat-dovanos-5-7-metu-vaikams","9":"product_cat-dovanos-vaikams","10":"product_cat-kaledines-dovanos-vaikams","11":"product_cat-kruzzel","12":"product_cat-kurybiniai-rinkiniai","13":"product_cat-lavinamieji-zaislai","14":"product_cat-pagal-gamintoja","15":"product_cat-smulkioji-motorika","16":"product_cat-visi-zaislai","17":"product_cat-zaislai","18":"product_tag-3-m-4-m","19":"product_tag-5-m-7-m","20":"product_tag-8-m-11-m","22":"first","23":"instock","24":"taxable","25":"shipping-taxable","26":"purchasable","27":"product-type-simple"},"acf":[],"yoast_head":"<!-- This site is optimized with the Yoast SEO plugin v23.3 - https:\/\/yoast.com\/wordpress\/plugins\/seo\/ -->\n<title>Kal\u0117diniai lyginimo karoliukai - Montessori \u017eaislai<\/title>\n<meta name=\"robots\" content=\"index, follow, max-snippet:-1, max-image-preview:large, max-video-preview:-1\" \/>\n<link rel=\"canonical\" href=\"https:\/\/monti.lt\/en\/product\/kalediniai-lyginimo-karoliukai\/\" \/>\n<meta property=\"og:locale\" content=\"en_US\" \/>\n<meta property=\"og:type\" content=\"article\" \/>\n<meta property=\"og:title\" content=\"Kal\u0117diniai lyginimo karoliukai - Montessori \u017eaislai\" \/>\n<meta property=\"og:description\" content=\"LYGINIMO KAROLIAI 6000vnt + PRIEDAI&nbsp; SPECIFIKACIJA \u012eSKAI\u010cIUOTA 6000 kal\u0117din\u0117s serijos karoliuk\u0173 rinkinys su aksesuarais kelia vaik\u0105 nor\u0105 derinti ir \u017eaisti, jie gal\u0117s sukurti pasaki\u0161kai spalvingus \u012fvairi\u0173 form\u0173 paveiksl\u0117lius, yra daugyb\u0117 galimybi\u0173 &#8211; vaikas gali kurti \u012fvairius persona\u017eus ar gyv\u016bn\u0117lius. Suk\u016br\u0119 kelis \u0161ablono sluoksnius galime sukurti 3D fig\u016bras! GAMINTOJAS: ISO TRADE Sp\u00f3\u0142ka z o.o.Gniewomierz 17359-241 Legnickie [&hellip;]\" \/>\n<meta property=\"og:url\" content=\"https:\/\/monti.lt\/en\/product\/kalediniai-lyginimo-karoliukai\/\" \/>\n<meta property=\"og:site_name\" content=\"Montessori \u017eaislai\" \/>\n<meta property=\"article:modified_time\" content=\"2026-03-26T12:49:48+00:00\" \/>\n<meta property=\"og:image\" content=\"https:\/\/monti.lt\/wp-content\/uploads\/2025\/10\/lit_pl_Lyginimo-karoliukai-6000vnt-Cruzzle-22424-17256_7.jpg\" \/>\n\t<meta property=\"og:image:width\" content=\"500\" \/>\n\t<meta property=\"og:image:height\" content=\"500\" \/>\n\t<meta property=\"og:image:type\" content=\"image\/jpeg\" \/>\n<meta name=\"twitter:card\" content=\"summary_large_image\" \/>\n<meta name=\"twitter:label1\" content=\"Est. reading time\" \/>\n\t<meta name=\"twitter:data1\" content=\"3 minutes\" \/>\n<script type=\"application\/ld+json\" class=\"yoast-schema-graph\">{\"@context\":\"https:\/\/schema.org\",\"@graph\":[{\"@type\":\"WebPage\",\"@id\":\"https:\/\/monti.lt\/product\/kalediniai-lyginimo-karoliukai\/\",\"url\":\"https:\/\/monti.lt\/product\/kalediniai-lyginimo-karoliukai\/\",\"name\":\"Kal\u0117diniai lyginimo karoliukai - Montessori \u017eaislai\",\"isPartOf\":{\"@id\":\"https:\/\/monti.lt\/#website\"},\"primaryImageOfPage\":{\"@id\":\"https:\/\/monti.lt\/product\/kalediniai-lyginimo-karoliukai\/#primaryimage\"},\"image\":{\"@id\":\"https:\/\/monti.lt\/product\/kalediniai-lyginimo-karoliukai\/#primaryimage\"},\"thumbnailUrl\":\"https:\/\/monti.lt\/wp-content\/uploads\/2025\/10\/lit_pl_Lyginimo-karoliukai-6000vnt-Cruzzle-22424-17256_7.jpg\",\"datePublished\":\"2025-10-09T08:49:01+00:00\",\"dateModified\":\"2026-03-26T12:49:48+00:00\",\"breadcrumb\":{\"@id\":\"https:\/\/monti.lt\/product\/kalediniai-lyginimo-karoliukai\/#breadcrumb\"},\"inLanguage\":\"en-US\",\"potentialAction\":[{\"@type\":\"ReadAction\",\"target\":[\"https:\/\/monti.lt\/product\/kalediniai-lyginimo-karoliukai\/\"]}]},{\"@type\":\"ImageObject\",\"inLanguage\":\"en-US\",\"@id\":\"https:\/\/monti.lt\/product\/kalediniai-lyginimo-karoliukai\/#primaryimage\",\"url\":\"https:\/\/monti.lt\/wp-content\/uploads\/2025\/10\/lit_pl_Lyginimo-karoliukai-6000vnt-Cruzzle-22424-17256_7.jpg\",\"contentUrl\":\"https:\/\/monti.lt\/wp-content\/uploads\/2025\/10\/lit_pl_Lyginimo-karoliukai-6000vnt-Cruzzle-22424-17256_7.jpg\",\"width\":500,\"height\":500,\"caption\":\"kaledine dovana darzeliams\"},{\"@type\":\"BreadcrumbList\",\"@id\":\"https:\/\/monti.lt\/product\/kalediniai-lyginimo-karoliukai\/#breadcrumb\",\"itemListElement\":[{\"@type\":\"ListItem\",\"position\":1,\"name\":\"Home\",\"item\":\"https:\/\/monti.lt\/\"},{\"@type\":\"ListItem\",\"position\":2,\"name\":\"Parduotuv\u0117\",\"item\":\"https:\/\/monti.lt\/shop\/\"},{\"@type\":\"ListItem\",\"position\":3,\"name\":\"Kal\u0117diniai lyginimo karoliukai\"}]},{\"@type\":\"WebSite\",\"@id\":\"https:\/\/monti.lt\/#website\",\"url\":\"https:\/\/monti.lt\/\",\"name\":\"Montessori \u017eaislai\",\"description\":\"\",\"publisher\":{\"@id\":\"https:\/\/monti.lt\/#organization\"},\"potentialAction\":[{\"@type\":\"SearchAction\",\"target\":{\"@type\":\"EntryPoint\",\"urlTemplate\":\"https:\/\/monti.lt\/?s={search_term_string}\"},\"query-input\":\"required name=search_term_string\"}],\"inLanguage\":\"en-US\"},{\"@type\":\"Organization\",\"@id\":\"https:\/\/monti.lt\/#organization\",\"name\":\"Montessori \u017eaislai\",\"url\":\"https:\/\/monti.lt\/\",\"logo\":{\"@type\":\"ImageObject\",\"inLanguage\":\"en-US\",\"@id\":\"https:\/\/monti.lt\/#\/schema\/logo\/image\/\",\"url\":\"https:\/\/monti.lt\/wp-content\/uploads\/2022\/03\/montilogo-1.png\",\"contentUrl\":\"https:\/\/monti.lt\/wp-content\/uploads\/2022\/03\/montilogo-1.png\",\"width\":512,\"height\":512,\"caption\":\"Montessori \u017eaislai\"},\"image\":{\"@id\":\"https:\/\/monti.lt\/#\/schema\/logo\/image\/\"}}]}<\/script>\n<!-- \/ Yoast SEO plugin. -->","yoast_head_json":{"title":"Kal\u0117diniai lyginimo karoliukai - Montessori \u017eaislai","robots":{"index":"index","follow":"follow","max-snippet":"max-snippet:-1","max-image-preview":"max-image-preview:large","max-video-preview":"max-video-preview:-1"},"canonical":"https:\/\/monti.lt\/en\/product\/kalediniai-lyginimo-karoliukai\/","og_locale":"en_US","og_type":"article","og_title":"Kal\u0117diniai lyginimo karoliukai - Montessori \u017eaislai","og_description":"LYGINIMO KAROLIAI 6000vnt + PRIEDAI&nbsp; SPECIFIKACIJA \u012eSKAI\u010cIUOTA 6000 kal\u0117din\u0117s serijos karoliuk\u0173 rinkinys su aksesuarais kelia vaik\u0105 nor\u0105 derinti ir \u017eaisti, jie gal\u0117s sukurti pasaki\u0161kai spalvingus \u012fvairi\u0173 form\u0173 paveiksl\u0117lius, yra daugyb\u0117 galimybi\u0173 &#8211; vaikas gali kurti \u012fvairius persona\u017eus ar gyv\u016bn\u0117lius. Suk\u016br\u0119 kelis \u0161ablono sluoksnius galime sukurti 3D fig\u016bras! GAMINTOJAS: ISO TRADE Sp\u00f3\u0142ka z o.o.Gniewomierz 17359-241 Legnickie [&hellip;]","og_url":"https:\/\/monti.lt\/en\/product\/kalediniai-lyginimo-karoliukai\/","og_site_name":"Montessori \u017eaislai","article_modified_time":"2026-03-26T12:49:48+00:00","og_image":[{"width":500,"height":500,"url":"https:\/\/monti.lt\/wp-content\/uploads\/2025\/10\/lit_pl_Lyginimo-karoliukai-6000vnt-Cruzzle-22424-17256_7.jpg","type":"image\/jpeg"}],"twitter_card":"summary_large_image","twitter_misc":{"Est. reading time":"3 minutes"},"schema":{"@context":"https:\/\/schema.org","@graph":[{"@type":"WebPage","@id":"https:\/\/monti.lt\/product\/kalediniai-lyginimo-karoliukai\/","url":"https:\/\/monti.lt\/product\/kalediniai-lyginimo-karoliukai\/","name":"Kal\u0117diniai lyginimo karoliukai - Montessori \u017eaislai","isPartOf":{"@id":"https:\/\/monti.lt\/#website"},"primaryImageOfPage":{"@id":"https:\/\/monti.lt\/product\/kalediniai-lyginimo-karoliukai\/#primaryimage"},"image":{"@id":"https:\/\/monti.lt\/product\/kalediniai-lyginimo-karoliukai\/#primaryimage"},"thumbnailUrl":"https:\/\/monti.lt\/wp-content\/uploads\/2025\/10\/lit_pl_Lyginimo-karoliukai-6000vnt-Cruzzle-22424-17256_7.jpg","datePublished":"2025-10-09T08:49:01+00:00","dateModified":"2026-03-26T12:49:48+00:00","breadcrumb":{"@id":"https:\/\/monti.lt\/product\/kalediniai-lyginimo-karoliukai\/#breadcrumb"},"inLanguage":"en-US","potentialAction":[{"@type":"ReadAction","target":["https:\/\/monti.lt\/product\/kalediniai-lyginimo-karoliukai\/"]}]},{"@type":"ImageObject","inLanguage":"en-US","@id":"https:\/\/monti.lt\/product\/kalediniai-lyginimo-karoliukai\/#primaryimage","url":"https:\/\/monti.lt\/wp-content\/uploads\/2025\/10\/lit_pl_Lyginimo-karoliukai-6000vnt-Cruzzle-22424-17256_7.jpg","contentUrl":"https:\/\/monti.lt\/wp-content\/uploads\/2025\/10\/lit_pl_Lyginimo-karoliukai-6000vnt-Cruzzle-22424-17256_7.jpg","width":500,"height":500,"caption":"kaledine dovana darzeliams"},{"@type":"BreadcrumbList","@id":"https:\/\/monti.lt\/product\/kalediniai-lyginimo-karoliukai\/#breadcrumb","itemListElement":[{"@type":"ListItem","position":1,"name":"Home","item":"https:\/\/monti.lt\/"},{"@type":"ListItem","position":2,"name":"Parduotuv\u0117","item":"https:\/\/monti.lt\/shop\/"},{"@type":"ListItem","position":3,"name":"Kal\u0117diniai lyginimo karoliukai"}]},{"@type":"WebSite","@id":"https:\/\/monti.lt\/#website","url":"https:\/\/monti.lt\/","name":"Montessori \u017eaislai","description":"","publisher":{"@id":"https:\/\/monti.lt\/#organization"},"potentialAction":[{"@type":"SearchAction","target":{"@type":"EntryPoint","urlTemplate":"https:\/\/monti.lt\/?s={search_term_string}"},"query-input":"required name=search_term_string"}],"inLanguage":"en-US"},{"@type":"Organization","@id":"https:\/\/monti.lt\/#organization","name":"Montessori \u017eaislai","url":"https:\/\/monti.lt\/","logo":{"@type":"ImageObject","inLanguage":"en-US","@id":"https:\/\/monti.lt\/#\/schema\/logo\/image\/","url":"https:\/\/monti.lt\/wp-content\/uploads\/2022\/03\/montilogo-1.png","contentUrl":"https:\/\/monti.lt\/wp-content\/uploads\/2022\/03\/montilogo-1.png","width":512,"height":512,"caption":"Montessori \u017eaislai"},"image":{"@id":"https:\/\/monti.lt\/#\/schema\/logo\/image\/"}}]}},"_links":{"self":[{"href":"https:\/\/monti.lt\/en\/wp-json\/wp\/v2\/product\/33920"}],"collection":[{"href":"https:\/\/monti.lt\/en\/wp-json\/wp\/v2\/product"}],"about":[{"href":"https:\/\/monti.lt\/en\/wp-json\/wp\/v2\/types\/product"}],"version-history":[{"count":1,"href":"https:\/\/monti.lt\/en\/wp-json\/wp\/v2\/product\/33920\/revisions"}],"predecessor-version":[{"id":33930,"href":"https:\/\/monti.lt\/en\/wp-json\/wp\/v2\/product\/33920\/revisions\/33930"}],"wp:featuredmedia":[{"embeddable":true,"href":"https:\/\/monti.lt\/en\/wp-json\/wp\/v2\/media\/33921"}],"wp:attachment":[{"href":"https:\/\/monti.lt\/en\/wp-json\/wp\/v2\/media?parent=33920"}],"wp:term":[{"taxonomy":"product_cat","embeddable":true,"href":"https:\/\/monti.lt\/en\/wp-json\/wp\/v2\/product_cat?post=33920"},{"taxonomy":"product_tag","embeddable":true,"href":"https:\/\/monti.lt\/en\/wp-json\/wp\/v2\/product_tag?post=33920"}],"curies":[{"name":"wp","href":"https:\/\/api.w.org\/{rel}","templated":true}]}}