{"id":33932,"date":"2025-10-09T09:07:08","date_gmt":"2025-10-09T09:07:08","guid":{"rendered":"https:\/\/monti.lt\/?post_type=product&#038;p=33932"},"modified":"2026-03-01T12:24:28","modified_gmt":"2026-03-01T12:24:28","slug":"silikoninis-valgymo-indu-rinkinys-smelio-sp","status":"publish","type":"product","link":"https:\/\/monti.lt\/en\/product\/silikoninis-valgymo-indu-rinkinys-smelio-sp\/","title":{"rendered":"Silikoninis valgymo ind\u0173 rinkinys, sm\u0117lio sp."},"content":{"rendered":"<p>SILIKONINIAI VAIK\u0172 INDELIAI \u2013 9 VIENET\u0172 RINKINYS KRABO FORMOS.<\/p>\n\n\n\n<p>Norite, kad j\u016bs\u0173 vaiko maitinimas b\u016bt\u0173 saugus, patogus ir d\u017eiaugsmingas? Pasirinkite silikonini\u0173 indeli\u0173 rinkin\u012f, kuris pakeis kasdien\u012f maitinim\u0105 ir pavers savaranki\u0161ko valgymo mokym\u0105si malonumu. Tai silikoniniai k\u016bdiki\u0173 indeliai, sukurti t\u0117v\u0173 patogumui ir ma\u017eylio komfortui.<\/p>\n\n\n\n<p>Pilnas k\u016bdiki\u0173 ind\u0173 rinkinys<\/p>\n\n\n\n<p>Tai ne \u012fprasti aksesuarai, o special\u016bs indai, skirti remti ma\u017eylio mitybos pl\u0117tr\u0105 ir \u012fvairinim\u0105. Kiekvienas indas pagamintas i\u0161 auk\u0161tos kokyb\u0117s silikono, visi\u0161kai be BPA, tod\u0117l garantuoja saug\u0173 kontakt\u0105 su maistu. Silikoniniai k\u016bdiki\u0173 indai pasi\u017eymi i\u0161skirtiniu patvarumu ir atsparumu \u2013 jie nesud\u016b\u017eta kaip plastikiniai indai.<\/p>\n\n\n\n<p>Prakti\u0161ki ir lengvai naudojami<\/p>\n\n\n\n<p>Silikoniniai indai lengvai valomi, o tai yra didelis privalumas \u2013 juos paruo\u0161ti kitam valgymui u\u017etrunka tik akimirksn\u012f. Stiprios siurbtuv\u0117s garantuoja stabilum\u0105, o silikoninis trij\u0173 dali\u0173 l\u0117k\u0161t\u0117 arba silikonin\u0117 duben\u0117l\u0117 nepasislinksta valgant. Tai daro savaranki\u0161k\u0105 valgym\u0105 saug\u0173 ir patog\u0173.<\/p>\n\n\n\n<p>Savaranki\u0161kumo mokymasis<\/p>\n\n\n\n<p>Si\u016blomi silikoniniai indai sukurti taip, kad skatint\u0173 vaik\u0105 atrasti skoni\u0173 \u012fvairov\u0119. Ergonomi\u0161ki stalo \u012frankiai: mink\u0161tas silikoninis \u0161auk\u0161tas ir \u0161akut\u0117 yra \u0161veln\u016bs k\u016bdikio dantenoms ir palengvina pirmuosius savaranki\u0161ko valgymo bandymus. Tai saug\u016bs priedai, kurie padeda mokytis valgyti ir leid\u017eia ma\u017eyliui m\u0117gautis kiekvienu k\u0105sniu.<\/p>\n\n\n\n<p>Su \u0161iuo rinkiniu kiekvienas valgis tampa proga mokytis ir \u017eaisti. Tai puikiai suderinti indai, kurie ne tik palengvina t\u0117v\u0173 gyvenim\u0105, bet ir, svarbiausia, skatina ma\u017euosius atrasti naujus skonius ir bendro stalo d\u017eiaugsm\u0105.<\/p>\n\n\n\n<p>Vaikams skirt\u0173 ind\u0173 rinkinio privalumai:<\/p>\n\n\n\n<ul class=\"wp-block-list\">\n<li>Saugumas \u2013 be BPA med\u017eiagos, 100 % tinkami ma\u017eiems vaikams. J\u016bs suteikiate savo vaikui pasitik\u0117jim\u0105 sveikais ir saugiais valgiais<\/li>\n\n\n\n<li>Kokyb\u0117 ir ilgaam\u017ei\u0161kumas \u2013 esteti\u0161ki, atspar\u016bs ir pagaminti i\u0161 auk\u0161tos kokyb\u0117s silikono. Tai aksesuarai, kurie tarnaus daugel\u012f met\u0173<\/li>\n\n\n\n<li>Nepriklausomyb\u0117 \u2013 jie palengvina mokym\u0105si valgyti ir remia vaiko vystym\u0105si. Ma\u017eylis greitai pam\u0117gs valgyti be suaugusi\u0173j\u0173 pagalbos.<\/li>\n\n\n\n<li>Kasdienis patogumas \u2013 lengvai valomi, atspar\u016bs pa\u017eeidimams ir temperat\u016brai. Idealiai tinka tiek namuose, tiek kelion\u0117je.<\/li>\n\n\n\n<li>Valgymo patogumas \u2013 stabil\u016bs, mink\u0161ti ir ergonomi\u0161ki, idealiai tinka jautrioms dantenoms. Kiekvienas valgymas tampa ramus ir malonus.<\/li>\n<\/ul>\n\n\n\n<p>Vaik\u0173 ind\u0173 rinkinio \u201eKrab\u201c sud\u0117tis:<\/p>\n\n\n\n<ul class=\"wp-block-list\">\n<li>Krab\u0173 formos trij\u0173 dali\u0173 silikonin\u0117 l\u0117k\u0161t\u0117 su siurbtuku.<\/li>\n\n\n\n<li>Auk\u0161ta silikonin\u0117 dubuo su siurbtuku<\/li>\n\n\n\n<li>Puodelis su dviem dangteliais (\u012fskaitant vien\u0105 su fiksuotu \u0161iaudeliu)<\/li>\n\n\n\n<li>Silikoniniai k\u016bdiki\u0173 stalo \u012frankiai (\u0161auk\u0161tas ir \u0161akut\u0117) + pirmieji stalo \u012frankiai (\u0161auk\u0161tas ir \u0161akut\u0117)<\/li>\n\n\n\n<li>Silikoninis reguliuojamas prie\u0161d\u0117lis su ki\u0161en\u0117le<\/li>\n\n\n\n<li>Naudojimo instrukcija<\/li>\n<\/ul>\n\n\n\n<p>Techniniai duomenys:<\/p>\n\n\n\n<ul class=\"wp-block-list\">\n<li>Am\u017eius: nuo 6 m\u0117nesi\u0173<\/li>\n\n\n\n<li>Spalva: sm\u0117lio atspalviai<\/li>\n\n\n\n<li>Med\u017eiaga: silikonas (be BPA), medis<\/li>\n\n\n\n<li>Galima plauti indaplov\u0117je: taip<\/li>\n\n\n\n<li>Galima \u0161ildyti mikrobang\u0173 krosnel\u0117je: taip<\/li>\n\n\n\n<li>Atsparumas kar\u0161\u010diui: iki 220 \u00b0C<\/li>\n<\/ul>\n\n\n\n<p>Matmenys:<\/p>\n\n\n\n<ul class=\"wp-block-list\">\n<li>Silikonin\u0117 l\u0117k\u0161t\u0117 (krabas): 24 x 15 x 4 cm<\/li>\n\n\n\n<li>K\u016bdiki\u0173 duben\u0117liai: 15 x 11,5 cm (repl\u0117s: 8 x 5,5 cm)<\/li>\n\n\n\n<li>Puodelis: 7,5 x 11 cm (auk\u0161tis su \u0161iaudeliu: 10 cm)<\/li>\n\n\n\n<li>Silikoninis \u0161auk\u0161tas ir \u0161akut\u0117: 14 x 3,5 cm<\/li>\n\n\n\n<li>Medinis \u0161auk\u0161tas ir \u0161akut\u0117: 14,5 x 3,5 cm<\/li>\n\n\n\n<li>Prijuost\u0117: 25 x 21 cm<\/li>\n\n\n\n<li>Svoris: 0,70 kg<\/li>\n\n\n\n<li>Pakuot\u0117: skaidri pl\u0117vel\u0117 27 x 25 x 10 cm<\/li>\n<\/ul>","protected":false},"excerpt":{"rendered":"<p>SILIKONINIAI VAIK\u0172 INDELIAI \u2013 9 VIENET\u0172 RINKINYS KRABO FORMOS. Norite, kad j\u016bs\u0173 vaiko maitinimas b\u016bt\u0173 saugus, patogus ir d\u017eiaugsmingas? Pasirinkite silikonini\u0173 indeli\u0173 rinkin\u012f, kuris pakeis kasdien\u012f maitinim\u0105 ir pavers savaranki\u0161ko valgymo mokym\u0105si malonumu. Tai silikoniniai k\u016bdiki\u0173 indeliai, sukurti t\u0117v\u0173 patogumui ir ma\u017eylio komfortui. Pilnas k\u016bdiki\u0173 ind\u0173 rinkinys Tai ne \u012fprasti aksesuarai, o special\u016bs indai, skirti [&hellip;]<\/p>","protected":false},"featured_media":33933,"template":"","meta":{"_acf_changed":false,"iawp_total_views":161},"product_cat":[193,191,257,258],"product_tag":[95,96,94],"class_list":{"0":"post-33932","1":"product","2":"type-product","3":"status-publish","4":"has-post-thumbnail","6":"product_cat-dovanos-vaikams-1-2-metu","7":"product_cat-dovanos-vaikams","8":"product_cat-vaiku-prieziura","9":"product_cat-virtuves-irankiai-vaikams","10":"product_tag-1-m-2-m","11":"product_tag-2-m-3-m","12":"product_tag-iki-1-m","14":"first","15":"instock","16":"taxable","17":"shipping-taxable","18":"purchasable","19":"product-type-simple"},"acf":[],"yoast_head":"<!-- This site is optimized with the Yoast SEO plugin v23.3 - https:\/\/yoast.com\/wordpress\/plugins\/seo\/ -->\n<title>Silikoninis valgymo ind\u0173 rinkinys, sm\u0117lio sp. - Montessori \u017eaislai<\/title>\n<meta name=\"robots\" content=\"index, follow, max-snippet:-1, max-image-preview:large, max-video-preview:-1\" \/>\n<link rel=\"canonical\" href=\"https:\/\/monti.lt\/en\/product\/silikoninis-valgymo-indu-rinkinys-smelio-sp\/\" \/>\n<meta property=\"og:locale\" content=\"en_US\" \/>\n<meta property=\"og:type\" content=\"article\" \/>\n<meta property=\"og:title\" content=\"Silikoninis valgymo ind\u0173 rinkinys, sm\u0117lio sp. - Montessori \u017eaislai\" \/>\n<meta property=\"og:description\" content=\"SILIKONINIAI VAIK\u0172 INDELIAI \u2013 9 VIENET\u0172 RINKINYS KRABO FORMOS. Norite, kad j\u016bs\u0173 vaiko maitinimas b\u016bt\u0173 saugus, patogus ir d\u017eiaugsmingas? Pasirinkite silikonini\u0173 indeli\u0173 rinkin\u012f, kuris pakeis kasdien\u012f maitinim\u0105 ir pavers savaranki\u0161ko valgymo mokym\u0105si malonumu. Tai silikoniniai k\u016bdiki\u0173 indeliai, sukurti t\u0117v\u0173 patogumui ir ma\u017eylio komfortui. Pilnas k\u016bdiki\u0173 ind\u0173 rinkinys Tai ne \u012fprasti aksesuarai, o special\u016bs indai, skirti [&hellip;]\" \/>\n<meta property=\"og:url\" content=\"https:\/\/monti.lt\/en\/product\/silikoninis-valgymo-indu-rinkinys-smelio-sp\/\" \/>\n<meta property=\"og:site_name\" content=\"Montessori \u017eaislai\" \/>\n<meta property=\"article:modified_time\" content=\"2026-03-01T12:24:28+00:00\" \/>\n<meta property=\"og:image\" content=\"https:\/\/monti.lt\/wp-content\/uploads\/2025\/10\/Silicone-children-s-dishes-crab-zest-9el-beige-176356.jpg\" \/>\n\t<meta property=\"og:image:width\" content=\"1024\" \/>\n\t<meta property=\"og:image:height\" content=\"1024\" \/>\n\t<meta property=\"og:image:type\" content=\"image\/jpeg\" \/>\n<meta name=\"twitter:card\" content=\"summary_large_image\" \/>\n<meta name=\"twitter:label1\" content=\"Est. reading time\" \/>\n\t<meta name=\"twitter:data1\" content=\"3 minutes\" \/>\n<script type=\"application\/ld+json\" class=\"yoast-schema-graph\">{\"@context\":\"https:\/\/schema.org\",\"@graph\":[{\"@type\":\"WebPage\",\"@id\":\"https:\/\/monti.lt\/product\/silikoninis-valgymo-indu-rinkinys-smelio-sp\/\",\"url\":\"https:\/\/monti.lt\/product\/silikoninis-valgymo-indu-rinkinys-smelio-sp\/\",\"name\":\"Silikoninis valgymo ind\u0173 rinkinys, sm\u0117lio sp. - Montessori \u017eaislai\",\"isPartOf\":{\"@id\":\"https:\/\/monti.lt\/#website\"},\"primaryImageOfPage\":{\"@id\":\"https:\/\/monti.lt\/product\/silikoninis-valgymo-indu-rinkinys-smelio-sp\/#primaryimage\"},\"image\":{\"@id\":\"https:\/\/monti.lt\/product\/silikoninis-valgymo-indu-rinkinys-smelio-sp\/#primaryimage\"},\"thumbnailUrl\":\"https:\/\/monti.lt\/wp-content\/uploads\/2025\/10\/Silicone-children-s-dishes-crab-zest-9el-beige-176356.jpg\",\"datePublished\":\"2025-10-09T09:07:08+00:00\",\"dateModified\":\"2026-03-01T12:24:28+00:00\",\"breadcrumb\":{\"@id\":\"https:\/\/monti.lt\/product\/silikoninis-valgymo-indu-rinkinys-smelio-sp\/#breadcrumb\"},\"inLanguage\":\"en-US\",\"potentialAction\":[{\"@type\":\"ReadAction\",\"target\":[\"https:\/\/monti.lt\/product\/silikoninis-valgymo-indu-rinkinys-smelio-sp\/\"]}]},{\"@type\":\"ImageObject\",\"inLanguage\":\"en-US\",\"@id\":\"https:\/\/monti.lt\/product\/silikoninis-valgymo-indu-rinkinys-smelio-sp\/#primaryimage\",\"url\":\"https:\/\/monti.lt\/wp-content\/uploads\/2025\/10\/Silicone-children-s-dishes-crab-zest-9el-beige-176356.jpg\",\"contentUrl\":\"https:\/\/monti.lt\/wp-content\/uploads\/2025\/10\/Silicone-children-s-dishes-crab-zest-9el-beige-176356.jpg\",\"width\":1024,\"height\":1024},{\"@type\":\"BreadcrumbList\",\"@id\":\"https:\/\/monti.lt\/product\/silikoninis-valgymo-indu-rinkinys-smelio-sp\/#breadcrumb\",\"itemListElement\":[{\"@type\":\"ListItem\",\"position\":1,\"name\":\"Home\",\"item\":\"https:\/\/monti.lt\/\"},{\"@type\":\"ListItem\",\"position\":2,\"name\":\"Parduotuv\u0117\",\"item\":\"https:\/\/monti.lt\/shop\/\"},{\"@type\":\"ListItem\",\"position\":3,\"name\":\"Silikoninis valgymo ind\u0173 rinkinys, sm\u0117lio sp.\"}]},{\"@type\":\"WebSite\",\"@id\":\"https:\/\/monti.lt\/#website\",\"url\":\"https:\/\/monti.lt\/\",\"name\":\"Montessori \u017eaislai\",\"description\":\"\",\"publisher\":{\"@id\":\"https:\/\/monti.lt\/#organization\"},\"potentialAction\":[{\"@type\":\"SearchAction\",\"target\":{\"@type\":\"EntryPoint\",\"urlTemplate\":\"https:\/\/monti.lt\/?s={search_term_string}\"},\"query-input\":\"required name=search_term_string\"}],\"inLanguage\":\"en-US\"},{\"@type\":\"Organization\",\"@id\":\"https:\/\/monti.lt\/#organization\",\"name\":\"Montessori \u017eaislai\",\"url\":\"https:\/\/monti.lt\/\",\"logo\":{\"@type\":\"ImageObject\",\"inLanguage\":\"en-US\",\"@id\":\"https:\/\/monti.lt\/#\/schema\/logo\/image\/\",\"url\":\"https:\/\/monti.lt\/wp-content\/uploads\/2022\/03\/montilogo-1.png\",\"contentUrl\":\"https:\/\/monti.lt\/wp-content\/uploads\/2022\/03\/montilogo-1.png\",\"width\":512,\"height\":512,\"caption\":\"Montessori \u017eaislai\"},\"image\":{\"@id\":\"https:\/\/monti.lt\/#\/schema\/logo\/image\/\"}}]}<\/script>\n<!-- \/ Yoast SEO plugin. -->","yoast_head_json":{"title":"Silikoninis valgymo ind\u0173 rinkinys, sm\u0117lio sp. - Montessori \u017eaislai","robots":{"index":"index","follow":"follow","max-snippet":"max-snippet:-1","max-image-preview":"max-image-preview:large","max-video-preview":"max-video-preview:-1"},"canonical":"https:\/\/monti.lt\/en\/product\/silikoninis-valgymo-indu-rinkinys-smelio-sp\/","og_locale":"en_US","og_type":"article","og_title":"Silikoninis valgymo ind\u0173 rinkinys, sm\u0117lio sp. - Montessori \u017eaislai","og_description":"SILIKONINIAI VAIK\u0172 INDELIAI \u2013 9 VIENET\u0172 RINKINYS KRABO FORMOS. Norite, kad j\u016bs\u0173 vaiko maitinimas b\u016bt\u0173 saugus, patogus ir d\u017eiaugsmingas? Pasirinkite silikonini\u0173 indeli\u0173 rinkin\u012f, kuris pakeis kasdien\u012f maitinim\u0105 ir pavers savaranki\u0161ko valgymo mokym\u0105si malonumu. Tai silikoniniai k\u016bdiki\u0173 indeliai, sukurti t\u0117v\u0173 patogumui ir ma\u017eylio komfortui. Pilnas k\u016bdiki\u0173 ind\u0173 rinkinys Tai ne \u012fprasti aksesuarai, o special\u016bs indai, skirti [&hellip;]","og_url":"https:\/\/monti.lt\/en\/product\/silikoninis-valgymo-indu-rinkinys-smelio-sp\/","og_site_name":"Montessori \u017eaislai","article_modified_time":"2026-03-01T12:24:28+00:00","og_image":[{"width":1024,"height":1024,"url":"https:\/\/monti.lt\/wp-content\/uploads\/2025\/10\/Silicone-children-s-dishes-crab-zest-9el-beige-176356.jpg","type":"image\/jpeg"}],"twitter_card":"summary_large_image","twitter_misc":{"Est. reading time":"3 minutes"},"schema":{"@context":"https:\/\/schema.org","@graph":[{"@type":"WebPage","@id":"https:\/\/monti.lt\/product\/silikoninis-valgymo-indu-rinkinys-smelio-sp\/","url":"https:\/\/monti.lt\/product\/silikoninis-valgymo-indu-rinkinys-smelio-sp\/","name":"Silikoninis valgymo ind\u0173 rinkinys, sm\u0117lio sp. - Montessori \u017eaislai","isPartOf":{"@id":"https:\/\/monti.lt\/#website"},"primaryImageOfPage":{"@id":"https:\/\/monti.lt\/product\/silikoninis-valgymo-indu-rinkinys-smelio-sp\/#primaryimage"},"image":{"@id":"https:\/\/monti.lt\/product\/silikoninis-valgymo-indu-rinkinys-smelio-sp\/#primaryimage"},"thumbnailUrl":"https:\/\/monti.lt\/wp-content\/uploads\/2025\/10\/Silicone-children-s-dishes-crab-zest-9el-beige-176356.jpg","datePublished":"2025-10-09T09:07:08+00:00","dateModified":"2026-03-01T12:24:28+00:00","breadcrumb":{"@id":"https:\/\/monti.lt\/product\/silikoninis-valgymo-indu-rinkinys-smelio-sp\/#breadcrumb"},"inLanguage":"en-US","potentialAction":[{"@type":"ReadAction","target":["https:\/\/monti.lt\/product\/silikoninis-valgymo-indu-rinkinys-smelio-sp\/"]}]},{"@type":"ImageObject","inLanguage":"en-US","@id":"https:\/\/monti.lt\/product\/silikoninis-valgymo-indu-rinkinys-smelio-sp\/#primaryimage","url":"https:\/\/monti.lt\/wp-content\/uploads\/2025\/10\/Silicone-children-s-dishes-crab-zest-9el-beige-176356.jpg","contentUrl":"https:\/\/monti.lt\/wp-content\/uploads\/2025\/10\/Silicone-children-s-dishes-crab-zest-9el-beige-176356.jpg","width":1024,"height":1024},{"@type":"BreadcrumbList","@id":"https:\/\/monti.lt\/product\/silikoninis-valgymo-indu-rinkinys-smelio-sp\/#breadcrumb","itemListElement":[{"@type":"ListItem","position":1,"name":"Home","item":"https:\/\/monti.lt\/"},{"@type":"ListItem","position":2,"name":"Parduotuv\u0117","item":"https:\/\/monti.lt\/shop\/"},{"@type":"ListItem","position":3,"name":"Silikoninis valgymo ind\u0173 rinkinys, sm\u0117lio sp."}]},{"@type":"WebSite","@id":"https:\/\/monti.lt\/#website","url":"https:\/\/monti.lt\/","name":"Montessori \u017eaislai","description":"","publisher":{"@id":"https:\/\/monti.lt\/#organization"},"potentialAction":[{"@type":"SearchAction","target":{"@type":"EntryPoint","urlTemplate":"https:\/\/monti.lt\/?s={search_term_string}"},"query-input":"required name=search_term_string"}],"inLanguage":"en-US"},{"@type":"Organization","@id":"https:\/\/monti.lt\/#organization","name":"Montessori \u017eaislai","url":"https:\/\/monti.lt\/","logo":{"@type":"ImageObject","inLanguage":"en-US","@id":"https:\/\/monti.lt\/#\/schema\/logo\/image\/","url":"https:\/\/monti.lt\/wp-content\/uploads\/2022\/03\/montilogo-1.png","contentUrl":"https:\/\/monti.lt\/wp-content\/uploads\/2022\/03\/montilogo-1.png","width":512,"height":512,"caption":"Montessori \u017eaislai"},"image":{"@id":"https:\/\/monti.lt\/#\/schema\/logo\/image\/"}}]}},"_links":{"self":[{"href":"https:\/\/monti.lt\/en\/wp-json\/wp\/v2\/product\/33932"}],"collection":[{"href":"https:\/\/monti.lt\/en\/wp-json\/wp\/v2\/product"}],"about":[{"href":"https:\/\/monti.lt\/en\/wp-json\/wp\/v2\/types\/product"}],"version-history":[{"count":1,"href":"https:\/\/monti.lt\/en\/wp-json\/wp\/v2\/product\/33932\/revisions"}],"predecessor-version":[{"id":33943,"href":"https:\/\/monti.lt\/en\/wp-json\/wp\/v2\/product\/33932\/revisions\/33943"}],"wp:featuredmedia":[{"embeddable":true,"href":"https:\/\/monti.lt\/en\/wp-json\/wp\/v2\/media\/33933"}],"wp:attachment":[{"href":"https:\/\/monti.lt\/en\/wp-json\/wp\/v2\/media?parent=33932"}],"wp:term":[{"taxonomy":"product_cat","embeddable":true,"href":"https:\/\/monti.lt\/en\/wp-json\/wp\/v2\/product_cat?post=33932"},{"taxonomy":"product_tag","embeddable":true,"href":"https:\/\/monti.lt\/en\/wp-json\/wp\/v2\/product_tag?post=33932"}],"curies":[{"name":"wp","href":"https:\/\/api.w.org\/{rel}","templated":true}]}}