{"id":33944,"date":"2025-10-09T09:14:45","date_gmt":"2025-10-09T09:14:45","guid":{"rendered":"https:\/\/monti.lt\/?post_type=product&#038;p=33944"},"modified":"2025-12-11T18:31:28","modified_gmt":"2025-12-11T18:31:28","slug":"leliu-namelis-lagaminelyje","status":"publish","type":"product","link":"https:\/\/monti.lt\/en\/product\/leliu-namelis-lagaminelyje\/","title":{"rendered":"L\u0117li\u0173 namelis lagamin\u0117lyje"},"content":{"rendered":"<p>L\u0116L\u0116S NAMAS LAGAMIN\u0116JE SU BALDAIS MA\u017dAS BUTAS<\/p>\n\n\n\n<p>I\u0161skirtinis namelis lagamin\u0117lyje su baldais, kuriuos galima i\u0161d\u0117styti savaranki\u0161kai, prad\u017eiugins ir ma\u017euosius, ir did\u017eiuosius. Vaik\u0173 lagamin\u0117lyje pasl\u0117ptas mini daugiabu\u010dio l\u0117l\u0117s butas \u2013 baldus galima i\u0161d\u0117styti viduje ir ant lagamin\u0117lio dang\u010dio. Baig\u0119 \u017eaisti, baldus galima sud\u0117ti atgal, tod\u0117l lengva palaikyti tvark\u0105.<\/p>\n\n\n\n<p>Kuom skiriasi l\u0117l\u0117s namelis lagamin\u0117lyje?<\/p>\n\n\n\n<p>L\u0117l\u0117s namelis-lagamin\u0117lis komplektuojamas su net 25 mielais audinio ir med\u017eio baldais. Tai rinkinys vaikams nuo 3 met\u0173 \u2013 visi l\u0117l\u0117s namelio elementai yra patog\u016bs ir lengvai paimami ma\u017eam vaikui. Pilnas namelio element\u0173 rinkinys apima lov\u0105 su patalyn\u0117s komplektu, lentynas, kriaukl\u0119, sof\u0105 ar stal\u0105. D\u0117l gausaus baldais komplekto namelis gali b\u016bti gra\u017eiai dekoruotas kaip miegamasis, virtuv\u0117 ar svetain\u0117. Bald\u0173 komplekte taip pat yra \u012fdomi\u0173 dekoracij\u0173, pavyzd\u017eiui, vazonini\u0173 augal\u0173, kilim\u0117lio, veidrod\u017eio ir paveikslo, kuriuos galima priklijuoti prie lagamin\u0117lio vidaus. Namel\u012f galite laikyti kaip vaiko kambario dekoracij\u0105 arba viet\u0105 miniati\u016brin\u0117ms l\u0117l\u0117ms ar fig\u016br\u0117l\u0117ms.<\/p>\n\n\n\n<p>Kokie yra \u017eaidimo lagamin\u0117lio namuke privalumai?<\/p>\n\n\n\n<p>Miniati\u016brinis lagamin\u0117lis-namelis leis jums visada tur\u0117ti savo m\u0117gstamus \u017eaislus \u0161alia sav\u0119s. Sulankstytas lagaminas-namelis neu\u017eima daug vietos. Plati rankena leid\u017eia j\u012f lengvai transportuoti \u2013 galite pasiimti j\u012f su savimi \u012f kelion\u0119. Lagaminas-namelis bus ideali vieta laikyti l\u0117les ar fig\u016br\u0117les, o \u017eaidimas su l\u0117l\u0117mis yra puikus b\u016bdas ugdyti vaik\u0173 vaizduot\u0119. Mediniai baldai gali b\u016bti sud\u0117ti \u012f lagamin\u0105, kai \u017eaidimas baigsis, o tvarkos palaikymas pad\u0117s j\u016bs\u0173 vaikui \u012fgyti \u012fprot\u012f tvarkyti \u017eaislus.<\/p>\n\n\n\n<p>L\u0117li\u0173 namelis lagamin\u0117lyje su baldais:<\/p>\n\n\n\n<p>Bus netradicin\u0117 dovana vaikui \u2013 namelis-lagamin\u0117lis su nameliui skirtais elementais yra puiki id\u0117ja gimtadienio ar Kal\u0117d\u0173 dovana.<br>Teigiamai veikia vaik\u0173 k\u016brybi\u0161kum\u0105 \u2013 miniati\u016brini\u0173 interjer\u0173 k\u016brimas suteikia ma\u017eiausiems daug d\u017eiaugsmo.<br>Turi draugi\u0161k\u0105 dizain\u0105 \u2013 med\u017eio ir pasteli\u0173 spalv\u0173 derinys suteikia rinkiniui malon\u0173 akiai i\u0161vaizd\u0105.<br>Lengvas ir mobilus \u2013 lagamino forma leid\u017eia namel\u012f pasiimti su savimi bet kur.<br>Padeda palaikyti tvark\u0105 \u2013 po \u017eaidimo vaikas gali sutvarkyti \u017eaislus ir sud\u0117ti juos atgal \u012f lagamin\u0105.<br>Komplekto sud\u0117tis:<\/p>\n\n\n\n<p>I\u0161skleid\u017eiamas lagaminas \u2013 namelis.<br>Lova su patalyn\u0117s komplektu (3 pagalv\u0117s ir antklod\u0117).<br>Didel\u0117 lentyn\u0117l\u0117 su skyreliais<br>Kop\u0117\u010dios<br>Kriaukl\u0117 (atidaromos durel\u0117s)<br>Kampinis stalas<br>2 ma\u017ei taburet\u0117s<br>2 vidutinio dyd\u017eio taburet\u0117s<\/p>\n\n\n\n<p>Komoda (atidaromos durel\u0117s)<br>Veidrodis (tvirtinamas folija ir dvipuse lipnia juosta)<br>Paveikslas (tvirtinamas dvipuse lipnia juosta)<br>2 dekoratyviniai cilindro formos stovai<br>2 vazonai<br>Kavos staliukas<br>Sofos<br>Fotelis<br>Kilimas<br>S\u016bpyn\u0117s arkliukas<br>Techniniai parametrai ir matmenys:<\/p>\n\n\n\n<p>Plastikas: kartonas, medis, audinys (poliesteris), veltinis<br>Am\u017eius: 3+<br>Spalva: ro\u017ein\u0117 su g\u0117li\u0173 motyvu<br>Element\u0173 skai\u010dius komplekte: 25<br>D\u0117\u017eut\u0117s matmenys: 31 cm x 22 cm<br>Lagamin\u0117lio gylis: 10 cm<br>Pirmojo auk\u0161to auk\u0161tis: 12 cm<br>Auk\u0161to auk\u0161tis: 7,5 cm<br>Lagamin\u0117lio su turiniu svoris: 960 cm<br>Pakuot\u0117s svoris: 1100 cm<br>Pakuot\u0117s matmenys: 32 cm x 22,5 cm x 11,5 cm<br>Produktas supakuotas \u012f rud\u0105 kartonin\u0119 d\u0117\u017eut\u0119<\/p>","protected":false},"excerpt":{"rendered":"<p>L\u0116L\u0116S NAMAS LAGAMIN\u0116JE SU BALDAIS MA\u017dAS BUTAS I\u0161skirtinis namelis lagamin\u0117lyje su baldais, kuriuos galima i\u0161d\u0117styti savaranki\u0161kai, prad\u017eiugins ir ma\u017euosius, ir did\u017eiuosius. Vaik\u0173 lagamin\u0117lyje pasl\u0117ptas mini daugiabu\u010dio l\u0117l\u0117s butas \u2013 baldus galima i\u0161d\u0117styti viduje ir ant lagamin\u0117lio dang\u010dio. Baig\u0119 \u017eaisti, baldus galima sud\u0117ti atgal, tod\u0117l lengva palaikyti tvark\u0105. Kuom skiriasi l\u0117l\u0117s namelis lagamin\u0117lyje? L\u0117l\u0117s namelis-lagamin\u0117lis komplektuojamas [&hellip;]<\/p>","protected":false},"featured_media":33945,"template":"","meta":{"_acf_changed":false,"iawp_total_views":256},"product_cat":[195,216,217,196,191,192,84,102,93,49,39,214],"product_tag":[97,98],"class_list":{"0":"post-33944","1":"product","2":"type-product","3":"status-publish","4":"has-post-thumbnail","6":"product_cat-dovanos-vaikams-3-4-metu","7":"product_cat-dovanos-4-5-metu-vaikams","8":"product_cat-dovanos-5-7-metu-vaikams","9":"product_cat-dovanos-mergaitems","10":"product_cat-dovanos-vaikams","11":"product_cat-kaledines-dovanos-vaikams","12":"product_cat-lavinamieji-zaislai","13":"product_cat-mediniai-zaislai","14":"product_cat-vaidmenu-zaidimai","15":"product_cat-visi-zaislai","16":"product_cat-zaislai","17":"product_cat-zaislai-mergaitems","18":"product_tag-3-m-4-m","19":"product_tag-5-m-7-m","21":"first","22":"outofstock","23":"taxable","24":"shipping-taxable","25":"purchasable","26":"product-type-simple"},"acf":[],"yoast_head":"<!-- This site is optimized with the Yoast SEO plugin v23.3 - https:\/\/yoast.com\/wordpress\/plugins\/seo\/ -->\n<title>L\u0117li\u0173 namelis lagamin\u0117lyje - Montessori \u017eaislai<\/title>\n<meta name=\"robots\" content=\"index, follow, max-snippet:-1, max-image-preview:large, max-video-preview:-1\" \/>\n<link rel=\"canonical\" href=\"https:\/\/monti.lt\/en\/product\/leliu-namelis-lagaminelyje\/\" \/>\n<meta property=\"og:locale\" content=\"en_US\" \/>\n<meta property=\"og:type\" content=\"article\" \/>\n<meta property=\"og:title\" content=\"L\u0117li\u0173 namelis lagamin\u0117lyje - Montessori \u017eaislai\" \/>\n<meta property=\"og:description\" content=\"L\u0116L\u0116S NAMAS LAGAMIN\u0116JE SU BALDAIS MA\u017dAS BUTAS I\u0161skirtinis namelis lagamin\u0117lyje su baldais, kuriuos galima i\u0161d\u0117styti savaranki\u0161kai, prad\u017eiugins ir ma\u017euosius, ir did\u017eiuosius. Vaik\u0173 lagamin\u0117lyje pasl\u0117ptas mini daugiabu\u010dio l\u0117l\u0117s butas \u2013 baldus galima i\u0161d\u0117styti viduje ir ant lagamin\u0117lio dang\u010dio. Baig\u0119 \u017eaisti, baldus galima sud\u0117ti atgal, tod\u0117l lengva palaikyti tvark\u0105. Kuom skiriasi l\u0117l\u0117s namelis lagamin\u0117lyje? L\u0117l\u0117s namelis-lagamin\u0117lis komplektuojamas [&hellip;]\" \/>\n<meta property=\"og:url\" content=\"https:\/\/monti.lt\/en\/product\/leliu-namelis-lagaminelyje\/\" \/>\n<meta property=\"og:site_name\" content=\"Montessori \u017eaislai\" \/>\n<meta property=\"article:modified_time\" content=\"2025-12-11T18:31:28+00:00\" \/>\n<meta property=\"og:image\" content=\"https:\/\/monti.lt\/wp-content\/uploads\/2025\/10\/Dollhouse-in-a-suitcase-with-accesories-and-wooden-furniture-177532.jpg\" \/>\n\t<meta property=\"og:image:width\" content=\"1024\" \/>\n\t<meta property=\"og:image:height\" content=\"1024\" \/>\n\t<meta property=\"og:image:type\" content=\"image\/jpeg\" \/>\n<meta name=\"twitter:card\" content=\"summary_large_image\" \/>\n<meta name=\"twitter:label1\" content=\"Est. reading time\" \/>\n\t<meta name=\"twitter:data1\" content=\"3 minutes\" \/>\n<script type=\"application\/ld+json\" class=\"yoast-schema-graph\">{\"@context\":\"https:\/\/schema.org\",\"@graph\":[{\"@type\":\"WebPage\",\"@id\":\"https:\/\/monti.lt\/product\/leliu-namelis-lagaminelyje\/\",\"url\":\"https:\/\/monti.lt\/product\/leliu-namelis-lagaminelyje\/\",\"name\":\"L\u0117li\u0173 namelis lagamin\u0117lyje - Montessori \u017eaislai\",\"isPartOf\":{\"@id\":\"https:\/\/monti.lt\/#website\"},\"primaryImageOfPage\":{\"@id\":\"https:\/\/monti.lt\/product\/leliu-namelis-lagaminelyje\/#primaryimage\"},\"image\":{\"@id\":\"https:\/\/monti.lt\/product\/leliu-namelis-lagaminelyje\/#primaryimage\"},\"thumbnailUrl\":\"https:\/\/monti.lt\/wp-content\/uploads\/2025\/10\/Dollhouse-in-a-suitcase-with-accesories-and-wooden-furniture-177532.jpg\",\"datePublished\":\"2025-10-09T09:14:45+00:00\",\"dateModified\":\"2025-12-11T18:31:28+00:00\",\"breadcrumb\":{\"@id\":\"https:\/\/monti.lt\/product\/leliu-namelis-lagaminelyje\/#breadcrumb\"},\"inLanguage\":\"en-US\",\"potentialAction\":[{\"@type\":\"ReadAction\",\"target\":[\"https:\/\/monti.lt\/product\/leliu-namelis-lagaminelyje\/\"]}]},{\"@type\":\"ImageObject\",\"inLanguage\":\"en-US\",\"@id\":\"https:\/\/monti.lt\/product\/leliu-namelis-lagaminelyje\/#primaryimage\",\"url\":\"https:\/\/monti.lt\/wp-content\/uploads\/2025\/10\/Dollhouse-in-a-suitcase-with-accesories-and-wooden-furniture-177532.jpg\",\"contentUrl\":\"https:\/\/monti.lt\/wp-content\/uploads\/2025\/10\/Dollhouse-in-a-suitcase-with-accesories-and-wooden-furniture-177532.jpg\",\"width\":1024,\"height\":1024,\"caption\":\"leles namas lagamine\"},{\"@type\":\"BreadcrumbList\",\"@id\":\"https:\/\/monti.lt\/product\/leliu-namelis-lagaminelyje\/#breadcrumb\",\"itemListElement\":[{\"@type\":\"ListItem\",\"position\":1,\"name\":\"Home\",\"item\":\"https:\/\/monti.lt\/\"},{\"@type\":\"ListItem\",\"position\":2,\"name\":\"Parduotuv\u0117\",\"item\":\"https:\/\/monti.lt\/shop\/\"},{\"@type\":\"ListItem\",\"position\":3,\"name\":\"L\u0117li\u0173 namelis lagamin\u0117lyje\"}]},{\"@type\":\"WebSite\",\"@id\":\"https:\/\/monti.lt\/#website\",\"url\":\"https:\/\/monti.lt\/\",\"name\":\"Montessori \u017eaislai\",\"description\":\"\",\"publisher\":{\"@id\":\"https:\/\/monti.lt\/#organization\"},\"potentialAction\":[{\"@type\":\"SearchAction\",\"target\":{\"@type\":\"EntryPoint\",\"urlTemplate\":\"https:\/\/monti.lt\/?s={search_term_string}\"},\"query-input\":\"required name=search_term_string\"}],\"inLanguage\":\"en-US\"},{\"@type\":\"Organization\",\"@id\":\"https:\/\/monti.lt\/#organization\",\"name\":\"Montessori \u017eaislai\",\"url\":\"https:\/\/monti.lt\/\",\"logo\":{\"@type\":\"ImageObject\",\"inLanguage\":\"en-US\",\"@id\":\"https:\/\/monti.lt\/#\/schema\/logo\/image\/\",\"url\":\"https:\/\/monti.lt\/wp-content\/uploads\/2022\/03\/montilogo-1.png\",\"contentUrl\":\"https:\/\/monti.lt\/wp-content\/uploads\/2022\/03\/montilogo-1.png\",\"width\":512,\"height\":512,\"caption\":\"Montessori \u017eaislai\"},\"image\":{\"@id\":\"https:\/\/monti.lt\/#\/schema\/logo\/image\/\"}}]}<\/script>\n<!-- \/ Yoast SEO plugin. -->","yoast_head_json":{"title":"L\u0117li\u0173 namelis lagamin\u0117lyje - Montessori \u017eaislai","robots":{"index":"index","follow":"follow","max-snippet":"max-snippet:-1","max-image-preview":"max-image-preview:large","max-video-preview":"max-video-preview:-1"},"canonical":"https:\/\/monti.lt\/en\/product\/leliu-namelis-lagaminelyje\/","og_locale":"en_US","og_type":"article","og_title":"L\u0117li\u0173 namelis lagamin\u0117lyje - Montessori \u017eaislai","og_description":"L\u0116L\u0116S NAMAS LAGAMIN\u0116JE SU BALDAIS MA\u017dAS BUTAS I\u0161skirtinis namelis lagamin\u0117lyje su baldais, kuriuos galima i\u0161d\u0117styti savaranki\u0161kai, prad\u017eiugins ir ma\u017euosius, ir did\u017eiuosius. Vaik\u0173 lagamin\u0117lyje pasl\u0117ptas mini daugiabu\u010dio l\u0117l\u0117s butas \u2013 baldus galima i\u0161d\u0117styti viduje ir ant lagamin\u0117lio dang\u010dio. Baig\u0119 \u017eaisti, baldus galima sud\u0117ti atgal, tod\u0117l lengva palaikyti tvark\u0105. Kuom skiriasi l\u0117l\u0117s namelis lagamin\u0117lyje? L\u0117l\u0117s namelis-lagamin\u0117lis komplektuojamas [&hellip;]","og_url":"https:\/\/monti.lt\/en\/product\/leliu-namelis-lagaminelyje\/","og_site_name":"Montessori \u017eaislai","article_modified_time":"2025-12-11T18:31:28+00:00","og_image":[{"width":1024,"height":1024,"url":"https:\/\/monti.lt\/wp-content\/uploads\/2025\/10\/Dollhouse-in-a-suitcase-with-accesories-and-wooden-furniture-177532.jpg","type":"image\/jpeg"}],"twitter_card":"summary_large_image","twitter_misc":{"Est. reading time":"3 minutes"},"schema":{"@context":"https:\/\/schema.org","@graph":[{"@type":"WebPage","@id":"https:\/\/monti.lt\/product\/leliu-namelis-lagaminelyje\/","url":"https:\/\/monti.lt\/product\/leliu-namelis-lagaminelyje\/","name":"L\u0117li\u0173 namelis lagamin\u0117lyje - Montessori \u017eaislai","isPartOf":{"@id":"https:\/\/monti.lt\/#website"},"primaryImageOfPage":{"@id":"https:\/\/monti.lt\/product\/leliu-namelis-lagaminelyje\/#primaryimage"},"image":{"@id":"https:\/\/monti.lt\/product\/leliu-namelis-lagaminelyje\/#primaryimage"},"thumbnailUrl":"https:\/\/monti.lt\/wp-content\/uploads\/2025\/10\/Dollhouse-in-a-suitcase-with-accesories-and-wooden-furniture-177532.jpg","datePublished":"2025-10-09T09:14:45+00:00","dateModified":"2025-12-11T18:31:28+00:00","breadcrumb":{"@id":"https:\/\/monti.lt\/product\/leliu-namelis-lagaminelyje\/#breadcrumb"},"inLanguage":"en-US","potentialAction":[{"@type":"ReadAction","target":["https:\/\/monti.lt\/product\/leliu-namelis-lagaminelyje\/"]}]},{"@type":"ImageObject","inLanguage":"en-US","@id":"https:\/\/monti.lt\/product\/leliu-namelis-lagaminelyje\/#primaryimage","url":"https:\/\/monti.lt\/wp-content\/uploads\/2025\/10\/Dollhouse-in-a-suitcase-with-accesories-and-wooden-furniture-177532.jpg","contentUrl":"https:\/\/monti.lt\/wp-content\/uploads\/2025\/10\/Dollhouse-in-a-suitcase-with-accesories-and-wooden-furniture-177532.jpg","width":1024,"height":1024,"caption":"leles namas lagamine"},{"@type":"BreadcrumbList","@id":"https:\/\/monti.lt\/product\/leliu-namelis-lagaminelyje\/#breadcrumb","itemListElement":[{"@type":"ListItem","position":1,"name":"Home","item":"https:\/\/monti.lt\/"},{"@type":"ListItem","position":2,"name":"Parduotuv\u0117","item":"https:\/\/monti.lt\/shop\/"},{"@type":"ListItem","position":3,"name":"L\u0117li\u0173 namelis lagamin\u0117lyje"}]},{"@type":"WebSite","@id":"https:\/\/monti.lt\/#website","url":"https:\/\/monti.lt\/","name":"Montessori \u017eaislai","description":"","publisher":{"@id":"https:\/\/monti.lt\/#organization"},"potentialAction":[{"@type":"SearchAction","target":{"@type":"EntryPoint","urlTemplate":"https:\/\/monti.lt\/?s={search_term_string}"},"query-input":"required name=search_term_string"}],"inLanguage":"en-US"},{"@type":"Organization","@id":"https:\/\/monti.lt\/#organization","name":"Montessori \u017eaislai","url":"https:\/\/monti.lt\/","logo":{"@type":"ImageObject","inLanguage":"en-US","@id":"https:\/\/monti.lt\/#\/schema\/logo\/image\/","url":"https:\/\/monti.lt\/wp-content\/uploads\/2022\/03\/montilogo-1.png","contentUrl":"https:\/\/monti.lt\/wp-content\/uploads\/2022\/03\/montilogo-1.png","width":512,"height":512,"caption":"Montessori \u017eaislai"},"image":{"@id":"https:\/\/monti.lt\/#\/schema\/logo\/image\/"}}]}},"_links":{"self":[{"href":"https:\/\/monti.lt\/en\/wp-json\/wp\/v2\/product\/33944"}],"collection":[{"href":"https:\/\/monti.lt\/en\/wp-json\/wp\/v2\/product"}],"about":[{"href":"https:\/\/monti.lt\/en\/wp-json\/wp\/v2\/types\/product"}],"version-history":[{"count":1,"href":"https:\/\/monti.lt\/en\/wp-json\/wp\/v2\/product\/33944\/revisions"}],"predecessor-version":[{"id":33946,"href":"https:\/\/monti.lt\/en\/wp-json\/wp\/v2\/product\/33944\/revisions\/33946"}],"wp:featuredmedia":[{"embeddable":true,"href":"https:\/\/monti.lt\/en\/wp-json\/wp\/v2\/media\/33945"}],"wp:attachment":[{"href":"https:\/\/monti.lt\/en\/wp-json\/wp\/v2\/media?parent=33944"}],"wp:term":[{"taxonomy":"product_cat","embeddable":true,"href":"https:\/\/monti.lt\/en\/wp-json\/wp\/v2\/product_cat?post=33944"},{"taxonomy":"product_tag","embeddable":true,"href":"https:\/\/monti.lt\/en\/wp-json\/wp\/v2\/product_tag?post=33944"}],"curies":[{"name":"wp","href":"https:\/\/api.w.org\/{rel}","templated":true}]}}