{"id":33947,"date":"2025-10-09T09:18:36","date_gmt":"2025-10-09T09:18:36","guid":{"rendered":"https:\/\/monti.lt\/?post_type=product&#038;p=33947"},"modified":"2025-12-03T11:16:46","modified_gmt":"2025-12-03T11:16:46","slug":"gyvunu-namelis-lagaminelyje","status":"publish","type":"product","link":"https:\/\/monti.lt\/en\/product\/gyvunu-namelis-lagaminelyje\/","title":{"rendered":"Gyv\u016bn\u0173 namelis lagamin\u0117lyje"},"content":{"rendered":"<p>NAMAS LAGAMIN\u0116JE SU BALDAIS VIE\u0160BUTIS GYV\u016aNAMS<\/p>\n\n\n\n<p>\u0160is l\u0117l\u0117s namelis i\u0161 pirmo \u017evilgsnio atrodo nepastebimas \u2013 kaip \u012fprastas lagaminas. I\u0161skleidus j\u012f, jis virsta daugiaauk\u0161\u010diu namu, kuris veikia kaip vie\u0161butis gyv\u016bnams. Jame rasite mini bald\u0173 rinkin\u012f ir \u0161uns bei kat\u0117s fig\u016br\u0117les. Turtinga l\u0117l\u0117s namelio \u012franga tikrai sukels tiek vaik\u0173, tiek suaugusi\u0173j\u0173 smalsum\u0105.<\/p>\n\n\n\n<p>Kokios yra l\u0117l\u0117s namelio lagamine savyb\u0117s?<\/p>\n\n\n\n<p>I\u0161skirtinis l\u0117l\u0117s namelis lagamine su baldais yra \u017eavus \u017eaislas vaikams nuo 3 met\u0173. Lagamin\u0105 primenantis namelis yra lengvai transportuojamas, tod\u0117l vaikas visada gali tur\u0117ti savo m\u0117gstamus \u017eaislus su savimi. Sulankstytas namelis lagamine u\u017eima ma\u017eai vietos, o i\u0161skleistas gali tapti originaliu kambario dekoro elementu. Lagamin\u0117lio dangtis tampa l\u0117l\u0117s namelio dalimi, kuri\u0105 galime papuo\u0161ti mediniais baldais. Namel\u012f galime \u012frengti kaip \u012fprast\u0105 but\u0105 arba paversti parduotuve ar gyv\u016bn\u0173 vie\u0161bu\u010diu.<\/p>\n\n\n\n<p>I\u0161skleid\u017eiamas namelis lagamin\u0117lyje \u2013 kokie yra \u017eaidimo nameliu privalumai?<\/p>\n\n\n\n<p>Pilnas l\u0117l\u0117s namelio element\u0173 rinkinys leid\u017eia sugalvoti \u012fdomius \u017eaidimo scenarijus. Be kita ko, rinkinyje yra \u0161un\u0173 ir ka\u010di\u0173 fig\u016br\u0117l\u0117s, \u0161un\u0173 b\u016bda ir nag\u0173 galandimo stulpas, taip pat prekystalis su kasos aparatu. \u017daidimas su l\u0117l\u0117mis ar fig\u016br\u0117l\u0117mis namuose ugdo socialinius \u012fg\u016bd\u017eius ir emocin\u012f intelekt\u0105 \u2013 vaikas gali lengvai \u012fsijausti \u012f \u017eaid\u017eiamas situacijas. Nameliui skirtas element\u0173 rinkinys leid\u017eia sukurti, be kita ko, miegam\u0105j\u012f, svetain\u0119, parduotuv\u0119 ar kiem\u0105. Ma\u017ei mediniai baldai yra patog\u016bs ir lengvai paimami vaik\u0173 rankomis.<\/p>\n\n\n\n<p>L\u0117li\u0173 namelis lagamin\u0117lyje su baldais:<\/p>\n\n\n\n<p>Tai puiki dovana vaikui \u2013 lagamin\u0117lis, kuris taip pat yra l\u0117li\u0173 namelis, gali sukelti \u201ewow\u201c efekt\u0105 ma\u017eyliui.<br>Skatina k\u016brybi\u0161kum\u0105 ir ugdo vaizduot\u0119 \u2013 \u012fvair\u016bs baldai leid\u017eia \u017eaisti namus, parduotuv\u0119 ar vie\u0161but\u012f gyv\u016bnams.<br>\u012edomus dizainas \u2013 lagamin\u0117lio formos namelis gali sudominti ir ma\u017eus, ir didelius.<br>Lengvas ir patogus \u2013 lagamin\u0117l\u012f su rankena lengva ne\u0161ti, tod\u0117l j\u012f galima pasiimti \u012f automobil\u012f ir kitur.<br>Pad\u0117s ugdyti tvarkos \u012fpro\u010dius \u2013 po \u017eaidimo galite sutvarkyti \u017eaislus, pasl\u0117pdami baldus atgal \u012f lagamin\u0105.<br>Komplekto sud\u0117tis:<\/p>\n\n\n\n<p>I\u0161skleid\u017eiamas lagaminas \u2013 namelis<br>Lova su patalyn\u0117s komplektu (3 pagalv\u0117s ir antklod\u0117)<br>Skaitiklis<br>Kasinink\u0117s kasos aparatas<br>Kop\u0117\u010dios<br>Sofa<br>Stalas<br>Kilimas<br>Kat\u0117s draskykl\u0117<br>\u0160uns b\u016bda<br>2x gyv\u016bn\u0173 duben\u0117liai<br>Vazonas<br>\u0160uo<br>Kat\u0117<br>Techniniai parametrai ir matmenys:<\/p>\n\n\n\n<p>Plastikas: kartonas, medis, audinys (poliesteris), veltinis.<br>Am\u017eius: 3+<br>Spalva: violetin\u0117 su g\u0117li\u0173 ir \u0161uneli\u0173 motyvu.<br>Komplekto dali\u0173 skai\u010dius: 18.<br>Lagamin\u0117lio matmenys: 31 cm x 22 cm.<br>Lagamin\u0117lio gylis: 10 cm.<br>Pirmojo auk\u0161to auk\u0161tis: 10 cm.<br>Antrojo auk\u0161to auk\u0161tis: 9 cm.<br>Rankenos ilgis: 14 cm.<br>Lagamin\u0117lio su turiniu svoris: 960 g.<br>Pakuot\u0117s svoris: 1100 g<br>Pakuot\u0117s matmenys: 32 cm x 22,5 cm x 11,5 cm<br>Produktas supakuotas \u012f rud\u0105 kartonin\u0119 d\u0117\u017eut\u0119<\/p>","protected":false},"excerpt":{"rendered":"<p>NAMAS LAGAMIN\u0116JE SU BALDAIS VIE\u0160BUTIS GYV\u016aNAMS \u0160is l\u0117l\u0117s namelis i\u0161 pirmo \u017evilgsnio atrodo nepastebimas \u2013 kaip \u012fprastas lagaminas. I\u0161skleidus j\u012f, jis virsta daugiaauk\u0161\u010diu namu, kuris veikia kaip vie\u0161butis gyv\u016bnams. Jame rasite mini bald\u0173 rinkin\u012f ir \u0161uns bei kat\u0117s fig\u016br\u0117les. Turtinga l\u0117l\u0117s namelio \u012franga tikrai sukels tiek vaik\u0173, tiek suaugusi\u0173j\u0173 smalsum\u0105. Kokios yra l\u0117l\u0117s namelio lagamine [&hellip;]<\/p>","protected":false},"featured_media":33948,"template":"","meta":{"_acf_changed":false,"iawp_total_views":184},"product_cat":[195,216,217,191,192,84,102,93,49,39],"product_tag":[97,98],"class_list":{"0":"post-33947","1":"product","2":"type-product","3":"status-publish","4":"has-post-thumbnail","6":"product_cat-dovanos-vaikams-3-4-metu","7":"product_cat-dovanos-4-5-metu-vaikams","8":"product_cat-dovanos-5-7-metu-vaikams","9":"product_cat-dovanos-vaikams","10":"product_cat-kaledines-dovanos-vaikams","11":"product_cat-lavinamieji-zaislai","12":"product_cat-mediniai-zaislai","13":"product_cat-vaidmenu-zaidimai","14":"product_cat-visi-zaislai","15":"product_cat-zaislai","16":"product_tag-3-m-4-m","17":"product_tag-5-m-7-m","19":"first","20":"outofstock","21":"sale","22":"taxable","23":"shipping-taxable","24":"purchasable","25":"product-type-simple"},"acf":[],"yoast_head":"<!-- This site is optimized with the Yoast SEO plugin v23.3 - https:\/\/yoast.com\/wordpress\/plugins\/seo\/ -->\n<title>Gyv\u016bn\u0173 namelis lagamin\u0117lyje - Montessori \u017eaislai<\/title>\n<meta name=\"robots\" content=\"index, follow, max-snippet:-1, max-image-preview:large, max-video-preview:-1\" \/>\n<link rel=\"canonical\" href=\"https:\/\/monti.lt\/en\/product\/gyvunu-namelis-lagaminelyje\/\" \/>\n<meta property=\"og:locale\" content=\"en_US\" \/>\n<meta property=\"og:type\" content=\"article\" \/>\n<meta property=\"og:title\" content=\"Gyv\u016bn\u0173 namelis lagamin\u0117lyje - Montessori \u017eaislai\" \/>\n<meta property=\"og:description\" content=\"NAMAS LAGAMIN\u0116JE SU BALDAIS VIE\u0160BUTIS GYV\u016aNAMS \u0160is l\u0117l\u0117s namelis i\u0161 pirmo \u017evilgsnio atrodo nepastebimas \u2013 kaip \u012fprastas lagaminas. I\u0161skleidus j\u012f, jis virsta daugiaauk\u0161\u010diu namu, kuris veikia kaip vie\u0161butis gyv\u016bnams. Jame rasite mini bald\u0173 rinkin\u012f ir \u0161uns bei kat\u0117s fig\u016br\u0117les. Turtinga l\u0117l\u0117s namelio \u012franga tikrai sukels tiek vaik\u0173, tiek suaugusi\u0173j\u0173 smalsum\u0105. Kokios yra l\u0117l\u0117s namelio lagamine [&hellip;]\" \/>\n<meta property=\"og:url\" content=\"https:\/\/monti.lt\/en\/product\/gyvunu-namelis-lagaminelyje\/\" \/>\n<meta property=\"og:site_name\" content=\"Montessori \u017eaislai\" \/>\n<meta property=\"article:modified_time\" content=\"2025-12-03T11:16:46+00:00\" \/>\n<meta property=\"og:image\" content=\"https:\/\/monti.lt\/wp-content\/uploads\/2025\/10\/Pet-hotel-in-a-suitcase-wooden-furniture-and-figures-177551.jpg\" \/>\n\t<meta property=\"og:image:width\" content=\"1024\" \/>\n\t<meta property=\"og:image:height\" content=\"1024\" \/>\n\t<meta property=\"og:image:type\" content=\"image\/jpeg\" \/>\n<meta name=\"twitter:card\" content=\"summary_large_image\" \/>\n<meta name=\"twitter:label1\" content=\"Est. reading time\" \/>\n\t<meta name=\"twitter:data1\" content=\"3 minutes\" \/>\n<script type=\"application\/ld+json\" class=\"yoast-schema-graph\">{\"@context\":\"https:\/\/schema.org\",\"@graph\":[{\"@type\":\"WebPage\",\"@id\":\"https:\/\/monti.lt\/product\/gyvunu-namelis-lagaminelyje\/\",\"url\":\"https:\/\/monti.lt\/product\/gyvunu-namelis-lagaminelyje\/\",\"name\":\"Gyv\u016bn\u0173 namelis lagamin\u0117lyje - Montessori \u017eaislai\",\"isPartOf\":{\"@id\":\"https:\/\/monti.lt\/#website\"},\"primaryImageOfPage\":{\"@id\":\"https:\/\/monti.lt\/product\/gyvunu-namelis-lagaminelyje\/#primaryimage\"},\"image\":{\"@id\":\"https:\/\/monti.lt\/product\/gyvunu-namelis-lagaminelyje\/#primaryimage\"},\"thumbnailUrl\":\"https:\/\/monti.lt\/wp-content\/uploads\/2025\/10\/Pet-hotel-in-a-suitcase-wooden-furniture-and-figures-177551.jpg\",\"datePublished\":\"2025-10-09T09:18:36+00:00\",\"dateModified\":\"2025-12-03T11:16:46+00:00\",\"breadcrumb\":{\"@id\":\"https:\/\/monti.lt\/product\/gyvunu-namelis-lagaminelyje\/#breadcrumb\"},\"inLanguage\":\"en-US\",\"potentialAction\":[{\"@type\":\"ReadAction\",\"target\":[\"https:\/\/monti.lt\/product\/gyvunu-namelis-lagaminelyje\/\"]}]},{\"@type\":\"ImageObject\",\"inLanguage\":\"en-US\",\"@id\":\"https:\/\/monti.lt\/product\/gyvunu-namelis-lagaminelyje\/#primaryimage\",\"url\":\"https:\/\/monti.lt\/wp-content\/uploads\/2025\/10\/Pet-hotel-in-a-suitcase-wooden-furniture-and-figures-177551.jpg\",\"contentUrl\":\"https:\/\/monti.lt\/wp-content\/uploads\/2025\/10\/Pet-hotel-in-a-suitcase-wooden-furniture-and-figures-177551.jpg\",\"width\":1024,\"height\":1024,\"caption\":\"namelis gyvunui lagamine\"},{\"@type\":\"BreadcrumbList\",\"@id\":\"https:\/\/monti.lt\/product\/gyvunu-namelis-lagaminelyje\/#breadcrumb\",\"itemListElement\":[{\"@type\":\"ListItem\",\"position\":1,\"name\":\"Home\",\"item\":\"https:\/\/monti.lt\/\"},{\"@type\":\"ListItem\",\"position\":2,\"name\":\"Parduotuv\u0117\",\"item\":\"https:\/\/monti.lt\/shop\/\"},{\"@type\":\"ListItem\",\"position\":3,\"name\":\"Gyv\u016bn\u0173 namelis lagamin\u0117lyje\"}]},{\"@type\":\"WebSite\",\"@id\":\"https:\/\/monti.lt\/#website\",\"url\":\"https:\/\/monti.lt\/\",\"name\":\"Montessori \u017eaislai\",\"description\":\"\",\"publisher\":{\"@id\":\"https:\/\/monti.lt\/#organization\"},\"potentialAction\":[{\"@type\":\"SearchAction\",\"target\":{\"@type\":\"EntryPoint\",\"urlTemplate\":\"https:\/\/monti.lt\/?s={search_term_string}\"},\"query-input\":\"required name=search_term_string\"}],\"inLanguage\":\"en-US\"},{\"@type\":\"Organization\",\"@id\":\"https:\/\/monti.lt\/#organization\",\"name\":\"Montessori \u017eaislai\",\"url\":\"https:\/\/monti.lt\/\",\"logo\":{\"@type\":\"ImageObject\",\"inLanguage\":\"en-US\",\"@id\":\"https:\/\/monti.lt\/#\/schema\/logo\/image\/\",\"url\":\"https:\/\/monti.lt\/wp-content\/uploads\/2022\/03\/montilogo-1.png\",\"contentUrl\":\"https:\/\/monti.lt\/wp-content\/uploads\/2022\/03\/montilogo-1.png\",\"width\":512,\"height\":512,\"caption\":\"Montessori \u017eaislai\"},\"image\":{\"@id\":\"https:\/\/monti.lt\/#\/schema\/logo\/image\/\"}}]}<\/script>\n<!-- \/ Yoast SEO plugin. -->","yoast_head_json":{"title":"Gyv\u016bn\u0173 namelis lagamin\u0117lyje - Montessori \u017eaislai","robots":{"index":"index","follow":"follow","max-snippet":"max-snippet:-1","max-image-preview":"max-image-preview:large","max-video-preview":"max-video-preview:-1"},"canonical":"https:\/\/monti.lt\/en\/product\/gyvunu-namelis-lagaminelyje\/","og_locale":"en_US","og_type":"article","og_title":"Gyv\u016bn\u0173 namelis lagamin\u0117lyje - Montessori \u017eaislai","og_description":"NAMAS LAGAMIN\u0116JE SU BALDAIS VIE\u0160BUTIS GYV\u016aNAMS \u0160is l\u0117l\u0117s namelis i\u0161 pirmo \u017evilgsnio atrodo nepastebimas \u2013 kaip \u012fprastas lagaminas. I\u0161skleidus j\u012f, jis virsta daugiaauk\u0161\u010diu namu, kuris veikia kaip vie\u0161butis gyv\u016bnams. Jame rasite mini bald\u0173 rinkin\u012f ir \u0161uns bei kat\u0117s fig\u016br\u0117les. Turtinga l\u0117l\u0117s namelio \u012franga tikrai sukels tiek vaik\u0173, tiek suaugusi\u0173j\u0173 smalsum\u0105. Kokios yra l\u0117l\u0117s namelio lagamine [&hellip;]","og_url":"https:\/\/monti.lt\/en\/product\/gyvunu-namelis-lagaminelyje\/","og_site_name":"Montessori \u017eaislai","article_modified_time":"2025-12-03T11:16:46+00:00","og_image":[{"width":1024,"height":1024,"url":"https:\/\/monti.lt\/wp-content\/uploads\/2025\/10\/Pet-hotel-in-a-suitcase-wooden-furniture-and-figures-177551.jpg","type":"image\/jpeg"}],"twitter_card":"summary_large_image","twitter_misc":{"Est. reading time":"3 minutes"},"schema":{"@context":"https:\/\/schema.org","@graph":[{"@type":"WebPage","@id":"https:\/\/monti.lt\/product\/gyvunu-namelis-lagaminelyje\/","url":"https:\/\/monti.lt\/product\/gyvunu-namelis-lagaminelyje\/","name":"Gyv\u016bn\u0173 namelis lagamin\u0117lyje - Montessori \u017eaislai","isPartOf":{"@id":"https:\/\/monti.lt\/#website"},"primaryImageOfPage":{"@id":"https:\/\/monti.lt\/product\/gyvunu-namelis-lagaminelyje\/#primaryimage"},"image":{"@id":"https:\/\/monti.lt\/product\/gyvunu-namelis-lagaminelyje\/#primaryimage"},"thumbnailUrl":"https:\/\/monti.lt\/wp-content\/uploads\/2025\/10\/Pet-hotel-in-a-suitcase-wooden-furniture-and-figures-177551.jpg","datePublished":"2025-10-09T09:18:36+00:00","dateModified":"2025-12-03T11:16:46+00:00","breadcrumb":{"@id":"https:\/\/monti.lt\/product\/gyvunu-namelis-lagaminelyje\/#breadcrumb"},"inLanguage":"en-US","potentialAction":[{"@type":"ReadAction","target":["https:\/\/monti.lt\/product\/gyvunu-namelis-lagaminelyje\/"]}]},{"@type":"ImageObject","inLanguage":"en-US","@id":"https:\/\/monti.lt\/product\/gyvunu-namelis-lagaminelyje\/#primaryimage","url":"https:\/\/monti.lt\/wp-content\/uploads\/2025\/10\/Pet-hotel-in-a-suitcase-wooden-furniture-and-figures-177551.jpg","contentUrl":"https:\/\/monti.lt\/wp-content\/uploads\/2025\/10\/Pet-hotel-in-a-suitcase-wooden-furniture-and-figures-177551.jpg","width":1024,"height":1024,"caption":"namelis gyvunui lagamine"},{"@type":"BreadcrumbList","@id":"https:\/\/monti.lt\/product\/gyvunu-namelis-lagaminelyje\/#breadcrumb","itemListElement":[{"@type":"ListItem","position":1,"name":"Home","item":"https:\/\/monti.lt\/"},{"@type":"ListItem","position":2,"name":"Parduotuv\u0117","item":"https:\/\/monti.lt\/shop\/"},{"@type":"ListItem","position":3,"name":"Gyv\u016bn\u0173 namelis lagamin\u0117lyje"}]},{"@type":"WebSite","@id":"https:\/\/monti.lt\/#website","url":"https:\/\/monti.lt\/","name":"Montessori \u017eaislai","description":"","publisher":{"@id":"https:\/\/monti.lt\/#organization"},"potentialAction":[{"@type":"SearchAction","target":{"@type":"EntryPoint","urlTemplate":"https:\/\/monti.lt\/?s={search_term_string}"},"query-input":"required name=search_term_string"}],"inLanguage":"en-US"},{"@type":"Organization","@id":"https:\/\/monti.lt\/#organization","name":"Montessori \u017eaislai","url":"https:\/\/monti.lt\/","logo":{"@type":"ImageObject","inLanguage":"en-US","@id":"https:\/\/monti.lt\/#\/schema\/logo\/image\/","url":"https:\/\/monti.lt\/wp-content\/uploads\/2022\/03\/montilogo-1.png","contentUrl":"https:\/\/monti.lt\/wp-content\/uploads\/2022\/03\/montilogo-1.png","width":512,"height":512,"caption":"Montessori \u017eaislai"},"image":{"@id":"https:\/\/monti.lt\/#\/schema\/logo\/image\/"}}]}},"_links":{"self":[{"href":"https:\/\/monti.lt\/en\/wp-json\/wp\/v2\/product\/33947"}],"collection":[{"href":"https:\/\/monti.lt\/en\/wp-json\/wp\/v2\/product"}],"about":[{"href":"https:\/\/monti.lt\/en\/wp-json\/wp\/v2\/types\/product"}],"version-history":[{"count":1,"href":"https:\/\/monti.lt\/en\/wp-json\/wp\/v2\/product\/33947\/revisions"}],"predecessor-version":[{"id":33949,"href":"https:\/\/monti.lt\/en\/wp-json\/wp\/v2\/product\/33947\/revisions\/33949"}],"wp:featuredmedia":[{"embeddable":true,"href":"https:\/\/monti.lt\/en\/wp-json\/wp\/v2\/media\/33948"}],"wp:attachment":[{"href":"https:\/\/monti.lt\/en\/wp-json\/wp\/v2\/media?parent=33947"}],"wp:term":[{"taxonomy":"product_cat","embeddable":true,"href":"https:\/\/monti.lt\/en\/wp-json\/wp\/v2\/product_cat?post=33947"},{"taxonomy":"product_tag","embeddable":true,"href":"https:\/\/monti.lt\/en\/wp-json\/wp\/v2\/product_tag?post=33947"}],"curies":[{"name":"wp","href":"https:\/\/api.w.org\/{rel}","templated":true}]}}