{"id":33963,"date":"2025-10-09T09:28:17","date_gmt":"2025-10-09T09:28:17","guid":{"rendered":"https:\/\/monti.lt\/?post_type=product&#038;p=33963"},"modified":"2026-03-01T12:24:04","modified_gmt":"2026-03-01T12:24:04","slug":"interaktyvus-suo","status":"publish","type":"product","link":"https:\/\/monti.lt\/en\/product\/interaktyvus-suo\/","title":{"rendered":"Interaktyvus \u0161uo"},"content":{"rendered":"<p>INTERAKTYVUS \u0160UNS SU KAULU REAGUOJA \u012e LIETIM\u0104<\/p>\n\n\n\n<p>Mason \u2013 interaktyvus \u0161uns su kaulu<\/p>\n\n\n\n<p>Vaik\u0161tantis \u0161uns, kuris kalba ir dainuoja, bus smagus ma\u017eylio \u017eaidim\u0173 draugas. Jis veikia su AA baterijomis; kai j\u012f \u012fjungiame, jis i\u0161 karto prisistato mums, skatindamas jud\u0117ti ir bendrauti. \u017daisdamas su \u0161unimi vaikas mokosi paprast\u0173 angl\u0173 kalbos \u017eod\u017ei\u0173, be to, tai skatina vaiko motorin\u012f ir sensorin\u012f vystym\u0105si.<\/p>\n\n\n\n<p>Interaktyvus \u0161uo \u2013 privalumai:<\/p>\n\n\n\n<p>Atsakomyb\u0117s mokymas \u2013 su \u0161unimi reikia \u017eaisti ir j\u012f \u0161erti; su \u0161uns pagalba galite parodyti vaikui, kaip pri\u017ei\u016br\u0117ti gyv\u0105 gyv\u016bn\u0105<br>Interaktyvios funkcijos \u2013 \u0161uo reaguoja \u012f prisilietim\u0105, skleid\u017eia atitinkamus \u0161viesos ir garso efektus, visapusi\u0161kai remdamas ma\u017eylio jutimin\u0119 integracij\u0105<br>Skatina fizin\u012f aktyvum\u0105 \u2013 \u017eaislinis \u0161uo juda \u012fvairiomis kryptimis; galite j\u012f sekti arba bandyti sugauti, lavindami smulki\u0105j\u0105 ir stambi\u0105j\u0105 motorik\u0105.<br>Angl\u0173 kalbos mokymasis \u2013 \u0161uniukas kalba angli\u0161kai, tod\u0117l vaikas mokosi suprasti u\u017esienio kalb\u0105 ausimi.<br>Draugi\u0161ka kompanija \u2013 draugi\u0161kas interaktyvus \u0161uo taps vaiko geriausiu draugu.<br>Interaktyvus \u0161uo su kaulu<\/p>\n\n\n\n<p>\u0160is interaktyvus \u0161uo gali vaik\u0161\u010dioti ir skleisti garsus, tod\u0117l jis kelia didel\u012f susidom\u0117jim\u0105 tiek vaikams, tiek suaugusiems. Kai vaikas paglosto \u0161unel\u012f, jis pradeda dainuoti ir suktis i\u0161 vienos pus\u0117s \u012f kit\u0105. \u017daislas suteikia vaikui daug d\u017eiaugsmo ir linksmybi\u0173, o kartu moko j\u012f atsakomyb\u0117s ir gyv\u016bno prie\u017ei\u016bros taisykli\u0173. \u0160uo turi magnetin\u0119 kaul\u0105 ant savo antkaklio, kuri leid\u017eia j\u012f pamaitinti, kai jis to pra\u0161o. Jis skirtingai reaguoja \u012f glostym\u0105 ant galvos ir glostym\u0105 ant liemens, dainuodamas \u012fvairias melodijas.<\/p>\n\n\n\n<p>Vaik\u0161\u010diojantis ir dainuojantis interaktyvus \u0161uo su kaulu<\/p>\n\n\n\n<p>Interaktyvus \u017eaidimas su \u0161unimi moko vaik\u0105 reaguoti \u012f \u012fvairius i\u0161orinius dirgiklius. \u0160uo komunikuoja savo poreikius \u2013 jis sako, kai yra alkanas arba kai nori \u017eaisti. Kai mes jam duodame kaul\u0105, \u0161uniukas d\u017eiaugiasi ir mums dainuoja dain\u0105. \u0160viesos ir garso efektai yra ne\u012ftik\u0117tinai \u012fsp\u016bdingi ir i\u0161\u0161aukia \u0161ypsen\u0105 vaiko veide. Interaktyvus \u0161uniukas yra puiki dovana gimtadieniams ir \u0161vent\u0117ms.<\/p>\n\n\n\n<p>\u017daislo savyb\u0117s:<\/p>\n\n\n\n<p>Interaktyvus Mason \u0161uniukas \u2013 paglostykite j\u012f ir jis su jumis kalb\u0117s!<br>\u017daislas kalba angl\u0173 kalba \u2013 padeda mokytis kalbos.<br>\u0160un\u012f galite pamaitinti duodami jam \u017eaislin\u012f kaul\u0105 (\u012ftrauktas).<br>Galite glostyti galv\u0105 ir k\u016bn\u0105, kad inicijuotum\u0117te \u012fvairias s\u0105veikas.<br>\u0160uniukas turi \u0161vie\u010dian\u010dias akis, juda ir groja muzik\u0105.<br>Komplekte yra magnetinis kaulas ir antkaklis.<br>Skirta vaikams nuo 3 met\u0173.<br>Techniniai parametrai ir matmenys:<\/p>\n\n\n\n<p>Med\u017eiaga: plastikas.<br>Maitinimas: 3 AA baterijos (\u012ftrauktos).<br>Am\u017eius: 3+.<br>Interaktyv\u016bs elementai: taip \u2013 \u0161uo kalba, turi \u0161vie\u010dian\u010dias akis ir judan\u010di\u0105 lie\u017euv\u012f, reaguoja \u012f prisilietimus ir individualius veiksmus (duoda kaulus), va\u017eiuoja \u012f \u0161on\u0105 ir groja muzik\u0105.<br>Interaktyvaus \u0161uns matmenys: 26 cm x 12 cm x 19 cm.<br>Kaul\u0173 matmenys: 8 cm x 4 cm<br>Pakuot\u0117s matmenys: 31 cm x 14,5 cm x 22 cm<br>Produktas supakuotas kartonin\u0117je d\u0117\u017eut\u0117je su langeliu<\/p>","protected":false},"excerpt":{"rendered":"<p>INTERAKTYVUS \u0160UNS SU KAULU REAGUOJA \u012e LIETIM\u0104 Mason \u2013 interaktyvus \u0161uns su kaulu Vaik\u0161tantis \u0161uns, kuris kalba ir dainuoja, bus smagus ma\u017eylio \u017eaidim\u0173 draugas. Jis veikia su AA baterijomis; kai j\u012f \u012fjungiame, jis i\u0161 karto prisistato mums, skatindamas jud\u0117ti ir bendrauti. \u017daisdamas su \u0161unimi vaikas mokosi paprast\u0173 angl\u0173 kalbos \u017eod\u017ei\u0173, be to, tai skatina vaiko [&hellip;]<\/p>","protected":false},"featured_media":33964,"template":"","meta":{"_acf_changed":false,"iawp_total_views":200},"product_cat":[195,216,217,191,84,93,49,39],"product_tag":[97,98],"class_list":{"0":"post-33963","1":"product","2":"type-product","3":"status-publish","4":"has-post-thumbnail","6":"product_cat-dovanos-vaikams-3-4-metu","7":"product_cat-dovanos-4-5-metu-vaikams","8":"product_cat-dovanos-5-7-metu-vaikams","9":"product_cat-dovanos-vaikams","10":"product_cat-lavinamieji-zaislai","11":"product_cat-vaidmenu-zaidimai","12":"product_cat-visi-zaislai","13":"product_cat-zaislai","14":"product_tag-3-m-4-m","15":"product_tag-5-m-7-m","17":"first","18":"instock","19":"taxable","20":"shipping-taxable","21":"purchasable","22":"product-type-simple"},"acf":[],"yoast_head":"<!-- This site is optimized with the Yoast SEO plugin v23.3 - https:\/\/yoast.com\/wordpress\/plugins\/seo\/ -->\n<title>Interaktyvus \u0161uo - Montessori \u017eaislai<\/title>\n<meta name=\"robots\" content=\"index, follow, max-snippet:-1, max-image-preview:large, max-video-preview:-1\" \/>\n<link rel=\"canonical\" href=\"https:\/\/monti.lt\/en\/product\/interaktyvus-suo\/\" \/>\n<meta property=\"og:locale\" content=\"en_US\" \/>\n<meta property=\"og:type\" content=\"article\" \/>\n<meta property=\"og:title\" content=\"Interaktyvus \u0161uo - Montessori \u017eaislai\" \/>\n<meta property=\"og:description\" content=\"INTERAKTYVUS \u0160UNS SU KAULU REAGUOJA \u012e LIETIM\u0104 Mason \u2013 interaktyvus \u0161uns su kaulu Vaik\u0161tantis \u0161uns, kuris kalba ir dainuoja, bus smagus ma\u017eylio \u017eaidim\u0173 draugas. Jis veikia su AA baterijomis; kai j\u012f \u012fjungiame, jis i\u0161 karto prisistato mums, skatindamas jud\u0117ti ir bendrauti. \u017daisdamas su \u0161unimi vaikas mokosi paprast\u0173 angl\u0173 kalbos \u017eod\u017ei\u0173, be to, tai skatina vaiko [&hellip;]\" \/>\n<meta property=\"og:url\" content=\"https:\/\/monti.lt\/en\/product\/interaktyvus-suo\/\" \/>\n<meta property=\"og:site_name\" content=\"Montessori \u017eaislai\" \/>\n<meta property=\"article:modified_time\" content=\"2026-03-01T12:24:04+00:00\" \/>\n<meta property=\"og:image\" content=\"https:\/\/monti.lt\/wp-content\/uploads\/2025\/10\/Interactive-dog-with-bone-responds-to-touch-176085.jpg\" \/>\n\t<meta property=\"og:image:width\" content=\"1024\" \/>\n\t<meta property=\"og:image:height\" content=\"1024\" \/>\n\t<meta property=\"og:image:type\" content=\"image\/jpeg\" \/>\n<meta name=\"twitter:card\" content=\"summary_large_image\" \/>\n<meta name=\"twitter:label1\" content=\"Est. reading time\" \/>\n\t<meta name=\"twitter:data1\" content=\"3 minutes\" \/>\n<script type=\"application\/ld+json\" class=\"yoast-schema-graph\">{\"@context\":\"https:\/\/schema.org\",\"@graph\":[{\"@type\":\"WebPage\",\"@id\":\"https:\/\/monti.lt\/product\/interaktyvus-suo\/\",\"url\":\"https:\/\/monti.lt\/product\/interaktyvus-suo\/\",\"name\":\"Interaktyvus \u0161uo - Montessori \u017eaislai\",\"isPartOf\":{\"@id\":\"https:\/\/monti.lt\/#website\"},\"primaryImageOfPage\":{\"@id\":\"https:\/\/monti.lt\/product\/interaktyvus-suo\/#primaryimage\"},\"image\":{\"@id\":\"https:\/\/monti.lt\/product\/interaktyvus-suo\/#primaryimage\"},\"thumbnailUrl\":\"https:\/\/monti.lt\/wp-content\/uploads\/2025\/10\/Interactive-dog-with-bone-responds-to-touch-176085.jpg\",\"datePublished\":\"2025-10-09T09:28:17+00:00\",\"dateModified\":\"2026-03-01T12:24:04+00:00\",\"breadcrumb\":{\"@id\":\"https:\/\/monti.lt\/product\/interaktyvus-suo\/#breadcrumb\"},\"inLanguage\":\"en-US\",\"potentialAction\":[{\"@type\":\"ReadAction\",\"target\":[\"https:\/\/monti.lt\/product\/interaktyvus-suo\/\"]}]},{\"@type\":\"ImageObject\",\"inLanguage\":\"en-US\",\"@id\":\"https:\/\/monti.lt\/product\/interaktyvus-suo\/#primaryimage\",\"url\":\"https:\/\/monti.lt\/wp-content\/uploads\/2025\/10\/Interactive-dog-with-bone-responds-to-touch-176085.jpg\",\"contentUrl\":\"https:\/\/monti.lt\/wp-content\/uploads\/2025\/10\/Interactive-dog-with-bone-responds-to-touch-176085.jpg\",\"width\":1024,\"height\":1024,\"caption\":\"interaktyvus suo\"},{\"@type\":\"BreadcrumbList\",\"@id\":\"https:\/\/monti.lt\/product\/interaktyvus-suo\/#breadcrumb\",\"itemListElement\":[{\"@type\":\"ListItem\",\"position\":1,\"name\":\"Home\",\"item\":\"https:\/\/monti.lt\/\"},{\"@type\":\"ListItem\",\"position\":2,\"name\":\"Parduotuv\u0117\",\"item\":\"https:\/\/monti.lt\/shop\/\"},{\"@type\":\"ListItem\",\"position\":3,\"name\":\"Interaktyvus \u0161uo\"}]},{\"@type\":\"WebSite\",\"@id\":\"https:\/\/monti.lt\/#website\",\"url\":\"https:\/\/monti.lt\/\",\"name\":\"Montessori \u017eaislai\",\"description\":\"\",\"publisher\":{\"@id\":\"https:\/\/monti.lt\/#organization\"},\"potentialAction\":[{\"@type\":\"SearchAction\",\"target\":{\"@type\":\"EntryPoint\",\"urlTemplate\":\"https:\/\/monti.lt\/?s={search_term_string}\"},\"query-input\":\"required name=search_term_string\"}],\"inLanguage\":\"en-US\"},{\"@type\":\"Organization\",\"@id\":\"https:\/\/monti.lt\/#organization\",\"name\":\"Montessori \u017eaislai\",\"url\":\"https:\/\/monti.lt\/\",\"logo\":{\"@type\":\"ImageObject\",\"inLanguage\":\"en-US\",\"@id\":\"https:\/\/monti.lt\/#\/schema\/logo\/image\/\",\"url\":\"https:\/\/monti.lt\/wp-content\/uploads\/2022\/03\/montilogo-1.png\",\"contentUrl\":\"https:\/\/monti.lt\/wp-content\/uploads\/2022\/03\/montilogo-1.png\",\"width\":512,\"height\":512,\"caption\":\"Montessori \u017eaislai\"},\"image\":{\"@id\":\"https:\/\/monti.lt\/#\/schema\/logo\/image\/\"}}]}<\/script>\n<!-- \/ Yoast SEO plugin. -->","yoast_head_json":{"title":"Interaktyvus \u0161uo - Montessori \u017eaislai","robots":{"index":"index","follow":"follow","max-snippet":"max-snippet:-1","max-image-preview":"max-image-preview:large","max-video-preview":"max-video-preview:-1"},"canonical":"https:\/\/monti.lt\/en\/product\/interaktyvus-suo\/","og_locale":"en_US","og_type":"article","og_title":"Interaktyvus \u0161uo - Montessori \u017eaislai","og_description":"INTERAKTYVUS \u0160UNS SU KAULU REAGUOJA \u012e LIETIM\u0104 Mason \u2013 interaktyvus \u0161uns su kaulu Vaik\u0161tantis \u0161uns, kuris kalba ir dainuoja, bus smagus ma\u017eylio \u017eaidim\u0173 draugas. Jis veikia su AA baterijomis; kai j\u012f \u012fjungiame, jis i\u0161 karto prisistato mums, skatindamas jud\u0117ti ir bendrauti. \u017daisdamas su \u0161unimi vaikas mokosi paprast\u0173 angl\u0173 kalbos \u017eod\u017ei\u0173, be to, tai skatina vaiko [&hellip;]","og_url":"https:\/\/monti.lt\/en\/product\/interaktyvus-suo\/","og_site_name":"Montessori \u017eaislai","article_modified_time":"2026-03-01T12:24:04+00:00","og_image":[{"width":1024,"height":1024,"url":"https:\/\/monti.lt\/wp-content\/uploads\/2025\/10\/Interactive-dog-with-bone-responds-to-touch-176085.jpg","type":"image\/jpeg"}],"twitter_card":"summary_large_image","twitter_misc":{"Est. reading time":"3 minutes"},"schema":{"@context":"https:\/\/schema.org","@graph":[{"@type":"WebPage","@id":"https:\/\/monti.lt\/product\/interaktyvus-suo\/","url":"https:\/\/monti.lt\/product\/interaktyvus-suo\/","name":"Interaktyvus \u0161uo - Montessori \u017eaislai","isPartOf":{"@id":"https:\/\/monti.lt\/#website"},"primaryImageOfPage":{"@id":"https:\/\/monti.lt\/product\/interaktyvus-suo\/#primaryimage"},"image":{"@id":"https:\/\/monti.lt\/product\/interaktyvus-suo\/#primaryimage"},"thumbnailUrl":"https:\/\/monti.lt\/wp-content\/uploads\/2025\/10\/Interactive-dog-with-bone-responds-to-touch-176085.jpg","datePublished":"2025-10-09T09:28:17+00:00","dateModified":"2026-03-01T12:24:04+00:00","breadcrumb":{"@id":"https:\/\/monti.lt\/product\/interaktyvus-suo\/#breadcrumb"},"inLanguage":"en-US","potentialAction":[{"@type":"ReadAction","target":["https:\/\/monti.lt\/product\/interaktyvus-suo\/"]}]},{"@type":"ImageObject","inLanguage":"en-US","@id":"https:\/\/monti.lt\/product\/interaktyvus-suo\/#primaryimage","url":"https:\/\/monti.lt\/wp-content\/uploads\/2025\/10\/Interactive-dog-with-bone-responds-to-touch-176085.jpg","contentUrl":"https:\/\/monti.lt\/wp-content\/uploads\/2025\/10\/Interactive-dog-with-bone-responds-to-touch-176085.jpg","width":1024,"height":1024,"caption":"interaktyvus suo"},{"@type":"BreadcrumbList","@id":"https:\/\/monti.lt\/product\/interaktyvus-suo\/#breadcrumb","itemListElement":[{"@type":"ListItem","position":1,"name":"Home","item":"https:\/\/monti.lt\/"},{"@type":"ListItem","position":2,"name":"Parduotuv\u0117","item":"https:\/\/monti.lt\/shop\/"},{"@type":"ListItem","position":3,"name":"Interaktyvus \u0161uo"}]},{"@type":"WebSite","@id":"https:\/\/monti.lt\/#website","url":"https:\/\/monti.lt\/","name":"Montessori \u017eaislai","description":"","publisher":{"@id":"https:\/\/monti.lt\/#organization"},"potentialAction":[{"@type":"SearchAction","target":{"@type":"EntryPoint","urlTemplate":"https:\/\/monti.lt\/?s={search_term_string}"},"query-input":"required name=search_term_string"}],"inLanguage":"en-US"},{"@type":"Organization","@id":"https:\/\/monti.lt\/#organization","name":"Montessori \u017eaislai","url":"https:\/\/monti.lt\/","logo":{"@type":"ImageObject","inLanguage":"en-US","@id":"https:\/\/monti.lt\/#\/schema\/logo\/image\/","url":"https:\/\/monti.lt\/wp-content\/uploads\/2022\/03\/montilogo-1.png","contentUrl":"https:\/\/monti.lt\/wp-content\/uploads\/2022\/03\/montilogo-1.png","width":512,"height":512,"caption":"Montessori \u017eaislai"},"image":{"@id":"https:\/\/monti.lt\/#\/schema\/logo\/image\/"}}]}},"_links":{"self":[{"href":"https:\/\/monti.lt\/en\/wp-json\/wp\/v2\/product\/33963"}],"collection":[{"href":"https:\/\/monti.lt\/en\/wp-json\/wp\/v2\/product"}],"about":[{"href":"https:\/\/monti.lt\/en\/wp-json\/wp\/v2\/types\/product"}],"version-history":[{"count":1,"href":"https:\/\/monti.lt\/en\/wp-json\/wp\/v2\/product\/33963\/revisions"}],"predecessor-version":[{"id":33976,"href":"https:\/\/monti.lt\/en\/wp-json\/wp\/v2\/product\/33963\/revisions\/33976"}],"wp:featuredmedia":[{"embeddable":true,"href":"https:\/\/monti.lt\/en\/wp-json\/wp\/v2\/media\/33964"}],"wp:attachment":[{"href":"https:\/\/monti.lt\/en\/wp-json\/wp\/v2\/media?parent=33963"}],"wp:term":[{"taxonomy":"product_cat","embeddable":true,"href":"https:\/\/monti.lt\/en\/wp-json\/wp\/v2\/product_cat?post=33963"},{"taxonomy":"product_tag","embeddable":true,"href":"https:\/\/monti.lt\/en\/wp-json\/wp\/v2\/product_tag?post=33963"}],"curies":[{"name":"wp","href":"https:\/\/api.w.org\/{rel}","templated":true}]}}