{"id":34083,"date":"2025-10-14T06:32:51","date_gmt":"2025-10-14T06:32:51","guid":{"rendered":"https:\/\/monti.lt\/?post_type=product&#038;p=34083"},"modified":"2026-02-03T11:29:44","modified_gmt":"2026-02-03T11:29:44","slug":"woopie-magnetine-delione-43-el","status":"publish","type":"product","link":"https:\/\/monti.lt\/en\/product\/woopie-magnetine-delione-43-el\/","title":{"rendered":"woopie magnetine delione, 43 el."},"content":{"rendered":"<p>Magi\u0161ki, skaidr\u016bs \u201e&nbsp;<strong>Woopie<\/strong>&nbsp;\u201c magnetiniai kalad\u0117l\u0117s nukelia vaikus \u012f spalv\u0173, \u0161viesos ir judesio kupin\u0105 konstravimo pasaul\u012f \u2013 nuo \u200b\u200bsmagi\u0173 transporto priemoni\u0173 ir gyv\u016bn\u0173 iki i\u0161rading\u0173 konstrukcij\u0173 ir arkini\u0173 b\u0117gi\u0173, kurie patys surenkami pasl\u0117pt\u0173 magnet\u0173 ir lengv\u0173, glotni\u0173 detali\u0173, patogi\u0173 ma\u017eoms rankyt\u0117ms.<\/p>\n\n\n\n<p><strong>B\u016bdingas:<\/strong><\/p>\n\n\n\n<ul class=\"wp-block-list\">\n<li>&#8211; Vaikams nuo\u00a0<strong>3 met\u0173<\/strong>\u00a0am\u017eiaus<\/li>\n\n\n\n<li>&#8211; Pagaminta i\u0161 auk\u0161tos kokyb\u0117s med\u017eiag\u0173<\/li>\n\n\n\n<li>&#8211; Skaidr\u016bs elementai intensyviose spalvose, gra\u017eiai praleid\u017eiantys \u0161vies\u0105.<\/li>\n\n\n\n<li>&#8211; Stipr\u016bs magnetai u\u017etikrina stabil\u0173 sujungim\u0105 ir greit\u0105 net auk\u0161tesni\u0173 konstrukcij\u0173 statyb\u0105 be joki\u0173 problem\u0173.<\/li>\n\n\n\n<li>&#8211; Saug\u016bs, lyg\u016bs kra\u0161tai<\/li>\n\n\n\n<li>&#8211; Universalios formos: kvadratai, sta\u010diakampiai, trikampiai ir arkos leid\u017eia kurti neribotas strukt\u016bras<\/li>\n<\/ul>\n\n\n\n<p><strong>\u017daislas vystosi:<\/strong><\/p>\n\n\n\n<ul class=\"wp-block-list\">\n<li>&#8211; Vaizduot\u0117<\/li>\n\n\n\n<li>&#8211; K\u016brybi\u0161kumas<\/li>\n\n\n\n<li>&#8211; Logika<\/li>\n\n\n\n<li>&#8211; Motoriniai \u012fg\u016bd\u017eiai<\/li>\n<\/ul>","protected":false},"excerpt":{"rendered":"<p>Magi\u0161ki, skaidr\u016bs \u201e&nbsp;Woopie&nbsp;\u201c magnetiniai kalad\u0117l\u0117s nukelia vaikus \u012f spalv\u0173, \u0161viesos ir judesio kupin\u0105 konstravimo pasaul\u012f \u2013 nuo \u200b\u200bsmagi\u0173 transporto priemoni\u0173 ir gyv\u016bn\u0173 iki i\u0161rading\u0173 konstrukcij\u0173 ir arkini\u0173 b\u0117gi\u0173, kurie patys surenkami pasl\u0117pt\u0173 magnet\u0173 ir lengv\u0173, glotni\u0173 detali\u0173, patogi\u0173 ma\u017eoms rankyt\u0117ms. B\u016bdingas: \u017daislas vystosi:<\/p>","protected":false},"featured_media":34084,"template":"","meta":{"_acf_changed":false,"iawp_total_views":176},"product_cat":[92,216,191,87,84,242,86,202,49,249,39],"product_tag":[97,98,99],"class_list":{"0":"post-34083","1":"product","2":"type-product","3":"status-publish","4":"has-post-thumbnail","6":"product_cat-deliones","7":"product_cat-dovanos-4-5-metu-vaikams","8":"product_cat-dovanos-vaikams","9":"product_cat-kurybiniai-rinkiniai","10":"product_cat-lavinamieji-zaislai","11":"product_cat-pagal-gamintoja","12":"product_cat-smulkioji-motorika","13":"product_cat-vaaikiski-konstruktoriai","14":"product_cat-visi-zaislai","15":"product_cat-woppie","16":"product_cat-zaislai","17":"product_tag-3-m-4-m","18":"product_tag-5-m-7-m","19":"product_tag-8-m-11-m","21":"first","22":"instock","23":"sale","24":"taxable","25":"shipping-taxable","26":"purchasable","27":"product-type-simple"},"acf":[],"yoast_head":"<!-- This site is optimized with the Yoast SEO plugin v23.3 - https:\/\/yoast.com\/wordpress\/plugins\/seo\/ -->\n<title>woopie magnetine delione, 43 el. - Montessori \u017eaislai<\/title>\n<meta name=\"robots\" content=\"index, follow, max-snippet:-1, max-image-preview:large, max-video-preview:-1\" \/>\n<link rel=\"canonical\" href=\"https:\/\/monti.lt\/en\/product\/woopie-magnetine-delione-43-el\/\" \/>\n<meta property=\"og:locale\" content=\"en_US\" \/>\n<meta property=\"og:type\" content=\"article\" \/>\n<meta property=\"og:title\" content=\"woopie magnetine delione, 43 el. - Montessori \u017eaislai\" \/>\n<meta property=\"og:description\" content=\"Magi\u0161ki, skaidr\u016bs \u201e&nbsp;Woopie&nbsp;\u201c magnetiniai kalad\u0117l\u0117s nukelia vaikus \u012f spalv\u0173, \u0161viesos ir judesio kupin\u0105 konstravimo pasaul\u012f \u2013 nuo \u200b\u200bsmagi\u0173 transporto priemoni\u0173 ir gyv\u016bn\u0173 iki i\u0161rading\u0173 konstrukcij\u0173 ir arkini\u0173 b\u0117gi\u0173, kurie patys surenkami pasl\u0117pt\u0173 magnet\u0173 ir lengv\u0173, glotni\u0173 detali\u0173, patogi\u0173 ma\u017eoms rankyt\u0117ms. B\u016bdingas: \u017daislas vystosi:\" \/>\n<meta property=\"og:url\" content=\"https:\/\/monti.lt\/en\/product\/woopie-magnetine-delione-43-el\/\" \/>\n<meta property=\"og:site_name\" content=\"Montessori \u017eaislai\" \/>\n<meta property=\"article:modified_time\" content=\"2026-02-03T11:29:44+00:00\" \/>\n<meta property=\"og:image\" content=\"https:\/\/monti.lt\/wp-content\/uploads\/2025\/10\/woopie-przezroczyste-magnetyczne-klocki-konstrukcyjne-43-el.jpg\" \/>\n\t<meta property=\"og:image:width\" content=\"800\" \/>\n\t<meta property=\"og:image:height\" content=\"800\" \/>\n\t<meta property=\"og:image:type\" content=\"image\/jpeg\" \/>\n<meta name=\"twitter:card\" content=\"summary_large_image\" \/>\n<meta name=\"twitter:label1\" content=\"Est. reading time\" \/>\n\t<meta name=\"twitter:data1\" content=\"1 minute\" \/>\n<script type=\"application\/ld+json\" class=\"yoast-schema-graph\">{\"@context\":\"https:\/\/schema.org\",\"@graph\":[{\"@type\":\"WebPage\",\"@id\":\"https:\/\/monti.lt\/product\/woopie-magnetine-delione-43-el\/\",\"url\":\"https:\/\/monti.lt\/product\/woopie-magnetine-delione-43-el\/\",\"name\":\"woopie magnetine delione, 43 el. - Montessori \u017eaislai\",\"isPartOf\":{\"@id\":\"https:\/\/monti.lt\/#website\"},\"primaryImageOfPage\":{\"@id\":\"https:\/\/monti.lt\/product\/woopie-magnetine-delione-43-el\/#primaryimage\"},\"image\":{\"@id\":\"https:\/\/monti.lt\/product\/woopie-magnetine-delione-43-el\/#primaryimage\"},\"thumbnailUrl\":\"https:\/\/monti.lt\/wp-content\/uploads\/2025\/10\/woopie-przezroczyste-magnetyczne-klocki-konstrukcyjne-43-el.jpg\",\"datePublished\":\"2025-10-14T06:32:51+00:00\",\"dateModified\":\"2026-02-03T11:29:44+00:00\",\"breadcrumb\":{\"@id\":\"https:\/\/monti.lt\/product\/woopie-magnetine-delione-43-el\/#breadcrumb\"},\"inLanguage\":\"en-US\",\"potentialAction\":[{\"@type\":\"ReadAction\",\"target\":[\"https:\/\/monti.lt\/product\/woopie-magnetine-delione-43-el\/\"]}]},{\"@type\":\"ImageObject\",\"inLanguage\":\"en-US\",\"@id\":\"https:\/\/monti.lt\/product\/woopie-magnetine-delione-43-el\/#primaryimage\",\"url\":\"https:\/\/monti.lt\/wp-content\/uploads\/2025\/10\/woopie-przezroczyste-magnetyczne-klocki-konstrukcyjne-43-el.jpg\",\"contentUrl\":\"https:\/\/monti.lt\/wp-content\/uploads\/2025\/10\/woopie-przezroczyste-magnetyczne-klocki-konstrukcyjne-43-el.jpg\",\"width\":800,\"height\":800,\"caption\":\"woopie magnetine delione\"},{\"@type\":\"BreadcrumbList\",\"@id\":\"https:\/\/monti.lt\/product\/woopie-magnetine-delione-43-el\/#breadcrumb\",\"itemListElement\":[{\"@type\":\"ListItem\",\"position\":1,\"name\":\"Home\",\"item\":\"https:\/\/monti.lt\/\"},{\"@type\":\"ListItem\",\"position\":2,\"name\":\"Parduotuv\u0117\",\"item\":\"https:\/\/monti.lt\/shop\/\"},{\"@type\":\"ListItem\",\"position\":3,\"name\":\"woopie magnetine delione, 43 el.\"}]},{\"@type\":\"WebSite\",\"@id\":\"https:\/\/monti.lt\/#website\",\"url\":\"https:\/\/monti.lt\/\",\"name\":\"Montessori \u017eaislai\",\"description\":\"\",\"publisher\":{\"@id\":\"https:\/\/monti.lt\/#organization\"},\"potentialAction\":[{\"@type\":\"SearchAction\",\"target\":{\"@type\":\"EntryPoint\",\"urlTemplate\":\"https:\/\/monti.lt\/?s={search_term_string}\"},\"query-input\":\"required name=search_term_string\"}],\"inLanguage\":\"en-US\"},{\"@type\":\"Organization\",\"@id\":\"https:\/\/monti.lt\/#organization\",\"name\":\"Montessori \u017eaislai\",\"url\":\"https:\/\/monti.lt\/\",\"logo\":{\"@type\":\"ImageObject\",\"inLanguage\":\"en-US\",\"@id\":\"https:\/\/monti.lt\/#\/schema\/logo\/image\/\",\"url\":\"https:\/\/monti.lt\/wp-content\/uploads\/2022\/03\/montilogo-1.png\",\"contentUrl\":\"https:\/\/monti.lt\/wp-content\/uploads\/2022\/03\/montilogo-1.png\",\"width\":512,\"height\":512,\"caption\":\"Montessori \u017eaislai\"},\"image\":{\"@id\":\"https:\/\/monti.lt\/#\/schema\/logo\/image\/\"}}]}<\/script>\n<!-- \/ Yoast SEO plugin. -->","yoast_head_json":{"title":"woopie magnetine delione, 43 el. - Montessori \u017eaislai","robots":{"index":"index","follow":"follow","max-snippet":"max-snippet:-1","max-image-preview":"max-image-preview:large","max-video-preview":"max-video-preview:-1"},"canonical":"https:\/\/monti.lt\/en\/product\/woopie-magnetine-delione-43-el\/","og_locale":"en_US","og_type":"article","og_title":"woopie magnetine delione, 43 el. - Montessori \u017eaislai","og_description":"Magi\u0161ki, skaidr\u016bs \u201e&nbsp;Woopie&nbsp;\u201c magnetiniai kalad\u0117l\u0117s nukelia vaikus \u012f spalv\u0173, \u0161viesos ir judesio kupin\u0105 konstravimo pasaul\u012f \u2013 nuo \u200b\u200bsmagi\u0173 transporto priemoni\u0173 ir gyv\u016bn\u0173 iki i\u0161rading\u0173 konstrukcij\u0173 ir arkini\u0173 b\u0117gi\u0173, kurie patys surenkami pasl\u0117pt\u0173 magnet\u0173 ir lengv\u0173, glotni\u0173 detali\u0173, patogi\u0173 ma\u017eoms rankyt\u0117ms. B\u016bdingas: \u017daislas vystosi:","og_url":"https:\/\/monti.lt\/en\/product\/woopie-magnetine-delione-43-el\/","og_site_name":"Montessori \u017eaislai","article_modified_time":"2026-02-03T11:29:44+00:00","og_image":[{"width":800,"height":800,"url":"https:\/\/monti.lt\/wp-content\/uploads\/2025\/10\/woopie-przezroczyste-magnetyczne-klocki-konstrukcyjne-43-el.jpg","type":"image\/jpeg"}],"twitter_card":"summary_large_image","twitter_misc":{"Est. reading time":"1 minute"},"schema":{"@context":"https:\/\/schema.org","@graph":[{"@type":"WebPage","@id":"https:\/\/monti.lt\/product\/woopie-magnetine-delione-43-el\/","url":"https:\/\/monti.lt\/product\/woopie-magnetine-delione-43-el\/","name":"woopie magnetine delione, 43 el. - Montessori \u017eaislai","isPartOf":{"@id":"https:\/\/monti.lt\/#website"},"primaryImageOfPage":{"@id":"https:\/\/monti.lt\/product\/woopie-magnetine-delione-43-el\/#primaryimage"},"image":{"@id":"https:\/\/monti.lt\/product\/woopie-magnetine-delione-43-el\/#primaryimage"},"thumbnailUrl":"https:\/\/monti.lt\/wp-content\/uploads\/2025\/10\/woopie-przezroczyste-magnetyczne-klocki-konstrukcyjne-43-el.jpg","datePublished":"2025-10-14T06:32:51+00:00","dateModified":"2026-02-03T11:29:44+00:00","breadcrumb":{"@id":"https:\/\/monti.lt\/product\/woopie-magnetine-delione-43-el\/#breadcrumb"},"inLanguage":"en-US","potentialAction":[{"@type":"ReadAction","target":["https:\/\/monti.lt\/product\/woopie-magnetine-delione-43-el\/"]}]},{"@type":"ImageObject","inLanguage":"en-US","@id":"https:\/\/monti.lt\/product\/woopie-magnetine-delione-43-el\/#primaryimage","url":"https:\/\/monti.lt\/wp-content\/uploads\/2025\/10\/woopie-przezroczyste-magnetyczne-klocki-konstrukcyjne-43-el.jpg","contentUrl":"https:\/\/monti.lt\/wp-content\/uploads\/2025\/10\/woopie-przezroczyste-magnetyczne-klocki-konstrukcyjne-43-el.jpg","width":800,"height":800,"caption":"woopie magnetine delione"},{"@type":"BreadcrumbList","@id":"https:\/\/monti.lt\/product\/woopie-magnetine-delione-43-el\/#breadcrumb","itemListElement":[{"@type":"ListItem","position":1,"name":"Home","item":"https:\/\/monti.lt\/"},{"@type":"ListItem","position":2,"name":"Parduotuv\u0117","item":"https:\/\/monti.lt\/shop\/"},{"@type":"ListItem","position":3,"name":"woopie magnetine delione, 43 el."}]},{"@type":"WebSite","@id":"https:\/\/monti.lt\/#website","url":"https:\/\/monti.lt\/","name":"Montessori \u017eaislai","description":"","publisher":{"@id":"https:\/\/monti.lt\/#organization"},"potentialAction":[{"@type":"SearchAction","target":{"@type":"EntryPoint","urlTemplate":"https:\/\/monti.lt\/?s={search_term_string}"},"query-input":"required name=search_term_string"}],"inLanguage":"en-US"},{"@type":"Organization","@id":"https:\/\/monti.lt\/#organization","name":"Montessori \u017eaislai","url":"https:\/\/monti.lt\/","logo":{"@type":"ImageObject","inLanguage":"en-US","@id":"https:\/\/monti.lt\/#\/schema\/logo\/image\/","url":"https:\/\/monti.lt\/wp-content\/uploads\/2022\/03\/montilogo-1.png","contentUrl":"https:\/\/monti.lt\/wp-content\/uploads\/2022\/03\/montilogo-1.png","width":512,"height":512,"caption":"Montessori \u017eaislai"},"image":{"@id":"https:\/\/monti.lt\/#\/schema\/logo\/image\/"}}]}},"_links":{"self":[{"href":"https:\/\/monti.lt\/en\/wp-json\/wp\/v2\/product\/34083"}],"collection":[{"href":"https:\/\/monti.lt\/en\/wp-json\/wp\/v2\/product"}],"about":[{"href":"https:\/\/monti.lt\/en\/wp-json\/wp\/v2\/types\/product"}],"version-history":[{"count":1,"href":"https:\/\/monti.lt\/en\/wp-json\/wp\/v2\/product\/34083\/revisions"}],"predecessor-version":[{"id":34086,"href":"https:\/\/monti.lt\/en\/wp-json\/wp\/v2\/product\/34083\/revisions\/34086"}],"wp:featuredmedia":[{"embeddable":true,"href":"https:\/\/monti.lt\/en\/wp-json\/wp\/v2\/media\/34084"}],"wp:attachment":[{"href":"https:\/\/monti.lt\/en\/wp-json\/wp\/v2\/media?parent=34083"}],"wp:term":[{"taxonomy":"product_cat","embeddable":true,"href":"https:\/\/monti.lt\/en\/wp-json\/wp\/v2\/product_cat?post=34083"},{"taxonomy":"product_tag","embeddable":true,"href":"https:\/\/monti.lt\/en\/wp-json\/wp\/v2\/product_tag?post=34083"}],"curies":[{"name":"wp","href":"https:\/\/api.w.org\/{rel}","templated":true}]}}